{"id":669,"date":"2025-05-24T14:22:12","date_gmt":"2025-05-24T06:22:12","guid":{"rendered":"http:\/\/111.170.148.214:8095\/?post_type=product&#038;p=669"},"modified":"2025-09-12T14:18:36","modified_gmt":"2025-09-12T06:18:36","slug":"machine-de-decoupe-laser-a-commande-numerique","status":"publish","type":"product","link":"https:\/\/www.weldmc.com\/fr\/product\/machine-de-decoupe-laser-a-commande-numerique\/","title":{"rendered":"Machine de d\u00e9coupe laser CNC"},"content":{"rendered":"<h3><strong>Principe de fonctionnement<\/strong><\/h3>\n<p class=\"ds-markdown-paragraph\">La machine de d\u00e9coupe laser \u00e0 fibre CNC utilise la technologie avanc\u00e9e du laser \u00e0 fibre pour fournir une d\u00e9coupe du m\u00e9tal de haute pr\u00e9cision et de grande efficacit\u00e9. Le g\u00e9n\u00e9rateur laser produit un faisceau laser \u00e0 haute \u00e9nergie, qui est transmis par un c\u00e2ble \u00e0 fibre optique \u00e0 la t\u00eate de d\u00e9coupe. Le groupe de lentilles de focalisation de pr\u00e9cision concentre le faisceau laser en un point focal de l'ordre du micron (environ 0,1 mm de diam\u00e8tre), g\u00e9n\u00e9rant une temp\u00e9rature instantan\u00e9e sup\u00e9rieure \u00e0 10 000\u2103. Cette chaleur extr\u00eame entra\u00eene la vaporisation instantan\u00e9e du mat\u00e9riau, tandis qu'un gaz auxiliaire \u00e0 haute pression (O\u2082\/N\u2082) souffle les r\u00e9sidus fondus, garantissant des coupes propres et lisses. Un syst\u00e8me de d\u00e9poussi\u00e9rage int\u00e9gr\u00e9 \u00e9limine efficacement les d\u00e9bris de coupe en temps r\u00e9el, ce qui permet de maintenir un environnement de travail propre et de prolonger la dur\u00e9e de vie de la machine.<\/p>\n<h3><strong>Configuration de base<\/strong><\/h3>\n<h4><strong>1. Syst\u00e8me laser<\/strong><\/h4>\n<ul>\n<li>\n<p class=\"ds-markdown-paragraph\">Source laser \u00e0 fibre : \u00c9quip\u00e9 d'un laser \u00e0 fibre puls\u00e9 Wuhan Ruike de 500 W (laser haute puissance de 1000 W en option pour les mat\u00e9riaux plus \u00e9pais).<\/p>\n<\/li>\n<li>\n<p class=\"ds-markdown-paragraph\">Longueur d'onde du laser : 1070nm, assurant une absorption optimale par les mat\u00e9riaux m\u00e9talliques.<\/p>\n<\/li>\n<li>\n<p class=\"ds-markdown-paragraph\">Efficacit\u00e9 de la conversion photo\u00e9lectrique : Plus de 30%, r\u00e9duisant la consommation d'\u00e9nergie et les co\u00fbts d'exploitation.<\/p>\n<\/li>\n<li>\n<p class=\"ds-markdown-paragraph\">Contr\u00f4le de la qualit\u00e9 du faisceau : Comprend un analyseur de qualit\u00e9 de faisceau de haute pr\u00e9cision (import\u00e9 du Royaume-Uni) pour des performances de coupe constantes.<\/p>\n<\/li>\n<\/ul>\n<h4><strong>2. Syst\u00e8me de transmission<\/strong><\/h4>\n<ul>\n<li>\n<p class=\"ds-markdown-paragraph\">Rails de guidage lin\u00e9aire : Rails en argent \u00e0 haute rigidit\u00e9 HIWIN de Ta\u00efwan (20 mm), assurant un mouvement souple et stable.<\/p>\n<\/li>\n<li>\n<p class=\"ds-markdown-paragraph\">Servomoteurs : Servomoteurs Panasonic d'origine (axe X : 1000W, axe Y : 3000W) pour des mouvements \u00e0 grande vitesse et \u00e0 couple \u00e9lev\u00e9.<\/p>\n<\/li>\n<li>\n<p class=\"ds-markdown-paragraph\">Vis \u00e0 billes : Vis \u00e0 billes de pr\u00e9cision de classe C3 (32 mm de diam\u00e8tre), minimisant le jeu et am\u00e9liorant la pr\u00e9cision du positionnement.<\/p>\n<\/li>\n<\/ul>\n<h4><strong>3. Syst\u00e8me de contr\u00f4le<\/strong><\/h4>\n<ul>\n<li>\n<p class=\"ds-markdown-paragraph\">Contr\u00f4le des mouvements : Carte allemande Befo de contr\u00f4le des mouvements multi-axes, assurant une ex\u00e9cution ultra-pr\u00e9cise de la trajectoire de coupe.<\/p>\n<\/li>\n<li>\n<p class=\"ds-markdown-paragraph\">Compatibilit\u00e9 avec les logiciels : Prend en charge les formats de fichiers DXF\/DWG\/AI pour une int\u00e9gration CAO\/FAO transparente.<\/p>\n<\/li>\n<li>\n<p class=\"ds-markdown-paragraph\">Base de donn\u00e9es des param\u00e8tres de coupe : R\u00e9glage en temps r\u00e9el de la puissance du laser, de la vitesse de coupe et de la pression du gaz pour optimiser les performances sur diff\u00e9rents mat\u00e9riaux.<\/p>\n<\/li>\n<\/ul>\n<h3><strong>Principaux avantages<\/strong><\/h3>\n<ul>\n<li>\n<p class=\"ds-markdown-paragraph\">D\u00e9coupe \u00e0 grande vitesse : La technologie optimis\u00e9e du laser \u00e0 fibre permet un traitement rapide de l'acier inoxydable, de l'acier au carbone, de l'aluminium et du cuivre.<\/p>\n<\/li>\n<li>\n<p class=\"ds-markdown-paragraph\">Fonctionnement \u00e9conome en \u00e9nergie : L'efficacit\u00e9 de la conversion photo\u00e9lectrique 30%+ r\u00e9duit la consommation d'\u00e9nergie.<\/p>\n<\/li>\n<li>\n<p class=\"ds-markdown-paragraph\">Peu d'entretien : Les syst\u00e8mes de d\u00e9coupe au laser \u00e0 fibre n\u00e9cessitent un entretien minimal par rapport aux lasers CO\u2082.<\/p>\n<\/li>\n<li>\n<p class=\"ds-markdown-paragraph\">D\u00e9poussi\u00e9rage automatis\u00e9 : Le syst\u00e8me d'extraction int\u00e9gr\u00e9 garantit un espace de travail propre et prolonge la dur\u00e9e de vie de la machine.<\/p>\n<\/li>\n<\/ul>\n<p class=\"ds-markdown-paragraph\">Cette machine de d\u00e9coupe laser CNC est id\u00e9ale pour les industries n\u00e9cessitant une fabrication m\u00e9tallique de pr\u00e9cision, notamment l'automobile, l'a\u00e9rospatiale, l'\u00e9lectronique et le traitement des t\u00f4les. Gr\u00e2ce \u00e0 sa source laser \u00e0 fibre de haute puissance, \u00e0 son syst\u00e8me de transmission robuste et \u00e0 son logiciel de contr\u00f4le intelligent, elle offre une pr\u00e9cision, une efficacit\u00e9 et une fiabilit\u00e9 de coupe sup\u00e9rieures.<\/p>\n<p><strong>T<\/strong><strong>Param\u00e8tres techniques<\/strong><\/p>\n<table>\n<tbody>\n<tr>\n<td width=\"200\"><strong><b>P<\/b><\/strong><strong><b>projet<\/b><\/strong><\/td>\n<td width=\"162\"><strong><b>S<\/b><\/strong><strong><b>p\u00e9cisions<\/b><\/strong><\/td>\n<td width=\"250\"><strong><b>S<\/b><\/strong><strong><b>sup\u00e9riorit\u00e9<\/b><\/strong><\/td>\n<\/tr>\n<tr>\n<td width=\"200\">Largeur de travail<\/td>\n<td width=\"162\">1500\u00d73000mm<\/td>\n<td width=\"250\">Prise en charge de la personnalisation 2000\u00d74000mm<\/td>\n<\/tr>\n<tr>\n<td width=\"200\">Pr\u00e9cision du positionnement<\/td>\n<td width=\"162\">\u00b10,02 mm<\/td>\n<td width=\"250\">\u00c9talonnage de l'interf\u00e9rom\u00e8tre laser<\/td>\n<\/tr>\n<tr>\n<td width=\"200\">Pr\u00e9cision de coupe<\/td>\n<td width=\"162\">\u2264\u00b10.08mm<\/td>\n<td width=\"250\">Sup\u00e9rieure aux normes industrielles<\/td>\n<\/tr>\n<tr>\n<td width=\"200\">R\u00e9p\u00e9tabilit\u00e9<\/td>\n<td width=\"162\">\u00b10,01mm<\/td>\n<td width=\"250\">Usinage de pr\u00e9cision satisfaisant<\/td>\n<\/tr>\n<tr>\n<td width=\"200\">Acc\u00e9l\u00e9ration maximale<\/td>\n<td width=\"162\">1.5G<\/td>\n<td width=\"250\">Raccourcir le temps d'inactivit\u00e9<\/td>\n<\/tr>\n<\/tbody>\n<\/table>\n<p><strong>Principaux \u00e9l\u00e9ments<\/strong><\/p>\n<table>\n<tbody>\n<tr>\n<td>Composant<\/td>\n<td>Br\u00e8ve introduction<\/td>\n<td>Info fabricant<\/td>\n<\/tr>\n<tr>\n<td>Dispositif laser<\/td>\n<td>Chine Wuhan Optical Valley Raycus 500W fiber laser<\/td>\n<td>Wuhan Raycus<\/td>\n<\/tr>\n<tr>\n<td>Syst\u00e8me optique<\/td>\n<td>Wuhan Raycus laser power<\/td>\n<td>Angleterre<\/td>\n<\/tr>\n<tr>\n<td>Puissance du laser<\/td>\n<td>Syst\u00e8me laser \u00e0 impulsions de 600 W<\/td>\n<td>Wuhan Raycus<\/td>\n<\/tr>\n<tr>\n<td>T\u00eate de coupe<\/td>\n<td>T\u00eate professionnelle de haute pr\u00e9cision<\/td>\n<td>ABK Technology<\/td>\n<\/tr>\n<tr>\n<td>Syst\u00e8me de refroidissement<\/td>\n<td>Protection contre la surchauffe, stabilit\u00e9 de la temp\u00e9rature\u00b10,5\u2103, protection de l'environnement, machine de refroidissement \u00e0 eau \u00e0 deux cycles, contr\u00f4le du tube d'\u00e9vaporation en alliage de titane, r\u00e9servoir de refroidissement 2P tout en un.<\/td>\n<td>ABK Technology<\/td>\n<\/tr>\n<tr>\n<td>Syst\u00e8me d'entra\u00eenement m\u00e9canique<\/td>\n<td>Vis \u00e0 billes de haute pr\u00e9cision ; Servomoteur Panasonic d'origine ; Rail de guidage HIWIN de Taiwan<\/td>\n<td>HIWIN, Ta\u00efwan<\/td>\n<\/tr>\n<tr>\n<td>Syst\u00e8me de suivi et de d\u00e9tection<\/td>\n<td>Autod\u00e9tection de haute pr\u00e9cision ; pr\u00e9cision \u00b10,1 mm<\/td>\n<td>ABK Technology<\/td>\n<\/tr>\n<tr>\n<td>Zone de travail<\/td>\n<td>1500\u00d73000mm<\/td>\n<td>Fabriqu\u00e9 en Chine<\/td>\n<\/tr>\n<tr>\n<td>Syst\u00e8me informatique<\/td>\n<td>IPC<\/td>\n<td>Fabriqu\u00e9 en Chine<\/td>\n<\/tr>\n<tr>\n<td>Unit\u00e9 servo de l'axe X<\/td>\n<td>1000W \u00e0 entra\u00eenement unique<\/td>\n<td>Panasonic<\/td>\n<\/tr>\n<tr>\n<td>Unit\u00e9 servo de l'axe Y<\/td>\n<td>3000W \u00e0 entra\u00eenement unique<\/td>\n<td>Panasonic<\/td>\n<\/tr>\n<tr>\n<td>Interrupteur de fin de course<\/td>\n<td>NPN<\/td>\n<td>Omron<\/td>\n<\/tr>\n<tr>\n<td>Logiciel de d\u00e9coupe<\/td>\n<td>V2.0<\/td>\n<td>ABK Technology<\/td>\n<\/tr>\n<tr>\n<td>Carte E\/S<\/td>\n<td>32 points<\/td>\n<td>Googol, Shenzhen<\/td>\n<\/tr>\n<tr>\n<td>Plate-forme de travail<\/td>\n<td>Type de portique<\/td>\n<td>ABK Technology<\/td>\n<\/tr>\n<\/tbody>\n<\/table>\n<p><strong>Principaux index de la machine de d\u00e9coupe laser QY-LCF500<\/strong><\/p>\n<table>\n<tbody>\n<tr>\n<td>Longueur d'onde du laser<\/td>\n<td>1070nm<\/td>\n<\/tr>\n<tr>\n<td>Puissance moyenne de la sortie laser maximale<\/td>\n<td>500W<\/td>\n<\/tr>\n<tr>\n<td>Fr\u00e9quence r\u00e9p\u00e9t\u00e9e du laser<\/td>\n<td>CW<\/td>\n<\/tr>\n<tr>\n<td>Instabilit\u00e9 de l'alimentation<\/td>\n<td>=&lt;2%<\/td>\n<\/tr>\n<tr>\n<td>Coupe en ligne minimale<\/td>\n<td>0,2 mm (pour les mat\u00e9riaux inf\u00e9rieurs \u00e0 0,4 mm)<\/td>\n<\/tr>\n<tr>\n<td>Vitesse de coupe maximale<\/td>\n<td>=&lt;15m\/min (en fonction des diff\u00e9rents mat\u00e9riaux)<\/td>\n<\/tr>\n<tr>\n<td>\u00c9paisseur de coupe maximale<\/td>\n<td>=&lt;5mm (acier au carbone) =&lt;4mm (acier inoxydable)<\/td>\n<\/tr>\n<tr>\n<td>Temps de fonctionnement continu<\/td>\n<td>&gt;=20 heures<\/td>\n<\/tr>\n<tr>\n<td>Largeur de coupe maximale<\/td>\n<td>3000mm*1500mm<\/td>\n<\/tr>\n<tr>\n<td>Pr\u00e9cision de la plate-forme de travail<\/td>\n<td>\u00b10,08 mm<\/td>\n<\/tr>\n<tr>\n<td>Pr\u00e9cision de la localisation des r\u00e9p\u00e9titions<\/td>\n<td>\u00b10,02 mm<\/td>\n<\/tr>\n<tr>\n<td>Alimentation \u00e9lectrique<\/td>\n<td>\u00c9change triphas\u00e9 \u00e0 cinq lignes 380V\u00b15%, 50Hz\u00b11%<\/td>\n<\/tr>\n<tr>\n<td>Logiciel<\/td>\n<td>S\u00e9lection de phase fournie<\/td>\n<\/tr>\n<tr>\n<td>Poids de la machine (estim\u00e9)<\/td>\n<td>4200kg<\/td>\n<\/tr>\n<\/tbody>\n<\/table>\n<p><strong>Indices de coupe de l'\u00e9quipement (Ces donn\u00e9es sont fournies \u00e0 titre indicatif. La vitesse peut varier en fonction des chiffres. Il convient de se baser sur les r\u00e9sultats des tests pratiques.)<\/strong><\/p>\n<table>\n<tbody>\n<tr>\n<td>Mat\u00e9riau<\/td>\n<td>\u00c9paisseur (mm)<\/td>\n<td>Vitesse (mm\/s)<\/td>\n<td>Gaz auxiliaire<\/td>\n<td>Remarque<\/td>\n<\/tr>\n<tr>\n<td>Acier inoxydable<\/td>\n<td>0.3<\/td>\n<td>240<\/td>\n<td>O2<\/td>\n<td>Limitation de la vitesse<\/td>\n<\/tr>\n<tr>\n<td>Acier inoxydable<\/td>\n<td>0.5<\/td>\n<td>200<\/td>\n<td>O2<\/td>\n<td>Limitation de la vitesse<\/td>\n<\/tr>\n<tr>\n<td>Acier inoxydable<\/td>\n<td>1<\/td>\n<td>180<\/td>\n<td>O2<\/td>\n<td>Limitation de la vitesse<\/td>\n<\/tr>\n<tr>\n<td>Acier inoxydable<\/td>\n<td>2<\/td>\n<td>110<\/td>\n<td>O2<\/td>\n<td>Limitation de la vitesse<\/td>\n<\/tr>\n<tr>\n<td>Acier inoxydable<\/td>\n<td>3<\/td>\n<td>45<\/td>\n<td>O2<\/td>\n<td>Limitation de la vitesse<\/td>\n<\/tr>\n<tr>\n<td>Acier inoxydable<\/td>\n<td>4<\/td>\n<td>24<\/td>\n<td>O2<\/td>\n<td>Limitation de la vitesse<\/td>\n<\/tr>\n<tr>\n<td>Acier inoxydable<\/td>\n<td>5<\/td>\n<td>20<\/td>\n<td>O2<\/td>\n<td>Limitation de la vitesse<\/td>\n<\/tr>\n<tr>\n<td>Acier inoxydable<\/td>\n<td>0.3<\/td>\n<td>150<\/td>\n<td>N2<\/td>\n<td>Limitation de la vitesse<\/td>\n<\/tr>\n<tr>\n<td>Acier inoxydable<\/td>\n<td>0.5<\/td>\n<td>130<\/td>\n<td>N2<\/td>\n<td>Limitation de la vitesse<\/td>\n<\/tr>\n<tr>\n<td>Acier inoxydable<\/td>\n<td>1<\/td>\n<td>100<\/td>\n<td>N2<\/td>\n<td>Limitation de la vitesse<\/td>\n<\/tr>\n<tr>\n<td>Acier inoxydable<\/td>\n<td>1.2<\/td>\n<td>90<\/td>\n<td>N2<\/td>\n<td>Limitation de la vitesse<\/td>\n<\/tr>\n<tr>\n<td>Acier inoxydable<\/td>\n<td>1.5<\/td>\n<td>60<\/td>\n<td>N2<\/td>\n<td>Limitation de la vitesse<\/td>\n<\/tr>\n<tr>\n<td>Acier inoxydable<\/td>\n<td>2<\/td>\n<td>40<\/td>\n<td>N2<\/td>\n<td>Limitation de la vitesse<\/td>\n<\/tr>\n<tr>\n<td>Acier inoxydable<\/td>\n<td>2.5<\/td>\n<td>12<\/td>\n<td>N2<\/td>\n<td>Limitation de la vitesse<\/td>\n<\/tr>\n<tr>\n<td>Acier au carbone<\/td>\n<td>1<\/td>\n<td>170<\/td>\n<td>O2<\/td>\n<td>Limitation de la vitesse<\/td>\n<\/tr>\n<tr>\n<td>Acier au carbone<\/td>\n<td>2<\/td>\n<td>80<\/td>\n<td>O2<\/td>\n<td>Limitation de la vitesse<\/td>\n<\/tr>\n<tr>\n<td>Acier au carbone<\/td>\n<td>3<\/td>\n<td>40<\/td>\n<td>O2<\/td>\n<td>Limitation de la vitesse<\/td>\n<\/tr>\n<tr>\n<td>Acier au carbone<\/td>\n<td>4<\/td>\n<td>20<\/td>\n<td>O2<\/td>\n<td>Limitation de la vitesse<\/td>\n<\/tr>\n<tr>\n<td>Acier au carbone<\/td>\n<td>5<\/td>\n<td>15<\/td>\n<td>O2<\/td>\n<td>Limitation de la vitesse<\/td>\n<\/tr>\n<tr>\n<td>Acier au carbone<\/td>\n<td>6<\/td>\n<td>10<\/td>\n<td>O2<\/td>\n<td>Limitation de la vitesse<\/td>\n<\/tr>\n<tr>\n<td>T\u00f4le d'aluminium<\/td>\n<td>1<\/td>\n<td>80<\/td>\n<td>O2<\/td>\n<td>Limitation de la vitesse<\/td>\n<\/tr>\n<\/tbody>\n<\/table>\n<p><strong>Accessoires et sp\u00e9cifications<\/strong><\/p>\n<table>\n<tbody>\n<tr>\n<td width=\"523\">Objet<\/td>\n<td>Quantit\u00e9<\/td>\n<td>Remarque<\/td>\n<\/tr>\n<tr>\n<td width=\"523\">Sp\u00e9cifications<\/td>\n<td>1 pi\u00e8ce<\/td>\n<td><\/td>\n<\/tr>\n<tr>\n<td width=\"523\">Lentille de protection<\/td>\n<td>5 pi\u00e8ces<\/td>\n<td>Gratuitement<\/td>\n<\/tr>\n<tr>\n<td width=\"523\">Buse de pulv\u00e9risation<\/td>\n<td>2 pi\u00e8ces<\/td>\n<td>Gratuitement<\/td>\n<\/tr>\n<tr>\n<td width=\"523\">Cl\u00e9 hexagonale int\u00e9rieure<\/td>\n<td>1 ensemble<\/td>\n<td>Gratuitement<\/td>\n<\/tr>\n<tr>\n<td width=\"523\">Papier \u00e0 polir professionnel<\/td>\n<td>1 pi\u00e8ce<\/td>\n<td>Gratuitement<\/td>\n<\/tr>\n<tr>\n<td width=\"523\">&nbsp;<\/p>\n<p><strong><b>Conditions de la transaction<\/b><\/strong><\/p>\n<p><b>1.\u00a0<\/b><strong><b>Description du prix<\/b><\/strong><\/p>\n<p>l Le devis du produit inclut la TVA 17% (une facture sp\u00e9ciale de TVA peut \u00eatre \u00e9mise).<\/p>\n<p>l EXW (conditions CIP\/DDP en option)<\/p>\n<p><b>2.\u00a0<\/b><strong><b>D<\/b><\/strong><strong><b>cycle de livraison<\/b><\/strong><\/p>\n<p>l Mod\u00e8le standard : livraison dans les 30 jours ouvrables suivant la signature du contrat.<\/p>\n<p>l Mod\u00e8le personnalis\u00e9 : 45-60 jours ouvrables (sous r\u00e9serve de confirmation du contrat)<\/p>\n<p><b>3.\u00a0<\/b><strong><b>P<\/b><\/strong><strong><b>types\/m\u00e9thodes de paiement<\/b><\/strong><\/p>\n<p>l 30% acompte (signature du contrat)<\/p>\n<p>l 50% de l'acompte (avant que l'\u00e9quipement ne quitte l'usine)<\/p>\n<p>l 20% du solde (apr\u00e8s acceptation)<\/p>\n<p><strong><b>Q<\/b><\/strong><strong><b>assurance qualit\u00e9 \uff08control\uff09 syst\u00e8me<\/b><\/strong><\/p>\n<p>\u25c7 <strong><b>Contr\u00f4le de la qualit\u00e9 de l'ensemble du processus<\/b><\/strong><\/p>\n<p>Mati\u00e8res premi\u00e8res : L'acier de haute qualit\u00e9 Baowu\/Shougang est adopt\u00e9.<\/p>\n<p>Processus de production : mise en \u0153uvre du syst\u00e8me de gestion de la qualit\u00e9 ISO9001.<\/p>\n<p>Inspection \u00e0 la sortie de l'usine : Essai de fonctionnement continu pendant 72 heures<\/p>\n<p>\u25c7 <strong><b>Clause de garantie<\/b><\/strong><\/p>\n<p>La garantie de l'ensemble de la machine est de 12 mois (24 mois pour le laser).<\/p>\n<p>Liste des pi\u00e8ces d'usure : lentilles de protection\/buses\/\u00e9l\u00e9ments filtrants, etc.<\/p>\n<p><strong><b>Syst\u00e8me de service \u00e0 cycle complet<\/b><\/strong><\/p>\n<p><b>1.\u00a0<\/b><strong><b>Support avant-vente<\/b><\/strong><\/p>\n<p>\u2713 <strong><b>Consultation technique gratuite<\/b><\/strong><\/p>\n<p>Fournir la conception du plan de traitement<\/p>\n<p>Service d'essai de coupe des mat\u00e9riaux (limit\u00e9 \u00e0 3 fois)<\/p>\n<p>Suggestions sur la planification de l'agencement de l'atelier<\/p>\n<p>\u2713 <strong><b>service \u00e0 valeur ajout\u00e9e<\/b><\/strong><\/p>\n<p>Soutien au logiciel de s\u00e9lection professionnelle<\/p>\n<p>Rapport d'analyse du retour sur investissement<\/p>\n<p>\u00c9valuation comparative d'\u00e9quipements similaires<\/p>\n<p><strong><b>Formation \u00e0 l'installation<\/b><\/strong><\/p>\n<p><strong><b>Paquet de services standard :<\/b><\/strong><\/p>\n<p>\u25b6 Installation de l'\u00e9quipement sur place (le site de conformit\u00e9 doit \u00eatre fourni par les clients)<\/p>\n<p>\u25b6 D\u00e9bogage de syst\u00e8mes m\u00e9caniques\/\u00e9lectriques<\/p>\n<p>\u25b6 Formation syst\u00e9matique de 5 jours (2-3 personnes)<\/p>\n<p>l Utilisation s\u00fbre du laser (norme OSHA)<\/p>\n<p>l Pratique de la programmation de logiciels<\/p>\n<p>l Sp\u00e9cification de l'entretien quotidien<\/p>\n<p>l Traitement des erreurs courantes<\/p>\n<p><strong><b>Service de mise \u00e0 niveau en option\uff1a<\/b><\/strong><\/p>\n<p>\u25b6 D\u00e9bogage int\u00e9gr\u00e9 de la ligne de production (devis suppl\u00e9mentaire requis)<\/p>\n<p>\u25b6 Formation multi-\u00e9quipes (+3 jours)<\/p>\n<p><strong><b>Processus d'acceptation<\/b><\/strong><\/p>\n<p>\u2460 Pr\u00e9-acceptation en usine (FAT)<\/p>\n<p>\u2461 Installation et d\u00e9bogage sur site (SAT)<\/p>\n<p>\u2462 Essai de production continue de 72 heures<\/p>\n<p>\u2463 Signature du document d'acceptation finale<\/p>\n<p><strong><b>A<\/b><\/strong><strong><b>service apr\u00e8s-vente<\/b><\/strong><\/p>\n<p><strong><b>R\u00e9ponse rapide :<\/b><\/strong><\/p>\n<p>\u00d8 400 service d'assistance t\u00e9l\u00e9phonique (7\u00d724 heures)<\/p>\n<p>\u00d8 R\u00e9ponse technique dans les 2 heures<\/p>\n<p>\u00d8 Pr\u00e9sence d'un ing\u00e9nieur 24 heures sur 24 (domestique)<\/p>\n<p>Contenu du service :<\/p>\n<p>\u00d8 Maintenance pr\u00e9ventive annuelle (4 fois)<\/p>\n<p>\u00d8 Aide au diagnostic \u00e0 distance<\/p>\n<p>\u00d8 Fourniture rapide de pi\u00e8ces d\u00e9tach\u00e9es (plus de 100 cat\u00e9gories)<\/td>\n<td><\/td>\n<td><\/td>\n<\/tr>\n<\/tbody>\n<\/table>\n<p>&nbsp;<\/p>","protected":false},"excerpt":{"rendered":"<p><strong>Machine de d\u00e9coupe laser \u00e0 fibre WUXI ABK CNC<\/strong>\u00a0offre une d\u00e9coupe pr\u00e9cise des m\u00e9taux gr\u00e2ce \u00e0 une technologie laser \u00e0 fibre avanc\u00e9e de 500W\/1000W. Dot\u00e9 de guides HIWIN, de servos Panasonic et du syst\u00e8me de contr\u00f4le allemand Befo, il assure un traitement rapide et \u00e9conome en \u00e9nergie de l'acier, de l'aluminium et du cuivre. Le d\u00e9poussi\u00e9rage int\u00e9gr\u00e9 assure un fonctionnement propre. Id\u00e9al pour les industries de l'automobile, de l'a\u00e9rospatiale et de la fabrication de t\u00f4les.<\/p>","protected":false},"featured_media":1957,"comment_status":"open","ping_status":"closed","template":"","meta":{"_acf_changed":false},"product_brand":[],"product_cat":[22,44],"product_tag":[],"class_list":{"0":"post-669","1":"product","2":"type-product","3":"status-publish","4":"has-post-thumbnail","6":"product_cat-cnc-cutting","7":"product_cat-cnc-laser-cutting-machine","9":"first","10":"instock","11":"shipping-taxable","12":"product-type-simple"},"acf":[],"_links":{"self":[{"href":"https:\/\/www.weldmc.com\/fr\/wp-json\/wp\/v2\/product\/669","targetHints":{"allow":["GET"]}}],"collection":[{"href":"https:\/\/www.weldmc.com\/fr\/wp-json\/wp\/v2\/product"}],"about":[{"href":"https:\/\/www.weldmc.com\/fr\/wp-json\/wp\/v2\/types\/product"}],"replies":[{"embeddable":true,"href":"https:\/\/www.weldmc.com\/fr\/wp-json\/wp\/v2\/comments?post=669"}],"wp:featuredmedia":[{"embeddable":true,"href":"https:\/\/www.weldmc.com\/fr\/wp-json\/wp\/v2\/media\/1957"}],"wp:attachment":[{"href":"https:\/\/www.weldmc.com\/fr\/wp-json\/wp\/v2\/media?parent=669"}],"wp:term":[{"taxonomy":"product_brand","embeddable":true,"href":"https:\/\/www.weldmc.com\/fr\/wp-json\/wp\/v2\/product_brand?post=669"},{"taxonomy":"product_cat","embeddable":true,"href":"https:\/\/www.weldmc.com\/fr\/wp-json\/wp\/v2\/product_cat?post=669"},{"taxonomy":"product_tag","embeddable":true,"href":"https:\/\/www.weldmc.com\/fr\/wp-json\/wp\/v2\/product_tag?post=669"}],"curies":[{"name":"wp","href":"https:\/\/api.w.org\/{rel}","templated":true}]}}