{"id":1036,"date":"2025-05-25T01:36:41","date_gmt":"2025-05-24T17:36:41","guid":{"rendered":"http:\/\/111.170.148.214:8095\/?post_type=product&#038;p=1036"},"modified":"2025-10-14T14:41:21","modified_gmt":"2025-10-14T06:41:21","slug":"standard-duty-welding-rotator-80-tons","status":"publish","type":"product","link":"https:\/\/www.weldmc.com\/fr\/product\/standard-duty-welding-rotator-80-tons\/","title":{"rendered":"Rotateur de soudage standard 80 tonnes"},"content":{"rendered":"<p><strong><b>Description du rotateur de soudage standard :<\/b><\/strong><\/p>\n<p><strong><b>Liste des param\u00e8tres du HGZ conventionnel<\/b><\/strong><strong><b>-80 <\/b><\/strong><strong><b>rotateur de soudage<\/b><\/strong><\/p>\n<table>\n<tbody>\n<tr>\n<td colspan=\"2\" width=\"200\">Mod\u00e8le<\/td>\n<td width=\"225\">HGZ-80<\/td>\n<\/tr>\n<tr>\n<td colspan=\"2\" width=\"200\">Capacit\u00e9 de charge (tonnes)<\/td>\n<td width=\"225\">80<\/td>\n<\/tr>\n<tr>\n<td colspan=\"2\" width=\"200\">Diam\u00e8tre appropri\u00e9 (mm)<\/td>\n<td width=\"225\">850-5000<\/td>\n<\/tr>\n<tr>\n<td rowspan=\"2\" width=\"79\">Taille de la roue (mm)<\/td>\n<td width=\"121\">PU<\/td>\n<td width=\"225\">\u03a6500*120<\/td>\n<\/tr>\n<tr>\n<td width=\"121\">Acier<\/td>\n<td width=\"225\">\u03a6490*60<\/td>\n<\/tr>\n<tr>\n<td colspan=\"2\" width=\"200\">Vitesse de rotation (mm\/min)<\/td>\n<td width=\"225\">100-1000<\/td>\n<\/tr>\n<tr>\n<td colspan=\"2\" width=\"200\">Contr\u00f4le de la vitesse<\/td>\n<td width=\"225\">Magn\u00e9tisme \u00e9lectrique de la conversion de fr\u00e9quence<\/td>\n<\/tr>\n<tr>\n<td colspan=\"2\" width=\"200\">Puissance du moteur (kw)<\/td>\n<td width=\"225\">4<\/td>\n<\/tr>\n<tr>\n<td colspan=\"2\" width=\"200\">Tension de contr\u00f4le<\/td>\n<td width=\"225\">24VAC<\/td>\n<\/tr>\n<tr>\n<td colspan=\"2\" width=\"200\">C\u00e2ble pendentif<\/td>\n<td width=\"225\">10m\/Sans fil<\/td>\n<\/tr>\n<tr>\n<td colspan=\"2\" width=\"200\">Puissance entrante<\/td>\n<td width=\"225\">380V\/400V\/415V\/440V\/460V-3P-50Hz\/60Hz<\/td>\n<\/tr>\n<tr>\n<td colspan=\"2\" width=\"200\">Couleur<\/td>\n<td width=\"225\">RAL 3003 Rouge 9005 Noir (en option)<\/td>\n<\/tr>\n<\/tbody>\n<\/table>\n<p><strong>Application<\/strong><\/p>\n<p>lAutomated welding of circular metal containers<\/p>\n<p>lIndustries: Oil &amp; gas | Pressure vessels | Wind towers | Pipe manufacturing<\/p>\n<p><strong>Principaux avantages<\/strong><br \/>\n\u2713\u00a0<strong>Wide Compatibility<\/strong>: Handles various diameters (customizable)<br \/>\n\u2713\u00a0<strong>Precision Control<\/strong>: Frequency conversion + stepless speed regulation (0.5-15 RPM)<br \/>\n\u2713\u00a0<strong>Certified Quality<\/strong>: CE compliant | ISO 9001 certified<br \/>\n\u2713\u00a0<strong>Global Reliability<\/strong>: Exported to 20+ countries (UK, EU, Middle East, etc.)<\/p>\n<p><strong>Performance Features<\/strong><br \/>\n\u2022 Ultra-stable rotation (&lt;0.1mm runout)<br \/>\n\u2022 Low-noise operation (&lt;65dB)<br \/>\n\u2022 User-friendly interface<\/p>\n<p><iframe title=\"Lecteur vid\u00e9o YouTube\" src=\"https:\/\/www.youtube.com\/embed\/Z-Wloh9Aqt8?si=mFF1Cl-SgEIzGpyT\" width=\"560\" height=\"315\" frameborder=\"0\" allowfullscreen=\"allowfullscreen\"><\/iframe><\/p>\n<p><strong><b>Liste des param\u00e8tres du rotateur de soudage conventionnel de la s\u00e9rie HGZ<\/b><\/strong><\/p>\n<p><img fetchpriority=\"high\" decoding=\"async\" class=\"alignnone wp-image-988 size-full\" src=\"https:\/\/www.weldmc.com\/wp-content\/uploads\/2025\/05\/\u56fe\u724717.png\" alt=\"Rotateur de soudage standard\" width=\"1024\" height=\"398\" srcset=\"https:\/\/www.weldmc.com\/wp-content\/uploads\/2025\/05\/\u56fe\u724717.png 1024w, https:\/\/www.weldmc.com\/wp-content\/uploads\/2025\/05\/\u56fe\u724717-300x117.png 300w, https:\/\/www.weldmc.com\/wp-content\/uploads\/2025\/05\/\u56fe\u724717-768x299.png 768w, https:\/\/www.weldmc.com\/wp-content\/uploads\/2025\/05\/\u56fe\u724717-600x233.png 600w\" sizes=\"(max-width: 1024px) 100vw, 1024px\" \/><\/p>\n<p class=\"ds-markdown-paragraph\"><strong>WUXI ABK 80-Ton Standard Welding Rotator &#8211; Industrial-Grade Rotation Solution<\/strong><\/p>\n<p class=\"ds-markdown-paragraph\">Engineered for heavy industrial applications, our\u00a0<strong>80-ton welding rotator<\/strong>\u00a0delivers exceptional performance in\u00a0<strong>fabrication d'appareils \u00e0 pression<\/strong>,\u00a0<strong>production de m\u00e2ts d'\u00e9olienne<\/strong>et\u00a0<strong>ship component manufacturing<\/strong>. The robust\u00a0<strong>box-type steel construction<\/strong>\u00a0ensures optimal load distribution, while the\u00a0<strong>precision linear guide system<\/strong>\u00a0maintains \u00b10.1mm positioning accuracy &#8211;\u00a0<strong>40% better<\/strong>\u00a0than conventional rotators.<\/p>\n<p class=\"ds-markdown-paragraph\"><strong>Core Technical Advantages:<\/strong><\/p>\n<ul>\n<li>\n<p class=\"ds-markdown-paragraph\"><strong>High-capacity rollers<\/strong>: ZG45 cast steel (HRC 55-60) with\u00a0<strong>30-ton\/roller dynamic capacity<\/strong><\/p>\n<\/li>\n<li>\n<p class=\"ds-markdown-paragraph\"><strong>Smart drive system<\/strong>: Dual 7.5kW AC motors with\u00a0<strong>0.5-5 RPM<\/strong>\u00a0stepless control (\u00b12% torque sync)<\/p>\n<\/li>\n<li>\n<p class=\"ds-markdown-paragraph\"><strong>Anti-creep technology<\/strong>: Hydraulic elevation (\u00b150mm) with\u00a0<strong>&lt;0.5mm<\/strong>\u00a0deviation<\/p>\n<\/li>\n<li>\n<p class=\"ds-markdown-paragraph\"><strong>German precision<\/strong>: NOVO sensors (0.01mm resolution) and Siemens PLC control<\/p>\n<\/li>\n<\/ul>\n<p class=\"ds-markdown-paragraph\"><strong>Performance Benefits for Fabricators:<\/strong><br \/>\n\u2713\u00a0<strong>35% longer service life<\/strong>\u00a0through premium components<br \/>\n\u2713\u00a0<strong>50% faster adjustments<\/strong>\u00a0with quick-lock mechanisms<br \/>\n\u2713\u00a0<strong>IP65 protection<\/strong>\u00a0for harsh workshop environments<br \/>\n\u2713\u00a0<strong>Seamless integration<\/strong>\u00a0with automated welding systems<\/p>\n<p><img decoding=\"async\" class=\"alignnone wp-image-994\" src=\"https:\/\/www.weldmc.com\/wp-content\/uploads\/2025\/05\/\u56fe\u724722-1024x575.png\" alt=\"Rotateur de soudage standard\" width=\"746\" height=\"419\" srcset=\"https:\/\/www.weldmc.com\/wp-content\/uploads\/2025\/05\/\u56fe\u724722-1024x575.png 1024w, https:\/\/www.weldmc.com\/wp-content\/uploads\/2025\/05\/\u56fe\u724722-300x169.png 300w, https:\/\/www.weldmc.com\/wp-content\/uploads\/2025\/05\/\u56fe\u724722-768x432.png 768w, https:\/\/www.weldmc.com\/wp-content\/uploads\/2025\/05\/\u56fe\u724722-600x337.png 600w, https:\/\/www.weldmc.com\/wp-content\/uploads\/2025\/05\/\u56fe\u724722.png 1388w\" sizes=\"(max-width: 746px) 100vw, 746px\" \/><\/p>\n<p><img decoding=\"async\" class=\"alignnone wp-image-993 size-full\" src=\"https:\/\/www.weldmc.com\/wp-content\/uploads\/2025\/05\/\u56fe\u724721.png\" alt=\"Rotateur de soudage standard \" width=\"745\" height=\"419\" srcset=\"https:\/\/www.weldmc.com\/wp-content\/uploads\/2025\/05\/\u56fe\u724721.png 745w, https:\/\/www.weldmc.com\/wp-content\/uploads\/2025\/05\/\u56fe\u724721-300x169.png 300w, https:\/\/www.weldmc.com\/wp-content\/uploads\/2025\/05\/\u56fe\u724721-600x337.png 600w\" sizes=\"(max-width: 745px) 100vw, 745px\" \/> <img loading=\"lazy\" decoding=\"async\" class=\"alignnone wp-image-992 size-full\" src=\"https:\/\/www.weldmc.com\/wp-content\/uploads\/2025\/05\/\u56fe\u724720.png\" alt=\"Rotateur de soudage standard \" width=\"745\" height=\"419\" srcset=\"https:\/\/www.weldmc.com\/wp-content\/uploads\/2025\/05\/\u56fe\u724720.png 745w, https:\/\/www.weldmc.com\/wp-content\/uploads\/2025\/05\/\u56fe\u724720-300x169.png 300w, https:\/\/www.weldmc.com\/wp-content\/uploads\/2025\/05\/\u56fe\u724720-600x337.png 600w\" sizes=\"(max-width: 745px) 100vw, 745px\" \/><\/p>\n<p><strong>Caract\u00e9ristiques du rotateur de soudage<\/strong><\/p>\n<p>1.The rollers&#8217; distance automatically adjusts to accommodate different barrel diameters.<br \/>\n2.Speed is adjustable via a frequency control system, enhancing operational reliability.<br \/>\n3. la facilit\u00e9 d'utilisation est assur\u00e9e par un bo\u00eetier de commande manuel.<br \/>\n4. disponible dans de multiples configurations, y compris des types mobiles et des types de levage.<br \/>\n5. un lit \u00e0 rouleaux sp\u00e9cialement con\u00e7u offre un confort accru pendant le soudage.<br \/>\n6. les rouleaux peuvent \u00eatre fabriqu\u00e9s \u00e0 partir de divers mat\u00e9riaux, tels que le caoutchouc noir, le polyur\u00e9thane et l'acier.<\/p>\n<p><img loading=\"lazy\" decoding=\"async\" class=\"alignnone wp-image-991\" src=\"https:\/\/www.weldmc.com\/wp-content\/uploads\/2025\/05\/1748102710232.jpg\" alt=\"Rotateur de soudage standard\" width=\"704\" height=\"270\" srcset=\"https:\/\/www.weldmc.com\/wp-content\/uploads\/2025\/05\/1748102710232.jpg 596w, https:\/\/www.weldmc.com\/wp-content\/uploads\/2025\/05\/1748102710232-300x115.jpg 300w\" sizes=\"(max-width: 704px) 100vw, 704px\" \/><\/p>\n<p><strong><b>Entretien du rotateur de soudage<\/b><\/strong><\/p>\n<p>1. Ce rotateur de soudage doit \u00eatre nettoy\u00e9 avant d'\u00eatre utilis\u00e9. Pour \u00e9viter le vieillissement, les rouleaux en caoutchouc doivent rester \u00e0 l'\u00e9cart des huiles et des temp\u00e9ratures \u00e9lev\u00e9es. Dans la mesure du possible, une personne sp\u00e9cifique doit \u00eatre charg\u00e9e de l'utilisation et de l'entretien de cet appareil.<br \/>\n2. Avant le d\u00e9marrage, le r\u00e9ducteur de vitesse doit \u00eatre rempli d'huile moteur 30#, ce qui est \u00e9galement n\u00e9cessaire lorsque la temp\u00e9rature ambiante est inf\u00e9rieure \u00e0 0\u00baC.<br \/>\n3. L'huile \u00e0 l'int\u00e9rieur du r\u00e9ducteur de vitesse doit \u00eatre compl\u00e8tement remplac\u00e9e apr\u00e8s le premier mois d'utilisation, et par la suite, l'huile du moteur peut \u00eatre chang\u00e9e tous les six mois.<br \/>\n4. Le banc \u00e0 rouleaux ne peut pas \u00eatre utilis\u00e9 comme terrain de soudage afin d'\u00e9viter d'endommager les roulements.<br \/>\n<strong><b>D\u00e9tails du produit<\/b><\/strong><strong><b><br \/>\n<\/b><\/strong><\/p>\n<p><img loading=\"lazy\" decoding=\"async\" class=\"alignnone wp-image-997\" src=\"https:\/\/www.weldmc.com\/wp-content\/uploads\/2025\/05\/\u56fe\u724723.png\" alt=\"Standard Welding Rotato\" width=\"486\" height=\"606\" srcset=\"https:\/\/www.weldmc.com\/wp-content\/uploads\/2025\/05\/\u56fe\u724723.png 562w, https:\/\/www.weldmc.com\/wp-content\/uploads\/2025\/05\/\u56fe\u724723-241x300.png 241w\" sizes=\"(max-width: 486px) 100vw, 486px\" \/> <img loading=\"lazy\" decoding=\"async\" class=\"alignnone wp-image-987 size-full\" src=\"https:\/\/www.weldmc.com\/wp-content\/uploads\/2025\/05\/\u56fe\u724724.png\" alt=\"Rotateur de soudage standard\" width=\"486\" height=\"606\" srcset=\"https:\/\/www.weldmc.com\/wp-content\/uploads\/2025\/05\/\u56fe\u724724.png 486w, https:\/\/www.weldmc.com\/wp-content\/uploads\/2025\/05\/\u56fe\u724724-241x300.png 241w\" sizes=\"(max-width: 486px) 100vw, 486px\" \/><\/p>\n<table>\n<tbody>\n<tr>\n<td>- Une conception fiable<\/td>\n<td>- Une qualit\u00e9 fiable<\/td>\n<\/tr>\n<tr>\n<td>- Des pi\u00e8ces r\u00e9put\u00e9es<\/td>\n<td>- Contr\u00f4le de l'onduleur<\/td>\n<\/tr>\n<tr>\n<td>- Syst\u00e8me d'entra\u00eenement direct<\/td>\n<td>- Option de d\u00e9placement motoris\u00e9<\/td>\n<\/tr>\n<tr>\n<td>- Conception sur mesure<\/td>\n<td>- OEM<\/td>\n<\/tr>\n<\/tbody>\n<\/table>\n<p><strong><b>Introduction de la roue<\/b><\/strong><\/p>\n<p>Les roues en polyur\u00e9thane offrent une r\u00e9sistance exceptionnelle \u00e0 l'abrasion, un traitement polyvalent, une large applicabilit\u00e9 et une r\u00e9sistance sup\u00e9rieure \u00e0 l'huile, \u00e0 l'ozone, au vieillissement, aux radiations et aux basses temp\u00e9ratures. Elles offrent \u00e9galement une forte adh\u00e9rence, une excellente transmission du son, une biocompatibilit\u00e9 et une compatibilit\u00e9 avec le sang.<\/p>\n<p><strong><b>Pr\u00e9sentation du moteur<\/b><\/strong><strong><b><br \/>\n<\/b><\/strong><b><\/b><\/p>\n<p><img loading=\"lazy\" decoding=\"async\" class=\"alignnone wp-image-820 size-full\" src=\"https:\/\/www.weldmc.com\/wp-content\/uploads\/2025\/05\/Motor-introduction.png\" alt=\"Adjustable Welding Rotator HGK-500\" width=\"695\" height=\"521\" srcset=\"https:\/\/www.weldmc.com\/wp-content\/uploads\/2025\/05\/Motor-introduction.png 695w, https:\/\/www.weldmc.com\/wp-content\/uploads\/2025\/05\/Motor-introduction-300x225.png 300w, https:\/\/www.weldmc.com\/wp-content\/uploads\/2025\/05\/Motor-introduction-600x450.png 600w\" sizes=\"(max-width: 695px) 100vw, 695px\" \/> <img loading=\"lazy\" decoding=\"async\" class=\"alignnone wp-image-818 size-full\" src=\"https:\/\/www.weldmc.com\/wp-content\/uploads\/2025\/05\/Adjustable-Welding-Rotator-HGK-5.png\" alt=\"Standard Welding Rotato\" width=\"1022\" height=\"397\" srcset=\"https:\/\/www.weldmc.com\/wp-content\/uploads\/2025\/05\/Adjustable-Welding-Rotator-HGK-5.png 1022w, https:\/\/www.weldmc.com\/wp-content\/uploads\/2025\/05\/Adjustable-Welding-Rotator-HGK-5-300x117.png 300w, https:\/\/www.weldmc.com\/wp-content\/uploads\/2025\/05\/Adjustable-Welding-Rotator-HGK-5-768x298.png 768w, https:\/\/www.weldmc.com\/wp-content\/uploads\/2025\/05\/Adjustable-Welding-Rotator-HGK-5-600x233.png 600w\" sizes=\"(max-width: 1022px) 100vw, 1022px\" \/><\/p>\n<p class=\"ds-markdown-paragraph\">Avec\u00a0<strong>20+ years of specialized expertise<\/strong>\u00a0en\u00a0<strong>self-aligning rotator manufacturing<\/strong>, WUXI ABK has established itself as a\u00a0<strong>leading provider of heavy-duty welding positioners<\/strong>\u00a0pour\u00a0<strong>fabrication d'appareils \u00e0 pression<\/strong>,\u00a0<strong>production de m\u00e2ts d'\u00e9olienne<\/strong>et\u00a0<strong>shipbuilding applications<\/strong>. Notre\u00a0<strong>industrial-grade rotators<\/strong>\u00a0deliver unmatched performance with\u00a0<strong>load capacities from 5 to 400 tons<\/strong>, designed to meet the most demanding\u00a0<strong>automatisation du soudage<\/strong>\u00a0requirements.<\/p>\n<p class=\"ds-markdown-paragraph\"><strong>Why Choose WUXI ABK Rotators?<\/strong><\/p>\n<ul>\n<li>\n<p class=\"ds-markdown-paragraph\"><strong>Certified Quality<\/strong>: All rotators are\u00a0<strong>CE and ISO certified<\/strong>, ensuring compliance with international\u00a0<strong>welding equipment standards<\/strong><\/p>\n<\/li>\n<li>\n<p class=\"ds-markdown-paragraph\"><strong>Reliable Performance<\/strong>: Featuring\u00a0<strong>premium wear-resistant components<\/strong>\u00a0avec\u00a0<strong>Garantie de 1 an<\/strong>\u00a0et\u00a0<strong>free wearing parts replacement<\/strong><\/p>\n<\/li>\n<li>\n<p class=\"ds-markdown-paragraph\"><strong>Technical Excellence<\/strong>: Our\u00a0<strong>engineering support team<\/strong>\u00a0provides customized solutions for\u00a0<strong>large-scale projects<\/strong>\u00a0including\u00a0<strong>offshore wind turbine welding<\/strong>\u00a0et\u00a0<strong>petrochemical tank fabrication<\/strong><\/p>\n<\/li>\n<\/ul>\n<p class=\"ds-markdown-paragraph\"><strong>Innovative Welding Technology<\/strong><br \/>\nWUXI ABK integrates\u00a0<strong>advanced automation<\/strong>\u00a0et\u00a0<strong>precision control systems<\/strong>\u00a0into every rotator:<br \/>\n\u2713\u00a0<strong>Self-aligning roller technology<\/strong>\u00a0for perfect workpiece centering<br \/>\n\u2713\u00a0<strong>Construction robuste<\/strong>\u00a0avec\u00a0<strong>400-ton maximum capacity<\/strong><br \/>\n\u2713\u00a0<strong>Smart interface compatibility<\/strong>\u00a0for seamless\u00a0<strong>welding cell integration<\/strong><\/p>\n<p><img decoding=\"async\" src=\"https:\/\/www.weldmc.com\/wp-content\/uploads\/2025\/05\/Roller-frame-product-certificate.png\" alt=\"Certificat de produit pour cadre \u00e0 rouleaux\" \/><\/p>\n<p>Wuxi ABK Machinery Co.Ltd est un fabricant professionnel de rotateur de soudage en Chine. Nos rotateurs de soudage comprennent principalement le rotateur de soudage standard, le rotateur de soudage r\u00e9glable et le rotateur de soudage sp\u00e9cial. Nous pouvons \u00e9galement fournir \u00e0 nos clients du monde entier de nombreux autres produits, y compris la table tournante de soudage, la machine de soudage de pieux, la ligne de production de tours \u00e9oliennes, la ligne de soudage de poutre en H, l'\u00e9quipement de soudage de tuyaux, la machine de coupe CNC, la rectifieuse, la machine de formage de rouleaux, la machine de pliage de plaques, etc. Nous avons obtenu les certifications ISO et CE et nous proposons \u00e9galement des services OEM.<\/p>","protected":false},"excerpt":{"rendered":"<p><strong>Rotateur de soudage WUXI ABK 80 tonnes<\/strong>\u00a0offre une rotation de pr\u00e9cision pour les applications industrielles lourdes. Dot\u00e9 de deux moteurs de 7,5 kW (0,5-5 RPM) et de rouleaux en alliage ZG45 (HRC 55-60), il garantit une pr\u00e9cision de \u00b10,1 mm pour les appareils \u00e0 pression, les tours d'\u00e9oliennes et les composants de navires. Le syst\u00e8me intelligent anti-fluage (&lt;0,5 mm de d\u00e9viation) et la commande PLC Siemens garantissent des performances fiables. Certifi\u00e9 CE\/ISO avec une garantie de 18 mois. Id\u00e9al pour les fabrications exigeantes n\u00e9cessitant une capacit\u00e9 de 80 tonnes.<\/p>","protected":false},"featured_media":1855,"comment_status":"open","ping_status":"closed","template":"","meta":{"_acf_changed":false},"product_brand":[],"product_cat":[21,42,30],"product_tag":[],"class_list":{"0":"post-1036","1":"product","2":"type-product","3":"status-publish","4":"has-post-thumbnail","6":"product_cat-welding-automation","7":"product_cat-standard-welding-rotator","8":"product_cat-welding-rotator","10":"first","11":"instock","12":"shipping-taxable","13":"product-type-simple"},"acf":[],"_links":{"self":[{"href":"https:\/\/www.weldmc.com\/fr\/wp-json\/wp\/v2\/product\/1036","targetHints":{"allow":["GET"]}}],"collection":[{"href":"https:\/\/www.weldmc.com\/fr\/wp-json\/wp\/v2\/product"}],"about":[{"href":"https:\/\/www.weldmc.com\/fr\/wp-json\/wp\/v2\/types\/product"}],"replies":[{"embeddable":true,"href":"https:\/\/www.weldmc.com\/fr\/wp-json\/wp\/v2\/comments?post=1036"}],"wp:featuredmedia":[{"embeddable":true,"href":"https:\/\/www.weldmc.com\/fr\/wp-json\/wp\/v2\/media\/1855"}],"wp:attachment":[{"href":"https:\/\/www.weldmc.com\/fr\/wp-json\/wp\/v2\/media?parent=1036"}],"wp:term":[{"taxonomy":"product_brand","embeddable":true,"href":"https:\/\/www.weldmc.com\/fr\/wp-json\/wp\/v2\/product_brand?post=1036"},{"taxonomy":"product_cat","embeddable":true,"href":"https:\/\/www.weldmc.com\/fr\/wp-json\/wp\/v2\/product_cat?post=1036"},{"taxonomy":"product_tag","embeddable":true,"href":"https:\/\/www.weldmc.com\/fr\/wp-json\/wp\/v2\/product_tag?post=1036"}],"curies":[{"name":"wp","href":"https:\/\/api.w.org\/{rel}","templated":true}]}}