{"id":1029,"date":"2025-05-25T01:20:24","date_gmt":"2025-05-24T17:20:24","guid":{"rendered":"http:\/\/111.170.148.214:8095\/?post_type=product&#038;p=1029"},"modified":"2025-10-14T14:43:33","modified_gmt":"2025-10-14T06:43:33","slug":"conventional-standard-welding-rotator-50-tons","status":"publish","type":"product","link":"https:\/\/www.weldmc.com\/fr\/product\/conventional-standard-welding-rotator-50-tons\/","title":{"rendered":"Rotateur de soudage conventionnel standard 50 tonnes"},"content":{"rendered":"<p><strong><b>Description du rotateur de soudage standard :<\/b><\/strong><\/p>\n<p><strong><b>Liste des param\u00e8tres du HGZ conventionnel<\/b><\/strong><strong><b>-50 <\/b><\/strong><strong><b>rotateur de soudage<\/b><\/strong><\/p>\n<table>\n<tbody>\n<tr>\n<td colspan=\"2\" width=\"200\">Mod\u00e8le<\/td>\n<td width=\"225\">HGZ-50<\/td>\n<\/tr>\n<tr>\n<td colspan=\"2\" width=\"200\">Capacit\u00e9 de charge (tonnes)<\/td>\n<td width=\"225\">50<\/td>\n<\/tr>\n<tr>\n<td colspan=\"2\" width=\"200\">Diam\u00e8tre appropri\u00e9 (mm)<\/td>\n<td width=\"225\">750-4500<\/td>\n<\/tr>\n<tr>\n<td rowspan=\"2\" width=\"79\">Taille de la roue (mm)<\/td>\n<td width=\"121\">PU<\/td>\n<td width=\"225\">\u03a6400*120<\/td>\n<\/tr>\n<tr>\n<td width=\"121\">Acier<\/td>\n<td width=\"225\">\u03a6390*40<\/td>\n<\/tr>\n<tr>\n<td colspan=\"2\" width=\"200\">Vitesse de rotation (mm\/min)<\/td>\n<td width=\"225\">100-1000<\/td>\n<\/tr>\n<tr>\n<td colspan=\"2\" width=\"200\">Contr\u00f4le de la vitesse<\/td>\n<td width=\"225\">Magn\u00e9tisme \u00e9lectrique de la conversion de fr\u00e9quence<\/td>\n<\/tr>\n<tr>\n<td colspan=\"2\" width=\"200\">Puissance du moteur (kw)<\/td>\n<td width=\"225\">4<\/td>\n<\/tr>\n<tr>\n<td colspan=\"2\" width=\"200\">Tension de contr\u00f4le<\/td>\n<td width=\"225\">24VAC<\/td>\n<\/tr>\n<tr>\n<td colspan=\"2\" width=\"200\">C\u00e2ble pendentif<\/td>\n<td width=\"225\">10m\/Sans fil<\/td>\n<\/tr>\n<tr>\n<td colspan=\"2\" width=\"200\">Puissance entrante<\/td>\n<td width=\"225\">380V\/400V\/415V\/440V\/460V-3P-50Hz\/60Hz<\/td>\n<\/tr>\n<tr>\n<td colspan=\"2\" width=\"200\">Couleur<\/td>\n<td width=\"225\">RAL 3003 Rouge 9005 Noir (en option)<\/td>\n<\/tr>\n<\/tbody>\n<\/table>\n<p class=\"ds-markdown-paragraph\">The WUXI ABK 50-Ton Welding Rotator is engineered for precision automated welding of circular metal containers across critical industries. This industrial-grade rotator excels in oil &amp; gas infrastructure, pressure vessel fabrication, wind tower production, and large-diameter pipe manufacturing applications.<\/p>\n<p class=\"ds-markdown-paragraph\">Our welding rotator delivers exceptional performance through its advanced frequency conversion drive system, offering stepless speed regulation from 0.5 to 15 RPM for optimal process control. The robust construction ensures ultra-stable rotation with less than 0.1mm runout, while operating at whisper-quiet levels below 65dB for improved workshop environments.<\/p>\n<p class=\"ds-markdown-paragraph\">Key advantages of this heavy-duty positioner include:<br \/>\n\u2713 Customizable roller configurations for various diameters<br \/>\n\u2713 CE and ISO 9001 certified quality assurance<br \/>\n\u2713 Proven global reliability with installations in 20+ countries<br \/>\n\u2713 Intuitive user interface for seamless operation<\/p>\n<p class=\"ds-markdown-paragraph\">The system&#8217;s precision engineering makes it particularly valuable for:<\/p>\n<ul>\n<li>\n<p class=\"ds-markdown-paragraph\">Girth welding of storage tanks in petroleum refineries<\/p>\n<\/li>\n<li>\n<p class=\"ds-markdown-paragraph\">Fabrication of wind turbine components<\/p>\n<\/li>\n<li>\n<p class=\"ds-markdown-paragraph\">Manufacturing of process equipment for chemical plants<\/p>\n<\/li>\n<li>\n<p class=\"ds-markdown-paragraph\">Production of large-diameter transmission pipelines<\/p>\n<\/li>\n<\/ul>\n<p><iframe title=\"Lecteur vid\u00e9o YouTube\" src=\"https:\/\/www.youtube.com\/embed\/Z-Wloh9Aqt8?si=mFF1Cl-SgEIzGpyT\" width=\"560\" height=\"315\" frameborder=\"0\" allowfullscreen=\"allowfullscreen\"><\/iframe><\/p>\n<p><strong><b>Liste des param\u00e8tres du rotateur de soudage conventionnel de la s\u00e9rie HGZ<\/b><\/strong><\/p>\n<p><img fetchpriority=\"high\" decoding=\"async\" class=\"alignnone wp-image-988 size-full\" src=\"https:\/\/www.weldmc.com\/wp-content\/uploads\/2025\/05\/\u56fe\u724717.png\" alt=\"Standard Welding Rotator HGZ-50\" width=\"1024\" height=\"398\" srcset=\"https:\/\/www.weldmc.com\/wp-content\/uploads\/2025\/05\/\u56fe\u724717.png 1024w, https:\/\/www.weldmc.com\/wp-content\/uploads\/2025\/05\/\u56fe\u724717-300x117.png 300w, https:\/\/www.weldmc.com\/wp-content\/uploads\/2025\/05\/\u56fe\u724717-768x299.png 768w, https:\/\/www.weldmc.com\/wp-content\/uploads\/2025\/05\/\u56fe\u724717-600x233.png 600w\" sizes=\"(max-width: 1024px) 100vw, 1024px\" \/><\/p>\n<p class=\"ds-markdown-paragraph\">The WUXI ABK 50-Ton Standard Welding Rotator incorporates advanced engineering for precision industrial applications. The system features a heavy-duty box-type steel frame construction that ensures optimal load distribution, combined with a precision linear guide movement system achieving \u00b10.1mm positioning accuracy. A quick-lock mechanism provides rigid fixation during operation.<\/p>\n<p class=\"ds-markdown-paragraph\">Key technical components include:<\/p>\n<ul>\n<li>\n<p class=\"ds-markdown-paragraph\">High-performance ZG45 cast steel rollers with HRC 55-60 hardness rating<\/p>\n<\/li>\n<li>\n<p class=\"ds-markdown-paragraph\">Dual 7.5kW AC motors with reducer for reliable power transmission<\/p>\n<\/li>\n<li>\n<p class=\"ds-markdown-paragraph\">Frequency converter-controlled speed regulation (0.5-5 RPM range)<\/p>\n<\/li>\n<li>\n<p class=\"ds-markdown-paragraph\">Hydraulic elevation adjustment system (\u00b150mm range)<\/p>\n<\/li>\n<li>\n<p class=\"ds-markdown-paragraph\">German-manufactured NOVO displacement sensors (0.01mm resolution)<\/p>\n<\/li>\n<\/ul>\n<p class=\"ds-markdown-paragraph\">The intelligent control system utilizes Siemens\/ABB PLC technology with IP65 protection grade, featuring:<br \/>\n\u2713 \u00b12% pr\u00e9cision de synchronisation du couple<br \/>\n\u2713 Axial movement monitoring interface<br \/>\n\u2713 Automatic centerline alignment<br \/>\n\u2713 &lt;0.5mm creep prevention accuracy<\/p>\n<p class=\"ds-markdown-paragraph\">Performance advantages include 40% greater positioning accuracy, 35% extended component lifespan, and 50% faster adjustment operations compared to conventional welding rotators. The system&#8217;s \u00b10.05% linearity measurement ensures consistent performance for precision welding applications.<\/p>\n<p><img decoding=\"async\" class=\"alignnone wp-image-990 size-full\" src=\"https:\/\/www.weldmc.com\/wp-content\/uploads\/2025\/05\/\u56fe\u724719.png\" alt=\"Standard Welding Rotator HGZ-50\" width=\"638\" height=\"360\" srcset=\"https:\/\/www.weldmc.com\/wp-content\/uploads\/2025\/05\/\u56fe\u724719.png 638w, https:\/\/www.weldmc.com\/wp-content\/uploads\/2025\/05\/\u56fe\u724719-300x169.png 300w, https:\/\/www.weldmc.com\/wp-content\/uploads\/2025\/05\/\u56fe\u724719-600x339.png 600w\" sizes=\"(max-width: 638px) 100vw, 638px\" \/> <img decoding=\"async\" class=\"alignnone wp-image-989 size-full\" src=\"https:\/\/www.weldmc.com\/wp-content\/uploads\/2025\/05\/\u56fe\u724718.png\" alt=\"Standard Welding Rotator HGZ-50\" width=\"636\" height=\"476\" srcset=\"https:\/\/www.weldmc.com\/wp-content\/uploads\/2025\/05\/\u56fe\u724718.png 636w, https:\/\/www.weldmc.com\/wp-content\/uploads\/2025\/05\/\u56fe\u724718-300x225.png 300w, https:\/\/www.weldmc.com\/wp-content\/uploads\/2025\/05\/\u56fe\u724718-600x449.png 600w\" sizes=\"(max-width: 636px) 100vw, 636px\" \/><\/p>\n<p><strong>Caract\u00e9ristiques du rotateur de soudage<\/strong><\/p>\n<ol>\n<li>La distance entre les rouleaux s'ajuste automatiquement pour s'adapter aux diff\u00e9rents diam\u00e8tres des barils.<br \/>\nLa vitesse est r\u00e9glable gr\u00e2ce \u00e0 un syst\u00e8me de contr\u00f4le de la fr\u00e9quence, ce qui am\u00e9liore la fiabilit\u00e9 op\u00e9rationnelle.<br \/>\n3. la facilit\u00e9 d'utilisation est assur\u00e9e par un bo\u00eetier de commande manuel.<br \/>\n4. disponible dans de multiples configurations, y compris des types mobiles et des types de levage.<br \/>\n5. un lit \u00e0 rouleaux sp\u00e9cialement con\u00e7u offre un confort accru pendant le soudage.<br \/>\n6. les rouleaux peuvent \u00eatre fabriqu\u00e9s \u00e0 partir de divers mat\u00e9riaux, tels que le caoutchouc noir, le polyur\u00e9thane et l'acier.<\/li>\n<\/ol>\n<p><img loading=\"lazy\" decoding=\"async\" class=\"alignnone wp-image-991 size-full\" src=\"https:\/\/www.weldmc.com\/wp-content\/uploads\/2025\/05\/1748102710232.jpg\" alt=\"Standard Welding Rotator HGZ-50\" width=\"596\" height=\"228\" srcset=\"https:\/\/www.weldmc.com\/wp-content\/uploads\/2025\/05\/1748102710232.jpg 596w, https:\/\/www.weldmc.com\/wp-content\/uploads\/2025\/05\/1748102710232-300x115.jpg 300w\" sizes=\"(max-width: 596px) 100vw, 596px\" \/><\/p>\n<p><strong><b>Entretien du rotateur de soudage<\/b><\/strong><\/p>\n<p>1. Ce rotateur de soudage doit \u00eatre nettoy\u00e9 avant d'\u00eatre utilis\u00e9. Pour \u00e9viter le vieillissement, les rouleaux en caoutchouc doivent rester \u00e0 l'\u00e9cart des huiles et des temp\u00e9ratures \u00e9lev\u00e9es. Dans la mesure du possible, une personne sp\u00e9cifique doit \u00eatre charg\u00e9e de l'utilisation et de l'entretien de cet appareil.<br \/>\n2. Avant le d\u00e9marrage, le r\u00e9ducteur de vitesse doit \u00eatre rempli d'huile moteur 30#, ce qui est \u00e9galement n\u00e9cessaire lorsque la temp\u00e9rature ambiante est inf\u00e9rieure \u00e0 0\u00baC.<br \/>\n3. L'huile \u00e0 l'int\u00e9rieur du r\u00e9ducteur de vitesse doit \u00eatre compl\u00e8tement remplac\u00e9e apr\u00e8s le premier mois d'utilisation, et par la suite, l'huile du moteur peut \u00eatre chang\u00e9e tous les six mois.<br \/>\n4. Le banc \u00e0 rouleaux ne peut pas \u00eatre utilis\u00e9 comme terrain de soudage afin d'\u00e9viter d'endommager les roulements.<\/p>\n<p><img loading=\"lazy\" decoding=\"async\" class=\"wp-image-994\" src=\"https:\/\/www.weldmc.com\/wp-content\/uploads\/2025\/05\/\u56fe\u724722-1024x575.png\" alt=\"Rotateur de soudage standard\" width=\"744\" height=\"418\" srcset=\"https:\/\/www.weldmc.com\/wp-content\/uploads\/2025\/05\/\u56fe\u724722-1024x575.png 1024w, https:\/\/www.weldmc.com\/wp-content\/uploads\/2025\/05\/\u56fe\u724722-300x169.png 300w, https:\/\/www.weldmc.com\/wp-content\/uploads\/2025\/05\/\u56fe\u724722-768x432.png 768w, https:\/\/www.weldmc.com\/wp-content\/uploads\/2025\/05\/\u56fe\u724722-600x337.png 600w, https:\/\/www.weldmc.com\/wp-content\/uploads\/2025\/05\/\u56fe\u724722.png 1388w\" sizes=\"(max-width: 744px) 100vw, 744px\" \/><\/p>\n<p><img loading=\"lazy\" decoding=\"async\" class=\"alignnone wp-image-992 size-full\" src=\"https:\/\/www.weldmc.com\/wp-content\/uploads\/2025\/05\/\u56fe\u724720.png\" alt=\"Standard Welding Rotator HGZ-50\" width=\"745\" height=\"419\" srcset=\"https:\/\/www.weldmc.com\/wp-content\/uploads\/2025\/05\/\u56fe\u724720.png 745w, https:\/\/www.weldmc.com\/wp-content\/uploads\/2025\/05\/\u56fe\u724720-300x169.png 300w, https:\/\/www.weldmc.com\/wp-content\/uploads\/2025\/05\/\u56fe\u724720-600x337.png 600w\" sizes=\"(max-width: 745px) 100vw, 745px\" \/> <img loading=\"lazy\" decoding=\"async\" class=\"alignnone wp-image-993 size-full\" src=\"https:\/\/www.weldmc.com\/wp-content\/uploads\/2025\/05\/\u56fe\u724721.png\" alt=\"Standard Welding Rotator HGZ-50\" width=\"745\" height=\"419\" srcset=\"https:\/\/www.weldmc.com\/wp-content\/uploads\/2025\/05\/\u56fe\u724721.png 745w, https:\/\/www.weldmc.com\/wp-content\/uploads\/2025\/05\/\u56fe\u724721-300x169.png 300w, https:\/\/www.weldmc.com\/wp-content\/uploads\/2025\/05\/\u56fe\u724721-600x337.png 600w\" sizes=\"(max-width: 745px) 100vw, 745px\" \/><\/p>\n<table>\n<tbody>\n<tr>\n<td>- Une conception fiable<\/td>\n<td>- Une qualit\u00e9 fiable<\/td>\n<\/tr>\n<tr>\n<td>- Des pi\u00e8ces r\u00e9put\u00e9es<\/td>\n<td>- Contr\u00f4le de l'onduleur<\/td>\n<\/tr>\n<tr>\n<td>- Syst\u00e8me d'entra\u00eenement direct<\/td>\n<td>- Option de d\u00e9placement motoris\u00e9<\/td>\n<\/tr>\n<tr>\n<td>- Conception sur mesure<\/td>\n<td>- OEM<\/td>\n<\/tr>\n<\/tbody>\n<\/table>\n<p><strong><b>Introduction de la roue<\/b><\/strong><\/p>\n<p>Les roues en polyur\u00e9thane offrent une r\u00e9sistance exceptionnelle \u00e0 l'abrasion, un traitement polyvalent, une large applicabilit\u00e9 et une r\u00e9sistance sup\u00e9rieure \u00e0 l'huile, \u00e0 l'ozone, au vieillissement, aux radiations et aux basses temp\u00e9ratures. Elles offrent \u00e9galement une forte adh\u00e9rence, une excellente transmission du son, une biocompatibilit\u00e9 et une compatibilit\u00e9 avec le sang.<\/p>\n<p><img loading=\"lazy\" decoding=\"async\" class=\"wp-image-987 size-medium\" src=\"https:\/\/www.weldmc.com\/wp-content\/uploads\/2025\/05\/\u56fe\u724724-241x300.png\" alt=\"Rotateur de soudage standard\" width=\"241\" height=\"300\" srcset=\"https:\/\/www.weldmc.com\/wp-content\/uploads\/2025\/05\/\u56fe\u724724-241x300.png 241w, https:\/\/www.weldmc.com\/wp-content\/uploads\/2025\/05\/\u56fe\u724724.png 486w\" sizes=\"(max-width: 241px) 100vw, 241px\" \/><\/p>\n<p><img loading=\"lazy\" decoding=\"async\" class=\"alignnone wp-image-997 size-medium\" src=\"https:\/\/www.weldmc.com\/wp-content\/uploads\/2025\/05\/\u56fe\u724723-241x300.png\" alt=\"Standard Welding Rotato\" width=\"241\" height=\"300\" srcset=\"https:\/\/www.weldmc.com\/wp-content\/uploads\/2025\/05\/\u56fe\u724723-241x300.png 241w, https:\/\/www.weldmc.com\/wp-content\/uploads\/2025\/05\/\u56fe\u724723.png 562w\" sizes=\"(max-width: 241px) 100vw, 241px\" \/><\/p>\n<p><strong><b>Pr\u00e9sentation du moteur<\/b><\/strong><strong><b><br \/>\n<\/b><\/strong><b><\/b><\/p>\n<p><img loading=\"lazy\" decoding=\"async\" class=\"\" src=\"https:\/\/www.weldmc.com\/wp-content\/uploads\/2025\/05\/Motor-introduction-1.png\" alt=\"rotateur de soudage\" width=\"715\" height=\"536\" \/><img decoding=\"async\" src=\"https:\/\/www.weldmc.com\/wp-content\/uploads\/2025\/05\/Adjustable-Welding-Rotator-HGK-5-1.png\" alt=\"Rotateur de soudage\" \/><\/p>\n<p>&nbsp;<\/p>\n<p><strong><b>Fabricant de rotateurs de qualit\u00e9 sup\u00e9rieure<\/b><\/strong><\/p>\n<p>1) Avec plus de 20 ans d'exp\u00e9rience sp\u00e9cialis\u00e9e dans la fabrication de rotateurs \u00e0 alignement automatique.<br \/>\n2) Nos produits ont une capacit\u00e9 de charge allant de 5 \u00e0 400 tonnes.<br \/>\n3. nous fournissons les certifications CE et ISO, garantissant la conformit\u00e9 avec des sous-r\u00e9glementations rigoureuses. En outre.<br \/>\n4. nous offrons une garantie d'un an et des pi\u00e8ces d'usure gratuites.<br \/>\n5. notre \u00e9quipe technique hautement qualifi\u00e9e se consacre \u00e0 votre soutien et \u00e0 celui de vos projets \u00e0 grande \u00e9chelle, tels que le soudage d'\u00e9oliennes.<\/p>\n<p><strong><b>Certification des produits<\/b><\/strong><\/p>\n<p>Entrez dans l'avenir de la technologie du soudage gr\u00e2ce \u00e0 nos solutions de pointe.<br \/>\nDes processus automatis\u00e9s aux commandes intuitives, nos produits sont \u00e0 la pointe de l'innovation et vous fournissent les outils dont vous avez besoin pour rester en t\u00eate sur le march\u00e9 concurrentiel d'aujourd'hui !<\/p>\n<p><img decoding=\"async\" src=\"https:\/\/www.weldmc.com\/wp-content\/uploads\/2025\/05\/Roller-frame-product-certificate.png\" alt=\"Certificat de produit pour cadre \u00e0 rouleaux\" \/><\/p>\n<p>Wuxi ABK Machinery Co.Ltd est un fabricant professionnel de rotateur de soudage en Chine. Nos rotateurs de soudage comprennent principalement le rotateur de soudage standard, le rotateur de soudage r\u00e9glable et le rotateur de soudage sp\u00e9cial. Nous pouvons \u00e9galement fournir \u00e0 nos clients du monde entier de nombreux autres produits, y compris la table tournante de soudage, la machine de soudage de pieux, la ligne de production de tours \u00e9oliennes, la ligne de soudage de poutre en H, l'\u00e9quipement de soudage de tuyaux, la machine de coupe CNC, la rectifieuse, la machine de formage de rouleaux, la machine de pliage de plaques, etc. Nous avons obtenu les certifications ISO et CE et nous proposons \u00e9galement des services OEM.<\/p>","protected":false},"excerpt":{"rendered":"<p><strong>Rotateur de soudage WUXI ABK 50 tonnes<\/strong>\u00a0est une solution industrielle robuste pour la rotation de pr\u00e9cision dans la fabrication d'appareils \u00e0 pression et de charpentes m\u00e9talliques. Dot\u00e9 de deux moteurs de 7,5 kW (0,5-5 RPM) et de rouleaux en alliage ZG45 (HRC 55-60), il garantit une pr\u00e9cision de \u00b10,1 mm avec un contr\u00f4le hydraulique anti-recul (&lt;0,5 mm de d\u00e9viation). Le syst\u00e8me PLC Siemens et les capteurs NOVO (r\u00e9solution de 0,01 mm) garantissent des performances fiables. Certifi\u00e9 CE\/ISO avec une garantie de 18 mois, ce rotateur robuste offre une pr\u00e9cision de 40% sup\u00e9rieure \u00e0 celle des mod\u00e8les conventionnels.<\/p>","protected":false},"featured_media":1862,"comment_status":"open","ping_status":"closed","template":"","meta":{"_acf_changed":false},"product_brand":[],"product_cat":[21,42,30],"product_tag":[],"class_list":{"0":"post-1029","1":"product","2":"type-product","3":"status-publish","4":"has-post-thumbnail","6":"product_cat-welding-automation","7":"product_cat-standard-welding-rotator","8":"product_cat-welding-rotator","10":"first","11":"instock","12":"shipping-taxable","13":"product-type-simple"},"acf":[],"_links":{"self":[{"href":"https:\/\/www.weldmc.com\/fr\/wp-json\/wp\/v2\/product\/1029","targetHints":{"allow":["GET"]}}],"collection":[{"href":"https:\/\/www.weldmc.com\/fr\/wp-json\/wp\/v2\/product"}],"about":[{"href":"https:\/\/www.weldmc.com\/fr\/wp-json\/wp\/v2\/types\/product"}],"replies":[{"embeddable":true,"href":"https:\/\/www.weldmc.com\/fr\/wp-json\/wp\/v2\/comments?post=1029"}],"wp:featuredmedia":[{"embeddable":true,"href":"https:\/\/www.weldmc.com\/fr\/wp-json\/wp\/v2\/media\/1862"}],"wp:attachment":[{"href":"https:\/\/www.weldmc.com\/fr\/wp-json\/wp\/v2\/media?parent=1029"}],"wp:term":[{"taxonomy":"product_brand","embeddable":true,"href":"https:\/\/www.weldmc.com\/fr\/wp-json\/wp\/v2\/product_brand?post=1029"},{"taxonomy":"product_cat","embeddable":true,"href":"https:\/\/www.weldmc.com\/fr\/wp-json\/wp\/v2\/product_cat?post=1029"},{"taxonomy":"product_tag","embeddable":true,"href":"https:\/\/www.weldmc.com\/fr\/wp-json\/wp\/v2\/product_tag?post=1029"}],"curies":[{"name":"wp","href":"https:\/\/api.w.org\/{rel}","templated":true}]}}