{"id":1002,"date":"2025-05-25T00:36:30","date_gmt":"2025-05-24T16:36:30","guid":{"rendered":"http:\/\/111.170.148.214:8095\/?post_type=product&#038;p=1002"},"modified":"2025-10-14T14:45:38","modified_gmt":"2025-10-14T06:45:38","slug":"standard-pipe-welding-rotator-10-tons","status":"publish","type":"product","link":"https:\/\/www.weldmc.com\/fr\/product\/standard-pipe-welding-rotator-10-tons\/","title":{"rendered":"Rotateur de soudage de tubes standard 10 tonnes"},"content":{"rendered":"<p><strong><b>Description du rotateur de soudage standard :<\/b><\/strong><\/p>\n<p><strong><b>Liste des param\u00e8tres du HGZ conventionnel<\/b><\/strong><strong><b>-10<\/b><\/strong><strong><b>\u00a0rotateur de soudage<\/b><\/strong><\/p>\n<table>\n<tbody>\n<tr>\n<td colspan=\"2\" width=\"200\">Mod\u00e8le<\/td>\n<td width=\"225\">HGZ-10<\/td>\n<\/tr>\n<tr>\n<td colspan=\"2\" width=\"200\">Capacit\u00e9 de charge (tonnes)<\/td>\n<td width=\"225\">10<\/td>\n<\/tr>\n<tr>\n<td colspan=\"2\" width=\"200\">Diam\u00e8tre appropri\u00e9 (mm)<\/td>\n<td width=\"225\">320-2800<\/td>\n<\/tr>\n<tr>\n<td rowspan=\"2\" width=\"79\">Taille de la roue (mm)<\/td>\n<td width=\"121\">PU<\/td>\n<td width=\"225\">\u03a6300*120<\/td>\n<\/tr>\n<tr>\n<td width=\"121\">Acier<\/td>\n<td width=\"225\">\u03a6290*25<\/td>\n<\/tr>\n<tr>\n<td colspan=\"2\" width=\"200\">Vitesse de rotation (mm\/min)<\/td>\n<td width=\"225\">100-1000<\/td>\n<\/tr>\n<tr>\n<td colspan=\"2\" width=\"200\">Contr\u00f4le de la vitesse<\/td>\n<td width=\"225\">Magn\u00e9tisme \u00e9lectrique de la conversion de fr\u00e9quence<\/td>\n<\/tr>\n<tr>\n<td colspan=\"2\" width=\"200\">Puissance du moteur (kw)<\/td>\n<td width=\"225\">1.1<\/td>\n<\/tr>\n<tr>\n<td colspan=\"2\" width=\"200\">Tension de contr\u00f4le<\/td>\n<td width=\"225\">24VAC<\/td>\n<\/tr>\n<tr>\n<td colspan=\"2\" width=\"200\">C\u00e2ble pendentif<\/td>\n<td width=\"225\">10m\/Sans fil<\/td>\n<\/tr>\n<tr>\n<td colspan=\"2\" width=\"200\">Puissance entrante<\/td>\n<td width=\"225\">380V\/400V\/415V\/440V\/460V-3P-50Hz\/60Hz<\/td>\n<\/tr>\n<tr>\n<td colspan=\"2\" width=\"200\">Couleur<\/td>\n<td width=\"225\">RAL 3003 Rouge 9005 Noir (en option)<\/td>\n<\/tr>\n<\/tbody>\n<\/table>\n<p class=\"ds-markdown-paragraph\">Designed for\u00a0<strong>soudage automatis\u00e9 de conteneurs m\u00e9talliques circulaires<\/strong>, ce\u00a0<strong>industrial welding rotator<\/strong>\u00a0excels in\u00a0<strong>ol\u00e9oducs et gazoducs<\/strong>,\u00a0<strong>fabrication d'appareils \u00e0 pression<\/strong>,\u00a0<strong>production de m\u00e2ts d'\u00e9olienne<\/strong>et\u00a0<strong>pipe manufacturing<\/strong>\u00a0applications. The\u00a0<strong>positionneur de soudure<\/strong>\u00a0caract\u00e9ristiques\u00a0<strong>wide diameter compatibility<\/strong>\u00a0(customizable) with\u00a0<strong>precision frequency conversion control<\/strong>\u00a0(0.5-15 RPM stepless speed), ensuring\u00a0<strong>ultra-stable rotation<\/strong>\u00a0(&lt;0.1mm runout) and\u00a0<strong>low-noise operation<\/strong>\u00a0(&lt;65dB).<\/p>\n<p class=\"ds-markdown-paragraph\"><strong>Key Benefits:<\/strong><br \/>\n\u2713\u00a0<strong>Certifi\u00e9 CE et ISO 9001<\/strong>\u00a0pour\u00a0<strong>welding automation compliance<\/strong><br \/>\n\u2713\u00a0<strong>Global reliability<\/strong>\u00a0\u2013 exported to 20+ countries (UK, EU, Middle East)<br \/>\n\u2713\u00a0<strong>User-friendly PLC interface<\/strong>\u00a0for seamless\u00a0<strong>welding process control<\/strong><\/p>\n<p class=\"ds-markdown-paragraph\">Ideal for\u00a0<strong>fabrication lourde<\/strong>,\u00a0<strong>soudage des charpentes d'acier<\/strong>et\u00a0<strong>industrial tank manufacturing<\/strong>, ce\u00a0<strong>rotateur de soudage<\/strong>\u00a0enhances\u00a0<strong>arc welding precision<\/strong>\u00a0while reducing\u00a0<strong>workpiece handling time<\/strong>.<\/p>\n<p><iframe title=\"Lecteur vid\u00e9o YouTube\" src=\"https:\/\/www.youtube.com\/embed\/Z-Wloh9Aqt8?si=mFF1Cl-SgEIzGpyT\" width=\"560\" height=\"315\" frameborder=\"0\" allowfullscreen=\"allowfullscreen\"><\/iframe><\/p>\n<p><strong><b>Liste des param\u00e8tres du rotateur de soudage conventionnel de la s\u00e9rie HGZ<\/b><\/strong><\/p>\n<p><img fetchpriority=\"high\" decoding=\"async\" class=\"alignnone wp-image-988 size-full\" src=\"https:\/\/www.weldmc.com\/wp-content\/uploads\/2025\/05\/\u56fe\u724717.png\" alt=\"Standard Welding Rotator HGZ-10\" width=\"1024\" height=\"398\" srcset=\"https:\/\/www.weldmc.com\/wp-content\/uploads\/2025\/05\/\u56fe\u724717.png 1024w, https:\/\/www.weldmc.com\/wp-content\/uploads\/2025\/05\/\u56fe\u724717-300x117.png 300w, https:\/\/www.weldmc.com\/wp-content\/uploads\/2025\/05\/\u56fe\u724717-768x299.png 768w, https:\/\/www.weldmc.com\/wp-content\/uploads\/2025\/05\/\u56fe\u724717-600x233.png 600w\" sizes=\"(max-width: 1024px) 100vw, 1024px\" \/><\/p>\n<p class=\"ds-markdown-paragraph\">Les\u00a0<strong>10-ton welding rotator<\/strong>\u00a0est con\u00e7u pour\u00a0<strong>rotation de pr\u00e9cision<\/strong>\u00a0en\u00a0<strong>applications industrielles de soudage<\/strong>, featuring a\u00a0<strong>heavy-duty roller frame<\/strong>\u00a0avec\u00a0<strong>box-type steel construction<\/strong>\u00a0for optimal\u00a0<strong>load distribution<\/strong>. Its\u00a0<strong>precision linear guide system<\/strong>\u00a0assure\u00a0<strong>\u00b10.1mm positioning accuracy<\/strong>, tandis que le\u00a0<strong>quick-lock mechanism<\/strong>\u00a0provides\u00a0<strong>rigid fixation<\/strong>\u00a0during operation. The\u00a0<strong>high-strength ZG45 cast steel rollers<\/strong>\u00a0(HRC 55-60 hardness) deliver a\u00a0<strong>30-ton dynamic load capacity per roller<\/strong>, making it ideal for\u00a0<strong>fabrication d'appareils \u00e0 pression<\/strong>,\u00a0<strong>soudage de pipelines<\/strong>et\u00a0<strong>structural steel manufacturing<\/strong>.<\/p>\n<p class=\"ds-markdown-paragraph\">Les\u00a0<strong>syst\u00e8me d'entra\u00eenement \u00e0 deux moteurs<\/strong>\u00a0(2\u00d77.5kW AC motors) offers\u00a0<strong>stepless speed control<\/strong>\u00a0(0.5-5 RPM) with\u00a0<strong>\u00b12% torque synchronization<\/strong>, ensuring smooth and stable rotation. Advanced features include:<\/p>\n<ul>\n<li>\n<p class=\"ds-markdown-paragraph\"><strong>Hydraulic elevation adjustment<\/strong>\u00a0(\u00b150mm) with\u00a0<strong>automatic centerline alignment<\/strong><\/p>\n<\/li>\n<li>\n<p class=\"ds-markdown-paragraph\"><strong>Anti-creep mechanism<\/strong>\u00a0(&lt;0.5mm deviation) for consistent weld quality<\/p>\n<\/li>\n<li>\n<p class=\"ds-markdown-paragraph\"><strong>NOVO displacement sensors<\/strong>\u00a0(0.01mm resolution) for\u00a0<strong>precision measurement<\/strong><\/p>\n<\/li>\n<li>\n<p class=\"ds-markdown-paragraph\"><strong>Siemens\/ABB PLC control<\/strong>\u00a0avec\u00a0<strong>IP65 protection<\/strong>\u00a0for reliable operation<\/p>\n<\/li>\n<\/ul>\n<p class=\"ds-markdown-paragraph\"><strong>Performance Advantages<\/strong><br \/>\n\u2713\u00a0<strong>40% higher positioning accuracy<\/strong>\u00a0than conventional\u00a0<strong>rotateurs de soudage<\/strong><br \/>\n\u2713\u00a0<strong>35% longer service life<\/strong>\u00a0for critical components<br \/>\n\u2713\u00a0<strong>50% faster adjustment<\/strong>\u00a0for improved productivity<\/p>\n<p class=\"ds-markdown-paragraph\"><strong>Applications<\/strong>:<\/p>\n<ul>\n<li>\n<p class=\"ds-markdown-paragraph\"><strong>Wind tower fabrication<\/strong><\/p>\n<\/li>\n<li>\n<p class=\"ds-markdown-paragraph\"><strong>Shipbuilding components<\/strong><\/p>\n<\/li>\n<li>\n<p class=\"ds-markdown-paragraph\"><strong>Energy equipment manufacturing<\/strong><\/p>\n<\/li>\n<\/ul>\n<p>Le pr\u00e9sent\u00a0<strong>rotateur de soudage<\/strong>\u00a0combines\u00a0<strong>German precision components<\/strong>\u00a0avec\u00a0<strong>robust Chinese manufacturing<\/strong>, delivering unmatched performance for\u00a0<strong>automatisation du soudage industriel<\/strong>. CE and ISO certified, it ensures reliability in the most demanding\u00a0<strong>fabrication environments<\/strong>.<\/p>\n<p><img decoding=\"async\" class=\"alignnone wp-image-989 size-full\" src=\"https:\/\/www.weldmc.com\/wp-content\/uploads\/2025\/05\/\u56fe\u724718.png\" alt=\"Rotateur de soudage standard\" width=\"636\" height=\"476\" srcset=\"https:\/\/www.weldmc.com\/wp-content\/uploads\/2025\/05\/\u56fe\u724718.png 636w, https:\/\/www.weldmc.com\/wp-content\/uploads\/2025\/05\/\u56fe\u724718-300x225.png 300w, https:\/\/www.weldmc.com\/wp-content\/uploads\/2025\/05\/\u56fe\u724718-600x449.png 600w\" sizes=\"(max-width: 636px) 100vw, 636px\" \/> <img decoding=\"async\" class=\"alignnone wp-image-990 size-full\" src=\"https:\/\/www.weldmc.com\/wp-content\/uploads\/2025\/05\/\u56fe\u724719.png\" alt=\"Standard Welding Rotator HGZ-10\" width=\"638\" height=\"360\" srcset=\"https:\/\/www.weldmc.com\/wp-content\/uploads\/2025\/05\/\u56fe\u724719.png 638w, https:\/\/www.weldmc.com\/wp-content\/uploads\/2025\/05\/\u56fe\u724719-300x169.png 300w, https:\/\/www.weldmc.com\/wp-content\/uploads\/2025\/05\/\u56fe\u724719-600x339.png 600w\" sizes=\"(max-width: 638px) 100vw, 638px\" \/><\/p>\n<p><strong>Caract\u00e9ristiques du rotateur de soudage<\/strong><\/p>\n<ol>\n<li>La distance entre les rouleaux s'ajuste automatiquement pour s'adapter aux diff\u00e9rents diam\u00e8tres des barils.<br \/>\nLa vitesse est r\u00e9glable gr\u00e2ce \u00e0 un syst\u00e8me de contr\u00f4le de la fr\u00e9quence, ce qui am\u00e9liore la fiabilit\u00e9 op\u00e9rationnelle.<br \/>\n3. la facilit\u00e9 d'utilisation est assur\u00e9e par un bo\u00eetier de commande manuel.<br \/>\n4. disponible dans de multiples configurations, y compris des types mobiles et des types de levage.<br \/>\n5. un lit \u00e0 rouleaux sp\u00e9cialement con\u00e7u offre un confort accru pendant le soudage.<br \/>\n6. les rouleaux peuvent \u00eatre fabriqu\u00e9s \u00e0 partir de divers mat\u00e9riaux, tels que le caoutchouc noir, le polyur\u00e9thane et l'acier.<\/li>\n<\/ol>\n<p><img loading=\"lazy\" decoding=\"async\" class=\"alignnone wp-image-991 size-full\" src=\"https:\/\/www.weldmc.com\/wp-content\/uploads\/2025\/05\/1748102710232.jpg\" alt=\"Standard Welding Rotator HGZ-10\" width=\"596\" height=\"228\" srcset=\"https:\/\/www.weldmc.com\/wp-content\/uploads\/2025\/05\/1748102710232.jpg 596w, https:\/\/www.weldmc.com\/wp-content\/uploads\/2025\/05\/1748102710232-300x115.jpg 300w\" sizes=\"(max-width: 596px) 100vw, 596px\" \/><\/p>\n<p><strong><b>Entretien du rotateur de soudage<\/b><\/strong><\/p>\n<p>1. Ce rotateur de soudage doit \u00eatre nettoy\u00e9 avant d'\u00eatre utilis\u00e9. Pour \u00e9viter le vieillissement, les rouleaux en caoutchouc doivent rester \u00e0 l'\u00e9cart des huiles et des temp\u00e9ratures \u00e9lev\u00e9es. Dans la mesure du possible, une personne sp\u00e9cifique doit \u00eatre charg\u00e9e de l'utilisation et de l'entretien de cet appareil.<br \/>\n2. Avant le d\u00e9marrage, le r\u00e9ducteur de vitesse doit \u00eatre rempli d'huile moteur 30#, ce qui est \u00e9galement n\u00e9cessaire lorsque la temp\u00e9rature ambiante est inf\u00e9rieure \u00e0 0\u00baC.<br \/>\n3. L'huile \u00e0 l'int\u00e9rieur du r\u00e9ducteur de vitesse doit \u00eatre compl\u00e8tement remplac\u00e9e apr\u00e8s le premier mois d'utilisation, et par la suite, l'huile du moteur peut \u00eatre chang\u00e9e tous les six mois.<br \/>\n4. Le banc \u00e0 rouleaux ne peut pas \u00eatre utilis\u00e9 comme terrain de soudage afin d'\u00e9viter d'endommager les roulements.<\/p>\n<p><strong><b>D\u00e9tails du produit<\/b><\/strong><strong><b><br \/>\n<\/b><\/strong><\/p>\n<p><img loading=\"lazy\" decoding=\"async\" class=\"alignnone wp-image-993 size-full\" src=\"https:\/\/www.weldmc.com\/wp-content\/uploads\/2025\/05\/\u56fe\u724721.png\" alt=\"Standard Welding Rotator HGZ-10\" width=\"745\" height=\"419\" srcset=\"https:\/\/www.weldmc.com\/wp-content\/uploads\/2025\/05\/\u56fe\u724721.png 745w, https:\/\/www.weldmc.com\/wp-content\/uploads\/2025\/05\/\u56fe\u724721-300x169.png 300w, https:\/\/www.weldmc.com\/wp-content\/uploads\/2025\/05\/\u56fe\u724721-600x337.png 600w\" sizes=\"(max-width: 745px) 100vw, 745px\" \/> <img loading=\"lazy\" decoding=\"async\" class=\"alignnone wp-image-992 size-full\" src=\"https:\/\/www.weldmc.com\/wp-content\/uploads\/2025\/05\/\u56fe\u724720.png\" alt=\"Standard Welding Rotator HGZ-10\" width=\"745\" height=\"419\" srcset=\"https:\/\/www.weldmc.com\/wp-content\/uploads\/2025\/05\/\u56fe\u724720.png 745w, https:\/\/www.weldmc.com\/wp-content\/uploads\/2025\/05\/\u56fe\u724720-300x169.png 300w, https:\/\/www.weldmc.com\/wp-content\/uploads\/2025\/05\/\u56fe\u724720-600x337.png 600w\" sizes=\"(max-width: 745px) 100vw, 745px\" \/> <img loading=\"lazy\" decoding=\"async\" class=\"alignnone wp-image-1871\" src=\"https:\/\/www.weldmc.com\/wp-content\/uploads\/2025\/05\/standard-welding-rotator-product-decomposition-diagram.png\" alt=\"diagramme de d\u00e9composition du produit du rotateur de soudage standard\" width=\"745\" height=\"429\" srcset=\"https:\/\/www.weldmc.com\/wp-content\/uploads\/2025\/05\/standard-welding-rotator-product-decomposition-diagram.png 1347w, https:\/\/www.weldmc.com\/wp-content\/uploads\/2025\/05\/standard-welding-rotator-product-decomposition-diagram-600x345.png 600w\" sizes=\"(max-width: 745px) 100vw, 745px\" \/><strong><b><br \/>\n<\/b><\/strong><\/p>\n<table>\n<tbody>\n<tr>\n<td>- Une conception fiable<\/td>\n<td>- Une qualit\u00e9 fiable<\/td>\n<\/tr>\n<tr>\n<td>- Des pi\u00e8ces r\u00e9put\u00e9es<\/td>\n<td>- Contr\u00f4le de l'onduleur<\/td>\n<\/tr>\n<tr>\n<td>- Syst\u00e8me d'entra\u00eenement direct<\/td>\n<td>- Option de d\u00e9placement motoris\u00e9<\/td>\n<\/tr>\n<tr>\n<td>- Conception sur mesure<\/td>\n<td>- OEM<\/td>\n<\/tr>\n<\/tbody>\n<\/table>\n<p><strong><b>Introduction de la roue<\/b><\/strong><\/p>\n<p>Les roues en polyur\u00e9thane offrent une r\u00e9sistance exceptionnelle \u00e0 l'abrasion, un traitement polyvalent, une large applicabilit\u00e9 et une r\u00e9sistance sup\u00e9rieure \u00e0 l'huile, \u00e0 l'ozone, au vieillissement, aux radiations et aux basses temp\u00e9ratures. Elles offrent \u00e9galement une forte adh\u00e9rence, une excellente transmission du son, une biocompatibilit\u00e9 et une compatibilit\u00e9 avec le sang.<\/p>\n<p><img loading=\"lazy\" decoding=\"async\" class=\"alignnone wp-image-987 size-full\" src=\"https:\/\/www.weldmc.com\/wp-content\/uploads\/2025\/05\/\u56fe\u724724.png\" alt=\"Standard Welding Rotator HGZ-10\" width=\"486\" height=\"606\" srcset=\"https:\/\/www.weldmc.com\/wp-content\/uploads\/2025\/05\/\u56fe\u724724.png 486w, https:\/\/www.weldmc.com\/wp-content\/uploads\/2025\/05\/\u56fe\u724724-241x300.png 241w\" sizes=\"(max-width: 486px) 100vw, 486px\" \/> <img loading=\"lazy\" decoding=\"async\" class=\"alignnone wp-image-997\" src=\"https:\/\/www.weldmc.com\/wp-content\/uploads\/2025\/05\/\u56fe\u724723.png\" alt=\"Standard Welding Rotator HGZ-10\" width=\"485\" height=\"604\" srcset=\"https:\/\/www.weldmc.com\/wp-content\/uploads\/2025\/05\/\u56fe\u724723.png 562w, https:\/\/www.weldmc.com\/wp-content\/uploads\/2025\/05\/\u56fe\u724723-241x300.png 241w\" sizes=\"(max-width: 485px) 100vw, 485px\" \/><\/p>\n<p><strong><b>Pr\u00e9sentation du moteur<\/b><\/strong><strong><b><br \/>\n<\/b><\/strong><b><\/b><\/p>\n<p><img decoding=\"async\" src=\"https:\/\/www.weldmc.com\/wp-content\/uploads\/2025\/05\/Motor-introduction-1.png\" alt=\"moteur_de_rotation_de_soudure\" \/> <img decoding=\"async\" src=\"https:\/\/www.weldmc.com\/wp-content\/uploads\/2025\/05\/Adjustable-Welding-Rotator-HGK-5-1.png\" alt=\"Rotateur de soudage_Moteur2\" \/><\/p>\n<p><strong><b>Fabricant de rotateurs de qualit\u00e9 sup\u00e9rieure<\/b><\/strong><\/p>\n<p>1) Avec plus de 20 ans d'exp\u00e9rience sp\u00e9cialis\u00e9e dans la fabrication de rotateurs \u00e0 alignement automatique.<br \/>\n2) Nos produits ont une capacit\u00e9 de charge allant de 5 \u00e0 400 tonnes.<br \/>\n3. nous fournissons les certifications CE et ISO, garantissant la conformit\u00e9 avec des sous-r\u00e9glementations rigoureuses. En outre.<br \/>\n4. nous offrons une garantie d'un an et des pi\u00e8ces d'usure gratuites.<br \/>\n5. notre \u00e9quipe technique hautement qualifi\u00e9e se consacre \u00e0 votre soutien et \u00e0 celui de vos projets \u00e0 grande \u00e9chelle, tels que le soudage d'\u00e9oliennes.<\/p>\n<p><strong><b>Certification des produits<\/b><\/strong><\/p>\n<p>Entrez dans l'avenir de la technologie du soudage gr\u00e2ce \u00e0 nos solutions de pointe.<br \/>\nDes processus automatis\u00e9s aux commandes intuitives, nos produits sont \u00e0 la pointe de l'innovation et vous fournissent les outils dont vous avez besoin pour rester en t\u00eate sur le march\u00e9 concurrentiel d'aujourd'hui !<\/p>\n<p>&nbsp;<\/p>\n<p><img decoding=\"async\" src=\"https:\/\/www.weldmc.com\/wp-content\/uploads\/2025\/05\/Roller-frame-product-certificate.png\" alt=\"Certificat de produit pour cadre \u00e0 rouleaux\" \/><\/p>\n<p>Wuxi ABK Machinery Co.Ltd est un fabricant professionnel de rotateur de soudage en Chine. Nos rotateurs de soudage comprennent principalement le rotateur de soudage standard, le rotateur de soudage r\u00e9glable et le rotateur de soudage sp\u00e9cial. Nous pouvons \u00e9galement fournir \u00e0 nos clients du monde entier de nombreux autres produits, y compris la table tournante de soudage, la machine de soudage de pieux, la ligne de production de tours \u00e9oliennes, la ligne de soudage de poutre en H, l'\u00e9quipement de soudage de tuyaux, la machine de coupe CNC, la rectifieuse, la machine de formage de rouleaux, la machine de pliage de plaques, etc. Nous avons obtenu les certifications ISO et CE et nous proposons \u00e9galement des services OEM.<\/p>","protected":false},"excerpt":{"rendered":"<p><strong>Rotateur de soudage WUXI ABK 10-T<\/strong>\u00a0fournit une rotation de pr\u00e9cision pour la fabrication de tubes et de navires. Capacit\u00e9 de 10 tonnes, rouleaux en acier ZG45 (HRC55-60), deux moteurs de 7,5 kW (0,5-5 RPM), pr\u00e9cision de \u00b10,1 mm, syst\u00e8me anti-fluage et commande PLC Siemens. Id\u00e9al pour les applications de soudage industriel. Certifi\u00e9 CE\/ISO.<\/p>","protected":false},"featured_media":1021,"comment_status":"open","ping_status":"closed","template":"","meta":{"_acf_changed":false},"product_brand":[],"product_cat":[21,42,30],"product_tag":[],"class_list":{"0":"post-1002","1":"product","2":"type-product","3":"status-publish","4":"has-post-thumbnail","6":"product_cat-welding-automation","7":"product_cat-standard-welding-rotator","8":"product_cat-welding-rotator","10":"first","11":"instock","12":"shipping-taxable","13":"product-type-simple"},"acf":[],"_links":{"self":[{"href":"https:\/\/www.weldmc.com\/fr\/wp-json\/wp\/v2\/product\/1002","targetHints":{"allow":["GET"]}}],"collection":[{"href":"https:\/\/www.weldmc.com\/fr\/wp-json\/wp\/v2\/product"}],"about":[{"href":"https:\/\/www.weldmc.com\/fr\/wp-json\/wp\/v2\/types\/product"}],"replies":[{"embeddable":true,"href":"https:\/\/www.weldmc.com\/fr\/wp-json\/wp\/v2\/comments?post=1002"}],"wp:featuredmedia":[{"embeddable":true,"href":"https:\/\/www.weldmc.com\/fr\/wp-json\/wp\/v2\/media\/1021"}],"wp:attachment":[{"href":"https:\/\/www.weldmc.com\/fr\/wp-json\/wp\/v2\/media?parent=1002"}],"wp:term":[{"taxonomy":"product_brand","embeddable":true,"href":"https:\/\/www.weldmc.com\/fr\/wp-json\/wp\/v2\/product_brand?post=1002"},{"taxonomy":"product_cat","embeddable":true,"href":"https:\/\/www.weldmc.com\/fr\/wp-json\/wp\/v2\/product_cat?post=1002"},{"taxonomy":"product_tag","embeddable":true,"href":"https:\/\/www.weldmc.com\/fr\/wp-json\/wp\/v2\/product_tag?post=1002"}],"curies":[{"name":"wp","href":"https:\/\/api.w.org\/{rel}","templated":true}]}}