{"id":999,"date":"2025-05-25T01:09:22","date_gmt":"2025-05-24T17:09:22","guid":{"rendered":"http:\/\/111.170.148.214:8095\/?post_type=product&#038;p=999"},"modified":"2025-10-14T14:53:37","modified_gmt":"2025-10-14T06:53:37","slug":"welding-turntable-equipment-20-tons","status":"publish","type":"product","link":"https:\/\/www.weldmc.com\/es\/product\/welding-turntable-equipment-20-tons\/","title":{"rendered":"Equipo giratorio de soldadura 20 toneladas"},"content":{"rendered":"<p><strong><b>Equipos de soldadura WUXI ABK: Soluciones de rotaci\u00f3n de precisi\u00f3n<\/b><\/strong><\/p>\n<p><img fetchpriority=\"high\" decoding=\"async\" class=\"\" src=\"https:\/\/www.weldmc.com\/wp-content\/uploads\/2025\/05\/3cc87cef83089b4640b34d1f52f77d4.jpg\" alt=\"Plato giratorio de soldadura\" width=\"703\" height=\"527\" \/><\/p>\n<p><strong><b>Ventajas t\u00e9cnicas<\/b><\/strong><\/p>\n<p>\u2714 Rotaci\u00f3n programable - El control digital mantiene 0,1-1,2 RPM para diversos requisitos de uni\u00f3n.<\/p>\n<p>\u2714 Carga optimizada - Capacidad est\u00e1ndar de 1-50 toneladas con configuraciones personalizadas disponibles.<\/p>\n<p>\u2714 Superficie adaptable: la mesa de trabajo modular admite montajes de 800 a 6000 mm de di\u00e1metro.<\/p>\n<p>\u2714 Movimiento de precisi\u00f3n: la repetibilidad de \u00b10,5 mm garantiza la precisi\u00f3n de la articulaci\u00f3n.<\/p>\n<p><img decoding=\"async\" class=\"\" src=\"https:\/\/www.weldmc.com\/wp-content\/uploads\/2025\/05\/Welding-Turntable-Technical-Advantages_1.png\" alt=\"Plataforma giratoria de soldadura Ventajas t\u00e9cnicas_1\" width=\"701\" height=\"496\" \/> <img decoding=\"async\" class=\"\" src=\"https:\/\/www.weldmc.com\/wp-content\/uploads\/2025\/05\/Welding-Turntable-Technical-Advantages_2.png\" alt=\"Plataforma giratoria de soldadura Ventajas t\u00e9cnicas_2\" width=\"702\" height=\"395\" \/><\/p>\n<p><strong><b>Implantaci\u00f3n industrial<\/b><\/strong><\/p>\n<p>La plataforma giratoria de soldadura cumple funciones cr\u00edticas en:<\/p>\n<ul>\n<li>Fabricaci\u00f3n de recipientes cil\u00edndricos a presi\u00f3n<\/li>\n<li>Fabricaci\u00f3n de componentes del sector energ\u00e9tico<\/li>\n<li>Producci\u00f3n de estructuras pesadas de acero<\/li>\n<li>Aplicaciones en la construcci\u00f3n naval<\/li>\n<\/ul>\n<p><img loading=\"lazy\" decoding=\"async\" class=\"\" src=\"https:\/\/www.weldmc.com\/wp-content\/uploads\/2025\/05\/Welding-Turntable-Technical-Advantages_4.png\" alt=\"Plataforma giratoria de soldadura Ventajas t\u00e9cnicas_4\" width=\"706\" height=\"523\" \/> <img loading=\"lazy\" decoding=\"async\" class=\"\" src=\"https:\/\/www.weldmc.com\/wp-content\/uploads\/2025\/05\/Welding-Turntable-Technical-Advantages_3.png\" alt=\"Plataforma giratoria de soldadura Ventajas t\u00e9cnicas_3\" width=\"707\" height=\"487\" \/><\/p>\n<p>Composici\u00f3n mec\u00e1nica<\/p>\n<ul>\n<li>Base de apoyo reforzada con rodamientos industriales<\/li>\n<li>Sistema de accionamiento de frecuencia variable<\/li>\n<li>Superficies de montaje intercambiables<\/li>\n<li>Opciones de caja de seguridad<\/li>\n<\/ul>\n<p><img decoding=\"async\" src=\"https:\/\/www.weldmc.com\/wp-content\/uploads\/2025\/05\/Welding-Turntable-Technical-Advantages_5.png\" alt=\"Plataforma giratoria de soldadura Ventajas t\u00e9cnicas_5\" \/> <img decoding=\"async\" src=\"https:\/\/www.weldmc.com\/wp-content\/uploads\/2025\/05\/Welding-Turntable-Technical-Advantages_6.png\" alt=\"Plataforma giratoria de soldadura Ventajas t\u00e9cnicas_6\" \/><\/p>\n<p><strong><b>Servicios de ingenier\u00eda personalizados<\/b><\/strong><\/p>\n<p>WUXI ABK proporciona:<\/p>\n<ul>\n<li>Tratamientos superficiales especializados<\/li>\n<li>Sistemas automatizados de retroalimentaci\u00f3n de posici\u00f3n<\/li>\n<li>Control de calidad integrado<\/li>\n<li>Personalizaci\u00f3n de la interfaz del operador<\/li>\n<\/ul>\n<p><img decoding=\"async\" src=\"https:\/\/www.weldmc.com\/wp-content\/uploads\/2025\/05\/Welding-Turntable-Technical-Advantages_7.png\" alt=\"Plataforma giratoria de soldadura Ventajas t\u00e9cnicas_7\" \/> <img loading=\"lazy\" decoding=\"async\" class=\"\" src=\"https:\/\/www.weldmc.com\/wp-content\/uploads\/2025\/05\/Welding-Turntable-Technical-Advantages_8.png\" alt=\"Plataforma giratoria de soldadura Ventajas t\u00e9cnicas_8\" width=\"708\" height=\"518\" \/><\/p>\n<p><strong><b>Excelencia en la fabricaci\u00f3n<\/b><\/strong><\/p>\n<p>Nuestros sistemas de rotaci\u00f3n se caracterizan por:<\/p>\n<ul>\n<li>Procesos de producci\u00f3n con certificaci\u00f3n ISO<\/li>\n<li>Pruebas de validaci\u00f3n del rendimiento<\/li>\n<li>Cobertura de servicio ampliada<\/li>\n<li>Red mundial de asistencia t\u00e9cnica<\/li>\n<\/ul>\n<table>\n<tbody>\n<tr>\n<td colspan=\"3\" width=\"599\"><strong>Modelo<\/strong><\/td>\n<td width=\"354\"><strong>HB-<\/strong><strong>2<\/strong><strong>0<\/strong><strong>0<\/strong><\/td>\n<\/tr>\n<tr>\n<td width=\"363\"><strong>Capacidad de carga<\/strong><\/td>\n<td width=\"127\">(KG)<\/td>\n<td width=\"109\"><\/td>\n<td width=\"354\">20000<\/td>\n<\/tr>\n<tr>\n<td width=\"363\"><strong>Velocidad de rotaci\u00f3n<\/strong><\/td>\n<td width=\"127\">(RPM)<\/td>\n<td width=\"109\"><\/td>\n<td width=\"354\">0.05-0.5<\/td>\n<\/tr>\n<tr>\n<td width=\"363\"><strong>Tama\u00f1o de la mesa de trabajo<\/strong><strong>\u00a0Di\u00e1metro<\/strong><\/td>\n<td width=\"127\">(MM)<\/td>\n<td width=\"109\"><\/td>\n<td width=\"354\">2000<\/td>\n<\/tr>\n<tr>\n<td width=\"363\"><strong>P<\/strong><strong>ower<\/strong><\/td>\n<td width=\"127\">(KW)<\/td>\n<td width=\"109\"><\/td>\n<td width=\"354\">4<\/td>\n<\/tr>\n<tr>\n<td width=\"363\"><strong>Fuente de alimentaci\u00f3n<\/strong><\/td>\n<td width=\"127\">(V)<\/td>\n<td width=\"109\">50Hz 3\u0278<\/td>\n<td width=\"354\">380<\/td>\n<\/tr>\n<tr>\n<td width=\"363\"><strong>Tipo regulador de velocidad<\/strong><\/td>\n<td width=\"127\"><\/td>\n<td width=\"109\"><\/td>\n<td width=\"354\">Regulaci\u00f3n continua de la velocidad de la frecuencia de CA<\/td>\n<\/tr>\n<tr>\n<td colspan=\"4\" width=\"954\">Nota: Todas las especificaciones corresponden al equipamiento est\u00e1ndar, que puede modificarse seg\u00fan las necesidades del cliente.<\/td>\n<\/tr>\n<\/tbody>\n<\/table>\n<p><iframe title=\"Reproductor de v\u00eddeo YouTube\" src=\"https:\/\/www.youtube.com\/embed\/ogA4Xe60nSw?si=kQldmzj4am4dQamH\" width=\"560\" height=\"315\" frameborder=\"0\" allowfullscreen=\"allowfullscreen\"><\/iframe><\/p>\n<p>En\u00a0<strong>Plataforma giratoria de soldadura WUXI ABK de 20 toneladas<\/strong>\u00a0es un\u00a0<strong>plataforma giratoria de precisi\u00f3n<\/strong>\u00a0dise\u00f1ado para\u00a0<strong>medium to heavy workpiece welding<\/strong>incluyendo\u00a0<strong>pipes, flanges, and structural components<\/strong>. En\u00a0<strong>Rotaci\u00f3n suave de 360<\/strong>\u00a0con\u00a0<strong>velocidad regulable (1-10 RPM)<\/strong>Este\u00a0<strong>industrial-grade turntable<\/strong>\u00a0garantiza\u00a0<strong>consistent weld seam quality<\/strong>\u00a0while reducing labor time by\u00a0<strong>50%<\/strong>\u00a0compared to manual methods. Built for\u00a0<strong>durability and stability<\/strong>, it supports\u00a0<strong>up to 20 tons<\/strong>\u00a0con\u00a0<strong>vibration-free operation<\/strong>.<\/p>\n<p><strong><b>Technology Funcation<\/b><\/strong><\/p>\n<table>\n<tbody>\n<tr>\n<td>- Dise\u00f1o de confianza<\/td>\n<td>- Calidad fiable<\/td>\n<\/tr>\n<tr>\n<td>- Piezas de renombre<\/td>\n<td>- Control del inversor<\/td>\n<\/tr>\n<tr>\n<td>- Sistema de transmisi\u00f3n directa<\/td>\n<td>- Opci\u00f3n de desplazamiento motorizado<\/td>\n<\/tr>\n<tr>\n<td>- Dise\u00f1o personalizado a medida<\/td>\n<td>- OEM<\/td>\n<\/tr>\n<\/tbody>\n<\/table>\n<p><img decoding=\"async\" src=\"https:\/\/www.weldmc.com\/wp-content\/uploads\/2025\/05\/Welding-Turntable-Technology-Funcation.png\" alt=\"Tecnolog\u00eda de mesa giratoria de soldadura Funcation\" \/><\/p>\n<p><strong><b>Lista de par\u00e1metros de la mesa giratoria de soldadura convencional\u00a0<\/b><\/strong><\/p>\n<p>&nbsp;<\/p>\n<p><img decoding=\"async\" src=\"https:\/\/www.weldmc.com\/wp-content\/uploads\/2025\/05\/Parameter-list-of-conventional-Welding-Turntable-.png\" alt=\"Lista de par\u00e1metros de la mesa giratoria de soldadura convencional\u00a0\" \/><\/p>\n<p class=\"ds-markdown-paragraph\"><strong>Caracter\u00edsticas principales:<\/strong><\/p>\n<ul>\n<li>\n<p class=\"ds-markdown-paragraph\"><strong>Heavy-duty steel construction<\/strong>\u00a0con\u00a0<strong>6 costillas de soporte de alta rigidez<\/strong>\u00a0(deformation resistance &lt;0.08mm\/m\u00b2)<\/p>\n<\/li>\n<li>\n<p class=\"ds-markdown-paragraph\"><strong>Precision worm gear transmission<\/strong>\u00a0(ISO 5 grade, zero-backlash, 10,000+ hour service life)<\/p>\n<\/li>\n<li>\n<p class=\"ds-markdown-paragraph\"><strong>Multi-position T-slot worktable<\/strong>\u00a0(6 slots, 14mm width, 5000N clamping force per slot)<\/p>\n<\/li>\n<li>\n<p class=\"ds-markdown-paragraph\"><strong>Intelligent control system<\/strong>\u00a0(touchscreen HMI, automatic lubrication, IP54 protection)<\/p>\n<\/li>\n<li>\n<p class=\"ds-markdown-paragraph\"><strong>Stabilized base<\/strong>\u00a0(200mm steel plate, 8-point leveling, &lt;0.01mm vibration absorption)<\/p>\n<\/li>\n<\/ul>\n<p class=\"ds-markdown-paragraph\"><strong>Ventajas de rendimiento:<\/strong><br \/>\n\u2713\u00a0<strong>40% configuraci\u00f3n m\u00e1s r\u00e1pida<\/strong>\u00a0con\u00a0<strong>one-touch operation<\/strong><br \/>\n\u2713\u00a0<strong>60% reduction in workpiece deformation<\/strong>\u00a0due to\u00a0<strong>military-grade welding seams<\/strong><br \/>\n\u2713\u00a0<strong>30% mayor vida \u00fatil<\/strong>\u00a0compared to standard turntables<\/p>\n<p class=\"ds-markdown-paragraph\"><strong>Aplicaciones:<\/strong><br \/>\n\u2714\u00a0<strong>Pipe and flange welding<\/strong><br \/>\n\u2714\u00a0<strong>Structural steel fabrication<\/strong><br \/>\n\u2714\u00a0<strong>Pressure vessel assembly<\/strong><br \/>\n\u2714\u00a0<strong>Heavy machinery component production<\/strong><\/p>\n<p>1. Rodamiento giratorio<\/p>\n<p><img decoding=\"async\" src=\"https:\/\/www.weldmc.com\/wp-content\/uploads\/2025\/05\/Slewing-bearing.png\" alt=\"Rodamiento giratorio\" \/><\/p>\n<p>El rodamiento de giro es el elemento b\u00e1sico de fuerza de la m\u00e1quina, que requiere la rotaci\u00f3n relativa entre las dos partes y soporta la fuerza axial, la fuerza radial y el momento de vuelco al mismo tiempo.su funci\u00f3n b\u00e1sica es utilizar pernos para fijarlo en los soportes superior e inferior del equipo mec\u00e1nico para transmitir la fuerza y la unidad a fin de realizar la rotaci\u00f3n relativa entre las dos partes del equipo mec\u00e1nico.el soporte giratorio generalmente tiene orificios de instalaci\u00f3n, engranajes internos o externos, orificios de lubricaci\u00f3n y dispositivos de sellado. Tiene las caracter\u00edsticas de estructura compacta, peso ligero, buen acero estructural, funcionamiento suave, alta precisi\u00f3n, seguridad y fiabilidad.<br \/>\nEl rodamiento giratorio es una parte b\u00e1sica del equipo mec\u00e1nico y ampliamente utilizado en varias industrias de la econom\u00eda nacional. Es ampliamente utilizado en maquinaria de construcci\u00f3n, maquinaria portuaria, maquinaria metal\u00fargica, maquinaria minera, maquinaria de petr\u00f3leo, maquinaria qu\u00edmica, equipos m\u00e9dicos, maquinaria naval, maquinaria industrial ligera, maquinaria de protecci\u00f3n del medio ambiente, equipos de entretenimiento, equipos de maquinaria de transporte.soportes de oscilaci\u00f3n se utilizan cada vez m\u00e1s en proyectos de ahorro de energ\u00eda y protecci\u00f3n del medio ambiente, tales como turbinas de viento que requieren una variedad de kits de soporte de oscilaci\u00f3n del poste de precisi\u00f3n.<\/p>\n<ol start=\"2\">\n<li>Engranaje<\/li>\n<\/ol>\n<p><img decoding=\"async\" src=\"https:\/\/www.weldmc.com\/wp-content\/uploads\/2025\/05\/Gear_1.png\" alt=\"Engranaje_1\" \/><\/p>\n<p>El engranaje es una pieza mec\u00e1nica parecida a una rueda que transmite el par mediante el engranaje de los dientes. Mediante la transmisi\u00f3n con otras piezas mec\u00e1nicas dentadas (como otro engranaje, la cremallera Dao y el tornillo sin fin), el engranaje puede cambiar la velocidad y el par, cambiar la direcci\u00f3n del movimiento y cambiar la forma del movimiento.<\/p>\n<p><img decoding=\"async\" src=\"https:\/\/www.weldmc.com\/wp-content\/uploads\/2025\/05\/Gear_2.png\" alt=\"Engranaje_2\" \/><\/p>\n<p>3.Reductor<\/p>\n<p><img decoding=\"async\" src=\"https:\/\/www.weldmc.com\/wp-content\/uploads\/2025\/05\/Reducer.png\" alt=\"Reductor\" \/><\/p>\n<p>El reductor es un tipo de mecanismo de transmisi\u00f3n de potencia, que utiliza el convertidor de velocidad de engranaje para reducir el n\u00famero de rotaci\u00f3n del motor al n\u00famero de rotaci\u00f3n requerido y obtener una estructura con gran par.<\/p>\n<p>Funci\u00f3n del reductor:Reducir la velocidad y aumentar el par de salida al mismo tiempo. La relaci\u00f3n de salida de par se multiplica por la relaci\u00f3n de deceleraci\u00f3n de salida del motor, pero no deber\u00e1 superar el par nominal del reductor.Al mismo tiempo, la inercia del lo.ad se reduce al cuadrado de la relaci\u00f3n de deceleraci\u00f3n.<\/p>\n<p>4. Motor<\/p>\n<p><img decoding=\"async\" src=\"https:\/\/www.weldmc.com\/wp-content\/uploads\/2025\/05\/Motor_2.png\" alt=\"Motor_2\" \/> <img decoding=\"async\" src=\"https:\/\/www.weldmc.com\/wp-content\/uploads\/2025\/05\/Motor_1.png\" alt=\"Motor_1\" \/><\/p>\n<p><strong><b>Soldadura <\/b><\/strong><strong><b>Plato giratorio<\/b><\/strong><strong><b>\u00a0Pautas de mantenimiento<\/b><\/strong><\/p>\n<p><strong><b>Contenidos b\u00e1sicos de mantenimiento<\/b><\/strong><\/p>\n<p>Mantenimiento diario: limpieza de la escoria de soldadura, comprobaci\u00f3n de la lubricaci\u00f3n y seguridad el\u00e9ctrica.<\/p>\n<p>Mantenimiento peri\u00f3dico: apriete los pernos, compruebe el mecanismo de transmisi\u00f3n y compruebe la funci\u00f3n de seguridad.<\/p>\n<p>Mantenimiento en profundidad: sustituci\u00f3n anual de las piezas desgastadas, relubricaci\u00f3n y calibraci\u00f3n del sistema.<\/p>\n<p>Aviso anticipado de aver\u00eda: pare inmediatamente cuando se produzca un ruido anormal o una rotaci\u00f3n irregular.<\/p>\n<p><strong><b>Mantener el valor<\/b><\/strong><\/p>\n<ul>\n<li>Prolongar la vida \u00fatil de los equipos m\u00e1s de 30%<\/li>\n<li>Reduzca los tiempos de inactividad repentinos<\/li>\n<li>Garantizar la estabilidad de la precisi\u00f3n de la soldadura.<\/li>\n<\/ul>\n<p><strong><b>Certificaci\u00f3n de productos<\/b><\/strong><br \/>\nAd\u00e9ntrese en el futuro de la tecnolog\u00eda de soldadura con nuestras soluciones de vanguardia.<br \/>\nDesde procesos automatizados hasta controles intuitivos, nuestros productos est\u00e1n a la vanguardia de la innovaci\u00f3n y le proporcionan las herramientas que necesita para mantenerse a la cabeza en el competitivo mercado actual.<\/p>\n<p><img decoding=\"async\" src=\"https:\/\/www.weldmc.com\/wp-content\/uploads\/2025\/05\/Product-certification.png\" alt=\"Certificaci\u00f3n de productos\" \/><\/p>\n<p>Wuxi ABK Machinery Co.Ltd es un fabricante profesional de rotador de soldadura en China. Y nuestro rotador de soldadura incluye principalmente rotador de soldadura est\u00e1ndar, rotador de soldadura ajustable y rotador de soldadura especial. Tambi\u00e9n podemos ofrecer a nuestros clientes en todo el mundo muchos otros productos, incluyendo la plataforma giratoria de soldadura, m\u00e1quina de soldadura de pilotes, l\u00ednea de producci\u00f3n de torres e\u00f3licas, l\u00ednea de soldadura de vigas H, equipos de soldadura de tuber\u00edas, m\u00e1quina de corte CNC, m\u00e1quina rectificadora, m\u00e1quina perfiladora, m\u00e1quina curvadora de placas, etc. Hemos obtenido la certificaci\u00f3n ISO y CE, y tambi\u00e9n ofrecemos servicio OEM.<\/p>","protected":false},"excerpt":{"rendered":"<p><strong>Plataforma giratoria de soldadura WUXI ABK de 20 toneladas<\/strong>\u00a0ofrece una rotaci\u00f3n de precisi\u00f3n para trabajos de fabricaci\u00f3n de intensidad media. Con un robusto bastidor de acero y control de velocidad de 0,5-5 RPM, maneja recipientes a presi\u00f3n, acero estructural y componentes de maquinaria. Con una precisi\u00f3n de \u00b10,2 mm y protecci\u00f3n IP54, esta mesa giratoria con certificaci\u00f3n CE garantiza un rendimiento fiable en entornos industriales.<\/p>","protected":false},"featured_media":2047,"comment_status":"open","ping_status":"closed","template":"","meta":{"_acf_changed":false},"product_brand":[],"product_cat":[21,29,38],"product_tag":[],"class_list":{"0":"post-999","1":"product","2":"type-product","3":"status-publish","4":"has-post-thumbnail","6":"product_cat-welding-automation","7":"product_cat-welding-positioner","8":"product_cat-welding-turntable","10":"first","11":"instock","12":"shipping-taxable","13":"product-type-simple"},"acf":[],"_links":{"self":[{"href":"https:\/\/www.weldmc.com\/es\/wp-json\/wp\/v2\/product\/999","targetHints":{"allow":["GET"]}}],"collection":[{"href":"https:\/\/www.weldmc.com\/es\/wp-json\/wp\/v2\/product"}],"about":[{"href":"https:\/\/www.weldmc.com\/es\/wp-json\/wp\/v2\/types\/product"}],"replies":[{"embeddable":true,"href":"https:\/\/www.weldmc.com\/es\/wp-json\/wp\/v2\/comments?post=999"}],"wp:featuredmedia":[{"embeddable":true,"href":"https:\/\/www.weldmc.com\/es\/wp-json\/wp\/v2\/media\/2047"}],"wp:attachment":[{"href":"https:\/\/www.weldmc.com\/es\/wp-json\/wp\/v2\/media?parent=999"}],"wp:term":[{"taxonomy":"product_brand","embeddable":true,"href":"https:\/\/www.weldmc.com\/es\/wp-json\/wp\/v2\/product_brand?post=999"},{"taxonomy":"product_cat","embeddable":true,"href":"https:\/\/www.weldmc.com\/es\/wp-json\/wp\/v2\/product_cat?post=999"},{"taxonomy":"product_tag","embeddable":true,"href":"https:\/\/www.weldmc.com\/es\/wp-json\/wp\/v2\/product_tag?post=999"}],"curies":[{"name":"wp","href":"https:\/\/api.w.org\/{rel}","templated":true}]}}