{"id":996,"date":"2025-05-25T01:02:56","date_gmt":"2025-05-24T17:02:56","guid":{"rendered":"http:\/\/111.170.148.214:8095\/?post_type=product&#038;p=996"},"modified":"2025-10-14T14:59:52","modified_gmt":"2025-10-14T06:59:52","slug":"welding-turntable-positioner-1ton","status":"publish","type":"product","link":"https:\/\/www.weldmc.com\/es\/product\/welding-turntable-positioner-1ton\/","title":{"rendered":"Posicionador giratorio de soldadura 1ton"},"content":{"rendered":"<p><strong><b>Equipos de soldadura WUXI ABK: Soluciones de rotaci\u00f3n de precisi\u00f3n<\/b><\/strong><\/p>\n<p><img fetchpriority=\"high\" decoding=\"async\" class=\"\" src=\"https:\/\/www.weldmc.com\/wp-content\/uploads\/2025\/05\/3cc87cef83089b4640b34d1f52f77d4.jpg\" alt=\"Plato giratorio de soldadura\" width=\"705\" height=\"528\" \/><\/p>\n<p><strong><b>Ventajas t\u00e9cnicas<\/b><\/strong><\/p>\n<p>\u2714 Rotaci\u00f3n programable - El control digital mantiene 0,1-1,2 RPM para diversos requisitos de uni\u00f3n.<\/p>\n<p>\u2714 Carga optimizada - Capacidad est\u00e1ndar de 1-50 toneladas con configuraciones personalizadas disponibles.<\/p>\n<p>\u2714 Superficie adaptable: la mesa de trabajo modular admite montajes de 800 a 6000 mm de di\u00e1metro.<\/p>\n<p>\u2714 Movimiento de precisi\u00f3n: la repetibilidad de \u00b10,5 mm garantiza la precisi\u00f3n de la articulaci\u00f3n.<\/p>\n<p><img decoding=\"async\" class=\"\" src=\"https:\/\/www.weldmc.com\/wp-content\/uploads\/2025\/05\/welding-turntabe_1.jpg\" alt=\"\" width=\"706\" height=\"529\" \/> <img decoding=\"async\" class=\"\" src=\"https:\/\/www.weldmc.com\/wp-content\/uploads\/2025\/05\/welding-turntabe_2.jpg\" alt=\"soldadura turntabe_30T\" width=\"708\" height=\"398\" \/><\/p>\n<p class=\"ds-markdown-paragraph\">This industrial-grade welding turntable delivers precision rotation for critical fabrication processes across multiple sectors. Designed for cylindrical pressure container manufacturing, the unit excels in energy sector component production and heavy steel structure assembly, while also meeting marine construction requirements. Its robust mechanical design incorporates industrial-grade bearings within a reinforced support base, paired with a variable frequency drive system for optimal performance.<\/p>\n<p class=\"ds-markdown-paragraph\">Key features include:<\/p>\n<ul>\n<li>\n<p class=\"ds-markdown-paragraph\">Interchangeable mounting surfaces for versatile workpiece handling<\/p>\n<\/li>\n<li>\n<p class=\"ds-markdown-paragraph\">Available safety-rated enclosure options for hazardous environments<\/p>\n<\/li>\n<li>\n<p class=\"ds-markdown-paragraph\">Precision-engineered rotation mechanism with \u00b10.5\u00b0 positioning accuracy<\/p>\n<\/li>\n<\/ul>\n<p class=\"ds-markdown-paragraph\">WUXI ABK enhances standard models with custom engineering services:<br \/>\n\u2022 Specialized surface treatments for corrosion resistance<br \/>\n\u2022 Automated position feedback systems integration<br \/>\n\u2022 Real-time quality monitoring capabilities<br \/>\n\u2022 Customized operator interfaces<\/p>\n<p>The system&#8217;s modular design allows for seamless integration into existing production lines, with optional automation interfaces for robotic welding applications. CE and ISO certified, each unit undergoes rigorous quality testing before shipment.<\/p>\n<p><img decoding=\"async\" src=\"https:\/\/www.weldmc.com\/wp-content\/uploads\/2025\/05\/Welding-Turntable-Technical-Advantages_4.png\" alt=\"Plataforma giratoria de soldadura Ventajas t\u00e9cnicas_4\" \/> <img loading=\"lazy\" decoding=\"async\" class=\"\" src=\"https:\/\/www.weldmc.com\/wp-content\/uploads\/2025\/05\/Welding-Turntable-Technical-Advantages_3.png\" alt=\"Plataforma giratoria de soldadura Ventajas t\u00e9cnicas_3\" width=\"749\" height=\"516\" \/><\/p>\n<p><strong><b>Excelencia en la fabricaci\u00f3n<\/b><\/strong><\/p>\n<p>Nuestros sistemas de rotaci\u00f3n se caracterizan por:<\/p>\n<ul>\n<li>Procesos de producci\u00f3n con certificaci\u00f3n ISO<\/li>\n<li>Pruebas de validaci\u00f3n del rendimiento<\/li>\n<li>Cobertura de servicio ampliada<\/li>\n<li>Red mundial de asistencia t\u00e9cnica<\/li>\n<\/ul>\n<table>\n<tbody>\n<tr>\n<td colspan=\"3\" width=\"599\"><strong>Modelo<\/strong><\/td>\n<td width=\"354\"><strong>HB-<\/strong><strong>10<\/strong><\/td>\n<\/tr>\n<tr>\n<td width=\"363\"><strong>Capacidad de carga<\/strong><\/td>\n<td width=\"127\">(KG)<\/td>\n<td width=\"109\"><\/td>\n<td width=\"354\">1000<\/td>\n<\/tr>\n<tr>\n<td width=\"363\"><strong>Velocidad de rotaci\u00f3n<\/strong><\/td>\n<td width=\"127\">(RPM)<\/td>\n<td width=\"109\"><\/td>\n<td width=\"354\">0.1-1<\/td>\n<\/tr>\n<tr>\n<td width=\"363\"><strong>Tama\u00f1o de la mesa de trabajo<\/strong><strong>\u00a0Di\u00e1metro<\/strong><\/td>\n<td width=\"127\">(MM)<\/td>\n<td width=\"109\"><\/td>\n<td width=\"354\">1200<\/td>\n<\/tr>\n<tr>\n<td width=\"363\"><strong>P<\/strong><strong>ower<\/strong><\/td>\n<td width=\"127\">(KW)<\/td>\n<td width=\"109\"><\/td>\n<td width=\"354\">0.75<\/td>\n<\/tr>\n<tr>\n<td width=\"363\"><strong>Fuente de alimentaci\u00f3n<\/strong><\/td>\n<td width=\"127\">(V)<\/td>\n<td width=\"109\">50Hz 3\u0278<\/td>\n<td width=\"354\">380<\/td>\n<\/tr>\n<tr>\n<td width=\"363\"><strong>Tipo regulador de velocidad<\/strong><\/td>\n<td width=\"127\"><\/td>\n<td width=\"109\"><\/td>\n<td width=\"354\">Regulaci\u00f3n continua de la velocidad de la frecuencia de CA<\/td>\n<\/tr>\n<tr>\n<td colspan=\"4\" width=\"954\">Nota: Todas las especificaciones corresponden al equipamiento est\u00e1ndar, que puede modificarse seg\u00fan las necesidades del cliente.<\/td>\n<\/tr>\n<\/tbody>\n<\/table>\n<p><iframe title=\"Reproductor de v\u00eddeo YouTube\" src=\"https:\/\/www.youtube.com\/embed\/ogA4Xe60nSw?si=kQldmzj4am4dQamH\" width=\"560\" height=\"315\" frameborder=\"0\" allowfullscreen=\"allowfullscreen\"><\/iframe><\/p>\n<p class=\"ds-markdown-paragraph\">Our welding turntable provides precision 360\u00b0 rotation for small to medium workpieces, including pipes, flanges, and structural components. Engineered for efficiency, it features adjustable speed control (1-10 RPM) to ensure consistent weld quality while reducing labor time by 50% compared to manual positioning. The heavy-duty construction supports loads up to 500kg with exceptional stability.<\/p>\n<p class=\"ds-markdown-paragraph\"><strong>Caracter\u00edsticas principales:<\/strong><\/p>\n<ul>\n<li>\n<p class=\"ds-markdown-paragraph\"><strong>Smooth Rotation:<\/strong>\u00a0Continuous 360\u00b0 movement for uninterrupted welding<\/p>\n<\/li>\n<li>\n<p class=\"ds-markdown-paragraph\"><strong>Variable Speed Control:<\/strong>\u00a0Optimized for different welding processes<\/p>\n<\/li>\n<li>\n<p class=\"ds-markdown-paragraph\"><strong>Robust Build:<\/strong>\u00a0Durable design for long-term industrial use<\/p>\n<\/li>\n<li>\n<p class=\"ds-markdown-paragraph\"><strong>Customizable Options:<\/strong>\u00a0Available in motorized travel and direct drive configurations<\/p>\n<\/li>\n<\/ul>\n<p class=\"ds-markdown-paragraph\"><strong>Technology Highlights:<\/strong><br \/>\n\u2714\u00a0<strong>Premium Components:<\/strong>\u00a0High-quality motors and inverters for reliable performance<br \/>\n\u2714\u00a0<strong>Precision Engineering:<\/strong>\u00a0Ensures accurate workpiece positioning<br \/>\n\u2714\u00a0<strong>OEM &amp; Custom Solutions:<\/strong>\u00a0Tailored designs to meet specific production needs<\/p>\n<p class=\"ds-markdown-paragraph\"><strong>Aplicaciones:<\/strong><\/p>\n<ul>\n<li>\n<p class=\"ds-markdown-paragraph\"><strong>Pipe &amp; Flange Welding<\/strong><\/p>\n<\/li>\n<li>\n<p class=\"ds-markdown-paragraph\"><strong>Structural Fabrication<\/strong><\/p>\n<\/li>\n<li>\n<p class=\"ds-markdown-paragraph\"><strong>Maintenance &amp; Repair Work<\/strong><\/p>\n<\/li>\n<li>\n<p class=\"ds-markdown-paragraph\"><strong>Robotic Welding Integration<\/strong><\/p>\n<\/li>\n<\/ul>\n<p><img decoding=\"async\" src=\"https:\/\/www.weldmc.com\/wp-content\/uploads\/2025\/05\/Welding-Turntable-Technology-Funcation.png\" alt=\"Tecnolog\u00eda de mesa giratoria de soldadura Funcation\" \/><\/p>\n<p><strong><b>Lista de par\u00e1metros de la mesa giratoria de soldadura convencional\u00a0<\/b><\/strong><\/p>\n<p><img decoding=\"async\" src=\"https:\/\/www.weldmc.com\/wp-content\/uploads\/2025\/05\/Parameter-list-of-conventional-Welding-Turntable-.png\" alt=\"Lista de par\u00e1metros de la mesa giratoria de soldadura convencional\u00a0\" \/><\/p>\n<p><strong><b>Caracter\u00edsticas<\/b><\/strong><\/p>\n<p>1.<strong><b>Mesa de trabajo multiposici\u00f3n con ranuras en T<\/b><\/strong><\/p>\n<p>6 ranuras en T de alta resistencia (14 mm de ancho)<\/p>\n<p>Fuerza de sujeci\u00f3n m\u00e1xima: 5000N por ranura<\/p>\n<p>Posicionamiento ajustable en 360<\/p>\n<p><img loading=\"lazy\" decoding=\"async\" class=\"\" src=\"https:\/\/www.weldmc.com\/wp-content\/uploads\/2025\/05\/Welding-Turntable-Technical-Advantages_9.png\" alt=\"Welding Turntable Technical Advantages_9\" width=\"506\" height=\"368\" \/><img decoding=\"async\" src=\"https:\/\/www.weldmc.com\/wp-content\/uploads\/2025\/05\/Welding-Turntable-Technical-Advantages_8.png\" alt=\"Plataforma giratoria de soldadura Ventajas t\u00e9cnicas_8\" \/><\/p>\n<p class=\"ds-markdown-paragraph\"><strong>WUXI ABK Welding Turntable Structural Features<\/strong><\/p>\n<p class=\"ds-markdown-paragraph\">The welding turntable features a reinforced steel construction with six high-rigidity support ribs, ensuring deformation resistance below 0.08mm\/m\u00b2. Military-grade welding seams enhance durability for heavy industrial use.<\/p>\n<p class=\"ds-markdown-paragraph\">The premium worm gear transmission system delivers ISO 5-grade precision with zero-backlash operation, backed by a 10,000+ hour service life. Speed is precisely controlled via a digital panel, offering stepless regulation from 0.5 to 15 RPM (\u00b11% accuracy).<\/p>\n<p class=\"ds-markdown-paragraph\">An intelligent control system simplifies operation with one-touch functionality and automatic lubrication alerts, all housed in an IP54-rated enclosure. The stabilized base incorporates a 200mm steel foundation and 8-point leveling, reducing vibration to under 0.01mm.<\/p>\n<p class=\"ds-markdown-paragraph\"><strong>Ventajas de rendimiento:<\/strong><br \/>\n\u2713 40% quicker setup than conventional models<br \/>\n\u2713 60% less workpiece deformation<br \/>\n\u2713 30% extended operational lifespan<\/p>\n<p>1. Rodamiento giratorio<\/p>\n<p><img decoding=\"async\" src=\"https:\/\/www.weldmc.com\/wp-content\/uploads\/2025\/05\/Slewing-bearing.png\" alt=\"Rodamiento giratorio\" \/><\/p>\n<p>El rodamiento de giro es el elemento b\u00e1sico de fuerza de la m\u00e1quina, que requiere la rotaci\u00f3n relativa entre las dos partes y soporta la fuerza axial, la fuerza radial y el momento de vuelco al mismo tiempo.su funci\u00f3n b\u00e1sica es utilizar pernos para fijarlo en los soportes superior e inferior del equipo mec\u00e1nico para transmitir la fuerza y la unidad a fin de realizar la rotaci\u00f3n relativa entre las dos partes del equipo mec\u00e1nico.el soporte giratorio generalmente tiene orificios de instalaci\u00f3n, engranajes internos o externos, orificios de lubricaci\u00f3n y dispositivos de sellado. Tiene las caracter\u00edsticas de estructura compacta, peso ligero, buen acero estructural, funcionamiento suave, alta precisi\u00f3n, seguridad y fiabilidad.<br \/>\nEl rodamiento giratorio es una parte b\u00e1sica del equipo mec\u00e1nico y ampliamente utilizado en varias industrias de la econom\u00eda nacional. Es ampliamente utilizado en maquinaria de construcci\u00f3n, maquinaria portuaria, maquinaria metal\u00fargica, maquinaria minera, maquinaria de petr\u00f3leo, maquinaria qu\u00edmica, equipos m\u00e9dicos, maquinaria naval, maquinaria industrial ligera, maquinaria de protecci\u00f3n del medio ambiente, equipos de entretenimiento, equipos de maquinaria de transporte.soportes de oscilaci\u00f3n se utilizan cada vez m\u00e1s en proyectos de ahorro de energ\u00eda y protecci\u00f3n del medio ambiente, tales como turbinas de viento que requieren una variedad de kits de soporte de oscilaci\u00f3n del poste de precisi\u00f3n.<\/p>\n<ol start=\"2\">\n<li>Engranaje<\/li>\n<\/ol>\n<p><img decoding=\"async\" src=\"https:\/\/www.weldmc.com\/wp-content\/uploads\/2025\/05\/Gear_1.png\" alt=\"Engranaje_1\" \/><\/p>\n<p>El engranaje es una pieza mec\u00e1nica parecida a una rueda que transmite el par mediante el engranaje de los dientes. Mediante la transmisi\u00f3n con otras piezas mec\u00e1nicas dentadas (como otro engranaje, la cremallera Dao y el tornillo sin fin), el engranaje puede cambiar la velocidad y el par, cambiar la direcci\u00f3n del movimiento y cambiar la forma del movimiento.<\/p>\n<p><img decoding=\"async\" src=\"https:\/\/www.weldmc.com\/wp-content\/uploads\/2025\/05\/Gear_2.png\" alt=\"Engranaje_2\" \/><\/p>\n<p>3.Reductor<\/p>\n<p><img decoding=\"async\" src=\"https:\/\/www.weldmc.com\/wp-content\/uploads\/2025\/05\/Reducer.png\" alt=\"Reductor\" \/><\/p>\n<p>El reductor es un tipo de mecanismo de transmisi\u00f3n de potencia, que utiliza el convertidor de velocidad de engranaje para reducir el n\u00famero de rotaci\u00f3n del motor al n\u00famero de rotaci\u00f3n requerido y obtener una estructura con gran par.<\/p>\n<p>Funci\u00f3n del reductor:Reducir la velocidad y aumentar el par de salida al mismo tiempo. La relaci\u00f3n de salida de par se multiplica por la relaci\u00f3n de deceleraci\u00f3n de salida del motor, pero no deber\u00e1 superar el par nominal del reductor.Al mismo tiempo, la inercia del lo.ad se reduce al cuadrado de la relaci\u00f3n de deceleraci\u00f3n.<\/p>\n<p>4. Motor<\/p>\n<p><img decoding=\"async\" src=\"https:\/\/www.weldmc.com\/wp-content\/uploads\/2025\/05\/Motor_2.png\" alt=\"Motor_2\" \/> <img decoding=\"async\" src=\"https:\/\/www.weldmc.com\/wp-content\/uploads\/2025\/05\/Motor_1.png\" alt=\"Motor_1\" \/><\/p>\n<p class=\"ds-markdown-paragraph\"><strong>WUXI ABK Welding Turntable Maintenance Guidelines<\/strong><\/p>\n<p class=\"ds-markdown-paragraph\">Proper maintenance ensures optimal performance and longevity of your welding turntable. Follow these essential procedures to maintain peak operation:<\/p>\n<p class=\"ds-markdown-paragraph\"><strong>Procedimientos b\u00e1sicos de mantenimiento<\/strong><\/p>\n<ul>\n<li>\n<p class=\"ds-markdown-paragraph\"><strong>Cuidado diario<\/strong>: Remove welding slag, verify lubrication levels, and inspect electrical connections for safety.<\/p>\n<\/li>\n<li>\n<p class=\"ds-markdown-paragraph\"><strong>Regular Checks<\/strong>: Tighten bolts, examine the transmission mechanism, and test safety functions monthly.<\/p>\n<\/li>\n<li>\n<p class=\"ds-markdown-paragraph\"><strong>Annual Service<\/strong>: Replace worn components, re-lubricate bearings, and recalibrate the system for precision.<\/p>\n<\/li>\n<\/ul>\n<p class=\"ds-markdown-paragraph\"><strong>Fault Prevention &amp; Early Warning<\/strong><br \/>\nImmediately halt operation if abnormal noise or uneven rotation occurs to prevent further damage.<\/p>\n<p class=\"ds-markdown-paragraph\"><strong>Maintenance Benefits<\/strong><br \/>\n\u2713\u00a0<strong>30% longer equipment lifespan<\/strong><br \/>\n\u2713\u00a0<strong>Reduced unplanned downtime<\/strong><br \/>\n\u2713\u00a0<strong>Consistent welding accuracy (\u00b10.5\u00b0)<\/strong><\/p>\n<p class=\"ds-markdown-paragraph\"><strong>Certification &amp; Innovation<\/strong><br \/>\nOur welding turntables are\u00a0<strong>Certificaci\u00f3n CE e ISO<\/strong>, integrating\u00a0<strong>automated controls<\/strong>\u00a0y\u00a0<strong>precision engineering<\/strong>\u00a0for superior performance in\u00a0<strong>fabricaci\u00f3n industrial<\/strong>,\u00a0<strong>soldadura de recipientes a presi\u00f3n<\/strong>y\u00a0<strong>c\u00e9lulas de soldadura robotizadas<\/strong>.<\/p>\n<p><img decoding=\"async\" src=\"https:\/\/www.weldmc.com\/wp-content\/uploads\/2025\/05\/Product-certification.png\" alt=\"Certificaci\u00f3n de productos\" \/><\/p>\n<p>Wuxi ABK Machinery Co.Ltd es un fabricante profesional de rotador de soldadura en China. Y nuestro rotador de soldadura incluye principalmente rotador de soldadura est\u00e1ndar, rotador de soldadura ajustable y rotador de soldadura especial. Tambi\u00e9n podemos ofrecer a nuestros clientes en todo el mundo muchos otros productos, incluyendo la plataforma giratoria de soldadura, m\u00e1quina de soldadura de pilotes, l\u00ednea de producci\u00f3n de torres e\u00f3licas, l\u00ednea de soldadura de vigas H, equipos de soldadura de tuber\u00edas, m\u00e1quina de corte CNC, m\u00e1quina rectificadora, m\u00e1quina perfiladora, m\u00e1quina curvadora de placas, etc. Hemos obtenido la certificaci\u00f3n ISO y CE, y tambi\u00e9n ofrecemos servicio OEM.<\/p>","protected":false},"excerpt":{"rendered":"<p>La mesa giratoria de soldadura WUXI ABK de 1 tonelada ofrece una rotaci\u00f3n precisa (0,5-15 RPM) para piezas de trabajo peque\u00f1as. Dispone de seis ranuras en T (5000 N de fuerza de sujeci\u00f3n) y transmisi\u00f3n por tornillo sin fin para un funcionamiento suave. Los controles con clasificaci\u00f3n IP54 garantizan la fiabilidad. Ideal para accesorios de tuber\u00eda y soldadura robotizada. Certificado CE\/ISO con 2 a\u00f1os de garant\u00eda.<\/p>","protected":false},"featured_media":2069,"comment_status":"open","ping_status":"closed","template":"","meta":{"_acf_changed":false},"product_brand":[],"product_cat":[21,29,38],"product_tag":[],"class_list":{"0":"post-996","1":"product","2":"type-product","3":"status-publish","4":"has-post-thumbnail","6":"product_cat-welding-automation","7":"product_cat-welding-positioner","8":"product_cat-welding-turntable","10":"first","11":"instock","12":"shipping-taxable","13":"product-type-simple"},"acf":[],"_links":{"self":[{"href":"https:\/\/www.weldmc.com\/es\/wp-json\/wp\/v2\/product\/996","targetHints":{"allow":["GET"]}}],"collection":[{"href":"https:\/\/www.weldmc.com\/es\/wp-json\/wp\/v2\/product"}],"about":[{"href":"https:\/\/www.weldmc.com\/es\/wp-json\/wp\/v2\/types\/product"}],"replies":[{"embeddable":true,"href":"https:\/\/www.weldmc.com\/es\/wp-json\/wp\/v2\/comments?post=996"}],"wp:featuredmedia":[{"embeddable":true,"href":"https:\/\/www.weldmc.com\/es\/wp-json\/wp\/v2\/media\/2069"}],"wp:attachment":[{"href":"https:\/\/www.weldmc.com\/es\/wp-json\/wp\/v2\/media?parent=996"}],"wp:term":[{"taxonomy":"product_brand","embeddable":true,"href":"https:\/\/www.weldmc.com\/es\/wp-json\/wp\/v2\/product_brand?post=996"},{"taxonomy":"product_cat","embeddable":true,"href":"https:\/\/www.weldmc.com\/es\/wp-json\/wp\/v2\/product_cat?post=996"},{"taxonomy":"product_tag","embeddable":true,"href":"https:\/\/www.weldmc.com\/es\/wp-json\/wp\/v2\/product_tag?post=996"}],"curies":[{"name":"wp","href":"https:\/\/api.w.org\/{rel}","templated":true}]}}