{"id":995,"date":"2025-05-25T00:57:10","date_gmt":"2025-05-24T16:57:10","guid":{"rendered":"http:\/\/111.170.148.214:8095\/?post_type=product&#038;p=995"},"modified":"2025-10-14T15:00:18","modified_gmt":"2025-10-14T07:00:18","slug":"mesa-giratoria-de-soldadura-automatica-300kg","status":"publish","type":"product","link":"https:\/\/www.weldmc.com\/es\/product\/mesa-giratoria-de-soldadura-automatica-300kg\/","title":{"rendered":"Plataforma giratoria de soldadura autom\u00e1tica de 300 kg"},"content":{"rendered":"<p><strong><b>Equipos de soldadura WUXI ABK: Soluciones de rotaci\u00f3n de precisi\u00f3n<\/b><\/strong><\/p>\n<p><img fetchpriority=\"high\" decoding=\"async\" class=\"\" src=\"https:\/\/www.weldmc.com\/wp-content\/uploads\/2025\/05\/3cc87cef83089b4640b34d1f52f77d4.jpg\" alt=\"Plato giratorio de soldadura\" width=\"705\" height=\"528\" \/><\/p>\n<p><strong><b>Ventajas t\u00e9cnicas<\/b><\/strong><\/p>\n<p>\u2714 Rotaci\u00f3n programable - El control digital mantiene 0,1-1,2 RPM para diversos requisitos de uni\u00f3n.<\/p>\n<p>\u2714 Carga optimizada - Capacidad est\u00e1ndar de 1-50 toneladas con configuraciones personalizadas disponibles.<\/p>\n<p>\u2714 Superficie adaptable: la mesa de trabajo modular admite montajes de 800 a 6000 mm de di\u00e1metro.<\/p>\n<p>\u2714 Movimiento de precisi\u00f3n: la repetibilidad de \u00b10,5 mm garantiza la precisi\u00f3n de la articulaci\u00f3n.<\/p>\n<p><img decoding=\"async\" class=\"\" src=\"https:\/\/www.weldmc.com\/wp-content\/uploads\/2025\/05\/Welding-Turntable-Technical-Advantages_1.png\" alt=\"Plataforma giratoria de soldadura Ventajas t\u00e9cnicas_1\" width=\"709\" height=\"501\" \/> <img decoding=\"async\" class=\"\" src=\"https:\/\/www.weldmc.com\/wp-content\/uploads\/2025\/05\/Welding-Turntable-Technical-Advantages_2.png\" alt=\"Plataforma giratoria de soldadura Ventajas t\u00e9cnicas_2\" width=\"706\" height=\"397\" \/><\/p>\n<p class=\"ds-markdown-paragraph\">En\u00a0<strong>Plataforma giratoria de soldadura WUXI ABK 300kg<\/strong>\u00a0proporciona una rotaci\u00f3n de precisi\u00f3n para la fabricaci\u00f3n industrial, especialmente en\u00a0<strong>soldadura de recipientes a presi\u00f3n<\/strong>,\u00a0<strong>fabricaci\u00f3n de equipos energ\u00e9ticos<\/strong>y\u00a0<strong>producci\u00f3n de componentes marinos<\/strong>. Su dise\u00f1o resistente cuenta con un\u00a0<strong>base de acero reforzado<\/strong>\u00a0con rodamientos de calidad industrial, que garantizan la estabilidad durante\u00a0<strong>operaciones de soldadura de alta precisi\u00f3n<\/strong>. En\u00a0<strong>sistema de accionamiento de frecuencia variable<\/strong>\u00a0permite un ajuste suave de la velocidad de 0,1 a 5 RPM, mientras que\u00a0<strong>superficies de montaje intercambiables<\/strong>\u00a0adaptarse a diversas geometr\u00edas de piezas de trabajo.<\/p>\n<p class=\"ds-markdown-paragraph\"><strong>Las caracter\u00edsticas clave incluyen:<\/strong><\/p>\n<ul>\n<li>\n<p class=\"ds-markdown-paragraph\"><strong>Armarios de seguridad<\/strong>\u00a0(IP54 opcional) para entornos peligrosos<\/p>\n<\/li>\n<li>\n<p class=\"ds-markdown-paragraph\"><strong>Informaci\u00f3n de posici\u00f3n automatizada<\/strong>\u00a0(\u00b10,2\u00b0 de precisi\u00f3n) para la integraci\u00f3n de soldadura robotizada<\/p>\n<\/li>\n<li>\n<p class=\"ds-markdown-paragraph\"><strong>Tratamientos superficiales personalizados<\/strong>\u00a0(por ejemplo, pletinas recubiertas de tefl\u00f3n o de acero endurecido)<\/p>\n<\/li>\n<\/ul>\n<p class=\"ds-markdown-paragraph\"><strong>Especificaciones t\u00e9cnicas:<\/strong><\/p>\n<ul>\n<li>\n<p class=\"ds-markdown-paragraph\"><strong>Capacidad de carga<\/strong>: 300 kg (personalizable hasta 500 kg)<\/p>\n<\/li>\n<li>\n<p class=\"ds-markdown-paragraph\"><strong>Sistema de accionamiento<\/strong>: Servomotor con reductor planetario<\/p>\n<\/li>\n<li>\n<p class=\"ds-markdown-paragraph\"><strong>Interfaz de control<\/strong>: PLC Siemens con pantalla t\u00e1ctil HMI<\/p>\n<\/li>\n<li>\n<p class=\"ds-markdown-paragraph\"><strong>Conformidad<\/strong>: CE, ISO 9001 y ASME Secci\u00f3n VIII<\/p>\n<\/li>\n<\/ul>\n<p class=\"ds-markdown-paragraph\"><strong>Aplicaciones:<\/strong><br \/>\n\u2713\u00a0<strong>Soldadura de circunferencias de dep\u00f3sitos cil\u00edndricos<\/strong><br \/>\n\u2713\u00a0<strong>Fabricaci\u00f3n de bridas para torres e\u00f3licas<\/strong><br \/>\n\u2713\u00a0<strong>Montaje de componentes de construcci\u00f3n naval<\/strong><\/p>\n<p class=\"ds-markdown-paragraph\"><strong>\u00bfPor qu\u00e9 elegir WUXI ABK?<\/strong><\/p>\n<ul>\n<li>\n<p class=\"ds-markdown-paragraph\"><strong>M\u00e1s de 20 a\u00f1os<\/strong>\u00a0en\u00a0<strong>fabricaci\u00f3n de posicionadores de soldadura<\/strong><\/p>\n<\/li>\n<li>\n<p class=\"ds-markdown-paragraph\"><strong>Red mundial de apoyo<\/strong>\u00a0con asistencia t\u00e9cnica 24 horas al d\u00eda, 7 d\u00edas a la semana<\/p>\n<\/li>\n<li>\n<p class=\"ds-markdown-paragraph\"><strong>3 a\u00f1os de garant\u00eda<\/strong>\u00a0en componentes cr\u00edticos<\/p>\n<\/li>\n<\/ul>\n<table>\n<tbody>\n<tr>\n<td colspan=\"3\" width=\"599\"><strong><b>Descripci\u00f3n<\/b><\/strong><strong><b>\u00a0<\/b><\/strong><strong><b>Serie HB<\/b><\/strong><strong><b>\u00a0<\/b><\/strong><strong><b>Soldadura <\/b><\/strong><strong><b>Plato giratorio<\/b><\/strong><strong><b>:<\/b><\/strong><br \/>\nEquipos de soldadura WUXI ABK: Soluciones de rotaci\u00f3n de precisi\u00f3n<\/td>\n<td width=\"354\"><strong>HB-<\/strong><strong>0<\/strong><strong>3<\/strong><\/td>\n<\/tr>\n<tr>\n<td width=\"402\"><strong>Capacidad de carga<\/strong><\/td>\n<td width=\"99\">(KG)<\/td>\n<td width=\"98\"><\/td>\n<td width=\"354\">300<\/td>\n<\/tr>\n<tr>\n<td width=\"402\"><strong>Velocidad de rotaci\u00f3n<\/strong><\/td>\n<td width=\"99\">(RPM)<\/td>\n<td width=\"98\"><\/td>\n<td width=\"354\">0.1-1<\/td>\n<\/tr>\n<tr>\n<td width=\"402\"><strong>Tama\u00f1o de la mesa de trabajo<\/strong><strong>\u00a0Di\u00e1metro<\/strong><\/td>\n<td width=\"99\">(MM)<\/td>\n<td width=\"98\"><\/td>\n<td width=\"354\">600<\/td>\n<\/tr>\n<tr>\n<td width=\"402\"><strong>P<\/strong><strong>ower<\/strong><\/td>\n<td width=\"99\">(KW)<\/td>\n<td width=\"98\"><\/td>\n<td width=\"354\">0.37<\/td>\n<\/tr>\n<tr>\n<td width=\"402\"><strong>Fuente de alimentaci\u00f3n<\/strong><\/td>\n<td width=\"99\">(V)<\/td>\n<td width=\"98\">50Hz 3\u0278<\/td>\n<td width=\"354\">380 (Determinado en funci\u00f3n de las necesidades del cliente)<\/td>\n<\/tr>\n<tr>\n<td width=\"402\"><strong>Tipo regulador de velocidad<\/strong><\/td>\n<td width=\"99\"><\/td>\n<td width=\"98\"><\/td>\n<td width=\"354\">Regulaci\u00f3n continua de la velocidad de la frecuencia de CA<\/td>\n<\/tr>\n<tr>\n<td colspan=\"4\" width=\"954\">Nota: Todas las especificaciones corresponden al equipamiento est\u00e1ndar, que puede modificarse seg\u00fan las necesidades del cliente.<\/td>\n<\/tr>\n<\/tbody>\n<\/table>\n<p><iframe title=\"Reproductor de v\u00eddeo YouTube\" src=\"https:\/\/www.youtube.com\/embed\/ogA4Xe60nSw?si=kQldmzj4am4dQamH\" width=\"560\" height=\"315\" frameborder=\"0\" allowfullscreen=\"allowfullscreen\"><\/iframe><\/p>\n<p class=\"ds-markdown-paragraph\">En\u00a0<strong>Plataforma giratoria de soldadura WUXI ABK 300kg<\/strong>\u00a0es una plataforma giratoria de precisi\u00f3n dise\u00f1ada para\u00a0<strong>soldadura de piezas peque\u00f1as y medianas<\/strong>incluyendo\u00a0<strong>tuber\u00edas, bridas y estructuras met\u00e1licas<\/strong>. Su\u00a0<strong>Rotaci\u00f3n suave de 360<\/strong>\u00a0permite soldar en todo el per\u00edmetro sin necesidad de reposicionamiento, mientras que el\u00a0<strong>velocidad regulable (1-10 RPM)<\/strong>\u00a0garantiza una calidad de costura constante. Construido con un\u00a0<strong>bastidor de acero de alta resistencia<\/strong>admite hasta\u00a0<strong>500 kg<\/strong>\u00a0para un funcionamiento estable, reduciendo\u00a0<strong>tiempo de mano de obra de soldadura por 50%<\/strong>\u00a0en comparaci\u00f3n con los m\u00e9todos manuales.<\/p>\n<p class=\"ds-markdown-paragraph\"><strong>Caracter\u00edsticas principales:<\/strong><\/p>\n<ul>\n<li>\n<p class=\"ds-markdown-paragraph\"><strong>Mesa de trabajo multiposici\u00f3n con ranuras en T<\/strong>: Seis ranuras en T de 14 mm proporcionan\u00a0<strong>5000N de fuerza de sujeci\u00f3n por ranura<\/strong>\u00a0para una fijaci\u00f3n segura de la pieza de trabajo.<\/p>\n<\/li>\n<li>\n<p class=\"ds-markdown-paragraph\"><strong>Construcci\u00f3n de acero reforzado<\/strong>: Seis nervaduras de soporte de alta rigidez y costuras de soldadura de calidad militar garantizan\u00a0<strong>&lt;0,08 mm\/m\u00b2 de resistencia a la deformaci\u00f3n<\/strong>.<\/p>\n<\/li>\n<li>\n<p class=\"ds-markdown-paragraph\"><strong>Transmisi\u00f3n por tornillo sin fin de precisi\u00f3n<\/strong>: Los engranajes rectificados de grado ISO 5 proporcionan\u00a0<strong>funcionamiento sin holgura<\/strong>\u00a0con un\u00a0<strong>M\u00e1s de 10.000 horas de vida \u00fatil<\/strong>.<\/p>\n<\/li>\n<li>\n<p class=\"ds-markdown-paragraph\"><strong>Regulaci\u00f3n continua de la velocidad<\/strong>: El control digital permite\u00a0<strong>Ajuste de 0,5-15 RPM<\/strong>\u00a0con\u00a0<strong>Precisi\u00f3n de velocidad \u00b11%<\/strong>.<\/p>\n<\/li>\n<li>\n<p class=\"ds-markdown-paragraph\"><strong>Base estabilizada de alta resistencia<\/strong>: A\u00a0<strong>Cimentaci\u00f3n de chapa de acero de 200 mm<\/strong>\u00a0con un sistema de nivelaci\u00f3n de 8 puntos minimiza las vibraciones (<strong>&lt;0,01 mm<\/strong>).<\/p>\n<\/li>\n<\/ul>\n<p class=\"ds-markdown-paragraph\"><strong>Ventajas de rendimiento:<\/strong><br \/>\n\u2713\u00a0<strong>40% configuraci\u00f3n m\u00e1s r\u00e1pida<\/strong>\u00a0que los giradiscos convencionales<br \/>\n\u2713\u00a0<strong>60% menor deformaci\u00f3n de la pieza<\/strong>\u00a0gracias a su construcci\u00f3n r\u00edgida<br \/>\n\u2713\u00a0<strong>30% mayor vida \u00fatil<\/strong>\u00a0con componentes de primera calidad<\/p>\n<p class=\"ds-markdown-paragraph\"><strong>Aplicaciones:<\/strong>\u00a0Ideal para\u00a0<strong>soldadura de tuber\u00edas, fabricaci\u00f3n de bridas y montaje estructural<\/strong>\u00a0en\u00a0<strong>industrias de automoci\u00f3n, maquinaria y construcci\u00f3n<\/strong>.<\/p>\n<p class=\"ds-markdown-paragraph\"><strong>\u00bfPor qu\u00e9 elegir WUXI ABK?<\/strong><\/p>\n<ul>\n<li>\n<p class=\"ds-markdown-paragraph\"><strong>Certificaci\u00f3n CE e ISO<\/strong>\u00a0para garantizar la calidad<\/p>\n<\/li>\n<li>\n<p class=\"ds-markdown-paragraph\"><strong>Dise\u00f1os personalizables<\/strong>\u00a0(Asistencia OEM disponible)<\/p>\n<\/li>\n<li>\n<p class=\"ds-markdown-paragraph\"><strong>Servicio t\u00e9cnico 24\/7<\/strong>\u00a0y suministro de piezas de repuesto<\/p>\n<\/li>\n<\/ul>\n<p class=\"ds-markdown-paragraph\">Dise\u00f1ado para ser eficiente y duradero, el\u00a0<strong>Plataforma giratoria de soldadura WUXI ABK 300kg<\/strong>\u00a0mejora la productividad en\u00a0<strong>aplicaciones de soldadura de precisi\u00f3n<\/strong>.<\/p>\n<p>1. Rodamiento giratorio<\/p>\n<p><img loading=\"lazy\" decoding=\"async\" class=\"alignnone wp-image-876\" src=\"http:\/\/111.170.148.214:8095\/wp-content\/uploads\/2025\/05\/Slewing-bearing.jpg\" alt=\"Rodamiento giratorio\" width=\"800\" height=\"746\" \/><\/p>\n<p>El rodamiento de giro es el elemento b\u00e1sico de fuerza de la m\u00e1quina, que requiere la rotaci\u00f3n relativa entre las dos partes y soporta la fuerza axial, la fuerza radial y el momento de vuelco al mismo tiempo.su funci\u00f3n b\u00e1sica es utilizar pernos para fijarlo en los soportes superior e inferior del equipo mec\u00e1nico para transmitir la fuerza y la unidad a fin de realizar la rotaci\u00f3n relativa entre las dos partes del equipo mec\u00e1nico.el soporte giratorio generalmente tiene orificios de instalaci\u00f3n, engranajes internos o externos, orificios de lubricaci\u00f3n y dispositivos de sellado. Tiene las caracter\u00edsticas de estructura compacta, peso ligero, buen acero estructural, funcionamiento suave, alta precisi\u00f3n, seguridad y fiabilidad.<br \/>\nEl rodamiento giratorio es una parte b\u00e1sica del equipo mec\u00e1nico y ampliamente utilizado en varias industrias de la econom\u00eda nacional. Es ampliamente utilizado en maquinaria de construcci\u00f3n, maquinaria portuaria, maquinaria metal\u00fargica, maquinaria minera, maquinaria de petr\u00f3leo, maquinaria qu\u00edmica, equipos m\u00e9dicos, maquinaria naval, maquinaria industrial ligera, maquinaria de protecci\u00f3n del medio ambiente, equipos de entretenimiento, equipos de maquinaria de transporte.soportes de oscilaci\u00f3n se utilizan cada vez m\u00e1s en proyectos de ahorro de energ\u00eda y protecci\u00f3n del medio ambiente, tales como turbinas de viento que requieren una variedad de kits de soporte de oscilaci\u00f3n del poste de precisi\u00f3n.<\/p>\n<ol start=\"2\">\n<li>Engranaje<\/li>\n<\/ol>\n<p><img loading=\"lazy\" decoding=\"async\" class=\"alignnone wp-image-854\" src=\"http:\/\/111.170.148.214:8095\/wp-content\/uploads\/2025\/05\/5-Tons-3-Axis-Positioner-Gear.jpg\" alt=\"Engranaje posicionador\" width=\"800\" height=\"493\" \/><\/p>\n<p>El engranaje es una pieza mec\u00e1nica parecida a una rueda que transmite el par mediante el engranaje de los dientes. Mediante la transmisi\u00f3n con otras piezas mec\u00e1nicas dentadas (como otro engranaje, la cremallera Dao y el tornillo sin fin), el engranaje puede cambiar la velocidad y el par, cambiar la direcci\u00f3n del movimiento y cambiar la forma del movimiento.<\/p>\n<p><img loading=\"lazy\" decoding=\"async\" class=\"alignnone wp-image-878\" src=\"http:\/\/111.170.148.214:8095\/wp-content\/uploads\/2025\/05\/Gear-1.jpg\" alt=\"Engranaje-1\" width=\"800\" height=\"598\" \/><\/p>\n<p>3.Reductor<\/p>\n<p><img loading=\"lazy\" decoding=\"async\" class=\"alignnone wp-image-879\" src=\"http:\/\/111.170.148.214:8095\/wp-content\/uploads\/2025\/05\/Reducer.jpg\" alt=\"Reductor\" width=\"800\" height=\"529\" \/><\/p>\n<p>El reductor es un tipo de mecanismo de transmisi\u00f3n de potencia, que utiliza el convertidor de velocidad de engranaje para reducir el n\u00famero de rotaci\u00f3n del motor al n\u00famero de rotaci\u00f3n requerido y obtener una estructura con gran par.<\/p>\n<p>Funci\u00f3n del reductor:Reducir la velocidad y aumentar el par de salida al mismo tiempo. La relaci\u00f3n de salida de par se multiplica por la relaci\u00f3n de deceleraci\u00f3n de salida del motor, pero no deber\u00e1 superar el par nominal del reductor.Al mismo tiempo, la inercia del lo.ad se reduce al cuadrado de la relaci\u00f3n de deceleraci\u00f3n.<\/p>\n<p>4. Motor<\/p>\n<p><img loading=\"lazy\" decoding=\"async\" class=\"alignnone wp-image-875\" src=\"http:\/\/111.170.148.214:8095\/wp-content\/uploads\/2025\/05\/Motor.jpg\" alt=\"Motor\" width=\"800\" height=\"312\" \/><\/p>\n<p><img loading=\"lazy\" decoding=\"async\" class=\"alignnone wp-image-877\" src=\"http:\/\/111.170.148.214:8095\/wp-content\/uploads\/2025\/05\/Motor-1.jpg\" alt=\"Motor-1\" width=\"800\" height=\"601\" \/><\/p>\n<p><strong><b>Soldadura <\/b><\/strong><strong><b>Plato giratorio<\/b><\/strong><strong><b>\u00a0Pautas de mantenimiento<\/b><\/strong><\/p>\n<p><strong><b>Contenidos b\u00e1sicos de mantenimiento<\/b><\/strong><\/p>\n<p>Mantenimiento diario: limpieza de la escoria de soldadura, comprobaci\u00f3n de la lubricaci\u00f3n y seguridad el\u00e9ctrica.<\/p>\n<p>Mantenimiento peri\u00f3dico: apriete los pernos, compruebe el mecanismo de transmisi\u00f3n y compruebe la funci\u00f3n de seguridad.<\/p>\n<p>Mantenimiento en profundidad: sustituci\u00f3n anual de las piezas desgastadas, relubricaci\u00f3n y calibraci\u00f3n del sistema.<\/p>\n<p>Aviso anticipado de aver\u00eda: pare inmediatamente cuando se produzca un ruido anormal o una rotaci\u00f3n irregular.<\/p>\n<p><strong><b>Mantener el valor<\/b><\/strong><\/p>\n<ul>\n<li>Prolongar la vida \u00fatil de los equipos m\u00e1s de 30%<\/li>\n<li>Reduzca los tiempos de inactividad repentinos<\/li>\n<li>Garantizar la estabilidad de la precisi\u00f3n de la soldadura.<\/li>\n<\/ul>\n<p><strong><b>Certificaci\u00f3n de productos<\/b><\/strong><br \/>\nAd\u00e9ntrese en el futuro de la tecnolog\u00eda de soldadura con nuestras soluciones de vanguardia.<br \/>\nDesde procesos automatizados hasta controles intuitivos, nuestros productos est\u00e1n a la vanguardia de la innovaci\u00f3n y le proporcionan las herramientas que necesita para mantenerse a la cabeza en el competitivo mercado actual.<\/p>\n<p><img loading=\"lazy\" decoding=\"async\" class=\"alignnone size-full wp-image-880\" src=\"http:\/\/111.170.148.214:8095\/wp-content\/uploads\/2025\/05\/Product-certification.jpg\" alt=\"Certificaci\u00f3n de productos\" width=\"832\" height=\"832\" \/><\/p>\n<p>Wuxi ABK Machinery Co.Ltd es un fabricante profesional de rotador de soldadura en China. Y nuestro rotador de soldadura incluye principalmente rotador de soldadura est\u00e1ndar, rotador de soldadura ajustable y rotador de soldadura especial. Tambi\u00e9n podemos ofrecer a nuestros clientes en todo el mundo muchos otros productos, incluyendo la plataforma giratoria de soldadura, m\u00e1quina de soldadura de pilotes, l\u00ednea de producci\u00f3n de torres e\u00f3licas, l\u00ednea de soldadura de vigas H, equipos de soldadura de tuber\u00edas, m\u00e1quina de corte CNC, m\u00e1quina rectificadora, m\u00e1quina perfiladora, m\u00e1quina curvadora de placas, etc. Hemos obtenido la certificaci\u00f3n ISO y CE, y tambi\u00e9n ofrecemos servicio OEM.<\/p>","protected":false},"excerpt":{"rendered":"<p><strong>Plataforma giratoria de soldadura WUXI ABK 300kg<\/strong>\u00a0es una soluci\u00f3n compacta pero robusta para tareas de soldadura de precisi\u00f3n, con una construcci\u00f3n de acero duradera y una rotaci\u00f3n suave de 360\u00b0 (0,5-10 RPM). Equipada con ranuras en T para una sujeci\u00f3n segura y un engranaje helicoidal de precisi\u00f3n (grado ISO 5), garantiza una precisi\u00f3n de desviaci\u00f3n &lt;0,1 mm. Ideal para fabricaci\u00f3n peque\u00f1a y mediana, soldadura robotizada y trabajos de reparaci\u00f3n. IP54 con 2 a\u00f1os de garant\u00eda.<\/p>","protected":false},"featured_media":2061,"comment_status":"open","ping_status":"closed","template":"","meta":{"_acf_changed":false},"product_brand":[],"product_cat":[21,29,38],"product_tag":[],"class_list":{"0":"post-995","1":"product","2":"type-product","3":"status-publish","4":"has-post-thumbnail","6":"product_cat-welding-automation","7":"product_cat-welding-positioner","8":"product_cat-welding-turntable","10":"first","11":"instock","12":"shipping-taxable","13":"product-type-simple"},"acf":[],"_links":{"self":[{"href":"https:\/\/www.weldmc.com\/es\/wp-json\/wp\/v2\/product\/995","targetHints":{"allow":["GET"]}}],"collection":[{"href":"https:\/\/www.weldmc.com\/es\/wp-json\/wp\/v2\/product"}],"about":[{"href":"https:\/\/www.weldmc.com\/es\/wp-json\/wp\/v2\/types\/product"}],"replies":[{"embeddable":true,"href":"https:\/\/www.weldmc.com\/es\/wp-json\/wp\/v2\/comments?post=995"}],"wp:featuredmedia":[{"embeddable":true,"href":"https:\/\/www.weldmc.com\/es\/wp-json\/wp\/v2\/media\/2061"}],"wp:attachment":[{"href":"https:\/\/www.weldmc.com\/es\/wp-json\/wp\/v2\/media?parent=995"}],"wp:term":[{"taxonomy":"product_brand","embeddable":true,"href":"https:\/\/www.weldmc.com\/es\/wp-json\/wp\/v2\/product_brand?post=995"},{"taxonomy":"product_cat","embeddable":true,"href":"https:\/\/www.weldmc.com\/es\/wp-json\/wp\/v2\/product_cat?post=995"},{"taxonomy":"product_tag","embeddable":true,"href":"https:\/\/www.weldmc.com\/es\/wp-json\/wp\/v2\/product_tag?post=995"}],"curies":[{"name":"wp","href":"https:\/\/api.w.org\/{rel}","templated":true}]}}