{"id":986,"date":"2025-05-25T00:21:24","date_gmt":"2025-05-24T16:21:24","guid":{"rendered":"http:\/\/111.170.148.214:8095\/?post_type=product&#038;p=986"},"modified":"2025-10-14T14:48:36","modified_gmt":"2025-10-14T06:48:36","slug":"rodillo-de-soldadura-estandar-5-toneladas","status":"publish","type":"product","link":"https:\/\/www.weldmc.com\/es\/product\/rodillo-de-soldadura-estandar-5-toneladas\/","title":{"rendered":"Rodillo de soldadura est\u00e1ndar 5 toneladas"},"content":{"rendered":"<p><strong><b>Descripci\u00f3n del rotador de soldadura est\u00e1ndar:<\/b><\/strong><\/p>\n<p><strong><b>Lista de par\u00e1metros de la HGZ convencional<\/b><\/strong><strong><b>-5<\/b><\/strong><strong><b>\u00a0rotador de soldadura<\/b><\/strong><\/p>\n<table>\n<tbody>\n<tr>\n<td colspan=\"2\" width=\"200\">Modelo<\/td>\n<td width=\"225\">HGZ-5<\/td>\n<\/tr>\n<tr>\n<td colspan=\"2\" width=\"200\">Capacidad de carga(Ton)<\/td>\n<td width=\"225\">5<\/td>\n<\/tr>\n<tr>\n<td colspan=\"2\" width=\"200\">Di\u00e1metro adecuado (mm)<\/td>\n<td width=\"225\">250-2300<\/td>\n<\/tr>\n<tr>\n<td rowspan=\"2\" width=\"79\">Tama\u00f1o de la rueda (mm)<\/td>\n<td width=\"121\">PU<\/td>\n<td width=\"225\">\u03a6250*100<\/td>\n<\/tr>\n<tr>\n<td width=\"121\">Acero<\/td>\n<td width=\"225\">\u03a6250*20<\/td>\n<\/tr>\n<tr>\n<td colspan=\"2\" width=\"200\">Velocidad de rotaci\u00f3n (mm\/min)<\/td>\n<td width=\"225\">100-1000<\/td>\n<\/tr>\n<tr>\n<td colspan=\"2\" width=\"200\">Control de velocidad<\/td>\n<td width=\"225\">Magnetismo el\u00e9ctrico del ajuste de conversi\u00f3n de frecuencia<\/td>\n<\/tr>\n<tr>\n<td colspan=\"2\" width=\"200\">Potencia del motor (kw)<\/td>\n<td width=\"225\">0.75<\/td>\n<\/tr>\n<tr>\n<td colspan=\"2\" width=\"200\">Tensi\u00f3n de control<\/td>\n<td width=\"225\">24VAC<\/td>\n<\/tr>\n<tr>\n<td colspan=\"2\" width=\"200\">Cable colgante<\/td>\n<td width=\"225\">10m\/inal\u00e1mbrico<\/td>\n<\/tr>\n<tr>\n<td colspan=\"2\" width=\"200\">Energ\u00eda entrante<\/td>\n<td width=\"225\">380V\/400V\/415V\/440V\/460V-3P-50Hz\/60Hz<\/td>\n<\/tr>\n<tr>\n<td colspan=\"2\" width=\"200\">Color<\/td>\n<td width=\"225\">RAL 3003 Rojo 9005 Negro (Opcional)<\/td>\n<\/tr>\n<\/tbody>\n<\/table>\n<p class=\"ds-markdown-paragraph\"><strong>Rotador de soldadura est\u00e1ndar WUXI ABK de 5 toneladas<\/strong>\u00a0est\u00e1 dise\u00f1ado para la soldadura autom\u00e1tica de precisi\u00f3n de recipientes met\u00e1licos circulares en sectores cr\u00edticos como el del petr\u00f3leo y el gas, la fabricaci\u00f3n de recipientes a presi\u00f3n, la producci\u00f3n de torres e\u00f3licas y la fabricaci\u00f3n de tuber\u00edas. Este posicionador de soldadura de calidad industrial ofrece un rendimiento excepcional gracias a su avanzado sistema de accionamiento por conversi\u00f3n de frecuencia, que ofrece una regulaci\u00f3n continua de la velocidad de 0,5 a 15 RPM para obtener una calidad de soldadura \u00f3ptima.<\/p>\n<p class=\"ds-markdown-paragraph\">En\u00a0<strong>rotador de soldadura<\/strong>\u00a0caracter\u00edsticas\u00a0<strong>compatibilidad con di\u00e1metros anchos<\/strong>\u00a0con configuraciones personalizables para adaptarse a los distintos requisitos de los proyectos. Su\u00a0<strong>sistema de control de precisi\u00f3n<\/strong>\u00a0garantiza una rotaci\u00f3n ultraestable con menos de 0,1 mm de desviaci\u00f3n, al tiempo que mantiene un funcionamiento silencioso por debajo de 65 dB para mejorar las condiciones de trabajo. El\u00a0<strong>posicionador de soldadura<\/strong>\u00a0La interfaz f\u00e1cil de usar simplifica el funcionamiento, reduciendo el tiempo de configuraci\u00f3n y la fatiga del operador.<\/p>\n<p class=\"ds-markdown-paragraph\"><strong>Ventajas clave:<\/strong><\/p>\n<ul>\n<li>\n<p class=\"ds-markdown-paragraph\"><strong>Certificaci\u00f3n CE e ISO 9001<\/strong>\u00a0equipos de soldadura<\/p>\n<\/li>\n<li>\n<p class=\"ds-markdown-paragraph\"><strong>Fiabilidad mundial<\/strong>\u00a0con exportaciones a m\u00e1s de 20 pa\u00edses (Reino Unido, UE, Oriente Medio)<\/p>\n<\/li>\n<li>\n<p class=\"ds-markdown-paragraph\"><strong>Construcci\u00f3n resistente<\/strong>\u00a0para aplicaciones de soldadura industrial<\/p>\n<\/li>\n<li>\n<p class=\"ds-markdown-paragraph\"><strong>Eficiencia energ\u00e9tica<\/strong>\u00a0sistema motor<\/p>\n<\/li>\n<\/ul>\n<p class=\"ds-markdown-paragraph\"><strong>Especificaciones t\u00e9cnicas:<\/strong><\/p>\n<ul>\n<li>\n<p class=\"ds-markdown-paragraph\"><strong>Capacidad de carga:<\/strong>\u00a05 toneladas<\/p>\n<\/li>\n<li>\n<p class=\"ds-markdown-paragraph\"><strong>Rango de velocidad:<\/strong>\u00a00,5-15 RPM (continuo)<\/p>\n<\/li>\n<li>\n<p class=\"ds-markdown-paragraph\"><strong>Precisi\u00f3n de rotaci\u00f3n:<\/strong>\u00a0Desviaci\u00f3n &lt;0,1 mm<\/p>\n<\/li>\n<li>\n<p class=\"ds-markdown-paragraph\"><strong>Nivel de ruido:<\/strong>\u00a0&lt;65 dB<\/p>\n<\/li>\n<\/ul>\n<p class=\"ds-markdown-paragraph\"><strong>Palabras clave:<\/strong>\u00a0rotador de soldadura, posicionador industrial, equipo de soldadura de tuber\u00edas, fabricaci\u00f3n de recipientes a presi\u00f3n, soldadura de torres e\u00f3licas, sistema de soldadura automatizado, rotador con certificaci\u00f3n CE, equipo de soldadura ISO, tecnolog\u00eda de soldadura de precisi\u00f3n, maquinaria ABK<\/p>\n<p class=\"ds-markdown-paragraph\">Dise\u00f1ado para\u00a0<strong>soldadura industrial<\/strong>\u00a0entornos, este\u00a0<strong>posicionador de soldadura<\/strong>\u00a0combina\u00a0<strong>Componentes de ingenier\u00eda alemana<\/strong>\u00a0con\u00a0<strong>robusta fabricaci\u00f3n china<\/strong>\u00a0para ofrecer un rendimiento fiable en\u00a0<strong>soldadura por costura circular<\/strong>\u00a0aplicaciones. El sistema\u00a0<strong>dise\u00f1o modular<\/strong>\u00a0permite una r\u00e1pida adaptaci\u00f3n a diferentes\u00a0<strong>di\u00e1metros de envases<\/strong>\u00a0y\u00a0<strong>tama\u00f1os de las piezas de trabajo<\/strong>por lo que es ideal para\u00a0<strong>talleres de fabricaci\u00f3n<\/strong>\u00a0y\u00a0<strong>l\u00edneas de producci\u00f3n<\/strong>\u00a0que requiere\u00a0<strong>rotaci\u00f3n de alta precisi\u00f3n<\/strong>.<\/p>\n<p class=\"ds-markdown-paragraph\">Con\u00a0<strong>M\u00e1s de 20 a\u00f1os<\/strong>\u00a0de\u00a0<strong>automatizaci\u00f3n de la soldadura<\/strong>\u00a0experiencia, WUXI ABK garantiza que cada\u00a0<strong>rotador de soldadura<\/strong>\u00a0cumple estrictas normas de calidad y ofrece\u00a0<strong>Asistencia t\u00e9cnica 24 horas al d\u00eda, 7 d\u00edas a la semana<\/strong>\u00a0y\u00a0<strong>opciones de configuraci\u00f3n personalizadas<\/strong>\u00a0para aplicaciones especializadas.<\/p>\n<p>Este\u00a0<strong>Rotador de soldadura de 5 toneladas<\/strong>\u00a0representa el equilibrio \u00f3ptimo de\u00a0<strong>rendimiento<\/strong>,\u00a0<strong>precisi\u00f3n<\/strong>y\u00a0<strong>durabilidad<\/strong>\u00a0para capacidad media\u00a0<strong>posicionador de soldadura<\/strong>\u00a0requisitos en\u00a0<strong>sector energ\u00e9tico<\/strong>\u00a0y\u00a0<strong>fabricaci\u00f3n pesada<\/strong>\u00a0aplicaciones.<\/p>\n<p><iframe title=\"Reproductor de v\u00eddeo YouTube\" src=\"https:\/\/www.youtube.com\/embed\/Z-Wloh9Aqt8?si=mFF1Cl-SgEIzGpyT\" width=\"560\" height=\"315\" frameborder=\"0\" allowfullscreen=\"allowfullscreen\"><\/iframe><\/p>\n<p><strong><b>Lista de par\u00e1metros del rotador de soldadura convencional de la serie HGZ<\/b><\/strong><\/p>\n<p><img fetchpriority=\"high\" decoding=\"async\" class=\"alignnone wp-image-988 size-full\" src=\"https:\/\/www.weldmc.com\/wp-content\/uploads\/2025\/05\/\u56fe\u724717.png\" alt=\"Rotador de soldadura est\u00e1ndar\" width=\"1024\" height=\"398\" srcset=\"https:\/\/www.weldmc.com\/wp-content\/uploads\/2025\/05\/\u56fe\u724717.png 1024w, https:\/\/www.weldmc.com\/wp-content\/uploads\/2025\/05\/\u56fe\u724717-300x117.png 300w, https:\/\/www.weldmc.com\/wp-content\/uploads\/2025\/05\/\u56fe\u724717-768x299.png 768w, https:\/\/www.weldmc.com\/wp-content\/uploads\/2025\/05\/\u56fe\u724717-600x233.png 600w\" sizes=\"(max-width: 1024px) 100vw, 1024px\" \/><\/p>\n<p class=\"ds-markdown-paragraph\">En\u00a0<strong>Rotador de soldadura de 5 toneladas<\/strong>\u00a0cuenta con un avanzado\u00a0<strong>sistema de bastidor de rodillos<\/strong>\u00a0con\u00a0<strong>construcci\u00f3n de acero tipo caja<\/strong>garantizando una distribuci\u00f3n \u00f3ptima de la carga para\u00a0<strong>aplicaciones de soldadura de precisi\u00f3n<\/strong>. Su\u00a0<strong>sistema de gu\u00edas lineales de precisi\u00f3n<\/strong>\u00a0alcanza una precisi\u00f3n de posicionamiento de \u00b10,1 mm, mientras que el\u00a0<strong>mecanismo de cierre r\u00e1pido<\/strong>\u00a0proporciona una fijaci\u00f3n r\u00edgida durante la operaci\u00f3n.<\/p>\n<p class=\"ds-markdown-paragraph\">Los componentes clave incluyen:<\/p>\n<ul>\n<li>\n<p class=\"ds-markdown-paragraph\"><strong>Rodillos de acero fundido de alta resistencia ZG45<\/strong>\u00a0(dureza HRC 55-60)<\/p>\n<\/li>\n<li>\n<p class=\"ds-markdown-paragraph\"><strong>Sistema de accionamiento de doble motor<\/strong>\u00a0(2\u00d77,5 kW motores de CA) con\u00a0<strong>control de velocidad del convertidor de frecuencia<\/strong>\u00a0(0,5-5 RPM)<\/p>\n<\/li>\n<li>\n<p class=\"ds-markdown-paragraph\"><strong>Ajuste hidr\u00e1ulico de la elevaci\u00f3n<\/strong>\u00a0(intervalo de \u00b150 mm) y\u00a0<strong>alineaci\u00f3n central autom\u00e1tica<\/strong>\u00a0(prevenci\u00f3n de la fluencia &lt;0,5 mm)<\/p>\n<\/li>\n<li>\n<p class=\"ds-markdown-paragraph\"><strong>Sensores de desplazamiento NOVO<\/strong>\u00a0(resoluci\u00f3n de 0,01 mm) para\u00a0<strong>medici\u00f3n de precisi\u00f3n<\/strong><\/p>\n<\/li>\n<li>\n<p class=\"ds-markdown-paragraph\"><strong>Control PLC Siemens\/ABB<\/strong>\u00a0con\u00a0<strong>Grado de protecci\u00f3n IP65<\/strong><\/p>\n<\/li>\n<\/ul>\n<p class=\"ds-markdown-paragraph\">Ventajas de rendimiento\u00a0<strong>rotador de soldadura industrial<\/strong>:<br \/>\n\u2713\u00a0<strong>40% mayor precisi\u00f3n de posicionamiento<\/strong>\u00a0que los sistemas convencionales<br \/>\n\u2713\u00a0<strong>35% mayor vida \u00fatil<\/strong>\u00a0para componentes cr\u00edticos<br \/>\n\u2713\u00a0<strong>50% ajuste m\u00e1s r\u00e1pido<\/strong>\u00a0operaciones<\/p>\n<p class=\"ds-markdown-paragraph\">Ideal para\u00a0<strong>fabricaci\u00f3n de recipientes a presi\u00f3n<\/strong>,\u00a0<strong>soldadura de acero estructural<\/strong>y\u00a0<strong>soldadura de circunferencias de tuber\u00edas<\/strong>Este\u00a0<strong>posicionador de soldadura<\/strong>\u00a0ofrece un rendimiento fiable en\u00a0<strong>aplicaciones de soldadura industrial<\/strong>.<\/p>\n<p><img decoding=\"async\" class=\"alignnone wp-image-989 size-full\" src=\"https:\/\/www.weldmc.com\/wp-content\/uploads\/2025\/05\/\u56fe\u724718.png\" alt=\"Rotador de soldadura est\u00e1ndar\" width=\"636\" height=\"476\" srcset=\"https:\/\/www.weldmc.com\/wp-content\/uploads\/2025\/05\/\u56fe\u724718.png 636w, https:\/\/www.weldmc.com\/wp-content\/uploads\/2025\/05\/\u56fe\u724718-300x225.png 300w, https:\/\/www.weldmc.com\/wp-content\/uploads\/2025\/05\/\u56fe\u724718-600x449.png 600w\" sizes=\"(max-width: 636px) 100vw, 636px\" \/><\/p>\n<p><img decoding=\"async\" class=\"alignnone wp-image-990 size-full\" src=\"https:\/\/www.weldmc.com\/wp-content\/uploads\/2025\/05\/\u56fe\u724719.png\" alt=\"Rotador de soldadura est\u00e1ndar\" width=\"638\" height=\"360\" srcset=\"https:\/\/www.weldmc.com\/wp-content\/uploads\/2025\/05\/\u56fe\u724719.png 638w, https:\/\/www.weldmc.com\/wp-content\/uploads\/2025\/05\/\u56fe\u724719-300x169.png 300w, https:\/\/www.weldmc.com\/wp-content\/uploads\/2025\/05\/\u56fe\u724719-600x339.png 600w\" sizes=\"(max-width: 638px) 100vw, 638px\" \/><\/p>\n<p><strong>Caracter\u00edsticas del rotador de soldadura<\/strong><\/p>\n<ol>\n<li>La distancia de los rodillos se ajusta autom\u00e1ticamente para adaptarse a diferentes di\u00e1metros de barril.<br \/>\nLa velocidad se ajusta mediante un sistema de control de frecuencia, lo que aumenta la fiabilidad operativa.<br \/>\n3.Se garantiza un funcionamiento sencillo con una caja de control manual.<br \/>\n4.Disponible en m\u00faltiples configuraciones, incluidos los tipos m\u00f3vil y elevable.<br \/>\n5.Un lecho de rodillos especialmente dise\u00f1ado ofrece una mayor comodidad durante la soldadura.<br \/>\n6.Los rodillos pueden fabricarse con diversos materiales, como caucho negro, poliuretano y acero.<\/li>\n<\/ol>\n<p><img loading=\"lazy\" decoding=\"async\" class=\"alignnone wp-image-991 size-full\" src=\"https:\/\/www.weldmc.com\/wp-content\/uploads\/2025\/05\/1748102710232.jpg\" alt=\"Rotador de soldadura est\u00e1ndar\" width=\"596\" height=\"228\" srcset=\"https:\/\/www.weldmc.com\/wp-content\/uploads\/2025\/05\/1748102710232.jpg 596w, https:\/\/www.weldmc.com\/wp-content\/uploads\/2025\/05\/1748102710232-300x115.jpg 300w\" sizes=\"(max-width: 596px) 100vw, 596px\" \/><\/p>\n<p><strong><b>Mantenimiento del rotor de soldadura<\/b><\/strong><\/p>\n<p>1. Este rotador de soldadura necesita limpieza antes de ponerse en uso. Y para evitar el envejecimiento, los rodillos de goma deben mantenerse alejados de aceites y altas temperaturas. 2. Si es posible, debe haber una persona espec\u00edfica para operar y mantener este dispositivo.<br \/>\n2. Antes de arrancar, el reductor de velocidad debe estar lleno de aceite de motor 30#, lo que tambi\u00e9n es necesario cuando la temperatura ambiente es inferior a 0\u00baC.<br \/>\n3. El aceite del interior del reductor de velocidad debe cambiarse completamente despu\u00e9s del primer mes de uso, y posteriormente, el aceite del motor puede cambiarse cada seis meses.<br \/>\n4. El lecho de rodillos no puede utilizarse como suelo de soldadura para evitar que se da\u00f1en los rodamientos.<\/p>\n<p><strong><b>Detalles del producto<\/b><\/strong><strong><b><br \/>\n<\/b><\/strong><strong><b><img loading=\"lazy\" decoding=\"async\" class=\"alignnone wp-image-992 size-full\" src=\"https:\/\/www.weldmc.com\/wp-content\/uploads\/2025\/05\/\u56fe\u724720.png\" alt=\"Rotador de soldadura est\u00e1ndar\" width=\"745\" height=\"419\" srcset=\"https:\/\/www.weldmc.com\/wp-content\/uploads\/2025\/05\/\u56fe\u724720.png 745w, https:\/\/www.weldmc.com\/wp-content\/uploads\/2025\/05\/\u56fe\u724720-300x169.png 300w, https:\/\/www.weldmc.com\/wp-content\/uploads\/2025\/05\/\u56fe\u724720-600x337.png 600w\" sizes=\"(max-width: 745px) 100vw, 745px\" \/> <img loading=\"lazy\" decoding=\"async\" class=\"alignnone wp-image-993 size-full\" src=\"https:\/\/www.weldmc.com\/wp-content\/uploads\/2025\/05\/\u56fe\u724721.png\" alt=\"Rotador de soldadura est\u00e1ndar\" width=\"745\" height=\"419\" srcset=\"https:\/\/www.weldmc.com\/wp-content\/uploads\/2025\/05\/\u56fe\u724721.png 745w, https:\/\/www.weldmc.com\/wp-content\/uploads\/2025\/05\/\u56fe\u724721-300x169.png 300w, https:\/\/www.weldmc.com\/wp-content\/uploads\/2025\/05\/\u56fe\u724721-600x337.png 600w\" sizes=\"(max-width: 745px) 100vw, 745px\" \/><\/b><\/strong><\/p>\n<p><strong><b> <img loading=\"lazy\" decoding=\"async\" class=\"alignnone wp-image-1871\" src=\"https:\/\/www.weldmc.com\/wp-content\/uploads\/2025\/05\/standard-welding-rotator-product-decomposition-diagram.png\" alt=\"diagrama de descomposici\u00f3n del producto rotador de soldadura est\u00e1ndar\" width=\"745\" height=\"428\" srcset=\"https:\/\/www.weldmc.com\/wp-content\/uploads\/2025\/05\/standard-welding-rotator-product-decomposition-diagram.png 1347w, https:\/\/www.weldmc.com\/wp-content\/uploads\/2025\/05\/standard-welding-rotator-product-decomposition-diagram-600x345.png 600w\" sizes=\"(max-width: 745px) 100vw, 745px\" \/><\/b><\/strong><\/p>\n<table>\n<tbody>\n<tr>\n<td>- Dise\u00f1o de confianza<\/td>\n<td>- Calidad fiable<\/td>\n<\/tr>\n<tr>\n<td>- Piezas de renombre<\/td>\n<td>- Control del inversor<\/td>\n<\/tr>\n<tr>\n<td>- Sistema de transmisi\u00f3n directa<\/td>\n<td>- Opci\u00f3n de desplazamiento motorizado<\/td>\n<\/tr>\n<tr>\n<td>- Dise\u00f1o personalizado a medida<\/td>\n<td>- OEM<\/td>\n<\/tr>\n<\/tbody>\n<\/table>\n<p><strong><b>Introducci\u00f3n de la rueda<\/b><\/strong><\/p>\n<p>Las ruedas de poliuretano ofrecen una excepcional resistencia a la abrasi\u00f3n, un procesamiento vers\u00e1til, una amplia aplicabilidad y una resistencia superior al aceite, el ozono, el envejecimiento, la radiaci\u00f3n y las bajas temperaturas. Tambi\u00e9n ofrecen una fuerte adherencia, una excelente transmisi\u00f3n del sonido, biocompatibilidad y compatibilidad sangu\u00ednea.<\/p>\n<p><img loading=\"lazy\" decoding=\"async\" class=\"alignnone wp-image-987 size-full\" src=\"https:\/\/www.weldmc.com\/wp-content\/uploads\/2025\/05\/\u56fe\u724724.png\" alt=\"Rotador de soldadura est\u00e1ndar\" width=\"486\" height=\"606\" srcset=\"https:\/\/www.weldmc.com\/wp-content\/uploads\/2025\/05\/\u56fe\u724724.png 486w, https:\/\/www.weldmc.com\/wp-content\/uploads\/2025\/05\/\u56fe\u724724-241x300.png 241w\" sizes=\"(max-width: 486px) 100vw, 486px\" \/> <img loading=\"lazy\" decoding=\"async\" class=\"alignnone wp-image-997\" src=\"https:\/\/www.weldmc.com\/wp-content\/uploads\/2025\/05\/\u56fe\u724723.png\" alt=\"Rotador de soldadura est\u00e1ndar\" width=\"488\" height=\"608\" srcset=\"https:\/\/www.weldmc.com\/wp-content\/uploads\/2025\/05\/\u56fe\u724723.png 562w, https:\/\/www.weldmc.com\/wp-content\/uploads\/2025\/05\/\u56fe\u724723-241x300.png 241w\" sizes=\"(max-width: 488px) 100vw, 488px\" \/><\/p>\n<p><strong><b>Introducci\u00f3n del motor<\/b><\/strong><strong><b><br \/>\n<\/b><\/strong><b><\/b><\/p>\n<p><img decoding=\"async\" src=\"https:\/\/www.weldmc.com\/wp-content\/uploads\/2025\/05\/Motor-introduction-1.png\" alt=\"rotador_Motor de soldadura\" \/> <img decoding=\"async\" src=\"https:\/\/www.weldmc.com\/wp-content\/uploads\/2025\/05\/Adjustable-Welding-Rotator-HGK-5-1.png\" alt=\"Soldadura rotator_Motor2\" \/><\/p>\n<p><strong><b>Fabricante de rotadores de alta calidad<\/b><\/strong><\/p>\n<p>1.Con m\u00e1s de 20 a\u00f1os de experiencia especializada en la fabricaci\u00f3n de rotadores autoalineables.<\/p>\n<p>2.Nuestros productos tienen una capacidad de carga que oscila entre 5 y 400 toneladas.<\/p>\n<p>3.Proporcionamos certificaciones CE e ISO, que garantizan el cumplimiento de las estrictas subregulaciones. Adem\u00e1s.<\/p>\n<p>4.Ofrecemos un a\u00f1o de garant\u00eda y piezas de desgaste gratuitas.<\/p>\n<p>5.Nuestro equipo t\u00e9cnico altamente cualificado se dedica a prestarle apoyo a usted y a sus proyectos a gran escala, como la soldadura de aerogeneradores.<\/p>\n<p><strong><b>Certificaci\u00f3n de productos<\/b><\/strong><\/p>\n<p>Ad\u00e9ntrese en el futuro de la tecnolog\u00eda de soldadura con nuestras soluciones de vanguardia.<br \/>\nDesde procesos automatizados hasta controles intuitivos, nuestros productos est\u00e1n a la vanguardia de la innovaci\u00f3n y le proporcionan las herramientas que necesita para mantenerse a la cabeza en el competitivo mercado actual.<\/p>\n<p><img decoding=\"async\" src=\"https:\/\/www.weldmc.com\/wp-content\/uploads\/2025\/05\/Roller-frame-product-certificate.png\" alt=\"Certificado de producto del bastidor de rodillos\" \/><\/p>\n<p>Wuxi ABK Machinery Co.Ltd es un fabricante profesional de rotador de soldadura en China. Y nuestro rotador de soldadura incluye principalmente rotador de soldadura est\u00e1ndar, rotador de soldadura ajustable y rotador de soldadura especial. Tambi\u00e9n podemos ofrecer a nuestros clientes en todo el mundo muchos otros productos, incluyendo la plataforma giratoria de soldadura, m\u00e1quina de soldadura de pilotes, l\u00ednea de producci\u00f3n de torres e\u00f3licas, l\u00ednea de soldadura de vigas H, equipos de soldadura de tuber\u00edas, m\u00e1quina de corte CNC, m\u00e1quina rectificadora, m\u00e1quina perfiladora, m\u00e1quina curvadora de placas, etc. Hemos obtenido la certificaci\u00f3n ISO y CE, y tambi\u00e9n ofrecemos servicio OEM.<\/p>","protected":false},"excerpt":{"rendered":"<p><strong>Rotador de soldadura WUXI ABK de 5 toneladas<\/strong>\u00a0ofrece una rotaci\u00f3n de precisi\u00f3n para aplicaciones industriales. Con\u00a0<strong>Rodillos de acero ZG45<\/strong>\u00a0(HRC 55-60) y\u00a0<strong>motores dobles de 7,5 kW<\/strong>\u00a0con\u00a0<strong>Control de velocidad de 0,5-5 RPM<\/strong>garantiza una precisi\u00f3n de \u00b10,1 mm. El\u00a0<strong>Controlado por PLC Siemens<\/strong>\u00a0sistema incluye\u00a0<strong>ajuste hidr\u00e1ulico<\/strong>\u00a0y\u00a0<strong>Sensores NOVO<\/strong>\u00a0para un rendimiento estable en\u00a0<strong>recipiente a presi\u00f3n<\/strong>\u00a0y\u00a0<strong>soldadura de tuber\u00edas<\/strong>.<\/p>","protected":false},"featured_media":1890,"comment_status":"open","ping_status":"closed","template":"","meta":{"_acf_changed":false},"product_brand":[],"product_cat":[21,42,30],"product_tag":[],"class_list":{"0":"post-986","1":"product","2":"type-product","3":"status-publish","4":"has-post-thumbnail","6":"product_cat-welding-automation","7":"product_cat-standard-welding-rotator","8":"product_cat-welding-rotator","10":"first","11":"instock","12":"shipping-taxable","13":"product-type-simple"},"acf":[],"_links":{"self":[{"href":"https:\/\/www.weldmc.com\/es\/wp-json\/wp\/v2\/product\/986","targetHints":{"allow":["GET"]}}],"collection":[{"href":"https:\/\/www.weldmc.com\/es\/wp-json\/wp\/v2\/product"}],"about":[{"href":"https:\/\/www.weldmc.com\/es\/wp-json\/wp\/v2\/types\/product"}],"replies":[{"embeddable":true,"href":"https:\/\/www.weldmc.com\/es\/wp-json\/wp\/v2\/comments?post=986"}],"wp:featuredmedia":[{"embeddable":true,"href":"https:\/\/www.weldmc.com\/es\/wp-json\/wp\/v2\/media\/1890"}],"wp:attachment":[{"href":"https:\/\/www.weldmc.com\/es\/wp-json\/wp\/v2\/media?parent=986"}],"wp:term":[{"taxonomy":"product_brand","embeddable":true,"href":"https:\/\/www.weldmc.com\/es\/wp-json\/wp\/v2\/product_brand?post=986"},{"taxonomy":"product_cat","embeddable":true,"href":"https:\/\/www.weldmc.com\/es\/wp-json\/wp\/v2\/product_cat?post=986"},{"taxonomy":"product_tag","embeddable":true,"href":"https:\/\/www.weldmc.com\/es\/wp-json\/wp\/v2\/product_tag?post=986"}],"curies":[{"name":"wp","href":"https:\/\/api.w.org\/{rel}","templated":true}]}}