{"id":975,"date":"2025-05-24T23:54:40","date_gmt":"2025-05-24T15:54:40","guid":{"rendered":"http:\/\/111.170.148.214:8095\/?post_type=product&#038;p=975"},"modified":"2025-10-14T15:02:20","modified_gmt":"2025-10-14T07:02:20","slug":"l-type-welding-positioner-5-tons","status":"publish","type":"product","link":"https:\/\/www.weldmc.com\/es\/product\/l-type-welding-positioner-5-tons\/","title":{"rendered":"Posicionador de soldadura tipo L 5 toneladas"},"content":{"rendered":"<h4>LHBJ-50 Welding Positioner<\/h4>\n<h4><iframe title=\"Reproductor de v\u00eddeo YouTube\" src=\"https:\/\/www.youtube.com\/embed\/Ci4QdMo5Qkg?si=2Im1-Qb7S9Z9XMFG\" width=\"560\" height=\"315\" frameborder=\"0\" allowfullscreen=\"allowfullscreen\"><\/iframe><\/h4>\n<table>\n<tbody>\n<tr>\n<td colspan=\"3\" width=\"470\"><strong>Modelo<\/strong><\/td>\n<td width=\"430\"><strong>L<\/strong><strong>HBJ-<\/strong><strong>50 with lifting<\/strong><\/td>\n<\/tr>\n<tr>\n<td width=\"313\"><strong>Capacidad de carga<\/strong><\/td>\n<td width=\"71\">(KG)<\/td>\n<td width=\"85\"><\/td>\n<td width=\"430\">5000<\/td>\n<\/tr>\n<tr>\n<td width=\"313\"><strong>Velocidad de rotaci\u00f3n<\/strong><\/td>\n<td width=\"71\">(RPM)<\/td>\n<td width=\"85\"><\/td>\n<td width=\"430\">0.05-0.5<\/td>\n<\/tr>\n<tr>\n<td width=\"313\"><strong>\u00a0Velocidad de rotaci\u00f3n<\/strong><\/td>\n<td width=\"71\">(RPM)<\/td>\n<td width=\"85\"><\/td>\n<td width=\"430\">0.2<\/td>\n<\/tr>\n<tr>\n<td width=\"313\"><strong>\u00c1ngulo de giro<\/strong><\/td>\n<td width=\"71\">(\u00b0)<\/td>\n<td width=\"85\"><\/td>\n<td width=\"430\">0-120<\/td>\n<\/tr>\n<tr>\n<td width=\"313\"><strong>Rotaci\u00f3n A<\/strong><strong>ngle<\/strong><\/td>\n<td width=\"71\">(\u00b0)<\/td>\n<td width=\"85\"><\/td>\n<td width=\"430\">0~360<\/td>\n<\/tr>\n<tr>\n<td width=\"313\"><strong>Tama\u00f1o de la mesa de trabajo<\/strong><strong>\u00a0Di\u00e1metro<\/strong><\/td>\n<td width=\"71\">(MM)<\/td>\n<td width=\"85\"><\/td>\n<td width=\"430\">900<\/td>\n<\/tr>\n<tr>\n<td width=\"313\"><strong>L longitud del soporte<\/strong><\/td>\n<td width=\"71\">(MM)<\/td>\n<td width=\"85\"><\/td>\n<td width=\"430\">1200<\/td>\n<\/tr>\n<tr>\n<td width=\"313\"><strong>Altura m\u00ednima de la mesa de trabajo<\/strong><\/td>\n<td width=\"71\">(MM)<\/td>\n<td width=\"85\"><\/td>\n<td width=\"430\">1000<\/td>\n<\/tr>\n<tr>\n<td width=\"313\"><strong>Altura m\u00e1xima de la mesa de trabajo<\/strong><\/td>\n<td width=\"71\">(MM)<\/td>\n<td width=\"85\"><\/td>\n<td width=\"430\">2000<\/td>\n<\/tr>\n<tr>\n<td width=\"313\"><strong>Fuente de alimentaci\u00f3n<\/strong><\/td>\n<td width=\"71\">(V)<\/td>\n<td width=\"85\">50Hz 3\u0278<\/td>\n<td width=\"430\">380 (Determinado en funci\u00f3n de las necesidades del cliente)<\/td>\n<\/tr>\n<tr>\n<td width=\"313\"><strong>Tipo regulador de velocidad<\/strong><\/td>\n<td width=\"71\"><\/td>\n<td width=\"85\"><\/td>\n<td width=\"430\">Regulaci\u00f3n continua de la velocidad de la frecuencia de CA<\/td>\n<\/tr>\n<tr>\n<td colspan=\"4\" width=\"900\">Nota: Todas las especificaciones corresponden al equipamiento est\u00e1ndar, que puede modificarse seg\u00fan las necesidades del cliente.<\/td>\n<\/tr>\n<\/tbody>\n<\/table>\n<p>1. Rodamiento giratorio<\/p>\n<p><img decoding=\"async\" src=\"https:\/\/www.weldmc.com\/wp-content\/uploads\/2025\/05\/Slewing-bearing.png\" alt=\"Rodamiento giratorio\" \/><\/p>\n<p>El rodamiento giratorio es un componente de soporte de carga cr\u00edtico que permite la rotaci\u00f3n relativa entre las piezas de la m\u00e1quina y, al mismo tiempo, gestiona las fuerzas axiales, radiales y de momento de vuelco. Su dise\u00f1o compacto y ligero, fabricado en acero de aleaci\u00f3n de alta resistencia, garantiza un funcionamiento suave con gran precisi\u00f3n (\u00b10,05\u00b0 de exactitud de rotaci\u00f3n) y una larga vida \u00fatil. Las configuraciones clave incluyen orificios para pernos de montaje, engranajes internos\/externos opcionales, puertos de lubricaci\u00f3n y sistemas de sellado para mejorar la fiabilidad. Con una gama de di\u00e1metros de 300-5000 mm y una capacidad de carga de hasta 50.000 kN, se utiliza ampliamente en maquinaria de construcci\u00f3n, turbinas e\u00f3licas, gr\u00faas y equipos militares. Hay dise\u00f1os personalizados disponibles para aplicaciones especializadas.<\/p>\n<ol start=\"2\">\n<li>Engranaje<\/li>\n<\/ol>\n<p>1). Marcha atr\u00e1s<\/p>\n<p><img decoding=\"async\" src=\"https:\/\/www.weldmc.com\/wp-content\/uploads\/2025\/05\/Reverse-gear.png\" alt=\"Marcha atr\u00e1s\" \/><\/p>\n<p>Generalmente, el \u00e1ngulo de giro del engranaje de giro es de 0 \u00b0 a 90 \u00b0. La funci\u00f3n de desplazamiento se consigue girando la mesa.<\/p>\n<p>2). Marcha atr\u00e1s<\/p>\n<p><img fetchpriority=\"high\" decoding=\"async\" class=\"\" src=\"https:\/\/www.weldmc.com\/wp-content\/uploads\/2025\/05\/Reverse-gear_1.png\" alt=\"Marcha atr\u00e1s_1\" width=\"359\" height=\"269\" \/> <img decoding=\"async\" class=\"\" src=\"https:\/\/www.weldmc.com\/wp-content\/uploads\/2025\/05\/Reverse-gear_2.png\" alt=\"Marcha atr\u00e1s_2\" width=\"359\" height=\"269\" \/> <img decoding=\"async\" class=\"\" src=\"https:\/\/www.weldmc.com\/wp-content\/uploads\/2025\/05\/Reverse-gear_3.png\" alt=\"Marcha atr\u00e1s_3\" width=\"356\" height=\"268\" \/><\/p>\n<p>Los engranajes son componentes mec\u00e1nicos dentados que transmiten el par mediante el engranaje con otros elementos, como cremalleras, tornillos sinf\u00edn o engranajes adicionales, lo que permite un control preciso de la transmisi\u00f3n de potencia modificando las relaciones velocidad\/par, redirigiendo las trayectorias de movimiento y convirtiendo los tipos de movimiento (por ejemplo, de rotativo a lineal). El dise\u00f1o de sus dientes entrelazados proporciona una transferencia de fuerza fiable al tiempo que permite una ventaja mec\u00e1nica personalizable en diversas aplicaciones industriales.<\/p>\n<p>3.Reductor<\/p>\n<p><img decoding=\"async\" src=\"https:\/\/www.weldmc.com\/wp-content\/uploads\/2025\/05\/Reducer-1.png\" alt=\"Reductor\" \/><\/p>\n<p>Los reductores de engranajes son dispositivos mec\u00e1nicos de transmisi\u00f3n de potencia que utilizan sistemas de engranajes de precisi\u00f3n para reducir la velocidad de entrada y aumentar proporcionalmente el par de salida, siendo el par de salida el producto del par del motor y la relaci\u00f3n de transmisi\u00f3n (sin superar la capacidad nominal del reductor). Estos sistemas reducen simult\u00e1neamente la inercia de la carga al cuadrado de la relaci\u00f3n de reducci\u00f3n, lo que permite optimizar la conversi\u00f3n de potencia para diversas aplicaciones industriales mediante un engranaje eficaz.<\/p>\n<p><img decoding=\"async\" src=\"https:\/\/www.weldmc.com\/wp-content\/uploads\/2025\/05\/Motor_2.png\" alt=\"Motor_2\" \/> <img decoding=\"async\" src=\"https:\/\/www.weldmc.com\/wp-content\/uploads\/2025\/05\/Motor_1.png\" alt=\"Motor_1\" \/><\/p>\n<p class=\"ds-markdown-paragraph\">Mantenimiento adecuado de nuestro\u00a0<strong>L-type welding positioner<\/strong>\u00a0garantiza un rendimiento \u00f3ptimo para\u00a0<strong>aplicaciones de soldadura de precisi\u00f3n<\/strong>\u00a0en\u00a0<strong>fabricaci\u00f3n de tuber\u00edas<\/strong>,\u00a0<strong>soldadura estructural<\/strong>y\u00a0<strong>fabricaci\u00f3n de recipientes a presi\u00f3n<\/strong>. En\u00a0<strong>5-ton capacity positioner<\/strong>\u00a0requires regular care to maintain its\u00a0<strong>\u00b10.5\u00b0 rotation accuracy<\/strong>\u00a0y\u00a0<strong>robust load-bearing capability<\/strong>.<\/p>\n<p class=\"ds-markdown-paragraph\"><strong>Maintenance Protocol<\/strong><\/p>\n<ol start=\"1\">\n<li>\n<p class=\"ds-markdown-paragraph\"><strong>Cuidado diario<\/strong>: Remove welding spatter, verify lubrication levels (using\u00a0<strong>Mobilith SHC 220 grease<\/strong>), and inspect electrical connections.<\/p>\n<\/li>\n<li>\n<p class=\"ds-markdown-paragraph\"><strong>Weekly Checks<\/strong>: Tighten mounting bolts (85-95 Nm torque) and test emergency stop functions.<\/p>\n<\/li>\n<li>\n<p class=\"ds-markdown-paragraph\"><strong>Annual Service<\/strong>: Sustituir desgastado\u00a0<strong>SKF bearings<\/strong>, recalibrate the\u00a0<strong>servo drive system<\/strong>, and verify\u00a0<strong>tilt mechanism alignment<\/strong>.<\/p>\n<\/li>\n<\/ol>\n<p class=\"ds-markdown-paragraph\"><strong>Operational Benefits<\/strong><\/p>\n<ul>\n<li>\n<p class=\"ds-markdown-paragraph\"><strong>Vida \u00fatil prolongada 30%<\/strong>\u00a0compared to standard positioners<\/p>\n<\/li>\n<li>\n<p class=\"ds-markdown-paragraph\"><strong>&lt;0.3mm weld deviation<\/strong>\u00a0throughout equipment lifespan<\/p>\n<\/li>\n<li>\n<p class=\"ds-markdown-paragraph\"><strong>IP54-rated components<\/strong>\u00a0resist industrial contaminants<\/p>\n<\/li>\n<\/ul>\n<p class=\"ds-markdown-paragraph\"><strong>Certification &amp; Innovation<\/strong><br \/>\nNuestra\u00a0<strong>CE\/ISO-certified positioner<\/strong>\u00a0integrates:<br \/>\n\u2713\u00a0<strong>Permanent magnet servo motors<\/strong>\u00a0for precise\u00a0<strong>0.1-2 RPM speed control<\/strong><br \/>\n\u2713\u00a0<strong>Reinforced L-type arm<\/strong>\u00a0para\u00a0<strong>heavy pipe welding<\/strong>\u00a0stability<br \/>\n\u2713\u00a0<strong>PLC-ready interface<\/strong>\u00a0para\u00a0<strong>automated welding cell<\/strong>\u00a0integraci\u00f3n<\/p>\n<p><img decoding=\"async\" src=\"https:\/\/www.weldmc.com\/wp-content\/uploads\/2025\/05\/Product-certification.png\" alt=\"Certificaci\u00f3n de productos\" \/><br \/>\nWuxi ABK Machinery Co.Ltd es un fabricante profesional de rotador de soldadura en China. Y nuestro rotador de soldadura incluye principalmente rotador de soldadura est\u00e1ndar, rotador de soldadura ajustable y rotador de soldadura especial. Tambi\u00e9n podemos ofrecer a nuestros clientes en todo el mundo muchos otros productos, incluyendo la plataforma giratoria de soldadura, m\u00e1quina de soldadura de pilotes, l\u00ednea de producci\u00f3n de torres e\u00f3licas, l\u00ednea de soldadura de vigas H, equipos de soldadura de tuber\u00edas, m\u00e1quina de corte CNC, m\u00e1quina rectificadora, m\u00e1quina perfiladora, m\u00e1quina curvadora de placas, etc. Hemos obtenido la certificaci\u00f3n ISO y CE, y tambi\u00e9n ofrecemos servicio OEM.<\/p>","protected":false},"excerpt":{"rendered":"<p><strong>Posicionador en L WUXI ABK 5TONS<\/strong>\u00a0ofrece un posicionamiento de precisi\u00f3n para aplicaciones de soldadura de uso medio. Con una robusta construcci\u00f3n de acero y una rotaci\u00f3n continua de 360\u00b0 (0,1-1,2 RPM), esta\u00a0<strong>posicionador de soldadura<\/strong>\u00a0manipula piezas de hasta 5 toneladas. El\u00a0<strong>Dise\u00f1o en L<\/strong>\u00a0optimiza la estabilidad para\u00a0<strong>acero estructural<\/strong>\u00a0y\u00a0<strong>soldadura de tuber\u00edas<\/strong>mientras que\u00a0<strong>control de servomotores<\/strong>\u00a0garantiza una inclinaci\u00f3n precisa (0-135\u00b0). Incluye\u00a0<strong>anillos colectores conductores<\/strong>\u00a0para evitar la torsi\u00f3n del cable. Ideal para\u00a0<strong>talleres de fabricaci\u00f3n<\/strong>\u00a0y\u00a0<strong>recipiente a presi\u00f3n<\/strong>\u00a0producci\u00f3n.<\/p>","protected":false},"featured_media":2078,"comment_status":"open","ping_status":"closed","template":"","meta":{"_acf_changed":false},"product_brand":[],"product_cat":[21,37,29],"product_tag":[],"class_list":{"0":"post-975","1":"product","2":"type-product","3":"status-publish","4":"has-post-thumbnail","6":"product_cat-welding-automation","7":"product_cat-l-type-positioner","8":"product_cat-welding-positioner","10":"first","11":"instock","12":"shipping-taxable","13":"product-type-simple"},"acf":[],"_links":{"self":[{"href":"https:\/\/www.weldmc.com\/es\/wp-json\/wp\/v2\/product\/975","targetHints":{"allow":["GET"]}}],"collection":[{"href":"https:\/\/www.weldmc.com\/es\/wp-json\/wp\/v2\/product"}],"about":[{"href":"https:\/\/www.weldmc.com\/es\/wp-json\/wp\/v2\/types\/product"}],"replies":[{"embeddable":true,"href":"https:\/\/www.weldmc.com\/es\/wp-json\/wp\/v2\/comments?post=975"}],"wp:featuredmedia":[{"embeddable":true,"href":"https:\/\/www.weldmc.com\/es\/wp-json\/wp\/v2\/media\/2078"}],"wp:attachment":[{"href":"https:\/\/www.weldmc.com\/es\/wp-json\/wp\/v2\/media?parent=975"}],"wp:term":[{"taxonomy":"product_brand","embeddable":true,"href":"https:\/\/www.weldmc.com\/es\/wp-json\/wp\/v2\/product_brand?post=975"},{"taxonomy":"product_cat","embeddable":true,"href":"https:\/\/www.weldmc.com\/es\/wp-json\/wp\/v2\/product_cat?post=975"},{"taxonomy":"product_tag","embeddable":true,"href":"https:\/\/www.weldmc.com\/es\/wp-json\/wp\/v2\/product_tag?post=975"}],"curies":[{"name":"wp","href":"https:\/\/api.w.org\/{rel}","templated":true}]}}