{"id":974,"date":"2025-05-24T23:54:15","date_gmt":"2025-05-24T15:54:15","guid":{"rendered":"http:\/\/111.170.148.214:8095\/?post_type=product&#038;p=974"},"modified":"2025-10-14T15:03:13","modified_gmt":"2025-10-14T07:03:13","slug":"maquina-posicionadora-en-forma-de-l-3-toneladas","status":"publish","type":"product","link":"https:\/\/www.weldmc.com\/es\/product\/maquina-posicionadora-en-forma-de-l-3-toneladas\/","title":{"rendered":"M\u00e1quina posicionadora en forma de L 3 TONS"},"content":{"rendered":"<h4>Posicionador de soldadura LHBJ-30<\/h4>\n<p><iframe title=\"Reproductor de v\u00eddeo YouTube\" src=\"https:\/\/www.youtube.com\/embed\/Ci4QdMo5Qkg?si=2Im1-Qb7S9Z9XMFG\" width=\"560\" height=\"315\" frameborder=\"0\" allowfullscreen=\"allowfullscreen\"><\/iframe><\/p>\n<table>\n<tbody>\n<tr>\n<td colspan=\"3\" width=\"470\"><strong>Modelo<\/strong><\/td>\n<td width=\"430\"><strong>L<\/strong><strong>HBJ-<\/strong><strong>30 con elevaci\u00f3n<\/strong><\/td>\n<\/tr>\n<tr>\n<td width=\"313\"><strong>Capacidad de carga<\/strong><\/td>\n<td width=\"71\">(KG)<\/td>\n<td width=\"85\"><\/td>\n<td width=\"430\">3000<\/td>\n<\/tr>\n<tr>\n<td width=\"313\"><strong>Velocidad de rotaci\u00f3n<\/strong><\/td>\n<td width=\"71\">(RPM)<\/td>\n<td width=\"85\"><\/td>\n<td width=\"430\">0.05-0.5<\/td>\n<\/tr>\n<tr>\n<td width=\"313\"><strong>\u00a0Velocidad de rotaci\u00f3n<\/strong><\/td>\n<td width=\"71\">(RPM)<\/td>\n<td width=\"85\"><\/td>\n<td width=\"430\">0.2<\/td>\n<\/tr>\n<tr>\n<td width=\"313\"><strong>\u00c1ngulo de giro<\/strong><\/td>\n<td width=\"71\">(\u00b0)<\/td>\n<td width=\"85\"><\/td>\n<td width=\"430\">0-120<\/td>\n<\/tr>\n<tr>\n<td width=\"313\"><strong>Rotaci\u00f3n A<\/strong><strong>ngle<\/strong><\/td>\n<td width=\"71\">(\u00b0)<\/td>\n<td width=\"85\"><\/td>\n<td width=\"430\">0~360<\/td>\n<\/tr>\n<tr>\n<td width=\"313\"><strong>Tama\u00f1o de la mesa de trabajo<\/strong><strong>\u00a0Di\u00e1metro<\/strong><\/td>\n<td width=\"71\">(MM)<\/td>\n<td width=\"85\"><\/td>\n<td width=\"430\">1500<\/td>\n<\/tr>\n<tr>\n<td width=\"313\"><strong>L longitud del soporte<\/strong><\/td>\n<td width=\"71\">(MM)<\/td>\n<td width=\"85\"><\/td>\n<td width=\"430\">800<\/td>\n<\/tr>\n<tr>\n<td width=\"313\"><strong>Altura m\u00ednima de la mesa de trabajo<\/strong><\/td>\n<td width=\"71\">(MM)<\/td>\n<td width=\"85\"><\/td>\n<td width=\"430\">1000<\/td>\n<\/tr>\n<tr>\n<td width=\"313\"><strong>Altura m\u00e1xima de la mesa de trabajo<\/strong><\/td>\n<td width=\"71\">(MM)<\/td>\n<td width=\"85\"><\/td>\n<td width=\"430\">2000<\/td>\n<\/tr>\n<tr>\n<td width=\"313\"><strong>Fuente de alimentaci\u00f3n<\/strong><\/td>\n<td width=\"71\">(V)<\/td>\n<td width=\"85\">50Hz 3\u0278<\/td>\n<td width=\"430\">380 (Determinado en funci\u00f3n de las necesidades del cliente)<\/td>\n<\/tr>\n<tr>\n<td width=\"313\"><strong>Tipo regulador de velocidad<\/strong><\/td>\n<td width=\"71\"><\/td>\n<td width=\"85\"><\/td>\n<td width=\"430\">Regulaci\u00f3n continua de la velocidad de la frecuencia de CA<\/td>\n<\/tr>\n<tr>\n<td colspan=\"4\" width=\"900\">Nota: Todas las especificaciones corresponden al equipamiento est\u00e1ndar, que puede modificarse seg\u00fan las necesidades del cliente.<\/td>\n<\/tr>\n<\/tbody>\n<\/table>\n<p>1. Rodamiento giratorio<\/p>\n<p><img decoding=\"async\" src=\"https:\/\/www.weldmc.com\/wp-content\/uploads\/2025\/05\/Slewing-bearing.png\" alt=\"Rodamiento giratorio\" \/><\/p>\n<p>El rodamiento giratorio es un componente de soporte de carga cr\u00edtico que permite la rotaci\u00f3n relativa entre las piezas de la m\u00e1quina y, al mismo tiempo, gestiona las fuerzas axiales, radiales y de momento de vuelco. Su dise\u00f1o compacto y ligero, fabricado en acero de aleaci\u00f3n de alta resistencia, garantiza un funcionamiento suave con gran precisi\u00f3n (\u00b10,05\u00b0 de exactitud de rotaci\u00f3n) y una larga vida \u00fatil. Las configuraciones clave incluyen orificios para pernos de montaje, engranajes internos\/externos opcionales, puertos de lubricaci\u00f3n y sistemas de sellado para mejorar la fiabilidad. Con una gama de di\u00e1metros de 300-5000 mm y una capacidad de carga de hasta 50.000 kN, se utiliza ampliamente en maquinaria de construcci\u00f3n, turbinas e\u00f3licas, gr\u00faas y equipos militares. Hay dise\u00f1os personalizados disponibles para aplicaciones especializadas.<\/p>\n<ol start=\"2\">\n<li>Engranaje<\/li>\n<\/ol>\n<p>1). Marcha atr\u00e1s<\/p>\n<p><img decoding=\"async\" src=\"https:\/\/www.weldmc.com\/wp-content\/uploads\/2025\/05\/Reverse-gear.png\" alt=\"Marcha atr\u00e1s\" \/><\/p>\n<p>Generalmente, el \u00e1ngulo de giro del engranaje de giro es de 0 \u00b0 a 90 \u00b0. La funci\u00f3n de desplazamiento se consigue girando la mesa.<\/p>\n<p>2). Marcha atr\u00e1s<\/p>\n<p><img fetchpriority=\"high\" decoding=\"async\" class=\"\" src=\"https:\/\/www.weldmc.com\/wp-content\/uploads\/2025\/05\/Reverse-gear_1.png\" alt=\"Marcha atr\u00e1s_1\" width=\"312\" height=\"234\" \/> <img decoding=\"async\" class=\"\" src=\"https:\/\/www.weldmc.com\/wp-content\/uploads\/2025\/05\/Reverse-gear_2.png\" alt=\"Marcha atr\u00e1s_2\" width=\"314\" height=\"235\" \/> <img decoding=\"async\" class=\"\" src=\"https:\/\/www.weldmc.com\/wp-content\/uploads\/2025\/05\/Reverse-gear_3.png\" alt=\"Marcha atr\u00e1s_3\" width=\"314\" height=\"236\" \/><\/p>\n<p>Los engranajes son componentes mec\u00e1nicos dentados que transmiten el par mediante el engranaje con otros elementos, como cremalleras, tornillos sinf\u00edn o engranajes adicionales, lo que permite un control preciso de la transmisi\u00f3n de potencia modificando las relaciones velocidad\/par, redirigiendo las trayectorias de movimiento y convirtiendo los tipos de movimiento (por ejemplo, de rotativo a lineal). El dise\u00f1o de sus dientes entrelazados proporciona una transferencia de fuerza fiable al tiempo que permite una ventaja mec\u00e1nica personalizable en diversas aplicaciones industriales.<\/p>\n<p>3.Reductor<\/p>\n<p><img decoding=\"async\" src=\"https:\/\/www.weldmc.com\/wp-content\/uploads\/2025\/05\/Reducer-1.png\" alt=\"Reductor\" \/><\/p>\n<p>Los reductores de engranajes son dispositivos mec\u00e1nicos de transmisi\u00f3n de potencia que utilizan sistemas de engranajes de precisi\u00f3n para reducir la velocidad de entrada y aumentar proporcionalmente el par de salida, siendo el par de salida el producto del par del motor y la relaci\u00f3n de transmisi\u00f3n (sin superar la capacidad nominal del reductor). Estos sistemas reducen simult\u00e1neamente la inercia de la carga al cuadrado de la relaci\u00f3n de reducci\u00f3n, lo que permite optimizar la conversi\u00f3n de potencia para diversas aplicaciones industriales mediante un engranaje eficaz.<\/p>\n<p><img decoding=\"async\" src=\"https:\/\/www.weldmc.com\/wp-content\/uploads\/2025\/05\/Motor_2.png\" alt=\"Motor_2\" \/> <img decoding=\"async\" src=\"https:\/\/www.weldmc.com\/wp-content\/uploads\/2025\/05\/Motor_1.png\" alt=\"Motor_1\" \/><\/p>\n<p class=\"ds-markdown-paragraph\">Nuestra\u00a0<strong>Posicionador de soldadura tipo L<\/strong>\u00a0garantiza la fiabilidad a largo plazo mediante un mantenimiento adecuado. Para el funcionamiento diario, retire\u00a0<strong>escoria de soldadura<\/strong>\u00a0y verificar\u00a0<strong>niveles de lubricaci\u00f3n<\/strong>\u00a0mientras inspeccionaba\u00a0<strong>componentes de seguridad el\u00e9ctrica<\/strong>. Los procedimientos mensuales incluyen:<\/p>\n<ul>\n<li>\n<p class=\"ds-markdown-paragraph\">Apriete\u00a0<strong>pernos de montaje del posicionador<\/strong><\/p>\n<\/li>\n<li>\n<p class=\"ds-markdown-paragraph\">Examinar\u00a0<strong>mecanismos de transmisi\u00f3n por engranajes<\/strong><\/p>\n<\/li>\n<li>\n<p class=\"ds-markdown-paragraph\">Pruebas\u00a0<strong>funciones de parada de emergencia<\/strong><\/p>\n<\/li>\n<\/ul>\n<p class=\"ds-markdown-paragraph\">Requiere un mantenimiento anual en profundidad:<br \/>\n\u2713 Sustituci\u00f3n de\u00a0<strong>piezas de desgaste<\/strong>\u00a0en el\u00a0<strong>mesa giratoria<\/strong><br \/>\n\u2713 Completo\u00a0<strong>relubricaci\u00f3n de rodamientos<\/strong><br \/>\n\u2713 Completo\u00a0<strong>recalibrado del sistema<\/strong>\u00a0para mantener \u00b10,5\u00a0<strong>precisi\u00f3n de posicionamiento<\/strong><\/p>\n<p class=\"ds-markdown-paragraph\">Alertas operativas cr\u00edticas:<br \/>\n\u25c6 Apagado inmediato al detectar\u00a0<strong>ruido anormal del engranaje<\/strong><br \/>\n\u25c6 Inspecci\u00f3n profesional para\u00a0<strong>rotaci\u00f3n desigual<\/strong>\u00a0patrones<\/p>\n<p class=\"ds-markdown-paragraph\">Este protocolo de mantenimiento ofrece:<\/p>\n<ul>\n<li>\n<p class=\"ds-markdown-paragraph\"><strong>Vida \u00fatil prolongada 30%<\/strong>\u00a0para\u00a0<strong>plataforma giratoria de soldadura<\/strong>\u00a0componentes<\/p>\n<\/li>\n<li>\n<p class=\"ds-markdown-paragraph\"><strong>Reducci\u00f3n 50%<\/strong>\u00a0en tiempos de inactividad imprevistos<\/p>\n<\/li>\n<li>\n<p class=\"ds-markdown-paragraph\">Consistente\u00a0<strong>precisi\u00f3n de las juntas de soldadura<\/strong>\u00a0para\u00a0<strong>soldadura automatizada<\/strong>\u00a0aplicaciones<\/p>\n<\/li>\n<\/ul>\n<p class=\"ds-markdown-paragraph\"><strong>Certificaci\u00f3n y tecnolog\u00eda<\/strong><br \/>\nEn\u00a0<strong>Posicionador tipo L 3TONS<\/strong>\u00a0lleva\u00a0<strong>Certificaci\u00f3n CE\/ISO<\/strong>\u00a0e incorpora:<\/p>\n<ul>\n<li>\n<p class=\"ds-markdown-paragraph\"><strong>Robusta construcci\u00f3n de acero fundido<\/strong>\u00a0(opciones de capacidad de 5-400 toneladas)<\/p>\n<\/li>\n<li>\n<p class=\"ds-markdown-paragraph\"><strong>Engranaje helicoidal de precisi\u00f3n<\/strong>\u00a0para\u00a0<strong>posicionamiento de cargas pesadas<\/strong><\/p>\n<\/li>\n<li>\n<p class=\"ds-markdown-paragraph\"><strong>Controles integrados en PLC<\/strong>\u00a0compatible con\u00a0<strong>c\u00e9lulas de soldadura robotizadas<\/strong><\/p>\n<\/li>\n<\/ul>\n<p class=\"ds-markdown-paragraph\"><strong>Aplicaciones industriales<\/strong>:<br \/>\n\u2714\u00a0<strong>Fabricaci\u00f3n de recipientes a presi\u00f3n<\/strong><br \/>\n\u2714\u00a0<strong>Soldadura de acero estructural<\/strong><br \/>\n\u2714\u00a0<strong>Montaje de los componentes de la torre e\u00f3lica<\/strong><\/p>\n<p><img decoding=\"async\" src=\"https:\/\/www.weldmc.com\/wp-content\/uploads\/2025\/05\/Product-certification.png\" alt=\"Certificaci\u00f3n de productos\" \/><br \/>\nWuxi ABK Machinery Co.Ltd es un fabricante profesional de rotador de soldadura en China. Y nuestro rotador de soldadura incluye principalmente rotador de soldadura est\u00e1ndar, rotador de soldadura ajustable y rotador de soldadura especial. Tambi\u00e9n podemos ofrecer a nuestros clientes en todo el mundo muchos otros productos, incluyendo la plataforma giratoria de soldadura, m\u00e1quina de soldadura de pilotes, l\u00ednea de producci\u00f3n de torres e\u00f3licas, l\u00ednea de soldadura de vigas H, equipos de soldadura de tuber\u00edas, m\u00e1quina de corte CNC, m\u00e1quina rectificadora, m\u00e1quina perfiladora, m\u00e1quina curvadora de placas, etc. Hemos obtenido la certificaci\u00f3n ISO y CE, y tambi\u00e9n ofrecemos servicio OEM.<\/p>","protected":false},"excerpt":{"rendered":"<p><strong>Posicionador en L WUXI ABK 3TONS<\/strong>\u00a0ofrece una rotaci\u00f3n de precisi\u00f3n para soldadura y fabricaci\u00f3n robotizadas. Con una robusta transmisi\u00f3n por tornillo sinf\u00edn (precisi\u00f3n de \u00b10,5\u00b0) y construcci\u00f3n con certificaci\u00f3n CE, es ideal para recipientes a presi\u00f3n y acero estructural. Incluye controles PLC, opciones de mesa de 3000 mm y dise\u00f1o de f\u00e1cil mantenimiento.<\/p>","protected":false},"featured_media":2077,"comment_status":"open","ping_status":"closed","template":"","meta":{"_acf_changed":false},"product_brand":[],"product_cat":[21,37,29],"product_tag":[],"class_list":{"0":"post-974","1":"product","2":"type-product","3":"status-publish","4":"has-post-thumbnail","6":"product_cat-welding-automation","7":"product_cat-l-type-positioner","8":"product_cat-welding-positioner","10":"first","11":"instock","12":"shipping-taxable","13":"product-type-simple"},"acf":[],"_links":{"self":[{"href":"https:\/\/www.weldmc.com\/es\/wp-json\/wp\/v2\/product\/974","targetHints":{"allow":["GET"]}}],"collection":[{"href":"https:\/\/www.weldmc.com\/es\/wp-json\/wp\/v2\/product"}],"about":[{"href":"https:\/\/www.weldmc.com\/es\/wp-json\/wp\/v2\/types\/product"}],"replies":[{"embeddable":true,"href":"https:\/\/www.weldmc.com\/es\/wp-json\/wp\/v2\/comments?post=974"}],"wp:featuredmedia":[{"embeddable":true,"href":"https:\/\/www.weldmc.com\/es\/wp-json\/wp\/v2\/media\/2077"}],"wp:attachment":[{"href":"https:\/\/www.weldmc.com\/es\/wp-json\/wp\/v2\/media?parent=974"}],"wp:term":[{"taxonomy":"product_brand","embeddable":true,"href":"https:\/\/www.weldmc.com\/es\/wp-json\/wp\/v2\/product_brand?post=974"},{"taxonomy":"product_cat","embeddable":true,"href":"https:\/\/www.weldmc.com\/es\/wp-json\/wp\/v2\/product_cat?post=974"},{"taxonomy":"product_tag","embeddable":true,"href":"https:\/\/www.weldmc.com\/es\/wp-json\/wp\/v2\/product_tag?post=974"}],"curies":[{"name":"wp","href":"https:\/\/api.w.org\/{rel}","templated":true}]}}