{"id":972,"date":"2025-05-24T23:38:59","date_gmt":"2025-05-24T15:38:59","guid":{"rendered":"http:\/\/111.170.148.214:8095\/?post_type=product&#038;p=972"},"modified":"2025-10-14T15:04:45","modified_gmt":"2025-10-14T07:04:45","slug":"head-and-tail-stock-positioner-3-tons","status":"publish","type":"product","link":"https:\/\/www.weldmc.com\/es\/product\/head-and-tail-stock-positioner-3-tons\/","title":{"rendered":"Posicionador de cabeza y cola 3 toneladas"},"content":{"rendered":"<p>En <strong><b>Posicionador de soldadura de la serie HBT,<\/b><\/strong>\u00a0desarrollado por <strong><b>WUXI ABK<\/b><\/strong>combina tecnolog\u00edas avanzadas nacionales e internacionales con conocimientos pr\u00e1cticos de los usuarios. Su <strong><b>dise\u00f1o elegante y compacto<\/b><\/strong>\u00a0garantiza <strong><b>alta precisi\u00f3n, rendimiento fiable y f\u00e1cil manejo<\/b><\/strong>por lo que es la opci\u00f3n preferida para aplicaciones industriales.<\/p>\n<p><img fetchpriority=\"high\" decoding=\"async\" class=\"\" src=\"https:\/\/www.weldmc.com\/wp-content\/uploads\/2025\/05\/Head-Tail-Positioner_1.png\" alt=\"Head Tail Positioner_1\" width=\"357\" height=\"246\" \/> <img decoding=\"async\" class=\"\" src=\"https:\/\/www.weldmc.com\/wp-content\/uploads\/2025\/05\/Head-Tail-Positioner_2.png\" alt=\"Posicionador cabeza-cola_2\" width=\"326\" height=\"245\" \/> <img decoding=\"async\" class=\"\" src=\"https:\/\/www.weldmc.com\/wp-content\/uploads\/2025\/05\/Head-Tail-Positioner_3.png\" alt=\"Posicionador cabeza-cola_3\" width=\"324\" height=\"243\" \/><\/p>\n<p><iframe title=\"Reproductor de v\u00eddeo YouTube\" src=\"https:\/\/www.youtube.com\/embed\/Zt_kWBLUVVg?si=P8jgHSRF2GINgJ5h\" width=\"560\" height=\"315\" frameborder=\"0\" allowfullscreen=\"allowfullscreen\"><\/iframe><\/p>\n<table>\n<tbody>\n<tr>\n<td colspan=\"3\" width=\"511\"><strong>Modelo<\/strong><\/td>\n<td width=\"386\"><strong>HB<\/strong><strong>T<\/strong><strong>&#8211;<\/strong><strong>30<\/strong><\/td>\n<\/tr>\n<tr>\n<td width=\"326\"><strong>Capacidad de carga<\/strong><\/td>\n<td width=\"85\">(TON)<\/td>\n<td width=\"99\"><\/td>\n<td width=\"386\">3<\/td>\n<\/tr>\n<tr>\n<td width=\"326\"><strong>\u00c1ngulo de giro<\/strong><\/td>\n<td width=\"85\">(\u00b0)<\/td>\n<td width=\"99\"><\/td>\n<td width=\"386\">360<\/td>\n<\/tr>\n<tr>\n<td width=\"326\"><strong>T<\/strong><strong>Velocidad de giro<\/strong><\/td>\n<td width=\"85\">(RPM)<\/td>\n<td width=\"99\"><\/td>\n<td width=\"386\">0.04-0.4<\/td>\n<\/tr>\n<tr>\n<td width=\"326\"><strong>Volcar <\/strong><strong>\u00a0\u00c1ngulo<\/strong><\/td>\n<td width=\"85\">(\u00b0)<\/td>\n<td width=\"99\"><\/td>\n<td width=\"386\">360<\/td>\n<\/tr>\n<tr>\n<td width=\"326\"><strong>Mesa de trabajo <\/strong><strong>Di\u00e1metro<\/strong><\/td>\n<td width=\"85\">(MM)<\/td>\n<td width=\"99\"><\/td>\n<td width=\"386\">1500<\/td>\n<\/tr>\n<tr>\n<td width=\"326\"><strong>Altura del centro de vuelco<\/strong><\/td>\n<td width=\"85\">(MM)<\/td>\n<td width=\"99\"><\/td>\n<td width=\"386\">1500<\/td>\n<\/tr>\n<tr>\n<td width=\"326\"><strong>Distancia entre dos bases<\/strong><\/td>\n<td width=\"85\">(MM)<\/td>\n<td width=\"99\"><\/td>\n<td width=\"386\">3000<\/td>\n<\/tr>\n<tr>\n<td width=\"326\"><strong>Mesa de trabajo <\/strong><strong>T<\/strong><strong>instando\/<\/strong><strong>O<\/strong><strong>verturning<\/strong><\/td>\n<td width=\"85\"><\/td>\n<td width=\"99\"><\/td>\n<td width=\"386\">Mecanizado<\/td>\n<\/tr>\n<tr>\n<td width=\"326\"><strong>Rotaci\u00f3n<\/strong><strong>\u00a0Potencia del motor<\/strong><\/td>\n<td width=\"85\">(KW)<\/td>\n<td width=\"99\"><\/td>\n<td width=\"386\">1.1<\/td>\n<\/tr>\n<tr>\n<td width=\"326\"><strong>Volcar<\/strong><strong>\u00a0Potencia del motor<\/strong><\/td>\n<td width=\"85\">(KW)<\/td>\n<td width=\"99\"><\/td>\n<td width=\"386\">2.2<\/td>\n<\/tr>\n<tr>\n<td width=\"326\"><strong>Fuente de alimentaci\u00f3n<\/strong><\/td>\n<td width=\"85\">(V)<\/td>\n<td width=\"99\">50Hz 3\u0278<\/td>\n<td width=\"386\">380 (Determinado en funci\u00f3n de las necesidades del cliente)<\/td>\n<\/tr>\n<tr>\n<td width=\"326\"><strong>Tipo regulador de velocidad<\/strong><\/td>\n<td width=\"85\"><\/td>\n<td width=\"99\"><\/td>\n<td width=\"386\">Regulaci\u00f3n continua de la velocidad de la frecuencia de CA<\/td>\n<\/tr>\n<tr>\n<td colspan=\"4\" width=\"897\">Nota: Todas las especificaciones corresponden al equipamiento est\u00e1ndar, que puede modificarse seg\u00fan las necesidades del cliente.<\/td>\n<\/tr>\n<\/tbody>\n<\/table>\n<p>1. Rodamiento giratorio<\/p>\n<p><img decoding=\"async\" src=\"https:\/\/www.weldmc.com\/wp-content\/uploads\/2025\/05\/Slewing-bearing.png\" alt=\"Rodamiento giratorio\" \/><\/p>\n<p>El rodamiento giratorio es un componente de soporte de carga cr\u00edtico que permite la rotaci\u00f3n relativa entre las piezas de la m\u00e1quina y, al mismo tiempo, gestiona las fuerzas axiales, radiales y de momento de vuelco. Su dise\u00f1o compacto y ligero, fabricado en acero de aleaci\u00f3n de alta resistencia, garantiza un funcionamiento suave con gran precisi\u00f3n (\u00b10,05\u00b0 de exactitud de rotaci\u00f3n) y una larga vida \u00fatil. Las configuraciones clave incluyen orificios para pernos de montaje, engranajes internos\/externos opcionales, puertos de lubricaci\u00f3n y sistemas de sellado para mejorar la fiabilidad. Con una gama de di\u00e1metros de 300-5000 mm y una capacidad de carga de hasta 50.000 kN, se utiliza ampliamente en maquinaria de construcci\u00f3n, turbinas e\u00f3licas, gr\u00faas y equipos militares. Hay dise\u00f1os personalizados disponibles para aplicaciones especializadas.<\/p>\n<ol start=\"2\">\n<li>Engranaje<\/li>\n<\/ol>\n<p>1). Marcha atr\u00e1s<\/p>\n<p><img loading=\"lazy\" decoding=\"async\" class=\"\" src=\"https:\/\/www.weldmc.com\/wp-content\/uploads\/2025\/05\/Reverse-gear.png\" alt=\"Marcha atr\u00e1s\" width=\"446\" height=\"335\" \/><\/p>\n<p>Generalmente, el \u00e1ngulo de giro del engranaje de giro es de 0 \u00b0 a 90 \u00b0. La funci\u00f3n de desplazamiento se consigue girando la mesa.<\/p>\n<p>2). Marcha atr\u00e1s<\/p>\n<p><img loading=\"lazy\" decoding=\"async\" class=\"\" src=\"https:\/\/www.weldmc.com\/wp-content\/uploads\/2025\/05\/Reverse-gear_1.png\" alt=\"Marcha atr\u00e1s_1\" width=\"321\" height=\"241\" \/> <img loading=\"lazy\" decoding=\"async\" class=\"\" src=\"https:\/\/www.weldmc.com\/wp-content\/uploads\/2025\/05\/Reverse-gear_2.png\" alt=\"Marcha atr\u00e1s_2\" width=\"322\" height=\"241\" \/> <img loading=\"lazy\" decoding=\"async\" class=\"\" src=\"https:\/\/www.weldmc.com\/wp-content\/uploads\/2025\/05\/Reverse-gear_3.png\" alt=\"Marcha atr\u00e1s_3\" width=\"320\" height=\"240\" \/><\/p>\n<p>Los engranajes son componentes mec\u00e1nicos dentados que transmiten el par mediante el engranaje con otros elementos, como cremalleras, tornillos sinf\u00edn o engranajes adicionales, lo que permite un control preciso de la transmisi\u00f3n de potencia modificando las relaciones velocidad\/par, redirigiendo las trayectorias de movimiento y convirtiendo los tipos de movimiento (por ejemplo, de rotativo a lineal). El dise\u00f1o de sus dientes entrelazados proporciona una transferencia de fuerza fiable al tiempo que permite una ventaja mec\u00e1nica personalizable en diversas aplicaciones industriales.<\/p>\n<p>3.Reductor<\/p>\n<p><img decoding=\"async\" src=\"https:\/\/www.weldmc.com\/wp-content\/uploads\/2025\/05\/Reducer.png\" alt=\"Reductor\" \/><\/p>\n<p>Los reductores de engranajes son dispositivos mec\u00e1nicos de transmisi\u00f3n de potencia que utilizan sistemas de engranajes de precisi\u00f3n para reducir la velocidad de entrada y aumentar proporcionalmente el par de salida, siendo el par de salida el producto del par del motor y la relaci\u00f3n de transmisi\u00f3n (sin superar la capacidad nominal del reductor). Estos sistemas reducen simult\u00e1neamente la inercia de la carga al cuadrado de la relaci\u00f3n de reducci\u00f3n, lo que permite optimizar la conversi\u00f3n de potencia para diversas aplicaciones industriales mediante un engranaje eficaz.<\/p>\n<p><img decoding=\"async\" src=\"https:\/\/www.weldmc.com\/wp-content\/uploads\/2025\/05\/Motor_2.png\" alt=\"Motor_2\" \/> <img decoding=\"async\" src=\"https:\/\/www.weldmc.com\/wp-content\/uploads\/2025\/05\/Motor_1.png\" alt=\"Motor_1\" \/><\/p>\n<p class=\"ds-markdown-paragraph\">Nuestra\u00a0<strong>3-ton welding positioner<\/strong>\u00a0delivers precision performance for\u00a0<strong>rotary welding applications<\/strong>, requiring proper care to maintain optimal functionality. Daily maintenance includes\u00a0<strong>welding slag removal<\/strong>, lubrication checks, and\u00a0<strong>electrical safety inspections<\/strong>\u00a0to ensure smooth operation. Monthly procedures involve bolt tightening,\u00a0<strong>transmission mechanism evaluation<\/strong>, and safety function tests. Annual deep maintenance requires\u00a0<strong>worn parts replacement<\/strong>, complete re-lubrication, and\u00a0<strong>recalibrado del sistema<\/strong>\u00a0to preserve \u00b10.5\u00b0 positioning accuracy.<\/p>\n<p class=\"ds-markdown-paragraph\"><strong>Critical Maintenance Benefits:<\/strong><br \/>\n\u2713\u00a0<strong>30% extended equipment lifespan<\/strong>\u00a0en comparaci\u00f3n con los modelos est\u00e1ndar<br \/>\n\u2713\u00a0<strong>50% reduction in unplanned downtime<\/strong>\u00a0through proactive care<br \/>\n\u2713 Coherente\u00a0<strong>precisi\u00f3n de soldadura<\/strong>\u00a0para\u00a0<strong>fabricaci\u00f3n de tuber\u00edas<\/strong>\u00a0y\u00a0<strong>soldadura estructural<\/strong><\/p>\n<p class=\"ds-markdown-paragraph\">Este\u00a0<strong>Posicionador con certificaci\u00f3n CE<\/strong>\u00a0caracter\u00edsticas:<\/p>\n<ul>\n<li>\n<p class=\"ds-markdown-paragraph\"><strong>3-ton load capacity<\/strong>\u00a0para\u00a0<strong>small-to-medium workpiece<\/strong>\u00a0handling<\/p>\n<\/li>\n<li>\n<p class=\"ds-markdown-paragraph\"><strong>Dual-axis control<\/strong>\u00a0for complex\u00a0<strong>posicionamiento de soldadura<\/strong><\/p>\n<\/li>\n<li>\n<p class=\"ds-markdown-paragraph\"><strong>IP54-rated components<\/strong>\u00a0resistant to\u00a0<strong>salpicaduras de soldadura<\/strong>\u00a0and dust<\/p>\n<\/li>\n<\/ul>\n<p class=\"ds-markdown-paragraph\"><strong>Warning Indicators Requiring Immediate Shutdown:<\/strong><\/p>\n<ol start=\"1\">\n<li>\n<p class=\"ds-markdown-paragraph\">Abnormal grinding\/knocking noises<\/p>\n<\/li>\n<li>\n<p class=\"ds-markdown-paragraph\">Irregular rotation patterns<\/p>\n<\/li>\n<li>\n<p class=\"ds-markdown-paragraph\"><strong>Servo motor<\/strong>\u00a0overheating<\/p>\n<\/li>\n<\/ol>\n<p class=\"ds-markdown-paragraph\">As a leader in\u00a0<strong>welding automation technology<\/strong>, WUXI ABK provides:<\/p>\n<ul>\n<li>\n<p class=\"ds-markdown-paragraph\"><strong>ASME-compliant positioner<\/strong>\u00a0designs<\/p>\n<\/li>\n<li>\n<p class=\"ds-markdown-paragraph\"><strong>Robot-ready integration<\/strong>\u00a0interfaces<\/p>\n<\/li>\n<li>\n<p class=\"ds-markdown-paragraph\"><strong>3 a\u00f1os de garant\u00eda<\/strong>\u00a0on\u00a0<strong>precision gearboxes<\/strong><\/p>\n<\/li>\n<\/ul>\n<p><img decoding=\"async\" src=\"https:\/\/www.weldmc.com\/wp-content\/uploads\/2025\/05\/Product-certification.png\" alt=\"Certificaci\u00f3n de productos\" \/><br \/>\nWuxi ABK Machinery Co.Ltd es un fabricante profesional de rotador de soldadura en China. Y nuestro rotador de soldadura incluye principalmente rotador de soldadura est\u00e1ndar, rotador de soldadura ajustable y rotador de soldadura especial. Tambi\u00e9n podemos ofrecer a nuestros clientes en todo el mundo muchos otros productos, incluyendo la plataforma giratoria de soldadura, m\u00e1quina de soldadura de pilotes, l\u00ednea de producci\u00f3n de torres e\u00f3licas, l\u00ednea de soldadura de vigas H, equipos de soldadura de tuber\u00edas, m\u00e1quina de corte CNC, m\u00e1quina rectificadora, m\u00e1quina perfiladora, m\u00e1quina curvadora de placas, etc. Hemos obtenido la certificaci\u00f3n ISO y CE, y tambi\u00e9n ofrecemos servicio OEM.<\/p>","protected":false},"excerpt":{"rendered":"<p><strong>Posicionador de cabeza y cola WUXI ABK 3T<\/strong>\u00a0ofrece una rotaci\u00f3n de precisi\u00f3n para piezas de trabajo peque\u00f1as y medianas. Este posicionador de soldadura compacto ofrece una capacidad de 3 toneladas con rotaci\u00f3n continua de 360\u00b0 (0,1-1,2 RPM) y precisi\u00f3n de \u00b10,5\u00b0. Ideal para soldadura de tuber\u00edas y fabricaci\u00f3n estructural, cuenta con inclinaci\u00f3n servoaccionada (0-135\u00b0) y anillos deslizantes integrados para un funcionamiento sin enredos.<\/p>","protected":false},"featured_media":2090,"comment_status":"open","ping_status":"closed","template":"","meta":{"_acf_changed":false},"product_brand":[],"product_cat":[21,36,29],"product_tag":[],"class_list":{"0":"post-972","1":"product","2":"type-product","3":"status-publish","4":"has-post-thumbnail","6":"product_cat-welding-automation","7":"product_cat-head-and-tail-positioner","8":"product_cat-welding-positioner","10":"first","11":"instock","12":"shipping-taxable","13":"product-type-simple"},"acf":[],"_links":{"self":[{"href":"https:\/\/www.weldmc.com\/es\/wp-json\/wp\/v2\/product\/972","targetHints":{"allow":["GET"]}}],"collection":[{"href":"https:\/\/www.weldmc.com\/es\/wp-json\/wp\/v2\/product"}],"about":[{"href":"https:\/\/www.weldmc.com\/es\/wp-json\/wp\/v2\/types\/product"}],"replies":[{"embeddable":true,"href":"https:\/\/www.weldmc.com\/es\/wp-json\/wp\/v2\/comments?post=972"}],"wp:featuredmedia":[{"embeddable":true,"href":"https:\/\/www.weldmc.com\/es\/wp-json\/wp\/v2\/media\/2090"}],"wp:attachment":[{"href":"https:\/\/www.weldmc.com\/es\/wp-json\/wp\/v2\/media?parent=972"}],"wp:term":[{"taxonomy":"product_brand","embeddable":true,"href":"https:\/\/www.weldmc.com\/es\/wp-json\/wp\/v2\/product_brand?post=972"},{"taxonomy":"product_cat","embeddable":true,"href":"https:\/\/www.weldmc.com\/es\/wp-json\/wp\/v2\/product_cat?post=972"},{"taxonomy":"product_tag","embeddable":true,"href":"https:\/\/www.weldmc.com\/es\/wp-json\/wp\/v2\/product_tag?post=972"}],"curies":[{"name":"wp","href":"https:\/\/api.w.org\/{rel}","templated":true}]}}