{"id":971,"date":"2025-05-24T23:38:41","date_gmt":"2025-05-24T15:38:41","guid":{"rendered":"http:\/\/111.170.148.214:8095\/?post_type=product&#038;p=971"},"modified":"2025-10-14T15:05:47","modified_gmt":"2025-10-14T07:05:47","slug":"posicionador-de-soldadura-cabeza-cola-2-5-toneladas","status":"publish","type":"product","link":"https:\/\/www.weldmc.com\/es\/product\/posicionador-de-soldadura-cabeza-cola-2-5-toneladas\/","title":{"rendered":"Posicionador de soldadura de cabeza y cola 2,5 toneladas"},"content":{"rendered":"<p>En <strong><b>Posicionador de soldadura de la serie HBT,<\/b><\/strong>\u00a0desarrollado por <strong><b>WUXI ABK<\/b><\/strong>combina tecnolog\u00edas avanzadas nacionales e internacionales con conocimientos pr\u00e1cticos de los usuarios. Su <strong><b>dise\u00f1o elegante y compacto<\/b><\/strong>\u00a0garantiza <strong><b>alta precisi\u00f3n, rendimiento fiable y f\u00e1cil manejo<\/b><\/strong>por lo que es la opci\u00f3n preferida para aplicaciones industriales.<\/p>\n<p><img fetchpriority=\"high\" decoding=\"async\" class=\"\" src=\"https:\/\/www.weldmc.com\/wp-content\/uploads\/2025\/05\/Head-Tail-Positioner_1.png\" alt=\"\" width=\"390\" height=\"269\" \/> <img decoding=\"async\" class=\"\" src=\"https:\/\/www.weldmc.com\/wp-content\/uploads\/2025\/05\/Head-Tail-Positioner_2.png\" alt=\"Posicionador cabeza-cola_2\" width=\"356\" height=\"267\" \/> <img decoding=\"async\" class=\"\" src=\"https:\/\/www.weldmc.com\/wp-content\/uploads\/2025\/05\/Head-Tail-Positioner_3.png\" alt=\"Posicionador cabeza-cola_3\" width=\"359\" height=\"269\" \/><\/p>\n<p><iframe title=\"Reproductor de v\u00eddeo YouTube\" src=\"https:\/\/www.youtube.com\/embed\/Zt_kWBLUVVg?si=P8jgHSRF2GINgJ5h\" width=\"560\" height=\"315\" frameborder=\"0\" allowfullscreen=\"allowfullscreen\"><\/iframe><\/p>\n<table>\n<tbody>\n<tr>\n<td colspan=\"3\" width=\"511\"><strong>Modelo<\/strong><\/td>\n<td width=\"386\"><strong>HB<\/strong><strong>T<\/strong><strong>&#8211;<\/strong><strong>25<\/strong><\/td>\n<\/tr>\n<tr>\n<td width=\"326\"><strong>Capacidad de carga<\/strong><\/td>\n<td width=\"85\">(TON)<\/td>\n<td width=\"99\"><\/td>\n<td width=\"386\">2.5<\/td>\n<\/tr>\n<tr>\n<td width=\"326\"><strong>\u00c1ngulo de giro<\/strong><\/td>\n<td width=\"85\">(\u00b0)<\/td>\n<td width=\"99\"><\/td>\n<td width=\"386\">360<\/td>\n<\/tr>\n<tr>\n<td width=\"326\"><strong>T<\/strong><strong>Velocidad de giro<\/strong><\/td>\n<td width=\"85\">(RPM)<\/td>\n<td width=\"99\"><\/td>\n<td width=\"386\">0.04-0.4<\/td>\n<\/tr>\n<tr>\n<td width=\"326\"><strong>Volcar <\/strong><strong>\u00a0\u00c1ngulo<\/strong><\/td>\n<td width=\"85\">(\u00b0)<\/td>\n<td width=\"99\"><\/td>\n<td width=\"386\">360<\/td>\n<\/tr>\n<tr>\n<td width=\"326\"><strong>Mesa de trabajo <\/strong><strong>Di\u00e1metro<\/strong><\/td>\n<td width=\"85\">(MM)<\/td>\n<td width=\"99\"><\/td>\n<td width=\"386\">1500<\/td>\n<\/tr>\n<tr>\n<td width=\"326\"><strong>Altura del centro de vuelco<\/strong><\/td>\n<td width=\"85\">(MM)<\/td>\n<td width=\"99\"><\/td>\n<td width=\"386\">1500<\/td>\n<\/tr>\n<tr>\n<td width=\"326\"><strong>Distancia entre dos bases<\/strong><\/td>\n<td width=\"85\">(MM)<\/td>\n<td width=\"99\"><\/td>\n<td width=\"386\">3000<\/td>\n<\/tr>\n<tr>\n<td width=\"326\"><strong>Mesa de trabajo <\/strong><strong>T<\/strong><strong>instando\/<\/strong><strong>O<\/strong><strong>verturning<\/strong><\/td>\n<td width=\"85\"><\/td>\n<td width=\"99\"><\/td>\n<td width=\"386\">Mecanizado<\/td>\n<\/tr>\n<tr>\n<td width=\"326\"><strong>Rotaci\u00f3n<\/strong><strong>\u00a0Potencia del motor<\/strong><\/td>\n<td width=\"85\">(KW)<\/td>\n<td width=\"99\"><\/td>\n<td width=\"386\">1.1<\/td>\n<\/tr>\n<tr>\n<td width=\"326\"><strong>Volcar<\/strong><strong>\u00a0Potencia del motor<\/strong><\/td>\n<td width=\"85\">(KW)<\/td>\n<td width=\"99\"><\/td>\n<td width=\"386\">2.2<\/td>\n<\/tr>\n<tr>\n<td width=\"326\"><strong>Fuente de alimentaci\u00f3n<\/strong><\/td>\n<td width=\"85\">(V)<\/td>\n<td width=\"99\">50Hz 3\u0278<\/td>\n<td width=\"386\">380 (Determinado en funci\u00f3n de las necesidades del cliente)<\/td>\n<\/tr>\n<tr>\n<td width=\"326\"><strong>Tipo regulador de velocidad<\/strong><\/td>\n<td width=\"85\"><\/td>\n<td width=\"99\"><\/td>\n<td width=\"386\">Regulaci\u00f3n continua de la velocidad de la frecuencia de CA<\/td>\n<\/tr>\n<tr>\n<td colspan=\"4\" width=\"897\">Nota: Todas las especificaciones corresponden al equipamiento est\u00e1ndar, que puede modificarse seg\u00fan las necesidades del cliente.<\/td>\n<\/tr>\n<\/tbody>\n<\/table>\n<p>1. Rodamiento giratorio<\/p>\n<p><img decoding=\"async\" src=\"https:\/\/www.weldmc.com\/wp-content\/uploads\/2025\/05\/Slewing-bearing.png\" alt=\"Rodamiento giratorio\" \/><\/p>\n<p>El rodamiento giratorio es un componente de soporte de carga cr\u00edtico que permite la rotaci\u00f3n relativa entre las piezas de la m\u00e1quina y, al mismo tiempo, gestiona las fuerzas axiales, radiales y de momento de vuelco. Su dise\u00f1o compacto y ligero, fabricado en acero de aleaci\u00f3n de alta resistencia, garantiza un funcionamiento suave con gran precisi\u00f3n (\u00b10,05\u00b0 de exactitud de rotaci\u00f3n) y una larga vida \u00fatil. Las configuraciones clave incluyen orificios para pernos de montaje, engranajes internos\/externos opcionales, puertos de lubricaci\u00f3n y sistemas de sellado para mejorar la fiabilidad. Con una gama de di\u00e1metros de 300-5000 mm y una capacidad de carga de hasta 50.000 kN, se utiliza ampliamente en maquinaria de construcci\u00f3n, turbinas e\u00f3licas, gr\u00faas y equipos militares. Hay dise\u00f1os personalizados disponibles para aplicaciones especializadas.<\/p>\n<ol start=\"2\">\n<li>Engranaje<\/li>\n<\/ol>\n<p>1). Marcha atr\u00e1s<\/p>\n<p><img decoding=\"async\" src=\"https:\/\/www.weldmc.com\/wp-content\/uploads\/2025\/05\/Reverse-gear.png\" alt=\"Marcha atr\u00e1s\" \/><\/p>\n<p>Generalmente, el \u00e1ngulo de giro del engranaje de giro es de 0 \u00b0 a 90 \u00b0. La funci\u00f3n de desplazamiento se consigue girando la mesa.<\/p>\n<p>2). Marcha atr\u00e1s<\/p>\n<p><img loading=\"lazy\" decoding=\"async\" class=\"\" src=\"https:\/\/www.weldmc.com\/wp-content\/uploads\/2025\/05\/Reverse-gear_1.png\" alt=\"Marcha atr\u00e1s_1\" width=\"330\" height=\"247\" \/> <img loading=\"lazy\" decoding=\"async\" class=\"\" src=\"https:\/\/www.weldmc.com\/wp-content\/uploads\/2025\/05\/Reverse-gear_2.png\" alt=\"Marcha atr\u00e1s_2\" width=\"331\" height=\"248\" \/> <img loading=\"lazy\" decoding=\"async\" class=\"\" src=\"https:\/\/www.weldmc.com\/wp-content\/uploads\/2025\/05\/Reverse-gear_3.png\" alt=\"Marcha atr\u00e1s_3\" width=\"331\" height=\"248\" \/><\/p>\n<p>Los engranajes son componentes mec\u00e1nicos dentados que transmiten el par mediante el engranaje con otros elementos, como cremalleras, tornillos sinf\u00edn o engranajes adicionales, lo que permite un control preciso de la transmisi\u00f3n de potencia modificando las relaciones velocidad\/par, redirigiendo las trayectorias de movimiento y convirtiendo los tipos de movimiento (por ejemplo, de rotativo a lineal). El dise\u00f1o de sus dientes entrelazados proporciona una transferencia de fuerza fiable al tiempo que permite una ventaja mec\u00e1nica personalizable en diversas aplicaciones industriales.<\/p>\n<p>3.Reductor<\/p>\n<p><img decoding=\"async\" src=\"https:\/\/www.weldmc.com\/wp-content\/uploads\/2025\/05\/Reducer.png\" alt=\"Reductor\" \/><\/p>\n<p>Los reductores de engranajes son dispositivos mec\u00e1nicos de transmisi\u00f3n de potencia que utilizan sistemas de engranajes de precisi\u00f3n para reducir la velocidad de entrada y aumentar proporcionalmente el par de salida, siendo el par de salida el producto del par del motor y la relaci\u00f3n de transmisi\u00f3n (sin superar la capacidad nominal del reductor). Estos sistemas reducen simult\u00e1neamente la inercia de la carga al cuadrado de la relaci\u00f3n de reducci\u00f3n, lo que permite optimizar la conversi\u00f3n de potencia para diversas aplicaciones industriales mediante un engranaje eficaz.<\/p>\n<p><img decoding=\"async\" src=\"https:\/\/www.weldmc.com\/wp-content\/uploads\/2025\/05\/Motor_2.png\" alt=\"Motor_2\" \/> <img decoding=\"async\" src=\"https:\/\/www.weldmc.com\/wp-content\/uploads\/2025\/05\/Motor_1.png\" alt=\"Motor_1\" \/><\/p>\n<p class=\"ds-markdown-paragraph\">Un mantenimiento adecuado garantiza un rendimiento \u00f3ptimo de su\u00a0<strong>posicionador de soldadura<\/strong>\u00a0en\u00a0<strong>fabricaci\u00f3n de tuber\u00edas<\/strong>\u00a0y\u00a0<strong>soldadura estructural<\/strong>\u00a0aplicaciones. Para el funcionamiento diario, elimine las salpicaduras de soldadura y verifique los niveles de lubricaci\u00f3n mientras inspecciona las conexiones el\u00e9ctricas. El mantenimiento mensual debe incluir comprobaciones del par de apriete de los tornillos (85-95Nm para tornillos M12),\u00a0<strong>reductor de engranajes<\/strong>\u00a0inspecci\u00f3n y pruebas de funcionamiento de seguridad.<\/p>\n<p class=\"ds-markdown-paragraph\"><strong>Procedimientos cr\u00edticos de mantenimiento<\/strong><\/p>\n<ul>\n<li>\n<p class=\"ds-markdown-paragraph\"><strong>Revisi\u00f3n anual<\/strong>: Sustituir desgastado\u00a0<strong>rodamientos de rodillos<\/strong>\u00a0y\u00a0<strong>engranajes impulsores<\/strong>relubrique todas las piezas m\u00f3viles con grasa Mobilith SHC 220<\/p>\n<\/li>\n<li>\n<p class=\"ds-markdown-paragraph\"><strong>Recalibrado de precisi\u00f3n<\/strong>: Recupere una precisi\u00f3n de posicionamiento de \u00b10,5\u00b0 con nuestra herramienta de alineaci\u00f3n l\u00e1ser<\/p>\n<\/li>\n<li>\n<p class=\"ds-markdown-paragraph\"><strong>Detecci\u00f3n precoz de fallos<\/strong>: Apagado inmediato si detecta vibraciones anormales (&gt;2,5 mm\/s) o irregularidades.\u00a0<strong>velocidad de rotaci\u00f3n<\/strong><\/p>\n<\/li>\n<\/ul>\n<p class=\"ds-markdown-paragraph\">Este protocolo de mantenimiento ofrece:<br \/>\n\u2713\u00a0<strong>Vida \u00fatil prolongada 30%<\/strong>\u00a0para\u00a0<strong>plataforma giratoria de soldadura<\/strong>\u00a0componentes<br \/>\n\u2713\u00a0<strong>Reducci\u00f3n 50%<\/strong>\u00a0en tiempos de inactividad imprevistos<br \/>\n\u2713 Coherente\u00a0<strong>calidad del cord\u00f3n de soldadura<\/strong>\u00a0en\u00a0<strong>fabricaci\u00f3n de recipientes a presi\u00f3n<\/strong><\/p>\n<p class=\"ds-markdown-paragraph\"><strong>Rendimiento certificado<\/strong><br \/>\nNuestra\u00a0<strong>posicionador de cabeza y cola<\/strong>\u00a0se re\u00fane:<br \/>\n- CE Directiva sobre m\u00e1quinas 2006\/42\/CE<br \/>\n- Normas de seguridad ISO 12100<br \/>\n- Requisitos del equipo de soldadura AWS D14.1<\/p>\n<p><img decoding=\"async\" src=\"https:\/\/www.weldmc.com\/wp-content\/uploads\/2025\/05\/Product-certification.png\" alt=\"Certificaci\u00f3n de productos\" \/><br \/>\nWuxi ABK Machinery Co.Ltd es un fabricante profesional de rotador de soldadura en China. Y nuestro rotador de soldadura incluye principalmente rotador de soldadura est\u00e1ndar, rotador de soldadura ajustable y rotador de soldadura especial. Tambi\u00e9n podemos ofrecer a nuestros clientes en todo el mundo muchos otros productos, incluyendo la plataforma giratoria de soldadura, m\u00e1quina de soldadura de pilotes, l\u00ednea de producci\u00f3n de torres e\u00f3licas, l\u00ednea de soldadura de vigas H, equipos de soldadura de tuber\u00edas, m\u00e1quina de corte CNC, m\u00e1quina rectificadora, m\u00e1quina perfiladora, m\u00e1quina curvadora de placas, etc. Hemos obtenido la certificaci\u00f3n ISO y CE, y tambi\u00e9n ofrecemos servicio OEM.<\/p>","protected":false},"excerpt":{"rendered":"<p>Dise\u00f1ado para el mecanizado de piezas pesadas, este posicionador garantiza un posicionamiento preciso y sincronizado del cabezal y el contrapunto con una capacidad de 2,5 toneladas. Ideal para girar grandes ejes, tubos y piezas cil\u00edndricas, mejora la eficacia, la estabilidad y la seguridad del mecanizado. Perfecto para la fabricaci\u00f3n de maquinaria, equipos energ\u00e9ticos y aplicaciones industriales.<\/p>","protected":false},"featured_media":2094,"comment_status":"open","ping_status":"closed","template":"","meta":{"_acf_changed":false},"product_brand":[],"product_cat":[21,36,29],"product_tag":[],"class_list":{"0":"post-971","1":"product","2":"type-product","3":"status-publish","4":"has-post-thumbnail","6":"product_cat-welding-automation","7":"product_cat-head-and-tail-positioner","8":"product_cat-welding-positioner","10":"first","11":"instock","12":"shipping-taxable","13":"product-type-simple"},"acf":[],"_links":{"self":[{"href":"https:\/\/www.weldmc.com\/es\/wp-json\/wp\/v2\/product\/971","targetHints":{"allow":["GET"]}}],"collection":[{"href":"https:\/\/www.weldmc.com\/es\/wp-json\/wp\/v2\/product"}],"about":[{"href":"https:\/\/www.weldmc.com\/es\/wp-json\/wp\/v2\/types\/product"}],"replies":[{"embeddable":true,"href":"https:\/\/www.weldmc.com\/es\/wp-json\/wp\/v2\/comments?post=971"}],"wp:featuredmedia":[{"embeddable":true,"href":"https:\/\/www.weldmc.com\/es\/wp-json\/wp\/v2\/media\/2094"}],"wp:attachment":[{"href":"https:\/\/www.weldmc.com\/es\/wp-json\/wp\/v2\/media?parent=971"}],"wp:term":[{"taxonomy":"product_brand","embeddable":true,"href":"https:\/\/www.weldmc.com\/es\/wp-json\/wp\/v2\/product_brand?post=971"},{"taxonomy":"product_cat","embeddable":true,"href":"https:\/\/www.weldmc.com\/es\/wp-json\/wp\/v2\/product_cat?post=971"},{"taxonomy":"product_tag","embeddable":true,"href":"https:\/\/www.weldmc.com\/es\/wp-json\/wp\/v2\/product_tag?post=971"}],"curies":[{"name":"wp","href":"https:\/\/api.w.org\/{rel}","templated":true}]}}