{"id":968,"date":"2025-05-24T23:32:24","date_gmt":"2025-05-24T15:32:24","guid":{"rendered":"http:\/\/111.170.148.214:8095\/?post_type=product&#038;p=968"},"modified":"2025-10-14T15:06:24","modified_gmt":"2025-10-14T07:06:24","slug":"posicionador-de-tubos-y-cabezales-1-5-ton","status":"publish","type":"product","link":"https:\/\/www.weldmc.com\/es\/product\/posicionador-de-tubos-y-cabezales-1-5-ton\/","title":{"rendered":"Posicionador de tubos y cabezales 1,5 toneladas"},"content":{"rendered":"<p>En <strong><b>Posicionador de soldadura de la serie HBT,<\/b><\/strong>\u00a0desarrollado por <strong><b>WUXI ABK<\/b><\/strong>combina tecnolog\u00edas avanzadas nacionales e internacionales con conocimientos pr\u00e1cticos de los usuarios. Su <strong><b>dise\u00f1o elegante y compacto<\/b><\/strong>\u00a0garantiza <strong><b>alta precisi\u00f3n, rendimiento fiable y f\u00e1cil manejo<\/b><\/strong>por lo que es la opci\u00f3n preferida para aplicaciones industriales.<\/p>\n<p><img fetchpriority=\"high\" decoding=\"async\" class=\"\" src=\"https:\/\/www.weldmc.com\/wp-content\/uploads\/2025\/05\/Head-Tail-Positioner_1.png\" alt=\"\" width=\"364\" height=\"252\" \/> <img decoding=\"async\" class=\"\" src=\"https:\/\/www.weldmc.com\/wp-content\/uploads\/2025\/05\/Head-Tail-Positioner_2.png\" alt=\"Posicionador cabeza-cola_2\" width=\"335\" height=\"252\" \/> <img decoding=\"async\" class=\"\" src=\"https:\/\/www.weldmc.com\/wp-content\/uploads\/2025\/05\/Head-Tail-Positioner_3.png\" alt=\"Posicionador cabeza-cola_3\" width=\"336\" height=\"251\" \/><\/p>\n<p><iframe title=\"Reproductor de v\u00eddeo YouTube\" src=\"https:\/\/www.youtube.com\/embed\/Zt_kWBLUVVg?si=P8jgHSRF2GINgJ5h\" width=\"560\" height=\"315\" frameborder=\"0\" allowfullscreen=\"allowfullscreen\"><\/iframe><\/p>\n<table>\n<tbody>\n<tr>\n<td width=\"511\">Capacidad de carga m\u00e1xima<\/td>\n<td width=\"386\">15000 kg<\/td>\n<\/tr>\n<tr>\n<td width=\"511\">Levantar<\/td>\n<td width=\"386\">2000 mm<\/td>\n<\/tr>\n<tr>\n<td width=\"511\">Altura del eje de rotaci\u00f3n<\/td>\n<td width=\"386\">750 -2750 mm<\/td>\n<\/tr>\n<tr>\n<td width=\"511\">Recorrido horizontal del dispositivo de fijaci\u00f3n<\/td>\n<td width=\"386\">400 mm<\/td>\n<\/tr>\n<tr>\n<td width=\"511\">Aumentar la velocidad<\/td>\n<td width=\"386\">1,3 m\/min<\/td>\n<\/tr>\n<tr>\n<td width=\"511\">Velocidad de rotaci\u00f3n<\/td>\n<td width=\"386\">1,2 rpm<\/td>\n<\/tr>\n<tr>\n<td width=\"511\">\u00c1ngulo de rotaci\u00f3n<\/td>\n<td width=\"386\">360\u00b0<\/td>\n<\/tr>\n<tr>\n<td width=\"511\">Tipo de posicionador de soldadura<\/td>\n<td width=\"386\">posicionador con dispositivos de elevaci\u00f3n<\/td>\n<\/tr>\n<tr>\n<td width=\"511\">Construcci\u00f3n<\/td>\n<td width=\"386\">doble columna<\/td>\n<\/tr>\n<tr>\n<td width=\"511\">Elevaci\u00f3n del accionamiento<\/td>\n<td width=\"386\">electromec\u00e1nico<\/td>\n<\/tr>\n<tr>\n<td width=\"511\">Precisi\u00f3n de posicionamiento<\/td>\n<td width=\"386\">\u00b12\u043c\u043c<\/td>\n<\/tr>\n<tr>\n<td width=\"511\">Tensi\u00f3n<\/td>\n<td width=\"386\">380 V<\/td>\n<\/tr>\n<tr>\n<td width=\"511\">Frecuencia de alimentaci\u00f3n<\/td>\n<td width=\"386\">50 Hz<\/td>\n<\/tr>\n<tr>\n<td colspan=\"2\" width=\"897\">Nota: Todas las especificaciones corresponden al equipamiento est\u00e1ndar, que puede modificarse seg\u00fan las necesidades del cliente.<\/td>\n<\/tr>\n<\/tbody>\n<\/table>\n<p>1. Rodamiento giratorio<\/p>\n<p><img decoding=\"async\" src=\"https:\/\/www.weldmc.com\/wp-content\/uploads\/2025\/05\/Slewing-bearing.png\" alt=\"Rodamiento giratorio\" \/><\/p>\n<p>El rodamiento giratorio es un componente de soporte de carga cr\u00edtico que permite la rotaci\u00f3n relativa entre las piezas de la m\u00e1quina y, al mismo tiempo, gestiona las fuerzas axiales, radiales y de momento de vuelco. Su dise\u00f1o compacto y ligero, fabricado en acero de aleaci\u00f3n de alta resistencia, garantiza un funcionamiento suave con gran precisi\u00f3n (\u00b10,05\u00b0 de exactitud de rotaci\u00f3n) y una larga vida \u00fatil. Las configuraciones clave incluyen orificios para pernos de montaje, engranajes internos\/externos opcionales, puertos de lubricaci\u00f3n y sistemas de sellado para mejorar la fiabilidad. Con una gama de di\u00e1metros de 300-5000 mm y una capacidad de carga de hasta 50.000 kN, se utiliza ampliamente en maquinaria de construcci\u00f3n, turbinas e\u00f3licas, gr\u00faas y equipos militares. Hay dise\u00f1os personalizados disponibles para aplicaciones especializadas.<\/p>\n<ol start=\"2\">\n<li>Engranaje<\/li>\n<\/ol>\n<p>1). Marcha atr\u00e1s<\/p>\n<p><img decoding=\"async\" src=\"https:\/\/www.weldmc.com\/wp-content\/uploads\/2025\/05\/Reverse-gear.png\" alt=\"Marcha atr\u00e1s\" \/><\/p>\n<p>Generalmente, el \u00e1ngulo de giro del engranaje de giro es de 0 \u00b0 a 90 \u00b0. La funci\u00f3n de desplazamiento se consigue girando la mesa.<\/p>\n<p>2). Marcha atr\u00e1s<\/p>\n<p><img loading=\"lazy\" decoding=\"async\" class=\"\" src=\"https:\/\/www.weldmc.com\/wp-content\/uploads\/2025\/05\/Reverse-gear_1.png\" alt=\"Marcha atr\u00e1s_1\" width=\"365\" height=\"274\" \/> <img loading=\"lazy\" decoding=\"async\" class=\"\" src=\"https:\/\/www.weldmc.com\/wp-content\/uploads\/2025\/05\/Reverse-gear_2.png\" alt=\"Marcha atr\u00e1s_2\" width=\"366\" height=\"274\" \/> <img loading=\"lazy\" decoding=\"async\" class=\"\" src=\"https:\/\/www.weldmc.com\/wp-content\/uploads\/2025\/05\/Reverse-gear_3.png\" alt=\"Marcha atr\u00e1s_3\" width=\"367\" height=\"275\" \/><\/p>\n<p>Los engranajes son componentes mec\u00e1nicos dentados que transmiten el par mediante el engranaje con otros elementos, como cremalleras, tornillos sinf\u00edn o engranajes adicionales, lo que permite un control preciso de la transmisi\u00f3n de potencia modificando las relaciones velocidad\/par, redirigiendo las trayectorias de movimiento y convirtiendo los tipos de movimiento (por ejemplo, de rotativo a lineal). El dise\u00f1o de sus dientes entrelazados proporciona una transferencia de fuerza fiable al tiempo que permite una ventaja mec\u00e1nica personalizable en diversas aplicaciones industriales.<\/p>\n<p>3.Reductor<\/p>\n<p><img decoding=\"async\" src=\"https:\/\/www.weldmc.com\/wp-content\/uploads\/2025\/05\/Reducer-1.png\" alt=\"Reductor\" \/><\/p>\n<p>Los reductores de engranajes son dispositivos mec\u00e1nicos de transmisi\u00f3n de potencia que utilizan sistemas de engranajes de precisi\u00f3n para reducir la velocidad de entrada y aumentar proporcionalmente el par de salida, siendo el par de salida el producto del par del motor y la relaci\u00f3n de transmisi\u00f3n (sin superar la capacidad nominal del reductor). Estos sistemas reducen simult\u00e1neamente la inercia de la carga al cuadrado de la relaci\u00f3n de reducci\u00f3n, lo que permite optimizar la conversi\u00f3n de potencia para diversas aplicaciones industriales mediante un engranaje eficaz.<\/p>\n<p><img decoding=\"async\" src=\"https:\/\/www.weldmc.com\/wp-content\/uploads\/2025\/05\/Motor_2.png\" alt=\"Motor_2\" \/> <img decoding=\"async\" src=\"https:\/\/www.weldmc.com\/wp-content\/uploads\/2025\/05\/Motor_1.png\" alt=\"Motor_1\" \/><\/p>\n<p class=\"ds-markdown-paragraph\"><strong>Gu\u00eda de mantenimiento del posicionador de cabeza y cola WUXI ABK de 1,5 toneladas<\/strong><\/p>\n<p class=\"ds-markdown-paragraph\">Un mantenimiento adecuado garantiza un rendimiento \u00f3ptimo de su\u00a0<strong>posicionador de soldadura<\/strong>\u00a0en\u00a0<strong>fabricaci\u00f3n de tuber\u00edas<\/strong>\u00a0y\u00a0<strong>soldadura estructural<\/strong>\u00a0aplicaciones. Para el funcionamiento diario, retire\u00a0<strong>escoria de soldadura<\/strong>\u00a0y verificar\u00a0<strong>niveles de lubricaci\u00f3n<\/strong>\u00a0mientras inspeccionaba\u00a0<strong>conexiones el\u00e9ctricas<\/strong>. El mantenimiento mensual debe incluir\u00a0<strong>comprobaciones del par de apriete de los tornillos<\/strong>\u00a0(85-95Nm para tornillos M12),\u00a0<strong>inspecci\u00f3n de reductores<\/strong>y\u00a0<strong>final de carrera de seguridad<\/strong>\u00a0pruebas.<\/p>\n<p class=\"ds-markdown-paragraph\"><strong>Procedimientos cr\u00edticos de mantenimiento:<\/strong><\/p>\n<ul>\n<li>\n<p class=\"ds-markdown-paragraph\">Anual\u00a0<strong>sustituci\u00f3n de rodamientos<\/strong>\u00a0y\u00a0<strong>recalibrado del sistema<\/strong><\/p>\n<\/li>\n<li>\n<p class=\"ds-markdown-paragraph\"><strong>Reposici\u00f3n de grasa<\/strong>\u00a0para\u00a0<strong>engranajes helicoidales<\/strong>\u00a0(Se recomienda Mobilux EP 2)<\/p>\n<\/li>\n<li>\n<p class=\"ds-markdown-paragraph\"><strong>Calibrado del codificador<\/strong>\u00a0para mantener una precisi\u00f3n de posicionamiento de \u00b10,5<\/p>\n<\/li>\n<\/ul>\n<p class=\"ds-markdown-paragraph\"><strong>Ventajas de rendimiento:<\/strong><br \/>\n\u2713\u00a0<strong>Vida \u00fatil prolongada 30%<\/strong>\u00a0para\u00a0<strong>plataforma giratoria de precisi\u00f3n<\/strong>\u00a0componentes<br \/>\n\u2713\u00a0<strong>Reducci\u00f3n 50%<\/strong>\u00a0en tiempos de inactividad imprevistos<br \/>\n\u2713 Coherente\u00a0<strong>calidad del cord\u00f3n de soldadura<\/strong>\u00a0con desviaci\u00f3n &lt;0,3 mm<\/p>\n<p class=\"ds-markdown-paragraph\"><strong>Prevenci\u00f3n de fallos:<\/strong><br \/>\nDetenga inmediatamente el funcionamiento si lo detecta:<br \/>\n-\u00a0<strong>Ruido anormal del engranaje<\/strong>\u00a0(indica problemas de lubricaci\u00f3n)<br \/>\n-\u00a0<strong>Rotaci\u00f3n desigual<\/strong>\u00a0(sugiriendo\u00a0<strong>desgaste de los rodamientos<\/strong>\u00a0o\u00a0<strong>desalineaci\u00f3n<\/strong>)<\/p>\n<p class=\"ds-markdown-paragraph\"><strong>Certificaci\u00f3n e innovaci\u00f3n:<\/strong><br \/>\nNuestra\u00a0<strong>Posicionador con certificaci\u00f3n CE\/ISO<\/strong>\u00a0caracter\u00edsticas:<\/p>\n<ul>\n<li>\n<p class=\"ds-markdown-paragraph\"><strong>Integraci\u00f3n de soldadura automatizada<\/strong>\u00a0v\u00eda\u00a0<strong>Interfaces PLC<\/strong><\/p>\n<\/li>\n<li>\n<p class=\"ds-markdown-paragraph\"><strong>Mandos ergon\u00f3micos<\/strong>\u00a0para\u00a0<strong>producci\u00f3n de lotes peque\u00f1os<\/strong><\/p>\n<\/li>\n<li>\n<p class=\"ds-markdown-paragraph\"><strong>Dise\u00f1o modular<\/strong>\u00a0simplificar\u00a0<strong>sustituci\u00f3n de componentes<\/strong><\/p>\n<\/li>\n<\/ul>\n<p><img decoding=\"async\" src=\"https:\/\/www.weldmc.com\/wp-content\/uploads\/2025\/05\/Product-certification.png\" alt=\"Certificaci\u00f3n de productos\" \/><br \/>\nWuxi ABK Machinery Co.Ltd es un fabricante profesional de rotador de soldadura en China. Y nuestro rotador de soldadura incluye principalmente rotador de soldadura est\u00e1ndar, rotador de soldadura ajustable y rotador de soldadura especial. Tambi\u00e9n podemos ofrecer a nuestros clientes en todo el mundo muchos otros productos, incluyendo la plataforma giratoria de soldadura, m\u00e1quina de soldadura de pilotes, l\u00ednea de producci\u00f3n de torres e\u00f3licas, l\u00ednea de soldadura de vigas H, equipos de soldadura de tuber\u00edas, m\u00e1quina de corte CNC, m\u00e1quina rectificadora, m\u00e1quina perfiladora, m\u00e1quina curvadora de placas, etc. Hemos obtenido la certificaci\u00f3n ISO y CE, y tambi\u00e9n ofrecemos servicio OEM.<\/p>","protected":false},"excerpt":{"rendered":"<p><strong>Posicionador de cabeza y cola WUXI ABK de 1,5 toneladas<\/strong>\u00a0es una soluci\u00f3n de soldadura de precisi\u00f3n para piezas peque\u00f1as y medianas. Este posicionador compacto pero robusto presenta una precisi\u00f3n de \u00b10,5\u00b0, control de velocidad de 0,1-2 RPM y montaje de mandril universal. Ideal para soldadura de tuber\u00edas y fabricaci\u00f3n estructural, ofrece certificaci\u00f3n CE\/ISO con 18 meses de garant\u00eda.<\/p>","protected":false},"featured_media":2095,"comment_status":"open","ping_status":"closed","template":"","meta":{"_acf_changed":false},"product_brand":[],"product_cat":[21,36,29],"product_tag":[],"class_list":{"0":"post-968","1":"product","2":"type-product","3":"status-publish","4":"has-post-thumbnail","6":"product_cat-welding-automation","7":"product_cat-head-and-tail-positioner","8":"product_cat-welding-positioner","10":"first","11":"instock","12":"shipping-taxable","13":"product-type-simple"},"acf":[],"_links":{"self":[{"href":"https:\/\/www.weldmc.com\/es\/wp-json\/wp\/v2\/product\/968","targetHints":{"allow":["GET"]}}],"collection":[{"href":"https:\/\/www.weldmc.com\/es\/wp-json\/wp\/v2\/product"}],"about":[{"href":"https:\/\/www.weldmc.com\/es\/wp-json\/wp\/v2\/types\/product"}],"replies":[{"embeddable":true,"href":"https:\/\/www.weldmc.com\/es\/wp-json\/wp\/v2\/comments?post=968"}],"wp:featuredmedia":[{"embeddable":true,"href":"https:\/\/www.weldmc.com\/es\/wp-json\/wp\/v2\/media\/2095"}],"wp:attachment":[{"href":"https:\/\/www.weldmc.com\/es\/wp-json\/wp\/v2\/media?parent=968"}],"wp:term":[{"taxonomy":"product_brand","embeddable":true,"href":"https:\/\/www.weldmc.com\/es\/wp-json\/wp\/v2\/product_brand?post=968"},{"taxonomy":"product_cat","embeddable":true,"href":"https:\/\/www.weldmc.com\/es\/wp-json\/wp\/v2\/product_cat?post=968"},{"taxonomy":"product_tag","embeddable":true,"href":"https:\/\/www.weldmc.com\/es\/wp-json\/wp\/v2\/product_tag?post=968"}],"curies":[{"name":"wp","href":"https:\/\/api.w.org\/{rel}","templated":true}]}}