{"id":955,"date":"2025-05-24T23:23:07","date_gmt":"2025-05-24T15:23:07","guid":{"rendered":"http:\/\/111.170.148.214:8095\/?post_type=product&#038;p=955"},"modified":"2025-10-14T15:12:59","modified_gmt":"2025-10-14T07:12:59","slug":"pipe-fit-up-rotator-40tons","status":"publish","type":"product","link":"https:\/\/www.weldmc.com\/es\/product\/pipe-fit-up-rotator-40tons\/","title":{"rendered":"Instalaci\u00f3n de tuber\u00edas en un rotador de 40 toneladas"},"content":{"rendered":"<p><strong>40<\/strong><strong>\u00a0Rotador Tons Fit Up<\/strong><\/p>\n<p><strong>ROTADORES DE SOLDADURA CONVENCIONALES<\/strong><\/p>\n<p><strong>FIT UP <\/strong><strong>Serie<\/strong><\/p>\n<p><strong>Los rotadores convencionales est\u00e1n dise\u00f1ados para ayudar en la soldadura de recipientes o columnas cil\u00edndricas.<\/strong><\/p>\n<p><iframe title=\"Reproductor de v\u00eddeo YouTube\" src=\"https:\/\/www.youtube.com\/embed\/uFA91JZILh4?si=A3AMb5NoizNpjRmB\" width=\"560\" height=\"315\" frameborder=\"0\" allowfullscreen=\"allowfullscreen\"><\/iframe><\/p>\n<table>\n<tbody>\n<tr>\n<td width=\"207\">- Dise\u00f1o de confianza<\/td>\n<td width=\"207\">- Calidad fiable<\/td>\n<\/tr>\n<tr>\n<td width=\"207\">- Piezas de renombre<\/td>\n<td width=\"207\">- Control del inversor<\/td>\n<\/tr>\n<tr>\n<td width=\"207\">- Sistema de transmisi\u00f3n directa<\/td>\n<td width=\"207\">- Opci\u00f3n de desplazamiento motorizado<\/td>\n<\/tr>\n<tr>\n<td width=\"207\">- Dise\u00f1o personalizado a medida<\/td>\n<td width=\"207\">- OEM<\/p>\n<p>&nbsp;<\/td>\n<\/tr>\n<\/tbody>\n<\/table>\n<p><img fetchpriority=\"high\" decoding=\"async\" class=\"alignnone wp-image-943 size-large\" src=\"https:\/\/www.weldmc.com\/wp-content\/uploads\/2025\/05\/\u56fe\u72479-1024x641.png\" alt=\"40T Fit Up Rotator\" width=\"1024\" height=\"641\" srcset=\"https:\/\/www.weldmc.com\/wp-content\/uploads\/2025\/05\/\u56fe\u72479-1024x641.png 1024w, https:\/\/www.weldmc.com\/wp-content\/uploads\/2025\/05\/\u56fe\u72479-300x188.png 300w, https:\/\/www.weldmc.com\/wp-content\/uploads\/2025\/05\/\u56fe\u72479-768x481.png 768w, https:\/\/www.weldmc.com\/wp-content\/uploads\/2025\/05\/\u56fe\u72479-600x375.png 600w, https:\/\/www.weldmc.com\/wp-content\/uploads\/2025\/05\/\u56fe\u72479.png 1122w\" sizes=\"(max-width: 1024px) 100vw, 1024px\" \/> <img decoding=\"async\" class=\"alignnone wp-image-938 size-full\" src=\"https:\/\/www.weldmc.com\/wp-content\/uploads\/2025\/05\/\u56fe\u724710.png\" alt=\"40T Fit Up Rotator\" width=\"1228\" height=\"1063\" srcset=\"https:\/\/www.weldmc.com\/wp-content\/uploads\/2025\/05\/\u56fe\u724710.png 1228w, https:\/\/www.weldmc.com\/wp-content\/uploads\/2025\/05\/\u56fe\u724710-300x260.png 300w, https:\/\/www.weldmc.com\/wp-content\/uploads\/2025\/05\/\u56fe\u724710-1024x886.png 1024w, https:\/\/www.weldmc.com\/wp-content\/uploads\/2025\/05\/\u56fe\u724710-768x665.png 768w, https:\/\/www.weldmc.com\/wp-content\/uploads\/2025\/05\/\u56fe\u724710-600x519.png 600w\" sizes=\"(max-width: 1228px) 100vw, 1228px\" \/><\/p>\n<p><strong>ROTADORES DE SOLDADURA CONVENCIONALES<\/strong><\/p>\n<p><strong>FIT UP <\/strong><strong>Serie<\/strong><\/p>\n<p><strong>Los rotadores convencionales est\u00e1n dise\u00f1ados para ayudar en la soldadura de recipientes o columnas cil\u00edndricas.<\/strong><\/p>\n<table>\n<tbody>\n<tr>\n<td width=\"207\">- Dise\u00f1o de confianza<\/td>\n<td width=\"207\">- Calidad fiable<\/td>\n<\/tr>\n<tr>\n<td width=\"207\">- Piezas de renombre<\/td>\n<td width=\"207\">- Control del inversor<\/td>\n<\/tr>\n<tr>\n<td width=\"207\">- Sistema de transmisi\u00f3n directa<\/td>\n<td width=\"207\">- Opci\u00f3n de desplazamiento motorizado<\/td>\n<\/tr>\n<tr>\n<td width=\"207\">- Dise\u00f1o personalizado a medida<\/td>\n<td width=\"207\">- OEM<\/td>\n<\/tr>\n<\/tbody>\n<\/table>\n<p><img decoding=\"async\" class=\"alignnone wp-image-941 size-full\" src=\"https:\/\/www.weldmc.com\/wp-content\/uploads\/2025\/05\/\u56fe\u724711.png\" alt=\"40T Fit Up Rotator\" width=\"887\" height=\"665\" srcset=\"https:\/\/www.weldmc.com\/wp-content\/uploads\/2025\/05\/\u56fe\u724711.png 887w, https:\/\/www.weldmc.com\/wp-content\/uploads\/2025\/05\/\u56fe\u724711-300x225.png 300w, https:\/\/www.weldmc.com\/wp-content\/uploads\/2025\/05\/\u56fe\u724711-768x576.png 768w, https:\/\/www.weldmc.com\/wp-content\/uploads\/2025\/05\/\u56fe\u724711-600x450.png 600w\" sizes=\"(max-width: 887px) 100vw, 887px\" \/><\/p>\n<ul>\n<li><b> <\/b><strong><b>Resumen<\/b><\/strong><\/li>\n<\/ul>\n<ol>\n<li><strong><b> Composici\u00f3n del equipo<\/b><\/strong><\/li>\n<\/ol>\n<p class=\"ds-markdown-paragraph\"><strong>Core Components &amp; Functionality<\/strong><br \/>\nThe WUXI ABK 40-Ton Fit Up Rotator is a precision-engineered system designed for\u00a0<strong>large-diameter vessel fabrication<\/strong>,\u00a0<strong>soldadura de circunferencias de tuber\u00edas<\/strong>y\u00a0<strong>offshore structure assembly<\/strong>. Its robust configuration includes:<\/p>\n<ul>\n<li>\n<p class=\"ds-markdown-paragraph\"><strong>Driving roller frame<\/strong>\u00a0with AC motor + reducer and\u00a0<strong>frequency conversion control<\/strong>\u00a0(0.1\u20131.2m\/min adjustable speed)<\/p>\n<\/li>\n<li>\n<p class=\"ds-markdown-paragraph\"><strong>Driven roller frame<\/strong>\u00a0y\u00a0<strong>hydraulic assembly rollers<\/strong>\u00a0(2 sets) with\u00a0<strong>0.5mm alignment accuracy<\/strong><\/p>\n<\/li>\n<li>\n<p class=\"ds-markdown-paragraph\"><strong>Integrated hydraulic lifting<\/strong>\u00a0y\u00a0<strong>track movement<\/strong>\u00a0for seamless cylinder butt-jointing<\/p>\n<\/li>\n<\/ul>\n<p class=\"ds-markdown-paragraph\"><strong>Workflow Efficiency<\/strong><br \/>\nEste\u00a0<strong>industrial rotator<\/strong>\u00a0streamlines\u00a0<strong>soldadura de recipientes a presi\u00f3n<\/strong>\u00a0y\u00a0<strong>fabricaci\u00f3n de torres e\u00f3licas<\/strong>\u00a0through a three-stage process:<\/p>\n<ol start=\"1\">\n<li>\n<p class=\"ds-markdown-paragraph\"><strong>Segmented Positioning<\/strong>: Place cylinders on driving\/driven frames; align via hydraulic adjustment.<\/p>\n<\/li>\n<li>\n<p class=\"ds-markdown-paragraph\"><strong>Assembly &amp; Welding<\/strong>: Achieve\u00a0<strong>precision fit-up<\/strong>\u00a0(\u00b10.5mm); weld inner\/outer seams using\u00a0<strong>manipuladores de soldadura<\/strong>.<\/p>\n<\/li>\n<li>\n<p class=\"ds-markdown-paragraph\"><strong>Continuous Expansion<\/strong>: Repeat to complete\u00a0<strong>large-scale container welding<\/strong>\u00a0(1.5\u20136m diameter).<\/p>\n<\/li>\n<\/ol>\n<p class=\"ds-markdown-paragraph\"><strong>Ventajas t\u00e9cnicas<\/strong><\/p>\n<ul>\n<li>\n<p class=\"ds-markdown-paragraph\"><strong>50-ton max load<\/strong>\u00a0(customizable for\u00a0<strong>fabricaci\u00f3n pesada<\/strong>)<\/p>\n<\/li>\n<li>\n<p class=\"ds-markdown-paragraph\"><strong>Stepless speed regulation<\/strong>\u00a0para\u00a0<strong>consistent weld quality<\/strong><\/p>\n<\/li>\n<li>\n<p class=\"ds-markdown-paragraph\"><strong>Anti-creep<\/strong>\u00a0y\u00a0<strong>anti-deflection mechanisms<\/strong><\/p>\n<\/li>\n<li>\n<p class=\"ds-markdown-paragraph\"><strong>Integraci\u00f3n de soldadura automatizada<\/strong>\u00a0(compatible with\u00a0<strong>robotic welding systems<\/strong>)<\/p>\n<\/li>\n<\/ul>\n<p class=\"ds-markdown-paragraph\"><strong>Safety &amp; Compliance<\/strong><\/p>\n<ul>\n<li>\n<p class=\"ds-markdown-paragraph\"><strong>Protecci\u00f3n contra sobrecargas<\/strong>\u00a0y\u00a0<strong>emergency braking<\/strong><\/p>\n<\/li>\n<li>\n<p class=\"ds-markdown-paragraph\"><strong>ASME-compliant<\/strong>\u00a0welding processes<\/p>\n<\/li>\n<li>\n<p class=\"ds-markdown-paragraph\"><strong>Certificado CE\/ISO<\/strong>\u00a0para\u00a0<strong>industrial safety<\/strong><\/p>\n<\/li>\n<\/ul>\n<p><img loading=\"lazy\" decoding=\"async\" class=\"alignnone wp-image-936 size-full\" src=\"https:\/\/www.weldmc.com\/wp-content\/uploads\/2025\/05\/1748097561061.jpg\" alt=\"40T Fit Up Rotator\" width=\"796\" height=\"517\" srcset=\"https:\/\/www.weldmc.com\/wp-content\/uploads\/2025\/05\/1748097561061.jpg 796w, https:\/\/www.weldmc.com\/wp-content\/uploads\/2025\/05\/1748097561061-300x195.jpg 300w, https:\/\/www.weldmc.com\/wp-content\/uploads\/2025\/05\/1748097561061-768x499.jpg 768w, https:\/\/www.weldmc.com\/wp-content\/uploads\/2025\/05\/1748097561061-600x390.jpg 600w\" sizes=\"(max-width: 796px) 100vw, 796px\" \/> <img loading=\"lazy\" decoding=\"async\" class=\"alignnone wp-image-937 size-full\" src=\"https:\/\/www.weldmc.com\/wp-content\/uploads\/2025\/05\/1748097632079.jpg\" alt=\"40T Fit Up Rotator\" width=\"764\" height=\"807\" srcset=\"https:\/\/www.weldmc.com\/wp-content\/uploads\/2025\/05\/1748097632079.jpg 764w, https:\/\/www.weldmc.com\/wp-content\/uploads\/2025\/05\/1748097632079-284x300.jpg 284w, https:\/\/www.weldmc.com\/wp-content\/uploads\/2025\/05\/1748097632079-600x634.jpg 600w\" sizes=\"(max-width: 764px) 100vw, 764px\" \/><\/p>\n<p><strong><b>Introducci\u00f3n de la rueda<\/b><\/strong><\/p>\n<p>Las ruedas de poliuretano ofrecen una excepcional resistencia a la abrasi\u00f3n, un procesamiento vers\u00e1til, una amplia aplicabilidad y una resistencia superior al aceite, el ozono, el envejecimiento, la radiaci\u00f3n y las bajas temperaturas. Tambi\u00e9n ofrecen una fuerte adherencia, una excelente transmisi\u00f3n del sonido, biocompatibilidad y compatibilidad sangu\u00ednea.<b><\/b><\/p>\n<p><img loading=\"lazy\" decoding=\"async\" class=\"alignnone wp-image-940\" src=\"https:\/\/www.weldmc.com\/wp-content\/uploads\/2025\/05\/\u56fe\u724713.png\" alt=\"40T Fit Up Rotator\" width=\"244\" height=\"305\" srcset=\"https:\/\/www.weldmc.com\/wp-content\/uploads\/2025\/05\/\u56fe\u724713.png 358w, https:\/\/www.weldmc.com\/wp-content\/uploads\/2025\/05\/\u56fe\u724713-240x300.png 240w\" sizes=\"(max-width: 244px) 100vw, 244px\" \/> <img loading=\"lazy\" decoding=\"async\" class=\"alignnone wp-image-939\" src=\"https:\/\/www.weldmc.com\/wp-content\/uploads\/2025\/05\/\u56fe\u724712.png\" alt=\"40T Fit Up Rotator\" width=\"244\" height=\"306\" srcset=\"https:\/\/www.weldmc.com\/wp-content\/uploads\/2025\/05\/\u56fe\u724712.png 308w, https:\/\/www.weldmc.com\/wp-content\/uploads\/2025\/05\/\u56fe\u724712-239x300.png 239w\" sizes=\"(max-width: 244px) 100vw, 244px\" \/> <img loading=\"lazy\" decoding=\"async\" class=\"alignnone wp-image-935\" src=\"https:\/\/www.weldmc.com\/wp-content\/uploads\/2025\/05\/\u56fe\u724714.png\" alt=\"40T Fit Up Rotator\" width=\"543\" height=\"306\" srcset=\"https:\/\/www.weldmc.com\/wp-content\/uploads\/2025\/05\/\u56fe\u724714.png 2276w, https:\/\/www.weldmc.com\/wp-content\/uploads\/2025\/05\/\u56fe\u724714-300x169.png 300w, https:\/\/www.weldmc.com\/wp-content\/uploads\/2025\/05\/\u56fe\u724714-1024x576.png 1024w, https:\/\/www.weldmc.com\/wp-content\/uploads\/2025\/05\/\u56fe\u724714-768x432.png 768w, https:\/\/www.weldmc.com\/wp-content\/uploads\/2025\/05\/\u56fe\u724714-1536x864.png 1536w, https:\/\/www.weldmc.com\/wp-content\/uploads\/2025\/05\/\u56fe\u724714-2048x1152.png 2048w, https:\/\/www.weldmc.com\/wp-content\/uploads\/2025\/05\/\u56fe\u724714-600x337.png 600w\" sizes=\"(max-width: 543px) 100vw, 543px\" \/><\/p>\n<p><strong><b>Introducci\u00f3n del motor<\/b><\/strong><strong><b><br \/>\n<\/b><\/strong><img decoding=\"async\" src=\"https:\/\/www.weldmc.com\/wp-content\/uploads\/2025\/05\/Motor_2.png\" alt=\"Motor_2\" \/> <img decoding=\"async\" src=\"https:\/\/www.weldmc.com\/wp-content\/uploads\/2025\/05\/Motor_1.png\" alt=\"Motor_1\" \/><\/p>\n<p><strong>Pautas de mantenimiento de los rotadores de soldadura<\/strong><\/p>\n<p>Limpie el rotador de soldadura antes de utilizarlo. Mantenga los rodillos de goma alejados de aceites y altas temperaturas para evitar su envejecimiento. Se recomienda que una persona designada opere y mantenga el equipo.<\/p>\n<p>Aseg\u00farese de que el reductor de velocidad est\u00e1 lleno de aceite de motor 30# antes de arrancar, especialmente cuando la temperatura es inferior a 0\u00baC.<\/p>\n<p>Cambie el aceite del reductor de velocidad despu\u00e9s del primer mes de uso. Despu\u00e9s, cambie el aceite cada seis meses.<\/p>\n<p>No utilice el lecho de rodillos como suelo de soldadura para evitar da\u00f1ar los rodamientos.<\/p>\n<p><strong><b>Fabricante de rotadores de alta calidad<\/b><\/strong><\/p>\n<p>1.Con m\u00e1s de 20 a\u00f1os de experiencia especializada en la fabricaci\u00f3n de rotadores autoalineables.<\/p>\n<p>2.Nuestros productos tienen una capacidad de carga que oscila entre 5 y 400 toneladas.<\/p>\n<p>3.Proporcionamos certificaciones CE e ISO, que garantizan el cumplimiento de las estrictas subregulaciones. Adem\u00e1s.<\/p>\n<p>4.Ofrecemos un a\u00f1o de garant\u00eda y piezas de desgaste gratuitas.<\/p>\n<p>5.Nuestro equipo t\u00e9cnico altamente cualificado se dedica a prestarle apoyo a usted y a sus proyectos a gran escala, como la soldadura de aerogeneradores.<\/p>\n<p><img decoding=\"async\" src=\"https:\/\/www.weldmc.com\/wp-content\/uploads\/2025\/05\/Product-certification.png\" alt=\"Certificaci\u00f3n de productos\" \/><\/p>\n<p>Wuxi ABK Machinery Co.Ltd es un fabricante profesional de rotador de soldadura en China. Y nuestro rotador de soldadura incluye principalmente rotador de soldadura est\u00e1ndar, rotador de soldadura ajustable y rotador de soldadura especial. Tambi\u00e9n podemos ofrecer a nuestros clientes en todo el mundo muchos otros productos, incluyendo la plataforma giratoria de soldadura, m\u00e1quina de soldadura de pilotes, l\u00ednea de producci\u00f3n de torres e\u00f3licas, l\u00ednea de soldadura de vigas H, equipos de soldadura de tuber\u00edas, m\u00e1quina de corte CNC, m\u00e1quina rectificadora, m\u00e1quina perfiladora, m\u00e1quina curvadora de placas, etc. Hemos obtenido la certificaci\u00f3n ISO y CE, y tambi\u00e9n ofrecemos servicio OEM.<\/p>\n<p>&nbsp;<\/p>","protected":false},"excerpt":{"rendered":"<p>El WUXI ABK 40-Ton Fit Up Rotator es un posicionador de soldadura de alta resistencia dise\u00f1ado para la fabricaci\u00f3n de recipientes de precisi\u00f3n, que ofrece una alineaci\u00f3n hidr\u00e1ulica con una precisi\u00f3n de \u00b10,5 mm y un control de velocidad continuo de 0,1-1,2 m\/min. Dise\u00f1ado para piezas de trabajo de 1,5-6 m de di\u00e1metro con una capacidad de 50 toneladas, este robusto sistema incorpora mecanismos de seguridad y una perfecta integraci\u00f3n del manipulador de soldadura para optimizar las operaciones de soldadura de recipientes a presi\u00f3n y circunferencias de tuber\u00edas en entornos industriales exigentes.<\/p>","protected":false},"featured_media":2123,"comment_status":"open","ping_status":"closed","template":"","meta":{"_acf_changed":false},"product_brand":[],"product_cat":[21,40,30],"product_tag":[],"class_list":{"0":"post-955","1":"product","2":"type-product","3":"status-publish","4":"has-post-thumbnail","6":"product_cat-welding-automation","7":"product_cat-fit-up-rotator","8":"product_cat-welding-rotator","10":"first","11":"instock","12":"shipping-taxable","13":"product-type-simple"},"acf":[],"_links":{"self":[{"href":"https:\/\/www.weldmc.com\/es\/wp-json\/wp\/v2\/product\/955","targetHints":{"allow":["GET"]}}],"collection":[{"href":"https:\/\/www.weldmc.com\/es\/wp-json\/wp\/v2\/product"}],"about":[{"href":"https:\/\/www.weldmc.com\/es\/wp-json\/wp\/v2\/types\/product"}],"replies":[{"embeddable":true,"href":"https:\/\/www.weldmc.com\/es\/wp-json\/wp\/v2\/comments?post=955"}],"wp:featuredmedia":[{"embeddable":true,"href":"https:\/\/www.weldmc.com\/es\/wp-json\/wp\/v2\/media\/2123"}],"wp:attachment":[{"href":"https:\/\/www.weldmc.com\/es\/wp-json\/wp\/v2\/media?parent=955"}],"wp:term":[{"taxonomy":"product_brand","embeddable":true,"href":"https:\/\/www.weldmc.com\/es\/wp-json\/wp\/v2\/product_brand?post=955"},{"taxonomy":"product_cat","embeddable":true,"href":"https:\/\/www.weldmc.com\/es\/wp-json\/wp\/v2\/product_cat?post=955"},{"taxonomy":"product_tag","embeddable":true,"href":"https:\/\/www.weldmc.com\/es\/wp-json\/wp\/v2\/product_tag?post=955"}],"curies":[{"name":"wp","href":"https:\/\/api.w.org\/{rel}","templated":true}]}}