{"id":950,"date":"2025-05-24T23:08:14","date_gmt":"2025-05-24T15:08:14","guid":{"rendered":"http:\/\/111.170.148.214:8095\/?post_type=product&#038;p=950"},"modified":"2025-10-14T15:14:45","modified_gmt":"2025-10-14T07:14:45","slug":"automatic-fit-up-rotator-20tons","status":"publish","type":"product","link":"https:\/\/www.weldmc.com\/es\/product\/automatic-fit-up-rotator-20tons\/","title":{"rendered":"Rotador autom\u00e1tico de 20 toneladas"},"content":{"rendered":"<p><strong>20 Tons Fit Up Rotator<\/strong><\/p>\n<p><strong>ROTADORES DE SOLDADURA CONVENCIONALES<\/strong><\/p>\n<p><strong>FIT UP <\/strong><strong>Serie<\/strong><\/p>\n<p><strong>Los rotadores convencionales est\u00e1n dise\u00f1ados para ayudar en la soldadura de recipientes o columnas cil\u00edndricas.<\/strong><\/p>\n<table>\n<tbody>\n<tr>\n<td width=\"207\">- Dise\u00f1o de confianza<\/td>\n<td width=\"207\">- Calidad fiable<\/td>\n<\/tr>\n<tr>\n<td width=\"207\">- Piezas de renombre<\/td>\n<td width=\"207\">- Control del inversor<\/td>\n<\/tr>\n<tr>\n<td width=\"207\">- Sistema de transmisi\u00f3n directa<\/td>\n<td width=\"207\">- Opci\u00f3n de desplazamiento motorizado<\/td>\n<\/tr>\n<tr>\n<td width=\"207\">- Dise\u00f1o personalizado a medida<\/td>\n<td width=\"207\">- OEM<\/p>\n<p>&nbsp;<\/td>\n<\/tr>\n<\/tbody>\n<\/table>\n<p><iframe title=\"Reproductor de v\u00eddeo YouTube\" src=\"https:\/\/www.youtube.com\/embed\/uFA91JZILh4?si=A3AMb5NoizNpjRmB\" width=\"560\" height=\"315\" frameborder=\"0\" allowfullscreen=\"allowfullscreen\"><\/iframe><\/p>\n<p><img fetchpriority=\"high\" decoding=\"async\" class=\"alignnone wp-image-943 size-full\" src=\"https:\/\/www.weldmc.com\/wp-content\/uploads\/2025\/05\/\u56fe\u72479.png\" alt=\"20T Fit Up Rotator\" width=\"1122\" height=\"702\" srcset=\"https:\/\/www.weldmc.com\/wp-content\/uploads\/2025\/05\/\u56fe\u72479.png 1122w, https:\/\/www.weldmc.com\/wp-content\/uploads\/2025\/05\/\u56fe\u72479-300x188.png 300w, https:\/\/www.weldmc.com\/wp-content\/uploads\/2025\/05\/\u56fe\u72479-1024x641.png 1024w, https:\/\/www.weldmc.com\/wp-content\/uploads\/2025\/05\/\u56fe\u72479-768x481.png 768w, https:\/\/www.weldmc.com\/wp-content\/uploads\/2025\/05\/\u56fe\u72479-600x375.png 600w\" sizes=\"(max-width: 1122px) 100vw, 1122px\" \/><img decoding=\"async\" class=\"alignnone wp-image-938 size-full\" src=\"https:\/\/www.weldmc.com\/wp-content\/uploads\/2025\/05\/\u56fe\u724710.png\" alt=\"20T Fit Up Rotator\" width=\"1228\" height=\"1063\" srcset=\"https:\/\/www.weldmc.com\/wp-content\/uploads\/2025\/05\/\u56fe\u724710.png 1228w, https:\/\/www.weldmc.com\/wp-content\/uploads\/2025\/05\/\u56fe\u724710-300x260.png 300w, https:\/\/www.weldmc.com\/wp-content\/uploads\/2025\/05\/\u56fe\u724710-1024x886.png 1024w, https:\/\/www.weldmc.com\/wp-content\/uploads\/2025\/05\/\u56fe\u724710-768x665.png 768w, https:\/\/www.weldmc.com\/wp-content\/uploads\/2025\/05\/\u56fe\u724710-600x519.png 600w\" sizes=\"(max-width: 1228px) 100vw, 1228px\" \/><\/p>\n<p><strong><br \/>\nROTADORES DE SOLDADURA CONVENCIONALES<\/strong><\/p>\n<p><strong>FIT UP <\/strong><strong>Serie<\/strong><\/p>\n<p><strong>Los rotadores convencionales est\u00e1n dise\u00f1ados para ayudar en la soldadura de recipientes o columnas cil\u00edndricas.<\/strong><\/p>\n<table>\n<tbody>\n<tr>\n<td width=\"207\">- Dise\u00f1o de confianza<\/td>\n<td width=\"207\">- Calidad fiable<\/td>\n<\/tr>\n<tr>\n<td width=\"207\">- Piezas de renombre<\/td>\n<td width=\"207\">- Control del inversor<\/td>\n<\/tr>\n<tr>\n<td width=\"207\">- Sistema de transmisi\u00f3n directa<\/td>\n<td width=\"207\">- Opci\u00f3n de desplazamiento motorizado<\/td>\n<\/tr>\n<tr>\n<td width=\"207\">- Dise\u00f1o personalizado a medida<\/td>\n<td width=\"207\">- OEM<\/td>\n<\/tr>\n<\/tbody>\n<\/table>\n<p><img decoding=\"async\" class=\"alignnone wp-image-941 size-full\" src=\"https:\/\/www.weldmc.com\/wp-content\/uploads\/2025\/05\/\u56fe\u724711.png\" alt=\"20T Fit Up Rotator\" width=\"887\" height=\"665\" srcset=\"https:\/\/www.weldmc.com\/wp-content\/uploads\/2025\/05\/\u56fe\u724711.png 887w, https:\/\/www.weldmc.com\/wp-content\/uploads\/2025\/05\/\u56fe\u724711-300x225.png 300w, https:\/\/www.weldmc.com\/wp-content\/uploads\/2025\/05\/\u56fe\u724711-768x576.png 768w, https:\/\/www.weldmc.com\/wp-content\/uploads\/2025\/05\/\u56fe\u724711-600x450.png 600w\" sizes=\"(max-width: 887px) 100vw, 887px\" \/><\/p>\n<ul>\n<li><b> <\/b><strong><b>Resumen<\/b><\/strong><\/li>\n<\/ul>\n<ol>\n<li><strong><b> Composici\u00f3n del equipo<\/b><\/strong><\/li>\n<\/ol>\n<p class=\"ds-markdown-paragraph\"><strong>WUXI ABK 20-Ton Fit Up Rotator Product Introduction<\/strong><\/p>\n<p class=\"ds-markdown-paragraph\">En\u00a0<strong>WUXI ABK 20-Ton Fit Up Rotator<\/strong>\u00a0es un sistema de ingenier\u00eda de precisi\u00f3n\u00a0<strong>welding positioning system<\/strong>\u00a0dise\u00f1ado para\u00a0<strong>cylindrical vessel fabrication<\/strong>,\u00a0<strong>tank segment assembly<\/strong>y\u00a0<strong>large-diameter pipe welding<\/strong>. Este\u00a0<strong>industrial rotator system<\/strong>\u00a0combina\u00a0<strong>variable frequency speed control<\/strong>,\u00a0<strong>hydraulic lifting adjustment<\/strong>y\u00a0<strong>track-guided movement<\/strong>\u00a0to streamline\u00a0<strong>fit-up welding processes<\/strong>\u00a0en\u00a0<strong>fabricaci\u00f3n de recipientes a presi\u00f3n<\/strong>\u00a0y\u00a0<strong>structural steel fabrication<\/strong>.<\/p>\n<h3><strong>Core Components &amp; Workflow<\/strong><\/h3>\n<p class=\"ds-markdown-paragraph\">The system comprises:<\/p>\n<ul>\n<li>\n<p class=\"ds-markdown-paragraph\"><strong>Driving roller frame<\/strong>\u00a0con\u00a0<strong>AC motor + reducer<\/strong>\u00a0(0.1\u20131.2 m\/min stepless speed regulation)<\/p>\n<\/li>\n<li>\n<p class=\"ds-markdown-paragraph\"><strong>Driven roller frame<\/strong>\u00a0para una rotaci\u00f3n estable<\/p>\n<\/li>\n<li>\n<p class=\"ds-markdown-paragraph\"><strong>Hydraulic assembly roller frames (2 sets)<\/strong>\u00a0con\u00a0<strong>0.5mm precision alignment<\/strong>\u00a0y\u00a0<strong>track mobility<\/strong><\/p>\n<\/li>\n<\/ul>\n<p class=\"ds-markdown-paragraph\"><strong>Operational Process<\/strong>:<\/p>\n<ol start=\"1\">\n<li>\n<p class=\"ds-markdown-paragraph\"><strong>Segmented Positioning<\/strong>: Place the first barrel on the\u00a0<strong>driving\/driven roller frames<\/strong>, and the second on\u00a0<strong>hydraulic roller frames<\/strong>.<\/p>\n<\/li>\n<li>\n<p class=\"ds-markdown-paragraph\"><strong>Assembly &amp; Welding<\/strong>: The frames move along tracks for\u00a0<strong>butt joint alignment<\/strong>; the\u00a0<strong>hydraulic lifter<\/strong>\u00a0fine-tunes position before\u00a0<strong>tack welding<\/strong>. A\u00a0<strong>manipulador de soldadura<\/strong>\u00a0completes\u00a0<strong>inner\/outer seam welding<\/strong>.<\/p>\n<\/li>\n<li>\n<p class=\"ds-markdown-paragraph\"><strong>Continuous Expansion<\/strong>: Repeat to assemble\u00a0<strong>large-diameter vessels<\/strong>\u00a0(1.5\u20136m) segment by segment.<\/p>\n<\/li>\n<\/ol>\n<h3><strong>Ventajas t\u00e9cnicas<\/strong><\/h3>\n<ul>\n<li>\n<p class=\"ds-markdown-paragraph\"><strong>50-ton max load<\/strong>\u00a0(customizable for\u00a0<strong>fabricaci\u00f3n pesada<\/strong>)<\/p>\n<\/li>\n<li>\n<p class=\"ds-markdown-paragraph\"><strong>Hydraulic precision<\/strong>: \u00b10.5mm fit-up accuracy<\/p>\n<\/li>\n<li>\n<p class=\"ds-markdown-paragraph\"><strong>Automation-ready<\/strong>: Compatible with\u00a0<strong>welding robots<\/strong>\u00a0y\u00a0<strong>manipulators<\/strong><\/p>\n<\/li>\n<li>\n<p class=\"ds-markdown-paragraph\"><strong>Safety systems<\/strong>: Overload protection,\u00a0<strong>emergency braking<\/strong>y\u00a0<strong>anti-skid limits<\/strong><\/p>\n<\/li>\n<\/ul>\n<h3><strong>Aplicaciones<\/strong><\/h3>\n<p class=\"ds-markdown-paragraph\">Ideal for:<\/p>\n<ul>\n<li>\n<p class=\"ds-markdown-paragraph\"><strong>Pressure vessel<\/strong>\u00a0y\u00a0<strong>storage tank construction<\/strong><\/p>\n<\/li>\n<li>\n<p class=\"ds-markdown-paragraph\"><strong>Wind tower<\/strong>\u00a0y\u00a0<strong>offshore platform fabrication<\/strong><\/p>\n<\/li>\n<li>\n<p class=\"ds-markdown-paragraph\"><strong>Pipeline girth welding<\/strong><\/p>\n<\/li>\n<\/ul>\n<p><img loading=\"lazy\" decoding=\"async\" class=\"alignnone wp-image-936 size-full\" src=\"https:\/\/www.weldmc.com\/wp-content\/uploads\/2025\/05\/1748097561061.jpg\" alt=\"20T Fit Up Rotator\" width=\"796\" height=\"517\" srcset=\"https:\/\/www.weldmc.com\/wp-content\/uploads\/2025\/05\/1748097561061.jpg 796w, https:\/\/www.weldmc.com\/wp-content\/uploads\/2025\/05\/1748097561061-300x195.jpg 300w, https:\/\/www.weldmc.com\/wp-content\/uploads\/2025\/05\/1748097561061-768x499.jpg 768w, https:\/\/www.weldmc.com\/wp-content\/uploads\/2025\/05\/1748097561061-600x390.jpg 600w\" sizes=\"(max-width: 796px) 100vw, 796px\" \/><\/p>\n<p><img loading=\"lazy\" decoding=\"async\" class=\"alignnone wp-image-937 size-full\" src=\"https:\/\/www.weldmc.com\/wp-content\/uploads\/2025\/05\/1748097632079.jpg\" alt=\"20T Fit Up Rotator\" width=\"764\" height=\"807\" srcset=\"https:\/\/www.weldmc.com\/wp-content\/uploads\/2025\/05\/1748097632079.jpg 764w, https:\/\/www.weldmc.com\/wp-content\/uploads\/2025\/05\/1748097632079-284x300.jpg 284w, https:\/\/www.weldmc.com\/wp-content\/uploads\/2025\/05\/1748097632079-600x634.jpg 600w\" sizes=\"(max-width: 764px) 100vw, 764px\" \/><\/p>\n<p><strong><b>Introducci\u00f3n de la rueda<\/b><\/strong><\/p>\n<p>Las ruedas de poliuretano ofrecen una excepcional resistencia a la abrasi\u00f3n, un procesamiento vers\u00e1til, una amplia aplicabilidad y una resistencia superior al aceite, el ozono, el envejecimiento, la radiaci\u00f3n y las bajas temperaturas. Tambi\u00e9n ofrecen una fuerte adherencia, una excelente transmisi\u00f3n del sonido, biocompatibilidad y compatibilidad sangu\u00ednea.<\/p>\n<p><img loading=\"lazy\" decoding=\"async\" class=\"alignnone wp-image-940\" src=\"https:\/\/www.weldmc.com\/wp-content\/uploads\/2025\/05\/\u56fe\u724713.png\" alt=\"20T Fit Up Rotator\" width=\"231\" height=\"289\" srcset=\"https:\/\/www.weldmc.com\/wp-content\/uploads\/2025\/05\/\u56fe\u724713.png 358w, https:\/\/www.weldmc.com\/wp-content\/uploads\/2025\/05\/\u56fe\u724713-240x300.png 240w\" sizes=\"(max-width: 231px) 100vw, 231px\" \/> <img loading=\"lazy\" decoding=\"async\" class=\"alignnone wp-image-939\" src=\"https:\/\/www.weldmc.com\/wp-content\/uploads\/2025\/05\/\u56fe\u724712.png\" alt=\"20T Fit Up Rotator\" width=\"230\" height=\"288\" srcset=\"https:\/\/www.weldmc.com\/wp-content\/uploads\/2025\/05\/\u56fe\u724712.png 308w, https:\/\/www.weldmc.com\/wp-content\/uploads\/2025\/05\/\u56fe\u724712-239x300.png 239w\" sizes=\"(max-width: 230px) 100vw, 230px\" \/> <img loading=\"lazy\" decoding=\"async\" class=\"alignnone wp-image-935\" src=\"https:\/\/www.weldmc.com\/wp-content\/uploads\/2025\/05\/\u56fe\u724714.png\" alt=\"20T Fit Up Rotator\" width=\"511\" height=\"288\" srcset=\"https:\/\/www.weldmc.com\/wp-content\/uploads\/2025\/05\/\u56fe\u724714.png 2276w, https:\/\/www.weldmc.com\/wp-content\/uploads\/2025\/05\/\u56fe\u724714-300x169.png 300w, https:\/\/www.weldmc.com\/wp-content\/uploads\/2025\/05\/\u56fe\u724714-1024x576.png 1024w, https:\/\/www.weldmc.com\/wp-content\/uploads\/2025\/05\/\u56fe\u724714-768x432.png 768w, https:\/\/www.weldmc.com\/wp-content\/uploads\/2025\/05\/\u56fe\u724714-1536x864.png 1536w, https:\/\/www.weldmc.com\/wp-content\/uploads\/2025\/05\/\u56fe\u724714-2048x1152.png 2048w, https:\/\/www.weldmc.com\/wp-content\/uploads\/2025\/05\/\u56fe\u724714-600x337.png 600w\" sizes=\"(max-width: 511px) 100vw, 511px\" \/><\/p>\n<p><strong><b>Introducci\u00f3n del motor<\/b><\/strong><\/p>\n<p><strong><b> <img decoding=\"async\" src=\"https:\/\/www.weldmc.com\/wp-content\/uploads\/2025\/05\/Motor_2.png\" alt=\"Motor_2\" \/> <img decoding=\"async\" src=\"https:\/\/www.weldmc.com\/wp-content\/uploads\/2025\/05\/Motor_1.png\" alt=\"Motor_1\" \/><\/b><\/strong><\/p>\n<p><strong>Pautas de mantenimiento de los rotadores de soldadura<\/strong><\/p>\n<p>Limpie el rotador de soldadura antes de utilizarlo. Mantenga los rodillos de goma alejados de aceites y altas temperaturas para evitar su envejecimiento. Se recomienda que una persona designada opere y mantenga el equipo.<\/p>\n<p>Aseg\u00farese de que el reductor de velocidad est\u00e1 lleno de aceite de motor 30# antes de arrancar, especialmente cuando la temperatura es inferior a 0\u00baC.<\/p>\n<p>Cambie el aceite del reductor de velocidad despu\u00e9s del primer mes de uso. Despu\u00e9s, cambie el aceite cada seis meses.<\/p>\n<p>No utilice el lecho de rodillos como suelo de soldadura para evitar da\u00f1ar los rodamientos.<\/p>\n<p><strong><b>Fabricante de rotadores de alta calidad<\/b><\/strong><\/p>\n<p>1.Con m\u00e1s de 20 a\u00f1os de experiencia especializada en la fabricaci\u00f3n de rotadores autoalineables.<\/p>\n<p>2.Nuestros productos tienen una capacidad de carga que oscila entre 5 y 400 toneladas.<\/p>\n<p>3.Proporcionamos certificaciones CE e ISO, que garantizan el cumplimiento de las estrictas subregulaciones. Adem\u00e1s.<\/p>\n<p>4.Ofrecemos un a\u00f1o de garant\u00eda y piezas de desgaste gratuitas.<\/p>\n<p>5.Nuestro equipo t\u00e9cnico altamente cualificado se dedica a prestarle apoyo a usted y a sus proyectos a gran escala, como la soldadura de aerogeneradores.<\/p>\n<p><img decoding=\"async\" src=\"https:\/\/www.weldmc.com\/wp-content\/uploads\/2025\/05\/Product-certification.png\" alt=\"Certificaci\u00f3n de productos\" \/><\/p>\n<p>Wuxi ABK Machinery Co.Ltd es un fabricante profesional de rotador de soldadura en China. Y nuestro rotador de soldadura incluye principalmente rotador de soldadura est\u00e1ndar, rotador de soldadura ajustable y rotador de soldadura especial. Tambi\u00e9n podemos ofrecer a nuestros clientes en todo el mundo muchos otros productos, incluyendo la plataforma giratoria de soldadura, m\u00e1quina de soldadura de pilotes, l\u00ednea de producci\u00f3n de torres e\u00f3licas, l\u00ednea de soldadura de vigas H, equipos de soldadura de tuber\u00edas, m\u00e1quina de corte CNC, m\u00e1quina rectificadora, m\u00e1quina perfiladora, m\u00e1quina curvadora de placas, etc. Hemos obtenido la certificaci\u00f3n ISO y CE, y tambi\u00e9n ofrecemos servicio OEM.<\/p>","protected":false},"excerpt":{"rendered":"<p>El rotador WUXI ABK 20-Ton Fit Up ofrece una alineaci\u00f3n precisa para la fabricaci\u00f3n de recipientes de tama\u00f1o medio con una precisi\u00f3n de posicionamiento de \u00b10,8 mm y una rotaci\u00f3n ajustable de 0,2-1,5 m\/min. Este robusto posicionador de soldadura maneja piezas de trabajo de 1-4 m de di\u00e1metro con una capacidad de 20 toneladas, y cuenta con mecanismos antidesviaci\u00f3n integrados y compatibilidad con sistemas de soldadura automatizados para una fabricaci\u00f3n eficiente de recipientes a presi\u00f3n y acero estructural.<\/p>","protected":false},"featured_media":2111,"comment_status":"open","ping_status":"closed","template":"","meta":{"_acf_changed":false},"product_brand":[],"product_cat":[21,40,30],"product_tag":[],"class_list":{"0":"post-950","1":"product","2":"type-product","3":"status-publish","4":"has-post-thumbnail","6":"product_cat-welding-automation","7":"product_cat-fit-up-rotator","8":"product_cat-welding-rotator","10":"first","11":"instock","12":"shipping-taxable","13":"product-type-simple"},"acf":[],"_links":{"self":[{"href":"https:\/\/www.weldmc.com\/es\/wp-json\/wp\/v2\/product\/950","targetHints":{"allow":["GET"]}}],"collection":[{"href":"https:\/\/www.weldmc.com\/es\/wp-json\/wp\/v2\/product"}],"about":[{"href":"https:\/\/www.weldmc.com\/es\/wp-json\/wp\/v2\/types\/product"}],"replies":[{"embeddable":true,"href":"https:\/\/www.weldmc.com\/es\/wp-json\/wp\/v2\/comments?post=950"}],"wp:featuredmedia":[{"embeddable":true,"href":"https:\/\/www.weldmc.com\/es\/wp-json\/wp\/v2\/media\/2111"}],"wp:attachment":[{"href":"https:\/\/www.weldmc.com\/es\/wp-json\/wp\/v2\/media?parent=950"}],"wp:term":[{"taxonomy":"product_brand","embeddable":true,"href":"https:\/\/www.weldmc.com\/es\/wp-json\/wp\/v2\/product_brand?post=950"},{"taxonomy":"product_cat","embeddable":true,"href":"https:\/\/www.weldmc.com\/es\/wp-json\/wp\/v2\/product_cat?post=950"},{"taxonomy":"product_tag","embeddable":true,"href":"https:\/\/www.weldmc.com\/es\/wp-json\/wp\/v2\/product_tag?post=950"}],"curies":[{"name":"wp","href":"https:\/\/api.w.org\/{rel}","templated":true}]}}