{"id":892,"date":"2025-05-24T21:23:40","date_gmt":"2025-05-24T13:23:40","guid":{"rendered":"http:\/\/111.170.148.214:8095\/?post_type=product&#038;p=892"},"modified":"2025-09-12T14:04:50","modified_gmt":"2025-09-12T06:04:50","slug":"serie-k11-k12-k13-mandril-autocentrante-de-agujero-grande","status":"publish","type":"product","link":"https:\/\/www.weldmc.com\/es\/product\/serie-k11-k12-k13-mandril-autocentrante-de-agujero-grande\/","title":{"rendered":"Serie K11 K12 K13 Mandril autocentrante de agujero grande"},"content":{"rendered":"<h4>Serie K11 K12 K13 Mandril autocentrante de agujero grande<\/h4>\n<p><img decoding=\"async\" src=\"https:\/\/www.weldmc.com\/wp-content\/uploads\/2025\/05\/K11-K12-K13-series-self-centering-chucks_1.png\" alt=\"Platos autocentrantes serie K11 K12 K13_1\" \/><\/p>\n<p class=\"ds-markdown-paragraph\"><strong>Introducci\u00f3n del producto: WUXI ABK Serie K11\/K12\/K13 Platos autocentrantes de agujero grande<\/strong><\/p>\n<p class=\"ds-markdown-paragraph\">En\u00a0<strong>Platos autocentrantes WUXI ABK series K11, K12 y K13<\/strong>\u00a0est\u00e1n dise\u00f1ados para ofrecer precisi\u00f3n y eficacia en aplicaciones industriales. Estos platos cuentan con un avanzado\u00a0<strong>estructura de rosca plana<\/strong>Garantizando un movimiento suave y sincronizado de las mand\u00edbulas gracias a su alta calidad.\u00a0<strong>engranajes y cables en espiral<\/strong>. Este dise\u00f1o innovador permite\u00a0<strong>centrado autom\u00e1tico<\/strong>\u00a0de piezas de trabajo, reduciendo significativamente el tiempo de preparaci\u00f3n y manteniendo al mismo tiempo una precisi\u00f3n excepcional.<\/p>\n<h3><strong>Caracter\u00edsticas principales de los platos autocentrantes WUXI ABK<\/strong><\/h3>\n<ul>\n<li>\n<p class=\"ds-markdown-paragraph\"><strong>Alta precisi\u00f3n de autocentrado<\/strong>: La\u00a0<strong>Platos serie K11\/K12\/K13<\/strong>\u00a0proporcionan una concentricidad superior, garantizando una desviaci\u00f3n m\u00ednima para el mecanizado de alta precisi\u00f3n.<\/p>\n<\/li>\n<li>\n<p class=\"ds-markdown-paragraph\"><strong>Sujeci\u00f3n r\u00e1pida y c\u00f3moda<\/strong>: La\u00a0<strong>mecanismo de autocentrado<\/strong>\u00a0permite alinear r\u00e1pidamente las piezas de trabajo, mejorando la productividad en operaciones repetitivas.<\/p>\n<\/li>\n<li>\n<p class=\"ds-markdown-paragraph\"><strong>Gran rigidez y fuerza de sujeci\u00f3n<\/strong>: Construidos para aplicaciones pesadas, estos mandriles proporcionan\u00a0<strong>gran fuerza de agarre<\/strong>\u00a0y estabilidad, incluso en condiciones de mecanizado a alta velocidad.<\/p>\n<\/li>\n<li>\n<p class=\"ds-markdown-paragraph\"><strong>Construcci\u00f3n duradera<\/strong>: Dise\u00f1ado para durar, el\u00a0<strong>Platos WUXI ABK<\/strong>\u00a0est\u00e1n fabricados con materiales de alta calidad para soportar un uso industrial riguroso.<\/p>\n<\/li>\n<\/ul>\n<h3><strong>Aplicaciones en todos los sectores<\/strong><\/h3>\n<p class=\"ds-markdown-paragraph\">En\u00a0<strong>Platos autocentrantes WUXI ABK K11, K12 y K13<\/strong>\u00a0se utilizan ampliamente en diversos procesos de mecanizado y fabricaci\u00f3n, entre ellos:<\/p>\n<ul>\n<li>\n<p class=\"ds-markdown-paragraph\"><strong>Centros de mecanizado CNC<\/strong>\u00a0- Garantiza una sujeci\u00f3n precisa para operaciones de fresado, taladrado y torneado.<\/p>\n<\/li>\n<li>\n<p class=\"ds-markdown-paragraph\"><strong>Tornos y fresadoras<\/strong>\u00a0- Ideal para la sujeci\u00f3n de piezas de alta precisi\u00f3n tanto en configuraciones manuales como CNC.<\/p>\n<\/li>\n<li>\n<p class=\"ds-markdown-paragraph\"><strong>Taladradoras CNC<\/strong>\u00a0- Proporciona una fijaci\u00f3n segura para taladrar componentes grandes o complejos.<\/p>\n<\/li>\n<li>\n<p class=\"ds-markdown-paragraph\"><strong>Equipos de soldadura y corte<\/strong>\u00a0- Mantiene la estabilidad durante las operaciones de alto par.<\/p>\n<\/li>\n<\/ul>\n<p class=\"ds-markdown-paragraph\">Con su\u00a0<strong>capacidad de autocentrado<\/strong>,\u00a0<strong>gran fuerza de sujeci\u00f3n<\/strong>y\u00a0<strong>compatibilidad vers\u00e1til<\/strong>El\u00a0<strong>Platos de la serie WUXI ABK K11\/K12\/K13<\/strong>\u00a0son una soluci\u00f3n fiable para las industrias que exigen eficacia y precisi\u00f3n. Ya sea en\u00a0<strong>automoci\u00f3n, aeroespacial o fabricaci\u00f3n en general<\/strong>Estos platos mejoran el rendimiento operativo al tiempo que reducen los tiempos de inactividad.<\/p>\n<table>\n<tbody>\n<tr>\n<td colspan=\"15\" width=\"100.0000%\">Par\u00e1metros del tama\u00f1o de la conexi\u00f3n (referencia de selecci\u00f3n, el tama\u00f1o real est\u00e1 sujeto al plano del pedido)<\/td>\n<\/tr>\n<tr>\n<td width=\"16.2400%\">Especificaciones<\/td>\n<td colspan=\"2\" width=\"9.9800%\">D<\/td>\n<td colspan=\"2\" width=\"9.9800%\">D1<\/td>\n<td width=\"9.9800%\">D2(H7)<\/td>\n<td colspan=\"2\" width=\"9.9800%\">D3<\/td>\n<td width=\"8.3200%\">H<\/td>\n<td colspan=\"2\" width=\"8.1200%\">H1<\/td>\n<td width=\"8.0000%\">H2<\/td>\n<td colspan=\"2\" width=\"8.5400%\">L<\/td>\n<td width=\"10.7200%\">Z-d<\/td>\n<\/tr>\n<tr>\n<td width=\"16.2400%\">K11 400<\/td>\n<td colspan=\"2\" width=\"9.9800%\">\u0424400<\/td>\n<td colspan=\"2\" width=\"9.9800%\">\u0424368<\/td>\n<td width=\"9.9800%\">\u0424340<\/td>\n<td colspan=\"2\" width=\"9.9800%\">\u0424170<\/td>\n<td width=\"8.3200%\">100<\/td>\n<td colspan=\"2\" width=\"8.1200%\">36<\/td>\n<td width=\"8.0000%\">6<\/td>\n<td colspan=\"2\" width=\"8.5400%\">125<\/td>\n<td width=\"10.7200%\">6-M14<\/td>\n<\/tr>\n<tr>\n<td width=\"16.2400%\">K11 500<\/td>\n<td colspan=\"2\" width=\"9.9800%\">\u0424500<\/td>\n<td colspan=\"2\" width=\"9.9800%\">\u0424465<\/td>\n<td width=\"9.9800%\">\u0424440<\/td>\n<td colspan=\"2\" width=\"9.9800%\">\u0424240<\/td>\n<td width=\"8.3200%\">115<\/td>\n<td colspan=\"2\" width=\"8.1200%\">45<\/td>\n<td width=\"8.0000%\">6<\/td>\n<td colspan=\"2\" width=\"8.5400%\">185<\/td>\n<td width=\"10.7200%\">6-M14<\/td>\n<\/tr>\n<tr>\n<td width=\"16.2400%\">K11 630<\/td>\n<td colspan=\"2\" width=\"9.9800%\">\u0424630<\/td>\n<td colspan=\"2\" width=\"9.9800%\">\u0424590<\/td>\n<td width=\"9.9800%\">\u0424560<\/td>\n<td colspan=\"2\" width=\"9.9800%\">\u0424320<\/td>\n<td width=\"8.3200%\">125<\/td>\n<td colspan=\"2\" width=\"8.1200%\">50<\/td>\n<td width=\"8.0000%\">12<\/td>\n<td colspan=\"2\" width=\"8.5400%\">250<\/td>\n<td width=\"10.7200%\">6-M16<\/td>\n<\/tr>\n<tr>\n<td width=\"16.2400%\">K11 800<\/td>\n<td colspan=\"2\" width=\"9.9800%\">\u0424800<\/td>\n<td colspan=\"2\" width=\"9.9800%\">\u0424760<\/td>\n<td width=\"9.9800%\">\u0424730<\/td>\n<td colspan=\"2\" width=\"9.9800%\">\u0424480<\/td>\n<td width=\"8.3200%\">130<\/td>\n<td colspan=\"2\" width=\"8.1200%\">50<\/td>\n<td width=\"8.0000%\">12<\/td>\n<td colspan=\"2\" width=\"8.5400%\">320<\/td>\n<td width=\"10.7200%\">6-M16<\/td>\n<\/tr>\n<tr>\n<td width=\"16.2400%\">K11 1000<\/td>\n<td colspan=\"2\" width=\"9.9800%\">\u04241000<\/td>\n<td colspan=\"2\" width=\"9.9800%\">\u0424950<\/td>\n<td width=\"9.9800%\">\u0424902<\/td>\n<td colspan=\"2\" width=\"9.9800%\">\u0424640<\/td>\n<td width=\"8.3200%\">150<\/td>\n<td colspan=\"2\" width=\"8.1200%\">60<\/td>\n<td width=\"8.0000%\">15<\/td>\n<td colspan=\"2\" width=\"8.5400%\">350<\/td>\n<td width=\"10.7200%\">9-M20<\/td>\n<\/tr>\n<tr>\n<td width=\"16.2400%\">K11 1200<\/td>\n<td colspan=\"2\" width=\"9.9800%\">\u04241200<\/td>\n<td colspan=\"2\" width=\"9.9800%\">\u04241140<\/td>\n<td width=\"9.9800%\">\u04241080<\/td>\n<td colspan=\"2\" width=\"9.9800%\">\u0424850<\/td>\n<td width=\"8.3200%\">150<\/td>\n<td colspan=\"2\" width=\"8.1200%\">60<\/td>\n<td width=\"8.0000%\">15<\/td>\n<td colspan=\"2\" width=\"8.5400%\">350<\/td>\n<td width=\"10.7200%\">9-M20<\/td>\n<\/tr>\n<tr>\n<td width=\"16.2400%\">K11 1500<\/td>\n<td colspan=\"2\" width=\"9.9800%\">\u04241500<\/td>\n<td colspan=\"2\" width=\"9.9800%\">\u04241440<\/td>\n<td width=\"9.9800%\">\u04241380<\/td>\n<td colspan=\"2\" width=\"9.9800%\">\u04241100<\/td>\n<td width=\"8.3200%\">150<\/td>\n<td colspan=\"2\" width=\"8.1200%\">80<\/td>\n<td width=\"8.0000%\">15<\/td>\n<td colspan=\"2\" width=\"8.5400%\">425<\/td>\n<td width=\"10.7200%\">9-M20<\/td>\n<\/tr>\n<tr>\n<td colspan=\"15\" width=\"100.0000%\">Par\u00e1metro de rendimiento<\/td>\n<\/tr>\n<tr>\n<td colspan=\"2\" width=\"16.6600%\">Especificaciones<\/td>\n<td colspan=\"2\" width=\"16.6800%\">Par m\u00e1ximo de entrada<\/td>\n<td colspan=\"3\" width=\"16.6800%\">Fuerza de sujeci\u00f3n m\u00e1xima<\/td>\n<td colspan=\"3\" width=\"16.3000%\">Rango de sujeci\u00f3n antigarras<\/td>\n<td colspan=\"3\" width=\"16.1200%\">Rango de sujeci\u00f3n de la garra positiva<\/td>\n<td colspan=\"2\" width=\"17.5000%\">Observaciones<\/td>\n<\/tr>\n<tr>\n<td colspan=\"2\" width=\"16.6600%\">K11 400 500<\/td>\n<td colspan=\"2\" width=\"16.6800%\">500NM<\/td>\n<td colspan=\"3\" width=\"16.6800%\">60KN<\/td>\n<td colspan=\"3\" width=\"16.3000%\">\u042450-450<\/td>\n<td colspan=\"3\" width=\"16.1200%\">\u042450-450<\/td>\n<td colspan=\"2\" rowspan=\"6\" width=\"17.5000%\">1.Puede realizar todo tipo de tama\u00f1os y formas de personalizaci\u00f3n de mandriles autocentrantes no est\u00e1ndar.<\/p>\n<p>2.La longitud de la mand\u00edbula, cuatro garras, seis garras, ocho garras y varios estilos de mandriles no est\u00e1ndar se pueden personalizar.<\/td>\n<\/tr>\n<tr>\n<td colspan=\"2\" width=\"16.6600%\">K11 630<\/td>\n<td colspan=\"2\" width=\"16.6800%\">800NM<\/td>\n<td colspan=\"3\" width=\"16.6800%\">72KN<\/td>\n<td colspan=\"3\" width=\"16.3000%\">\u0424200-630<\/td>\n<td colspan=\"3\" width=\"16.1200%\">\u0424100-600<\/td>\n<\/tr>\n<tr>\n<td colspan=\"2\" width=\"16.6600%\">K11 800<\/td>\n<td colspan=\"2\" width=\"16.6800%\">900NM<\/td>\n<td colspan=\"3\" width=\"16.6800%\">80KN<\/td>\n<td colspan=\"3\" width=\"16.3000%\">\u0424100-800<\/td>\n<td colspan=\"3\" width=\"16.1200%\">\u0424200-800<\/td>\n<\/tr>\n<tr>\n<td colspan=\"2\" width=\"16.6600%\">K11 1000<\/td>\n<td colspan=\"2\" width=\"16.6800%\">1000NM<\/td>\n<td colspan=\"3\" width=\"16.6800%\">90KN<\/td>\n<td colspan=\"3\" width=\"16.3000%\">\u0424300-1000<\/td>\n<td colspan=\"3\" width=\"16.1200%\">\u0424200-1000<\/td>\n<\/tr>\n<tr>\n<td colspan=\"2\" width=\"16.6600%\">K11 1200<\/td>\n<td colspan=\"2\" width=\"16.6800%\">1000NM<\/td>\n<td colspan=\"3\" width=\"16.6800%\">100KN<\/td>\n<td colspan=\"3\" width=\"16.3000%\">\u0424400-1200<\/td>\n<td colspan=\"3\" width=\"16.1200%\">\u0424300-1000<\/td>\n<\/tr>\n<tr>\n<td colspan=\"2\" width=\"16.6600%\">K11 1500<\/td>\n<td colspan=\"2\" width=\"16.6800%\">1000NM<\/td>\n<td colspan=\"3\" width=\"16.6800%\">120KN<\/td>\n<td colspan=\"3\" width=\"16.3000%\">\u0424500-1500<\/td>\n<td colspan=\"3\" width=\"16.1200%\">\u0424400-1500<\/td>\n<\/tr>\n<\/tbody>\n<\/table>\n<h4><\/h4>\n<p><strong>Imagen de aplicaci\u00f3n del mandril autocentrante de gran agujero serie K11 K12 K13<\/strong><\/p>\n<p><img decoding=\"async\" src=\"https:\/\/www.weldmc.com\/wp-content\/uploads\/2025\/05\/chuck_1.png\" alt=\"Platos autocentrantes serie K11 K12 K13_4\" \/> <img fetchpriority=\"high\" decoding=\"async\" class=\"\" src=\"https:\/\/www.weldmc.com\/wp-content\/uploads\/2025\/05\/chuck_2.png\" alt=\"Platos autocentrantes serie K11 K12 K13_3\" width=\"441\" height=\"445\" \/> <img decoding=\"async\" class=\"\" src=\"https:\/\/www.weldmc.com\/wp-content\/uploads\/2025\/05\/chuck_3.png\" alt=\"Platos autocentrantes serie K11 K12 K13_2\" width=\"501\" height=\"643\" \/><\/p>","protected":false},"excerpt":{"rendered":"<p><strong>WUXI ABK Serie K11\/K12\/K13 Mandril autocentrante de gran agujero<\/strong>\u00a0ofrece sujeci\u00f3n de precisi\u00f3n para aplicaciones de mecanizado de alta resistencia. Con un centrado de alta precisi\u00f3n (\u22640,02 mm) y dise\u00f1os de orificios pasantes de gran tama\u00f1o (hasta \u03c6300 mm), estos platos proporcionan una fuerza de sujeci\u00f3n superior para operaciones de torno y fresado. Nuestra construcci\u00f3n de acero endurecido garantiza la durabilidad, mientras que el mecanismo de autocentrado ofrece un rendimiento constante. Ideal para bridas de tubos, cojinetes y piezas de gran di\u00e1metro.<\/p>","protected":false},"featured_media":1906,"comment_status":"open","ping_status":"closed","template":"","meta":{"_acf_changed":false},"product_brand":[],"product_cat":[21,34,29],"product_tag":[],"class_list":{"0":"post-892","1":"product","2":"type-product","3":"status-publish","4":"has-post-thumbnail","6":"product_cat-welding-automation","7":"product_cat-chuck","8":"product_cat-welding-positioner","10":"first","11":"instock","12":"shipping-taxable","13":"product-type-simple"},"acf":[],"_links":{"self":[{"href":"https:\/\/www.weldmc.com\/es\/wp-json\/wp\/v2\/product\/892","targetHints":{"allow":["GET"]}}],"collection":[{"href":"https:\/\/www.weldmc.com\/es\/wp-json\/wp\/v2\/product"}],"about":[{"href":"https:\/\/www.weldmc.com\/es\/wp-json\/wp\/v2\/types\/product"}],"replies":[{"embeddable":true,"href":"https:\/\/www.weldmc.com\/es\/wp-json\/wp\/v2\/comments?post=892"}],"wp:featuredmedia":[{"embeddable":true,"href":"https:\/\/www.weldmc.com\/es\/wp-json\/wp\/v2\/media\/1906"}],"wp:attachment":[{"href":"https:\/\/www.weldmc.com\/es\/wp-json\/wp\/v2\/media?parent=892"}],"wp:term":[{"taxonomy":"product_brand","embeddable":true,"href":"https:\/\/www.weldmc.com\/es\/wp-json\/wp\/v2\/product_brand?post=892"},{"taxonomy":"product_cat","embeddable":true,"href":"https:\/\/www.weldmc.com\/es\/wp-json\/wp\/v2\/product_cat?post=892"},{"taxonomy":"product_tag","embeddable":true,"href":"https:\/\/www.weldmc.com\/es\/wp-json\/wp\/v2\/product_tag?post=892"}],"curies":[{"name":"wp","href":"https:\/\/api.w.org\/{rel}","templated":true}]}}