{"id":891,"date":"2025-05-24T21:00:05","date_gmt":"2025-05-24T13:00:05","guid":{"rendered":"http:\/\/111.170.148.214:8095\/?post_type=product&#038;p=891"},"modified":"2025-10-13T08:50:49","modified_gmt":"2025-10-13T00:50:49","slug":"lifting-column-welding-positioner-machine-100-tons","status":"publish","type":"product","link":"https:\/\/www.weldmc.com\/es\/product\/lifting-column-welding-positioner-machine-100-tons\/","title":{"rendered":"M\u00e1quina posicionadora de soldadura de columna elevadora 100 toneladas"},"content":{"rendered":"<p>100 tons Adjustable Height Positioner Parameter table<\/p>\n<table>\n<tbody>\n<tr>\n<td colspan=\"3\" width=\"474\"><strong>Modelo<\/strong><\/td>\n<td width=\"485\"><strong>L<\/strong><strong>HBJ-1<\/strong><strong>00<\/strong><\/td>\n<\/tr>\n<tr>\n<td width=\"318\"><strong>Capacidad de carga<\/strong><\/td>\n<td width=\"78\">(KG)<\/td>\n<td width=\"77\"><\/td>\n<td width=\"485\">10000<\/td>\n<\/tr>\n<tr>\n<td width=\"318\"><strong>Velocidad de rotaci\u00f3n<\/strong><\/td>\n<td width=\"78\">(RPM)<\/td>\n<td width=\"77\"><\/td>\n<td width=\"485\">0.05-0.5<\/td>\n<\/tr>\n<tr>\n<td width=\"318\"><strong>\u00a0Velocidad de rotaci\u00f3n<\/strong><\/td>\n<td width=\"78\">(RPM)<\/td>\n<td width=\"77\"><\/td>\n<td width=\"485\">0.1<\/td>\n<\/tr>\n<tr>\n<td width=\"318\"><strong>\u00c1ngulo de giro<\/strong><\/td>\n<td width=\"78\">(\u00b0)<\/td>\n<td width=\"77\"><\/td>\n<td width=\"485\">0-135<\/td>\n<\/tr>\n<tr>\n<td width=\"318\"><strong>Tama\u00f1o de la mesa de trabajo<\/strong><strong>\u00a0Di\u00e1metro<\/strong><\/td>\n<td width=\"78\">(MM)<\/td>\n<td width=\"77\"><\/td>\n<td width=\"485\">1800<\/td>\n<\/tr>\n<tr>\n<td width=\"318\"><strong>Girar <\/strong><strong>P<\/strong><strong>ower<\/strong><\/td>\n<td width=\"78\">(KW)<\/td>\n<td width=\"77\"><\/td>\n<td width=\"485\">2.2<\/td>\n<\/tr>\n<tr>\n<td width=\"318\"><strong>Volcar <\/strong><strong>P<\/strong><strong>ower<\/strong><\/td>\n<td width=\"78\">(KW)<\/td>\n<td width=\"77\"><\/td>\n<td width=\"485\">4<\/td>\n<\/tr>\n<tr>\n<td width=\"318\"><strong>Lifting Range<\/strong><\/td>\n<td width=\"78\">(MM)<\/td>\n<td width=\"77\"><\/td>\n<td width=\"485\">800<\/td>\n<\/tr>\n<tr>\n<td width=\"318\"><strong>Fuente de alimentaci\u00f3n<\/strong><\/td>\n<td width=\"78\">(V)<\/td>\n<td width=\"77\">50Hz 3\u0278<\/td>\n<td width=\"485\">380<\/td>\n<\/tr>\n<tr>\n<td width=\"318\"><strong>Tipo regulador de velocidad<\/strong><\/td>\n<td width=\"78\"><\/td>\n<td width=\"77\"><\/td>\n<td width=\"485\">Regulaci\u00f3n continua de la velocidad de la frecuencia de CA<\/td>\n<\/tr>\n<tr>\n<td width=\"318\"><strong>Height<\/strong><strong>\u00a0ajustable<\/strong><\/td>\n<td width=\"78\"><\/td>\n<td width=\"77\"><\/td>\n<td width=\"485\">By hand<\/td>\n<\/tr>\n<tr>\n<td colspan=\"4\" width=\"960\">Nota: Todas las especificaciones corresponden al equipamiento est\u00e1ndar, que puede modificarse seg\u00fan las necesidades del cliente.<\/td>\n<\/tr>\n<\/tbody>\n<\/table>\n<p>1. Rodamiento giratorio<\/p>\n<p><img decoding=\"async\" src=\"https:\/\/www.weldmc.com\/wp-content\/uploads\/2025\/05\/Slewing-bearing.png\" alt=\"Rodamiento giratorio\" \/><\/p>\n<p>El rodamiento giratorio es un componente de soporte de carga cr\u00edtico que permite la rotaci\u00f3n relativa entre las piezas de la m\u00e1quina y, al mismo tiempo, gestiona las fuerzas axiales, radiales y de momento de vuelco. Su dise\u00f1o compacto y ligero, fabricado en acero de aleaci\u00f3n de alta resistencia, garantiza un funcionamiento suave con gran precisi\u00f3n (\u00b10,05\u00b0 de exactitud de rotaci\u00f3n) y una larga vida \u00fatil. Las configuraciones clave incluyen orificios para pernos de montaje, engranajes internos\/externos opcionales, puertos de lubricaci\u00f3n y sistemas de sellado para mejorar la fiabilidad. Con una gama de di\u00e1metros de 300-5000 mm y una capacidad de carga de hasta 50.000 kN, se utiliza ampliamente en maquinaria de construcci\u00f3n, turbinas e\u00f3licas, gr\u00faas y equipos militares. Hay dise\u00f1os personalizados disponibles para aplicaciones especializadas.<\/p>\n<ol start=\"2\">\n<li>Engranaje<\/li>\n<\/ol>\n<p>1). Marcha atr\u00e1s<\/p>\n<p><img decoding=\"async\" src=\"https:\/\/www.weldmc.com\/wp-content\/uploads\/2025\/05\/Reverse-gear.png\" alt=\"Marcha atr\u00e1s\" \/><\/p>\n<p>Generalmente, el \u00e1ngulo de giro del engranaje de giro es de 0 \u00b0 a 90 \u00b0. La funci\u00f3n de desplazamiento se consigue girando la mesa.<\/p>\n<p>2). Marcha atr\u00e1s<\/p>\n<p><img fetchpriority=\"high\" decoding=\"async\" class=\"\" src=\"https:\/\/www.weldmc.com\/wp-content\/uploads\/2025\/05\/Reverse-gear_1.png\" alt=\"Marcha atr\u00e1s_1\" width=\"365\" height=\"274\" \/> <img decoding=\"async\" class=\"\" src=\"https:\/\/www.weldmc.com\/wp-content\/uploads\/2025\/05\/Reverse-gear_2.png\" alt=\"Marcha atr\u00e1s_2\" width=\"364\" height=\"273\" \/> <img decoding=\"async\" class=\"\" src=\"https:\/\/www.weldmc.com\/wp-content\/uploads\/2025\/05\/Reverse-gear_3.png\" alt=\"Marcha atr\u00e1s_3\" width=\"362\" height=\"271\" \/><\/p>\n<p>Los engranajes son componentes mec\u00e1nicos dentados que transmiten el par mediante el engranaje con otros elementos, como cremalleras, tornillos sinf\u00edn o engranajes adicionales, lo que permite un control preciso de la transmisi\u00f3n de potencia modificando las relaciones velocidad\/par, redirigiendo las trayectorias de movimiento y convirtiendo los tipos de movimiento (por ejemplo, de rotativo a lineal). El dise\u00f1o de sus dientes entrelazados proporciona una transferencia de fuerza fiable al tiempo que permite una ventaja mec\u00e1nica personalizable en diversas aplicaciones industriales.<\/p>\n<p>3.Reductor<\/p>\n<p><img decoding=\"async\" src=\"https:\/\/www.weldmc.com\/wp-content\/uploads\/2025\/05\/Reducer.png\" alt=\"Reductor\" \/><\/p>\n<p>Los reductores de engranajes son dispositivos mec\u00e1nicos de transmisi\u00f3n de potencia que utilizan sistemas de engranajes de precisi\u00f3n para reducir la velocidad de entrada y aumentar proporcionalmente el par de salida, siendo el par de salida el producto del par del motor y la relaci\u00f3n de transmisi\u00f3n (sin superar la capacidad nominal del reductor). Estos sistemas reducen simult\u00e1neamente la inercia de la carga al cuadrado de la relaci\u00f3n de reducci\u00f3n, lo que permite optimizar la conversi\u00f3n de potencia para diversas aplicaciones industriales mediante un engranaje eficaz.<\/p>\n<p><img decoding=\"async\" src=\"https:\/\/www.weldmc.com\/wp-content\/uploads\/2025\/05\/Motor_2.png\" alt=\"Motor_2\" \/> <img decoding=\"async\" src=\"https:\/\/www.weldmc.com\/wp-content\/uploads\/2025\/05\/Motor_1.png\" alt=\"Motor_1\" \/><\/p>\n<p class=\"ds-markdown-paragraph\"><strong>WUXI ABK 100-Ton Adjustable Height Positioner Maintenance &amp; Value Guide<\/strong><\/p>\n<p class=\"ds-markdown-paragraph\"><strong>Protocolo integral de mantenimiento<\/strong><br \/>\nPara garantizar un rendimiento \u00f3ptimo de su\u00a0<strong>100-ton adjustable height positioner<\/strong>, follow this three-tier maintenance program:<\/p>\n<ol start=\"1\">\n<li>\n<p class=\"ds-markdown-paragraph\"><strong>Cuidado diario<\/strong><\/p>\n<ul>\n<li>\n<p class=\"ds-markdown-paragraph\">Remove welding slag from the\u00a0<strong>plataforma giratoria de soldadura<\/strong>\u00a0surface<\/p>\n<\/li>\n<li>\n<p class=\"ds-markdown-paragraph\">Verify lubrication levels in all\u00a0<strong>positioner gearboxes<\/strong><\/p>\n<\/li>\n<li>\n<p class=\"ds-markdown-paragraph\">Inspect electrical connections for\u00a0<strong>equipos de soldadura industrial<\/strong>\u00a0safety<\/p>\n<\/li>\n<\/ul>\n<\/li>\n<li>\n<p class=\"ds-markdown-paragraph\"><strong>Mantenimiento programado<\/strong><\/p>\n<ul>\n<li>\n<p class=\"ds-markdown-paragraph\">Comprobaci\u00f3n mensual del par de apriete de\u00a0<strong>posicionador para cargas pesadas<\/strong>\u00a0fasteners (85-95Nm)<\/p>\n<\/li>\n<li>\n<p class=\"ds-markdown-paragraph\">Quarterly inspection of\u00a0<strong>rotator drive mechanisms<\/strong><\/p>\n<\/li>\n<li>\n<p class=\"ds-markdown-paragraph\">Bi-annual safety system functional tests<\/p>\n<\/li>\n<\/ul>\n<\/li>\n<li>\n<p class=\"ds-markdown-paragraph\"><strong>Revisi\u00f3n anual<\/strong><\/p>\n<ul>\n<li>\n<p class=\"ds-markdown-paragraph\">Replace worn\u00a0<strong>positioner roller bearings<\/strong><\/p>\n<\/li>\n<li>\n<p class=\"ds-markdown-paragraph\">Re-lubricate all\u00a0<strong>posicionador de soldadura<\/strong>\u00a0guide rails<\/p>\n<\/li>\n<li>\n<p class=\"ds-markdown-paragraph\">Recalibrate\u00a0<strong>height adjustment system<\/strong>\u00a0(\u00b10.1mm accuracy)<\/p>\n<\/li>\n<\/ul>\n<\/li>\n<\/ol>\n<p class=\"ds-markdown-paragraph\"><strong>Critical Performance Alerts<\/strong><br \/>\nDetenga inmediatamente el funcionamiento si lo detecta:<br \/>\n\u2713 Abnormal noise from\u00a0<strong>rotator drive motors<\/strong><br \/>\n\u2713 Irregular rotation of\u00a0<strong>plataforma giratoria de soldadura<\/strong><br \/>\n\u2713 Fluctuations in\u00a0<strong>positioner load capacity<\/strong><\/p>\n<p class=\"ds-markdown-paragraph\"><strong>Certified Quality Assurance<\/strong><br \/>\nNuestra\u00a0<strong>100-ton adjustable positioners<\/strong>\u00a0reunirse:<\/p>\n<ul>\n<li>\n<p class=\"ds-markdown-paragraph\">CE Directiva sobre m\u00e1quinas 2006\/42\/CE<\/p>\n<\/li>\n<li>\n<p class=\"ds-markdown-paragraph\">ISO 9001:2015 manufacturing standards<\/p>\n<\/li>\n<li>\n<p class=\"ds-markdown-paragraph\">ASME Section VIII pressure equipment certification<\/p>\n<\/li>\n<\/ul>\n<p class=\"ds-markdown-paragraph\"><strong>Maintenance Benefits<\/strong><br \/>\n\u2714\u00a0<strong>Vida \u00fatil prolongada 30%<\/strong>\u00a0para\u00a0<strong>posicionadores de soldadura industrial<\/strong><br \/>\n\u2714\u00a0<strong>Reducci\u00f3n 50%<\/strong>\u00a0en tiempos de inactividad imprevistos<br \/>\n\u2714 Maintains\u00a0<strong>\u00b10.5\u00b0 rotation accuracy<\/strong>\u00a0through 10,000+ cycles<\/p>\n<p class=\"ds-markdown-paragraph\"><strong>Innovative Features<\/strong><br \/>\nEn\u00a0<strong>WUXI ABK positioner<\/strong>\u00a0series incorporates:<\/p>\n<ul>\n<li>\n<p class=\"ds-markdown-paragraph\"><strong>Smart load monitoring<\/strong>\u00a0para\u00a0<strong>fabricaci\u00f3n pesada<\/strong><\/p>\n<\/li>\n<li>\n<p class=\"ds-markdown-paragraph\"><strong>Dise\u00f1o modular<\/strong>\u00a0enabling quick\u00a0<strong>sustituci\u00f3n de componentes<\/strong><\/p>\n<\/li>\n<li>\n<p class=\"ds-markdown-paragraph\"><strong>IP54-rated<\/strong>\u00a0controls for harsh environments<\/p>\n<\/li>\n<\/ul>\n<p><img decoding=\"async\" src=\"https:\/\/www.weldmc.com\/wp-content\/uploads\/2025\/05\/Product-certification.png\" alt=\"Certificaci\u00f3n de productos\" \/><\/p>\n<p>Wuxi ABK Machinery Co.Ltd es un fabricante profesional de rotador de soldadura en China. Y nuestro rotador de soldadura incluye principalmente rotador de soldadura est\u00e1ndar, rotador de soldadura ajustable y rotador de soldadura especial. Tambi\u00e9n podemos ofrecer a nuestros clientes en todo el mundo muchos otros productos, incluyendo la plataforma giratoria de soldadura, m\u00e1quina de soldadura de pilotes, l\u00ednea de producci\u00f3n de torres e\u00f3licas, l\u00ednea de soldadura de vigas H, equipos de soldadura de tuber\u00edas, m\u00e1quina de corte CNC, m\u00e1quina rectificadora, m\u00e1quina perfiladora, m\u00e1quina curvadora de placas, etc. Hemos obtenido la certificaci\u00f3n ISO y CE, y tambi\u00e9n ofrecemos servicio OEM.<\/p>","protected":false},"excerpt":{"rendered":"<p><strong>Posicionador de altura ajustable WUXI ABK de 100 toneladas<\/strong>\u00a0ofrece rotaci\u00f3n de precisi\u00f3n para fabricaci\u00f3n pesada. Este\u00a0<strong>plataforma giratoria de soldadura<\/strong>\u00a0caracter\u00edsticas\u00a0<strong>ajuste de altura<\/strong>\u00a0(0-500 mm),\u00a0<strong>\u00b10,1\u00b0 de precisi\u00f3n<\/strong>y\u00a0<strong>Capacidad de 100 toneladas<\/strong>\u00a0para\u00a0<strong>recipientes a presi\u00f3n<\/strong>\u00a0y\u00a0<strong>torres e\u00f3licas<\/strong>. En\u00a0<strong>Control PLC Siemens<\/strong>\u00a0y\u00a0<strong>Certificaci\u00f3n CE\/ISO<\/strong>garantiza un rendimiento estable en\u00a0<strong>aplicaciones de soldadura industrial<\/strong>.<\/p>","protected":false},"featured_media":2170,"comment_status":"open","ping_status":"closed","template":"","meta":{"_acf_changed":false},"product_brand":[],"product_cat":[21,33,29],"product_tag":[],"class_list":{"0":"post-891","1":"product","2":"type-product","3":"status-publish","4":"has-post-thumbnail","6":"product_cat-welding-automation","7":"product_cat-adjustable-height-positioner","8":"product_cat-welding-positioner","10":"first","11":"instock","12":"shipping-taxable","13":"product-type-simple"},"acf":[],"_links":{"self":[{"href":"https:\/\/www.weldmc.com\/es\/wp-json\/wp\/v2\/product\/891","targetHints":{"allow":["GET"]}}],"collection":[{"href":"https:\/\/www.weldmc.com\/es\/wp-json\/wp\/v2\/product"}],"about":[{"href":"https:\/\/www.weldmc.com\/es\/wp-json\/wp\/v2\/types\/product"}],"replies":[{"embeddable":true,"href":"https:\/\/www.weldmc.com\/es\/wp-json\/wp\/v2\/comments?post=891"}],"wp:featuredmedia":[{"embeddable":true,"href":"https:\/\/www.weldmc.com\/es\/wp-json\/wp\/v2\/media\/2170"}],"wp:attachment":[{"href":"https:\/\/www.weldmc.com\/es\/wp-json\/wp\/v2\/media?parent=891"}],"wp:term":[{"taxonomy":"product_brand","embeddable":true,"href":"https:\/\/www.weldmc.com\/es\/wp-json\/wp\/v2\/product_brand?post=891"},{"taxonomy":"product_cat","embeddable":true,"href":"https:\/\/www.weldmc.com\/es\/wp-json\/wp\/v2\/product_cat?post=891"},{"taxonomy":"product_tag","embeddable":true,"href":"https:\/\/www.weldmc.com\/es\/wp-json\/wp\/v2\/product_tag?post=891"}],"curies":[{"name":"wp","href":"https:\/\/api.w.org\/{rel}","templated":true}]}}