{"id":867,"date":"2025-05-24T20:38:28","date_gmt":"2025-05-24T12:38:28","guid":{"rendered":"http:\/\/111.170.148.214:8095\/?post_type=product&#038;p=867"},"modified":"2025-10-13T15:41:23","modified_gmt":"2025-10-13T07:41:23","slug":"adjustable-height-welding-rotator-40-tons","status":"publish","type":"product","link":"https:\/\/www.weldmc.com\/es\/product\/adjustable-height-welding-rotator-40-tons\/","title":{"rendered":"Rotador de soldadura de altura regulable 40 toneladas"},"content":{"rendered":"<p><strong><b>Descripci\u00f3n del rotador de soldadura ajustable<\/b><\/strong><br \/>\n<strong><b>Lista de par\u00e1metros del HG convencional<\/b><\/strong><strong><b>K-40<\/b><\/strong><strong><b>\u00a0rotador de soldadura<\/b><\/strong><\/p>\n<table>\n<tbody>\n<tr>\n<td colspan=\"2\" width=\"200\">Modelo<\/td>\n<td width=\"225\">HGK-40<\/td>\n<\/tr>\n<tr>\n<td colspan=\"2\" width=\"200\">Capacidad de carga(Ton)<\/td>\n<td width=\"225\">40<\/td>\n<\/tr>\n<tr>\n<td colspan=\"2\" width=\"200\">Di\u00e1metro de la rueda (mm)<\/td>\n<td width=\"225\">450<\/td>\n<\/tr>\n<tr>\n<td colspan=\"2\" width=\"200\">Anchura de rueda (mm)<\/td>\n<td width=\"225\">220<\/td>\n<\/tr>\n<tr>\n<td rowspan=\"2\" width=\"79\">Di\u00e1metro del recipiente<\/td>\n<td width=\"121\">MIN(mm)<\/td>\n<td width=\"225\">500<\/td>\n<\/tr>\n<tr>\n<td width=\"121\">MAX(mm)<\/td>\n<td width=\"225\">4800<\/td>\n<\/tr>\n<tr>\n<td colspan=\"2\" width=\"200\">Velocidad de la rueda (m\/h)<\/td>\n<td width=\"225\">6-60<\/td>\n<\/tr>\n<tr>\n<td colspan=\"2\" width=\"200\">Potencia del motor (kw)<\/td>\n<td width=\"225\">2*1.5<\/td>\n<\/tr>\n<\/tbody>\n<\/table>\n<p><iframe title=\"Reproductor de v\u00eddeo YouTube\" src=\"https:\/\/www.youtube.com\/embed\/3ySB5fQCjYQ?si=t_H1DNfoYxAysPvQ\" width=\"560\" height=\"315\" frameborder=\"0\" allowfullscreen=\"allowfullscreen\"><\/iframe><\/p>\n<p><strong><b>Lista de par\u00e1metros del rotador de soldadura convencional de la serie HGK<\/b><\/strong><strong><b><br \/>\n<\/b><\/strong><b><\/b><\/p>\n<figure id=\"attachment_821\" aria-describedby=\"caption-attachment-821\" style=\"width: 1024px\" class=\"wp-caption alignnone\"><img fetchpriority=\"high\" decoding=\"async\" class=\"wp-image-821 size-full\" src=\"https:\/\/www.weldmc.com\/wp-content\/uploads\/2025\/05\/Parameter-list-of-conventional-HGK-series-welding-rotator.png\" alt=\"Adjustable Welding Rotator HGK-40\" width=\"1024\" height=\"170\" srcset=\"https:\/\/www.weldmc.com\/wp-content\/uploads\/2025\/05\/Parameter-list-of-conventional-HGK-series-welding-rotator.png 1024w, https:\/\/www.weldmc.com\/wp-content\/uploads\/2025\/05\/Parameter-list-of-conventional-HGK-series-welding-rotator-300x50.png 300w, https:\/\/www.weldmc.com\/wp-content\/uploads\/2025\/05\/Parameter-list-of-conventional-HGK-series-welding-rotator-768x128.png 768w, https:\/\/www.weldmc.com\/wp-content\/uploads\/2025\/05\/Parameter-list-of-conventional-HGK-series-welding-rotator-600x100.png 600w\" sizes=\"(max-width: 1024px) 100vw, 1024px\" \/><figcaption id=\"caption-attachment-821\" class=\"wp-caption-text\">Adjustable Welding Rotator HGK-40<\/figcaption><\/figure>\n<p class=\"ds-markdown-paragraph\"><strong>WUXI ABK 40-Ton Adjustable Height Positioner Product Introduction<\/strong><\/p>\n<p class=\"ds-markdown-paragraph\"><strong>Technical Specifications &amp; Features<\/strong><\/p>\n<p class=\"ds-markdown-paragraph\">En\u00a0<strong>WUXI ABK 40-Ton Adjustable Height Positioner<\/strong>\u00a0is engineered for\u00a0<strong>precision welding automation<\/strong>\u00a0in heavy industrial applications, including\u00a0<strong>fabricaci\u00f3n de recipientes a presi\u00f3n<\/strong>,\u00a0<strong>producci\u00f3n de torres e\u00f3licas<\/strong>y\u00a0<strong>construcci\u00f3n naval<\/strong>. Su\u00a0<strong>heavy-duty frame<\/strong>\u00a0utilizes\u00a0<strong>construcci\u00f3n de acero tipo caja<\/strong>\u00a0for optimal load distribution, ensuring stability during high-capacity operations. The\u00a0<strong>precision sliding track<\/strong>\u00a0guarantees\u00a0<strong>\u00b10.1mm positioning accuracy<\/strong>mientras que el\u00a0<strong>mecanismo de cierre r\u00e1pido<\/strong>\u00a0provides rigid fixation for consistent weld quality.<\/p>\n<p class=\"ds-markdown-paragraph\"><strong>Rodillos de alto rendimiento<\/strong><\/p>\n<ul>\n<li>\n<p class=\"ds-markdown-paragraph\"><strong>ZG45 cast steel rollers<\/strong>\u00a0(HRC 55-60 hardness) ensure\u00a0<strong>superior wear resistance<\/strong><\/p>\n<\/li>\n<li>\n<p class=\"ds-markdown-paragraph\"><strong>30-ton dynamic load capacity per roller<\/strong>\u00a0for handling\u00a0<strong>large-diameter workpieces<\/strong><\/p>\n<\/li>\n<li>\n<p class=\"ds-markdown-paragraph\">Optimized for\u00a0<strong>soldadura de acero estructural<\/strong>\u00a0y\u00a0<strong>soldadura de circunferencias de tuber\u00edas<\/strong><\/p>\n<\/li>\n<\/ul>\n<p class=\"ds-markdown-paragraph\"><strong>Advanced Drive &amp; Control System<\/strong><br \/>\nEn\u00a0<strong>dual-motor drive system<\/strong>\u00a0(2\u00d77.5kW) with\u00a0<strong>reductores de engranajes<\/strong>\u00a0delivers smooth rotation at\u00a0<strong>0.5-5 RPM<\/strong>\u00a0(adjustable via\u00a0<strong>frequency converter<\/strong>), maintaining\u00a0<strong>\u00b12% torque synchronization<\/strong>. Key innovations include:<br \/>\n\u2713\u00a0<strong>Ajuste hidr\u00e1ulico de la elevaci\u00f3n<\/strong>\u00a0(\u00b150mm range) for flexible workpiece alignment<br \/>\n\u2713\u00a0<strong>Alineaci\u00f3n autom\u00e1tica de l\u00edneas centrales<\/strong>\u00a0con\u00a0<strong>&lt;0.5mm creep prevention<\/strong><br \/>\n\u2713\u00a0<strong>Sensores de desplazamiento NOVO<\/strong>\u00a0(German-made, 0.01mm resolution) for real-time measurement (\u00b10.05% linearity)<\/p>\n<p class=\"ds-markdown-paragraph\"><strong>Smart Industrial Automation<\/strong><br \/>\nEquipped with\u00a0<strong>Siemens\/ABB PLC controls<\/strong>\u00a0y\u00a0<strong>IP65-rated protection<\/strong>Este\u00a0<strong>posicionador de soldadura<\/strong>\u00a0caracter\u00edsticas:<\/p>\n<ul>\n<li>\n<p class=\"ds-markdown-paragraph\"><strong>Axial movement monitoring<\/strong>\u00a0for error detection<\/p>\n<\/li>\n<li>\n<p class=\"ds-markdown-paragraph\"><strong>Integraci\u00f3n perfecta<\/strong>\u00a0con\u00a0<strong>robotic welding systems<\/strong><\/p>\n<\/li>\n<li>\n<p class=\"ds-markdown-paragraph\"><strong>CE &amp; ISO certification<\/strong>\u00a0for global compliance<\/p>\n<\/li>\n<\/ul>\n<p class=\"ds-markdown-paragraph\"><strong>Aplicaciones<\/strong><br \/>\n\u2714\u00a0<strong>Offshore platform construction<\/strong><br \/>\n\u2714\u00a0<strong>Boiler and heat exchanger manufacturing<\/strong><br \/>\n\u2714\u00a0<strong>Heavy machinery component welding<\/strong><\/p>\n<p><img decoding=\"async\" class=\"alignnone wp-image-812 size-full\" src=\"https:\/\/www.weldmc.com\/wp-content\/uploads\/2025\/05\/Adjustable-Welding-Rotator-HGK-5-Maintenance-of-Welding-Rotator-2.png\" alt=\"Adjustable Welding Rotator HGK-40\" width=\"368\" height=\"276\" srcset=\"https:\/\/www.weldmc.com\/wp-content\/uploads\/2025\/05\/Adjustable-Welding-Rotator-HGK-5-Maintenance-of-Welding-Rotator-2.png 368w, https:\/\/www.weldmc.com\/wp-content\/uploads\/2025\/05\/Adjustable-Welding-Rotator-HGK-5-Maintenance-of-Welding-Rotator-2-300x225.png 300w\" sizes=\"(max-width: 368px) 100vw, 368px\" \/><\/p>\n<p><strong><b>Mantenimiento del rotor de soldadura<\/b><\/strong><\/p>\n<p>1. Este rotador de soldadura necesita limpieza antes de ponerse en uso. Y para evitar el envejecimiento, los rodillos de goma deben mantenerse alejados de aceites y altas temperaturas. 2. Si es posible, debe haber una persona espec\u00edfica para operar y mantener este dispositivo.<br \/>\n2. Antes de arrancar, el reductor de velocidad debe estar lleno de aceite de motor 30#, lo que tambi\u00e9n es necesario cuando la temperatura ambiente es inferior a 0\u00baC.<br \/>\n3. El aceite del interior del reductor de velocidad debe cambiarse completamente despu\u00e9s del primer mes de uso, y posteriormente, el aceite del motor puede cambiarse cada seis meses.<br \/>\n4. El lecho de rodillos no puede utilizarse como suelo de soldadura para evitar que se da\u00f1en los rodamientos.<\/p>\n<p><img decoding=\"async\" class=\"alignnone wp-image-834 size-full\" src=\"https:\/\/www.weldmc.com\/wp-content\/uploads\/2025\/05\/Adjustable-Welding-Rotator.png\" alt=\"Adjustable Welding Rotator HGK-40\" width=\"1080\" height=\"810\" srcset=\"https:\/\/www.weldmc.com\/wp-content\/uploads\/2025\/05\/Adjustable-Welding-Rotator.png 1080w, https:\/\/www.weldmc.com\/wp-content\/uploads\/2025\/05\/Adjustable-Welding-Rotator-300x225.png 300w, https:\/\/www.weldmc.com\/wp-content\/uploads\/2025\/05\/Adjustable-Welding-Rotator-1024x768.png 1024w, https:\/\/www.weldmc.com\/wp-content\/uploads\/2025\/05\/Adjustable-Welding-Rotator-768x576.png 768w, https:\/\/www.weldmc.com\/wp-content\/uploads\/2025\/05\/Adjustable-Welding-Rotator-600x450.png 600w\" sizes=\"(max-width: 1080px) 100vw, 1080px\" \/><\/p>\n<p><strong>Caracter\u00edsticas del rotador de soldadura<\/strong><\/p>\n<ol>\n<li>La distancia de los rodillos se ajusta autom\u00e1ticamente para adaptarse a diferentes di\u00e1metros de barril.<br \/>\nLa velocidad se ajusta mediante un sistema de control de frecuencia, lo que aumenta la fiabilidad operativa.<br \/>\n3.Se garantiza un funcionamiento sencillo con una caja de control manual.<br \/>\n4.Disponible en m\u00faltiples configuraciones, incluidos los tipos m\u00f3vil y elevable.<br \/>\n5.Un lecho de rodillos especialmente dise\u00f1ado ofrece una mayor comodidad durante la soldadura.<br \/>\n6.Los rodillos pueden fabricarse con diversos materiales, como caucho negro, poliuretano y acero.<\/li>\n<\/ol>\n<p><img loading=\"lazy\" decoding=\"async\" class=\"alignnone wp-image-832 size-full\" src=\"https:\/\/www.weldmc.com\/wp-content\/uploads\/2025\/05\/\u56fe\u72473-scaled.jpg\" alt=\"Adjustable Welding Rotator HGK-40\" width=\"2560\" height=\"1920\" srcset=\"https:\/\/www.weldmc.com\/wp-content\/uploads\/2025\/05\/\u56fe\u72473-scaled.jpg 2560w, https:\/\/www.weldmc.com\/wp-content\/uploads\/2025\/05\/\u56fe\u72473-300x225.jpg 300w, https:\/\/www.weldmc.com\/wp-content\/uploads\/2025\/05\/\u56fe\u72473-1024x768.jpg 1024w, https:\/\/www.weldmc.com\/wp-content\/uploads\/2025\/05\/\u56fe\u72473-768x576.jpg 768w, https:\/\/www.weldmc.com\/wp-content\/uploads\/2025\/05\/\u56fe\u72473-1536x1152.jpg 1536w, https:\/\/www.weldmc.com\/wp-content\/uploads\/2025\/05\/\u56fe\u72473-2048x1536.jpg 2048w, https:\/\/www.weldmc.com\/wp-content\/uploads\/2025\/05\/\u56fe\u72473-600x450.jpg 600w\" sizes=\"(max-width: 2560px) 100vw, 2560px\" \/><\/p>\n<p><strong><b>Detalles del producto<\/b><\/strong><\/p>\n<table>\n<tbody>\n<tr>\n<td>- Dise\u00f1o de confianza<\/td>\n<td>- Calidad fiable<\/td>\n<\/tr>\n<tr>\n<td>- Piezas de renombre<\/td>\n<td>- Control del inversor<\/td>\n<\/tr>\n<tr>\n<td>- Sistema de transmisi\u00f3n directa<\/td>\n<td>- Opci\u00f3n de desplazamiento motorizado<\/td>\n<\/tr>\n<tr>\n<td>- Dise\u00f1o personalizado a medida<\/td>\n<td>- OEM<\/td>\n<\/tr>\n<\/tbody>\n<\/table>\n<p><strong><b>Introducci\u00f3n de la rueda<\/b><\/strong><\/p>\n<p>Las ruedas de poliuretano ofrecen una excepcional resistencia a la abrasi\u00f3n, un procesamiento vers\u00e1til, una amplia aplicabilidad y una resistencia superior al aceite, el ozono, el envejecimiento, la radiaci\u00f3n y las bajas temperaturas. Tambi\u00e9n ofrecen una fuerte adherencia, una excelente transmisi\u00f3n del sonido, biocompatibilidad y compatibilidad sangu\u00ednea.<\/p>\n<p><img loading=\"lazy\" decoding=\"async\" class=\"alignnone wp-image-815\" src=\"https:\/\/www.weldmc.com\/wp-content\/uploads\/2025\/05\/Adjustable-Welding-Rotator-HGK-5-Wheel-introduction-1.png\" alt=\"Adjustable Welding Rotator HGK-40\" width=\"243\" height=\"304\" srcset=\"https:\/\/www.weldmc.com\/wp-content\/uploads\/2025\/05\/Adjustable-Welding-Rotator-HGK-5-Wheel-introduction-1.png 358w, https:\/\/www.weldmc.com\/wp-content\/uploads\/2025\/05\/Adjustable-Welding-Rotator-HGK-5-Wheel-introduction-1-240x300.png 240w\" sizes=\"(max-width: 243px) 100vw, 243px\" \/> <img loading=\"lazy\" decoding=\"async\" class=\"alignnone wp-image-817\" src=\"https:\/\/www.weldmc.com\/wp-content\/uploads\/2025\/05\/Adjustable-Welding-Rotator-HGK-5-Wheel-introduction.png\" alt=\"Adjustable Welding Rotator HGK-40\" width=\"244\" height=\"306\" srcset=\"https:\/\/www.weldmc.com\/wp-content\/uploads\/2025\/05\/Adjustable-Welding-Rotator-HGK-5-Wheel-introduction.png 308w, https:\/\/www.weldmc.com\/wp-content\/uploads\/2025\/05\/Adjustable-Welding-Rotator-HGK-5-Wheel-introduction-239x300.png 239w\" sizes=\"(max-width: 244px) 100vw, 244px\" \/> <img loading=\"lazy\" decoding=\"async\" class=\"alignnone wp-image-816\" src=\"https:\/\/www.weldmc.com\/wp-content\/uploads\/2025\/05\/Adjustable-Welding-Rotator-HGK-5-Wheel-introduction-3.png\" alt=\"Adjustable Welding Rotator HGK-40\" width=\"543\" height=\"306\" srcset=\"https:\/\/www.weldmc.com\/wp-content\/uploads\/2025\/05\/Adjustable-Welding-Rotator-HGK-5-Wheel-introduction-3.png 2276w, https:\/\/www.weldmc.com\/wp-content\/uploads\/2025\/05\/Adjustable-Welding-Rotator-HGK-5-Wheel-introduction-3-300x169.png 300w, https:\/\/www.weldmc.com\/wp-content\/uploads\/2025\/05\/Adjustable-Welding-Rotator-HGK-5-Wheel-introduction-3-1024x576.png 1024w, https:\/\/www.weldmc.com\/wp-content\/uploads\/2025\/05\/Adjustable-Welding-Rotator-HGK-5-Wheel-introduction-3-768x432.png 768w, https:\/\/www.weldmc.com\/wp-content\/uploads\/2025\/05\/Adjustable-Welding-Rotator-HGK-5-Wheel-introduction-3-1536x864.png 1536w, https:\/\/www.weldmc.com\/wp-content\/uploads\/2025\/05\/Adjustable-Welding-Rotator-HGK-5-Wheel-introduction-3-2048x1152.png 2048w, https:\/\/www.weldmc.com\/wp-content\/uploads\/2025\/05\/Adjustable-Welding-Rotator-HGK-5-Wheel-introduction-3-600x337.png 600w\" sizes=\"(max-width: 543px) 100vw, 543px\" \/><\/p>\n<p><strong><b>Introducci\u00f3n del motor<\/b><\/strong><strong><b><br \/>\n<\/b><\/strong><strong><b><img loading=\"lazy\" decoding=\"async\" class=\"alignnone wp-image-820 size-full\" src=\"https:\/\/www.weldmc.com\/wp-content\/uploads\/2025\/05\/Motor-introduction.png\" alt=\"Adjustable Welding Rotator HGK-40\" width=\"695\" height=\"521\" srcset=\"https:\/\/www.weldmc.com\/wp-content\/uploads\/2025\/05\/Motor-introduction.png 695w, https:\/\/www.weldmc.com\/wp-content\/uploads\/2025\/05\/Motor-introduction-300x225.png 300w, https:\/\/www.weldmc.com\/wp-content\/uploads\/2025\/05\/Motor-introduction-600x450.png 600w\" sizes=\"(max-width: 695px) 100vw, 695px\" \/><\/b><\/strong><\/p>\n<p><img decoding=\"async\" src=\"https:\/\/www.weldmc.com\/wp-content\/uploads\/2025\/05\/Motor_1.png\" alt=\"Motor_1\" \/><\/p>\n<p class=\"ds-markdown-paragraph\"><strong>WUXI ABK 40-Ton Adjustable Height Welding Positioner Maintenance &amp; Service Guide<\/strong><\/p>\n<p class=\"ds-markdown-paragraph\"><strong>Pre-Operation Maintenance<\/strong><br \/>\nBefore operating the\u00a0<strong>40-ton adjustable height welding positioner<\/strong>, thoroughly clean all components to remove debris. The\u00a0<strong>high-grade rubber rollers<\/strong>\u00a0must be protected from oil exposure and temperatures exceeding 60\u00b0C to prevent premature aging. Assign certified personnel for operation and maintenance to ensure optimal performance of this\u00a0<strong>equipos de soldadura industrial<\/strong>.<\/p>\n<p class=\"ds-markdown-paragraph\"><strong>Lubrication &amp; Servicing<\/strong><\/p>\n<ul>\n<li>\n<p class=\"ds-markdown-paragraph\">Fill the\u00a0<strong>precision gear reducer<\/strong>\u00a0con\u00a0<strong>Aceite de motor 30#<\/strong>\u00a0(ISO VG 150 equivalent) before initial startup<\/p>\n<\/li>\n<li>\n<p class=\"ds-markdown-paragraph\">In sub-zero conditions (&lt;0\u00b0C), use\u00a0<strong>low-temperature synthetic lubricant<\/strong><\/p>\n<\/li>\n<li>\n<p class=\"ds-markdown-paragraph\">Replace oil after\u00a0<strong>30 days of operation<\/strong>, then\u00a0<strong>cada 500 horas de funcionamiento<\/strong>\u00a0(or 6 months)<\/p>\n<\/li>\n<li>\n<p class=\"ds-markdown-paragraph\">Para\u00a0<strong>heavy-duty positioners<\/strong>\u00a0handling\u00a0<strong>wind tower sections<\/strong>\u00a0o\u00a0<strong>pressure vessel components<\/strong>, conduct monthly grease replenishment<\/p>\n<\/li>\n<\/ul>\n<p class=\"ds-markdown-paragraph\"><strong>Critical Operational Protocols<\/strong><\/p>\n<ol start=\"1\">\n<li>\n<p class=\"ds-markdown-paragraph\"><strong>Nunca<\/strong>\u00a0use the\u00a0<strong>lecho rotatorio<\/strong>\u00a0as a welding ground \u2013 employ separate grounding clamps to protect\u00a0<strong>precision bearings<\/strong><\/p>\n<\/li>\n<li>\n<p class=\"ds-markdown-paragraph\">Monthly inspections of:<\/p>\n<ul>\n<li>\n<p class=\"ds-markdown-paragraph\"><strong>Hydraulic elevation system<\/strong>\u00a0(40-ton capacity)<\/p>\n<\/li>\n<li>\n<p class=\"ds-markdown-paragraph\"><strong>Anti-slip roller alignment<\/strong><\/p>\n<\/li>\n<li>\n<p class=\"ds-markdown-paragraph\"><strong>PLC control connections<\/strong><\/p>\n<\/li>\n<\/ul>\n<\/li>\n<\/ol>\n<p class=\"ds-markdown-paragraph\"><strong>Manufacturer Assurance<\/strong><br \/>\nWUXI ABK brings\u00a0<strong>20+ years of welding positioner expertise<\/strong>, delivering:<br \/>\n\u2713\u00a0<strong>Rango de capacidad de 5-400 toneladas<\/strong>\u00a0para\u00a0<strong>fabricaci\u00f3n de recipientes<\/strong>\u00a0y\u00a0<strong>soldadura estructural<\/strong><br \/>\n\u2713\u00a0<strong>Certificaci\u00f3n CE e ISO 9001<\/strong>\u00a0manufacturing processes<br \/>\n\u2713\u00a0<strong>2 a\u00f1os de garant\u00eda<\/strong>\u00a0on\u00a0<strong>reductores de engranajes<\/strong>\u00a0y\u00a0<strong>free wearing parts<\/strong>\u00a0replacement<br \/>\n\u2713\u00a0<strong>Asistencia t\u00e9cnica 24 horas al d\u00eda, 7 d\u00edas a la semana<\/strong>\u00a0para\u00a0<strong>offshore platform<\/strong>\u00a0y\u00a0<strong>wind turbine projects<\/strong><\/p>\n<p><img loading=\"lazy\" decoding=\"async\" class=\"alignnone wp-image-819 size-full\" src=\"https:\/\/www.weldmc.com\/wp-content\/uploads\/2025\/05\/Adjustable-Welding-Rotator-HGK.png\" alt=\"Adjustable Welding Rotator HGK-40\" width=\"1500\" height=\"1500\" srcset=\"https:\/\/www.weldmc.com\/wp-content\/uploads\/2025\/05\/Adjustable-Welding-Rotator-HGK.png 1500w, https:\/\/www.weldmc.com\/wp-content\/uploads\/2025\/05\/Adjustable-Welding-Rotator-HGK-300x300.png 300w, https:\/\/www.weldmc.com\/wp-content\/uploads\/2025\/05\/Adjustable-Welding-Rotator-HGK-1024x1024.png 1024w, https:\/\/www.weldmc.com\/wp-content\/uploads\/2025\/05\/Adjustable-Welding-Rotator-HGK-150x150.png 150w, https:\/\/www.weldmc.com\/wp-content\/uploads\/2025\/05\/Adjustable-Welding-Rotator-HGK-768x768.png 768w, https:\/\/www.weldmc.com\/wp-content\/uploads\/2025\/05\/Adjustable-Welding-Rotator-HGK-500x500.png 500w, https:\/\/www.weldmc.com\/wp-content\/uploads\/2025\/05\/Adjustable-Welding-Rotator-HGK-600x600.png 600w, https:\/\/www.weldmc.com\/wp-content\/uploads\/2025\/05\/Adjustable-Welding-Rotator-HGK-100x100.png 100w\" sizes=\"(max-width: 1500px) 100vw, 1500px\" \/><\/p>\n<p>Wuxi ABK Machinery Co.Ltd es un fabricante profesional de rotador de soldadura en China. Y nuestro rotador de soldadura incluye principalmente rotador de soldadura est\u00e1ndar, rotador de soldadura ajustable y rotador de soldadura especial. Tambi\u00e9n podemos ofrecer a nuestros clientes en todo el mundo muchos otros productos, incluyendo la plataforma giratoria de soldadura, m\u00e1quina de soldadura de pilotes, l\u00ednea de producci\u00f3n de torres e\u00f3licas, l\u00ednea de soldadura de vigas H, equipos de soldadura de tuber\u00edas, m\u00e1quina de corte CNC, m\u00e1quina rectificadora, m\u00e1quina perfiladora, m\u00e1quina curvadora de placas, etc. Hemos obtenido la certificaci\u00f3n ISO y CE, y tambi\u00e9n ofrecemos servicio OEM.<\/p>\n<p>&nbsp;<\/p>","protected":false},"excerpt":{"rendered":"<p><strong>Rotador de soldadura ajustable WUXI ABK de 40 toneladas<\/strong>\u00a0ofrece una rotaci\u00f3n de precisi\u00f3n para aplicaciones industriales pesadas como\u00a0<strong>fabricaci\u00f3n de recipientes a presi\u00f3n<\/strong>\u00a0y\u00a0<strong>soldadura de torres e\u00f3licas<\/strong>. En\u00a0<strong>ajuste hidr\u00e1ulico de altura<\/strong>,\u00a0<strong>rodillos antideslizantes<\/strong>y\u00a0<strong>Control PLC<\/strong>Este\u00a0<strong>Posicionador con certificaci\u00f3n CE<\/strong>\u00a0garantiza un rendimiento estable con una precisi\u00f3n de \u00b10,2\u00ba. Ideal para\u00a0<strong>construcci\u00f3n naval<\/strong>\u00a0y\u00a0<strong>acero estructural<\/strong>\u00a0proyectos.<\/p>","protected":false},"featured_media":2134,"comment_status":"open","ping_status":"closed","template":"","meta":{"_acf_changed":false},"product_brand":[],"product_cat":[21,39,30],"product_tag":[],"class_list":{"0":"post-867","1":"product","2":"type-product","3":"status-publish","4":"has-post-thumbnail","6":"product_cat-welding-automation","7":"product_cat-adjustable-welding-rotator","8":"product_cat-welding-rotator","10":"first","11":"instock","12":"shipping-taxable","13":"product-type-simple"},"acf":[],"_links":{"self":[{"href":"https:\/\/www.weldmc.com\/es\/wp-json\/wp\/v2\/product\/867","targetHints":{"allow":["GET"]}}],"collection":[{"href":"https:\/\/www.weldmc.com\/es\/wp-json\/wp\/v2\/product"}],"about":[{"href":"https:\/\/www.weldmc.com\/es\/wp-json\/wp\/v2\/types\/product"}],"replies":[{"embeddable":true,"href":"https:\/\/www.weldmc.com\/es\/wp-json\/wp\/v2\/comments?post=867"}],"wp:featuredmedia":[{"embeddable":true,"href":"https:\/\/www.weldmc.com\/es\/wp-json\/wp\/v2\/media\/2134"}],"wp:attachment":[{"href":"https:\/\/www.weldmc.com\/es\/wp-json\/wp\/v2\/media?parent=867"}],"wp:term":[{"taxonomy":"product_brand","embeddable":true,"href":"https:\/\/www.weldmc.com\/es\/wp-json\/wp\/v2\/product_brand?post=867"},{"taxonomy":"product_cat","embeddable":true,"href":"https:\/\/www.weldmc.com\/es\/wp-json\/wp\/v2\/product_cat?post=867"},{"taxonomy":"product_tag","embeddable":true,"href":"https:\/\/www.weldmc.com\/es\/wp-json\/wp\/v2\/product_tag?post=867"}],"curies":[{"name":"wp","href":"https:\/\/api.w.org\/{rel}","templated":true}]}}