{"id":865,"date":"2025-05-24T20:43:16","date_gmt":"2025-05-24T12:43:16","guid":{"rendered":"http:\/\/111.170.148.214:8095\/?post_type=product&#038;p=865"},"modified":"2025-10-13T16:21:22","modified_gmt":"2025-10-13T08:21:22","slug":"equipo-posicionador-de-soldadura-regulable-30-toneladas","status":"publish","type":"product","link":"https:\/\/www.weldmc.com\/es\/product\/equipo-posicionador-de-soldadura-regulable-30-toneladas\/","title":{"rendered":"Equipo posicionador de soldadura ajustable 30 toneladas"},"content":{"rendered":"<p>Posicionador de altura regulable de 30 toneladas Mesa de par\u00e1metros<\/p>\n<table>\n<tbody>\n<tr>\n<td colspan=\"3\" width=\"474\"><strong>Modelo<\/strong><\/td>\n<td width=\"485\"><strong>L<\/strong><strong>HBJ-<\/strong><strong>30 con elevaci\u00f3n<\/strong><\/td>\n<\/tr>\n<tr>\n<td width=\"318\"><strong>Capacidad de carga<\/strong><\/td>\n<td width=\"78\">(KG)<\/td>\n<td width=\"77\"><\/td>\n<td width=\"485\">3000<\/td>\n<\/tr>\n<tr>\n<td width=\"318\"><strong>Velocidad de rotaci\u00f3n<\/strong><\/td>\n<td width=\"78\">(RPM)<\/td>\n<td width=\"77\"><\/td>\n<td width=\"485\">0.05-0.5<\/td>\n<\/tr>\n<tr>\n<td width=\"318\"><strong>\u00a0Velocidad de rotaci\u00f3n<\/strong><\/td>\n<td width=\"78\">(RPM)<\/td>\n<td width=\"77\"><\/td>\n<td width=\"485\">0.06<\/td>\n<\/tr>\n<tr>\n<td width=\"318\"><strong>\u00c1ngulo de giro<\/strong><\/td>\n<td width=\"78\">(\u00b0)<\/td>\n<td width=\"77\"><\/td>\n<td width=\"485\">0-360<\/td>\n<\/tr>\n<tr>\n<td width=\"318\"><strong>Rotaci\u00f3n A<\/strong><strong>ngle<\/strong><\/td>\n<td width=\"78\">(\u00b0)<\/td>\n<td width=\"77\"><\/td>\n<td width=\"485\">0~360<\/td>\n<\/tr>\n<tr>\n<td width=\"318\"><strong>Tama\u00f1o de la mesa de trabajo<\/strong><strong>\u00a0Di\u00e1metro<\/strong><\/td>\n<td width=\"78\">(MM)<\/td>\n<td width=\"77\"><\/td>\n<td width=\"485\">600<\/td>\n<\/tr>\n<tr>\n<td width=\"318\"><strong>L longitud del soporte<\/strong><\/td>\n<td width=\"78\">(MM)<\/td>\n<td width=\"77\"><\/td>\n<td width=\"485\">800<\/td>\n<\/tr>\n<tr>\n<td width=\"318\"><strong>Altura m\u00ednima de la mesa de trabajo<\/strong><\/td>\n<td width=\"78\">(MM)<\/td>\n<td width=\"77\"><\/td>\n<td width=\"485\">1000<\/td>\n<\/tr>\n<tr>\n<td width=\"318\"><strong>Altura m\u00e1xima de la mesa de trabajo<\/strong><\/td>\n<td width=\"78\">(MM)<\/td>\n<td width=\"77\"><\/td>\n<td width=\"485\">2000<\/td>\n<\/tr>\n<tr>\n<td width=\"318\"><strong>Fuente de alimentaci\u00f3n<\/strong><\/td>\n<td width=\"78\">(V)<\/td>\n<td width=\"77\">50Hz 3\u0278<\/td>\n<td width=\"485\">380 (Determinado en funci\u00f3n de las necesidades del cliente)<\/td>\n<\/tr>\n<tr>\n<td width=\"318\"><strong>Tipo regulador de velocidad<\/strong><\/td>\n<td width=\"78\"><\/td>\n<td width=\"77\"><\/td>\n<td width=\"485\">Regulaci\u00f3n continua de la velocidad de la frecuencia de CA<\/td>\n<\/tr>\n<tr>\n<td colspan=\"4\" width=\"960\">Nota: Todas las especificaciones corresponden al equipamiento est\u00e1ndar, que puede modificarse seg\u00fan las necesidades del cliente.<\/td>\n<\/tr>\n<\/tbody>\n<\/table>\n<p>1.Rodamiento giratorio<\/p>\n<p><img fetchpriority=\"high\" decoding=\"async\" class=\"alignnone wp-image-876\" src=\"http:\/\/111.170.148.214:8095\/wp-content\/uploads\/2025\/05\/Slewing-bearing.jpg\" alt=\"Rodamiento giratorio\" width=\"800\" height=\"746\" \/><\/p>\n<p>El rodamiento giratorio es un componente de soporte de carga cr\u00edtico que permite la rotaci\u00f3n relativa entre las piezas de la m\u00e1quina y, al mismo tiempo, gestiona las fuerzas axiales, radiales y de momento de vuelco. Su dise\u00f1o compacto y ligero, fabricado en acero de aleaci\u00f3n de alta resistencia, garantiza un funcionamiento suave con gran precisi\u00f3n (\u00b10,05\u00b0 de exactitud de rotaci\u00f3n) y una larga vida \u00fatil. Las configuraciones clave incluyen orificios para pernos de montaje, engranajes internos\/externos opcionales, puertos de lubricaci\u00f3n y sistemas de sellado para mejorar la fiabilidad. Con una gama de di\u00e1metros de 300-5000 mm y una capacidad de carga de hasta 50.000 kN, se utiliza ampliamente en maquinaria de construcci\u00f3n, turbinas e\u00f3licas, gr\u00faas y equipos militares. Hay dise\u00f1os personalizados disponibles para aplicaciones especializadas.<\/p>\n<ol start=\"2\">\n<li>Engranaje<\/li>\n<\/ol>\n<p>1). Marcha atr\u00e1s<\/p>\n<p><img decoding=\"async\" class=\"alignnone wp-image-882\" src=\"http:\/\/111.170.148.214:8095\/wp-content\/uploads\/2025\/05\/Gear-2.jpg\" alt=\"Engranaje-2\" width=\"800\" height=\"601\" \/><\/p>\n<p>Generalmente, el \u00e1ngulo de giro del engranaje de giro es de 0 \u00b0 a 90 \u00b0. La funci\u00f3n de desplazamiento se consigue girando la mesa.<\/p>\n<p>2). Marcha atr\u00e1s<\/p>\n<p><img decoding=\"async\" class=\"alignnone wp-image-883\" src=\"http:\/\/111.170.148.214:8095\/wp-content\/uploads\/2025\/05\/Reverse-Gear-1.jpg\" alt=\"Marcha atr\u00e1s-1\" width=\"800\" height=\"600\" \/> <img loading=\"lazy\" decoding=\"async\" class=\"alignnone wp-image-881\" src=\"http:\/\/111.170.148.214:8095\/wp-content\/uploads\/2025\/05\/Reverse-Gear.jpg\" alt=\"Marcha atr\u00e1s\" width=\"800\" height=\"600\" \/> <img loading=\"lazy\" decoding=\"async\" class=\"alignnone wp-image-878\" src=\"http:\/\/111.170.148.214:8095\/wp-content\/uploads\/2025\/05\/Gear-1.jpg\" alt=\"Engranaje-1\" width=\"800\" height=\"598\" \/><\/p>\n<p>Los engranajes son componentes mec\u00e1nicos dentados que transmiten el par mediante el engranaje con otros elementos, como cremalleras, tornillos sinf\u00edn o engranajes adicionales, lo que permite un control preciso de la transmisi\u00f3n de potencia modificando las relaciones velocidad\/par, redirigiendo las trayectorias de movimiento y convirtiendo los tipos de movimiento (por ejemplo, de rotativo a lineal). El dise\u00f1o de sus dientes entrelazados proporciona una transferencia de fuerza fiable al tiempo que permite una ventaja mec\u00e1nica personalizable en diversas aplicaciones industriales.<\/p>\n<p>3.Reductor<\/p>\n<p><img loading=\"lazy\" decoding=\"async\" class=\"alignnone size-full wp-image-879\" src=\"http:\/\/111.170.148.214:8095\/wp-content\/uploads\/2025\/05\/Reducer.jpg\" alt=\"Reductor\" width=\"750\" height=\"496\" \/><\/p>\n<p>Los reductores de engranajes son dispositivos mec\u00e1nicos de transmisi\u00f3n de potencia que utilizan sistemas de engranajes de precisi\u00f3n para reducir la velocidad de entrada y aumentar proporcionalmente el par de salida, siendo el par de salida el producto del par del motor y la relaci\u00f3n de transmisi\u00f3n (sin superar la capacidad nominal del reductor). Estos sistemas reducen simult\u00e1neamente la inercia de la carga al cuadrado de la relaci\u00f3n de reducci\u00f3n, lo que permite optimizar la conversi\u00f3n de potencia para diversas aplicaciones industriales mediante un engranaje eficaz.<\/p>\n<p><img loading=\"lazy\" decoding=\"async\" class=\"alignnone wp-image-875\" src=\"http:\/\/111.170.148.214:8095\/wp-content\/uploads\/2025\/05\/Motor.jpg\" alt=\"Motor\" width=\"800\" height=\"312\" \/> <img loading=\"lazy\" decoding=\"async\" class=\"alignnone wp-image-877\" src=\"http:\/\/111.170.148.214:8095\/wp-content\/uploads\/2025\/05\/Motor-1.jpg\" alt=\"Motor-1\" width=\"800\" height=\"601\" \/><\/p>\n<p class=\"ds-markdown-paragraph\"><strong>Protocolo integral de mantenimiento<\/strong><br \/>\nEl cuidado adecuado de nuestros\u00a0<strong>Posicionador de soldadura ajustable de 30 toneladas<\/strong>\u00a0garantiza un rendimiento \u00f3ptimo en\u00a0<strong>fabricaci\u00f3n de recipientes a presi\u00f3n<\/strong>,\u00a0<strong>soldadura de acero estructural<\/strong>y\u00a0<strong>fabricaci\u00f3n de equipos pesados<\/strong>. El mantenimiento diario debe incluir la eliminaci\u00f3n de\u00a0<strong>escoria de soldadura<\/strong>\u00a0dep\u00f3sitos y verificaci\u00f3n de\u00a0<strong>niveles de lubricaci\u00f3n<\/strong>\u00a0en todos\u00a0<strong>reductores de engranajes<\/strong>junto con\u00a0<strong>comprobaciones de seguridad el\u00e9ctrica<\/strong>\u00a0sobre sistemas de control.<\/p>\n<p class=\"ds-markdown-paragraph\">Para\u00a0<strong>ciclos regulares de mantenimiento<\/strong>\u00a0(recomendado cada 250 horas de funcionamiento):<br \/>\n\u2713 Apriete todos\u00a0<strong>pernos de alta resistencia<\/strong>\u00a0a especificaciones de par de 90-110Nm<br \/>\n\u2713 Inspeccionar\u00a0<strong>transmisi\u00f3n por tornillo sin fin<\/strong>\u00a0componentes de desgaste<br \/>\n\u2713 Prueba de parada de emergencia y\u00a0<strong>protecci\u00f3n contra sobrecarga<\/strong>\u00a0funciones<\/p>\n<p class=\"ds-markdown-paragraph\"><strong>Mantenimiento anual en profundidad<\/strong>\u00a0requiere:<\/p>\n<ul>\n<li>\n<p class=\"ds-markdown-paragraph\">Sustituci\u00f3n de\u00a0<strong>componentes propensos al desgaste<\/strong>\u00a0(rodamientos, juntas)<\/p>\n<\/li>\n<li>\n<p class=\"ds-markdown-paragraph\">Complete\u00a0<strong>relubricaci\u00f3n<\/strong>\u00a0de todas las piezas m\u00f3viles con grasa Mobilith SHC 220<\/p>\n<\/li>\n<li>\n<p class=\"ds-markdown-paragraph\">Completo\u00a0<strong>recalibrado del sistema<\/strong>\u00a0para mantener una precisi\u00f3n de posicionamiento de \u00b10,5<\/p>\n<\/li>\n<\/ul>\n<p class=\"ds-markdown-paragraph\"><strong>Alertas de seguridad operativa<\/strong><br \/>\nDetenga inmediatamente el funcionamiento si lo detecta:<br \/>\n-\u00a0<strong>Ruido anormal<\/strong>\u00a0de los sistemas de transmisi\u00f3n (lo que indica posibles da\u00f1os en los engranajes)<br \/>\n-\u00a0<strong>Rotaci\u00f3n desigual<\/strong>\u00a0(sugiere problemas de alineaci\u00f3n de los rodillos)<br \/>\n-\u00a0<strong>Fallos el\u00e9ctricos<\/strong>\u00a0en el\u00a0<strong>Control PLC Siemens<\/strong>\u00a0interfaz<\/p>\n<p class=\"ds-markdown-paragraph\"><strong>Ventajas de mantenimiento demostradas<\/strong><br \/>\nNuestro protocolo cumple:<br \/>\n\u2713\u00a0<strong>Vida \u00fatil prolongada 30%<\/strong>\u00a0para\u00a0<strong>posicionadores de soldadura industrial<\/strong><br \/>\n\u2713\u00a0<strong>Reducci\u00f3n 50%<\/strong>\u00a0en tiempos de inactividad imprevistos<br \/>\n\u2713 Coherente\u00a0<strong>precisi\u00f3n de soldadura<\/strong>\u00a0(\u00b10,2 mm de repetibilidad)<\/p>\n<p class=\"ds-markdown-paragraph\"><strong>Certificaciones e innovaci\u00f3n<\/strong><br \/>\nCada\u00a0<strong>Posicionador ajustable ABK<\/strong>\u00a0lleva:<\/p>\n<ul>\n<li>\n<p class=\"ds-markdown-paragraph\"><strong>Certificaci\u00f3n CE e ISO 9001<\/strong>\u00a0para maquinaria de soldadura<\/p>\n<\/li>\n<li>\n<p class=\"ds-markdown-paragraph\"><strong>Opciones antideflagrantes<\/strong>\u00a0(compatible con ATEX Zona 2)<\/p>\n<\/li>\n<li>\n<p class=\"ds-markdown-paragraph\"><strong>Preparado para IoT<\/strong>\u00a0interfaces para\u00a0<strong>integraci\u00f3n de f\u00e1bricas inteligentes<\/strong><\/p>\n<\/li>\n<\/ul>\n<p><img loading=\"lazy\" decoding=\"async\" class=\"alignnone size-full wp-image-880\" src=\"http:\/\/111.170.148.214:8095\/wp-content\/uploads\/2025\/05\/Product-certification.jpg\" alt=\"Certificaci\u00f3n de productos\" width=\"832\" height=\"832\" \/><br \/>\nWuxi ABK Machinery Co.Ltd es un fabricante profesional de rotador de soldadura en China. Y nuestro rotador de soldadura incluye principalmente rotador de soldadura est\u00e1ndar, rotador de soldadura ajustable y rotador de soldadura especial. Tambi\u00e9n podemos ofrecer a nuestros clientes en todo el mundo muchos otros productos, incluyendo la plataforma giratoria de soldadura, m\u00e1quina de soldadura de pilotes, l\u00ednea de producci\u00f3n de torres e\u00f3licas, l\u00ednea de soldadura de vigas H, equipos de soldadura de tuber\u00edas, m\u00e1quina de corte CNC, m\u00e1quina rectificadora, m\u00e1quina perfiladora, m\u00e1quina curvadora de placas, etc. Hemos obtenido la certificaci\u00f3n ISO y CE, y tambi\u00e9n ofrecemos servicio OEM.<\/p>","protected":false},"excerpt":{"rendered":"<p><strong>Posicionador de altura ajustable WUXI ABK de 30 toneladas<\/strong>\u00a0ofrece una rotaci\u00f3n de precisi\u00f3n para\u00a0<strong>aplicaciones de soldadura industrial<\/strong>. En\u00a0<strong>ajuste hidr\u00e1ulico de altura<\/strong>\u00a0(300 mm de alcance) y\u00a0<strong>Precisi\u00f3n de inclinaci\u00f3n de \u00b10,5<\/strong>se encarga de\u00a0<strong>recipientes a presi\u00f3n<\/strong>,\u00a0<strong>acero estructural<\/strong>y\u00a0<strong>componentes de torres e\u00f3licas<\/strong>. En\u00a0<strong>Control PLC Siemens<\/strong>\u00a0y\u00a0<strong>accionamiento de doble motor<\/strong>\u00a0(0,5-5 RPM), este\u00a0<strong>Posicionador con certificaci\u00f3n CE<\/strong>\u00a0garantiza un rendimiento estable en\u00a0<strong>fabricaci\u00f3n pesada<\/strong>.<\/p>","protected":false},"featured_media":1504,"comment_status":"open","ping_status":"closed","template":"","meta":{"_acf_changed":false},"product_brand":[],"product_cat":[21,33,29],"product_tag":[],"class_list":{"0":"post-865","1":"product","2":"type-product","3":"status-publish","4":"has-post-thumbnail","6":"product_cat-welding-automation","7":"product_cat-adjustable-height-positioner","8":"product_cat-welding-positioner","10":"first","11":"instock","12":"shipping-taxable","13":"product-type-simple"},"acf":[],"_links":{"self":[{"href":"https:\/\/www.weldmc.com\/es\/wp-json\/wp\/v2\/product\/865","targetHints":{"allow":["GET"]}}],"collection":[{"href":"https:\/\/www.weldmc.com\/es\/wp-json\/wp\/v2\/product"}],"about":[{"href":"https:\/\/www.weldmc.com\/es\/wp-json\/wp\/v2\/types\/product"}],"replies":[{"embeddable":true,"href":"https:\/\/www.weldmc.com\/es\/wp-json\/wp\/v2\/comments?post=865"}],"wp:featuredmedia":[{"embeddable":true,"href":"https:\/\/www.weldmc.com\/es\/wp-json\/wp\/v2\/media\/1504"}],"wp:attachment":[{"href":"https:\/\/www.weldmc.com\/es\/wp-json\/wp\/v2\/media?parent=865"}],"wp:term":[{"taxonomy":"product_brand","embeddable":true,"href":"https:\/\/www.weldmc.com\/es\/wp-json\/wp\/v2\/product_brand?post=865"},{"taxonomy":"product_cat","embeddable":true,"href":"https:\/\/www.weldmc.com\/es\/wp-json\/wp\/v2\/product_cat?post=865"},{"taxonomy":"product_tag","embeddable":true,"href":"https:\/\/www.weldmc.com\/es\/wp-json\/wp\/v2\/product_tag?post=865"}],"curies":[{"name":"wp","href":"https:\/\/api.w.org\/{rel}","templated":true}]}}