{"id":850,"date":"2025-05-24T20:02:38","date_gmt":"2025-05-24T12:02:38","guid":{"rendered":"http:\/\/111.170.148.214:8095\/?post_type=product&#038;p=850"},"modified":"2025-10-13T16:29:23","modified_gmt":"2025-10-13T08:29:23","slug":"mesa-de-posicionamiento-de-triple-eje-5-toneladas","status":"publish","type":"product","link":"https:\/\/www.weldmc.com\/es\/product\/mesa-de-posicionamiento-de-triple-eje-5-toneladas\/","title":{"rendered":"Mesa de posicionamiento de triple eje 5 toneladas"},"content":{"rendered":"<p>Tabla de par\u00e1metros del posicionador de 3 ejes de 5 toneladas<\/p>\n<p>&nbsp;<\/p>\n<p><img decoding=\"async\" src=\"https:\/\/www.weldmc.com\/wp-content\/uploads\/2025\/05\/5-Tons-3-Axis-Positioner_2.png\" alt=\"5 Toneladas Posicionador de 3 ejes_2\" \/><\/p>\n<p class=\"ds-markdown-paragraph\"><strong>Control multieje de precisi\u00f3n<\/strong><br \/>\nEl WUXI ABK\u00a0<strong>Posicionador de soldadura de 3 ejes de 5 toneladas<\/strong>\u00a0ofrece una maniobrabilidad excepcional con\u00a0<strong>giro (180\u00b0), rotaci\u00f3n (360\u00b0 continuos) e inclinaci\u00f3n (0-90\u00b0)<\/strong>\u00a0movimientos. Dise\u00f1ado para\u00a0<strong>integraci\u00f3n de soldadura robotizada<\/strong>consigue\u00a0<strong>Precisi\u00f3n de posicionamiento de \u00b10,05 mm<\/strong>\u00a0y\u00a0<strong>Repetibilidad de 0,02 mm<\/strong>por lo que es ideal para\u00a0<strong>fabricaci\u00f3n de precisi\u00f3n<\/strong>\u00a0de\u00a0<strong>recipientes a presi\u00f3n, componentes estructurales y piezas de automoci\u00f3n<\/strong>.<\/p>\n<p class=\"ds-markdown-paragraph\"><strong>Construcci\u00f3n resistente<\/strong><br \/>\nConstruido con un\u00a0<strong>base de fundici\u00f3n integral<\/strong>Este\u00a0<strong>posicionador industrial<\/strong>\u00a0asas\u00a0<strong>cargas din\u00e1micas de hasta 5 toneladas<\/strong>\u00a0manteniendo la estabilidad. Componentes de primera calidad incluyen:<\/p>\n<ul>\n<li>\n<p class=\"ds-markdown-paragraph\"><strong>Gu\u00edas lineales THK de Jap\u00f3n<\/strong>\u00a0para un control suave del movimiento<\/p>\n<\/li>\n<li>\n<p class=\"ds-markdown-paragraph\"><strong>Alemania Reductores SEW<\/strong>\u00a0garantizar la precisi\u00f3n del par<\/p>\n<\/li>\n<li>\n<p class=\"ds-markdown-paragraph\"><strong>Bastidor de acero reforzado<\/strong>\u00a0para la resistencia a las vibraciones<\/p>\n<\/li>\n<\/ul>\n<p class=\"ds-markdown-paragraph\"><strong>Seguridad y automatizaci\u00f3n inteligentes<\/strong><br \/>\nEn\u00a0<strong>posicionador de soldadura<\/strong>\u00a0caracter\u00edsticas:<br \/>\n\u2713\u00a0<strong>Protecci\u00f3n contra sobrecargas<\/strong>\u00a0con apagado autom\u00e1tico<br \/>\n\u2713\u00a0<strong>&lt;0,1s frenado de emergencia<\/strong><br \/>\n\u2713\u00a0<strong>Control dual PLC\/pantalla t\u00e1ctil<\/strong>\u00a0para un funcionamiento flexible<br \/>\n\u2713\u00a0<strong>Compatibilidad con robots ABB\/KUKA<\/strong>\u00a0para\u00a0<strong>c\u00e9lulas de soldadura automatizadas<\/strong><\/p>\n<p class=\"ds-markdown-paragraph\"><strong>Aplicaciones<\/strong><br \/>\nPerfecto para\u00a0<strong>dispositivos aeroespaciales, plantillas para la construcci\u00f3n naval y fabricaci\u00f3n de maquinaria pesada<\/strong>Este\u00a0<strong>Posicionador de 3 ejes<\/strong>\u00a0se adapta a\u00a0<strong>Soldadura MIG, TIG y por arco sumergido<\/strong>.<\/p>\n<p><b><\/b><strong><b>1.Rodamiento giratorio<\/b><\/strong><br \/>\n<img decoding=\"async\" src=\"https:\/\/www.weldmc.com\/wp-content\/uploads\/2025\/05\/Slewing-bearing.png\" alt=\"Rodamiento giratorio\" \/><br \/>\nEl rodamiento de giro es el elemento b\u00e1sico de fuerza de la m\u00e1quina, que requiere la rotaci\u00f3n relativa entre las dos partes y soporta la fuerza axial, la fuerza radial y el momento de vuelco al mismo tiempo.su funci\u00f3n b\u00e1sica es utilizar pernos para fijarlo en los soportes superior e inferior del equipo mec\u00e1nico para transmitir la fuerza y la unidad a fin de realizar la rotaci\u00f3n relativa entre las dos partes del equipo mec\u00e1nico.el soporte giratorio generalmente tiene orificios de instalaci\u00f3n, engranajes internos o externos, orificios de lubricaci\u00f3n y dispositivos de sellado. Tiene las caracter\u00edsticas de estructura compacta, peso ligero, buen acero estructural, funcionamiento suave, alta precisi\u00f3n, seguridad y fiabilidad.<br \/>\nEl rodamiento giratorio es una parte b\u00e1sica del equipo mec\u00e1nico y ampliamente utilizado en varias industrias de la econom\u00eda nacional. Es ampliamente utilizado en maquinaria de construcci\u00f3n, maquinaria portuaria, maquinaria metal\u00fargica, maquinaria minera, maquinaria de petr\u00f3leo, maquinaria qu\u00edmica, equipos m\u00e9dicos, maquinaria naval, maquinaria industrial ligera, maquinaria de protecci\u00f3n del medio ambiente, equipos de entretenimiento, equipos de maquinaria de transporte.soportes de oscilaci\u00f3n se utilizan cada vez m\u00e1s en proyectos de ahorro de energ\u00eda y protecci\u00f3n del medio ambiente, tales como turbinas de viento que requieren una variedad de kits de soporte de oscilaci\u00f3n del poste de precisi\u00f3n.<\/p>\n<p><strong><b>2.Gear<\/b><\/strong><br \/>\n<img decoding=\"async\" src=\"https:\/\/www.weldmc.com\/wp-content\/uploads\/2025\/05\/Gear_1.png\" alt=\"Engranaje_1\" \/><br \/>\nEl engranaje es una pieza mec\u00e1nica parecida a una rueda que transmite el par mediante el engranaje de los dientes. Mediante la transmisi\u00f3n con otras piezas mec\u00e1nicas dentadas (como otro engranaje, la cremallera Dao y el tornillo sin fin), el engranaje puede cambiar la velocidad y el par, cambiar la direcci\u00f3n del movimiento y cambiar la forma del movimiento.<br \/>\n<img decoding=\"async\" src=\"https:\/\/www.weldmc.com\/wp-content\/uploads\/2025\/05\/Gear_2.png\" alt=\"Engranaje_2\" \/><br \/>\n<strong><b>3.Reductor<\/b><\/strong><br \/>\n<img decoding=\"async\" src=\"https:\/\/www.weldmc.com\/wp-content\/uploads\/2025\/05\/Reducer.png\" alt=\"Reductor\" \/><br \/>\nEl reductor es un tipo de mecanismo de transmisi\u00f3n de potencia, que utiliza el convertidor de velocidad de engranaje para reducir el n\u00famero de rotaci\u00f3n del motor al n\u00famero de rotaci\u00f3n requerido y obtener una estructura con gran par.<br \/>\nFunci\u00f3n del reductor:Reducir la velocidad y aumentar el par de salida al mismo tiempo. La relaci\u00f3n de salida de par se multiplica por la relaci\u00f3n de deceleraci\u00f3n de salida del motor, pero no deber\u00e1 superar el par nominal del reductor.Al mismo tiempo, la inercia del lo.ad se reduce al cuadrado de la relaci\u00f3n de deceleraci\u00f3n.<br \/>\n<strong><b>4.Motor<\/b><\/strong><\/p>\n<p><img decoding=\"async\" src=\"https:\/\/www.weldmc.com\/wp-content\/uploads\/2025\/05\/Motor_1.png\" alt=\"Motor_1\" \/> <img decoding=\"async\" src=\"https:\/\/www.weldmc.com\/wp-content\/uploads\/2025\/05\/Motor_2.png\" alt=\"Motor_2\" \/><\/p>\n<p>&nbsp;<\/p>\n<p class=\"ds-markdown-paragraph\"><strong>Gu\u00eda de mantenimiento y servicio del posicionador de soldadura de 3 ejes WUXI ABK de 5 toneladas<\/strong><\/p>\n<p class=\"ds-markdown-paragraph\">Mantenimiento adecuado de nuestro\u00a0<strong>Posicionador de soldadura de 3 ejes de 5 toneladas<\/strong>\u00a0garantiza un rendimiento \u00f3ptimo para\u00a0<strong>aplicaciones de soldadura de precisi\u00f3n<\/strong>\u00a0en\u00a0<strong>fabricaci\u00f3n de autom\u00f3viles<\/strong>,\u00a0<strong>fabricaci\u00f3n de recipientes a presi\u00f3n<\/strong>y\u00a0<strong>montaje de acero estructural<\/strong>. Este\u00a0<strong>posicionador industrial<\/strong>\u00a0con\u00a0<strong>\u00b10,5\u00b0 de precisi\u00f3n de inclinaci\u00f3n-rotaci\u00f3n<\/strong>\u00a0requiere un cuidado sistem\u00e1tico para mantener su\u00a0<strong>Capacidad de sincronizaci\u00f3n CNC<\/strong>\u00a0y\u00a0<strong>fiabilidad a largo plazo<\/strong>.<\/p>\n<p class=\"ds-markdown-paragraph\"><strong>Procedimientos b\u00e1sicos de mantenimiento<\/strong><\/p>\n<ol start=\"1\">\n<li>\n<p class=\"ds-markdown-paragraph\"><strong>Cuidado diario<\/strong><\/p>\n<ul>\n<li>\n<p class=\"ds-markdown-paragraph\">Eliminar\u00a0<strong>salpicaduras de soldadura<\/strong>\u00a0y escombros del\u00a0<strong>Plataforma giratoria de 3 ejes<\/strong><\/p>\n<\/li>\n<li>\n<p class=\"ds-markdown-paragraph\">Verificar los niveles de lubricaci\u00f3n en el\u00a0<strong>reductor de tornillo sin fin<\/strong><\/p>\n<\/li>\n<li>\n<p class=\"ds-markdown-paragraph\">Inspeccione las conexiones el\u00e9ctricas y\u00a0<strong>servomotor<\/strong>\u00a0rendimiento<\/p>\n<\/li>\n<\/ul>\n<\/li>\n<li>\n<p class=\"ds-markdown-paragraph\"><strong>Mantenimiento programado<\/strong><\/p>\n<ul>\n<li>\n<p class=\"ds-markdown-paragraph\">Mensualmente: Apriete todos\u00a0<strong>elementos de fijaci\u00f3n de alta resistencia<\/strong>\u00a0(85-110Nm de par)<\/p>\n<\/li>\n<li>\n<p class=\"ds-markdown-paragraph\">Trimestral: Prueba\u00a0<strong>funciones de parada de emergencia<\/strong>\u00a0y\u00a0<strong>interruptores de fin de carrera<\/strong><\/p>\n<\/li>\n<li>\n<p class=\"ds-markdown-paragraph\">Anualmente: Sustituir\u00a0<strong>componentes de desgaste<\/strong>\u00a0(rodamientos, juntas) y recalibrar\u00a0<strong>alineaci\u00f3n de ejes<\/strong><\/p>\n<\/li>\n<\/ul>\n<\/li>\n<\/ol>\n<p class=\"ds-markdown-paragraph\"><strong>Beneficios del mantenimiento cr\u00edtico<\/strong><br \/>\n\u2713 Se extiende\u00a0<strong>vida \u00fatil del equipo en 30%+.<\/strong>\u00a0a trav\u00e9s de\u00a0<strong>lubricaci\u00f3n de la caja de cambios<\/strong><br \/>\n\u2713 Previene\u00a0<strong>tiempo de inactividad no programado<\/strong>\u00a0en\u00a0<strong>c\u00e9lulas de soldadura robotizadas<\/strong><br \/>\n\u2713 Mantiene\u00a0<strong>Repetibilidad de \u00b10,2 mm<\/strong>\u00a0para\u00a0<strong>aplicaciones de alta precisi\u00f3n<\/strong><\/p>\n<p class=\"ds-markdown-paragraph\"><strong>Protocolo de prevenci\u00f3n de fallos<\/strong><\/p>\n<ul>\n<li>\n<p class=\"ds-markdown-paragraph\">Se requiere cierre inmediato para:<br \/>\n\u25b6 Vibraci\u00f3n anormal en\u00a0<strong>eje rotativo<\/strong><br \/>\n\u25b6 Irregular\u00a0<strong>movimiento de inclinaci\u00f3n<\/strong><br \/>\n\u25b6 Fallos el\u00e9ctricos en\u00a0<strong>Sistema de control PLC<\/strong><\/p>\n<\/li>\n<\/ul>\n<p class=\"ds-markdown-paragraph\"><strong>Certificaci\u00f3n y asistencia<\/strong><br \/>\nEste\u00a0<strong>Posicionador con certificaci\u00f3n CE\/ISO<\/strong>\u00a0viene con:<\/p>\n<ul>\n<li>\n<p class=\"ds-markdown-paragraph\">12 meses de garant\u00eda\u00a0<strong>componentes de accionamiento<\/strong><\/p>\n<\/li>\n<li>\n<p class=\"ds-markdown-paragraph\">Gratis\u00a0<strong>formaci\u00f3n t\u00e9cnica<\/strong>\u00a0para operadores<\/p>\n<\/li>\n<li>\n<p class=\"ds-markdown-paragraph\"><strong>Kits de mantenimiento preventivo<\/strong>\u00a0disponible (N\u00ba de pieza PMK-5T3A)<\/p>\n<\/li>\n<\/ul>\n<p><img decoding=\"async\" src=\"https:\/\/www.weldmc.com\/wp-content\/uploads\/2025\/05\/Product-certification.png\" alt=\"Certificaci\u00f3n de productos\" \/><br \/>\nWuxi ABK Machinery Co.Ltd es un fabricante profesional de rotador de soldadura en China. Y nuestro rotador de soldadura incluye principalmente rotador de soldadura est\u00e1ndar, rotador de soldadura ajustable y rotador de soldadura especial. Tambi\u00e9n podemos ofrecer a nuestros clientes en todo el mundo muchos otros productos, incluyendo la plataforma giratoria de soldadura, m\u00e1quina de soldadura de pilotes, l\u00ednea de producci\u00f3n de torres e\u00f3licas, l\u00ednea de soldadura de vigas H, equipos de soldadura de tuber\u00edas, m\u00e1quina de corte CNC, m\u00e1quina rectificadora, m\u00e1quina perfiladora, m\u00e1quina curvadora de placas, etc. Hemos obtenido la certificaci\u00f3n ISO y CE, y tambi\u00e9n ofrecemos servicio OEM.<\/p>","protected":false},"excerpt":{"rendered":"<p><strong>Posicionador de soldadura de 3 ejes WUXI ABK de 5 toneladas<\/strong>\u00a0ofrece rotaci\u00f3n e inclinaci\u00f3n de precisi\u00f3n para aplicaciones de soldadura robotizada. Con una precisi\u00f3n de posicionamiento de \u00b10,5\u00b0, este posicionador de calidad industrial manipula componentes de automoci\u00f3n, acero estructural y recipientes a presi\u00f3n con una capacidad de 5000 kg. Su movimiento servoaccionado de 3 ejes garantiza \u00e1ngulos de soldadura perfectos, mientras que los controles preparados para CNC permiten una integraci\u00f3n de automatizaci\u00f3n perfecta. Certificado CE\/ISO para garantizar la calidad.<\/p>","protected":false},"featured_media":2023,"comment_status":"open","ping_status":"closed","template":"","meta":{"_acf_changed":false},"product_brand":[],"product_cat":[21,32,29],"product_tag":[],"class_list":{"0":"post-850","1":"product","2":"type-product","3":"status-publish","4":"has-post-thumbnail","6":"product_cat-welding-automation","7":"product_cat-3-axis-hydraulic-positioner","8":"product_cat-welding-positioner","10":"first","11":"instock","12":"shipping-taxable","13":"product-type-simple"},"acf":[],"_links":{"self":[{"href":"https:\/\/www.weldmc.com\/es\/wp-json\/wp\/v2\/product\/850","targetHints":{"allow":["GET"]}}],"collection":[{"href":"https:\/\/www.weldmc.com\/es\/wp-json\/wp\/v2\/product"}],"about":[{"href":"https:\/\/www.weldmc.com\/es\/wp-json\/wp\/v2\/types\/product"}],"replies":[{"embeddable":true,"href":"https:\/\/www.weldmc.com\/es\/wp-json\/wp\/v2\/comments?post=850"}],"wp:featuredmedia":[{"embeddable":true,"href":"https:\/\/www.weldmc.com\/es\/wp-json\/wp\/v2\/media\/2023"}],"wp:attachment":[{"href":"https:\/\/www.weldmc.com\/es\/wp-json\/wp\/v2\/media?parent=850"}],"wp:term":[{"taxonomy":"product_brand","embeddable":true,"href":"https:\/\/www.weldmc.com\/es\/wp-json\/wp\/v2\/product_brand?post=850"},{"taxonomy":"product_cat","embeddable":true,"href":"https:\/\/www.weldmc.com\/es\/wp-json\/wp\/v2\/product_cat?post=850"},{"taxonomy":"product_tag","embeddable":true,"href":"https:\/\/www.weldmc.com\/es\/wp-json\/wp\/v2\/product_tag?post=850"}],"curies":[{"name":"wp","href":"https:\/\/api.w.org\/{rel}","templated":true}]}}