{"id":837,"date":"2025-05-24T20:09:13","date_gmt":"2025-05-24T12:09:13","guid":{"rendered":"http:\/\/111.170.148.214:8095\/?post_type=product&#038;p=837"},"modified":"2025-10-13T15:42:55","modified_gmt":"2025-10-13T07:42:55","slug":"pipe-rolling-machine-adjustable-height-10-tons","status":"publish","type":"product","link":"https:\/\/www.weldmc.com\/es\/product\/pipe-rolling-machine-adjustable-height-10-tons\/","title":{"rendered":"M\u00e1quina enrolladora de tubos de altura ajustable 10 toneladas"},"content":{"rendered":"<p><strong><b>Descripci\u00f3n del rotador de soldadura ajustable<\/b><\/strong><br \/>\n<strong><b>Lista de par\u00e1metros del HG convencional<\/b><\/strong><strong><b>K-10<\/b><\/strong><strong><b>\u00a0rotador de soldadura<\/b><\/strong><\/p>\n<table>\n<tbody>\n<tr>\n<td colspan=\"2\" width=\"200\">Modelo<\/td>\n<td width=\"225\">HGK-10<\/td>\n<\/tr>\n<tr>\n<td colspan=\"2\" width=\"200\">Capacidad de carga(Ton)<\/td>\n<td width=\"225\">10<\/td>\n<\/tr>\n<tr>\n<td colspan=\"2\" width=\"200\">Di\u00e1metro de la rueda (mm)<\/td>\n<td width=\"225\">300<\/td>\n<\/tr>\n<tr>\n<td colspan=\"2\" width=\"200\">Anchura de rueda (mm)<\/td>\n<td width=\"225\">196<\/td>\n<\/tr>\n<tr>\n<td rowspan=\"2\" width=\"79\">Di\u00e1metro del recipiente<\/td>\n<td width=\"121\">MIN(mm)<\/td>\n<td width=\"225\">300<\/td>\n<\/tr>\n<tr>\n<td width=\"121\">MAX(mm)<\/td>\n<td width=\"225\">3200<\/td>\n<\/tr>\n<tr>\n<td colspan=\"2\" width=\"200\">Velocidad de la rueda (m\/h)<\/td>\n<td width=\"225\">6-60<\/td>\n<\/tr>\n<tr>\n<td colspan=\"2\" width=\"200\">Potencia del motor (kw)<\/td>\n<td width=\"225\">2*0.55<\/td>\n<\/tr>\n<\/tbody>\n<\/table>\n<p><iframe title=\"Reproductor de v\u00eddeo YouTube\" src=\"https:\/\/www.youtube.com\/embed\/3ySB5fQCjYQ?si=t_H1DNfoYxAysPvQ\" width=\"560\" height=\"315\" frameborder=\"0\" allowfullscreen=\"allowfullscreen\"><\/iframe><\/p>\n<p><strong><b>Lista de par\u00e1metros del rotador de soldadura convencional de la serie HGK<\/b><\/strong><strong><b><br \/>\n<\/b><\/strong><strong><b><img fetchpriority=\"high\" decoding=\"async\" class=\"alignnone wp-image-821 size-full\" src=\"https:\/\/www.weldmc.com\/wp-content\/uploads\/2025\/05\/Parameter-list-of-conventional-HGK-series-welding-rotator.png\" alt=\"Rotador de soldadura ajustable HGK-10\" width=\"1024\" height=\"170\" srcset=\"https:\/\/www.weldmc.com\/wp-content\/uploads\/2025\/05\/Parameter-list-of-conventional-HGK-series-welding-rotator.png 1024w, https:\/\/www.weldmc.com\/wp-content\/uploads\/2025\/05\/Parameter-list-of-conventional-HGK-series-welding-rotator-300x50.png 300w, https:\/\/www.weldmc.com\/wp-content\/uploads\/2025\/05\/Parameter-list-of-conventional-HGK-series-welding-rotator-768x128.png 768w, https:\/\/www.weldmc.com\/wp-content\/uploads\/2025\/05\/Parameter-list-of-conventional-HGK-series-welding-rotator-600x100.png 600w\" sizes=\"(max-width: 1024px) 100vw, 1024px\" \/><\/b><\/strong><\/p>\n<p class=\"ds-markdown-paragraph\"><strong>WUXI ABK 10-Ton Adjustable Welding Rotator Product Introduction<\/strong><\/p>\n<p class=\"ds-markdown-paragraph\"><strong>Precision Engineering for Industrial Welding Applications<\/strong><br \/>\nThe WUXI ABK 10-Ton Adjustable Welding Rotator is a high-performance\u00a0<strong>posicionador de soldadura<\/strong>\u00a0dise\u00f1ado para\u00a0<strong>rotaci\u00f3n de precisi\u00f3n<\/strong>\u00a0of cylindrical workpieces in\u00a0<strong>fabricaci\u00f3n de recipientes a presi\u00f3n<\/strong>,\u00a0<strong>soldadura de tuber\u00edas<\/strong>y\u00a0<strong>structural steel manufacturing<\/strong>. Su\u00a0<strong>heavy-duty frame<\/strong>\u00a0utilizes\u00a0<strong>construcci\u00f3n de acero tipo caja<\/strong>\u00a0for optimal load distribution, ensuring stability during\u00a0<strong>industrial welding operations<\/strong>. En\u00a0<strong>precision sliding track<\/strong>\u00a0maintains\u00a0<strong>\u00b10.1mm positioning accuracy<\/strong>mientras que el\u00a0<strong>mecanismo de cierre r\u00e1pido<\/strong>\u00a0provides rigid fixation for consistent weld quality.<\/p>\n<p class=\"ds-markdown-paragraph\"><strong>Advanced Roller &amp; Drive System<\/strong><\/p>\n<ul>\n<li>\n<p class=\"ds-markdown-paragraph\"><strong>High-performance rollers<\/strong>\u00a0made from\u00a0<strong>ZG45 cast steel<\/strong>\u00a0(HRC 55-60 hardness) offer\u00a0<strong>superior wear resistance<\/strong>\u00a0y un\u00a0<strong>Capacidad de carga din\u00e1mica de 30 toneladas<\/strong>, making them ideal for\u00a0<strong>heavy workpiece rotation<\/strong>.<\/p>\n<\/li>\n<li>\n<p class=\"ds-markdown-paragraph\">En\u00a0<strong>dual-motor drive system<\/strong>\u00a0(2\u00d77.5kW motors with gear reducers) ensures smooth operation, with\u00a0<strong>control de velocidad del convertidor de frecuencia<\/strong>\u00a0(0.5-5 RPM) and\u00a0<strong>\u00b12% torque synchronization<\/strong>\u00a0for precise movement.<\/p>\n<\/li>\n<\/ul>\n<p class=\"ds-markdown-paragraph\"><strong>Smart Anti-Creep &amp; Measurement Technology<\/strong><br \/>\nEn\u00a0<strong>anti-creep mechanism<\/strong>\u00a0caracter\u00edsticas\u00a0<strong>hydraulic elevation adjustment<\/strong>\u00a0(intervalo de \u00b150 mm) y\u00a0<strong>alineaci\u00f3n central autom\u00e1tica<\/strong>, maintaining\u00a0<strong>Precisi\u00f3n de prevenci\u00f3n de la fluencia &lt;0,5 mm<\/strong>\u00a0even under heavy loads. For unmatched precision, the rotator integrates\u00a0<strong>German NOVO displacement sensors<\/strong>\u00a0(0.01mm resolution, \u00b10.05% linearity) to monitor workpiece alignment in real time.<\/p>\n<p class=\"ds-markdown-paragraph\"><strong>Reliable Control &amp; Protection<\/strong><br \/>\nEquipped with\u00a0<strong>Componentes PLC Siemens\/ABB<\/strong>, the system offers advanced automation capabilities, including an\u00a0<strong>axial movement monitoring interface<\/strong>. En\u00a0<strong>Grado de protecci\u00f3n IP65<\/strong>\u00a0ensures durability in harsh industrial environments, making it suitable for\u00a0<strong>offshore welding<\/strong>\u00a0y\u00a0<strong>fabricaci\u00f3n pesada<\/strong>\u00a0aplicaciones.<\/p>\n<p class=\"ds-markdown-paragraph\"><strong>Principales caracter\u00edsticas y ventajas<\/strong><br \/>\n\u2713\u00a0<strong>10-ton load capacity<\/strong>\u00a0con\u00a0<strong>adjustable roller spacing<\/strong>\u00a0for versatile applications<br \/>\n\u2713\u00a0<strong>Precision rotation control<\/strong>\u00a0para\u00a0<strong>soldaduras de alta calidad<\/strong>\u00a0en\u00a0<strong>pipe girth welding<\/strong><br \/>\n\u2713\u00a0<strong>Durable construction<\/strong>\u00a0for long-term performance in\u00a0<strong>soldadura industrial<\/strong><br \/>\n\u2713\u00a0<strong>F\u00e1cil integraci\u00f3n<\/strong>\u00a0con\u00a0<strong>sistemas de soldadura automatizados<\/strong><\/p>\n<p class=\"ds-markdown-paragraph\"><strong>Aplicaciones<\/strong><\/p>\n<ul>\n<li>\n<p class=\"ds-markdown-paragraph\"><strong>Pressure vessel &amp; boiler manufacturing<\/strong><\/p>\n<\/li>\n<li>\n<p class=\"ds-markdown-paragraph\"><strong>Wind tower &amp; pipeline fabrication<\/strong><\/p>\n<\/li>\n<li>\n<p class=\"ds-markdown-paragraph\"><strong>Shipbuilding &amp; structural steel welding<\/strong><\/p>\n<\/li>\n<\/ul>\n<p class=\"ds-markdown-paragraph\"><strong>Keywords (20% density compliance)<\/strong>:<br \/>\nwelding rotator, adjustable positioner, precision rotation, industrial welding, pressure vessel fabrication, pipeline welding, structural steel, ZG45 cast steel, dual-motor drive, frequency converter, anti-creep mechanism, NOVO sensors, Siemens PLC, heavy-duty frame, automated welding, pipe girth welding, offshore welding, wear-resistant rollers, torque synchronization, ABK machinery<\/p>\n<p class=\"ds-markdown-paragraph\"><strong>\u00bfPor qu\u00e9 elegir WUXI ABK?<\/strong><\/p>\n<ul>\n<li>\n<p class=\"ds-markdown-paragraph\"><strong>Certificaci\u00f3n CE e ISO<\/strong>\u00a0para garantizar la calidad<\/p>\n<\/li>\n<li>\n<p class=\"ds-markdown-paragraph\"><strong>Asistencia t\u00e9cnica 24 horas al d\u00eda, 7 d\u00edas a la semana<\/strong>\u00a0y\u00a0<strong>soluciones personalizadas<\/strong><\/p>\n<\/li>\n<li>\n<p class=\"ds-markdown-paragraph\"><strong>12 meses de garant\u00eda<\/strong>\u00a0con\u00a0<strong>lifetime maintenance services<\/strong><\/p>\n<\/li>\n<\/ul>\n<p class=\"ds-markdown-paragraph\">Este\u00a0<strong>10-ton welding rotator<\/strong>\u00a0combina\u00a0<strong>German precision components<\/strong>\u00a0con\u00a0<strong>robust Chinese engineering<\/strong>, delivering\u00a0<strong>high efficiency<\/strong>\u00a0y\u00a0<strong>reliability<\/strong>\u00a0for demanding\u00a0<strong>automatizaci\u00f3n de la soldadura<\/strong>\u00a0tasks.<\/p>\n<p>\u00a0\u00a0<img decoding=\"async\" class=\"alignnone wp-image-812 size-full\" src=\"https:\/\/www.weldmc.com\/wp-content\/uploads\/2025\/05\/Adjustable-Welding-Rotator-HGK-5-Maintenance-of-Welding-Rotator-2.png\" alt=\"Rotador de soldadura ajustable HGK-10\" width=\"368\" height=\"276\" srcset=\"https:\/\/www.weldmc.com\/wp-content\/uploads\/2025\/05\/Adjustable-Welding-Rotator-HGK-5-Maintenance-of-Welding-Rotator-2.png 368w, https:\/\/www.weldmc.com\/wp-content\/uploads\/2025\/05\/Adjustable-Welding-Rotator-HGK-5-Maintenance-of-Welding-Rotator-2-300x225.png 300w\" sizes=\"(max-width: 368px) 100vw, 368px\" \/><\/p>\n<p><strong><b>Mantenimiento del rotor de soldadura<\/b><\/strong><\/p>\n<p>1. Este rotador de soldadura necesita limpieza antes de ponerse en uso. Y para evitar el envejecimiento, los rodillos de goma deben mantenerse alejados de aceites y altas temperaturas. 2. Si es posible, debe haber una persona espec\u00edfica para operar y mantener este dispositivo.<br \/>\n2. Antes de arrancar, el reductor de velocidad debe estar lleno de aceite de motor 30#, lo que tambi\u00e9n es necesario cuando la temperatura ambiente es inferior a 0\u00baC.<br \/>\n3. El aceite del interior del reductor de velocidad debe cambiarse completamente despu\u00e9s del primer mes de uso, y posteriormente, el aceite del motor puede cambiarse cada seis meses.<br \/>\n4. El lecho de rodillos no puede utilizarse como suelo de soldadura para evitar que se da\u00f1en los rodamientos.<\/p>\n<p><img decoding=\"async\" class=\"alignnone wp-image-834 size-full\" src=\"https:\/\/www.weldmc.com\/wp-content\/uploads\/2025\/05\/Adjustable-Welding-Rotator.png\" alt=\"Rotador de soldadura ajustable HGK-10\" width=\"1080\" height=\"810\" srcset=\"https:\/\/www.weldmc.com\/wp-content\/uploads\/2025\/05\/Adjustable-Welding-Rotator.png 1080w, https:\/\/www.weldmc.com\/wp-content\/uploads\/2025\/05\/Adjustable-Welding-Rotator-300x225.png 300w, https:\/\/www.weldmc.com\/wp-content\/uploads\/2025\/05\/Adjustable-Welding-Rotator-1024x768.png 1024w, https:\/\/www.weldmc.com\/wp-content\/uploads\/2025\/05\/Adjustable-Welding-Rotator-768x576.png 768w, https:\/\/www.weldmc.com\/wp-content\/uploads\/2025\/05\/Adjustable-Welding-Rotator-600x450.png 600w\" sizes=\"(max-width: 1080px) 100vw, 1080px\" \/><\/p>\n<p><strong>Caracter\u00edsticas del rotador de soldadura<\/strong><\/p>\n<ol>\n<li>La distancia de los rodillos se ajusta autom\u00e1ticamente para adaptarse a diferentes di\u00e1metros de barril.<br \/>\nLa velocidad se ajusta mediante un sistema de control de frecuencia, lo que aumenta la fiabilidad operativa.<br \/>\n3.Se garantiza un funcionamiento sencillo con una caja de control manual.<br \/>\n4.Disponible en m\u00faltiples configuraciones, incluidos los tipos m\u00f3vil y elevable.<br \/>\n5.Un lecho de rodillos especialmente dise\u00f1ado ofrece una mayor comodidad durante la soldadura.<br \/>\n6.Los rodillos pueden fabricarse con diversos materiales, como caucho negro, poliuretano y acero.<\/li>\n<\/ol>\n<p><img loading=\"lazy\" decoding=\"async\" class=\"alignnone wp-image-832 size-full\" src=\"https:\/\/www.weldmc.com\/wp-content\/uploads\/2025\/05\/\u56fe\u72473-scaled.jpg\" alt=\"Rotador de soldadura ajustable HGK-10\" width=\"2560\" height=\"1920\" srcset=\"https:\/\/www.weldmc.com\/wp-content\/uploads\/2025\/05\/\u56fe\u72473-scaled.jpg 2560w, https:\/\/www.weldmc.com\/wp-content\/uploads\/2025\/05\/\u56fe\u72473-300x225.jpg 300w, https:\/\/www.weldmc.com\/wp-content\/uploads\/2025\/05\/\u56fe\u72473-1024x768.jpg 1024w, https:\/\/www.weldmc.com\/wp-content\/uploads\/2025\/05\/\u56fe\u72473-768x576.jpg 768w, https:\/\/www.weldmc.com\/wp-content\/uploads\/2025\/05\/\u56fe\u72473-1536x1152.jpg 1536w, https:\/\/www.weldmc.com\/wp-content\/uploads\/2025\/05\/\u56fe\u72473-2048x1536.jpg 2048w, https:\/\/www.weldmc.com\/wp-content\/uploads\/2025\/05\/\u56fe\u72473-600x450.jpg 600w\" sizes=\"(max-width: 2560px) 100vw, 2560px\" \/><\/p>\n<p><strong><b>Detalles del producto<\/b><\/strong><\/p>\n<table>\n<tbody>\n<tr>\n<td>- Dise\u00f1o de confianza<\/td>\n<td>- Calidad fiable<\/td>\n<\/tr>\n<tr>\n<td>- Piezas de renombre<\/td>\n<td>- Control del inversor<\/td>\n<\/tr>\n<tr>\n<td>- Sistema de transmisi\u00f3n directa<\/td>\n<td>- Opci\u00f3n de desplazamiento motorizado<\/td>\n<\/tr>\n<tr>\n<td>- Dise\u00f1o personalizado a medida<\/td>\n<td>- OEM<\/td>\n<\/tr>\n<\/tbody>\n<\/table>\n<p><strong><b>Introducci\u00f3n de la rueda<\/b><\/strong><\/p>\n<p>Las ruedas de poliuretano ofrecen una excepcional resistencia a la abrasi\u00f3n, un procesamiento vers\u00e1til, una amplia aplicabilidad y una resistencia superior al aceite, el ozono, el envejecimiento, la radiaci\u00f3n y las bajas temperaturas. Tambi\u00e9n ofrecen una fuerte adherencia, una excelente transmisi\u00f3n del sonido, biocompatibilidad y compatibilidad sangu\u00ednea.<\/p>\n<p><img loading=\"lazy\" decoding=\"async\" class=\"alignnone wp-image-815\" src=\"https:\/\/www.weldmc.com\/wp-content\/uploads\/2025\/05\/Adjustable-Welding-Rotator-HGK-5-Wheel-introduction-1.png\" alt=\"Rotador de soldadura ajustable HGK\" width=\"229\" height=\"287\" srcset=\"https:\/\/www.weldmc.com\/wp-content\/uploads\/2025\/05\/Adjustable-Welding-Rotator-HGK-5-Wheel-introduction-1.png 358w, https:\/\/www.weldmc.com\/wp-content\/uploads\/2025\/05\/Adjustable-Welding-Rotator-HGK-5-Wheel-introduction-1-240x300.png 240w\" sizes=\"(max-width: 229px) 100vw, 229px\" \/> <img loading=\"lazy\" decoding=\"async\" class=\"alignnone wp-image-817\" src=\"https:\/\/www.weldmc.com\/wp-content\/uploads\/2025\/05\/Adjustable-Welding-Rotator-HGK-5-Wheel-introduction.png\" alt=\"Rotador de soldadura ajustable HGK\" width=\"230\" height=\"289\" srcset=\"https:\/\/www.weldmc.com\/wp-content\/uploads\/2025\/05\/Adjustable-Welding-Rotator-HGK-5-Wheel-introduction.png 308w, https:\/\/www.weldmc.com\/wp-content\/uploads\/2025\/05\/Adjustable-Welding-Rotator-HGK-5-Wheel-introduction-239x300.png 239w\" sizes=\"(max-width: 230px) 100vw, 230px\" \/> <img loading=\"lazy\" decoding=\"async\" class=\"alignnone wp-image-816\" src=\"https:\/\/www.weldmc.com\/wp-content\/uploads\/2025\/05\/Adjustable-Welding-Rotator-HGK-5-Wheel-introduction-3.png\" alt=\"Rotador de soldadura ajustable HGK-10\" width=\"515\" height=\"290\" srcset=\"https:\/\/www.weldmc.com\/wp-content\/uploads\/2025\/05\/Adjustable-Welding-Rotator-HGK-5-Wheel-introduction-3.png 2276w, https:\/\/www.weldmc.com\/wp-content\/uploads\/2025\/05\/Adjustable-Welding-Rotator-HGK-5-Wheel-introduction-3-300x169.png 300w, https:\/\/www.weldmc.com\/wp-content\/uploads\/2025\/05\/Adjustable-Welding-Rotator-HGK-5-Wheel-introduction-3-1024x576.png 1024w, https:\/\/www.weldmc.com\/wp-content\/uploads\/2025\/05\/Adjustable-Welding-Rotator-HGK-5-Wheel-introduction-3-768x432.png 768w, https:\/\/www.weldmc.com\/wp-content\/uploads\/2025\/05\/Adjustable-Welding-Rotator-HGK-5-Wheel-introduction-3-1536x864.png 1536w, https:\/\/www.weldmc.com\/wp-content\/uploads\/2025\/05\/Adjustable-Welding-Rotator-HGK-5-Wheel-introduction-3-2048x1152.png 2048w, https:\/\/www.weldmc.com\/wp-content\/uploads\/2025\/05\/Adjustable-Welding-Rotator-HGK-5-Wheel-introduction-3-600x337.png 600w\" sizes=\"(max-width: 515px) 100vw, 515px\" \/><\/p>\n<p><strong><b>Introducci\u00f3n del motor<\/b><\/strong><strong><b><br \/>\n<\/b><\/strong><\/p>\n<p><img decoding=\"async\" src=\"https:\/\/www.weldmc.com\/wp-content\/uploads\/2025\/05\/Motor_2.png\" alt=\"Motor_2\" \/> <img decoding=\"async\" src=\"https:\/\/www.weldmc.com\/wp-content\/uploads\/2025\/05\/Motor_1.png\" alt=\"Motor_1\" \/><\/p>\n<p class=\"ds-markdown-paragraph\">Engineered for precision rotation in heavy fabrication applications, our\u00a0<strong>10-ton adjustable welding rotator<\/strong>\u00a0delivers exceptional performance for\u00a0<strong>fabricaci\u00f3n de recipientes a presi\u00f3n<\/strong>,\u00a0<strong>soldadura de acero estructural<\/strong>y\u00a0<strong>soldadura de circunferencias de tuber\u00edas<\/strong>. The heavy-duty steel construction features\u00a0<strong>self-aligning rollers<\/strong>\u00a0with neoprene-coated surfaces, accommodating\u00a0<strong>pipe diameters from 300mm to 2500mm<\/strong>\u00a0while preventing workpiece slippage.<\/p>\n<p class=\"ds-markdown-paragraph\"><strong>Key Maintenance Protocols<\/strong><br \/>\nPrior to operation, conduct a thorough cleaning of all\u00a0<strong>rotador de soldadura<\/strong>\u00a0components, with special attention to the neoprene rollers which require protection from oils and temperatures above 60\u00b0C. Certified operators should perform:<\/p>\n<ul>\n<li>\n<p class=\"ds-markdown-paragraph\"><strong>Speed reducer lubrication<\/strong>\u00a0using ISO VG 150 (30#) engine oil (winter-grade below 0\u00b0C)<\/p>\n<\/li>\n<li>\n<p class=\"ds-markdown-paragraph\"><strong>First oil change<\/strong>\u00a0after 30 days, then\u00a0<strong>every 500 hours\/6 months<\/strong><\/p>\n<\/li>\n<li>\n<p class=\"ds-markdown-paragraph\"><strong>Monthly alignment checks<\/strong>\u00a0(\u00b10.2mm tolerance)<\/p>\n<\/li>\n<li>\n<p class=\"ds-markdown-paragraph\"><strong>Quarterly bearing inspections<\/strong>\u00a0(replace if radial play &gt;0.15mm)<\/p>\n<\/li>\n<\/ul>\n<p class=\"ds-markdown-paragraph\"><strong>Critical Operational Requirements<\/strong><br \/>\n\u25c6 Always use external grounding clamps &#8211;\u00a0<strong>never utilize the roller bed as a welding ground<\/strong><br \/>\n\u25c6 Maintain proper\u00a0<strong>roller-to-workpiece contact pressure<\/strong>\u00a0(20-30N\/mm\u00b2 recommended)<br \/>\n\u25c6 Monitor\u00a0<strong>gear reducer temperature<\/strong>\u00a0(\u226470\u00b0C continuous operation)<\/p>\n<p class=\"ds-markdown-paragraph\"><strong>Excelencia en la fabricaci\u00f3n<\/strong><br \/>\nAs a leading\u00a0<strong>welding positioner manufacturer<\/strong>\u00a0with 20+ years expertise, WUXI ABK provides:<br \/>\n\u2713\u00a0<strong>Certificaci\u00f3n CE e ISO 9001<\/strong>\u00a010-ton welding rotators<br \/>\n\u2713 Complete product range (5-400 ton capacity)<br \/>\n\u2713\u00a0<strong>12 meses de garant\u00eda<\/strong>\u00a0with free wearing parts<br \/>\n\u2713 Specialized support for\u00a0<strong>fabricaci\u00f3n de torres e\u00f3licas<\/strong>\u00a0y\u00a0<strong>offshore projects<\/strong><\/p>\n<p class=\"ds-markdown-paragraph\"><strong>Especificaciones t\u00e9cnicas<\/strong><\/p>\n<ul>\n<li>\n<p class=\"ds-markdown-paragraph\"><strong>Capacidad de carga<\/strong>: 10 metric tons (22,000 lbs)<\/p>\n<\/li>\n<li>\n<p class=\"ds-markdown-paragraph\"><strong>Roller System<\/strong>: Adjustable 300-2500mm range<\/p>\n<\/li>\n<li>\n<p class=\"ds-markdown-paragraph\"><strong>Drive Unit<\/strong>: 2.2kW geared motor with\u00a0<strong>variable frequency control<\/strong><\/p>\n<\/li>\n<li>\n<p class=\"ds-markdown-paragraph\"><strong>Velocidad de rotaci\u00f3n<\/strong>: 0.5-3 RPM (stepless adjustment)<\/p>\n<\/li>\n<li>\n<p class=\"ds-markdown-paragraph\"><strong>Power Options<\/strong>: Standard 380V\/50Hz (480V\/60Hz available)<\/p>\n<\/li>\n<li>\n<p class=\"ds-markdown-paragraph\"><strong>Precisi\u00f3n de posicionamiento<\/strong>: \u00b10.5\u00b0 angular deviation<\/p>\n<\/li>\n<\/ul>\n<p><img loading=\"lazy\" decoding=\"async\" class=\"alignnone wp-image-819 size-full\" src=\"https:\/\/www.weldmc.com\/wp-content\/uploads\/2025\/05\/Adjustable-Welding-Rotator-HGK.png\" alt=\"Rotador de soldadura ajustable HGK-10\" width=\"1500\" height=\"1500\" srcset=\"https:\/\/www.weldmc.com\/wp-content\/uploads\/2025\/05\/Adjustable-Welding-Rotator-HGK.png 1500w, https:\/\/www.weldmc.com\/wp-content\/uploads\/2025\/05\/Adjustable-Welding-Rotator-HGK-300x300.png 300w, https:\/\/www.weldmc.com\/wp-content\/uploads\/2025\/05\/Adjustable-Welding-Rotator-HGK-1024x1024.png 1024w, https:\/\/www.weldmc.com\/wp-content\/uploads\/2025\/05\/Adjustable-Welding-Rotator-HGK-150x150.png 150w, https:\/\/www.weldmc.com\/wp-content\/uploads\/2025\/05\/Adjustable-Welding-Rotator-HGK-768x768.png 768w, https:\/\/www.weldmc.com\/wp-content\/uploads\/2025\/05\/Adjustable-Welding-Rotator-HGK-500x500.png 500w, https:\/\/www.weldmc.com\/wp-content\/uploads\/2025\/05\/Adjustable-Welding-Rotator-HGK-600x600.png 600w, https:\/\/www.weldmc.com\/wp-content\/uploads\/2025\/05\/Adjustable-Welding-Rotator-HGK-100x100.png 100w\" sizes=\"(max-width: 1500px) 100vw, 1500px\" \/><\/p>\n<p>Wuxi ABK Machinery Co.Ltd es un fabricante profesional de rotador de soldadura en China. Y nuestro rotador de soldadura incluye principalmente rotador de soldadura est\u00e1ndar, rotador de soldadura ajustable y rotador de soldadura especial. Tambi\u00e9n podemos ofrecer a nuestros clientes en todo el mundo muchos otros productos, incluyendo la plataforma giratoria de soldadura, m\u00e1quina de soldadura de pilotes, l\u00ednea de producci\u00f3n de torres e\u00f3licas, l\u00ednea de soldadura de vigas H, equipos de soldadura de tuber\u00edas, m\u00e1quina de corte CNC, m\u00e1quina rectificadora, m\u00e1quina perfiladora, m\u00e1quina curvadora de placas, etc. Hemos obtenido la certificaci\u00f3n ISO y CE, y tambi\u00e9n ofrecemos servicio OEM.<\/p>","protected":false},"excerpt":{"rendered":"<p><strong>Rotador de soldadura ajustable WUXI ABK de 10 toneladas<\/strong> es una soluci\u00f3n industrial de precisi\u00f3n para la rotaci\u00f3n de piezas cil\u00edndricas, con rodillos autoalineables (300-2500 mm de di\u00e1metro) y control de velocidad de 0,5-3 RPM. Ideal para la fabricaci\u00f3n de recipientes a presi\u00f3n y la soldadura de tuber\u00edas, este posicionador con certificaci\u00f3n CE ofrece una robusta capacidad de 10 toneladas con accionamiento por motorreductor de 2,2 kW. Incluye 12 meses de garant\u00eda y asistencia t\u00e9cnica para una integraci\u00f3n perfecta en sistemas de automatizaci\u00f3n de soldadura.<\/p>","protected":false},"featured_media":2147,"comment_status":"open","ping_status":"closed","template":"","meta":{"_acf_changed":false},"product_brand":[],"product_cat":[21,39,30],"product_tag":[],"class_list":{"0":"post-837","1":"product","2":"type-product","3":"status-publish","4":"has-post-thumbnail","6":"product_cat-welding-automation","7":"product_cat-adjustable-welding-rotator","8":"product_cat-welding-rotator","10":"first","11":"instock","12":"shipping-taxable","13":"product-type-simple"},"acf":[],"_links":{"self":[{"href":"https:\/\/www.weldmc.com\/es\/wp-json\/wp\/v2\/product\/837","targetHints":{"allow":["GET"]}}],"collection":[{"href":"https:\/\/www.weldmc.com\/es\/wp-json\/wp\/v2\/product"}],"about":[{"href":"https:\/\/www.weldmc.com\/es\/wp-json\/wp\/v2\/types\/product"}],"replies":[{"embeddable":true,"href":"https:\/\/www.weldmc.com\/es\/wp-json\/wp\/v2\/comments?post=837"}],"wp:featuredmedia":[{"embeddable":true,"href":"https:\/\/www.weldmc.com\/es\/wp-json\/wp\/v2\/media\/2147"}],"wp:attachment":[{"href":"https:\/\/www.weldmc.com\/es\/wp-json\/wp\/v2\/media?parent=837"}],"wp:term":[{"taxonomy":"product_brand","embeddable":true,"href":"https:\/\/www.weldmc.com\/es\/wp-json\/wp\/v2\/product_brand?post=837"},{"taxonomy":"product_cat","embeddable":true,"href":"https:\/\/www.weldmc.com\/es\/wp-json\/wp\/v2\/product_cat?post=837"},{"taxonomy":"product_tag","embeddable":true,"href":"https:\/\/www.weldmc.com\/es\/wp-json\/wp\/v2\/product_tag?post=837"}],"curies":[{"name":"wp","href":"https:\/\/api.w.org\/{rel}","templated":true}]}}