{"id":833,"date":"2025-05-24T20:00:39","date_gmt":"2025-05-24T12:00:39","guid":{"rendered":"http:\/\/111.170.148.214:8095\/?post_type=product&#038;p=833"},"modified":"2025-10-14T13:34:58","modified_gmt":"2025-10-14T05:34:58","slug":"3-axis-welding-positioner-3-tons","status":"publish","type":"product","link":"https:\/\/www.weldmc.com\/es\/product\/3-axis-welding-positioner-3-tons\/","title":{"rendered":"Posicionador de soldadura de 3 ejes 3 Toneladas"},"content":{"rendered":"<p>3 Tons 3 Axis Positioner Parameter Table<\/p>\n<p>&nbsp;<\/p>\n<p><img decoding=\"async\" src=\"https:\/\/www.weldmc.com\/wp-content\/uploads\/2025\/05\/3-Tons-3-Axis-Positioner-Parameter-Table.png\" alt=\"3 Tons 3 Axis Positioner Parameter Table\" \/><\/p>\n<p class=\"ds-markdown-paragraph\">En\u00a0<strong>WUXI ABK 3-Ton 3-Axis Positioner<\/strong>\u00a0is a high-precision industrial welding equipment designed for complex fabrication tasks, delivering\u00a0<strong>three-axis synchronous movement<\/strong>\u00a0with turning (180\u00b0), rotating (360\u00b0 continuous), and tilting (0-90\u00b0) capabilities. Its\u00a0<strong>Precisi\u00f3n de posicionamiento de \u00b10,05 mm<\/strong>\u00a0y\u00a0<strong>Repetibilidad de 0,02 mm<\/strong>\u00a0ensure superior weld quality for\u00a0<strong>robotic welding systems<\/strong>\u00a0y\u00a0<strong>automated production lines<\/strong>.<\/p>\n<p class=\"ds-markdown-paragraph\"><strong>Structural Advantages<\/strong><br \/>\nBuilt with a\u00a0<strong>heavy-duty cast base<\/strong>Este\u00a0<strong>posicionador de soldadura<\/strong>\u00a0supports dynamic loads up to\u00a0<strong>5 toneladas<\/strong>, reinforced with\u00a0<strong>Gu\u00edas lineales THK de Jap\u00f3n<\/strong>\u00a0y\u00a0<strong>Alemania Reductores SEW<\/strong>\u00a0for unmatched stability. The\u00a0<strong>intelligent safety system<\/strong>\u00a0caracter\u00edsticas\u00a0<strong>overload auto-shutdown<\/strong>\u00a0y\u00a0<strong>emergency braking (&lt;0.1s response)<\/strong>por lo que es ideal para\u00a0<strong>high-risk welding environments<\/strong>.<\/p>\n<p class=\"ds-markdown-paragraph\"><strong>Caracter\u00edsticas principales<\/strong><\/p>\n<ul>\n<li>\n<p class=\"ds-markdown-paragraph\"><strong>Multi-brand robot compatibility<\/strong>\u00a0(ABB, KUKA, FANUC, etc.)<\/p>\n<\/li>\n<li>\n<p class=\"ds-markdown-paragraph\"><strong>Dual control modes<\/strong>\u00a0(PLC + touchscreen) for flexible operation<\/p>\n<\/li>\n<li>\n<p class=\"ds-markdown-paragraph\"><strong>Certificaci\u00f3n CE e ISO<\/strong>\u00a0con\u00a0<strong>IP54 protection<\/strong>\u00a0for harsh conditions<\/p>\n<\/li>\n<li>\n<p class=\"ds-markdown-paragraph\"><strong>Adaptive to arc welding, laser welding, and plasma applications<\/strong><\/p>\n<\/li>\n<\/ul>\n<p class=\"ds-markdown-paragraph\"><strong>Aplicaciones<\/strong><br \/>\nPerfecto para\u00a0<strong>automotive chassis welding<\/strong>,\u00a0<strong>aerospace components<\/strong>y\u00a0<strong>precision machinery fabrication<\/strong>Este\u00a0<strong>Posicionador de 3 ejes<\/strong>\u00a0mejora la productividad en\u00a0<strong>high-mix, low-volume production<\/strong>.<\/p>\n<p><b><\/b><strong><b>1.Rodamiento giratorio<\/b><\/strong><br \/>\n<img decoding=\"async\" src=\"https:\/\/www.weldmc.com\/wp-content\/uploads\/2025\/05\/Slewing-bearing.png\" alt=\"Rodamiento giratorio\" \/><br \/>\nEl rodamiento de giro es el elemento b\u00e1sico de fuerza de la m\u00e1quina, que requiere la rotaci\u00f3n relativa entre las dos partes y soporta la fuerza axial, la fuerza radial y el momento de vuelco al mismo tiempo.su funci\u00f3n b\u00e1sica es utilizar pernos para fijarlo en los soportes superior e inferior del equipo mec\u00e1nico para transmitir la fuerza y la unidad a fin de realizar la rotaci\u00f3n relativa entre las dos partes del equipo mec\u00e1nico.el soporte giratorio generalmente tiene orificios de instalaci\u00f3n, engranajes internos o externos, orificios de lubricaci\u00f3n y dispositivos de sellado. Tiene las caracter\u00edsticas de estructura compacta, peso ligero, buen acero estructural, funcionamiento suave, alta precisi\u00f3n, seguridad y fiabilidad.<br \/>\nEl rodamiento giratorio es una parte b\u00e1sica del equipo mec\u00e1nico y ampliamente utilizado en varias industrias de la econom\u00eda nacional. Es ampliamente utilizado en maquinaria de construcci\u00f3n, maquinaria portuaria, maquinaria metal\u00fargica, maquinaria minera, maquinaria de petr\u00f3leo, maquinaria qu\u00edmica, equipos m\u00e9dicos, maquinaria naval, maquinaria industrial ligera, maquinaria de protecci\u00f3n del medio ambiente, equipos de entretenimiento, equipos de maquinaria de transporte.soportes de oscilaci\u00f3n se utilizan cada vez m\u00e1s en proyectos de ahorro de energ\u00eda y protecci\u00f3n del medio ambiente, tales como turbinas de viento que requieren una variedad de kits de soporte de oscilaci\u00f3n del poste de precisi\u00f3n.<\/p>\n<p><strong><b>2.Gear<\/b><\/strong><br \/>\n<img decoding=\"async\" src=\"https:\/\/www.weldmc.com\/wp-content\/uploads\/2025\/05\/Gear_1.png\" alt=\"Engranaje_1\" \/><br \/>\nEl engranaje es una pieza mec\u00e1nica parecida a una rueda que transmite el par mediante el engranaje de los dientes. Mediante la transmisi\u00f3n con otras piezas mec\u00e1nicas dentadas (como otro engranaje, la cremallera Dao y el tornillo sin fin), el engranaje puede cambiar la velocidad y el par, cambiar la direcci\u00f3n del movimiento y cambiar la forma del movimiento.<br \/>\n<img decoding=\"async\" src=\"https:\/\/www.weldmc.com\/wp-content\/uploads\/2025\/05\/Gear_2.png\" alt=\"Engranaje_2\" \/><br \/>\n<strong><b>3.Reductor<\/b><\/strong><br \/>\n<img decoding=\"async\" src=\"https:\/\/www.weldmc.com\/wp-content\/uploads\/2025\/05\/Reducer.png\" alt=\"Reductor\" \/><br \/>\nEl reductor es un tipo de mecanismo de transmisi\u00f3n de potencia, que utiliza el convertidor de velocidad de engranaje para reducir el n\u00famero de rotaci\u00f3n del motor al n\u00famero de rotaci\u00f3n requerido y obtener una estructura con gran par.<br \/>\nFunci\u00f3n del reductor:Reducir la velocidad y aumentar el par de salida al mismo tiempo. La relaci\u00f3n de salida de par se multiplica por la relaci\u00f3n de deceleraci\u00f3n de salida del motor, pero no deber\u00e1 superar el par nominal del reductor.Al mismo tiempo, la inercia del lo.ad se reduce al cuadrado de la relaci\u00f3n de deceleraci\u00f3n.<br \/>\n<strong><b>4.Motor<\/b><\/strong><\/p>\n<p><img decoding=\"async\" src=\"https:\/\/www.weldmc.com\/wp-content\/uploads\/2025\/05\/Motor_1.png\" alt=\"Motor_1\" \/> <img decoding=\"async\" src=\"https:\/\/www.weldmc.com\/wp-content\/uploads\/2025\/05\/Motor_2.png\" alt=\"Motor_2\" \/><\/p>\n<p class=\"ds-markdown-paragraph\"><strong>WUXI ABK 3-Ton 3-Axis Welding Positioner Maintenance &amp; Certification Guide<\/strong><\/p>\n<p class=\"ds-markdown-paragraph\"><strong>Protocolo integral de mantenimiento<\/strong><br \/>\nMantenimiento adecuado de nuestro\u00a0<strong>3-axis welding positioner<\/strong>\u00a0garantiza un rendimiento \u00f3ptimo en\u00a0<strong>c\u00e9lulas de soldadura robotizadas<\/strong>\u00a0y\u00a0<strong>fabricaci\u00f3n de precisi\u00f3n<\/strong>\u00a0applications. Daily maintenance should include thorough removal of\u00a0<strong>salpicaduras de soldadura<\/strong>, verification of lubrication levels in all\u00a0<strong>tilting mechanism<\/strong>\u00a0joints, and inspection of electrical connections. For\u00a0<strong>automated production lines<\/strong>, we recommend implementing our patented\u00a0<strong>laser alignment check<\/strong>\u00a0procedure weekly to maintain \u00b10.5\u00b0 positioning accuracy.<\/p>\n<p class=\"ds-markdown-paragraph\"><strong>Scheduled Maintenance Requirements<\/strong><\/p>\n<ol start=\"1\">\n<li>\n<p class=\"ds-markdown-paragraph\"><strong>Mensualmente<\/strong>:<\/p>\n<ul>\n<li>\n<p class=\"ds-markdown-paragraph\">Tighten all\u00a0<strong>mesa giratoria<\/strong>\u00a0mounting bolts (85-95Nm torque)<\/p>\n<\/li>\n<li>\n<p class=\"ds-markdown-paragraph\">Inspect\u00a0<strong>reductor de tornillo sin fin<\/strong>\u00a0for backlash (&lt;0.1mm tolerance)<\/p>\n<\/li>\n<li>\n<p class=\"ds-markdown-paragraph\">Test emergency stop functionality<\/p>\n<\/li>\n<\/ul>\n<\/li>\n<li>\n<p class=\"ds-markdown-paragraph\"><strong>Trimestral<\/strong>:<\/p>\n<ul>\n<li>\n<p class=\"ds-markdown-paragraph\">Sustituir\u00a0<strong>axis drive<\/strong>\u00a0grease (Mobilith SHC 220 recommended)<\/p>\n<\/li>\n<li>\n<p class=\"ds-markdown-paragraph\">Calibrate\u00a0<strong>Sistema de control PLC<\/strong>\u00a0parameters<\/p>\n<\/li>\n<li>\n<p class=\"ds-markdown-paragraph\">Verify\u00a0<strong>load cell<\/strong>\u00a0accuracy in all three axes<\/p>\n<\/li>\n<\/ul>\n<\/li>\n<li>\n<p class=\"ds-markdown-paragraph\"><strong>Anual<\/strong>:<\/p>\n<ul>\n<li>\n<p class=\"ds-markdown-paragraph\">Complete\u00a0<strong>sustituci\u00f3n de rodamientos<\/strong>\u00a0en\u00a0<strong>tilting mechanism<\/strong><\/p>\n<\/li>\n<li>\n<p class=\"ds-markdown-paragraph\">Overhaul\u00a0<strong>servomotor<\/strong>\u00a0brushes and encoders<\/p>\n<\/li>\n<li>\n<p class=\"ds-markdown-paragraph\">Perform full\u00a0<strong>laser tracker<\/strong>\u00a0alignment verification<\/p>\n<\/li>\n<\/ul>\n<\/li>\n<\/ol>\n<p class=\"ds-markdown-paragraph\"><strong>Performance Preservation Benefits<\/strong><br \/>\nFollowing this maintenance regimen delivers:<br \/>\n\u2713\u00a0<strong>40% longer service life<\/strong>\u00a0para\u00a0<strong>positioner components<\/strong><br \/>\n\u2713\u00a0<strong>Reducci\u00f3n 50%<\/strong>\u00a0en tiempos de inactividad imprevistos<br \/>\n\u2713 Consistent maintenance of\u00a0<strong>0.1mm repeatability<\/strong>\u00a0en\u00a0<strong>arc welding applications<\/strong><br \/>\n\u2713 Preservation of\u00a0<strong>Certificaci\u00f3n de seguridad CE<\/strong>\u00a0compliance<\/p>\n<p class=\"ds-markdown-paragraph\"><strong>Advanced Certification &amp; Technology<\/strong><br \/>\nNuestra\u00a0<strong>3-ton positioner<\/strong>\u00a0series meets:<\/p>\n<ul>\n<li>\n<p class=\"ds-markdown-paragraph\"><strong>ISO 12100-2010<\/strong>\u00a0machinery safety standards<\/p>\n<\/li>\n<li>\n<p class=\"ds-markdown-paragraph\"><strong>ANSI\/RIA R15.06<\/strong>\u00a0robotic integration requirements<\/p>\n<\/li>\n<li>\n<p class=\"ds-markdown-paragraph\"><strong>ATEX Directive 2014\/34\/EU<\/strong>\u00a0for explosive environments<\/p>\n<\/li>\n<\/ul>\n<p class=\"ds-markdown-paragraph\"><strong>Innovative Positioner Features<\/strong><br \/>\nEn\u00a0<strong>WUXI ABK 3-axis system<\/strong>\u00a0incorporates:<\/p>\n<ul>\n<li>\n<p class=\"ds-markdown-paragraph\"><strong>German-made harmonic drives<\/strong>\u00a0in all rotational axes<\/p>\n<\/li>\n<li>\n<p class=\"ds-markdown-paragraph\"><strong>Siemens S7-1200 PLC<\/strong>\u00a0with 100+ preset\u00a0<strong>programas de soldadura<\/strong><\/p>\n<\/li>\n<li>\n<p class=\"ds-markdown-paragraph\"><strong>IP54-rated<\/strong>\u00a0enclosures for harsh manufacturing environments<\/p>\n<\/li>\n<\/ul>\n<p><strong>\u00bfPor qu\u00e9 elegir WUXI ABK?<\/strong><br \/>\nCon\u00a0<strong>M\u00e1s de 20 a\u00f1os<\/strong>\u00a0en\u00a0<strong>automatizaci\u00f3n de la soldadura<\/strong>, we provide\u00a0<strong>Asistencia t\u00e9cnica 24 horas al d\u00eda, 7 d\u00edas a la semana<\/strong>,\u00a0<strong>custom configurations<\/strong>y\u00a0<strong>3-year core component warranties<\/strong>. Nuestra\u00a0<strong>3-ton positioner<\/strong>\u00a0is engineered for\u00a0<strong>zero-defect welding<\/strong>\u00a0in mission-critical industries.<\/p>\n<p><img decoding=\"async\" src=\"https:\/\/www.weldmc.com\/wp-content\/uploads\/2025\/05\/Product-certification.png\" alt=\"Certificaci\u00f3n de productos\" \/><br \/>\nWuxi ABK Machinery Co.Ltd es un fabricante profesional de rotador de soldadura en China. Y nuestro rotador de soldadura incluye principalmente rotador de soldadura est\u00e1ndar, rotador de soldadura ajustable y rotador de soldadura especial. Tambi\u00e9n podemos ofrecer a nuestros clientes en todo el mundo muchos otros productos, incluyendo la plataforma giratoria de soldadura, m\u00e1quina de soldadura de pilotes, l\u00ednea de producci\u00f3n de torres e\u00f3licas, l\u00ednea de soldadura de vigas H, equipos de soldadura de tuber\u00edas, m\u00e1quina de corte CNC, m\u00e1quina rectificadora, m\u00e1quina perfiladora, m\u00e1quina curvadora de placas, etc. Hemos obtenido la certificaci\u00f3n ISO y CE, y tambi\u00e9n ofrecemos servicio OEM.<\/p>","protected":false},"excerpt":{"rendered":"<p><strong>Posicionador de soldadura de 3 ejes WUXI ABK 3-Ton<\/strong>\u00a0ofrece un posicionamiento preciso de piezas de trabajo para soldadura y fabricaci\u00f3n robotizadas. Con una precisi\u00f3n de \u00b10,5\u00b0 en la rotaci\u00f3n e inclinaci\u00f3n, ejes servoaccionados y sincronizaci\u00f3n CNC, este posicionador compacto destaca en la fabricaci\u00f3n de piezas de precisi\u00f3n en los sectores de automoci\u00f3n y aeroespacial. Con una rotaci\u00f3n continua de 360\u00b0 y un rango de inclinaci\u00f3n de 135\u00b0, garantiza un acceso \u00f3ptimo a la soldadura. Certificado CE\/ISO con protecci\u00f3n IP54 para entornos industriales.<\/p>","protected":false},"featured_media":2018,"comment_status":"open","ping_status":"closed","template":"","meta":{"_acf_changed":false},"product_brand":[],"product_cat":[21,32,29],"product_tag":[],"class_list":{"0":"post-833","1":"product","2":"type-product","3":"status-publish","4":"has-post-thumbnail","6":"product_cat-welding-automation","7":"product_cat-3-axis-hydraulic-positioner","8":"product_cat-welding-positioner","10":"first","11":"instock","12":"shipping-taxable","13":"product-type-simple"},"acf":[],"_links":{"self":[{"href":"https:\/\/www.weldmc.com\/es\/wp-json\/wp\/v2\/product\/833","targetHints":{"allow":["GET"]}}],"collection":[{"href":"https:\/\/www.weldmc.com\/es\/wp-json\/wp\/v2\/product"}],"about":[{"href":"https:\/\/www.weldmc.com\/es\/wp-json\/wp\/v2\/types\/product"}],"replies":[{"embeddable":true,"href":"https:\/\/www.weldmc.com\/es\/wp-json\/wp\/v2\/comments?post=833"}],"wp:featuredmedia":[{"embeddable":true,"href":"https:\/\/www.weldmc.com\/es\/wp-json\/wp\/v2\/media\/2018"}],"wp:attachment":[{"href":"https:\/\/www.weldmc.com\/es\/wp-json\/wp\/v2\/media?parent=833"}],"wp:term":[{"taxonomy":"product_brand","embeddable":true,"href":"https:\/\/www.weldmc.com\/es\/wp-json\/wp\/v2\/product_brand?post=833"},{"taxonomy":"product_cat","embeddable":true,"href":"https:\/\/www.weldmc.com\/es\/wp-json\/wp\/v2\/product_cat?post=833"},{"taxonomy":"product_tag","embeddable":true,"href":"https:\/\/www.weldmc.com\/es\/wp-json\/wp\/v2\/product_tag?post=833"}],"curies":[{"name":"wp","href":"https:\/\/api.w.org\/{rel}","templated":true}]}}