{"id":784,"date":"2025-05-24T18:48:52","date_gmt":"2025-05-24T10:48:52","guid":{"rendered":"http:\/\/111.170.148.214:8095\/?post_type=product&#038;p=784"},"modified":"2025-07-31T10:42:49","modified_gmt":"2025-07-31T02:42:49","slug":"linea-de-soldadura-de-torres-eolicas","status":"publish","type":"product","link":"https:\/\/www.weldmc.com\/es\/product\/linea-de-soldadura-de-torres-eolicas\/","title":{"rendered":"L\u00ednea de soldadura de torres e\u00f3licas"},"content":{"rendered":"<p><strong><b>Caracter\u00edsticas principales<\/b><\/strong><\/p>\n<ul>\n<li><b><\/b><strong><b>Puesto de trabajo en voladizo eficiente<\/b><\/strong><\/li>\n<li>Dise\u00f1o de estructura en voladizo modular, que admite la combinaci\u00f3n de varias estaciones<\/li>\n<li>Se puede realizar soldadura continua multicapa y multipaso, y la eficiencia se mejora en m\u00e1s de 50%.<\/li>\n<\/ul>\n<p><img fetchpriority=\"high\" decoding=\"async\" class=\"alignnone size-full wp-image-792\" src=\"http:\/\/111.170.148.214:8095\/wp-content\/uploads\/2025\/05\/Wind-Tower-Welding-Line-Core-characteristics-scaled.jpg\" alt=\"L\u00ednea de soldadura de torres e\u00f3licas Caracter\u00edsticas del n\u00facleo\" width=\"2560\" height=\"1920\" srcset=\"https:\/\/www.weldmc.com\/wp-content\/uploads\/2025\/05\/Wind-Tower-Welding-Line-Core-characteristics-scaled.jpg 2560w, https:\/\/www.weldmc.com\/wp-content\/uploads\/2025\/05\/Wind-Tower-Welding-Line-Core-characteristics-300x225.jpg 300w, https:\/\/www.weldmc.com\/wp-content\/uploads\/2025\/05\/Wind-Tower-Welding-Line-Core-characteristics-1024x768.jpg 1024w, https:\/\/www.weldmc.com\/wp-content\/uploads\/2025\/05\/Wind-Tower-Welding-Line-Core-characteristics-768x576.jpg 768w, https:\/\/www.weldmc.com\/wp-content\/uploads\/2025\/05\/Wind-Tower-Welding-Line-Core-characteristics-1536x1152.jpg 1536w, https:\/\/www.weldmc.com\/wp-content\/uploads\/2025\/05\/Wind-Tower-Welding-Line-Core-characteristics-2048x1536.jpg 2048w, https:\/\/www.weldmc.com\/wp-content\/uploads\/2025\/05\/Wind-Tower-Welding-Line-Core-characteristics-600x450.jpg 600w\" sizes=\"(max-width: 2560px) 100vw, 2560px\" \/><\/p>\n<ul>\n<li><b><\/b><strong><b>Sistema integrado de proceso completo<\/b><\/strong><\/li>\n<li>Comprende una m\u00e1quina curvadora de chapas, una m\u00e1quina de corte de control num\u00e9rico, un equipo de soldadura, una unidad de desplazamiento de soldadura y un rodillo giratorio de chorro de arena y pintura.<\/li>\n<li>Todas las unidades cooperan para realizar el procesamiento completo de la torre, desde la chapa hasta el producto acabado.<\/li>\n<\/ul>\n<p><img decoding=\"async\" class=\"alignnone size-full wp-image-793\" src=\"http:\/\/111.170.148.214:8095\/wp-content\/uploads\/2025\/05\/Wind-Tower-Welding-Line-Full-process-integrated-system.jpg\" alt=\"L\u00ednea de soldadura de torres e\u00f3licas Sistema integrado de proceso completo\" width=\"1024\" height=\"908\" \/><\/p>\n<ul>\n<li><b><\/b><strong><b>E<\/b><\/strong><b><\/b><strong><b>Control inteligente de la soldadura<\/b><\/strong><\/li>\n<li>Ajuste digital de los par\u00e1metros de soldadura para garantizar la consistencia de la soldadura de circunferencias.<\/li>\n<li>Se adapta a torres de diferentes di\u00e1metros (2,5 m-6 m).<\/li>\n<\/ul>\n<p><strong><b>Configuraci\u00f3n t\u00edpica<\/b><\/strong><\/p>\n<ul>\n<li><b><\/b><strong><b>Unidad de pretratamiento: <\/b><\/strong>Corte y troquelado CNC<\/li>\n<li><b><\/b><strong><b>Unidad de formaci\u00f3n:<\/b><\/strong>curvadora de chapas de tres rodillos<\/li>\n<li><b><\/b><strong><b>Unidad de soldadura:<\/b><\/strong>sistema de soldadura por arco sumergido en voladizo (incluido dispositivo de eliminaci\u00f3n de polvo)<\/li>\n<li><b><\/b><strong><b>Unidad de postprocesado: <\/b><\/strong>chorro de arena y desoxidaci\u00f3n+tabla giratoria de pintura autom\u00e1tica<\/li>\n<\/ul>\n<p><strong><b>Aplicaci\u00f3n industrial<\/b><\/strong><\/p>\n<p>Es adecuado para la fabricaci\u00f3n en serie de torres de aerogeneradores onshore\/offshore de 2MW-8MW, y es compatible con materiales de acero al carbono\/acero de alta resistencia.<\/p>\n<p><img decoding=\"async\" class=\"alignnone size-full wp-image-797\" src=\"http:\/\/111.170.148.214:8095\/wp-content\/uploads\/2025\/05\/\u56fe\u72471-scaled.png\" alt=\"L\u00ednea de soldadura de torres e\u00f3licas Proceso de producci\u00f3n de tubos de una torre\" width=\"2560\" height=\"1707\" srcset=\"https:\/\/www.weldmc.com\/wp-content\/uploads\/2025\/05\/\u56fe\u72471-scaled.png 2560w, https:\/\/www.weldmc.com\/wp-content\/uploads\/2025\/05\/\u56fe\u72471-300x200.png 300w, https:\/\/www.weldmc.com\/wp-content\/uploads\/2025\/05\/\u56fe\u72471-1024x683.png 1024w, https:\/\/www.weldmc.com\/wp-content\/uploads\/2025\/05\/\u56fe\u72471-768x512.png 768w, https:\/\/www.weldmc.com\/wp-content\/uploads\/2025\/05\/\u56fe\u72471-1536x1024.png 1536w, https:\/\/www.weldmc.com\/wp-content\/uploads\/2025\/05\/\u56fe\u72471-2048x1365.png 2048w, https:\/\/www.weldmc.com\/wp-content\/uploads\/2025\/05\/\u56fe\u72471-600x400.png 600w\" sizes=\"(max-width: 2560px) 100vw, 2560px\" \/><\/p>\n<p class=\"ds-markdown-paragraph\"><strong>Soluci\u00f3n t\u00e9cnica de la l\u00ednea de soldadura de torres e\u00f3licas WUXI ABK<\/strong><\/p>\n<p class=\"ds-markdown-paragraph\"><strong>Proceso de corte de precisi\u00f3n para secciones de torre c\u00f3nicas<\/strong><br \/>\nNuestra\u00a0<strong>l\u00ednea de producci\u00f3n de torres e\u00f3licas<\/strong>\u00a0implementa un estricto control dimensional para la fabricaci\u00f3n c\u00f3nica de una sola secci\u00f3n, donde las tolerancias de los di\u00e1metros superior e inferior son cr\u00edticas. El\u00a0<strong>sistema de cegado autom\u00e1tico<\/strong>\u00a0mantiene una precisi\u00f3n de \u00b11,5 mm en las placas de acero principales mediante\u00a0<strong>tecnolog\u00eda de alimentaci\u00f3n guiada por l\u00e1ser<\/strong>, esencial para garantizar la posterior\u00a0<strong>soldadura por costura circular<\/strong>\u00a0calidad. Este proceso est\u00e1 respaldado por nuestro\u00a0<strong>Equipo de corte CNC<\/strong>\u00a0con compensaci\u00f3n de espesor en tiempo real.<\/p>\n<p class=\"ds-markdown-paragraph\"><strong>Control de la deformaci\u00f3n de la soldadura de bridas<\/strong><br \/>\nPara resolver los problemas de distorsi\u00f3n de las bridas en\u00a0<strong>fabricaci\u00f3n de torres de aerogeneradores<\/strong>desplegamos:<\/p>\n<ol start=\"1\">\n<li>\n<p class=\"ds-markdown-paragraph\"><strong>Tecnolog\u00eda de soldadura sim\u00e9trica segmentada<\/strong>\u00a0con nuestro\u00a0<strong>Sistemas SAW (soldadura por arco sumergido)<\/strong><\/p>\n<\/li>\n<li>\n<p class=\"ds-markdown-paragraph\"><strong>Alisadoras autom\u00e1ticas de costuras circulares<\/strong>\u00a0con una presi\u00f3n hidr\u00e1ulica de hasta 300 toneladas<\/p>\n<\/li>\n<li>\n<p class=\"ds-markdown-paragraph\"><strong>Estaciones de tratamiento t\u00e9rmico posterior a la soldadura<\/strong>\u00a0para aliviar el estr\u00e9s<\/p>\n<\/li>\n<\/ol>\n<p class=\"ds-markdown-paragraph\">Estas soluciones reducen la excentricidad de la brida a &lt;2 mm\/m, superando\u00a0<strong>EN 1090-2<\/strong>\u00a0normas para\u00a0<strong>fabricaci\u00f3n de torres e\u00f3licas marinas<\/strong>.<\/p>\n<p class=\"ds-markdown-paragraph\"><strong>Optimizaci\u00f3n del montaje de secciones de torre<\/strong><br \/>\nPara torres de gran secci\u00f3n (12-30 m), nuestra l\u00ednea de producci\u00f3n integra:<\/p>\n<ul>\n<li>\n<p class=\"ds-markdown-paragraph\"><strong>Sistemas de centrado l\u00e1ser<\/strong>\u00a0con una precisi\u00f3n de alineaci\u00f3n de \u00b10,5 mm<\/p>\n<\/li>\n<li>\n<p class=\"ds-markdown-paragraph\"><strong>Plataformas digitales de premontaje<\/strong>\u00a0que aumentan la eficiencia en 40%<\/p>\n<\/li>\n<li>\n<p class=\"ds-markdown-paragraph\"><strong>Dispositivos de sujeci\u00f3n automatizados<\/strong>\u00a0para\u00a0<strong>emparejamiento de bridas<\/strong><\/p>\n<\/li>\n<\/ul>\n<p class=\"ds-markdown-paragraph\">En\u00a0<strong>posicionadores de soldadura<\/strong>\u00a0y\u00a0<strong>rotadores<\/strong>\u00a0de nuestra l\u00ednea admiten di\u00e1metros de hasta 6 m, mientras que\u00a0<strong>tractores de soldadura adaptables<\/strong>\u00a0garantizar la coherencia\u00a0<strong>calidad de la soldadura circunferencial<\/strong>\u00a0en todo el\u00a0<strong>proceso de laminado de secciones de torre<\/strong>.<\/p>\n<p class=\"ds-markdown-paragraph\"><strong>Tecnolog\u00edas y equipos clave<\/strong><br \/>\n\u2713\u00a0<strong>C\u00e9lulas de soldadura robotizadas<\/strong>\u00a0para costuras longitudinales<br \/>\n\u2713\u00a0<strong>Sistemas de escaneado 3D<\/strong>\u00a0para la verificaci\u00f3n dimensional<br \/>\n\u2713\u00a0<strong>Base de datos inteligente de par\u00e1metros de soldadura<\/strong>\u00a0con m\u00e1s de 100 programas predefinidos<br \/>\n\u2713\u00a0<strong>Soluciones de producci\u00f3n llave en mano<\/strong>\u00a0desde el corte hasta la inspecci\u00f3n final<\/p>\n<p class=\"ds-markdown-paragraph\"><strong>Garant\u00eda de calidad<\/strong><br \/>\nTodos los sistemas cumplen:<br \/>\n-\u00a0<strong>Certificaci\u00f3n GL<\/strong>\u00a0para componentes de energ\u00eda e\u00f3lica<br \/>\n-\u00a0<strong>ISO 3834-2<\/strong>\u00a0normas de calidad de la soldadura<br \/>\n-\u00a0<strong>Directiva CE sobre m\u00e1quinas<\/strong>\u00a0requisitos<\/p>\n<p><strong><b>Proceso de producci\u00f3n de tubos de torre \u00fanica:<\/b><\/strong><\/p>\n<p><img loading=\"lazy\" decoding=\"async\" class=\"alignnone size-full wp-image-795\" src=\"http:\/\/111.170.148.214:8095\/wp-content\/uploads\/2025\/05\/Wind-Tower-Welding-Line-Single-Tower-Tube-Production-Process.jpg\" alt=\"L\u00ednea de soldadura de torres e\u00f3licas Proceso de producci\u00f3n de tubos de una torre\" width=\"600\" height=\"175\" srcset=\"https:\/\/www.weldmc.com\/wp-content\/uploads\/2025\/05\/Wind-Tower-Welding-Line-Single-Tower-Tube-Production-Process.jpg 600w, https:\/\/www.weldmc.com\/wp-content\/uploads\/2025\/05\/Wind-Tower-Welding-Line-Single-Tower-Tube-Production-Process-300x88.jpg 300w\" sizes=\"(max-width: 600px) 100vw, 600px\" \/><\/p>\n<p><strong><b>Proceso de producci\u00f3n de tubos de torre m\u00faltiple:<\/b><\/strong><\/p>\n<p><img loading=\"lazy\" decoding=\"async\" class=\"alignnone size-full wp-image-786\" src=\"http:\/\/111.170.148.214:8095\/wp-content\/uploads\/2025\/05\/Wind-Tower-Welding-Line-Tower-Tube-Sandblasting-and-Painting-Production-Process.jpg\" alt=\"L\u00ednea de soldadura de torres e\u00f3licas Proceso de producci\u00f3n de tubos de una torre\" width=\"600\" height=\"177\" srcset=\"https:\/\/www.weldmc.com\/wp-content\/uploads\/2025\/05\/Wind-Tower-Welding-Line-Tower-Tube-Sandblasting-and-Painting-Production-Process.jpg 600w, https:\/\/www.weldmc.com\/wp-content\/uploads\/2025\/05\/Wind-Tower-Welding-Line-Tower-Tube-Sandblasting-and-Painting-Production-Process-300x89.jpg 300w\" sizes=\"(max-width: 600px) 100vw, 600px\" \/><\/p>\n<p><strong><b>Proceso de producci\u00f3n de arenado y pintura de tubos de torre:<\/b><\/strong><\/p>\n<p><strong><b>Componentes principales de la l\u00ednea de soldadura de torres e\u00f3licas:<\/b><\/strong><\/p>\n<p>1.M\u00e1quina curvadora:<\/p>\n<p><img loading=\"lazy\" decoding=\"async\" class=\"alignnone size-full wp-image-789\" src=\"http:\/\/111.170.148.214:8095\/wp-content\/uploads\/2025\/05\/Main-Components-of-Wind-Tower-Welding-Line.jpg\" alt=\"L\u00ednea de soldadura de torres e\u00f3licas Proceso de producci\u00f3n de tubos de una torre\" width=\"1010\" height=\"400\" srcset=\"https:\/\/www.weldmc.com\/wp-content\/uploads\/2025\/05\/Main-Components-of-Wind-Tower-Welding-Line.jpg 1010w, https:\/\/www.weldmc.com\/wp-content\/uploads\/2025\/05\/Main-Components-of-Wind-Tower-Welding-Line-300x119.jpg 300w, https:\/\/www.weldmc.com\/wp-content\/uploads\/2025\/05\/Main-Components-of-Wind-Tower-Welding-Line-768x304.jpg 768w, https:\/\/www.weldmc.com\/wp-content\/uploads\/2025\/05\/Main-Components-of-Wind-Tower-Welding-Line-600x238.jpg 600w\" sizes=\"(max-width: 1010px) 100vw, 1010px\" \/><\/p>\n<p>2.<strong><b>L\u00ednea de soldadura de torres e\u00f3licas<\/b><\/strong>\u00a0M\u00e1quina de corte CNC:<\/p>\n<p><img loading=\"lazy\" decoding=\"async\" class=\"alignnone size-full wp-image-791\" src=\"http:\/\/111.170.148.214:8095\/wp-content\/uploads\/2025\/05\/Wind-Tower-Welding-Line-CNC-Cutting-Machine.jpg\" alt=\"L\u00ednea de soldadura de torres e\u00f3licas Proceso de producci\u00f3n de tubos de una torre\" width=\"1010\" height=\"400\" srcset=\"https:\/\/www.weldmc.com\/wp-content\/uploads\/2025\/05\/Wind-Tower-Welding-Line-CNC-Cutting-Machine.jpg 1010w, https:\/\/www.weldmc.com\/wp-content\/uploads\/2025\/05\/Wind-Tower-Welding-Line-CNC-Cutting-Machine-300x119.jpg 300w, https:\/\/www.weldmc.com\/wp-content\/uploads\/2025\/05\/Wind-Tower-Welding-Line-CNC-Cutting-Machine-768x304.jpg 768w, https:\/\/www.weldmc.com\/wp-content\/uploads\/2025\/05\/Wind-Tower-Welding-Line-CNC-Cutting-Machine-600x238.jpg 600w\" sizes=\"(max-width: 1010px) 100vw, 1010px\" \/><\/p>\n<p>Hay dos tipos de cortadoras CNC para que usted elija: La cortadora CNC de llama y la cortadora CNC de plasma, y ambas pueden cortar simult\u00e1neamente varias placas, por lo que la cortadora es altamente eficiente.<\/p>\n<ol start=\"3\">\n<li>Equipos de soldadura:<\/li>\n<\/ol>\n<p><img loading=\"lazy\" decoding=\"async\" class=\"alignnone size-full wp-image-787\" src=\"http:\/\/111.170.148.214:8095\/wp-content\/uploads\/2025\/05\/Wind-Tower-Welding-Line-Welding-Equipment.jpg\" alt=\"\" width=\"1020\" height=\"816\" srcset=\"https:\/\/www.weldmc.com\/wp-content\/uploads\/2025\/05\/Wind-Tower-Welding-Line-Welding-Equipment.jpg 1020w, https:\/\/www.weldmc.com\/wp-content\/uploads\/2025\/05\/Wind-Tower-Welding-Line-Welding-Equipment-300x240.jpg 300w, https:\/\/www.weldmc.com\/wp-content\/uploads\/2025\/05\/Wind-Tower-Welding-Line-Welding-Equipment-768x614.jpg 768w, https:\/\/www.weldmc.com\/wp-content\/uploads\/2025\/05\/Wind-Tower-Welding-Line-Welding-Equipment-600x480.jpg 600w\" sizes=\"(max-width: 1020px) 100vw, 1020px\" \/><\/p>\n<p>El equipo de soldadura consta principalmente de manipulador de soldadura, sistema de soldadura por arco sumergido, sistema autom\u00e1tico de alimentaci\u00f3n de reciclado y rotador de soldadura.<\/p>\n<p>4.Juego de rotores de soldadura:<br \/>\nLa parte coincidente y la secci\u00f3n de soldadura de costura circular del tubo de la torre e\u00f3lica se componen principalmente de manipulador de soldadura, sistema de soldadura por arco sumergido, sistema autom\u00e1tico de alimentaci\u00f3n de reciclado, rotador de soldadura.<\/p>\n<p><img loading=\"lazy\" decoding=\"async\" class=\"alignnone size-full wp-image-788\" src=\"http:\/\/111.170.148.214:8095\/wp-content\/uploads\/2025\/05\/Wind-Tower-Welding-Line-Welding-Rotator-Set.jpg\" alt=\"\" width=\"1020\" height=\"816\" srcset=\"https:\/\/www.weldmc.com\/wp-content\/uploads\/2025\/05\/Wind-Tower-Welding-Line-Welding-Rotator-Set.jpg 1020w, https:\/\/www.weldmc.com\/wp-content\/uploads\/2025\/05\/Wind-Tower-Welding-Line-Welding-Rotator-Set-300x240.jpg 300w, https:\/\/www.weldmc.com\/wp-content\/uploads\/2025\/05\/Wind-Tower-Welding-Line-Welding-Rotator-Set-768x614.jpg 768w, https:\/\/www.weldmc.com\/wp-content\/uploads\/2025\/05\/Wind-Tower-Welding-Line-Welding-Rotator-Set-600x480.jpg 600w\" sizes=\"(max-width: 1020px) 100vw, 1020px\" \/><\/p>\n<p>5.Chorro de arena y pintura<br \/>\nPara facilitar el proceso de arenado y pintura de los tubos de la torre, se han instalado rodillos giratorios con capacidad para caminar. Los rodillos giratorios de pintura han adoptado ruedas de rodillos c\u00f3ncavos medios, que pueden utilizarse para apoyar las bridas de modo que el trabajo de pintura pueda terminarse c\u00f3modamente. El motor es antiexplosivo y a prueba de polvo.<\/p>\n<p><img loading=\"lazy\" decoding=\"async\" class=\"alignnone size-full wp-image-790\" src=\"http:\/\/111.170.148.214:8095\/wp-content\/uploads\/2025\/05\/Wind-Tower-Welding-Line-1.jpg\" alt=\"L\u00ednea de soldadura de torres e\u00f3licas-1\" width=\"1020\" height=\"816\" srcset=\"https:\/\/www.weldmc.com\/wp-content\/uploads\/2025\/05\/Wind-Tower-Welding-Line-1.jpg 1020w, https:\/\/www.weldmc.com\/wp-content\/uploads\/2025\/05\/Wind-Tower-Welding-Line-1-300x240.jpg 300w, https:\/\/www.weldmc.com\/wp-content\/uploads\/2025\/05\/Wind-Tower-Welding-Line-1-768x614.jpg 768w, https:\/\/www.weldmc.com\/wp-content\/uploads\/2025\/05\/Wind-Tower-Welding-Line-1-600x480.jpg 600w\" sizes=\"(max-width: 1020px) 100vw, 1020px\" \/><\/p>\n<p><img loading=\"lazy\" decoding=\"async\" class=\"alignnone size-full wp-image-794\" src=\"http:\/\/111.170.148.214:8095\/wp-content\/uploads\/2025\/05\/Wind-Tower-Welding-Line-Sandblasting-and-Painting.jpg\" alt=\"\" width=\"1500\" height=\"1500\" srcset=\"https:\/\/www.weldmc.com\/wp-content\/uploads\/2025\/05\/Wind-Tower-Welding-Line-Sandblasting-and-Painting.jpg 1500w, https:\/\/www.weldmc.com\/wp-content\/uploads\/2025\/05\/Wind-Tower-Welding-Line-Sandblasting-and-Painting-300x300.jpg 300w, https:\/\/www.weldmc.com\/wp-content\/uploads\/2025\/05\/Wind-Tower-Welding-Line-Sandblasting-and-Painting-1024x1024.jpg 1024w, https:\/\/www.weldmc.com\/wp-content\/uploads\/2025\/05\/Wind-Tower-Welding-Line-Sandblasting-and-Painting-150x150.jpg 150w, https:\/\/www.weldmc.com\/wp-content\/uploads\/2025\/05\/Wind-Tower-Welding-Line-Sandblasting-and-Painting-768x768.jpg 768w, https:\/\/www.weldmc.com\/wp-content\/uploads\/2025\/05\/Wind-Tower-Welding-Line-Sandblasting-and-Painting-500x500.jpg 500w, https:\/\/www.weldmc.com\/wp-content\/uploads\/2025\/05\/Wind-Tower-Welding-Line-Sandblasting-and-Painting-600x600.jpg 600w, https:\/\/www.weldmc.com\/wp-content\/uploads\/2025\/05\/Wind-Tower-Welding-Line-Sandblasting-and-Painting-100x100.jpg 100w\" sizes=\"(max-width: 1500px) 100vw, 1500px\" \/><\/p>\n<p>Wuxi ABK Machinery Co.Ltd es un fabricante profesional de rotador de soldadura en China. Y nuestro rotador de soldadura incluye principalmente rotador de soldadura est\u00e1ndar, rotador de soldadura ajustable y rotador de soldadura especial. Tambi\u00e9n podemos ofrecer a nuestros clientes en todo el mundo muchos otros productos, incluyendo la plataforma giratoria de soldadura, m\u00e1quina de soldadura de pilotes, l\u00ednea de producci\u00f3n de torres e\u00f3licas, l\u00ednea de soldadura de vigas H, equipos de soldadura de tuber\u00edas, m\u00e1quina de corte CNC, m\u00e1quina rectificadora, m\u00e1quina perfiladora, m\u00e1quina curvadora de placas, etc. Hemos obtenido la certificaci\u00f3n ISO y CE, y tambi\u00e9n ofrecemos servicio OEM.<\/p>","protected":false},"excerpt":{"rendered":"<p><strong>L\u00ednea de soldadura de torres e\u00f3licas WUXI ABK<\/strong>\u00a0ofrece precisi\u00f3n automatizada para\u00a0<strong>fabricaci\u00f3n de secciones de torre<\/strong>con\u00a0<strong>soldadura robotizada de circunferencias<\/strong>\u00a0y\u00a0<strong>sistemas de alineaci\u00f3n de bridas<\/strong>. Nuestra\u00a0<strong>Posicionadores controlados por CNC<\/strong>\u00a0garantizan una precisi\u00f3n de \u00b11 mm para\u00a0<strong>juntas de gran di\u00e1metro<\/strong>mientras que el\u00a0<strong>seguimiento integrado de las costuras<\/strong>\u00a0mantiene una coherencia\u00a0<strong>penetraci\u00f3n de la soldadura<\/strong>. Ideal para\u00a0<strong>Torres de turbina de 4-8MW<\/strong>Este\u00a0<strong>L\u00ednea con certificaci\u00f3n CE<\/strong>\u00a0aumenta la productividad mediante 40% con\u00a0<strong>supervisi\u00f3n inteligente de procesos<\/strong>.<\/p>","protected":false},"featured_media":798,"comment_status":"open","ping_status":"closed","template":"","meta":{"_acf_changed":false},"product_brand":[],"product_cat":[31],"product_tag":[],"class_list":{"0":"post-784","1":"product","2":"type-product","3":"status-publish","4":"has-post-thumbnail","6":"product_cat-wind-tower-welding-line","8":"first","9":"instock","10":"shipping-taxable","11":"product-type-simple"},"acf":[],"_links":{"self":[{"href":"https:\/\/www.weldmc.com\/es\/wp-json\/wp\/v2\/product\/784","targetHints":{"allow":["GET"]}}],"collection":[{"href":"https:\/\/www.weldmc.com\/es\/wp-json\/wp\/v2\/product"}],"about":[{"href":"https:\/\/www.weldmc.com\/es\/wp-json\/wp\/v2\/types\/product"}],"replies":[{"embeddable":true,"href":"https:\/\/www.weldmc.com\/es\/wp-json\/wp\/v2\/comments?post=784"}],"wp:featuredmedia":[{"embeddable":true,"href":"https:\/\/www.weldmc.com\/es\/wp-json\/wp\/v2\/media\/798"}],"wp:attachment":[{"href":"https:\/\/www.weldmc.com\/es\/wp-json\/wp\/v2\/media?parent=784"}],"wp:term":[{"taxonomy":"product_brand","embeddable":true,"href":"https:\/\/www.weldmc.com\/es\/wp-json\/wp\/v2\/product_brand?post=784"},{"taxonomy":"product_cat","embeddable":true,"href":"https:\/\/www.weldmc.com\/es\/wp-json\/wp\/v2\/product_cat?post=784"},{"taxonomy":"product_tag","embeddable":true,"href":"https:\/\/www.weldmc.com\/es\/wp-json\/wp\/v2\/product_tag?post=784"}],"curies":[{"name":"wp","href":"https:\/\/api.w.org\/{rel}","templated":true}]}}