{"id":753,"date":"2025-05-24T17:53:41","date_gmt":"2025-05-24T09:53:41","guid":{"rendered":"http:\/\/111.170.148.214:8095\/?post_type=product&#038;p=753"},"modified":"2025-11-21T09:05:06","modified_gmt":"2025-11-21T01:05:06","slug":"manipulador-de-soldadura","status":"publish","type":"product","link":"https:\/\/www.weldmc.com\/es\/product\/manipulador-de-soldadura\/","title":{"rendered":"Manipulador de soldadura"},"content":{"rendered":"<p>Par\u00e1metros t\u00e9cnicos del manipulador de soldadura (manipulador de pluma de columna):<\/p>\n<table class=\"table\" cellspacing=\"1\" cellpadding=\"0\">\n<tbody>\n<tr class=\"top_t\">\n<td>Modelo<\/td>\n<td>LH8080<\/td>\n<td>LH4580<\/td>\n<td>LH5060<\/td>\n<td>LH3040<\/td>\n<td>LH1235<\/td>\n<\/tr>\n<tr>\n<td>Recorrido horizontal (mm)<\/td>\n<td>8000<\/td>\n<td>4500<\/td>\n<td>5000<\/td>\n<td>3000<\/td>\n<td>1200<\/td>\n<\/tr>\n<tr>\n<td>Recorrido vertical (mm)<\/td>\n<td>8000<\/td>\n<td>8000<\/td>\n<td>6000<\/td>\n<td>4000<\/td>\n<td>3500<\/td>\n<\/tr>\n<tr>\n<td>\u00c1ngulo de rotaci\u00f3n (mm)<\/td>\n<td>\u00b1180\u00b0<\/td>\n<td>\u00b1180\u00b0<\/td>\n<td>\u00b1180\u00b0<\/td>\n<td>\u00b1180\u00b0<\/td>\n<td>Control manual<br \/>\n\u00b1360\u00b0<\/td>\n<\/tr>\n<tr>\n<td>Velocidad de rotaci\u00f3n (m\/min)<\/td>\n<td>0.12<\/td>\n<td>0.12<\/td>\n<td>0.12<\/td>\n<td>0.12<\/td>\n<td><\/td>\n<\/tr>\n<tr>\n<td>Velocidad de elevaci\u00f3n de la pluma (m\/min)<\/td>\n<td>0.4<\/td>\n<td>0.4<\/td>\n<td>0.4<\/td>\n<td>0.4<\/td>\n<td>0.4<\/td>\n<\/tr>\n<tr>\n<td>Velocidad de avance de la pluma (m\/min)<\/td>\n<td>0.12-1.2<\/td>\n<td>0.12-1.2<\/td>\n<td>0.12-1.2<\/td>\n<td>0.12-1.2<\/td>\n<td>0.12-1.2<\/td>\n<\/tr>\n<tr>\n<td>Velocidad de avance-retroceso (m\/min)<\/td>\n<td>0.2-2<\/td>\n<td>0.2-2<\/td>\n<td>0.2-2<\/td>\n<td>0.2-2<\/td>\n<td>Control manual<\/td>\n<\/tr>\n<tr>\n<td>Distancia del carril de la mesa (mm)<\/td>\n<td>2700<\/td>\n<td>2000<\/td>\n<td>2000<\/td>\n<td>1500<\/td>\n<td>1000<\/td>\n<\/tr>\n<\/tbody>\n<\/table>\n<p>&nbsp;<\/p>\n<p>&nbsp;<\/p>\n<p><img decoding=\"async\" src=\"https:\/\/www.weldmc.com\/wp-content\/uploads\/2025\/05\/welding-manipulator-1.png\" alt=\"manipulador de soldadura-1\" \/><\/p>\n<p><img fetchpriority=\"high\" decoding=\"async\" class=\"\" src=\"https:\/\/www.weldmc.com\/wp-content\/uploads\/2025\/05\/column-boom_1.png\" alt=\"columna boom_1\" width=\"769\" height=\"433\" \/> <img decoding=\"async\" class=\"\" src=\"https:\/\/www.weldmc.com\/wp-content\/uploads\/2025\/05\/column-boom_2.png\" alt=\"columna boom_2\" width=\"768\" height=\"465\" \/><\/p>\n<p>Estructura principal<\/p>\n<p><img decoding=\"async\" class=\"alignright\" src=\"https:\/\/www.weldmc.com\/wp-content\/uploads\/2025\/05\/IMG_9530.jpg\" alt=\"manipulador de soldadura_2\" width=\"459\" height=\"612\" \/><\/p>\n<p>Columna+brazo transversal+asiento gu\u00eda+carro m\u00f3vil<\/p>\n<p>Composici\u00f3n de un conjunto completo<\/p>\n<p>* Columna<\/p>\n<p>* Boom<\/p>\n<p>* Base<\/p>\n<p>* Silla de montar<\/p>\n<p>* Sistema de elevaci\u00f3n<\/p>\n<p>* Sistema de extensi\u00f3n<\/p>\n<p>* Sistema de rotaci\u00f3n<\/p>\n<p>* Bloqueo de rotaci\u00f3n<\/p>\n<p>* Tipo de movimiento y rotaci\u00f3n<\/p>\n<p>* Anti ca\u00edda<\/p>\n<p>* Esquina de la cabeza<\/p>\n<p>* Carruaje en Boom<\/p>\n<p>* Power-slides<\/p>\n<p>* Sistema de control<\/p>\n<p>&nbsp;<\/p>\n<ol>\n<li>Motor<\/li>\n<li><img loading=\"lazy\" decoding=\"async\" class=\"aligncenter\" src=\"https:\/\/www.weldmc.com\/wp-content\/uploads\/2025\/05\/Motor_2-1.png\" alt=\"\" width=\"676\" height=\"508\" \/><img decoding=\"async\" class=\"aligncenter\" src=\"https:\/\/www.weldmc.com\/wp-content\/uploads\/2025\/05\/Motor_1-1.png\" alt=\"Motor_1\" \/>Reductor<\/li>\n<\/ol>\n<p><img decoding=\"async\" src=\"https:\/\/www.weldmc.com\/wp-content\/uploads\/2025\/05\/reducer1.png\" alt=\"reductor1\" \/><\/p>\n<p>En la mayor\u00eda de los casos, este reductor ha sustituido a los reductores de engranajes cil\u00edndricos ordinarios de dos y tres etapas y a los reductores de tornillo sin fin cil\u00edndrico, y se ha utilizado ampliamente en la industria militar, aeroespacial, metal\u00fargica, minera, petrolera, industria qu\u00edmica, naval, industria ligera, alimentaria, textil, de impresi\u00f3n y te\u00f1ido, farmac\u00e9utica, del caucho, del pl\u00e1stico, y de elevaci\u00f3n y transporte.<\/p>\n<p>Caracter\u00edsticas del producto\uff1a<\/p>\n<p><img decoding=\"async\" src=\"https:\/\/www.weldmc.com\/wp-content\/uploads\/2025\/05\/Reverse-gear_1-1.png\" alt=\"Marcha atr\u00e1s_1\" \/><\/p>\n<ol>\n<li>Alta relaci\u00f3n de transmisi\u00f3n.<\/li>\n<li>Alta eficacia de transmisi\u00f3n.<\/li>\n<li>Estructura compacta, tama\u00f1o reducido y peso ligero.<\/li>\n<li>Menos aver\u00edas, larga vida \u00fatil.<\/li>\n<li>Funcionamiento suave y fiable.<\/li>\n<li>F\u00e1cil desmontaje y reparaci\u00f3n.<\/li>\n<li>Gran capacidad de sobrecarga, resistencia al impacto, peque\u00f1o momento de inercia, adecuado para arranques frecuentes y funcionamiento positivo e inverso.<\/li>\n<\/ol>\n<p><img decoding=\"async\" src=\"https:\/\/www.weldmc.com\/wp-content\/uploads\/2025\/05\/Reverse-gear_3-1.png\" alt=\"Marcha atr\u00e1s_3\" \/><\/p>\n<p>El reductor es un tipo de mecanismo de transmisi\u00f3n de potencia, que utiliza el convertidor de velocidad de engranaje para reducir el n\u00famero de rotaci\u00f3n del motor al n\u00famero de rotaci\u00f3n requerido y obtener una estructura con gran par.<\/p>\n<p><img decoding=\"async\" src=\"https:\/\/www.weldmc.com\/wp-content\/uploads\/2025\/05\/Reducer-2.png\" alt=\"Reductor\" \/><\/p>\n<p>Funci\u00f3n del reductor\uff1aReducir la velocidad y aumentar el par de salida al mismo tiempo. La relaci\u00f3n de salida de par se multiplica por la relaci\u00f3n de deceleraci\u00f3n de salida del motor, pero no superar\u00e1 el par nominal del reductor. Al mismo tiempo, la inercia del lo.ad se reduce al cuadrado de la relaci\u00f3n de deceleraci\u00f3n.<\/p>\n<ol start=\"3\">\n<li>Rodamiento giratorio<\/li>\n<\/ol>\n<p><img decoding=\"async\" src=\"https:\/\/www.weldmc.com\/wp-content\/uploads\/2025\/05\/Reverse-gear-1.png\" alt=\"Marcha atr\u00e1s\" \/><\/p>\n<p>El rodamiento de giro es el elemento b\u00e1sico de fuerza de la m\u00e1quina, que requiere la rotaci\u00f3n relativa entre las dos partes y soporta la fuerza axial, la fuerza radial y el momento de vuelco al mismo tiempo.su funci\u00f3n b\u00e1sica es utilizar pernos para fijarlo en los soportes superior e inferior del equipo mec\u00e1nico para transmitir la fuerza y la unidad a fin de realizar la rotaci\u00f3n relativa entre las dos partes del equipo mec\u00e1nico.el soporte giratorio generalmente tiene orificios de instalaci\u00f3n, engranajes internos o externos, orificios de lubricaci\u00f3n y dispositivos de sellado. Tiene las caracter\u00edsticas de estructura compacta, peso ligero, buen acero estructural, funcionamiento suave, alta precisi\u00f3n, seguridad y fiabilidad.<\/p>\n<p>El rodamiento giratorio es una parte b\u00e1sica de los equipos mec\u00e1nicos y se utiliza ampliamente en diversas industrias de la econom\u00eda nacional. Se utiliza ampliamente en maquinaria de construcci\u00f3n, maquinaria portuaria, maquinaria metal\u00fargica, maquinaria minera, maquinaria petrolera, maquinaria qu\u00edmica, equipos m\u00e9dicos, maquinaria naval, maquinaria industrial ligera, maquinaria de protecci\u00f3n medioambiental, equipos de entretenimiento, maquinaria de transporte y equipos militares. Los soportes giratorios se utilizan cada vez m\u00e1s en proyectos de ahorro de energ\u00eda y protecci\u00f3n medioambiental, como las turbinas e\u00f3licas, que requieren una gran variedad de kits de soporte giratorio de postes de precisi\u00f3n.<\/p>\n<ol start=\"4\">\n<li>Engranaje<\/li>\n<\/ol>\n<p><img decoding=\"async\" src=\"https:\/\/www.weldmc.com\/wp-content\/uploads\/2025\/05\/Slewing-bearing.png\" alt=\"Rodamiento giratorio\" \/><\/p>\n<p>El engranaje es una pieza mec\u00e1nica parecida a una rueda que transmite el par mediante el engranaje de los dientes. Mediante la transmisi\u00f3n con otras piezas mec\u00e1nicas dentadas (como otro engranaje, la cremallera Dao y el tornillo sin fin), el engranaje puede cambiar la velocidad y el par, cambiar la direcci\u00f3n del movimiento y cambiar la forma del movimiento.<\/p>\n<ol start=\"5\">\n<li>Eje<\/li>\n<\/ol>\n<p>La m\u00e1quina de transposici\u00f3n impulsa la rotaci\u00f3n del engranaje interno a trav\u00e9s de la rotaci\u00f3n del eje, y luego impulsa la rotaci\u00f3n del engranaje externo, logrando as\u00ed la funci\u00f3n de transposici\u00f3n.<\/p>\n<p><img decoding=\"async\" src=\"https:\/\/www.weldmc.com\/wp-content\/uploads\/2025\/05\/axis1.png\" alt=\"eje1\" \/><\/p>\n<p class=\"ds-markdown-paragraph\"><strong>Manipulador de soldadura WUXI ABK Introducci\u00f3n de productos<\/strong><\/p>\n<p class=\"ds-markdown-paragraph\">Como pionera en la tecnolog\u00eda de automatizaci\u00f3n de la soldadura, WUXI ABK MACHINERY ha desarrollado sistemas de manipuladores de soldadura l\u00edderes en el sector, dise\u00f1ados espec\u00edficamente para la fabricaci\u00f3n de tanques de almacenamiento, recipientes a presi\u00f3n y estructuras de acero pesadas. Nuestros sistemas de columna y brazo de soldadura incorporan tecnolog\u00edas patentadas que ofrecen una precisi\u00f3n y fiabilidad inigualables en aplicaciones industriales exigentes.<\/p>\n<p class=\"ds-markdown-paragraph\"><strong>Principales ventajas tecnol\u00f3gicas<\/strong><br \/>\nEl brazo de la columna de soldadura cuenta con una estructura de viga en caja de alta resistencia con tratamiento de alivio de tensiones de precisi\u00f3n, lo que garantiza la estabilidad a largo plazo para un funcionamiento continuo. Nuestro sistema manipulador de soldadura de tanques integra gu\u00edas lineales de alta precisi\u00f3n y mecanismos de transmisi\u00f3n de cremallera, logrando una excepcional estabilidad operativa de \u00b10,1 mm\/m, fundamental para la soldadura de tanques de almacenamiento de gran di\u00e1metro. El sistema de control inteligente combina el seguimiento autom\u00e1tico del cord\u00f3n con la supervisi\u00f3n del proceso en tiempo real, mejorando tanto la calidad de la soldadura como la productividad hasta 40% en comparaci\u00f3n con los m\u00e9todos convencionales.<\/p>\n<p><img decoding=\"async\" src=\"https:\/\/www.weldmc.com\/wp-content\/uploads\/2025\/10\/column-style-manipulator.png\" alt=\"manipulador de columna\" \/><\/p>\n<p class=\"ds-markdown-paragraph\"><strong>Opciones de configuraci\u00f3n para diversas aplicaciones<\/strong><br \/>\nWUXI ABK ofrece soluciones integrales de manipuladores de soldadura:<\/p>\n<ul>\n<li>\n<p class=\"ds-markdown-paragraph\"><strong>Manipuladores de soldadura fijos<\/strong>: Sistemas compactos y econ\u00f3micos ideales para la soldadura de costuras longitudinales en tanques de almacenamiento peque\u00f1os y medianos.<\/p>\n<\/li>\n<li>\n<p class=\"ds-markdown-paragraph\"><strong>Configuraciones rotativas fijas<\/strong>: Se ha a\u00f1adido la funci\u00f3n de rotaci\u00f3n de columnas para operaciones de soldadura de contenedores multi\u00e1ngulo.<\/p>\n<\/li>\n<li>\n<p class=\"ds-markdown-paragraph\"><strong>Manipuladores m\u00f3viles de dep\u00f3sitos giratorios<\/strong>: Movimiento omnidireccional y capacidad de giro de 360\u00b0 para la construcci\u00f3n de campos de tanques grandes<br \/>\nTodos los modelos se integran perfectamente con posicionadores, mesas giratorias y otros equipos auxiliares de soldadura.<\/p>\n<\/li>\n<\/ul>\n<p class=\"ds-markdown-paragraph\"><strong>Mayor seguridad y control<\/strong><br \/>\nEl sistema incorpora m\u00faltiples caracter\u00edsticas de protecci\u00f3n:<br \/>\n\u2713 Mecanismo autobloqueante anti ca\u00edda con finales de carrera multietapa.<br \/>\n\u2713 Protecciones el\u00e9ctricas completas (sobrecarga\/sobrecorriente\/subtensi\u00f3n\/cortocircuito)<br \/>\n\u2713 Interfaz f\u00e1cil de usar con panel de control visual y mando a distancia port\u00e1til<br \/>\n\u2713 Rango de ajuste de la antorcha de soldadura de 200 mm para un posicionamiento preciso<\/p>\n<p class=\"ds-markdown-paragraph\"><strong>Funciones avanzadas de personalizaci\u00f3n<\/strong><br \/>\nNuestros sistemas de columnas de soldadura admiten varios complementos inteligentes:<\/p>\n<ul>\n<li>\n<p class=\"ds-markdown-paragraph\">Sistemas de recuperaci\u00f3n de flujo<\/p>\n<\/li>\n<li>\n<p class=\"ds-markdown-paragraph\">M\u00f3dulos de control de soldaduras en tiempo real<\/p>\n<\/li>\n<li>\n<p class=\"ds-markdown-paragraph\">Ajuste autom\u00e1tico de par\u00e1metros<\/p>\n<\/li>\n<li>\n<p class=\"ds-markdown-paragraph\">Interfaces de inspecci\u00f3n de calidad<\/p>\n<\/li>\n<\/ul>\n<p class=\"ds-markdown-paragraph\"><strong>Rendimiento demostrado en el sector<\/strong><br \/>\nLos manipuladores de soldadura WUXI ABK se han utilizado con \u00e9xito en m\u00e1s de 200 grandes proyectos en todo el mundo:<\/p>\n<ul>\n<li>\n<p class=\"ds-markdown-paragraph\">Parques de tanques de almacenamiento de petr\u00f3leo<\/p>\n<\/li>\n<li>\n<p class=\"ds-markdown-paragraph\">Recipientes de procesamiento qu\u00edmico<\/p>\n<\/li>\n<li>\n<p class=\"ds-markdown-paragraph\">Equipos de generaci\u00f3n de energ\u00eda<\/p>\n<\/li>\n<li>\n<p class=\"ds-markdown-paragraph\">Estructuras de plataformas marinas<br \/>\nTodos los sistemas cumplen las normas ASME, EN 1090 y otras normas internacionales.<\/p>\n<\/li>\n<\/ul>\n<p class=\"ds-markdown-paragraph\"><strong>Paquete completo de servicios<\/strong><br \/>\nOfrecemos soluciones integrales que incluyen:<\/p>\n<ul>\n<li>\n<p class=\"ds-markdown-paragraph\">Selecci\u00f3n personalizada de equipos<\/p>\n<\/li>\n<li>\n<p class=\"ds-markdown-paragraph\">Instalaci\u00f3n y puesta en marcha in situ<\/p>\n<\/li>\n<li>\n<p class=\"ds-markdown-paragraph\">Programas de formaci\u00f3n de operadores<\/p>\n<\/li>\n<li>\n<p class=\"ds-markdown-paragraph\">Asistencia t\u00e9cnica 24 horas al d\u00eda, 7 d\u00edas a la semana<\/p>\n<\/li>\n<li>\n<p class=\"ds-markdown-paragraph\">Servicios regulares de mantenimiento<\/p>\n<\/li>\n<\/ul>\n<p class=\"ds-markdown-paragraph\"><strong>Especificaciones t\u00e9cnicas<\/strong><\/p>\n<ul>\n<li>\n<p class=\"ds-markdown-paragraph\">Precisi\u00f3n de posicionamiento: \u00b10,1 mm\/m<\/p>\n<\/li>\n<li>\n<p class=\"ds-markdown-paragraph\">Ajuste de la antorcha: 200 mm de alcance<\/p>\n<\/li>\n<li>\n<p class=\"ds-markdown-paragraph\">Velocidad de desplazamiento: 0,1-1,2 m\/min (variable)<\/p>\n<\/li>\n<li>\n<p class=\"ds-markdown-paragraph\">Capacidad de carga: 500-5000 kg (personalizable)<\/p>\n<\/li>\n<li>\n<p class=\"ds-markdown-paragraph\">Fuente de alimentaci\u00f3n: 380V\/50Hz (otros voltajes disponibles)<\/p>\n<\/li>\n<\/ul>\n<p>&nbsp;<\/p>\n<p><img loading=\"lazy\" decoding=\"async\" class=\"\" src=\"https:\/\/www.weldmc.com\/wp-content\/uploads\/2025\/05\/welding-manipulator_11.jpg\" alt=\"manipulador de soldadura_11\" width=\"917\" height=\"688\" \/><\/p>\n<p>Caracter\u00edsticas del manipulador de soldadura:<br \/>\n<strong><b>Ventaja estructural<\/b><\/strong><\/p>\n<p><strong><b>Dise\u00f1o de carril gu\u00eda en forma de V<\/b><\/strong>-Los carriles gu\u00eda en forma de V con gran capacidad de carga se utilizan tanto para los postes verticales como para los brazos transversales.<\/p>\n<p><strong><b>Doble sistema de seguridad<\/b><\/strong><\/p>\n<ul>\n<li>La columna est\u00e1 equipada con un motor freno para garantizar un posicionamiento estable.<\/li>\n<li>Protecci\u00f3n contra fracturas del pasador de seguridad del asiento gu\u00eda+cadena de orificios de seguridad de la columna<\/li>\n<\/ul>\n<p><strong><b>Sistema de transmisi\u00f3n de precisi\u00f3n<\/b><\/strong><\/p>\n<ul>\n<li>Reductor de pi\u00f1\u00f3n cicloidal + tornillo sin fin<\/li>\n<li>Dise\u00f1o de lubricaci\u00f3n totalmente estanca sumergida en aceite y prevenci\u00f3n contra el polvo<\/li>\n<\/ul>\n<p>Control inteligente<\/p>\n<ul>\n<li>Convertidor de regulaci\u00f3n continua de la velocidad (con funci\u00f3n de detecci\u00f3n de fallos y alarma)<\/li>\n<li>Cruceta el\u00e9ctrica de brazo transversal<\/li>\n<li>La base de apoyo pivotante realiza la soldadura sincronizada de varias piezas de trabajo<\/li>\n<\/ul>\n<p>&nbsp;<\/p>\n<p><img decoding=\"async\" src=\"https:\/\/www.weldmc.com\/wp-content\/uploads\/2025\/05\/welding-manipulator_6.jpg\" alt=\"manipulador de soldadura_6\" \/><\/p>\n<p class=\"ds-markdown-paragraph\"><strong>Aplicaciones industriales<\/strong><br \/>\nNuestro sistema de manipulador de soldadura est\u00e1 dise\u00f1ado para la soldadura de precisi\u00f3n en sectores industriales cr\u00edticos, como\u00a0<strong>fabricaci\u00f3n de calderas<\/strong>,\u00a0<strong>fabricaci\u00f3n de recipientes a presi\u00f3n<\/strong>,\u00a0<strong>construcci\u00f3n de plantas petroqu\u00edmicas<\/strong>y\u00a0<strong>procesamiento metal\u00fargico<\/strong>. El equipo destaca tanto en\u00a0<strong>soldadura de costura longitudinal<\/strong>\u00a0y\u00a0<strong>soldadura de costura circunferencial<\/strong>, gestionando ambos\u00a0<strong>soldadura interna de cilindros<\/strong>\u00a0y\u00a0<strong>soldadura externa de la carcasa<\/strong>\u00a0con igual destreza. Su robusto dise\u00f1o la hace ideal para\u00a0<strong>aplicaciones de soldadura industrial pesada<\/strong>\u00a0que exigen resultados coherentes y de alta calidad.<\/p>\n<p class=\"ds-markdown-paragraph\"><strong>Opciones de configuraci\u00f3n<\/strong><br \/>\nEl manipulador de soldadura WUXI ABK ofrece configuraciones flexibles para adaptarse a las diversas necesidades de producci\u00f3n:<\/p>\n<ul>\n<li>\n<p class=\"ds-markdown-paragraph\"><strong>Configuraci\u00f3n fija<\/strong>\u00a0para tareas de soldadura estables y de alta precisi\u00f3n<\/p>\n<\/li>\n<li>\n<p class=\"ds-markdown-paragraph\"><strong>Configuraci\u00f3n rotativa fija<\/strong>\u00a0para operaciones de soldadura rotativa controlada<\/p>\n<\/li>\n<li>\n<p class=\"ds-markdown-paragraph\"><strong>Configuraci\u00f3n rotativa m\u00f3vil<\/strong>\u00a0para proyectos din\u00e1micos de soldadura a gran escala<\/p>\n<\/li>\n<\/ul>\n<p class=\"ds-markdown-paragraph\"><strong>Condiciones de funcionamiento<\/strong><br \/>\nPara garantizar un rendimiento \u00f3ptimo, el manipulador de soldadura funciona en las siguientes condiciones:<\/p>\n<ul>\n<li>\n<p class=\"ds-markdown-paragraph\"><strong>Altitud<\/strong>: Por debajo de 1000m<\/p>\n<\/li>\n<li>\n<p class=\"ds-markdown-paragraph\"><strong>Temperatura ambiente<\/strong>: -5\u00b0C a 40\u00b0C<\/p>\n<\/li>\n<li>\n<p class=\"ds-markdown-paragraph\"><strong>L\u00edmites de humedad<\/strong>: Humedad relativa media mensual m\u00e1xima \u226490% a \u226425\u00b0C.<\/p>\n<\/li>\n<li>\n<p class=\"ds-markdown-paragraph\"><strong>Estabilidad el\u00e9ctrica<\/strong>: Fluctuaci\u00f3n de tensi\u00f3n dentro de \u00b110% (a frecuencia nominal); fluctuaci\u00f3n de frecuencia \u2264\u00b11% (a tensi\u00f3n nominal).<\/p>\n<\/li>\n<\/ul>\n<p class=\"ds-markdown-paragraph\"><strong>Accesorios opcionales<\/strong><br \/>\nMejore la funcionalidad con nuestros complementos especializados:<\/p>\n<ul>\n<li>\n<p class=\"ds-markdown-paragraph\"><strong>Sistema de recuperaci\u00f3n de flujo<\/strong>\u00a0para una recogida y reutilizaci\u00f3n eficaces de las escorias<\/p>\n<\/li>\n<li>\n<p class=\"ds-markdown-paragraph\"><strong>Sistema de control en tiempo real<\/strong>\u00a0con seguimiento de los par\u00e1metros de soldadura<\/p>\n<\/li>\n<li>\n<p class=\"ds-markdown-paragraph\"><strong>Estanter\u00edas regulables<\/strong>\u00a0para la organizaci\u00f3n de herramientas y materiales<\/p>\n<\/li>\n<li>\n<p class=\"ds-markdown-paragraph\"><strong>Seguimiento l\u00e1ser de costuras<\/strong>\u00a0para la correcci\u00f3n autom\u00e1tica de la trayectoria de soldadura<\/p>\n<\/li>\n<li>\n<p class=\"ds-markdown-paragraph\"><strong>Sistemas de refrigeraci\u00f3n<\/strong>\u00a0para un funcionamiento prolongado en entornos muy calurosos<\/p>\n<\/li>\n<\/ul>\n<p class=\"ds-markdown-paragraph\"><strong>Principales caracter\u00edsticas y ventajas<\/strong><br \/>\n\u2713\u00a0<strong>Construcci\u00f3n resistente<\/strong>\u00a0para\u00a0<strong>soldadura industrial<\/strong>\u00a0durabilidad<br \/>\n\u2713\u00a0<strong>Posicionamiento de precisi\u00f3n<\/strong>\u00a0para\u00a0<strong>soldadura de juntas<\/strong>\u00a0precisi\u00f3n<br \/>\n\u2713\u00a0<strong>Dise\u00f1o modular<\/strong>\u00a0permitiendo\u00a0<strong>automatizaci\u00f3n de la soldadura<\/strong>\u00a0integraci\u00f3n<br \/>\n\u2713\u00a0<strong>Eficiencia energ\u00e9tica<\/strong>\u00a0operaci\u00f3n de reducci\u00f3n\u00a0<strong>costes de producci\u00f3n de soldadura<\/strong><br \/>\n\u2713\u00a0<strong>Certificado CE\/ISO<\/strong>\u00a0componentes que garantizan\u00a0<strong>cumplimiento de las normas de seguridad en soldadura<\/strong><\/p>\n<p><img decoding=\"async\" src=\"https:\/\/www.weldmc.com\/wp-content\/uploads\/2025\/05\/Product-certification.png\" alt=\"Certificaci\u00f3n de productos\" \/><\/p>\n<p>Wuxi ABK Machinery Co.Ltd es un fabricante profesional de rotador de soldadura ajustable en China. Y tambi\u00e9n podemos ofrecer a nuestros clientes en todo el mundo muchos otros productos incluyendo rotador de soldadura especial, l\u00ednea de producci\u00f3n de torres e\u00f3licas, l\u00ednea de soldadura de vigas H, equipos de soldadura de tuber\u00edas, m\u00e1quina de corte CNC, m\u00e1quina rectificadora, m\u00e1quina perfiladora, m\u00e1quina curvadora de placas, etc. Hemos obtenido la certificaci\u00f3n ISO y CE, y tambi\u00e9n ofrecemos servicio OEM. Nuestros productos han sido bien recibidos por clientes de muchos pa\u00edses, como Espa\u00f1a, India, Alemania, Sud\u00e1frica, Brasil, Chile, Argentina, Rusia, Italia, Francia, Vietnam, y m\u00e1s. Si usted est\u00e1 interesado en nuestro rotador ajustable de soldadura, por favor no dude en contactarnos cuando lo desee.<\/p>\n<p>&nbsp;<\/p>","protected":false},"excerpt":{"rendered":"<p><strong>Manipulador de soldadura WUXI ABK<\/strong>\u00a0ofrece una soldadura de precisi\u00f3n para calderas, recipientes a presi\u00f3n y aplicaciones petroqu\u00edmicas. Con seguimiento autom\u00e1tico y configuraciones ajustables, este sistema industrial realiza soldaduras longitudinales y circunferenciales con una precisi\u00f3n de \u00b10,2 mm. Los sistemas opcionales de recuperaci\u00f3n de fundente y supervisi\u00f3n mejoran la productividad. Ideal para fabricaci\u00f3n pesada en los sectores metal\u00fargico y energ\u00e9tico.<\/p>","protected":false},"featured_media":1497,"comment_status":"open","ping_status":"closed","template":"","meta":{"_acf_changed":false},"product_brand":[],"product_cat":[21,28],"product_tag":[],"class_list":{"0":"post-753","1":"product","2":"type-product","3":"status-publish","4":"has-post-thumbnail","6":"product_cat-welding-automation","7":"product_cat-welding-manipulator","9":"first","10":"instock","11":"shipping-taxable","12":"product-type-simple"},"acf":[],"_links":{"self":[{"href":"https:\/\/www.weldmc.com\/es\/wp-json\/wp\/v2\/product\/753","targetHints":{"allow":["GET"]}}],"collection":[{"href":"https:\/\/www.weldmc.com\/es\/wp-json\/wp\/v2\/product"}],"about":[{"href":"https:\/\/www.weldmc.com\/es\/wp-json\/wp\/v2\/types\/product"}],"replies":[{"embeddable":true,"href":"https:\/\/www.weldmc.com\/es\/wp-json\/wp\/v2\/comments?post=753"}],"wp:featuredmedia":[{"embeddable":true,"href":"https:\/\/www.weldmc.com\/es\/wp-json\/wp\/v2\/media\/1497"}],"wp:attachment":[{"href":"https:\/\/www.weldmc.com\/es\/wp-json\/wp\/v2\/media?parent=753"}],"wp:term":[{"taxonomy":"product_brand","embeddable":true,"href":"https:\/\/www.weldmc.com\/es\/wp-json\/wp\/v2\/product_brand?post=753"},{"taxonomy":"product_cat","embeddable":true,"href":"https:\/\/www.weldmc.com\/es\/wp-json\/wp\/v2\/product_cat?post=753"},{"taxonomy":"product_tag","embeddable":true,"href":"https:\/\/www.weldmc.com\/es\/wp-json\/wp\/v2\/product_tag?post=753"}],"curies":[{"name":"wp","href":"https:\/\/api.w.org\/{rel}","templated":true}]}}