{"id":703,"date":"2025-05-24T15:27:33","date_gmt":"2025-05-24T07:27:33","guid":{"rendered":"http:\/\/111.170.148.214:8095\/?post_type=product&#038;p=703"},"modified":"2025-09-12T14:14:20","modified_gmt":"2025-09-12T06:14:20","slug":"maquina-de-corte-por-chorro-de-agua-cnc","status":"publish","type":"product","link":"https:\/\/www.weldmc.com\/es\/product\/maquina-de-corte-por-chorro-de-agua-cnc\/","title":{"rendered":"M\u00e1quina de corte por chorro de agua CNC"},"content":{"rendered":"<h2><strong>Tecnolog\u00eda avanzada de corte por chorro de agua<\/strong><\/h2>\n<p class=\"ds-markdown-paragraph\">Wuxi ABK Machinery Co., Ltd. se especializa en la fabricaci\u00f3n de m\u00e1quinas de corte por chorro de agua CNC de \u00faltima generaci\u00f3n que ofrecen una precisi\u00f3n y versatilidad excepcionales. Nuestros sistemas de corte utilizan tecnolog\u00eda de chorro de agua de ultra alta presi\u00f3n capaz de alcanzar 90.000 PSI, garantizando cortes limpios y sin rebabas, sin distorsi\u00f3n t\u00e9rmica ni endurecimiento del material. Esta avanzada tecnolog\u00eda mantiene tolerancias estrechas de hasta \u00b10,05 mm, al tiempo que preserva la integridad del material en diversos sustratos, como metales, materiales compuestos, piedra y pl\u00e1sticos.<\/p>\n<h2><strong>Rendimiento de corte inigualable<\/strong><\/h2>\n<h3><strong>Versatilidad de materiales<\/strong><\/h3>\n<p class=\"ds-markdown-paragraph\">Nuestras m\u00e1quinas de corte por chorro de agua CNC manipulan una amplia gama de materiales con una precisi\u00f3n superior. Desde acero inoxidable de 300 mm de grosor hasta compuestos delicados y pl\u00e1sticos sensibles al calor, el sistema ofrece resultados uniformes sin zonas afectadas por el calor. Esto lo hace ideal para componentes aeroespaciales, equipos del sector energ\u00e9tico y piezas de precisi\u00f3n de automoci\u00f3n en los que la integridad del material es fundamental.<\/p>\n<h3><strong>Ingenier\u00eda de precisi\u00f3n<\/strong><\/h3>\n<p class=\"ds-markdown-paragraph\">El coraz\u00f3n de nuestro sistema de chorro de agua cuenta con una bomba de alta presi\u00f3n patentada que proporciona una presi\u00f3n ultra alta constante de hasta 90.000 PSI. El avanzado controlador CNC de 5 ejes permite realizar complejos contorneados en 3D y cortes en bisel en \u00e1ngulos de hasta 60 grados, perfectos para preparar bordes de soldadura de precisi\u00f3n. Un sistema inteligente de suministro de abrasivo optimiza el flujo de granate (0,3-1,2 kg\/min) para equilibrar la velocidad de corte y la calidad, minimizando al mismo tiempo el consumo.<\/p>\n<h2><strong>Soluciones de corte a medida<\/strong><\/h2>\n<h3><strong>Puestos de trabajo configurables<\/strong><\/h3>\n<p class=\"ds-markdown-paragraph\">Ofrecemos soluciones de corte por chorro de agua CNC totalmente personalizables para satisfacer necesidades de producci\u00f3n espec\u00edficas. Nuestra gama incluye desde mesas compactas de 1 m\u00d71 m hasta sistemas de gran formato de 6 m\u00d720 m para componentes sobredimensionados, con opciones para varios cabezales de corte y sistemas integrados de manipulaci\u00f3n de materiales.<\/p>\n<h3><strong>Aplicaciones especializadas<\/strong><\/h3>\n<p class=\"ds-markdown-paragraph\">Hay disponibles configuraciones exclusivas, como el corte bajo el agua, para entornos sensibles al ruido. El control din\u00e1mico de altura mantiene la distancia \u00f3ptima entre la boquilla y la pieza en tiempo real, lo que garantiza una calidad de corte uniforme incluso en superficies irregulares durante operaciones prolongadas.<\/p>\n<h2><strong>Aplicaciones espec\u00edficas del sector<\/strong><\/h2>\n<h3><strong>Soluciones para el sector energ\u00e9tico<\/strong><\/h3>\n<p class=\"ds-markdown-paragraph\">Nuestras m\u00e1quinas destacan en el corte de precisi\u00f3n de acero para tuber\u00edas (API 5L X80\/X100) y en la preparaci\u00f3n de bridas para equipos de petr\u00f3leo y gas. El proceso de corte sin calor conserva las propiedades del material, cr\u00edticas para las aplicaciones de contenci\u00f3n de presi\u00f3n.<\/p>\n<h3><strong>Fabricaci\u00f3n aeroespacial<\/strong><\/h3>\n<p class=\"ds-markdown-paragraph\">El sistema permite cortar componentes aeron\u00e1uticos de titanio sin tensiones y procesar con delicadeza materiales compuestos. La ausencia de zonas afectadas por el calor garantiza la integridad estructural de las piezas cr\u00edticas para el vuelo.<\/p>\n<h3><strong>Producci\u00f3n de autom\u00f3viles<\/strong><\/h3>\n<p class=\"ds-markdown-paragraph\">Los fabricantes de autom\u00f3viles se benefician de nuestras capacidades de corte de alta velocidad para aceros avanzados de alta resistencia y desarrollo de prototipos. El corte de precisi\u00f3n reduce las operaciones secundarias y mejora la eficiencia de la producci\u00f3n.<\/p>\n<h2><strong>Especificaciones t\u00e9cnicas<\/strong><\/h2>\n<div class=\"markdown-table-wrapper\">\n<table>\n<thead>\n<tr>\n<th>Par\u00e1metro<\/th>\n<th>Especificaci\u00f3n<\/th>\n<\/tr>\n<\/thead>\n<tbody>\n<tr>\n<td>Presi\u00f3n de corte<\/td>\n<td>60.000-90.000 PSI<\/td>\n<\/tr>\n<tr>\n<td>Precisi\u00f3n de posicionamiento<\/td>\n<td>\u00b10,05 mm<\/td>\n<\/tr>\n<tr>\n<td>Repetibilidad<\/td>\n<td>\u00b10,02 mm<\/td>\n<\/tr>\n<tr>\n<td>Espesor m\u00e1ximo de corte<\/td>\n<td>300 mm (acero)<\/td>\n<\/tr>\n<tr>\n<td>Velocidad de corte<\/td>\n<td>0,1-15 m\/min<\/td>\n<\/tr>\n<tr>\n<td>Sistema de control CNC<\/td>\n<td>Siemens 840D sl<\/td>\n<\/tr>\n<tr>\n<td>Tensi\u00f3n de funcionamiento<\/td>\n<td>380V\u00b110% 50\/60Hz<\/td>\n<\/tr>\n<\/tbody>\n<\/table>\n<\/div>\n<h2><strong>\u00bfPor qu\u00e9 elegir nuestros sistemas de chorro de agua?<\/strong><\/h2>\n<p class=\"ds-markdown-paragraph\">Con m\u00e1s de 30 a\u00f1os de experiencia desde 1992, ABK Machinery combina la precisi\u00f3n de la ingenier\u00eda alemana con un valor de fabricaci\u00f3n excepcional. Nuestra red de asistencia global garantiza un servicio r\u00e1pido en todo el mundo, respaldado por una inversi\u00f3n continua en I+D que representa 8% de los ingresos anuales. Las consideraciones medioambientales forman parte integral de nuestros sistemas, que cuentan con una tecnolog\u00eda de reciclado de agua que reduce el consumo en 80%.<\/p>\n<h2><strong>Experimente la diferencia ABK<\/strong><\/h2>\n<p class=\"ds-markdown-paragraph\">Descubra c\u00f3mo nuestras m\u00e1quinas de corte por chorro de agua CNC pueden transformar sus capacidades de producci\u00f3n. P\u00f3ngase en contacto con nuestro equipo t\u00e9cnico hoy mismo para obtener una demostraci\u00f3n de corte gratuita y una propuesta de soluci\u00f3n personalizada adaptada a sus requisitos espec\u00edficos. Nuestros sistemas representan la fusi\u00f3n perfecta de tecnolog\u00eda punta, construcci\u00f3n robusta y funcionamiento inteligente para las aplicaciones industriales m\u00e1s exigentes.<\/p>\n<p>&nbsp;<\/p>","protected":false},"excerpt":{"rendered":"<p>La cortadora por chorro de agua CNC de WUXI ABK proporciona un corte en fr\u00edo de precisi\u00f3n a 6000 bares de presi\u00f3n ultra alta, logrando una anchura de corte de 1-1,5 mm sin distorsi\u00f3n por calor. Con certificaci\u00f3n ATEX y sistema de reciclaje de agua 90%, es ideal para aplicaciones aeroespaciales y de automoci\u00f3n. El dise\u00f1o modular reduce los costes de mantenimiento en 50%. Certificaci\u00f3n ISO9001 y CE para garantizar la calidad.<\/p>\n<p>&nbsp;<\/p>","protected":false},"featured_media":1929,"comment_status":"open","ping_status":"closed","template":"","meta":{"_acf_changed":false},"product_brand":[],"product_cat":[22,46],"product_tag":[],"class_list":{"0":"post-703","1":"product","2":"type-product","3":"status-publish","4":"has-post-thumbnail","6":"product_cat-cnc-cutting","7":"product_cat-cnc-water-jet-cutting-machine","9":"first","10":"instock","11":"shipping-taxable","12":"product-type-simple"},"acf":[],"_links":{"self":[{"href":"https:\/\/www.weldmc.com\/es\/wp-json\/wp\/v2\/product\/703","targetHints":{"allow":["GET"]}}],"collection":[{"href":"https:\/\/www.weldmc.com\/es\/wp-json\/wp\/v2\/product"}],"about":[{"href":"https:\/\/www.weldmc.com\/es\/wp-json\/wp\/v2\/types\/product"}],"replies":[{"embeddable":true,"href":"https:\/\/www.weldmc.com\/es\/wp-json\/wp\/v2\/comments?post=703"}],"wp:featuredmedia":[{"embeddable":true,"href":"https:\/\/www.weldmc.com\/es\/wp-json\/wp\/v2\/media\/1929"}],"wp:attachment":[{"href":"https:\/\/www.weldmc.com\/es\/wp-json\/wp\/v2\/media?parent=703"}],"wp:term":[{"taxonomy":"product_brand","embeddable":true,"href":"https:\/\/www.weldmc.com\/es\/wp-json\/wp\/v2\/product_brand?post=703"},{"taxonomy":"product_cat","embeddable":true,"href":"https:\/\/www.weldmc.com\/es\/wp-json\/wp\/v2\/product_cat?post=703"},{"taxonomy":"product_tag","embeddable":true,"href":"https:\/\/www.weldmc.com\/es\/wp-json\/wp\/v2\/product_tag?post=703"}],"curies":[{"name":"wp","href":"https:\/\/api.w.org\/{rel}","templated":true}]}}