{"id":631,"date":"2025-05-24T00:36:51","date_gmt":"2025-05-23T16:36:51","guid":{"rendered":"http:\/\/111.170.148.214:8095\/?post_type=product&#038;p=631"},"modified":"2025-09-12T14:31:12","modified_gmt":"2025-09-12T06:31:12","slug":"curvadora-de-paneles-2","status":"publish","type":"product","link":"https:\/\/www.weldmc.com\/es\/product\/curvadora-de-paneles-2\/","title":{"rendered":"M\u00e1quina curvadora de paneles"},"content":{"rendered":"<p>Principales caracter\u00edsticas y ventajas<\/p>\n<p class=\"ds-markdown-paragraph\"><strong>M\u00e1quina curvadora de paneles Introducci\u00f3n de productos<\/strong><\/p>\n<p class=\"ds-markdown-paragraph\"><strong>1. Opciones de configuraci\u00f3n flexibles para diversas necesidades industriales<\/strong><br \/>\nNuestra\u00a0<strong>curvadoras de paneles<\/strong>\u00a0est\u00e1n dise\u00f1adas con sistemas de accionamiento vers\u00e1tiles para adaptarse a diversos requisitos de producci\u00f3n. La\u00a0<strong>sistema servoaccionado electromec\u00e1nico<\/strong>\u00a0ofrece una precisi\u00f3n excepcional para curvas complejas, mientras que el\u00a0<strong>sistema de accionamiento hidr\u00e1ulico<\/strong>\u00a0proporciona un alto rendimiento de par para aplicaciones de conformado de alta resistencia. Con un\u00a0<strong>capacidad m\u00e1xima del tubo de \u00d889mm<\/strong>\u00a0y apoyo a\u00a0<strong>espesores de pared de hasta 8 mm<\/strong>Nuestras m\u00e1quinas manipulan una amplia gama de materiales, lo que garantiza su adaptabilidad a todos los sectores.<\/p>\n<p class=\"ds-markdown-paragraph\"><strong>2. Par\u00e1metros de dise\u00f1o personalizables para un plegado de precisi\u00f3n<\/strong><br \/>\nCada\u00a0<strong>curvadora de paneles<\/strong>\u00a0de nuestra gama permite realizar ajustes precisos para satisfacer las especificaciones exactas del proyecto. Los par\u00e1metros clave incluyen:<\/p>\n<ul>\n<li>\n<p class=\"ds-markdown-paragraph\"><strong>Radio de curvatura:<\/strong>\u00a0Ajustable desde\u00a0<strong>De 1xD a 5xD (di\u00e1metro del tubo)<\/strong>\u00a0con un apretado\u00a0<strong>tolerancia de \u00b10,5<\/strong>garantizando una curvatura coherente.<\/p>\n<\/li>\n<li>\n<p class=\"ds-markdown-paragraph\"><strong>Ancho del panel:<\/strong>\u00a0Admite\u00a0<strong>300-2500 mm<\/strong>\u00a0paneles con un\u00a0<strong>Precisi\u00f3n \u00b11mm\/m<\/strong>ideal para la fabricaci\u00f3n a gran escala.<\/p>\n<\/li>\n<li>\n<p class=\"ds-markdown-paragraph\"><strong>\u00c1ngulo de curvatura:<\/strong>\u00a0Capaz de\u00a0<strong>Curvas de 0-180<\/strong>\u00a0con un\u00a0<strong>Precisi\u00f3n de \u00b10,3<\/strong>perfecto para dise\u00f1os arquitect\u00f3nicos e industriales complejos.<\/p>\n<\/li>\n<\/ul>\n<p class=\"ds-markdown-paragraph\"><strong>3. Ventajas operativas Mejora de la productividad<\/strong><br \/>\nNuestra\u00a0<strong>curvadoras de paneles<\/strong>\u00a0est\u00e1n dise\u00f1ados para ser eficaces y f\u00e1ciles de usar:<\/p>\n<ul>\n<li>\n<p class=\"ds-markdown-paragraph\"><strong>Control por un solo operador:<\/strong>\u00a0En\u00a0<strong>interfaz HMI simplificada<\/strong>\u00a0reduce el tiempo de formaci\u00f3n y minimiza los errores humanos.<\/p>\n<\/li>\n<li>\n<p class=\"ds-markdown-paragraph\"><strong>Ajuste sin herramientas:<\/strong>\u00a0En\u00a0<strong>sistema de cambio r\u00e1pido de troqueles<\/strong>\u00a0permite transiciones de configuraci\u00f3n r\u00e1pidas, maximizando el tiempo de actividad.<\/p>\n<\/li>\n<li>\n<p class=\"ds-markdown-paragraph\"><strong>Eficiencia energ\u00e9tica:<\/strong>\u00a0Consume\u00a0<strong>30% menos potencia<\/strong>\u00a0en comparaci\u00f3n con las plegadoras convencionales, lo que reduce los costes operativos.<\/p>\n<\/li>\n<\/ul>\n<p class=\"ds-markdown-paragraph\"><strong>4. Especificaciones t\u00e9cnicas para aplicaciones orientadas al rendimiento<\/strong><br \/>\nOfrecemos dos modelos de alto rendimiento que se adaptan a las distintas exigencias de producci\u00f3n:<\/p>\n<ul>\n<li>\n<p class=\"ds-markdown-paragraph\"><strong>ZZ-60M (mec\u00e1nico):<\/strong>\u00a0Entrega\u00a0<strong>Fuerza m\u00e1xima de 60 toneladas<\/strong>\u00a0con un\u00a0<strong>Motor de 15 kW<\/strong>, logrando un\u00a0<strong>velocidad de curvatura de 5-15\u00b0\/seg<\/strong>. Pesaje\u00a0<strong>3.200 kg<\/strong>es ideal para el plegado industrial de gama media.<\/p>\n<\/li>\n<li>\n<p class=\"ds-markdown-paragraph\"><strong>ZZ-90H (Hidr\u00e1ulico):<\/strong>\u00a0Proporciona\u00a0<strong>Fuerza m\u00e1xima de 90 toneladas<\/strong>\u00a0accionado por un\u00a0<strong>Motor de 22 kW<\/strong>operando a\u00a0<strong>3-10\u00b0\/seg<\/strong>. Con un\u00a0<strong>Bastidor de 4.800 kg<\/strong>La m\u00e1quina se destaca en el encofrado de alta resistencia.<\/p>\n<\/li>\n<\/ul>\n<p class=\"ds-markdown-paragraph\"><strong>5. Aplicaciones clave en todos los sectores<\/strong><br \/>\nNuestra\u00a0<strong>curvadoras de paneles<\/strong>\u00a0se utilizan ampliamente en:<\/p>\n<ul>\n<li>\n<p class=\"ds-markdown-paragraph\"><strong>Paredes de la membrana de la caldera<\/strong>\u00a0y\u00a0<strong>paneles intercambiadores de calor<\/strong>\u00a0para centrales energ\u00e9ticas.<\/p>\n<\/li>\n<li>\n<p class=\"ds-markdown-paragraph\"><strong>Mamparos de construcci\u00f3n naval<\/strong>\u00a0que requieren paneles curvos de alta resistencia.<\/p>\n<\/li>\n<li>\n<p class=\"ds-markdown-paragraph\"><strong>Fachadas arquitect\u00f3nicas curvas<\/strong>\u00a0para proyectos de construcci\u00f3n modernos.<\/p>\n<\/li>\n<\/ul>\n<p class=\"ds-markdown-paragraph\"><strong>6. Servicios de ingenier\u00eda a medida para requisitos especializados<\/strong><br \/>\nAdem\u00e1s de los modelos est\u00e1ndar, ofrecemos\u00a0<strong>soluciones de curvado de tableros a medida<\/strong>incluyendo:<\/p>\n<ul>\n<li>\n<p class=\"ds-markdown-paragraph\"><strong>Conformado de aleaciones especiales<\/strong>\u00a0(Inconel, Titanio) para las industrias aeroespacial y qu\u00edmica.<\/p>\n<\/li>\n<li>\n<p class=\"ds-markdown-paragraph\"><strong>Sistemas automatizados de carga y descarga<\/strong>\u00a0para agilizar la producci\u00f3n de grandes vol\u00famenes.<\/p>\n<\/li>\n<li>\n<p class=\"ds-markdown-paragraph\"><strong>Integraci\u00f3n perfecta<\/strong>\u00a0con las l\u00edneas de producci\u00f3n CNC o robotizadas existentes.<\/p>\n<\/li>\n<\/ul>\n<p class=\"ds-markdown-paragraph\">Con la avanzada\u00a0<strong>tecnolog\u00eda de curvado de paneles<\/strong>y opciones personalizables, nuestras m\u00e1quinas garantizan un rendimiento superior para los clientes m\u00e1s exigentes.\u00a0<strong>fabricaci\u00f3n de metales, plegado industrial y metalister\u00eda arquitect\u00f3nica<\/strong>. Ya sea para\u00a0<strong>conformado de alta resistencia<\/strong>\u00a0o dise\u00f1os intrincados, nuestras soluciones ofrecen una fiabilidad y eficacia inigualables.<\/p>\n<p><img decoding=\"async\" src=\"https:\/\/www.weldmc.com\/wp-content\/uploads\/2025\/05\/Panel-Bender_2.png\" alt=\"Panel Bender_2\" \/><\/p>\n<p>&nbsp;<\/p>\n<p>&nbsp;<\/p>\n<p><strong>\u00bfPor qu\u00e9 elegir dobladoras de paneles ZZ?<\/strong><br \/>\n\u25fc\u00a0<strong>Certificaci\u00f3n ISO 9001 y CE<\/strong><br \/>\n\u25fc\u00a0<strong>M\u00e1s de 20 a\u00f1os de experiencia en curvado de tubos<\/strong><br \/>\n\u25fc\u00a0<strong>Formaci\u00f3n y puesta en marcha in situ<\/strong><\/p>\n<p>Wuxi ABK Machinery Co.Ltd es un fabricante profesional de rotador de soldadura en China. Y nuestro rotador de soldadura incluye principalmente rotador de soldadura est\u00e1ndar, rotador de soldadura ajustable y rotador de soldadura especial. Tambi\u00e9n podemos ofrecer a nuestros clientes en todo el mundo muchos otros productos, incluyendo la plataforma giratoria de soldadura, m\u00e1quina de soldadura de pilotes, l\u00ednea de producci\u00f3n de torres e\u00f3licas, l\u00ednea de soldadura de vigas H, equipos de soldadura de tuber\u00edas, m\u00e1quina de corte CNC, m\u00e1quina rectificadora, m\u00e1quina perfiladora, m\u00e1quina curvadora de placas, etc. Hemos obtenido la certificaci\u00f3n ISO y CE, y tambi\u00e9n ofrecemos servicio OEM.<\/p>\n<p>&nbsp;<\/p>","protected":false},"excerpt":{"rendered":"<p>La curvadora de paneles de WUXI ABK ofrece soluciones de conformado de metales de alta precisi\u00f3n para aplicaciones industriales. Disponible tanto en configuraci\u00f3n servoaccionada como hidr\u00e1ulica, manipula tubos de hasta \u00d889 mm con espesores de pared de hasta 8 mm. Ideal para paredes de calderas, construcci\u00f3n naval y fachadas arquitect\u00f3nicas, la m\u00e1quina se ajusta sin herramientas, funciona con eficiencia energ\u00e9tica y admite el curvado de aleaciones personalizadas, como Inconel y titanio, para requisitos de fabricaci\u00f3n especializados.<\/p>","protected":false},"featured_media":1980,"comment_status":"open","ping_status":"closed","template":"","meta":{"_acf_changed":false},"product_brand":[],"product_cat":[23,50],"product_tag":[],"class_list":{"0":"post-631","1":"product","2":"type-product","3":"status-publish","4":"has-post-thumbnail","6":"product_cat-boiler-production-equipment","7":"product_cat-panel-bending-machine","9":"first","10":"instock","11":"shipping-taxable","12":"product-type-simple"},"acf":[],"_links":{"self":[{"href":"https:\/\/www.weldmc.com\/es\/wp-json\/wp\/v2\/product\/631","targetHints":{"allow":["GET"]}}],"collection":[{"href":"https:\/\/www.weldmc.com\/es\/wp-json\/wp\/v2\/product"}],"about":[{"href":"https:\/\/www.weldmc.com\/es\/wp-json\/wp\/v2\/types\/product"}],"replies":[{"embeddable":true,"href":"https:\/\/www.weldmc.com\/es\/wp-json\/wp\/v2\/comments?post=631"}],"wp:featuredmedia":[{"embeddable":true,"href":"https:\/\/www.weldmc.com\/es\/wp-json\/wp\/v2\/media\/1980"}],"wp:attachment":[{"href":"https:\/\/www.weldmc.com\/es\/wp-json\/wp\/v2\/media?parent=631"}],"wp:term":[{"taxonomy":"product_brand","embeddable":true,"href":"https:\/\/www.weldmc.com\/es\/wp-json\/wp\/v2\/product_brand?post=631"},{"taxonomy":"product_cat","embeddable":true,"href":"https:\/\/www.weldmc.com\/es\/wp-json\/wp\/v2\/product_cat?post=631"},{"taxonomy":"product_tag","embeddable":true,"href":"https:\/\/www.weldmc.com\/es\/wp-json\/wp\/v2\/product_tag?post=631"}],"curies":[{"name":"wp","href":"https:\/\/api.w.org\/{rel}","templated":true}]}}