{"id":1506,"date":"2025-07-01T17:21:22","date_gmt":"2025-07-01T09:21:22","guid":{"rendered":"https:\/\/www.weldmc.com\/?post_type=product&#038;p=1506"},"modified":"2025-07-01T17:21:41","modified_gmt":"2025-07-01T09:21:41","slug":"rotador-de-soldadura-ajustable","status":"publish","type":"product","link":"https:\/\/www.weldmc.com\/es\/product\/rotador-de-soldadura-ajustable\/","title":{"rendered":"Rotador de soldadura ajustable"},"content":{"rendered":"<p><strong><b>Lista de par\u00e1metros del rotador de soldadura convencional de la serie HGK<\/b><\/strong><strong><b><br \/>\n<\/b><\/strong><b><\/b><\/p>\n<p><img fetchpriority=\"high\" decoding=\"async\" class=\"size-full wp-image-821\" src=\"http:\/\/111.170.148.214:8095\/wp-content\/uploads\/2025\/05\/Parameter-list-of-conventional-HGK-series-welding-rotator.png\" alt=\"Rotador de soldadura ajustable HGK-60\" width=\"1024\" height=\"170\" srcset=\"https:\/\/www.weldmc.com\/wp-content\/uploads\/2025\/05\/Parameter-list-of-conventional-HGK-series-welding-rotator.png 1024w, https:\/\/www.weldmc.com\/wp-content\/uploads\/2025\/05\/Parameter-list-of-conventional-HGK-series-welding-rotator-300x50.png 300w, https:\/\/www.weldmc.com\/wp-content\/uploads\/2025\/05\/Parameter-list-of-conventional-HGK-series-welding-rotator-768x128.png 768w, https:\/\/www.weldmc.com\/wp-content\/uploads\/2025\/05\/Parameter-list-of-conventional-HGK-series-welding-rotator-600x100.png 600w\" sizes=\"(max-width: 1024px) 100vw, 1024px\" \/><\/p>\n<p><strong><b>Sistema de bastidor de rodillos de precisi\u00f3n - Especificaciones t\u00e9cnicas<\/b><\/strong><\/p>\n<p><strong>Dise\u00f1o de bastidor resistente<\/strong><\/p>\n<p>Construcci\u00f3n de acero tipo caja para una distribuci\u00f3n \u00f3ptima de la carga<\/p>\n<p>V\u00eda de deslizamiento de precisi\u00f3n con una exactitud de posicionamiento de \u00b10,1 mm<\/p>\n<p>Mecanismo de bloqueo r\u00e1pido para una fijaci\u00f3n estable<\/p>\n<p><strong>Rodillos de alto rendimiento<\/strong><\/p>\n<p>Material de acero fundido ZG45 (dureza HRC 55-60)<\/p>\n<p>Capacidad de carga din\u00e1mica de 30 toneladas<\/p>\n<p>Mayor resistencia al desgaste para piezas pesadas<\/p>\n<p><strong>Sistema de accionamiento de doble motor<\/strong><\/p>\n<p>2 motores de 7,5 kW con reductores de engranajes<\/p>\n<p>Control de velocidad del convertidor de frecuencia (0,5-5 RPM)<\/p>\n<p>Sincronizaci\u00f3n del par: \u00b12%<\/p>\n<p><strong>Mecanismo Anti-Creep<\/strong><\/p>\n<p>Ajuste hidr\u00e1ulico de la elevaci\u00f3n (\u00b150 mm)<\/p>\n<p>Alineaci\u00f3n autom\u00e1tica de l\u00edneas centrales<\/p>\n<p>Precisi\u00f3n de prevenci\u00f3n de la fluencia &lt;0,5 mm<\/p>\n<p><strong>Medici\u00f3n de precisi\u00f3n<\/strong><\/p>\n<p>Sensores de desplazamiento NOVO (alem\u00e1n)<\/p>\n<p>Resoluci\u00f3n de 0,01 mm<\/p>\n<p>\u00b10,05% linealidad<\/p>\n<p><strong>Sistema de control<\/strong><\/p>\n<p>Componentes PLC Siemens\/ABB<\/p>\n<p>Grado de protecci\u00f3n IP65<\/p>\n<p>Interfaz de control del movimiento axial<\/p>\n<p><img decoding=\"async\" class=\"alignnone size-full wp-image-812\" src=\"http:\/\/111.170.148.214:8095\/wp-content\/uploads\/2025\/05\/Adjustable-Welding-Rotator-HGK-5-Maintenance-of-Welding-Rotator-2.png\" alt=\"Rotador de soldadura ajustable HGK-100\" width=\"368\" height=\"276\" srcset=\"https:\/\/www.weldmc.com\/wp-content\/uploads\/2025\/05\/Adjustable-Welding-Rotator-HGK-5-Maintenance-of-Welding-Rotator-2.png 368w, https:\/\/www.weldmc.com\/wp-content\/uploads\/2025\/05\/Adjustable-Welding-Rotator-HGK-5-Maintenance-of-Welding-Rotator-2-300x225.png 300w\" sizes=\"(max-width: 368px) 100vw, 368px\" \/> <img decoding=\"async\" class=\"alignnone size-full wp-image-813\" src=\"http:\/\/111.170.148.214:8095\/wp-content\/uploads\/2025\/05\/Adjustable-Welding-Rotator-HGK-5-Maintenance-of-Welding-Rotator-3.png\" alt=\"Rotador de soldadura ajustable HGK-100\" width=\"374\" height=\"280\" srcset=\"https:\/\/www.weldmc.com\/wp-content\/uploads\/2025\/05\/Adjustable-Welding-Rotator-HGK-5-Maintenance-of-Welding-Rotator-3.png 374w, https:\/\/www.weldmc.com\/wp-content\/uploads\/2025\/05\/Adjustable-Welding-Rotator-HGK-5-Maintenance-of-Welding-Rotator-3-300x225.png 300w\" sizes=\"(max-width: 374px) 100vw, 374px\" \/> <img loading=\"lazy\" decoding=\"async\" class=\"alignnone size-full wp-image-814\" src=\"http:\/\/111.170.148.214:8095\/wp-content\/uploads\/2025\/05\/Adjustable-Welding-Rotator-HGK-5-Maintenance-of-Welding-Rotator.png\" alt=\"Rotador de soldadura ajustable HGK-100\" width=\"328\" height=\"248\" srcset=\"https:\/\/www.weldmc.com\/wp-content\/uploads\/2025\/05\/Adjustable-Welding-Rotator-HGK-5-Maintenance-of-Welding-Rotator.png 328w, https:\/\/www.weldmc.com\/wp-content\/uploads\/2025\/05\/Adjustable-Welding-Rotator-HGK-5-Maintenance-of-Welding-Rotator-300x227.png 300w\" sizes=\"(max-width: 328px) 100vw, 328px\" \/><\/p>\n<p><strong><b>Mantenimiento del rotor de soldadura<\/b><\/strong><\/p>\n<p>1. Este rotador de soldadura necesita limpieza antes de ponerse en uso. Y para evitar el envejecimiento, los rodillos de goma deben mantenerse alejados de aceites y altas temperaturas. 2. Si es posible, debe haber una persona espec\u00edfica para operar y mantener este dispositivo.<br \/>\n2. Antes de arrancar, el reductor de velocidad debe estar lleno de aceite de motor 30#, lo que tambi\u00e9n es necesario cuando la temperatura ambiente es inferior a 0\u00baC.<br \/>\n3. El aceite del interior del reductor de velocidad debe cambiarse completamente despu\u00e9s del primer mes de uso, y posteriormente, el aceite del motor puede cambiarse cada seis meses.<br \/>\n4. El lecho de rodillos no puede utilizarse como suelo de soldadura para evitar que se da\u00f1en los rodamientos.<\/p>\n<p><img loading=\"lazy\" decoding=\"async\" class=\"alignnone size-full wp-image-834\" src=\"http:\/\/111.170.148.214:8095\/wp-content\/uploads\/2025\/05\/Adjustable-Welding-Rotator.png\" alt=\"Rotador de soldadura ajustable HGK-100\" width=\"1080\" height=\"810\" srcset=\"https:\/\/www.weldmc.com\/wp-content\/uploads\/2025\/05\/Adjustable-Welding-Rotator.png 1080w, https:\/\/www.weldmc.com\/wp-content\/uploads\/2025\/05\/Adjustable-Welding-Rotator-300x225.png 300w, https:\/\/www.weldmc.com\/wp-content\/uploads\/2025\/05\/Adjustable-Welding-Rotator-1024x768.png 1024w, https:\/\/www.weldmc.com\/wp-content\/uploads\/2025\/05\/Adjustable-Welding-Rotator-768x576.png 768w, https:\/\/www.weldmc.com\/wp-content\/uploads\/2025\/05\/Adjustable-Welding-Rotator-600x450.png 600w\" sizes=\"(max-width: 1080px) 100vw, 1080px\" \/><\/p>\n<p><strong>Caracter\u00edsticas del rotador de soldadura<\/strong><\/p>\n<ol>\n<li>La distancia de los rodillos se ajusta autom\u00e1ticamente para adaptarse a diferentes di\u00e1metros de barril.<br \/>\nLa velocidad se ajusta mediante un sistema de control de frecuencia, lo que aumenta la fiabilidad operativa.<br \/>\n3.Se garantiza un funcionamiento sencillo con una caja de control manual.<br \/>\n4.Disponible en m\u00faltiples configuraciones, incluidos los tipos m\u00f3vil y elevable.<br \/>\n5.Un lecho de rodillos especialmente dise\u00f1ado ofrece una mayor comodidad durante la soldadura.<br \/>\n6.Los rodillos pueden fabricarse con diversos materiales, como caucho negro, poliuretano y acero.<\/li>\n<\/ol>\n<p><img loading=\"lazy\" decoding=\"async\" class=\"alignnone size-full wp-image-832\" src=\"http:\/\/111.170.148.214:8095\/wp-content\/uploads\/2025\/05\/\u56fe\u72473-scaled.jpg\" alt=\"Rotador de soldadura ajustable HGK-100\" width=\"2560\" height=\"1920\" srcset=\"https:\/\/www.weldmc.com\/wp-content\/uploads\/2025\/05\/\u56fe\u72473-scaled.jpg 2560w, https:\/\/www.weldmc.com\/wp-content\/uploads\/2025\/05\/\u56fe\u72473-300x225.jpg 300w, https:\/\/www.weldmc.com\/wp-content\/uploads\/2025\/05\/\u56fe\u72473-1024x768.jpg 1024w, https:\/\/www.weldmc.com\/wp-content\/uploads\/2025\/05\/\u56fe\u72473-768x576.jpg 768w, https:\/\/www.weldmc.com\/wp-content\/uploads\/2025\/05\/\u56fe\u72473-1536x1152.jpg 1536w, https:\/\/www.weldmc.com\/wp-content\/uploads\/2025\/05\/\u56fe\u72473-2048x1536.jpg 2048w, https:\/\/www.weldmc.com\/wp-content\/uploads\/2025\/05\/\u56fe\u72473-600x450.jpg 600w\" sizes=\"(max-width: 2560px) 100vw, 2560px\" \/><\/p>\n<p><strong><b>Detalles del producto<\/b><\/strong><\/p>\n<table>\n<tbody>\n<tr>\n<td>- Dise\u00f1o de confianza<\/td>\n<td>- Calidad fiable<\/td>\n<\/tr>\n<tr>\n<td>- Piezas de renombre<\/td>\n<td>- Control del inversor<\/td>\n<\/tr>\n<tr>\n<td>- Sistema de transmisi\u00f3n directa<\/td>\n<td>- Opci\u00f3n de desplazamiento motorizado<\/td>\n<\/tr>\n<tr>\n<td>- Dise\u00f1o personalizado a medida<\/td>\n<td>- OEM<\/td>\n<\/tr>\n<\/tbody>\n<\/table>\n<p><strong><b>Introducci\u00f3n de la rueda<\/b><\/strong><\/p>\n<p>Las ruedas de poliuretano ofrecen una excepcional resistencia a la abrasi\u00f3n, un procesamiento vers\u00e1til, una amplia aplicabilidad y una resistencia superior al aceite, el ozono, el envejecimiento, la radiaci\u00f3n y las bajas temperaturas. Tambi\u00e9n ofrecen una fuerte adherencia, una excelente transmisi\u00f3n del sonido, biocompatibilidad y compatibilidad sangu\u00ednea.<\/p>\n<p><img loading=\"lazy\" decoding=\"async\" class=\"alignnone size-full wp-image-817\" src=\"http:\/\/111.170.148.214:8095\/wp-content\/uploads\/2025\/05\/Adjustable-Welding-Rotator-HGK-5-Wheel-introduction.png\" alt=\"Rotador de soldadura ajustable HGK-100\" width=\"308\" height=\"386\" srcset=\"https:\/\/www.weldmc.com\/wp-content\/uploads\/2025\/05\/Adjustable-Welding-Rotator-HGK-5-Wheel-introduction.png 308w, https:\/\/www.weldmc.com\/wp-content\/uploads\/2025\/05\/Adjustable-Welding-Rotator-HGK-5-Wheel-introduction-239x300.png 239w\" sizes=\"(max-width: 308px) 100vw, 308px\" \/><img loading=\"lazy\" decoding=\"async\" class=\"alignnone size-full wp-image-815\" src=\"http:\/\/111.170.148.214:8095\/wp-content\/uploads\/2025\/05\/Adjustable-Welding-Rotator-HGK-5-Wheel-introduction-1.png\" alt=\"Rotador de soldadura ajustable HGK-100\" width=\"358\" height=\"448\" srcset=\"https:\/\/www.weldmc.com\/wp-content\/uploads\/2025\/05\/Adjustable-Welding-Rotator-HGK-5-Wheel-introduction-1.png 358w, https:\/\/www.weldmc.com\/wp-content\/uploads\/2025\/05\/Adjustable-Welding-Rotator-HGK-5-Wheel-introduction-1-240x300.png 240w\" sizes=\"(max-width: 358px) 100vw, 358px\" \/><img loading=\"lazy\" decoding=\"async\" class=\"alignnone size-full wp-image-816\" src=\"http:\/\/111.170.148.214:8095\/wp-content\/uploads\/2025\/05\/Adjustable-Welding-Rotator-HGK-5-Wheel-introduction-3.png\" alt=\"Rotador de soldadura ajustable HGK-100\" width=\"2276\" height=\"1280\" srcset=\"https:\/\/www.weldmc.com\/wp-content\/uploads\/2025\/05\/Adjustable-Welding-Rotator-HGK-5-Wheel-introduction-3.png 2276w, https:\/\/www.weldmc.com\/wp-content\/uploads\/2025\/05\/Adjustable-Welding-Rotator-HGK-5-Wheel-introduction-3-300x169.png 300w, https:\/\/www.weldmc.com\/wp-content\/uploads\/2025\/05\/Adjustable-Welding-Rotator-HGK-5-Wheel-introduction-3-1024x576.png 1024w, https:\/\/www.weldmc.com\/wp-content\/uploads\/2025\/05\/Adjustable-Welding-Rotator-HGK-5-Wheel-introduction-3-768x432.png 768w, https:\/\/www.weldmc.com\/wp-content\/uploads\/2025\/05\/Adjustable-Welding-Rotator-HGK-5-Wheel-introduction-3-1536x864.png 1536w, https:\/\/www.weldmc.com\/wp-content\/uploads\/2025\/05\/Adjustable-Welding-Rotator-HGK-5-Wheel-introduction-3-2048x1152.png 2048w, https:\/\/www.weldmc.com\/wp-content\/uploads\/2025\/05\/Adjustable-Welding-Rotator-HGK-5-Wheel-introduction-3-600x337.png 600w\" sizes=\"(max-width: 2276px) 100vw, 2276px\" \/><\/p>\n<p><strong><b>Introducci\u00f3n del motor<\/b><\/strong><strong><b><br \/>\n<\/b><\/strong><strong><b><img loading=\"lazy\" decoding=\"async\" class=\"alignnone size-full wp-image-820\" src=\"http:\/\/111.170.148.214:8095\/wp-content\/uploads\/2025\/05\/Motor-introduction.png\" alt=\"Rotador de soldadura ajustable HGK-100\" width=\"695\" height=\"521\" srcset=\"https:\/\/www.weldmc.com\/wp-content\/uploads\/2025\/05\/Motor-introduction.png 695w, https:\/\/www.weldmc.com\/wp-content\/uploads\/2025\/05\/Motor-introduction-300x225.png 300w, https:\/\/www.weldmc.com\/wp-content\/uploads\/2025\/05\/Motor-introduction-600x450.png 600w\" sizes=\"(max-width: 695px) 100vw, 695px\" \/><\/b><\/strong><\/p>\n<p><img loading=\"lazy\" decoding=\"async\" class=\"alignnone size-full wp-image-818\" src=\"http:\/\/111.170.148.214:8095\/wp-content\/uploads\/2025\/05\/Adjustable-Welding-Rotator-HGK-5.png\" alt=\"Rotador de soldadura ajustable HGK-100\" width=\"1022\" height=\"397\" srcset=\"https:\/\/www.weldmc.com\/wp-content\/uploads\/2025\/05\/Adjustable-Welding-Rotator-HGK-5.png 1022w, https:\/\/www.weldmc.com\/wp-content\/uploads\/2025\/05\/Adjustable-Welding-Rotator-HGK-5-300x117.png 300w, https:\/\/www.weldmc.com\/wp-content\/uploads\/2025\/05\/Adjustable-Welding-Rotator-HGK-5-768x298.png 768w, https:\/\/www.weldmc.com\/wp-content\/uploads\/2025\/05\/Adjustable-Welding-Rotator-HGK-5-600x233.png 600w\" sizes=\"(max-width: 1022px) 100vw, 1022px\" \/><\/p>\n<p><strong>Pautas de mantenimiento de los rotadores de soldadura<img loading=\"lazy\" decoding=\"async\" class=\"alignnone size-full wp-image-819\" src=\"http:\/\/111.170.148.214:8095\/wp-content\/uploads\/2025\/05\/Adjustable-Welding-Rotator-HGK.png\" alt=\"Rotador de soldadura ajustable HGK-100\" width=\"1500\" height=\"1500\" srcset=\"https:\/\/www.weldmc.com\/wp-content\/uploads\/2025\/05\/Adjustable-Welding-Rotator-HGK.png 1500w, https:\/\/www.weldmc.com\/wp-content\/uploads\/2025\/05\/Adjustable-Welding-Rotator-HGK-300x300.png 300w, https:\/\/www.weldmc.com\/wp-content\/uploads\/2025\/05\/Adjustable-Welding-Rotator-HGK-1024x1024.png 1024w, https:\/\/www.weldmc.com\/wp-content\/uploads\/2025\/05\/Adjustable-Welding-Rotator-HGK-150x150.png 150w, https:\/\/www.weldmc.com\/wp-content\/uploads\/2025\/05\/Adjustable-Welding-Rotator-HGK-768x768.png 768w, https:\/\/www.weldmc.com\/wp-content\/uploads\/2025\/05\/Adjustable-Welding-Rotator-HGK-500x500.png 500w, https:\/\/www.weldmc.com\/wp-content\/uploads\/2025\/05\/Adjustable-Welding-Rotator-HGK-600x600.png 600w, https:\/\/www.weldmc.com\/wp-content\/uploads\/2025\/05\/Adjustable-Welding-Rotator-HGK-100x100.png 100w\" sizes=\"(max-width: 1500px) 100vw, 1500px\" \/><\/strong><\/p>\n<p>Limpie el rotador de soldadura antes de utilizarlo. Mantenga los rodillos de goma alejados de aceites y altas temperaturas para evitar su envejecimiento. Se recomienda que una persona designada opere y mantenga el equipo.<\/p>\n<p>Aseg\u00farese de que el reductor de velocidad est\u00e1 lleno de aceite de motor 30# antes de arrancar, especialmente cuando la temperatura es inferior a 0\u00baC.<\/p>\n<p>Cambie el aceite del reductor de velocidad despu\u00e9s del primer mes de uso. Despu\u00e9s, cambie el aceite cada seis meses.<\/p>\n<p>No utilice el lecho de rodillos como suelo de soldadura para evitar da\u00f1ar los rodamientos.<\/p>\n<p><strong><b>Fabricante de rotadores de alta calidad<\/b><\/strong><\/p>\n<p>1.Con m\u00e1s de 20 a\u00f1os de experiencia especializada en la fabricaci\u00f3n de rotadores autoalineables.<\/p>\n<p>2.Nuestros productos tienen una capacidad de carga que oscila entre 5 y 400 toneladas.<\/p>\n<p>3.Proporcionamos certificaciones CE e ISO, que garantizan el cumplimiento de las estrictas subregulaciones. Adem\u00e1s.<\/p>\n<p>4.Ofrecemos un a\u00f1o de garant\u00eda y piezas de desgaste gratuitas.<\/p>\n<p>5.Nuestro equipo t\u00e9cnico altamente cualificado se dedica a prestarle apoyo a usted y a sus proyectos a gran escala, como la soldadura de aerogeneradores.<\/p>\n<p>&nbsp;<\/p>\n<p>Wuxi ABK Machinery Co.Ltd es un fabricante profesional de rotador de soldadura en China. Y nuestro rotador de soldadura incluye principalmente rotador de soldadura est\u00e1ndar, rotador de soldadura ajustable y rotador de soldadura especial. Tambi\u00e9n podemos ofrecer a nuestros clientes en todo el mundo muchos otros productos, incluyendo la plataforma giratoria de soldadura, m\u00e1quina de soldadura de pilotes, l\u00ednea de producci\u00f3n de torres e\u00f3licas, l\u00ednea de soldadura de vigas H, equipos de soldadura de tuber\u00edas, m\u00e1quina de corte CNC, m\u00e1quina rectificadora, m\u00e1quina perfiladora, m\u00e1quina curvadora de placas, etc. Hemos obtenido la certificaci\u00f3n ISO y CE, y tambi\u00e9n ofrecemos servicio OEM.<\/p>","protected":false},"excerpt":{"rendered":"<p>Parameter list of conventional HGK series welding rotator Precision Roller Frame System &#8211; Technical Specifications Heavy-Duty Frame Design Box-type steel construction for optimal load distribution Precision sliding track with \u00b10.1mm positioning accuracy Quick-lock mechanism for stable fixation High-Performance Rollers ZG45 cast steel material (HRC 55-60 hardness) 30-ton dynamic load capacity Superior wear resistance for heavy [&hellip;]<\/p>","protected":false},"featured_media":1502,"comment_status":"open","ping_status":"closed","template":"","meta":{"_acf_changed":false},"product_brand":[],"product_cat":[71],"product_tag":[],"class_list":{"0":"post-1506","1":"product","2":"type-product","3":"status-publish","4":"has-post-thumbnail","6":"product_cat-hot-selling-product","8":"first","9":"instock","10":"shipping-taxable","11":"product-type-simple"},"acf":[],"_links":{"self":[{"href":"https:\/\/www.weldmc.com\/es\/wp-json\/wp\/v2\/product\/1506","targetHints":{"allow":["GET"]}}],"collection":[{"href":"https:\/\/www.weldmc.com\/es\/wp-json\/wp\/v2\/product"}],"about":[{"href":"https:\/\/www.weldmc.com\/es\/wp-json\/wp\/v2\/types\/product"}],"replies":[{"embeddable":true,"href":"https:\/\/www.weldmc.com\/es\/wp-json\/wp\/v2\/comments?post=1506"}],"wp:featuredmedia":[{"embeddable":true,"href":"https:\/\/www.weldmc.com\/es\/wp-json\/wp\/v2\/media\/1502"}],"wp:attachment":[{"href":"https:\/\/www.weldmc.com\/es\/wp-json\/wp\/v2\/media?parent=1506"}],"wp:term":[{"taxonomy":"product_brand","embeddable":true,"href":"https:\/\/www.weldmc.com\/es\/wp-json\/wp\/v2\/product_brand?post=1506"},{"taxonomy":"product_cat","embeddable":true,"href":"https:\/\/www.weldmc.com\/es\/wp-json\/wp\/v2\/product_cat?post=1506"},{"taxonomy":"product_tag","embeddable":true,"href":"https:\/\/www.weldmc.com\/es\/wp-json\/wp\/v2\/product_tag?post=1506"}],"curies":[{"name":"wp","href":"https:\/\/api.w.org\/{rel}","templated":true}]}}