{"id":1371,"date":"2025-06-23T21:39:20","date_gmt":"2025-06-23T13:39:20","guid":{"rendered":"https:\/\/www.weldmc.com\/?post_type=product&#038;p=1371"},"modified":"2025-07-02T10:36:22","modified_gmt":"2025-07-02T02:36:22","slug":"soldadora-vertical-de-electrogas","status":"publish","type":"product","link":"https:\/\/www.weldmc.com\/es\/product\/soldadora-vertical-de-electrogas\/","title":{"rendered":"M\u00e1quina vertical de soldadura por electrog\u00e1s"},"content":{"rendered":"<p class=\"ds-markdown-paragraph\">WUXI ABK Vertical Electrogas M\u00e1quina de soldadura Introducci\u00f3n de productos<\/p>\n<p class=\"ds-markdown-paragraph\">Ventajas t\u00e9cnicas:<br \/>\nNuestro sistema de soldadura EGW Electro Gas representa un avance significativo en la tecnolog\u00eda de soldadura de cordones verticales, ya que combina las ventajas de la soldadura por electroescoria tradicional con los modernos procesos con gas de protecci\u00f3n. El sistema incorpora nuestra fuente de calor compuesta de arco y escoria patentada que aumenta la eficacia de la soldadura hasta 40% en comparaci\u00f3n con los m\u00e9todos convencionales. Dise\u00f1ado para la fabricaci\u00f3n a escala industrial, este equipo de soldadura de alta resistencia admite espesores de material de 8 mm a 45 mm con una calidad de formaci\u00f3n de soldadura excepcional.<\/p>\n<p class=\"ds-markdown-paragraph\">Especificaciones t\u00e9cnicas clave:<\/p>\n<ul>\n<li>\n<p class=\"ds-markdown-paragraph\">Compatibilidad del alambre de soldadura: de \u00f81,6 mm a \u00f82,4 mm para diversos requisitos de material<\/p>\n<\/li>\n<li>\n<p class=\"ds-markdown-paragraph\">Altura m\u00e1xima de la placa aplicable: 3000 mm con sistema de rieles de aleaci\u00f3n de aluminio de alta resistencia<\/p>\n<\/li>\n<li>\n<p class=\"ds-markdown-paragraph\">Flexibilidad de di\u00e1metros: Capaz de soldar tanques de almacenamiento de m\u00e1s de \u00f86000mm<\/p>\n<\/li>\n<li>\n<p class=\"ds-markdown-paragraph\">Funci\u00f3n de oscilaci\u00f3n de precisi\u00f3n: amplitud de \u00b125 mm para una calidad \u00f3ptima de soldadura de chapas gruesas<\/p>\n<\/li>\n<li>\n<p class=\"ds-markdown-paragraph\">Opciones de doble direcci\u00f3n de soldadura: Configuraciones de arriba abajo y de abajo arriba<\/p>\n<\/li>\n<\/ul>\n<p class=\"ds-markdown-paragraph\">Principios t\u00e9cnicos:<br \/>\nEl sistema EGW funciona seg\u00fan un innovador principio h\u00edbrido que combina la estabilidad del arco de la soldadura MAG con las caracter\u00edsticas de penetraci\u00f3n profunda de la soldadura por electroescoria. El entorno de gas de protecci\u00f3n mejora significativamente las propiedades mec\u00e1nicas del metal de soldadura, por lo que es particularmente eficaz para materiales especiales, incluidos:<\/p>\n<ul>\n<li>\n<p class=\"ds-markdown-paragraph\">Aceros de baja temperatura (por ejemplo, aplicaciones en tanques de GNL)<\/p>\n<\/li>\n<li>\n<p class=\"ds-markdown-paragraph\">Aceros estructurales de alta resistencia<\/p>\n<\/li>\n<li>\n<p class=\"ds-markdown-paragraph\">Materiales aptos para recipientes a presi\u00f3n<\/p>\n<\/li>\n<\/ul>\n<p class=\"ds-markdown-paragraph\">Modos de funcionamiento:<\/p>\n<ol start=\"1\">\n<li>\n<p class=\"ds-markdown-paragraph\">Modo de abajo a arriba:<br \/>\nIdeal para la construcci\u00f3n de dep\u00f3sitos de almacenamiento convencionales en los que primero se instala la base. El sistema se desplaza hacia arriba con el proceso de soldadura mientras mantiene la protecci\u00f3n de gas sobre el ba\u00f1o de fusi\u00f3n.<\/p>\n<\/li>\n<li>\n<p class=\"ds-markdown-paragraph\">Modo de arriba a abajo:<br \/>\nEspec\u00edficamente dise\u00f1ada para estructuras especializadas, como tanques de techo flotante, que funcionan sobre orugas preinstaladas para lograr la m\u00e1xima estabilidad durante el proceso de soldadura.<\/p>\n<\/li>\n<\/ol>\n<p class=\"ds-markdown-paragraph\">Aplicaciones industriales:<br \/>\nEl sistema EGW de WUXI ABK se ha implantado con \u00e9xito en:<\/p>\n<ul>\n<li>\n<p class=\"ds-markdown-paragraph\">Parques de tanques de reservas estrat\u00e9gicas de petr\u00f3leo (soldadura por costura vertical)<\/p>\n<\/li>\n<li>\n<p class=\"ds-markdown-paragraph\">Fabricaci\u00f3n de tanques de almacenamiento criog\u00e9nico de GNL (soldadura de acero al n\u00edquel 9%)<\/p>\n<\/li>\n<li>\n<p class=\"ds-markdown-paragraph\">Construcci\u00f3n de tanques de almacenamiento de productos qu\u00edmicos<\/p>\n<\/li>\n<li>\n<p class=\"ds-markdown-paragraph\">Equipos de generaci\u00f3n de energ\u00eda (torres de desulfuraci\u00f3n, etc.)<\/p>\n<\/li>\n<li>\n<p class=\"ds-markdown-paragraph\">Fabricaci\u00f3n de recipientes a presi\u00f3n de gran di\u00e1metro<\/p>\n<\/li>\n<\/ul>\n<p class=\"ds-markdown-paragraph\">Garant\u00eda y apoyo a la calidad:<br \/>\nTodos los sistemas EGW se someten a rigurosas pruebas en f\u00e1brica para garantizar su fiabilidad. Nuestra asistencia integral incluye:<\/p>\n<ul>\n<li>\n<p class=\"ds-markdown-paragraph\">Dise\u00f1o personalizado de soluciones de soldadura<\/p>\n<\/li>\n<li>\n<p class=\"ds-markdown-paragraph\">Instalaci\u00f3n y puesta en marcha profesionales<\/p>\n<\/li>\n<li>\n<p class=\"ds-markdown-paragraph\">Programas de formaci\u00f3n de operadores<\/p>\n<\/li>\n<li>\n<p class=\"ds-markdown-paragraph\">Asistencia t\u00e9cnica 24 horas al d\u00eda, 7 d\u00edas a la semana<\/p>\n<\/li>\n<li>\n<p class=\"ds-markdown-paragraph\">Suministro r\u00e1pido de piezas de repuesto<\/p>\n<\/li>\n<\/ul>\n<p><img fetchpriority=\"high\" decoding=\"async\" class=\"alignnone size-full wp-image-1373\" src=\"https:\/\/www.weldmc.com\/wp-content\/uploads\/2025\/06\/Vertical-Electrogas-Welding-Machine-1.webp\" alt=\"M\u00e1quina vertical de soldadura por electrog\u00e1s-1\" width=\"810\" height=\"1010\" srcset=\"https:\/\/www.weldmc.com\/wp-content\/uploads\/2025\/06\/Vertical-Electrogas-Welding-Machine-1.webp 810w, https:\/\/www.weldmc.com\/wp-content\/uploads\/2025\/06\/Vertical-Electrogas-Welding-Machine-1-241x300.webp 241w, https:\/\/www.weldmc.com\/wp-content\/uploads\/2025\/06\/Vertical-Electrogas-Welding-Machine-1-768x958.webp 768w, https:\/\/www.weldmc.com\/wp-content\/uploads\/2025\/06\/Vertical-Electrogas-Welding-Machine-1-600x748.webp 600w\" sizes=\"(max-width: 810px) 100vw, 810px\" \/> <img decoding=\"async\" class=\"alignnone size-full wp-image-1374\" src=\"https:\/\/www.weldmc.com\/wp-content\/uploads\/2025\/06\/Vertical-Electrogas-Welding-Machine-2.webp\" alt=\"M\u00e1quina vertical de soldadura por electrog\u00e1s-2\" width=\"810\" height=\"1010\" srcset=\"https:\/\/www.weldmc.com\/wp-content\/uploads\/2025\/06\/Vertical-Electrogas-Welding-Machine-2.webp 810w, https:\/\/www.weldmc.com\/wp-content\/uploads\/2025\/06\/Vertical-Electrogas-Welding-Machine-2-241x300.webp 241w, https:\/\/www.weldmc.com\/wp-content\/uploads\/2025\/06\/Vertical-Electrogas-Welding-Machine-2-768x958.webp 768w, https:\/\/www.weldmc.com\/wp-content\/uploads\/2025\/06\/Vertical-Electrogas-Welding-Machine-2-600x748.webp 600w\" sizes=\"(max-width: 810px) 100vw, 810px\" \/><\/p>\n<p>Wuxi ABK Machinery Co.Ltd es un fabricante profesional de rotador de soldadura ajustable en China. Y tambi\u00e9n podemos ofrecer a nuestros clientes en todo el mundo muchos otros productos incluyendo rotador de soldadura especial, l\u00ednea de producci\u00f3n de torres e\u00f3licas, l\u00ednea de soldadura de vigas H, equipos de soldadura de tuber\u00edas, m\u00e1quina de corte CNC, m\u00e1quina rectificadora, m\u00e1quina perfiladora, m\u00e1quina curvadora de placas, etc. Hemos obtenido la certificaci\u00f3n ISO y CE, y tambi\u00e9n ofrecemos servicio OEM. Nuestros productos han sido bien recibidos por clientes de muchos pa\u00edses, como Espa\u00f1a, India, Alemania, Sud\u00e1frica, Brasil, Chile, Argentina, Rusia, Italia, Francia, Vietnam, y m\u00e1s. Si usted est\u00e1 interesado en nuestro rotador ajustable de soldadura, por favor no dude en contactarnos cuando lo desee.<\/p>\n<p>&nbsp;<\/p>","protected":false},"excerpt":{"rendered":"<p>Como soluci\u00f3n profesional para la soldadura por costura vertical de grandes tanques de almacenamiento, la serie EGW(Electro Gas Welder) de WUXI ABK de sistemas autom\u00e1ticos de soldadura por electroescoria con protecci\u00f3n de gas integra las ventajas de las tecnolog\u00edas avanzadas de soldadura por electroescoria y soldadura con protecci\u00f3n de gas, y est\u00e1 dise\u00f1ada espec\u00edficamente para proporcionar soluciones de soldadura eficientes para proyectos de tanques de almacenamiento montados in situ.<\/p>","protected":false},"featured_media":1372,"comment_status":"open","ping_status":"closed","template":"","meta":{"_acf_changed":false},"product_brand":[],"product_cat":[21,64,68],"product_tag":[],"class_list":{"0":"post-1371","1":"product","2":"type-product","3":"status-publish","4":"has-post-thumbnail","6":"product_cat-welding-automation","7":"product_cat-tank-welding-equipment","8":"product_cat-vertical-electrogas-welding-machine","10":"first","11":"instock","12":"shipping-taxable","13":"product-type-simple"},"acf":[],"_links":{"self":[{"href":"https:\/\/www.weldmc.com\/es\/wp-json\/wp\/v2\/product\/1371","targetHints":{"allow":["GET"]}}],"collection":[{"href":"https:\/\/www.weldmc.com\/es\/wp-json\/wp\/v2\/product"}],"about":[{"href":"https:\/\/www.weldmc.com\/es\/wp-json\/wp\/v2\/types\/product"}],"replies":[{"embeddable":true,"href":"https:\/\/www.weldmc.com\/es\/wp-json\/wp\/v2\/comments?post=1371"}],"wp:featuredmedia":[{"embeddable":true,"href":"https:\/\/www.weldmc.com\/es\/wp-json\/wp\/v2\/media\/1372"}],"wp:attachment":[{"href":"https:\/\/www.weldmc.com\/es\/wp-json\/wp\/v2\/media?parent=1371"}],"wp:term":[{"taxonomy":"product_brand","embeddable":true,"href":"https:\/\/www.weldmc.com\/es\/wp-json\/wp\/v2\/product_brand?post=1371"},{"taxonomy":"product_cat","embeddable":true,"href":"https:\/\/www.weldmc.com\/es\/wp-json\/wp\/v2\/product_cat?post=1371"},{"taxonomy":"product_tag","embeddable":true,"href":"https:\/\/www.weldmc.com\/es\/wp-json\/wp\/v2\/product_tag?post=1371"}],"curies":[{"name":"wp","href":"https:\/\/api.w.org\/{rel}","templated":true}]}}