{"id":1038,"date":"2025-05-25T01:41:36","date_gmt":"2025-05-24T17:41:36","guid":{"rendered":"http:\/\/111.170.148.214:8095\/?post_type=product&#038;p=1038"},"modified":"2025-10-14T14:44:11","modified_gmt":"2025-10-14T06:44:11","slug":"bastidor-de-rodillos-de-soldadura-estandar-100-toneladas","status":"publish","type":"product","link":"https:\/\/www.weldmc.com\/es\/product\/bastidor-de-rodillos-de-soldadura-estandar-100-toneladas\/","title":{"rendered":"Bastidor de rodillos de soldadura est\u00e1ndar 100 toneladas"},"content":{"rendered":"<p><strong><b>Descripci\u00f3n del rotador de soldadura est\u00e1ndar:<\/b><\/strong><\/p>\n<p><strong><b>Lista de par\u00e1metros de la HGZ convencional<\/b><\/strong><strong><b>-100 <\/b><\/strong><strong><b>rotador de soldadura<\/b><\/strong><\/p>\n<table>\n<tbody>\n<tr>\n<td colspan=\"2\" width=\"200\">Modelo<\/td>\n<td width=\"225\">HGZ-100<\/td>\n<\/tr>\n<tr>\n<td colspan=\"2\" width=\"200\">Capacidad de carga(Ton)<\/td>\n<td width=\"225\">100<\/td>\n<\/tr>\n<tr>\n<td colspan=\"2\" width=\"200\">Di\u00e1metro adecuado (mm)<\/td>\n<td width=\"225\">1000-5000<\/td>\n<\/tr>\n<tr>\n<td rowspan=\"2\" width=\"79\">Tama\u00f1o de la rueda (mm)<\/td>\n<td width=\"121\">PU<\/td>\n<td width=\"225\">\u03a6500*120<\/td>\n<\/tr>\n<tr>\n<td width=\"121\">Acero<\/td>\n<td width=\"225\">\u03a6490*80<\/td>\n<\/tr>\n<tr>\n<td colspan=\"2\" width=\"200\">Velocidad de rotaci\u00f3n (mm\/min)<\/td>\n<td width=\"225\">100-1000<\/td>\n<\/tr>\n<tr>\n<td colspan=\"2\" width=\"200\">Control de velocidad<\/td>\n<td width=\"225\">Magnetismo el\u00e9ctrico del ajuste de conversi\u00f3n de frecuencia<\/td>\n<\/tr>\n<tr>\n<td colspan=\"2\" width=\"200\">Potencia del motor (kw)<\/td>\n<td width=\"225\">5.5<\/td>\n<\/tr>\n<tr>\n<td colspan=\"2\" width=\"200\">Tensi\u00f3n de control<\/td>\n<td width=\"225\">24VAC<\/td>\n<\/tr>\n<tr>\n<td colspan=\"2\" width=\"200\">Cable colgante<\/td>\n<td width=\"225\">10m\/inal\u00e1mbrico<\/td>\n<\/tr>\n<tr>\n<td colspan=\"2\" width=\"200\">Energ\u00eda entrante<\/td>\n<td width=\"225\">380V\/400V\/415V\/440V\/460V-3P-50Hz\/60Hz<\/td>\n<\/tr>\n<tr>\n<td colspan=\"2\" width=\"200\">Color<\/td>\n<td width=\"225\">RAL 3003 Rojo 9005 Negro (Opcional)<\/td>\n<\/tr>\n<\/tbody>\n<\/table>\n<p><strong>Aplicaci\u00f3n<\/strong><\/p>\n<p>lSoldadura automatizada de contenedores met\u00e1licos circulares<\/p>\n<p>lIndustrias: Petr\u00f3leo y gas | Recipientes a presi\u00f3n | Torres e\u00f3licas | Fabricaci\u00f3n de tuber\u00edas<\/p>\n<p><strong>Principales ventajas<\/strong><br \/>\n\u2713\u00a0<strong>Amplia compatibilidad<\/strong>: Maneja varios di\u00e1metros (personalizable)<br \/>\n\u2713\u00a0<strong>Control de precisi\u00f3n<\/strong>: Conversi\u00f3n de frecuencia + regulaci\u00f3n continua de la velocidad (0,5-15 RPM)<br \/>\n\u2713\u00a0<strong>Calidad certificada<\/strong>: Conformidad CE | Certificaci\u00f3n ISO 9001<br \/>\n\u2713\u00a0<strong>Fiabilidad global<\/strong>: Exportado a m\u00e1s de 20 pa\u00edses (Reino Unido, UE, Oriente Medio, etc.)<\/p>\n<p><strong>Caracter\u00edsticas de rendimiento<\/strong><br \/>\n- Rotaci\u00f3n ultraestable (desviaci\u00f3n &lt;0,1 mm)<br \/>\n- Funcionamiento silencioso (&lt;65 dB)<br \/>\n- Interfaz f\u00e1cil de usar<\/p>\n<p><iframe title=\"Reproductor de v\u00eddeo YouTube\" src=\"https:\/\/www.youtube.com\/embed\/Z-Wloh9Aqt8?si=mFF1Cl-SgEIzGpyT\" width=\"560\" height=\"315\" frameborder=\"0\" allowfullscreen=\"allowfullscreen\" data-mce-fragment=\"1\"><\/iframe><\/p>\n<p><strong><b>Lista de par\u00e1metros del rotador de soldadura convencional de la serie HGZ<\/b><\/strong><\/p>\n<p><img fetchpriority=\"high\" decoding=\"async\" class=\"alignnone wp-image-988 size-full\" src=\"https:\/\/www.weldmc.com\/wp-content\/uploads\/2025\/05\/\u56fe\u724717.png\" alt=\"Rotador de soldadura est\u00e1ndar\" width=\"1024\" height=\"398\" srcset=\"https:\/\/www.weldmc.com\/wp-content\/uploads\/2025\/05\/\u56fe\u724717.png 1024w, https:\/\/www.weldmc.com\/wp-content\/uploads\/2025\/05\/\u56fe\u724717-300x117.png 300w, https:\/\/www.weldmc.com\/wp-content\/uploads\/2025\/05\/\u56fe\u724717-768x299.png 768w, https:\/\/www.weldmc.com\/wp-content\/uploads\/2025\/05\/\u56fe\u724717-600x233.png 600w\" sizes=\"(max-width: 1024px) 100vw, 1024px\" \/><\/p>\n<p class=\"ds-markdown-paragraph\">El rotador de soldadura est\u00e1ndar WUXI ABK de 100 toneladas representa el pin\u00e1culo de la tecnolog\u00eda de posicionadores de soldadura de alta resistencia, dise\u00f1ado para la rotaci\u00f3n de precisi\u00f3n de grandes componentes cil\u00edndricos en la fabricaci\u00f3n industrial. Nuestro avanzado sistema de bastidor de rodillos presenta una robusta construcci\u00f3n de acero tipo caja que garantiza una distribuci\u00f3n \u00f3ptima de la carga en todas las condiciones de trabajo. El sistema de movimiento de gu\u00eda lineal de precisi\u00f3n mantiene una exactitud de posicionamiento de \u00b10,1 mm, mientras que el mecanismo de bloqueo r\u00e1pido proporciona una fijaci\u00f3n r\u00edgida para operaciones de soldadura estables.<\/p>\n<p class=\"ds-markdown-paragraph\"><strong>Componentes b\u00e1sicos<\/strong><br \/>\nEn el coraz\u00f3n del sistema se encuentran rodillos de acero fundido de alta resistencia ZG45 de primera calidad con dureza HRC 55-60, cada uno de ellos capaz de soportar una carga din\u00e1mica de 30 toneladas. El sistema de accionamiento de doble motor combina dos motores de CA de 7,5 kW con reductores, que ofrecen un control preciso de la velocidad de 0,5 a 5 RPM mediante la regulaci\u00f3n del convertidor de frecuencia, con una sincronizaci\u00f3n del par mantenida con una precisi\u00f3n de \u00b12%.<\/p>\n<p class=\"ds-markdown-paragraph\"><strong>Sistemas de control avanzados<\/strong><br \/>\nEl rotador de soldadura est\u00e1ndar de 100 toneladas integra m\u00faltiples tecnolog\u00edas de precisi\u00f3n para garantizar un rendimiento excepcional en aplicaciones de trabajo pesado. Su sistema hidr\u00e1ulico de ajuste de la elevaci\u00f3n proporciona un rango de \u00b150 mm con alineaci\u00f3n autom\u00e1tica de la l\u00ednea central, lo que permite una adaptaci\u00f3n perfecta a las distintas dimensiones de la pieza de trabajo. Equipado con sensores de desplazamiento NOVO de fabricaci\u00f3n alemana, el sistema alcanza una resoluci\u00f3n de 0,01 mm para un control de posicionamiento microsc\u00f3pico. El sistema de control inteligente basado en PLC Siemens\/ABB (grado de protecci\u00f3n IP65) garantiza la fiabilidad en entornos industriales adversos, mientras que la interfaz de supervisi\u00f3n del movimiento axial en tiempo real permite a los operarios realizar un seguimiento y ajustar los par\u00e1metros al instante.<\/p>\n<p class=\"ds-markdown-paragraph\"><strong>Ventajas de rendimiento<\/strong><br \/>\nEn comparaci\u00f3n con los rotadores de soldadura convencionales, este resistente sistema de soporte de tuber\u00edas ofrece mejoras transformadoras: 40% mayor precisi\u00f3n de posicionamiento, 35% mayor vida \u00fatil de los componentes y 50% operaciones de ajuste m\u00e1s r\u00e1pidas. El equipo automatizado de rotaci\u00f3n de tuber\u00edas mantiene una precisi\u00f3n de prevenci\u00f3n de fluencia &lt;0,5 mm y una precisi\u00f3n de medici\u00f3n de linealidad de \u00b10,05%, fundamentales para aplicaciones como la fabricaci\u00f3n de recipientes a presi\u00f3n y la producci\u00f3n de torres e\u00f3licas. Estos avances convierten al sistema en una soluci\u00f3n ideal para la soldadura de tuber\u00edas de gran di\u00e1metro y la fabricaci\u00f3n de equipos energ\u00e9ticos.<\/p>\n<p class=\"ds-markdown-paragraph\"><strong>Especificaciones t\u00e9cnicas<\/strong><br \/>\nDise\u00f1ado como un sistema de utillaje de soldadura personalizado, el rotador presenta una capacidad de carga m\u00e1xima de 100 toneladas con rodillos de acero fundido ZG45 (dureza HRC 55-60) para una durabilidad extrema. El sistema de accionamiento utiliza motores de CA de 2\u00d77,5 kW con reductores, que proporcionan una gama de velocidad continua de 0,5-5 RPM para adaptarse a diversos procesos de soldadura. Con una precisi\u00f3n de posicionamiento de \u00b10,1 mm y una resoluci\u00f3n del sensor de 0,01 mm, este sistema de soporte de rodillos ajustable cumple los estrictos requisitos de los componentes de construcci\u00f3n naval y otras aplicaciones de fabricaci\u00f3n de precisi\u00f3n.<\/p>\n<p class=\"ds-markdown-paragraph\"><strong>Aplicaciones y control de calidad<\/strong><br \/>\nEste sistema de rodillos de soldadura de gran di\u00e1metro destaca en proyectos cr\u00edticos de fabricaci\u00f3n pesada, como la fabricaci\u00f3n de recipientes a presi\u00f3n, la producci\u00f3n de torres e\u00f3licas y la fabricaci\u00f3n de equipos energ\u00e9ticos. Cada unidad se somete a rigurosas pruebas e incluye certificaciones CE\/ISO, una garant\u00eda de 18 meses para los componentes cr\u00edticos y asistencia t\u00e9cnica in situ. Como proveedor profesional de equipos de soporte de rodillos, ofrecemos opciones de configuraci\u00f3n personalizadas para garantizar un rendimiento \u00f3ptimo para requisitos de aplicaci\u00f3n espec\u00edficos, lo que convierte a este sistema en una soluci\u00f3n integral de posicionamiento de soldadura de tuber\u00edas para aplicaciones industriales.<\/p>\n<p>&nbsp;<\/p>\n<p><img decoding=\"async\" class=\"alignnone wp-image-994 size-medium\" src=\"https:\/\/www.weldmc.com\/wp-content\/uploads\/2025\/05\/\u56fe\u724722-300x169.png\" alt=\"Rotador de soldadura est\u00e1ndar\" width=\"300\" height=\"169\" srcset=\"https:\/\/www.weldmc.com\/wp-content\/uploads\/2025\/05\/\u56fe\u724722-300x169.png 300w, https:\/\/www.weldmc.com\/wp-content\/uploads\/2025\/05\/\u56fe\u724722-1024x575.png 1024w, https:\/\/www.weldmc.com\/wp-content\/uploads\/2025\/05\/\u56fe\u724722-768x432.png 768w, https:\/\/www.weldmc.com\/wp-content\/uploads\/2025\/05\/\u56fe\u724722-600x337.png 600w, https:\/\/www.weldmc.com\/wp-content\/uploads\/2025\/05\/\u56fe\u724722.png 1388w\" sizes=\"(max-width: 300px) 100vw, 300px\" \/><img decoding=\"async\" class=\"alignnone wp-image-993 size-medium\" src=\"https:\/\/www.weldmc.com\/wp-content\/uploads\/2025\/05\/\u56fe\u724721-300x169.png\" alt=\"Rotador de soldadura est\u00e1ndar\" width=\"300\" height=\"169\" srcset=\"https:\/\/www.weldmc.com\/wp-content\/uploads\/2025\/05\/\u56fe\u724721-300x169.png 300w, https:\/\/www.weldmc.com\/wp-content\/uploads\/2025\/05\/\u56fe\u724721-600x337.png 600w, https:\/\/www.weldmc.com\/wp-content\/uploads\/2025\/05\/\u56fe\u724721.png 745w\" sizes=\"(max-width: 300px) 100vw, 300px\" \/><\/p>\n<p>&nbsp;<\/p>\n<div class=\"mceTemp\"><\/div>\n<p>&nbsp;<\/p>\n<p><strong>Caracter\u00edsticas del rotador de soldadura<\/strong><\/p>\n<p>1.La distancia de los rodillos se ajusta autom\u00e1ticamente para adaptarse a diferentes di\u00e1metros de barril.<br \/>\n2.La velocidad es ajustable mediante un sistema de control de frecuencia, lo que aumenta la fiabilidad operativa.<br \/>\n3.Se garantiza un funcionamiento sencillo con una caja de control manual.<br \/>\n4.Disponible en m\u00faltiples configuraciones, incluidos los tipos m\u00f3vil y elevable.<br \/>\n5.Un lecho de rodillos especialmente dise\u00f1ado ofrece una mayor comodidad durante la soldadura.<br \/>\n6.Los rodillos pueden fabricarse con diversos materiales, como caucho negro, poliuretano y acero.<img loading=\"lazy\" decoding=\"async\" class=\"alignnone wp-image-991 size-full\" src=\"https:\/\/www.weldmc.com\/wp-content\/uploads\/2025\/05\/1748102710232.jpg\" alt=\"Rotador de soldadura est\u00e1ndar \" width=\"596\" height=\"228\" srcset=\"https:\/\/www.weldmc.com\/wp-content\/uploads\/2025\/05\/1748102710232.jpg 596w, https:\/\/www.weldmc.com\/wp-content\/uploads\/2025\/05\/1748102710232-300x115.jpg 300w\" sizes=\"(max-width: 596px) 100vw, 596px\" \/><\/p>\n<p class=\"ds-markdown-paragraph\"><strong>Preparaci\u00f3n previa a la operaci\u00f3n<\/strong><br \/>\nAntes del primer uso, limpie a fondo el rotador de soldadura para eliminar cualquier revestimiento protector o residuo. Preste especial atenci\u00f3n a los rodillos de goma, que deben mantenerse libres de contaminaci\u00f3n por aceite y de exposici\u00f3n a altas temperaturas (superiores a 60\u00b0C) para evitar su envejecimiento prematuro. Recomendamos asignar a personal cualificado todos los procedimientos de funcionamiento y mantenimiento para garantizar un rendimiento \u00f3ptimo.<\/p>\n<p class=\"ds-markdown-paragraph\"><strong>Requisitos de lubricaci\u00f3n<\/strong><\/p>\n<ul>\n<li>\n<p class=\"ds-markdown-paragraph\">Llene el reductor de velocidad con\u00a0<strong>Aceite de motor 30#<\/strong>\u00a0(equivalente a ISO VG 150) antes de la puesta en marcha inicial<\/p>\n<\/li>\n<li>\n<p class=\"ds-markdown-paragraph\">En entornos de baja temperatura (&lt;0\u00b0C), utilice\u00a0<strong>aceite sint\u00e9tico de invierno<\/strong>\u00a0(por ejemplo, Mobil SHC 634)<\/p>\n<\/li>\n<li>\n<p class=\"ds-markdown-paragraph\">Llevar a cabo la\u00a0<strong>primer cambio de aceite<\/strong>\u00a0tras 30 d\u00edas de funcionamiento<\/p>\n<\/li>\n<li>\n<p class=\"ds-markdown-paragraph\">Los cambios de aceite posteriores deben realizarse\u00a0<strong>cada 500 horas de funcionamiento<\/strong>\u00a0o\u00a0<strong>6 meses<\/strong>\u00a0(lo que ocurra primero)<\/p>\n<\/li>\n<\/ul>\n<p class=\"ds-markdown-paragraph\"><strong>Directrices operativas fundamentales<\/strong><\/p>\n<ol start=\"1\">\n<li>\n<p class=\"ds-markdown-paragraph\"><strong>Nunca<\/strong>\u00a0utilizar la bancada de rodillos como conexi\u00f3n a tierra de soldadura - emplear siempre pinzas de conexi\u00f3n a tierra separadas<\/p>\n<\/li>\n<li>\n<p class=\"ds-markdown-paragraph\">Inspeccione peri\u00f3dicamente la temperatura de los rodamientos (no debe superar los 70\u00b0C durante el funcionamiento continuo).<\/p>\n<\/li>\n<li>\n<p class=\"ds-markdown-paragraph\">Compruebe mensualmente la alineaci\u00f3n de los rodillos con nuestro\u00a0<strong>herramienta de alineaci\u00f3n l\u00e1ser<\/strong>\u00a0(accesorio opcional)<\/p>\n<\/li>\n<\/ol>\n<p class=\"ds-markdown-paragraph\"><strong>Calendario de mantenimiento<\/strong><\/p>\n<div class=\"markdown-table-wrapper\">\n<table>\n<thead>\n<tr>\n<th>Intervalo<\/th>\n<th>Tarea<\/th>\n<th>Est\u00e1ndar<\/th>\n<\/tr>\n<\/thead>\n<tbody>\n<tr>\n<td>Diario<\/td>\n<td>Inspecci\u00f3n visual de rodillos y componentes de accionamiento<\/td>\n<td>Sin da\u00f1os ni deformaciones visibles<\/td>\n<\/tr>\n<tr>\n<td>Semanal<\/td>\n<td>Lubricaci\u00f3n de gu\u00edas y piezas m\u00f3viles<\/td>\n<td>Utilizar grasa Mobilux EP 2<\/td>\n<\/tr>\n<tr>\n<td>Mensualmente<\/td>\n<td>Comprobaci\u00f3n del par de apriete de todos los tornillos<\/td>\n<td>85-95 Nm para tornillos M20<\/td>\n<\/tr>\n<tr>\n<td>Trimestral<\/td>\n<td>Inspecci\u00f3n del estado de los rodamientos<\/td>\n<td>Sustituir si el juego radial es superior a 0,3 mm<\/td>\n<\/tr>\n<\/tbody>\n<\/table>\n<\/div>\n<p class=\"ds-markdown-paragraph\"><strong>Consejos para solucionar problemas<\/strong><\/p>\n<ul>\n<li>\n<p class=\"ds-markdown-paragraph\"><strong>Rotaci\u00f3n desigual<\/strong>: Verificar el paralelismo de los rodillos (tolerancia: \u00b10,2mm\/m)<\/p>\n<\/li>\n<li>\n<p class=\"ds-markdown-paragraph\"><strong>Ruido anormal<\/strong>: Comprobar el nivel y la calidad del aceite del reductor<\/p>\n<\/li>\n<li>\n<p class=\"ds-markdown-paragraph\"><strong>Fluctuaciones de potencia<\/strong>: Inspeccionar las escobillas del motor (sustituir si quedan &lt;5mm)<\/p>\n<\/li>\n<\/ul>\n<p class=\"ds-markdown-paragraph\"><strong>Precauciones de seguridad<\/strong><br \/>\n\u2713 Desconecte siempre la alimentaci\u00f3n antes del mantenimiento<br \/>\n\u2713 Utilice \u00fanicamente piezas de repuesto homologadas por ABK.<br \/>\n\u2713 Registrar todas las actividades de mantenimiento en el libro de registro proporcionado.<\/p>\n<p class=\"ds-markdown-paragraph\">Para obtener asistencia t\u00e9cnica, p\u00f3ngase en contacto con la l\u00ednea directa de servicio 24\/7 de WUXI ABK teniendo a mano el n\u00famero de serie de su m\u00e1quina. Nuestros ingenieros de campo pueden proporcionar diagn\u00f3sticos remotos o asistencia in situ en un plazo de 72 horas para problemas cr\u00edticos.<\/p>\n<p><strong><b>Detalles del producto<\/b><\/strong><strong><b><br \/>\n<\/b><\/strong><\/p>\n<p><img loading=\"lazy\" decoding=\"async\" class=\"alignnone wp-image-987 size-medium\" src=\"https:\/\/www.weldmc.com\/wp-content\/uploads\/2025\/05\/\u56fe\u724724-241x300.png\" alt=\"Rotador de soldadura est\u00e1ndar\" width=\"241\" height=\"300\" srcset=\"https:\/\/www.weldmc.com\/wp-content\/uploads\/2025\/05\/\u56fe\u724724-241x300.png 241w, https:\/\/www.weldmc.com\/wp-content\/uploads\/2025\/05\/\u56fe\u724724.png 486w\" sizes=\"(max-width: 241px) 100vw, 241px\" \/><img decoding=\"async\" src=\"https:\/\/www.weldmc.com\/wp-content\/uploads\/2025\/05\/Standard-Welding-Rotato-300x300.png\" alt=\"Rotato de soldadura est\u00e1ndar\" \/><\/p>\n<table>\n<tbody>\n<tr>\n<td>- Dise\u00f1o de confianza<\/td>\n<td>- Calidad fiable<\/td>\n<\/tr>\n<tr>\n<td>- Piezas de renombre<\/td>\n<td>- Control del inversor<\/td>\n<\/tr>\n<tr>\n<td>- Sistema de transmisi\u00f3n directa<\/td>\n<td>- Opci\u00f3n de desplazamiento motorizado<\/td>\n<\/tr>\n<tr>\n<td>- Dise\u00f1o personalizado a medida<\/td>\n<td>- OEM<\/td>\n<\/tr>\n<\/tbody>\n<\/table>\n<p><strong><b>Introducci\u00f3n de la rueda<\/b><\/strong><\/p>\n<p>Las ruedas de poliuretano ofrecen una excepcional resistencia a la abrasi\u00f3n, un procesamiento vers\u00e1til, una amplia aplicabilidad y una resistencia superior al aceite, el ozono, el envejecimiento, la radiaci\u00f3n y las bajas temperaturas. Tambi\u00e9n ofrecen una fuerte adherencia, una excelente transmisi\u00f3n del sonido, biocompatibilidad y compatibilidad sangu\u00ednea.<\/p>\n<p><strong><b>Introducci\u00f3n del motor<\/b><\/strong><strong><b><br \/>\n<\/b><\/strong><b><\/b><\/p>\n<p><img loading=\"lazy\" decoding=\"async\" class=\"alignnone wp-image-820 size-full\" src=\"https:\/\/www.weldmc.com\/wp-content\/uploads\/2025\/05\/Motor-introduction.png\" alt=\"Rotador de soldadura ajustable HGK-500\" width=\"695\" height=\"521\" srcset=\"https:\/\/www.weldmc.com\/wp-content\/uploads\/2025\/05\/Motor-introduction.png 695w, https:\/\/www.weldmc.com\/wp-content\/uploads\/2025\/05\/Motor-introduction-300x225.png 300w, https:\/\/www.weldmc.com\/wp-content\/uploads\/2025\/05\/Motor-introduction-600x450.png 600w\" sizes=\"(max-width: 695px) 100vw, 695px\" \/> <img loading=\"lazy\" decoding=\"async\" class=\"alignnone wp-image-818 size-full\" src=\"https:\/\/www.weldmc.com\/wp-content\/uploads\/2025\/05\/Adjustable-Welding-Rotator-HGK-5.png\" alt=\"Rotato de soldadura est\u00e1ndar\" width=\"1022\" height=\"397\" srcset=\"https:\/\/www.weldmc.com\/wp-content\/uploads\/2025\/05\/Adjustable-Welding-Rotator-HGK-5.png 1022w, https:\/\/www.weldmc.com\/wp-content\/uploads\/2025\/05\/Adjustable-Welding-Rotator-HGK-5-300x117.png 300w, https:\/\/www.weldmc.com\/wp-content\/uploads\/2025\/05\/Adjustable-Welding-Rotator-HGK-5-768x298.png 768w, https:\/\/www.weldmc.com\/wp-content\/uploads\/2025\/05\/Adjustable-Welding-Rotator-HGK-5-600x233.png 600w\" sizes=\"(max-width: 1022px) 100vw, 1022px\" \/><\/p>\n<p><strong><b>Fabricante de rotadores de alta calidad<\/b><\/strong><\/p>\n<p>1.Con m\u00e1s de 20 a\u00f1os de experiencia especializada en la fabricaci\u00f3n de rotadores autoalineables.<br \/>\n2.Nuestros productos tienen una capacidad de carga que oscila entre 5 y 400 toneladas.<br \/>\n3.Proporcionamos certificaciones CE e ISO, que garantizan el cumplimiento de las estrictas subregulaciones. Adem\u00e1s.<br \/>\n4.Ofrecemos un a\u00f1o de garant\u00eda y piezas de desgaste gratuitas.<br \/>\n5.Nuestro equipo t\u00e9cnico altamente cualificado se dedica a prestarle apoyo a usted y a sus proyectos a gran escala, como la soldadura de aerogeneradores.<\/p>\n<p><strong><b>Certificaci\u00f3n de productos<\/b><\/strong><\/p>\n<p>Ad\u00e9ntrese en el futuro de la tecnolog\u00eda de soldadura con nuestras soluciones de vanguardia.<br \/>\nDesde procesos automatizados hasta controles intuitivos, nuestros productos est\u00e1n a la vanguardia de la innovaci\u00f3n y le proporcionan las herramientas que necesita para mantenerse a la cabeza en el competitivo mercado actual.<\/p>\n<p><img decoding=\"async\" src=\"https:\/\/www.weldmc.com\/wp-content\/uploads\/2025\/05\/Roller-frame-product-certificate.png\" alt=\"Certificado de producto del bastidor de rodillos\" \/><br \/>\n<!--more--><\/p>\n<p>Wuxi ABK Machinery Co.Ltd es un fabricante profesional de rotador de soldadura en China. Y nuestro rotador de soldadura incluye principalmente rotador de soldadura est\u00e1ndar, rotador de soldadura ajustable y rotador de soldadura especial. Tambi\u00e9n podemos ofrecer a nuestros clientes en todo el mundo muchos otros productos, incluyendo la plataforma giratoria de soldadura, m\u00e1quina de soldadura de pilotes, l\u00ednea de producci\u00f3n de torres e\u00f3licas, l\u00ednea de soldadura de vigas H, equipos de soldadura de tuber\u00edas, m\u00e1quina de corte CNC, m\u00e1quina rectificadora, m\u00e1quina perfiladora, m\u00e1quina curvadora de placas, etc. Hemos obtenido la certificaci\u00f3n ISO y CE, y tambi\u00e9n ofrecemos servicio OEM.<\/p>","protected":false},"excerpt":{"rendered":"<p><strong>Rotador de soldadura WUXI ABK de 100 toneladas<\/strong>\u00a0ofrece rotaci\u00f3n de precisi\u00f3n para fabricaci\u00f3n pesada. Con motores duales de 7,5 kW (0,5-5 RPM), rodillos de aleaci\u00f3n ZG45 (HRC 55-60) y una precisi\u00f3n de \u00b10,1 mm, manipula recipientes a presi\u00f3n, torres e\u00f3licas y componentes navales. El sistema inteligente antideslizamiento (desviaci\u00f3n &lt;0,5 mm) y los controles PLC de Siemens garantizan un rendimiento fiable. Certificado CE\/ISO con 18 meses de garant\u00eda.<\/p>","protected":false},"featured_media":1853,"comment_status":"open","ping_status":"closed","template":"","meta":{"_acf_changed":false},"product_brand":[],"product_cat":[21,42,30],"product_tag":[],"class_list":{"0":"post-1038","1":"product","2":"type-product","3":"status-publish","4":"has-post-thumbnail","6":"product_cat-welding-automation","7":"product_cat-standard-welding-rotator","8":"product_cat-welding-rotator","10":"first","11":"instock","12":"shipping-taxable","13":"product-type-simple"},"acf":[],"_links":{"self":[{"href":"https:\/\/www.weldmc.com\/es\/wp-json\/wp\/v2\/product\/1038","targetHints":{"allow":["GET"]}}],"collection":[{"href":"https:\/\/www.weldmc.com\/es\/wp-json\/wp\/v2\/product"}],"about":[{"href":"https:\/\/www.weldmc.com\/es\/wp-json\/wp\/v2\/types\/product"}],"replies":[{"embeddable":true,"href":"https:\/\/www.weldmc.com\/es\/wp-json\/wp\/v2\/comments?post=1038"}],"wp:featuredmedia":[{"embeddable":true,"href":"https:\/\/www.weldmc.com\/es\/wp-json\/wp\/v2\/media\/1853"}],"wp:attachment":[{"href":"https:\/\/www.weldmc.com\/es\/wp-json\/wp\/v2\/media?parent=1038"}],"wp:term":[{"taxonomy":"product_brand","embeddable":true,"href":"https:\/\/www.weldmc.com\/es\/wp-json\/wp\/v2\/product_brand?post=1038"},{"taxonomy":"product_cat","embeddable":true,"href":"https:\/\/www.weldmc.com\/es\/wp-json\/wp\/v2\/product_cat?post=1038"},{"taxonomy":"product_tag","embeddable":true,"href":"https:\/\/www.weldmc.com\/es\/wp-json\/wp\/v2\/product_tag?post=1038"}],"curies":[{"name":"wp","href":"https:\/\/api.w.org\/{rel}","templated":true}]}}