{"id":1036,"date":"2025-05-25T01:36:41","date_gmt":"2025-05-24T17:36:41","guid":{"rendered":"http:\/\/111.170.148.214:8095\/?post_type=product&#038;p=1036"},"modified":"2025-10-14T14:41:21","modified_gmt":"2025-10-14T06:41:21","slug":"standard-duty-welding-rotator-80-tons","status":"publish","type":"product","link":"https:\/\/www.weldmc.com\/es\/product\/standard-duty-welding-rotator-80-tons\/","title":{"rendered":"Rotador de soldadura est\u00e1ndar 80 toneladas"},"content":{"rendered":"<p><strong><b>Descripci\u00f3n del rotador de soldadura est\u00e1ndar:<\/b><\/strong><\/p>\n<p><strong><b>Lista de par\u00e1metros de la HGZ convencional<\/b><\/strong><strong><b>-80 <\/b><\/strong><strong><b>rotador de soldadura<\/b><\/strong><\/p>\n<table>\n<tbody>\n<tr>\n<td colspan=\"2\" width=\"200\">Modelo<\/td>\n<td width=\"225\">HGZ-80<\/td>\n<\/tr>\n<tr>\n<td colspan=\"2\" width=\"200\">Capacidad de carga(Ton)<\/td>\n<td width=\"225\">80<\/td>\n<\/tr>\n<tr>\n<td colspan=\"2\" width=\"200\">Di\u00e1metro adecuado (mm)<\/td>\n<td width=\"225\">850-5000<\/td>\n<\/tr>\n<tr>\n<td rowspan=\"2\" width=\"79\">Tama\u00f1o de la rueda (mm)<\/td>\n<td width=\"121\">PU<\/td>\n<td width=\"225\">\u03a6500*120<\/td>\n<\/tr>\n<tr>\n<td width=\"121\">Acero<\/td>\n<td width=\"225\">\u03a6490*60<\/td>\n<\/tr>\n<tr>\n<td colspan=\"2\" width=\"200\">Velocidad de rotaci\u00f3n (mm\/min)<\/td>\n<td width=\"225\">100-1000<\/td>\n<\/tr>\n<tr>\n<td colspan=\"2\" width=\"200\">Control de velocidad<\/td>\n<td width=\"225\">Magnetismo el\u00e9ctrico del ajuste de conversi\u00f3n de frecuencia<\/td>\n<\/tr>\n<tr>\n<td colspan=\"2\" width=\"200\">Potencia del motor (kw)<\/td>\n<td width=\"225\">4<\/td>\n<\/tr>\n<tr>\n<td colspan=\"2\" width=\"200\">Tensi\u00f3n de control<\/td>\n<td width=\"225\">24VAC<\/td>\n<\/tr>\n<tr>\n<td colspan=\"2\" width=\"200\">Cable colgante<\/td>\n<td width=\"225\">10m\/inal\u00e1mbrico<\/td>\n<\/tr>\n<tr>\n<td colspan=\"2\" width=\"200\">Energ\u00eda entrante<\/td>\n<td width=\"225\">380V\/400V\/415V\/440V\/460V-3P-50Hz\/60Hz<\/td>\n<\/tr>\n<tr>\n<td colspan=\"2\" width=\"200\">Color<\/td>\n<td width=\"225\">RAL 3003 Rojo 9005 Negro (Opcional)<\/td>\n<\/tr>\n<\/tbody>\n<\/table>\n<p><strong>Aplicaci\u00f3n<\/strong><\/p>\n<p>lSoldadura automatizada de contenedores met\u00e1licos circulares<\/p>\n<p>lIndustrias: Petr\u00f3leo y gas | Recipientes a presi\u00f3n | Torres e\u00f3licas | Fabricaci\u00f3n de tuber\u00edas<\/p>\n<p><strong>Principales ventajas<\/strong><br \/>\n\u2713\u00a0<strong>Amplia compatibilidad<\/strong>: Maneja varios di\u00e1metros (personalizable)<br \/>\n\u2713\u00a0<strong>Control de precisi\u00f3n<\/strong>: Conversi\u00f3n de frecuencia + regulaci\u00f3n continua de la velocidad (0,5-15 RPM)<br \/>\n\u2713\u00a0<strong>Calidad certificada<\/strong>: Conformidad CE | Certificaci\u00f3n ISO 9001<br \/>\n\u2713\u00a0<strong>Fiabilidad global<\/strong>: Exportado a m\u00e1s de 20 pa\u00edses (Reino Unido, UE, Oriente Medio, etc.)<\/p>\n<p><strong>Caracter\u00edsticas de rendimiento<\/strong><br \/>\n- Rotaci\u00f3n ultraestable (desviaci\u00f3n &lt;0,1 mm)<br \/>\n- Funcionamiento silencioso (&lt;65 dB)<br \/>\n- Interfaz f\u00e1cil de usar<\/p>\n<p><iframe title=\"Reproductor de v\u00eddeo YouTube\" src=\"https:\/\/www.youtube.com\/embed\/Z-Wloh9Aqt8?si=mFF1Cl-SgEIzGpyT\" width=\"560\" height=\"315\" frameborder=\"0\" allowfullscreen=\"allowfullscreen\"><\/iframe><\/p>\n<p><strong><b>Lista de par\u00e1metros del rotador de soldadura convencional de la serie HGZ<\/b><\/strong><\/p>\n<p><img fetchpriority=\"high\" decoding=\"async\" class=\"alignnone wp-image-988 size-full\" src=\"https:\/\/www.weldmc.com\/wp-content\/uploads\/2025\/05\/\u56fe\u724717.png\" alt=\"Rotador de soldadura est\u00e1ndar\" width=\"1024\" height=\"398\" srcset=\"https:\/\/www.weldmc.com\/wp-content\/uploads\/2025\/05\/\u56fe\u724717.png 1024w, https:\/\/www.weldmc.com\/wp-content\/uploads\/2025\/05\/\u56fe\u724717-300x117.png 300w, https:\/\/www.weldmc.com\/wp-content\/uploads\/2025\/05\/\u56fe\u724717-768x299.png 768w, https:\/\/www.weldmc.com\/wp-content\/uploads\/2025\/05\/\u56fe\u724717-600x233.png 600w\" sizes=\"(max-width: 1024px) 100vw, 1024px\" \/><\/p>\n<p class=\"ds-markdown-paragraph\"><strong>WUXI ABK 80-Ton Standard Welding Rotator &#8211; Industrial-Grade Rotation Solution<\/strong><\/p>\n<p class=\"ds-markdown-paragraph\">Engineered for heavy industrial applications, our\u00a0<strong>80-ton welding rotator<\/strong>\u00a0delivers exceptional performance in\u00a0<strong>fabricaci\u00f3n de recipientes a presi\u00f3n<\/strong>,\u00a0<strong>producci\u00f3n de torres e\u00f3licas<\/strong>y\u00a0<strong>ship component manufacturing<\/strong>. The robust\u00a0<strong>construcci\u00f3n de acero tipo caja<\/strong>\u00a0ensures optimal load distribution, while the\u00a0<strong>precision linear guide system<\/strong>\u00a0maintains \u00b10.1mm positioning accuracy &#8211;\u00a0<strong>40% better<\/strong>\u00a0than conventional rotators.<\/p>\n<p class=\"ds-markdown-paragraph\"><strong>Core Technical Advantages:<\/strong><\/p>\n<ul>\n<li>\n<p class=\"ds-markdown-paragraph\"><strong>High-capacity rollers<\/strong>: ZG45 cast steel (HRC 55-60) with\u00a0<strong>30-ton\/roller dynamic capacity<\/strong><\/p>\n<\/li>\n<li>\n<p class=\"ds-markdown-paragraph\"><strong>Smart drive system<\/strong>: Dual 7.5kW AC motors with\u00a0<strong>0.5-5 RPM<\/strong>\u00a0stepless control (\u00b12% torque sync)<\/p>\n<\/li>\n<li>\n<p class=\"ds-markdown-paragraph\"><strong>Anti-creep technology<\/strong>: Hydraulic elevation (\u00b150mm) with\u00a0<strong>&lt;0.5mm<\/strong>\u00a0deviation<\/p>\n<\/li>\n<li>\n<p class=\"ds-markdown-paragraph\"><strong>German precision<\/strong>: NOVO sensors (0.01mm resolution) and Siemens PLC control<\/p>\n<\/li>\n<\/ul>\n<p class=\"ds-markdown-paragraph\"><strong>Performance Benefits for Fabricators:<\/strong><br \/>\n\u2713\u00a0<strong>35% mayor vida \u00fatil<\/strong>\u00a0through premium components<br \/>\n\u2713\u00a0<strong>50% faster adjustments<\/strong>\u00a0with quick-lock mechanisms<br \/>\n\u2713\u00a0<strong>IP65 protection<\/strong>\u00a0for harsh workshop environments<br \/>\n\u2713\u00a0<strong>Integraci\u00f3n perfecta<\/strong>\u00a0with automated welding systems<\/p>\n<p><img decoding=\"async\" class=\"alignnone wp-image-994\" src=\"https:\/\/www.weldmc.com\/wp-content\/uploads\/2025\/05\/\u56fe\u724722-1024x575.png\" alt=\"Rotador de soldadura est\u00e1ndar\" width=\"746\" height=\"419\" srcset=\"https:\/\/www.weldmc.com\/wp-content\/uploads\/2025\/05\/\u56fe\u724722-1024x575.png 1024w, https:\/\/www.weldmc.com\/wp-content\/uploads\/2025\/05\/\u56fe\u724722-300x169.png 300w, https:\/\/www.weldmc.com\/wp-content\/uploads\/2025\/05\/\u56fe\u724722-768x432.png 768w, https:\/\/www.weldmc.com\/wp-content\/uploads\/2025\/05\/\u56fe\u724722-600x337.png 600w, https:\/\/www.weldmc.com\/wp-content\/uploads\/2025\/05\/\u56fe\u724722.png 1388w\" sizes=\"(max-width: 746px) 100vw, 746px\" \/><\/p>\n<p><img decoding=\"async\" class=\"alignnone wp-image-993 size-full\" src=\"https:\/\/www.weldmc.com\/wp-content\/uploads\/2025\/05\/\u56fe\u724721.png\" alt=\"Rotador de soldadura est\u00e1ndar \" width=\"745\" height=\"419\" srcset=\"https:\/\/www.weldmc.com\/wp-content\/uploads\/2025\/05\/\u56fe\u724721.png 745w, https:\/\/www.weldmc.com\/wp-content\/uploads\/2025\/05\/\u56fe\u724721-300x169.png 300w, https:\/\/www.weldmc.com\/wp-content\/uploads\/2025\/05\/\u56fe\u724721-600x337.png 600w\" sizes=\"(max-width: 745px) 100vw, 745px\" \/> <img loading=\"lazy\" decoding=\"async\" class=\"alignnone wp-image-992 size-full\" src=\"https:\/\/www.weldmc.com\/wp-content\/uploads\/2025\/05\/\u56fe\u724720.png\" alt=\"Rotador de soldadura est\u00e1ndar \" width=\"745\" height=\"419\" srcset=\"https:\/\/www.weldmc.com\/wp-content\/uploads\/2025\/05\/\u56fe\u724720.png 745w, https:\/\/www.weldmc.com\/wp-content\/uploads\/2025\/05\/\u56fe\u724720-300x169.png 300w, https:\/\/www.weldmc.com\/wp-content\/uploads\/2025\/05\/\u56fe\u724720-600x337.png 600w\" sizes=\"(max-width: 745px) 100vw, 745px\" \/><\/p>\n<p><strong>Caracter\u00edsticas del rotador de soldadura<\/strong><\/p>\n<p>1.La distancia de los rodillos se ajusta autom\u00e1ticamente para adaptarse a diferentes di\u00e1metros de barril.<br \/>\n2.La velocidad es ajustable mediante un sistema de control de frecuencia, lo que aumenta la fiabilidad operativa.<br \/>\n3.Se garantiza un funcionamiento sencillo con una caja de control manual.<br \/>\n4.Disponible en m\u00faltiples configuraciones, incluidos los tipos m\u00f3vil y elevable.<br \/>\n5.Un lecho de rodillos especialmente dise\u00f1ado ofrece una mayor comodidad durante la soldadura.<br \/>\n6.Los rodillos pueden fabricarse con diversos materiales, como caucho negro, poliuretano y acero.<\/p>\n<p><img loading=\"lazy\" decoding=\"async\" class=\"alignnone wp-image-991\" src=\"https:\/\/www.weldmc.com\/wp-content\/uploads\/2025\/05\/1748102710232.jpg\" alt=\"Rotador de soldadura est\u00e1ndar\" width=\"704\" height=\"270\" srcset=\"https:\/\/www.weldmc.com\/wp-content\/uploads\/2025\/05\/1748102710232.jpg 596w, https:\/\/www.weldmc.com\/wp-content\/uploads\/2025\/05\/1748102710232-300x115.jpg 300w\" sizes=\"(max-width: 704px) 100vw, 704px\" \/><\/p>\n<p><strong><b>Mantenimiento del rotor de soldadura<\/b><\/strong><\/p>\n<p>1. Este rotador de soldadura necesita limpieza antes de ponerse en uso. Y para evitar el envejecimiento, los rodillos de goma deben mantenerse alejados de aceites y altas temperaturas. 2. Si es posible, debe haber una persona espec\u00edfica para operar y mantener este dispositivo.<br \/>\n2. Antes de arrancar, el reductor de velocidad debe estar lleno de aceite de motor 30#, lo que tambi\u00e9n es necesario cuando la temperatura ambiente es inferior a 0\u00baC.<br \/>\n3. El aceite del interior del reductor de velocidad debe cambiarse completamente despu\u00e9s del primer mes de uso, y posteriormente, el aceite del motor puede cambiarse cada seis meses.<br \/>\n4. El lecho de rodillos no puede utilizarse como suelo de soldadura para evitar que se da\u00f1en los rodamientos.<br \/>\n<strong><b>Detalles del producto<\/b><\/strong><strong><b><br \/>\n<\/b><\/strong><\/p>\n<p><img loading=\"lazy\" decoding=\"async\" class=\"alignnone wp-image-997\" src=\"https:\/\/www.weldmc.com\/wp-content\/uploads\/2025\/05\/\u56fe\u724723.png\" alt=\"Rotato de soldadura est\u00e1ndar\" width=\"486\" height=\"606\" srcset=\"https:\/\/www.weldmc.com\/wp-content\/uploads\/2025\/05\/\u56fe\u724723.png 562w, https:\/\/www.weldmc.com\/wp-content\/uploads\/2025\/05\/\u56fe\u724723-241x300.png 241w\" sizes=\"(max-width: 486px) 100vw, 486px\" \/> <img loading=\"lazy\" decoding=\"async\" class=\"alignnone wp-image-987 size-full\" src=\"https:\/\/www.weldmc.com\/wp-content\/uploads\/2025\/05\/\u56fe\u724724.png\" alt=\"Rotador de soldadura est\u00e1ndar\" width=\"486\" height=\"606\" srcset=\"https:\/\/www.weldmc.com\/wp-content\/uploads\/2025\/05\/\u56fe\u724724.png 486w, https:\/\/www.weldmc.com\/wp-content\/uploads\/2025\/05\/\u56fe\u724724-241x300.png 241w\" sizes=\"(max-width: 486px) 100vw, 486px\" \/><\/p>\n<table>\n<tbody>\n<tr>\n<td>- Dise\u00f1o de confianza<\/td>\n<td>- Calidad fiable<\/td>\n<\/tr>\n<tr>\n<td>- Piezas de renombre<\/td>\n<td>- Control del inversor<\/td>\n<\/tr>\n<tr>\n<td>- Sistema de transmisi\u00f3n directa<\/td>\n<td>- Opci\u00f3n de desplazamiento motorizado<\/td>\n<\/tr>\n<tr>\n<td>- Dise\u00f1o personalizado a medida<\/td>\n<td>- OEM<\/td>\n<\/tr>\n<\/tbody>\n<\/table>\n<p><strong><b>Introducci\u00f3n de la rueda<\/b><\/strong><\/p>\n<p>Las ruedas de poliuretano ofrecen una excepcional resistencia a la abrasi\u00f3n, un procesamiento vers\u00e1til, una amplia aplicabilidad y una resistencia superior al aceite, el ozono, el envejecimiento, la radiaci\u00f3n y las bajas temperaturas. Tambi\u00e9n ofrecen una fuerte adherencia, una excelente transmisi\u00f3n del sonido, biocompatibilidad y compatibilidad sangu\u00ednea.<\/p>\n<p><strong><b>Introducci\u00f3n del motor<\/b><\/strong><strong><b><br \/>\n<\/b><\/strong><b><\/b><\/p>\n<p><img loading=\"lazy\" decoding=\"async\" class=\"alignnone wp-image-820 size-full\" src=\"https:\/\/www.weldmc.com\/wp-content\/uploads\/2025\/05\/Motor-introduction.png\" alt=\"Rotador de soldadura ajustable HGK-500\" width=\"695\" height=\"521\" srcset=\"https:\/\/www.weldmc.com\/wp-content\/uploads\/2025\/05\/Motor-introduction.png 695w, https:\/\/www.weldmc.com\/wp-content\/uploads\/2025\/05\/Motor-introduction-300x225.png 300w, https:\/\/www.weldmc.com\/wp-content\/uploads\/2025\/05\/Motor-introduction-600x450.png 600w\" sizes=\"(max-width: 695px) 100vw, 695px\" \/> <img loading=\"lazy\" decoding=\"async\" class=\"alignnone wp-image-818 size-full\" src=\"https:\/\/www.weldmc.com\/wp-content\/uploads\/2025\/05\/Adjustable-Welding-Rotator-HGK-5.png\" alt=\"Rotato de soldadura est\u00e1ndar\" width=\"1022\" height=\"397\" srcset=\"https:\/\/www.weldmc.com\/wp-content\/uploads\/2025\/05\/Adjustable-Welding-Rotator-HGK-5.png 1022w, https:\/\/www.weldmc.com\/wp-content\/uploads\/2025\/05\/Adjustable-Welding-Rotator-HGK-5-300x117.png 300w, https:\/\/www.weldmc.com\/wp-content\/uploads\/2025\/05\/Adjustable-Welding-Rotator-HGK-5-768x298.png 768w, https:\/\/www.weldmc.com\/wp-content\/uploads\/2025\/05\/Adjustable-Welding-Rotator-HGK-5-600x233.png 600w\" sizes=\"(max-width: 1022px) 100vw, 1022px\" \/><\/p>\n<p class=\"ds-markdown-paragraph\">Con\u00a0<strong>20+ years of specialized expertise<\/strong>\u00a0en\u00a0<strong>self-aligning rotator manufacturing<\/strong>, WUXI ABK has established itself as a\u00a0<strong>leading provider of heavy-duty welding positioners<\/strong>\u00a0para\u00a0<strong>fabricaci\u00f3n de recipientes a presi\u00f3n<\/strong>,\u00a0<strong>producci\u00f3n de torres e\u00f3licas<\/strong>y\u00a0<strong>shipbuilding applications<\/strong>. Nuestra\u00a0<strong>industrial-grade rotators<\/strong>\u00a0deliver unmatched performance with\u00a0<strong>load capacities from 5 to 400 tons<\/strong>, designed to meet the most demanding\u00a0<strong>automatizaci\u00f3n de la soldadura<\/strong>\u00a0requirements.<\/p>\n<p class=\"ds-markdown-paragraph\"><strong>Why Choose WUXI ABK Rotators?<\/strong><\/p>\n<ul>\n<li>\n<p class=\"ds-markdown-paragraph\"><strong>Calidad certificada<\/strong>: All rotators are\u00a0<strong>CE and ISO certified<\/strong>, ensuring compliance with international\u00a0<strong>welding equipment standards<\/strong><\/p>\n<\/li>\n<li>\n<p class=\"ds-markdown-paragraph\"><strong>Reliable Performance<\/strong>: Featuring\u00a0<strong>premium wear-resistant components<\/strong>\u00a0con\u00a0<strong>1-year warranty<\/strong>\u00a0y\u00a0<strong>free wearing parts replacement<\/strong><\/p>\n<\/li>\n<li>\n<p class=\"ds-markdown-paragraph\"><strong>Technical Excellence<\/strong>: Our\u00a0<strong>engineering support team<\/strong>\u00a0provides customized solutions for\u00a0<strong>grandes proyectos<\/strong>\u00a0including\u00a0<strong>offshore wind turbine welding<\/strong>\u00a0y\u00a0<strong>petrochemical tank fabrication<\/strong><\/p>\n<\/li>\n<\/ul>\n<p class=\"ds-markdown-paragraph\"><strong>Innovative Welding Technology<\/strong><br \/>\nWUXI ABK integrates\u00a0<strong>advanced automation<\/strong>\u00a0y\u00a0<strong>precision control systems<\/strong>\u00a0into every rotator:<br \/>\n\u2713\u00a0<strong>Self-aligning roller technology<\/strong>\u00a0for perfect workpiece centering<br \/>\n\u2713\u00a0<strong>Construcci\u00f3n resistente<\/strong>\u00a0con\u00a0<strong>400-ton maximum capacity<\/strong><br \/>\n\u2713\u00a0<strong>Smart interface compatibility<\/strong>\u00a0for seamless\u00a0<strong>welding cell integration<\/strong><\/p>\n<p><img decoding=\"async\" src=\"https:\/\/www.weldmc.com\/wp-content\/uploads\/2025\/05\/Roller-frame-product-certificate.png\" alt=\"Certificado de producto del bastidor de rodillos\" \/><\/p>\n<p>Wuxi ABK Machinery Co.Ltd es un fabricante profesional de rotador de soldadura en China. Y nuestro rotador de soldadura incluye principalmente rotador de soldadura est\u00e1ndar, rotador de soldadura ajustable y rotador de soldadura especial. Tambi\u00e9n podemos ofrecer a nuestros clientes en todo el mundo muchos otros productos, incluyendo la plataforma giratoria de soldadura, m\u00e1quina de soldadura de pilotes, l\u00ednea de producci\u00f3n de torres e\u00f3licas, l\u00ednea de soldadura de vigas H, equipos de soldadura de tuber\u00edas, m\u00e1quina de corte CNC, m\u00e1quina rectificadora, m\u00e1quina perfiladora, m\u00e1quina curvadora de placas, etc. Hemos obtenido la certificaci\u00f3n ISO y CE, y tambi\u00e9n ofrecemos servicio OEM.<\/p>","protected":false},"excerpt":{"rendered":"<p><strong>Rotador de soldadura WUXI ABK de 80 toneladas<\/strong>\u00a0ofrece una rotaci\u00f3n de precisi\u00f3n para aplicaciones industriales pesadas. Con motores dobles de 7,5 kW (0,5-5 RPM) y rodillos de aleaci\u00f3n ZG45 (HRC 55-60), garantiza una precisi\u00f3n de \u00b10,1 mm para recipientes a presi\u00f3n, torres e\u00f3licas y componentes navales. El sistema inteligente antideslizamiento (desviaci\u00f3n &lt;0,5 mm) y el control PLC Siemens garantizan un rendimiento fiable. Certificado CE\/ISO con 18 meses de garant\u00eda. Ideal para fabricaci\u00f3n exigente que requiera una capacidad de 80 toneladas.<\/p>","protected":false},"featured_media":1855,"comment_status":"open","ping_status":"closed","template":"","meta":{"_acf_changed":false},"product_brand":[],"product_cat":[21,42,30],"product_tag":[],"class_list":{"0":"post-1036","1":"product","2":"type-product","3":"status-publish","4":"has-post-thumbnail","6":"product_cat-welding-automation","7":"product_cat-standard-welding-rotator","8":"product_cat-welding-rotator","10":"first","11":"instock","12":"shipping-taxable","13":"product-type-simple"},"acf":[],"_links":{"self":[{"href":"https:\/\/www.weldmc.com\/es\/wp-json\/wp\/v2\/product\/1036","targetHints":{"allow":["GET"]}}],"collection":[{"href":"https:\/\/www.weldmc.com\/es\/wp-json\/wp\/v2\/product"}],"about":[{"href":"https:\/\/www.weldmc.com\/es\/wp-json\/wp\/v2\/types\/product"}],"replies":[{"embeddable":true,"href":"https:\/\/www.weldmc.com\/es\/wp-json\/wp\/v2\/comments?post=1036"}],"wp:featuredmedia":[{"embeddable":true,"href":"https:\/\/www.weldmc.com\/es\/wp-json\/wp\/v2\/media\/1855"}],"wp:attachment":[{"href":"https:\/\/www.weldmc.com\/es\/wp-json\/wp\/v2\/media?parent=1036"}],"wp:term":[{"taxonomy":"product_brand","embeddable":true,"href":"https:\/\/www.weldmc.com\/es\/wp-json\/wp\/v2\/product_brand?post=1036"},{"taxonomy":"product_cat","embeddable":true,"href":"https:\/\/www.weldmc.com\/es\/wp-json\/wp\/v2\/product_cat?post=1036"},{"taxonomy":"product_tag","embeddable":true,"href":"https:\/\/www.weldmc.com\/es\/wp-json\/wp\/v2\/product_tag?post=1036"}],"curies":[{"name":"wp","href":"https:\/\/api.w.org\/{rel}","templated":true}]}}