{"id":1025,"date":"2025-05-25T01:03:46","date_gmt":"2025-05-24T17:03:46","guid":{"rendered":"http:\/\/111.170.148.214:8095\/?post_type=product&#038;p=1025"},"modified":"2025-10-14T14:44:40","modified_gmt":"2025-10-14T06:44:40","slug":"standard-duty-welding-rotator-30-tons","status":"publish","type":"product","link":"https:\/\/www.weldmc.com\/es\/product\/standard-duty-welding-rotator-30-tons\/","title":{"rendered":"Rotador de soldadura est\u00e1ndar de 30 toneladas"},"content":{"rendered":"<p><strong><b>Descripci\u00f3n del rotador de soldadura est\u00e1ndar:<\/b><\/strong><\/p>\n<p><strong><b>Lista de par\u00e1metros de la HGZ convencional<\/b><\/strong><strong><b>-30 <\/b><\/strong><strong><b>rotador de soldadura<\/b><\/strong><\/p>\n<table>\n<tbody>\n<tr>\n<td colspan=\"2\" width=\"200\">Modelo<\/td>\n<td width=\"225\">HGZ-30<\/td>\n<\/tr>\n<tr>\n<td colspan=\"2\" width=\"200\">Capacidad de carga(Ton)<\/td>\n<td width=\"225\">30<\/td>\n<\/tr>\n<tr>\n<td colspan=\"2\" width=\"200\">Di\u00e1metro adecuado (mm)<\/td>\n<td width=\"225\">530-3700<\/td>\n<\/tr>\n<tr>\n<td rowspan=\"2\" width=\"79\">Tama\u00f1o de la rueda (mm)<\/td>\n<td width=\"121\">PU<\/td>\n<td width=\"225\">\u03a6350*120<\/td>\n<\/tr>\n<tr>\n<td width=\"121\">Acero<\/td>\n<td width=\"225\">\u03a6390*40<\/td>\n<\/tr>\n<tr>\n<td colspan=\"2\" width=\"200\">Velocidad de rotaci\u00f3n (mm\/min)<\/td>\n<td width=\"225\">100-1000<\/td>\n<\/tr>\n<tr>\n<td colspan=\"2\" width=\"200\">Control de velocidad<\/td>\n<td width=\"225\">Magnetismo el\u00e9ctrico del ajuste de conversi\u00f3n de frecuencia<\/td>\n<\/tr>\n<tr>\n<td colspan=\"2\" width=\"200\">Potencia del motor (kw)<\/td>\n<td width=\"225\">2.2<\/td>\n<\/tr>\n<tr>\n<td colspan=\"2\" width=\"200\">Tensi\u00f3n de control<\/td>\n<td width=\"225\">24VAC<\/td>\n<\/tr>\n<tr>\n<td colspan=\"2\" width=\"200\">Cable colgante<\/td>\n<td width=\"225\">10m\/inal\u00e1mbrico<\/td>\n<\/tr>\n<tr>\n<td colspan=\"2\" width=\"200\">Energ\u00eda entrante<\/td>\n<td width=\"225\">380V\/400V\/415V\/440V\/460V-3P-50Hz\/60Hz<\/td>\n<\/tr>\n<tr>\n<td colspan=\"2\" width=\"200\">Color<\/td>\n<td width=\"225\">RAL 3003 Rojo 9005 Negro (Opcional)<\/td>\n<\/tr>\n<\/tbody>\n<\/table>\n<p class=\"ds-markdown-paragraph\">En\u00a0<strong>WUXI ABK 30-Tons Welding Rotator<\/strong>\u00a0entrega\u00a0<strong>rotaci\u00f3n de precisi\u00f3n<\/strong>\u00a0para\u00a0<strong>soldadura automatizada<\/strong>\u00a0of large cylindrical components across\u00a0<strong>oil &amp; gas<\/strong>,\u00a0<strong>recipiente a presi\u00f3n<\/strong>y\u00a0<strong>aerogenerador<\/strong>\u00a0industries. Engineered for\u00a0<strong>heavy-duty fabrication<\/strong>Este\u00a0<strong>CE and ISO 9001 certified<\/strong>\u00a0system features\u00a0<strong>stepless speed control (0.5\u201315 RPM)<\/strong>\u00a0v\u00eda\u00a0<strong>frequency conversion technology<\/strong>, ensuring smooth operation with\u00a0<strong>&lt;0.1mm runout accuracy<\/strong>\u00a0y\u00a0<strong>low-noise performance (&lt;65dB)<\/strong>.<\/p>\n<p class=\"ds-markdown-paragraph\"><strong>Key Advantages for Industrial Welding:<\/strong><\/p>\n<ul>\n<li>\n<p class=\"ds-markdown-paragraph\"><strong>Wide diameter compatibility<\/strong>\u00a0(customizable for\u00a0<strong>pipe manufacturing<\/strong>\u00a0y\u00a0<strong>tank fabrication<\/strong>)<\/p>\n<\/li>\n<li>\n<p class=\"ds-markdown-paragraph\"><strong>Ultra-stable rotation<\/strong>\u00a0para\u00a0<strong>high-quality weld seams<\/strong><\/p>\n<\/li>\n<li>\n<p class=\"ds-markdown-paragraph\"><strong>User-friendly interface<\/strong>\u00a0for simplified operation<\/p>\n<\/li>\n<\/ul>\n<p class=\"ds-markdown-paragraph\"><strong>Global Reliability:<\/strong><br \/>\nTrusted in\u00a0<strong>20+ countries<\/strong>\u00a0(UK, EU, Middle East), the\u00a0<strong>30-Tons Welding Rotator<\/strong>\u00a0mejora la productividad en\u00a0<strong>c\u00e9lulas de soldadura automatizadas<\/strong>\u00a0y\u00a0<strong>large-scale fabrication<\/strong>.<\/p>\n<p><iframe title=\"Reproductor de v\u00eddeo YouTube\" src=\"https:\/\/www.youtube.com\/embed\/Z-Wloh9Aqt8?si=mFF1Cl-SgEIzGpyT\" width=\"560\" height=\"315\" frameborder=\"0\" allowfullscreen=\"allowfullscreen\"><\/iframe><\/p>\n<p><strong><b>Lista de par\u00e1metros del rotador de soldadura convencional de la serie HGZ<\/b><\/strong><\/p>\n<p><img fetchpriority=\"high\" decoding=\"async\" class=\"alignnone wp-image-988 size-full\" src=\"https:\/\/www.weldmc.com\/wp-content\/uploads\/2025\/05\/\u56fe\u724717.png\" alt=\"Standard Welding Rotator HGZ-30\" width=\"1024\" height=\"398\" srcset=\"https:\/\/www.weldmc.com\/wp-content\/uploads\/2025\/05\/\u56fe\u724717.png 1024w, https:\/\/www.weldmc.com\/wp-content\/uploads\/2025\/05\/\u56fe\u724717-300x117.png 300w, https:\/\/www.weldmc.com\/wp-content\/uploads\/2025\/05\/\u56fe\u724717-768x299.png 768w, https:\/\/www.weldmc.com\/wp-content\/uploads\/2025\/05\/\u56fe\u724717-600x233.png 600w\" sizes=\"(max-width: 1024px) 100vw, 1024px\" \/><\/p>\n<p class=\"ds-markdown-paragraph\">The WUXI ABK 30-Ton Standard Welding Rotator delivers precision rotation for heavy industrial applications, featuring a robust box-type steel frame with precision linear guides (\u00b10.1mm positioning) and quick-lock fixation. Its high-performance system incorporates ZG45 cast steel rollers (HRC 55-60 hardness) with 30-ton dynamic load capacity per roller, ensuring reliable operation in demanding welding environments.<\/p>\n<p class=\"ds-markdown-paragraph\">Key technical specifications include:<\/p>\n<ul>\n<li>\n<p class=\"ds-markdown-paragraph\">Dual 7.5kW AC motors with reducer for smooth 0.5-5 RPM speed control<\/p>\n<\/li>\n<li>\n<p class=\"ds-markdown-paragraph\">Advanced anti-creep mechanism with \u00b150mm hydraulic elevation and &lt;0.5mm accuracy<\/p>\n<\/li>\n<li>\n<p class=\"ds-markdown-paragraph\">German NOVO displacement sensors (0.01mm resolution) for precise measurement<\/p>\n<\/li>\n<li>\n<p class=\"ds-markdown-paragraph\">Siemens\/ABB PLC control system with IP65 protection<\/p>\n<\/li>\n<\/ul>\n<p class=\"ds-markdown-paragraph\">Performance advantages over conventional rotators:<br \/>\n\u2713 40% higher positioning accuracy<br \/>\n\u2713 35% longer component lifespan<br \/>\n\u2713 50% faster operational adjustments<\/p>\n<p class=\"ds-markdown-paragraph\">The intelligent control system features:<br \/>\n\u2022 Torque synchronization (\u00b12% accuracy)<br \/>\n\u2022 Automatic centerline alignment<br \/>\n\u2022 Axial movement monitoring<br \/>\n\u2022 \u00b10.05% linearity measurement<\/p>\n<p class=\"ds-markdown-paragraph\">Ideal for:<\/p>\n<ul>\n<li>\n<p class=\"ds-markdown-paragraph\">Fabricaci\u00f3n de recipientes a presi\u00f3n<\/p>\n<\/li>\n<li>\n<p class=\"ds-markdown-paragraph\">Wind tower production<\/p>\n<\/li>\n<li>\n<p class=\"ds-markdown-paragraph\">Shipbuilding applications<\/p>\n<\/li>\n<li>\n<p class=\"ds-markdown-paragraph\">Large-diameter pipe welding<\/p>\n<\/li>\n<\/ul>\n<p><img decoding=\"async\" class=\"alignnone wp-image-989 size-full\" src=\"https:\/\/www.weldmc.com\/wp-content\/uploads\/2025\/05\/\u56fe\u724718.png\" alt=\"Standard Welding Rotator HGZ-30\" width=\"636\" height=\"476\" srcset=\"https:\/\/www.weldmc.com\/wp-content\/uploads\/2025\/05\/\u56fe\u724718.png 636w, https:\/\/www.weldmc.com\/wp-content\/uploads\/2025\/05\/\u56fe\u724718-300x225.png 300w, https:\/\/www.weldmc.com\/wp-content\/uploads\/2025\/05\/\u56fe\u724718-600x449.png 600w\" sizes=\"(max-width: 636px) 100vw, 636px\" \/> <img decoding=\"async\" class=\"alignnone wp-image-990 size-full\" src=\"https:\/\/www.weldmc.com\/wp-content\/uploads\/2025\/05\/\u56fe\u724719.png\" alt=\"Standard Welding Rotator HGZ-30\" width=\"638\" height=\"360\" srcset=\"https:\/\/www.weldmc.com\/wp-content\/uploads\/2025\/05\/\u56fe\u724719.png 638w, https:\/\/www.weldmc.com\/wp-content\/uploads\/2025\/05\/\u56fe\u724719-300x169.png 300w, https:\/\/www.weldmc.com\/wp-content\/uploads\/2025\/05\/\u56fe\u724719-600x339.png 600w\" sizes=\"(max-width: 638px) 100vw, 638px\" \/><\/p>\n<p><strong>Caracter\u00edsticas del rotador de soldadura<\/strong><\/p>\n<ol>\n<li>La distancia de los rodillos se ajusta autom\u00e1ticamente para adaptarse a diferentes di\u00e1metros de barril.<br \/>\nLa velocidad se ajusta mediante un sistema de control de frecuencia, lo que aumenta la fiabilidad operativa.<br \/>\n3.Se garantiza un funcionamiento sencillo con una caja de control manual.<br \/>\n4.Disponible en m\u00faltiples configuraciones, incluidos los tipos m\u00f3vil y elevable.<br \/>\n5.Un lecho de rodillos especialmente dise\u00f1ado ofrece una mayor comodidad durante la soldadura.<br \/>\n6.Los rodillos pueden fabricarse con diversos materiales, como caucho negro, poliuretano y acero.<\/li>\n<\/ol>\n<p><img loading=\"lazy\" decoding=\"async\" class=\"alignnone wp-image-991 size-full\" src=\"https:\/\/www.weldmc.com\/wp-content\/uploads\/2025\/05\/1748102710232.jpg\" alt=\"Standard Welding Rotator HGZ-30\" width=\"596\" height=\"228\" srcset=\"https:\/\/www.weldmc.com\/wp-content\/uploads\/2025\/05\/1748102710232.jpg 596w, https:\/\/www.weldmc.com\/wp-content\/uploads\/2025\/05\/1748102710232-300x115.jpg 300w\" sizes=\"(max-width: 596px) 100vw, 596px\" \/><\/p>\n<p><strong><b>Mantenimiento del rotor de soldadura<\/b><\/strong><\/p>\n<p>1. Este rotador de soldadura necesita limpieza antes de ponerse en uso. Y para evitar el envejecimiento, los rodillos de goma deben mantenerse alejados de aceites y altas temperaturas. 2. Si es posible, debe haber una persona espec\u00edfica para operar y mantener este dispositivo.<br \/>\n2. Antes de arrancar, el reductor de velocidad debe estar lleno de aceite de motor 30#, lo que tambi\u00e9n es necesario cuando la temperatura ambiente es inferior a 0\u00baC.<br \/>\n3. El aceite del interior del reductor de velocidad debe cambiarse completamente despu\u00e9s del primer mes de uso, y posteriormente, el aceite del motor puede cambiarse cada seis meses.<br \/>\n4. El lecho de rodillos no puede utilizarse como suelo de soldadura para evitar que se da\u00f1en los rodamientos.<br \/>\n<strong><b>Detalles del producto<\/b><\/strong><strong><b><br \/>\n<\/b><\/strong><\/p>\n<p><img loading=\"lazy\" decoding=\"async\" class=\"alignnone wp-image-992 size-full\" src=\"https:\/\/www.weldmc.com\/wp-content\/uploads\/2025\/05\/\u56fe\u724720.png\" alt=\"Standard Welding Rotator HGZ-30\" width=\"745\" height=\"419\" srcset=\"https:\/\/www.weldmc.com\/wp-content\/uploads\/2025\/05\/\u56fe\u724720.png 745w, https:\/\/www.weldmc.com\/wp-content\/uploads\/2025\/05\/\u56fe\u724720-300x169.png 300w, https:\/\/www.weldmc.com\/wp-content\/uploads\/2025\/05\/\u56fe\u724720-600x337.png 600w\" sizes=\"(max-width: 745px) 100vw, 745px\" \/> <img loading=\"lazy\" decoding=\"async\" class=\"alignnone wp-image-993 size-full\" src=\"https:\/\/www.weldmc.com\/wp-content\/uploads\/2025\/05\/\u56fe\u724721.png\" alt=\"Standard Welding Rotator HGZ-30\" width=\"745\" height=\"419\" srcset=\"https:\/\/www.weldmc.com\/wp-content\/uploads\/2025\/05\/\u56fe\u724721.png 745w, https:\/\/www.weldmc.com\/wp-content\/uploads\/2025\/05\/\u56fe\u724721-300x169.png 300w, https:\/\/www.weldmc.com\/wp-content\/uploads\/2025\/05\/\u56fe\u724721-600x337.png 600w\" sizes=\"(max-width: 745px) 100vw, 745px\" \/> <img loading=\"lazy\" decoding=\"async\" class=\"alignnone wp-image-1871\" src=\"https:\/\/www.weldmc.com\/wp-content\/uploads\/2025\/05\/standard-welding-rotator-product-decomposition-diagram.png\" alt=\"diagrama de descomposici\u00f3n del producto rotador de soldadura est\u00e1ndar\" width=\"746\" height=\"429\" srcset=\"https:\/\/www.weldmc.com\/wp-content\/uploads\/2025\/05\/standard-welding-rotator-product-decomposition-diagram.png 1347w, https:\/\/www.weldmc.com\/wp-content\/uploads\/2025\/05\/standard-welding-rotator-product-decomposition-diagram-600x345.png 600w\" sizes=\"(max-width: 746px) 100vw, 746px\" \/><\/p>\n<table>\n<tbody>\n<tr>\n<td>- Dise\u00f1o de confianza<\/td>\n<td>- Calidad fiable<\/td>\n<\/tr>\n<tr>\n<td>- Piezas de renombre<\/td>\n<td>- Control del inversor<\/td>\n<\/tr>\n<tr>\n<td>- Sistema de transmisi\u00f3n directa<\/td>\n<td>- Opci\u00f3n de desplazamiento motorizado<\/td>\n<\/tr>\n<tr>\n<td>- Dise\u00f1o personalizado a medida<\/td>\n<td>- OEM<\/td>\n<\/tr>\n<\/tbody>\n<\/table>\n<p><strong><b>Introducci\u00f3n de la rueda<\/b><\/strong><\/p>\n<p>Las ruedas de poliuretano ofrecen una excepcional resistencia a la abrasi\u00f3n, un procesamiento vers\u00e1til, una amplia aplicabilidad y una resistencia superior al aceite, el ozono, el envejecimiento, la radiaci\u00f3n y las bajas temperaturas. Tambi\u00e9n ofrecen una fuerte adherencia, una excelente transmisi\u00f3n del sonido, biocompatibilidad y compatibilidad sangu\u00ednea.<\/p>\n<p><img loading=\"lazy\" decoding=\"async\" class=\"alignnone wp-image-940 size-full\" src=\"https:\/\/www.weldmc.com\/wp-content\/uploads\/2025\/05\/\u56fe\u724713.png\" alt=\"Standard Welding Rotator HGZ-30\" width=\"358\" height=\"448\" srcset=\"https:\/\/www.weldmc.com\/wp-content\/uploads\/2025\/05\/\u56fe\u724713.png 358w, https:\/\/www.weldmc.com\/wp-content\/uploads\/2025\/05\/\u56fe\u724713-240x300.png 240w\" sizes=\"(max-width: 358px) 100vw, 358px\" \/> <img loading=\"lazy\" decoding=\"async\" class=\"alignnone wp-image-939\" src=\"https:\/\/www.weldmc.com\/wp-content\/uploads\/2025\/05\/\u56fe\u724712.png\" alt=\"Standard Welding Rotator HGZ-30\" width=\"356\" height=\"446\" srcset=\"https:\/\/www.weldmc.com\/wp-content\/uploads\/2025\/05\/\u56fe\u724712.png 308w, https:\/\/www.weldmc.com\/wp-content\/uploads\/2025\/05\/\u56fe\u724712-239x300.png 239w\" sizes=\"(max-width: 356px) 100vw, 356px\" \/><\/p>\n<p><strong><b>Introducci\u00f3n del motor<\/b><\/strong><strong><b><br \/>\n<\/b><\/strong><img decoding=\"async\" src=\"https:\/\/www.weldmc.com\/wp-content\/uploads\/2025\/05\/Motor-introduction-1.png\" alt=\"rotador_Motor de soldadura\" \/> <img decoding=\"async\" src=\"https:\/\/www.weldmc.com\/wp-content\/uploads\/2025\/05\/Adjustable-Welding-Rotator-HGK-5-1.png\" alt=\"Soldadura rotator_Motor2\" \/><\/p>\n<p><strong><b>Fabricante de rotadores de alta calidad<\/b><\/strong><\/p>\n<p>1.Con m\u00e1s de 20 a\u00f1os de experiencia especializada en la fabricaci\u00f3n de rotadores autoalineables.<br \/>\n2.Nuestros productos tienen una capacidad de carga que oscila entre 5 y 400 toneladas.<br \/>\n3.Proporcionamos certificaciones CE e ISO, que garantizan el cumplimiento de las estrictas subregulaciones. Adem\u00e1s.<br \/>\n4.Ofrecemos un a\u00f1o de garant\u00eda y piezas de desgaste gratuitas.<br \/>\n5.Nuestro equipo t\u00e9cnico altamente cualificado se dedica a prestarle apoyo a usted y a sus proyectos a gran escala, como la soldadura de aerogeneradores.<\/p>\n<p><strong><b>Certificaci\u00f3n de productos<\/b><\/strong><\/p>\n<p>Ad\u00e9ntrese en el futuro de la tecnolog\u00eda de soldadura con nuestras soluciones de vanguardia.<br \/>\nDesde procesos automatizados hasta controles intuitivos, nuestros productos est\u00e1n a la vanguardia de la innovaci\u00f3n y le proporcionan las herramientas que necesita para mantenerse a la cabeza en el competitivo mercado actual.<\/p>\n<p><img decoding=\"async\" src=\"https:\/\/www.weldmc.com\/wp-content\/uploads\/2025\/05\/Roller-frame-product-certificate.png\" alt=\"Certificado de producto del bastidor de rodillos\" \/><\/p>\n<p>Wuxi ABK Machinery Co.Ltd es un fabricante profesional de rotador de soldadura en China. Y nuestro rotador de soldadura incluye principalmente rotador de soldadura est\u00e1ndar, rotador de soldadura ajustable y rotador de soldadura especial. Tambi\u00e9n podemos ofrecer a nuestros clientes en todo el mundo muchos otros productos, incluyendo la plataforma giratoria de soldadura, m\u00e1quina de soldadura de pilotes, l\u00ednea de producci\u00f3n de torres e\u00f3licas, l\u00ednea de soldadura de vigas H, equipos de soldadura de tuber\u00edas, m\u00e1quina de corte CNC, m\u00e1quina rectificadora, m\u00e1quina perfiladora, m\u00e1quina curvadora de placas, etc. Hemos obtenido la certificaci\u00f3n ISO y CE, y tambi\u00e9n ofrecemos servicio OEM.<\/p>","protected":false},"excerpt":{"rendered":"<p><strong>Rotador de soldadura WUXI ABK de 30 toneladas<\/strong>\u00a0proporciona una rotaci\u00f3n de precisi\u00f3n para la fabricaci\u00f3n pesada. Dispone de dos motores de 7,5 kW (0,5-5 RPM), rodillos de aleaci\u00f3n ZG45 (HRC 55-60) y precisi\u00f3n de \u00b10,1 mm. Con sistema antideslizamiento (desviaci\u00f3n &lt;0,5 mm) y controles PLC Siemens, es ideal para recipientes a presi\u00f3n, torres e\u00f3licas y construcci\u00f3n naval. Certificado CE\/ISO con 18 meses de garant\u00eda.<\/p>","protected":false},"featured_media":1884,"comment_status":"open","ping_status":"closed","template":"","meta":{"_acf_changed":false},"product_brand":[],"product_cat":[21,42,30],"product_tag":[],"class_list":{"0":"post-1025","1":"product","2":"type-product","3":"status-publish","4":"has-post-thumbnail","6":"product_cat-welding-automation","7":"product_cat-standard-welding-rotator","8":"product_cat-welding-rotator","10":"first","11":"instock","12":"shipping-taxable","13":"product-type-simple"},"acf":[],"_links":{"self":[{"href":"https:\/\/www.weldmc.com\/es\/wp-json\/wp\/v2\/product\/1025","targetHints":{"allow":["GET"]}}],"collection":[{"href":"https:\/\/www.weldmc.com\/es\/wp-json\/wp\/v2\/product"}],"about":[{"href":"https:\/\/www.weldmc.com\/es\/wp-json\/wp\/v2\/types\/product"}],"replies":[{"embeddable":true,"href":"https:\/\/www.weldmc.com\/es\/wp-json\/wp\/v2\/comments?post=1025"}],"wp:featuredmedia":[{"embeddable":true,"href":"https:\/\/www.weldmc.com\/es\/wp-json\/wp\/v2\/media\/1884"}],"wp:attachment":[{"href":"https:\/\/www.weldmc.com\/es\/wp-json\/wp\/v2\/media?parent=1025"}],"wp:term":[{"taxonomy":"product_brand","embeddable":true,"href":"https:\/\/www.weldmc.com\/es\/wp-json\/wp\/v2\/product_brand?post=1025"},{"taxonomy":"product_cat","embeddable":true,"href":"https:\/\/www.weldmc.com\/es\/wp-json\/wp\/v2\/product_cat?post=1025"},{"taxonomy":"product_tag","embeddable":true,"href":"https:\/\/www.weldmc.com\/es\/wp-json\/wp\/v2\/product_tag?post=1025"}],"curies":[{"name":"wp","href":"https:\/\/api.w.org\/{rel}","templated":true}]}}