{"id":1022,"date":"2025-05-25T00:50:39","date_gmt":"2025-05-24T16:50:39","guid":{"rendered":"http:\/\/111.170.148.214:8095\/?post_type=product&#038;p=1022"},"modified":"2025-10-14T14:39:44","modified_gmt":"2025-10-14T06:39:44","slug":"standard-configuration-welding-rotator-20-tons","status":"publish","type":"product","link":"https:\/\/www.weldmc.com\/es\/product\/standard-configuration-welding-rotator-20-tons\/","title":{"rendered":"Rotador de soldadura de configuraci\u00f3n est\u00e1ndar 20 toneladas"},"content":{"rendered":"<p><strong><b>Descripci\u00f3n del rotador de soldadura est\u00e1ndar:<\/b><\/strong><\/p>\n<p><strong><b>Lista de par\u00e1metros de la HGZ convencional<\/b><\/strong><strong><b>-20 <\/b><\/strong><strong><b>rotador de soldadura<\/b><\/strong><\/p>\n<table>\n<tbody>\n<tr>\n<td colspan=\"2\" width=\"200\">Modelo<\/td>\n<td width=\"225\">HGZ-20<\/td>\n<\/tr>\n<tr>\n<td colspan=\"2\" width=\"200\">Capacidad de carga(Ton)<\/td>\n<td width=\"225\">20<\/td>\n<\/tr>\n<tr>\n<td colspan=\"2\" width=\"200\">Di\u00e1metro adecuado (mm)<\/td>\n<td width=\"225\">500-3500<\/td>\n<\/tr>\n<tr>\n<td rowspan=\"2\" width=\"79\">Tama\u00f1o de la rueda (mm)<\/td>\n<td width=\"121\">PU<\/td>\n<td width=\"225\">\u03a6350*120<\/td>\n<\/tr>\n<tr>\n<td width=\"121\">Acero<\/td>\n<td width=\"225\">\u03a6340*30<\/td>\n<\/tr>\n<tr>\n<td colspan=\"2\" width=\"200\">Velocidad de rotaci\u00f3n (mm\/min)<\/td>\n<td width=\"225\">100-1000<\/td>\n<\/tr>\n<tr>\n<td colspan=\"2\" width=\"200\">Control de velocidad<\/td>\n<td width=\"225\">Magnetismo el\u00e9ctrico del ajuste de conversi\u00f3n de frecuencia<\/td>\n<\/tr>\n<tr>\n<td colspan=\"2\" width=\"200\">Potencia del motor (kw)<\/td>\n<td width=\"225\">1.5<\/td>\n<\/tr>\n<tr>\n<td colspan=\"2\" width=\"200\">Tensi\u00f3n de control<\/td>\n<td width=\"225\">24VAC<\/td>\n<\/tr>\n<tr>\n<td colspan=\"2\" width=\"200\">Cable colgante<\/td>\n<td width=\"225\">10m\/inal\u00e1mbrico<\/td>\n<\/tr>\n<tr>\n<td colspan=\"2\" width=\"200\">Energ\u00eda entrante<\/td>\n<td width=\"225\">380V\/400V\/415V\/440V\/460V-3P-50Hz\/60Hz<\/td>\n<\/tr>\n<tr>\n<td colspan=\"2\" width=\"200\">Color<\/td>\n<td width=\"225\">RAL 3003 Rojo 9005 Negro (Opcional)<\/td>\n<\/tr>\n<\/tbody>\n<\/table>\n<p class=\"ds-markdown-paragraph\">En\u00a0<strong>20-ton welding rotator<\/strong>\u00a0is engineered for\u00a0<strong>automated welding of circular metal containers<\/strong>\u00a0across critical industries including\u00a0<strong>oleoductos y gasoductos<\/strong>,\u00a0<strong>fabricaci\u00f3n de recipientes a presi\u00f3n<\/strong>,\u00a0<strong>producci\u00f3n de torres e\u00f3licas<\/strong>y\u00a0<strong>large-diameter pipe manufacturing<\/strong>. Este\u00a0<strong>posicionador de soldadura industrial<\/strong>\u00a0combines robust construction with intelligent control systems to deliver unmatched performance in heavy fabrication applications.<\/p>\n<p class=\"ds-markdown-paragraph\"><strong>Principales ventajas<\/strong><\/p>\n<ul>\n<li>\n<p class=\"ds-markdown-paragraph\"><strong>Wide diameter compatibility<\/strong>\u00a0with customizable roller configurations for\u00a0<strong>vessel welding<\/strong>\u00a0y\u00a0<strong>structural steel fabrication<\/strong><\/p>\n<\/li>\n<li>\n<p class=\"ds-markdown-paragraph\"><strong>Precision rotation control<\/strong>\u00a0through frequency conversion technology (0.5-15 RPM stepless speed)<\/p>\n<\/li>\n<li>\n<p class=\"ds-markdown-paragraph\"><strong>Ultra-stable operation<\/strong>\u00a0with &lt;0.1mm runout accuracy for\u00a0<strong>high-quality weld seams<\/strong><\/p>\n<\/li>\n<li>\n<p class=\"ds-markdown-paragraph\"><strong>Low-noise design<\/strong>\u00a0(&lt;65dB) suitable for\u00a0<strong>shipyard<\/strong>\u00a0y\u00a0<strong>plant environments<\/strong><\/p>\n<\/li>\n<li>\n<p class=\"ds-markdown-paragraph\"><strong>Global certifications<\/strong>\u00a0including CE and ISO 9001 for\u00a0<strong>equipos de automatizaci\u00f3n de la soldadura<\/strong><\/p>\n<\/li>\n<\/ul>\n<p class=\"ds-markdown-paragraph\"><strong>Aspectos t\u00e9cnicos destacados<\/strong><br \/>\nEn\u00a0<strong>rotador de soldadura<\/strong>\u00a0caracter\u00edsticas:<br \/>\n\u2713\u00a0<strong>Sistema de accionamiento de doble motor<\/strong>\u00a0for balanced torque distribution<br \/>\n\u2713\u00a0<strong>Heavy-duty roller bearings<\/strong>\u00a0rated for continuous\u00a0<strong>rotator operation<\/strong><br \/>\n\u2713\u00a0<strong>Intuitive HMI interface<\/strong>\u00a0with preset programs for\u00a0<strong>tank welding<\/strong><br \/>\n\u2713\u00a0<strong>Dise\u00f1o modular<\/strong>\u00a0allowing quick adaptation to\u00a0<strong>soldadura de tuber\u00edas<\/strong>\u00a0y\u00a0<strong>boiler fabrication<\/strong><\/p>\n<p class=\"ds-markdown-paragraph\"><strong>Proven Reliability<\/strong><br \/>\nExported to 20+ countries including the UK, EU, and Middle East, this\u00a0<strong>posicionador de soldadura<\/strong>\u00a0is trusted for:<\/p>\n<ul>\n<li>\n<p class=\"ds-markdown-paragraph\"><strong>LNG storage tank construction<\/strong><\/p>\n<\/li>\n<li>\n<p class=\"ds-markdown-paragraph\"><strong>Wind turbine flange welding<\/strong><\/p>\n<\/li>\n<li>\n<p class=\"ds-markdown-paragraph\"><strong>Chemical vessel production<\/strong><\/p>\n<\/li>\n<\/ul>\n<p><iframe title=\"Reproductor de v\u00eddeo YouTube\" src=\"https:\/\/www.youtube.com\/embed\/Z-Wloh9Aqt8?si=mFF1Cl-SgEIzGpyT\" width=\"560\" height=\"315\" frameborder=\"0\" allowfullscreen=\"allowfullscreen\"><\/iframe><\/p>\n<p><strong><b>Lista de par\u00e1metros del rotador de soldadura convencional de la serie HGZ<\/b><\/strong><\/p>\n<p><img fetchpriority=\"high\" decoding=\"async\" class=\"alignnone wp-image-988 size-full\" src=\"https:\/\/www.weldmc.com\/wp-content\/uploads\/2025\/05\/\u56fe\u724717.png\" alt=\"Standard Welding Rotator HGZ-20\" width=\"1024\" height=\"398\" srcset=\"https:\/\/www.weldmc.com\/wp-content\/uploads\/2025\/05\/\u56fe\u724717.png 1024w, https:\/\/www.weldmc.com\/wp-content\/uploads\/2025\/05\/\u56fe\u724717-300x117.png 300w, https:\/\/www.weldmc.com\/wp-content\/uploads\/2025\/05\/\u56fe\u724717-768x299.png 768w, https:\/\/www.weldmc.com\/wp-content\/uploads\/2025\/05\/\u56fe\u724717-600x233.png 600w\" sizes=\"(max-width: 1024px) 100vw, 1024px\" \/><\/p>\n<p class=\"ds-markdown-paragraph\">Our 20-ton welding rotator delivers precision rotation for industrial fabrication applications, featuring a heavy-duty box-type steel frame that ensures optimal load distribution during operation. The system incorporates premium ZG45 high-strength cast steel rollers with HRC 55-60 hardness, each supporting 30-ton dynamic loads for demanding welding applications. With its advanced dual-motor drive system (2\u00d77.5kW AC motors) and frequency converter control, the welding rotator achieves precise speed regulation from 0.5 to 5 RPM while maintaining \u00b12% torque synchronization accuracy.<\/p>\n<p class=\"ds-markdown-paragraph\">Key technical features include:<\/p>\n<ul>\n<li>\n<p class=\"ds-markdown-paragraph\">Precision linear guide system (\u00b10.1mm positioning accuracy)<\/p>\n<\/li>\n<li>\n<p class=\"ds-markdown-paragraph\">Hydraulic elevation adjustment (\u00b150mm range) with automatic centerline alignment<\/p>\n<\/li>\n<li>\n<p class=\"ds-markdown-paragraph\">German NOVO displacement sensors (0.01mm resolution)<\/p>\n<\/li>\n<li>\n<p class=\"ds-markdown-paragraph\">Siemens\/ABB PLC control system with IP65 protection<\/p>\n<\/li>\n<\/ul>\n<p class=\"ds-markdown-paragraph\">Performance advantages over conventional welding rotators:<br \/>\n\u2713 40% improvement in positioning accuracy<br \/>\n\u2713 35% longer service life for critical components<br \/>\n\u2713 50% faster adjustment operations<br \/>\n\u2713 &lt;0.5mm creep prevention capability<\/p>\n<p class=\"ds-markdown-paragraph\">This industrial-grade welding positioner is particularly suitable for:<br \/>\n- Fabricaci\u00f3n de recipientes a presi\u00f3n<br \/>\n\u2022 Wind tower manufacturing<br \/>\n\u2022 Shipbuilding components<br \/>\n\u2022 Large-diameter pipe welding<br \/>\n\u2022 Structural steel fabrication<\/p>\n<p><img decoding=\"async\" class=\"alignnone wp-image-989 size-full\" src=\"https:\/\/www.weldmc.com\/wp-content\/uploads\/2025\/05\/\u56fe\u724718.png\" alt=\"Standard Welding Rotator HGZ-20\" width=\"636\" height=\"476\" srcset=\"https:\/\/www.weldmc.com\/wp-content\/uploads\/2025\/05\/\u56fe\u724718.png 636w, https:\/\/www.weldmc.com\/wp-content\/uploads\/2025\/05\/\u56fe\u724718-300x225.png 300w, https:\/\/www.weldmc.com\/wp-content\/uploads\/2025\/05\/\u56fe\u724718-600x449.png 600w\" sizes=\"(max-width: 636px) 100vw, 636px\" \/> <img decoding=\"async\" class=\"alignnone wp-image-990 size-full\" src=\"https:\/\/www.weldmc.com\/wp-content\/uploads\/2025\/05\/\u56fe\u724719.png\" alt=\"Standard Welding Rotator HGZ-20\" width=\"638\" height=\"360\" srcset=\"https:\/\/www.weldmc.com\/wp-content\/uploads\/2025\/05\/\u56fe\u724719.png 638w, https:\/\/www.weldmc.com\/wp-content\/uploads\/2025\/05\/\u56fe\u724719-300x169.png 300w, https:\/\/www.weldmc.com\/wp-content\/uploads\/2025\/05\/\u56fe\u724719-600x339.png 600w\" sizes=\"(max-width: 638px) 100vw, 638px\" \/><\/p>\n<p><strong>Caracter\u00edsticas del rotador de soldadura<\/strong><\/p>\n<ol>\n<li>La distancia de los rodillos se ajusta autom\u00e1ticamente para adaptarse a diferentes di\u00e1metros de barril.<br \/>\nLa velocidad se ajusta mediante un sistema de control de frecuencia, lo que aumenta la fiabilidad operativa.<br \/>\n3.Se garantiza un funcionamiento sencillo con una caja de control manual.<br \/>\n4.Disponible en m\u00faltiples configuraciones, incluidos los tipos m\u00f3vil y elevable.<br \/>\n5.Un lecho de rodillos especialmente dise\u00f1ado ofrece una mayor comodidad durante la soldadura.<br \/>\n6.Los rodillos pueden fabricarse con diversos materiales, como caucho negro, poliuretano y acero.<\/li>\n<\/ol>\n<p><img loading=\"lazy\" decoding=\"async\" class=\"alignnone wp-image-991 size-full\" src=\"https:\/\/www.weldmc.com\/wp-content\/uploads\/2025\/05\/1748102710232.jpg\" alt=\"Standard Welding Rotator HGZ-20\" width=\"596\" height=\"228\" srcset=\"https:\/\/www.weldmc.com\/wp-content\/uploads\/2025\/05\/1748102710232.jpg 596w, https:\/\/www.weldmc.com\/wp-content\/uploads\/2025\/05\/1748102710232-300x115.jpg 300w\" sizes=\"(max-width: 596px) 100vw, 596px\" \/><\/p>\n<p><strong><b>Mantenimiento del rotor de soldadura<\/b><\/strong><\/p>\n<p>1. Este rotador de soldadura necesita limpieza antes de ponerse en uso. Y para evitar el envejecimiento, los rodillos de goma deben mantenerse alejados de aceites y altas temperaturas. 2. Si es posible, debe haber una persona espec\u00edfica para operar y mantener este dispositivo.<br \/>\n2. Antes de arrancar, el reductor de velocidad debe estar lleno de aceite de motor 30#, lo que tambi\u00e9n es necesario cuando la temperatura ambiente es inferior a 0\u00baC.<br \/>\n3. El aceite del interior del reductor de velocidad debe cambiarse completamente despu\u00e9s del primer mes de uso, y posteriormente, el aceite del motor puede cambiarse cada seis meses.<br \/>\n4. El lecho de rodillos no puede utilizarse como suelo de soldadura para evitar que se da\u00f1en los rodamientos.<\/p>\n<p><strong><b>Detalles del producto<\/b><\/strong><strong><b><br \/>\n<\/b><\/strong><\/p>\n<p><img loading=\"lazy\" decoding=\"async\" class=\"alignnone wp-image-1871\" src=\"https:\/\/www.weldmc.com\/wp-content\/uploads\/2025\/05\/standard-welding-rotator-product-decomposition-diagram.png\" alt=\"diagrama de descomposici\u00f3n del producto rotador de soldadura est\u00e1ndar\" width=\"745\" height=\"429\" srcset=\"https:\/\/www.weldmc.com\/wp-content\/uploads\/2025\/05\/standard-welding-rotator-product-decomposition-diagram.png 1347w, https:\/\/www.weldmc.com\/wp-content\/uploads\/2025\/05\/standard-welding-rotator-product-decomposition-diagram-600x345.png 600w\" sizes=\"(max-width: 745px) 100vw, 745px\" \/> <img loading=\"lazy\" decoding=\"async\" class=\"alignnone wp-image-993 size-full\" src=\"https:\/\/www.weldmc.com\/wp-content\/uploads\/2025\/05\/\u56fe\u724721.png\" alt=\"Standard Welding Rotator HGZ-20\" width=\"745\" height=\"419\" srcset=\"https:\/\/www.weldmc.com\/wp-content\/uploads\/2025\/05\/\u56fe\u724721.png 745w, https:\/\/www.weldmc.com\/wp-content\/uploads\/2025\/05\/\u56fe\u724721-300x169.png 300w, https:\/\/www.weldmc.com\/wp-content\/uploads\/2025\/05\/\u56fe\u724721-600x337.png 600w\" sizes=\"(max-width: 745px) 100vw, 745px\" \/> <img loading=\"lazy\" decoding=\"async\" class=\"alignnone wp-image-992 size-full\" src=\"https:\/\/www.weldmc.com\/wp-content\/uploads\/2025\/05\/\u56fe\u724720.png\" alt=\"Standard Welding Rotator HGZ-20\" width=\"745\" height=\"419\" srcset=\"https:\/\/www.weldmc.com\/wp-content\/uploads\/2025\/05\/\u56fe\u724720.png 745w, https:\/\/www.weldmc.com\/wp-content\/uploads\/2025\/05\/\u56fe\u724720-300x169.png 300w, https:\/\/www.weldmc.com\/wp-content\/uploads\/2025\/05\/\u56fe\u724720-600x337.png 600w\" sizes=\"(max-width: 745px) 100vw, 745px\" \/><\/p>\n<table>\n<tbody>\n<tr>\n<td>- Dise\u00f1o de confianza<\/td>\n<td>- Calidad fiable<\/td>\n<\/tr>\n<tr>\n<td>- Piezas de renombre<\/td>\n<td>- Control del inversor<\/td>\n<\/tr>\n<tr>\n<td>- Sistema de transmisi\u00f3n directa<\/td>\n<td>- Opci\u00f3n de desplazamiento motorizado<\/td>\n<\/tr>\n<tr>\n<td>- Dise\u00f1o personalizado a medida<\/td>\n<td>- OEM<\/td>\n<\/tr>\n<\/tbody>\n<\/table>\n<p><strong><b>Introducci\u00f3n de la rueda<\/b><\/strong><\/p>\n<p>Las ruedas de poliuretano ofrecen una excepcional resistencia a la abrasi\u00f3n, un procesamiento vers\u00e1til, una amplia aplicabilidad y una resistencia superior al aceite, el ozono, el envejecimiento, la radiaci\u00f3n y las bajas temperaturas. Tambi\u00e9n ofrecen una fuerte adherencia, una excelente transmisi\u00f3n del sonido, biocompatibilidad y compatibilidad sangu\u00ednea.<\/p>\n<p><img loading=\"lazy\" decoding=\"async\" class=\"alignnone wp-image-997\" src=\"https:\/\/www.weldmc.com\/wp-content\/uploads\/2025\/05\/\u56fe\u724723.png\" alt=\"Standard Welding Rotator HGZ-20\" width=\"487\" height=\"607\" srcset=\"https:\/\/www.weldmc.com\/wp-content\/uploads\/2025\/05\/\u56fe\u724723.png 562w, https:\/\/www.weldmc.com\/wp-content\/uploads\/2025\/05\/\u56fe\u724723-241x300.png 241w\" sizes=\"(max-width: 487px) 100vw, 487px\" \/> <img loading=\"lazy\" decoding=\"async\" class=\"alignnone wp-image-987 size-full\" src=\"https:\/\/www.weldmc.com\/wp-content\/uploads\/2025\/05\/\u56fe\u724724.png\" alt=\"Standard Welding Rotator HGZ-20\" width=\"486\" height=\"606\" srcset=\"https:\/\/www.weldmc.com\/wp-content\/uploads\/2025\/05\/\u56fe\u724724.png 486w, https:\/\/www.weldmc.com\/wp-content\/uploads\/2025\/05\/\u56fe\u724724-241x300.png 241w\" sizes=\"(max-width: 486px) 100vw, 486px\" \/><\/p>\n<p><strong><b>Introducci\u00f3n del motor<\/b><\/strong><strong><b><br \/>\n<\/b><\/strong><b><\/b><\/p>\n<p><img decoding=\"async\" src=\"https:\/\/www.weldmc.com\/wp-content\/uploads\/2025\/05\/Motor-introduction-1.png\" alt=\"rotador_Motor de soldadura\" \/> <img decoding=\"async\" src=\"https:\/\/www.weldmc.com\/wp-content\/uploads\/2025\/05\/Adjustable-Welding-Rotator-HGK-5-1.png\" alt=\"Soldadura rotator_Motor2\" \/><\/p>\n<p><strong><b>Fabricante de rotadores de alta calidad<\/b><\/strong><\/p>\n<p>1.Con m\u00e1s de 20 a\u00f1os de experiencia especializada en la fabricaci\u00f3n de rotadores autoalineables.<br \/>\n2.Nuestros productos tienen una capacidad de carga que oscila entre 5 y 400 toneladas.<br \/>\n3.Proporcionamos certificaciones CE e ISO, que garantizan el cumplimiento de las estrictas subregulaciones. Adem\u00e1s.<br \/>\n4.Ofrecemos un a\u00f1o de garant\u00eda y piezas de desgaste gratuitas.<br \/>\n5.Nuestro equipo t\u00e9cnico altamente cualificado se dedica a prestarle apoyo a usted y a sus proyectos a gran escala, como la soldadura de aerogeneradores.<\/p>\n<p><strong><b>Certificaci\u00f3n de productos<\/b><\/strong><\/p>\n<p>Ad\u00e9ntrese en el futuro de la tecnolog\u00eda de soldadura con nuestras soluciones de vanguardia.<br \/>\nDesde procesos automatizados hasta controles intuitivos, nuestros productos est\u00e1n a la vanguardia de la innovaci\u00f3n y le proporcionan las herramientas que necesita para mantenerse a la cabeza en el competitivo mercado actual.<\/p>\n<p><img decoding=\"async\" src=\"https:\/\/www.weldmc.com\/wp-content\/uploads\/2025\/05\/Roller-frame-product-certificate.png\" alt=\"Certificado de producto del bastidor de rodillos\" \/><\/p>\n<p>Wuxi ABK Machinery Co.Ltd es un fabricante profesional de rotador de soldadura en China. Y nuestro rotador de soldadura incluye principalmente rotador de soldadura est\u00e1ndar, rotador de soldadura ajustable y rotador de soldadura especial. Tambi\u00e9n podemos ofrecer a nuestros clientes en todo el mundo muchos otros productos, incluyendo la plataforma giratoria de soldadura, m\u00e1quina de soldadura de pilotes, l\u00ednea de producci\u00f3n de torres e\u00f3licas, l\u00ednea de soldadura de vigas H, equipos de soldadura de tuber\u00edas, m\u00e1quina de corte CNC, m\u00e1quina rectificadora, m\u00e1quina perfiladora, m\u00e1quina curvadora de placas, etc. Hemos obtenido la certificaci\u00f3n ISO y CE, y tambi\u00e9n ofrecemos servicio OEM.<\/p>","protected":false},"excerpt":{"rendered":"<p>Un robusto\u00a0<strong>rotador de soldadura est\u00e1ndar<\/strong>\u00a0para\u00a0<strong>soldadura cil\u00edndrica<\/strong>con\u00a0<strong>Capacidad de 20 toneladas<\/strong>\u00a0y\u00a0<strong>Control de velocidad de 0,5-5 RPM<\/strong>. Garantiza\u00a0<strong>rotaci\u00f3n precisa<\/strong>\u00a0para\u00a0<strong>soldadura de tuber\u00edas<\/strong>\u00a0y\u00a0<strong>fabricaci\u00f3n de recipientes<\/strong>. En\u00a0<strong>accionamiento de doble motor<\/strong>\u00a0y\u00a0<strong>Precisi\u00f3n de \u00b10,1 mm<\/strong>ideal para\u00a0<strong>fabricaci\u00f3n pesada<\/strong>\u00a0y\u00a0<strong>soldadura industrial<\/strong>.\u00a0<strong>Certificado CE\/ISO<\/strong>.<\/p>","protected":false},"featured_media":1024,"comment_status":"open","ping_status":"closed","template":"","meta":{"_acf_changed":false},"product_brand":[],"product_cat":[21,42,30],"product_tag":[],"class_list":{"0":"post-1022","1":"product","2":"type-product","3":"status-publish","4":"has-post-thumbnail","6":"product_cat-welding-automation","7":"product_cat-standard-welding-rotator","8":"product_cat-welding-rotator","10":"first","11":"instock","12":"shipping-taxable","13":"product-type-simple"},"acf":[],"_links":{"self":[{"href":"https:\/\/www.weldmc.com\/es\/wp-json\/wp\/v2\/product\/1022","targetHints":{"allow":["GET"]}}],"collection":[{"href":"https:\/\/www.weldmc.com\/es\/wp-json\/wp\/v2\/product"}],"about":[{"href":"https:\/\/www.weldmc.com\/es\/wp-json\/wp\/v2\/types\/product"}],"replies":[{"embeddable":true,"href":"https:\/\/www.weldmc.com\/es\/wp-json\/wp\/v2\/comments?post=1022"}],"wp:featuredmedia":[{"embeddable":true,"href":"https:\/\/www.weldmc.com\/es\/wp-json\/wp\/v2\/media\/1024"}],"wp:attachment":[{"href":"https:\/\/www.weldmc.com\/es\/wp-json\/wp\/v2\/media?parent=1022"}],"wp:term":[{"taxonomy":"product_brand","embeddable":true,"href":"https:\/\/www.weldmc.com\/es\/wp-json\/wp\/v2\/product_brand?post=1022"},{"taxonomy":"product_cat","embeddable":true,"href":"https:\/\/www.weldmc.com\/es\/wp-json\/wp\/v2\/product_cat?post=1022"},{"taxonomy":"product_tag","embeddable":true,"href":"https:\/\/www.weldmc.com\/es\/wp-json\/wp\/v2\/product_tag?post=1022"}],"curies":[{"name":"wp","href":"https:\/\/api.w.org\/{rel}","templated":true}]}}