{"id":1002,"date":"2025-05-25T00:36:30","date_gmt":"2025-05-24T16:36:30","guid":{"rendered":"http:\/\/111.170.148.214:8095\/?post_type=product&#038;p=1002"},"modified":"2025-10-14T14:45:38","modified_gmt":"2025-10-14T06:45:38","slug":"standard-pipe-welding-rotator-10-tons","status":"publish","type":"product","link":"https:\/\/www.weldmc.com\/es\/product\/standard-pipe-welding-rotator-10-tons\/","title":{"rendered":"Rotador de soldadura de tuber\u00edas est\u00e1ndar de 10 toneladas"},"content":{"rendered":"<p><strong><b>Descripci\u00f3n del rotador de soldadura est\u00e1ndar:<\/b><\/strong><\/p>\n<p><strong><b>Lista de par\u00e1metros de la HGZ convencional<\/b><\/strong><strong><b>-10<\/b><\/strong><strong><b>\u00a0rotador de soldadura<\/b><\/strong><\/p>\n<table>\n<tbody>\n<tr>\n<td colspan=\"2\" width=\"200\">Modelo<\/td>\n<td width=\"225\">HGZ-10<\/td>\n<\/tr>\n<tr>\n<td colspan=\"2\" width=\"200\">Capacidad de carga(Ton)<\/td>\n<td width=\"225\">10<\/td>\n<\/tr>\n<tr>\n<td colspan=\"2\" width=\"200\">Di\u00e1metro adecuado (mm)<\/td>\n<td width=\"225\">320-2800<\/td>\n<\/tr>\n<tr>\n<td rowspan=\"2\" width=\"79\">Tama\u00f1o de la rueda (mm)<\/td>\n<td width=\"121\">PU<\/td>\n<td width=\"225\">\u03a6300*120<\/td>\n<\/tr>\n<tr>\n<td width=\"121\">Acero<\/td>\n<td width=\"225\">\u03a6290*25<\/td>\n<\/tr>\n<tr>\n<td colspan=\"2\" width=\"200\">Velocidad de rotaci\u00f3n (mm\/min)<\/td>\n<td width=\"225\">100-1000<\/td>\n<\/tr>\n<tr>\n<td colspan=\"2\" width=\"200\">Control de velocidad<\/td>\n<td width=\"225\">Magnetismo el\u00e9ctrico del ajuste de conversi\u00f3n de frecuencia<\/td>\n<\/tr>\n<tr>\n<td colspan=\"2\" width=\"200\">Potencia del motor (kw)<\/td>\n<td width=\"225\">1.1<\/td>\n<\/tr>\n<tr>\n<td colspan=\"2\" width=\"200\">Tensi\u00f3n de control<\/td>\n<td width=\"225\">24VAC<\/td>\n<\/tr>\n<tr>\n<td colspan=\"2\" width=\"200\">Cable colgante<\/td>\n<td width=\"225\">10m\/inal\u00e1mbrico<\/td>\n<\/tr>\n<tr>\n<td colspan=\"2\" width=\"200\">Energ\u00eda entrante<\/td>\n<td width=\"225\">380V\/400V\/415V\/440V\/460V-3P-50Hz\/60Hz<\/td>\n<\/tr>\n<tr>\n<td colspan=\"2\" width=\"200\">Color<\/td>\n<td width=\"225\">RAL 3003 Rojo 9005 Negro (Opcional)<\/td>\n<\/tr>\n<\/tbody>\n<\/table>\n<p class=\"ds-markdown-paragraph\">Designed for\u00a0<strong>automated welding of circular metal containers<\/strong>Este\u00a0<strong>rotador de soldadura industrial<\/strong>\u00a0excels in\u00a0<strong>oleoductos y gasoductos<\/strong>,\u00a0<strong>fabricaci\u00f3n de recipientes a presi\u00f3n<\/strong>,\u00a0<strong>producci\u00f3n de torres e\u00f3licas<\/strong>y\u00a0<strong>pipe manufacturing<\/strong>\u00a0applications. The\u00a0<strong>posicionador de soldadura<\/strong>\u00a0caracter\u00edsticas\u00a0<strong>compatibilidad con di\u00e1metros anchos<\/strong>\u00a0(customizable) with\u00a0<strong>precision frequency conversion control<\/strong>\u00a0(0.5-15 RPM stepless speed), ensuring\u00a0<strong>ultra-stable rotation<\/strong>\u00a0(&lt;0.1mm runout) and\u00a0<strong>low-noise operation<\/strong>\u00a0(&lt;65dB).<\/p>\n<p class=\"ds-markdown-paragraph\"><strong>Key Benefits:<\/strong><br \/>\n\u2713\u00a0<strong>Certificaci\u00f3n CE e ISO 9001<\/strong>\u00a0para\u00a0<strong>welding automation compliance<\/strong><br \/>\n\u2713\u00a0<strong>Fiabilidad mundial<\/strong>\u00a0\u2013 exported to 20+ countries (UK, EU, Middle East)<br \/>\n\u2713\u00a0<strong>User-friendly PLC interface<\/strong>\u00a0for seamless\u00a0<strong>welding process control<\/strong><\/p>\n<p class=\"ds-markdown-paragraph\">Ideal para\u00a0<strong>fabricaci\u00f3n pesada<\/strong>,\u00a0<strong>soldadura de acero estructural<\/strong>y\u00a0<strong>industrial tank manufacturing<\/strong>Este\u00a0<strong>rotador de soldadura<\/strong>\u00a0enhances\u00a0<strong>arc welding precision<\/strong>\u00a0while reducing\u00a0<strong>workpiece handling time<\/strong>.<\/p>\n<p><iframe title=\"Reproductor de v\u00eddeo YouTube\" src=\"https:\/\/www.youtube.com\/embed\/Z-Wloh9Aqt8?si=mFF1Cl-SgEIzGpyT\" width=\"560\" height=\"315\" frameborder=\"0\" allowfullscreen=\"allowfullscreen\"><\/iframe><\/p>\n<p><strong><b>Lista de par\u00e1metros del rotador de soldadura convencional de la serie HGZ<\/b><\/strong><\/p>\n<p><img fetchpriority=\"high\" decoding=\"async\" class=\"alignnone wp-image-988 size-full\" src=\"https:\/\/www.weldmc.com\/wp-content\/uploads\/2025\/05\/\u56fe\u724717.png\" alt=\"Standard Welding Rotator HGZ-10\" width=\"1024\" height=\"398\" srcset=\"https:\/\/www.weldmc.com\/wp-content\/uploads\/2025\/05\/\u56fe\u724717.png 1024w, https:\/\/www.weldmc.com\/wp-content\/uploads\/2025\/05\/\u56fe\u724717-300x117.png 300w, https:\/\/www.weldmc.com\/wp-content\/uploads\/2025\/05\/\u56fe\u724717-768x299.png 768w, https:\/\/www.weldmc.com\/wp-content\/uploads\/2025\/05\/\u56fe\u724717-600x233.png 600w\" sizes=\"(max-width: 1024px) 100vw, 1024px\" \/><\/p>\n<p class=\"ds-markdown-paragraph\">En\u00a0<strong>10-ton welding rotator<\/strong>\u00a0is engineered for\u00a0<strong>rotaci\u00f3n de precisi\u00f3n<\/strong>\u00a0en\u00a0<strong>aplicaciones de soldadura industrial<\/strong>, featuring a\u00a0<strong>heavy-duty roller frame<\/strong>\u00a0con\u00a0<strong>construcci\u00f3n de acero tipo caja<\/strong>\u00a0for optimal\u00a0<strong>load distribution<\/strong>. Su\u00a0<strong>precision linear guide system<\/strong>\u00a0garantiza\u00a0<strong>\u00b10.1mm positioning accuracy<\/strong>mientras que el\u00a0<strong>mecanismo de cierre r\u00e1pido<\/strong>\u00a0provides\u00a0<strong>rigid fixation<\/strong>\u00a0during operation. The\u00a0<strong>high-strength ZG45 cast steel rollers<\/strong>\u00a0(HRC 55-60 hardness) deliver a\u00a0<strong>30-ton dynamic load capacity per roller<\/strong>por lo que es ideal para\u00a0<strong>fabricaci\u00f3n de recipientes a presi\u00f3n<\/strong>,\u00a0<strong>soldadura de tuber\u00edas<\/strong>y\u00a0<strong>structural steel manufacturing<\/strong>.<\/p>\n<p class=\"ds-markdown-paragraph\">En\u00a0<strong>dual-motor drive system<\/strong>\u00a0(2\u00d77.5kW AC motors) offers\u00a0<strong>stepless speed control<\/strong>\u00a0(0.5-5 RPM) with\u00a0<strong>\u00b12% torque synchronization<\/strong>, ensuring smooth and stable rotation. Advanced features include:<\/p>\n<ul>\n<li>\n<p class=\"ds-markdown-paragraph\"><strong>Ajuste hidr\u00e1ulico de la elevaci\u00f3n<\/strong>\u00a0(\u00b150mm) with\u00a0<strong>alineaci\u00f3n central autom\u00e1tica<\/strong><\/p>\n<\/li>\n<li>\n<p class=\"ds-markdown-paragraph\"><strong>Anti-creep mechanism<\/strong>\u00a0(&lt;0.5mm deviation) for consistent weld quality<\/p>\n<\/li>\n<li>\n<p class=\"ds-markdown-paragraph\"><strong>Sensores de desplazamiento NOVO<\/strong>\u00a0(resoluci\u00f3n de 0,01 mm) para\u00a0<strong>medici\u00f3n de precisi\u00f3n<\/strong><\/p>\n<\/li>\n<li>\n<p class=\"ds-markdown-paragraph\"><strong>Control PLC Siemens\/ABB<\/strong>\u00a0con\u00a0<strong>IP65 protection<\/strong>\u00a0for reliable operation<\/p>\n<\/li>\n<\/ul>\n<p class=\"ds-markdown-paragraph\"><strong>Ventajas de rendimiento<\/strong><br \/>\n\u2713\u00a0<strong>40% mayor precisi\u00f3n de posicionamiento<\/strong>\u00a0than conventional\u00a0<strong>rotadores de soldadura<\/strong><br \/>\n\u2713\u00a0<strong>35% mayor vida \u00fatil<\/strong>\u00a0para componentes cr\u00edticos<br \/>\n\u2713\u00a0<strong>50% ajuste m\u00e1s r\u00e1pido<\/strong>\u00a0for improved productivity<\/p>\n<p class=\"ds-markdown-paragraph\"><strong>Aplicaciones<\/strong>:<\/p>\n<ul>\n<li>\n<p class=\"ds-markdown-paragraph\"><strong>Wind tower fabrication<\/strong><\/p>\n<\/li>\n<li>\n<p class=\"ds-markdown-paragraph\"><strong>Shipbuilding components<\/strong><\/p>\n<\/li>\n<li>\n<p class=\"ds-markdown-paragraph\"><strong>Energy equipment manufacturing<\/strong><\/p>\n<\/li>\n<\/ul>\n<p>Este\u00a0<strong>rotador de soldadura<\/strong>\u00a0combina\u00a0<strong>German precision components<\/strong>\u00a0con\u00a0<strong>robusta fabricaci\u00f3n china<\/strong>, delivering unmatched performance for\u00a0<strong>industrial welding automation<\/strong>. CE and ISO certified, it ensures reliability in the most demanding\u00a0<strong>fabrication environments<\/strong>.<\/p>\n<p><img decoding=\"async\" class=\"alignnone wp-image-989 size-full\" src=\"https:\/\/www.weldmc.com\/wp-content\/uploads\/2025\/05\/\u56fe\u724718.png\" alt=\"Rotador de soldadura est\u00e1ndar\" width=\"636\" height=\"476\" srcset=\"https:\/\/www.weldmc.com\/wp-content\/uploads\/2025\/05\/\u56fe\u724718.png 636w, https:\/\/www.weldmc.com\/wp-content\/uploads\/2025\/05\/\u56fe\u724718-300x225.png 300w, https:\/\/www.weldmc.com\/wp-content\/uploads\/2025\/05\/\u56fe\u724718-600x449.png 600w\" sizes=\"(max-width: 636px) 100vw, 636px\" \/> <img decoding=\"async\" class=\"alignnone wp-image-990 size-full\" src=\"https:\/\/www.weldmc.com\/wp-content\/uploads\/2025\/05\/\u56fe\u724719.png\" alt=\"Standard Welding Rotator HGZ-10\" width=\"638\" height=\"360\" srcset=\"https:\/\/www.weldmc.com\/wp-content\/uploads\/2025\/05\/\u56fe\u724719.png 638w, https:\/\/www.weldmc.com\/wp-content\/uploads\/2025\/05\/\u56fe\u724719-300x169.png 300w, https:\/\/www.weldmc.com\/wp-content\/uploads\/2025\/05\/\u56fe\u724719-600x339.png 600w\" sizes=\"(max-width: 638px) 100vw, 638px\" \/><\/p>\n<p><strong>Caracter\u00edsticas del rotador de soldadura<\/strong><\/p>\n<ol>\n<li>La distancia de los rodillos se ajusta autom\u00e1ticamente para adaptarse a diferentes di\u00e1metros de barril.<br \/>\nLa velocidad se ajusta mediante un sistema de control de frecuencia, lo que aumenta la fiabilidad operativa.<br \/>\n3.Se garantiza un funcionamiento sencillo con una caja de control manual.<br \/>\n4.Disponible en m\u00faltiples configuraciones, incluidos los tipos m\u00f3vil y elevable.<br \/>\n5.Un lecho de rodillos especialmente dise\u00f1ado ofrece una mayor comodidad durante la soldadura.<br \/>\n6.Los rodillos pueden fabricarse con diversos materiales, como caucho negro, poliuretano y acero.<\/li>\n<\/ol>\n<p><img loading=\"lazy\" decoding=\"async\" class=\"alignnone wp-image-991 size-full\" src=\"https:\/\/www.weldmc.com\/wp-content\/uploads\/2025\/05\/1748102710232.jpg\" alt=\"Standard Welding Rotator HGZ-10\" width=\"596\" height=\"228\" srcset=\"https:\/\/www.weldmc.com\/wp-content\/uploads\/2025\/05\/1748102710232.jpg 596w, https:\/\/www.weldmc.com\/wp-content\/uploads\/2025\/05\/1748102710232-300x115.jpg 300w\" sizes=\"(max-width: 596px) 100vw, 596px\" \/><\/p>\n<p><strong><b>Mantenimiento del rotor de soldadura<\/b><\/strong><\/p>\n<p>1. Este rotador de soldadura necesita limpieza antes de ponerse en uso. Y para evitar el envejecimiento, los rodillos de goma deben mantenerse alejados de aceites y altas temperaturas. 2. Si es posible, debe haber una persona espec\u00edfica para operar y mantener este dispositivo.<br \/>\n2. Antes de arrancar, el reductor de velocidad debe estar lleno de aceite de motor 30#, lo que tambi\u00e9n es necesario cuando la temperatura ambiente es inferior a 0\u00baC.<br \/>\n3. El aceite del interior del reductor de velocidad debe cambiarse completamente despu\u00e9s del primer mes de uso, y posteriormente, el aceite del motor puede cambiarse cada seis meses.<br \/>\n4. El lecho de rodillos no puede utilizarse como suelo de soldadura para evitar que se da\u00f1en los rodamientos.<\/p>\n<p><strong><b>Detalles del producto<\/b><\/strong><strong><b><br \/>\n<\/b><\/strong><\/p>\n<p><img loading=\"lazy\" decoding=\"async\" class=\"alignnone wp-image-993 size-full\" src=\"https:\/\/www.weldmc.com\/wp-content\/uploads\/2025\/05\/\u56fe\u724721.png\" alt=\"Standard Welding Rotator HGZ-10\" width=\"745\" height=\"419\" srcset=\"https:\/\/www.weldmc.com\/wp-content\/uploads\/2025\/05\/\u56fe\u724721.png 745w, https:\/\/www.weldmc.com\/wp-content\/uploads\/2025\/05\/\u56fe\u724721-300x169.png 300w, https:\/\/www.weldmc.com\/wp-content\/uploads\/2025\/05\/\u56fe\u724721-600x337.png 600w\" sizes=\"(max-width: 745px) 100vw, 745px\" \/> <img loading=\"lazy\" decoding=\"async\" class=\"alignnone wp-image-992 size-full\" src=\"https:\/\/www.weldmc.com\/wp-content\/uploads\/2025\/05\/\u56fe\u724720.png\" alt=\"Standard Welding Rotator HGZ-10\" width=\"745\" height=\"419\" srcset=\"https:\/\/www.weldmc.com\/wp-content\/uploads\/2025\/05\/\u56fe\u724720.png 745w, https:\/\/www.weldmc.com\/wp-content\/uploads\/2025\/05\/\u56fe\u724720-300x169.png 300w, https:\/\/www.weldmc.com\/wp-content\/uploads\/2025\/05\/\u56fe\u724720-600x337.png 600w\" sizes=\"(max-width: 745px) 100vw, 745px\" \/> <img loading=\"lazy\" decoding=\"async\" class=\"alignnone wp-image-1871\" src=\"https:\/\/www.weldmc.com\/wp-content\/uploads\/2025\/05\/standard-welding-rotator-product-decomposition-diagram.png\" alt=\"diagrama de descomposici\u00f3n del producto rotador de soldadura est\u00e1ndar\" width=\"745\" height=\"429\" srcset=\"https:\/\/www.weldmc.com\/wp-content\/uploads\/2025\/05\/standard-welding-rotator-product-decomposition-diagram.png 1347w, https:\/\/www.weldmc.com\/wp-content\/uploads\/2025\/05\/standard-welding-rotator-product-decomposition-diagram-600x345.png 600w\" sizes=\"(max-width: 745px) 100vw, 745px\" \/><strong><b><br \/>\n<\/b><\/strong><\/p>\n<table>\n<tbody>\n<tr>\n<td>- Dise\u00f1o de confianza<\/td>\n<td>- Calidad fiable<\/td>\n<\/tr>\n<tr>\n<td>- Piezas de renombre<\/td>\n<td>- Control del inversor<\/td>\n<\/tr>\n<tr>\n<td>- Sistema de transmisi\u00f3n directa<\/td>\n<td>- Opci\u00f3n de desplazamiento motorizado<\/td>\n<\/tr>\n<tr>\n<td>- Dise\u00f1o personalizado a medida<\/td>\n<td>- OEM<\/td>\n<\/tr>\n<\/tbody>\n<\/table>\n<p><strong><b>Introducci\u00f3n de la rueda<\/b><\/strong><\/p>\n<p>Las ruedas de poliuretano ofrecen una excepcional resistencia a la abrasi\u00f3n, un procesamiento vers\u00e1til, una amplia aplicabilidad y una resistencia superior al aceite, el ozono, el envejecimiento, la radiaci\u00f3n y las bajas temperaturas. Tambi\u00e9n ofrecen una fuerte adherencia, una excelente transmisi\u00f3n del sonido, biocompatibilidad y compatibilidad sangu\u00ednea.<\/p>\n<p><img loading=\"lazy\" decoding=\"async\" class=\"alignnone wp-image-987 size-full\" src=\"https:\/\/www.weldmc.com\/wp-content\/uploads\/2025\/05\/\u56fe\u724724.png\" alt=\"Standard Welding Rotator HGZ-10\" width=\"486\" height=\"606\" srcset=\"https:\/\/www.weldmc.com\/wp-content\/uploads\/2025\/05\/\u56fe\u724724.png 486w, https:\/\/www.weldmc.com\/wp-content\/uploads\/2025\/05\/\u56fe\u724724-241x300.png 241w\" sizes=\"(max-width: 486px) 100vw, 486px\" \/> <img loading=\"lazy\" decoding=\"async\" class=\"alignnone wp-image-997\" src=\"https:\/\/www.weldmc.com\/wp-content\/uploads\/2025\/05\/\u56fe\u724723.png\" alt=\"Standard Welding Rotator HGZ-10\" width=\"485\" height=\"604\" srcset=\"https:\/\/www.weldmc.com\/wp-content\/uploads\/2025\/05\/\u56fe\u724723.png 562w, https:\/\/www.weldmc.com\/wp-content\/uploads\/2025\/05\/\u56fe\u724723-241x300.png 241w\" sizes=\"(max-width: 485px) 100vw, 485px\" \/><\/p>\n<p><strong><b>Introducci\u00f3n del motor<\/b><\/strong><strong><b><br \/>\n<\/b><\/strong><b><\/b><\/p>\n<p><img decoding=\"async\" src=\"https:\/\/www.weldmc.com\/wp-content\/uploads\/2025\/05\/Motor-introduction-1.png\" alt=\"rotador_Motor de soldadura\" \/> <img decoding=\"async\" src=\"https:\/\/www.weldmc.com\/wp-content\/uploads\/2025\/05\/Adjustable-Welding-Rotator-HGK-5-1.png\" alt=\"Soldadura rotator_Motor2\" \/><\/p>\n<p><strong><b>Fabricante de rotadores de alta calidad<\/b><\/strong><\/p>\n<p>1.Con m\u00e1s de 20 a\u00f1os de experiencia especializada en la fabricaci\u00f3n de rotadores autoalineables.<br \/>\n2.Nuestros productos tienen una capacidad de carga que oscila entre 5 y 400 toneladas.<br \/>\n3.Proporcionamos certificaciones CE e ISO, que garantizan el cumplimiento de las estrictas subregulaciones. Adem\u00e1s.<br \/>\n4.Ofrecemos un a\u00f1o de garant\u00eda y piezas de desgaste gratuitas.<br \/>\n5.Nuestro equipo t\u00e9cnico altamente cualificado se dedica a prestarle apoyo a usted y a sus proyectos a gran escala, como la soldadura de aerogeneradores.<\/p>\n<p><strong><b>Certificaci\u00f3n de productos<\/b><\/strong><\/p>\n<p>Ad\u00e9ntrese en el futuro de la tecnolog\u00eda de soldadura con nuestras soluciones de vanguardia.<br \/>\nDesde procesos automatizados hasta controles intuitivos, nuestros productos est\u00e1n a la vanguardia de la innovaci\u00f3n y le proporcionan las herramientas que necesita para mantenerse a la cabeza en el competitivo mercado actual.<\/p>\n<p>&nbsp;<\/p>\n<p><img decoding=\"async\" src=\"https:\/\/www.weldmc.com\/wp-content\/uploads\/2025\/05\/Roller-frame-product-certificate.png\" alt=\"Certificado de producto del bastidor de rodillos\" \/><\/p>\n<p>Wuxi ABK Machinery Co.Ltd es un fabricante profesional de rotador de soldadura en China. Y nuestro rotador de soldadura incluye principalmente rotador de soldadura est\u00e1ndar, rotador de soldadura ajustable y rotador de soldadura especial. Tambi\u00e9n podemos ofrecer a nuestros clientes en todo el mundo muchos otros productos, incluyendo la plataforma giratoria de soldadura, m\u00e1quina de soldadura de pilotes, l\u00ednea de producci\u00f3n de torres e\u00f3licas, l\u00ednea de soldadura de vigas H, equipos de soldadura de tuber\u00edas, m\u00e1quina de corte CNC, m\u00e1quina rectificadora, m\u00e1quina perfiladora, m\u00e1quina curvadora de placas, etc. Hemos obtenido la certificaci\u00f3n ISO y CE, y tambi\u00e9n ofrecemos servicio OEM.<\/p>","protected":false},"excerpt":{"rendered":"<p><strong>Rotador de soldadura WUXI ABK 10-T<\/strong>\u00a0proporciona una rotaci\u00f3n de precisi\u00f3n para la fabricaci\u00f3n de tuber\u00edas y recipientes. Tiene una capacidad de 10 toneladas, rodillos de acero ZG45 (HRC55-60), motores dobles de 7,5 kW (0,5-5 RPM), precisi\u00f3n de \u00b10,1 mm, sistema antideslizamiento y control PLC Siemens. Ideal para aplicaciones de soldadura industrial. Certificado CE\/ISO.<\/p>","protected":false},"featured_media":1021,"comment_status":"open","ping_status":"closed","template":"","meta":{"_acf_changed":false},"product_brand":[],"product_cat":[21,42,30],"product_tag":[],"class_list":{"0":"post-1002","1":"product","2":"type-product","3":"status-publish","4":"has-post-thumbnail","6":"product_cat-welding-automation","7":"product_cat-standard-welding-rotator","8":"product_cat-welding-rotator","10":"first","11":"instock","12":"shipping-taxable","13":"product-type-simple"},"acf":[],"_links":{"self":[{"href":"https:\/\/www.weldmc.com\/es\/wp-json\/wp\/v2\/product\/1002","targetHints":{"allow":["GET"]}}],"collection":[{"href":"https:\/\/www.weldmc.com\/es\/wp-json\/wp\/v2\/product"}],"about":[{"href":"https:\/\/www.weldmc.com\/es\/wp-json\/wp\/v2\/types\/product"}],"replies":[{"embeddable":true,"href":"https:\/\/www.weldmc.com\/es\/wp-json\/wp\/v2\/comments?post=1002"}],"wp:featuredmedia":[{"embeddable":true,"href":"https:\/\/www.weldmc.com\/es\/wp-json\/wp\/v2\/media\/1021"}],"wp:attachment":[{"href":"https:\/\/www.weldmc.com\/es\/wp-json\/wp\/v2\/media?parent=1002"}],"wp:term":[{"taxonomy":"product_brand","embeddable":true,"href":"https:\/\/www.weldmc.com\/es\/wp-json\/wp\/v2\/product_brand?post=1002"},{"taxonomy":"product_cat","embeddable":true,"href":"https:\/\/www.weldmc.com\/es\/wp-json\/wp\/v2\/product_cat?post=1002"},{"taxonomy":"product_tag","embeddable":true,"href":"https:\/\/www.weldmc.com\/es\/wp-json\/wp\/v2\/product_tag?post=1002"}],"curies":[{"name":"wp","href":"https:\/\/api.w.org\/{rel}","templated":true}]}}