{"id":1000,"date":"2025-05-25T01:12:43","date_gmt":"2025-05-24T17:12:43","guid":{"rendered":"http:\/\/111.170.148.214:8095\/?post_type=product&#038;p=1000"},"modified":"2025-10-14T14:55:40","modified_gmt":"2025-10-14T06:55:40","slug":"mesa-giratoria-de-soldadura-industrial-30-toneladas","status":"publish","type":"product","link":"https:\/\/www.weldmc.com\/es\/product\/mesa-giratoria-de-soldadura-industrial-30-toneladas\/","title":{"rendered":"Plataforma giratoria de soldadura industrial 30 toneladas"},"content":{"rendered":"<p><strong><b>Equipos de soldadura WUXI ABK: Soluciones de rotaci\u00f3n de precisi\u00f3n<\/b><\/strong><\/p>\n<p><img fetchpriority=\"high\" decoding=\"async\" class=\"\" src=\"https:\/\/www.weldmc.com\/wp-content\/uploads\/2025\/05\/3cc87cef83089b4640b34d1f52f77d4.jpg\" alt=\"Plato giratorio de soldadura\" width=\"711\" height=\"534\" \/><\/p>\n<p><strong><b>Ventajas t\u00e9cnicas<\/b><\/strong><\/p>\n<p>\u2714 Rotaci\u00f3n programable - El control digital mantiene 0,1-1,2 RPM para diversos requisitos de uni\u00f3n.<\/p>\n<p>\u2714 Carga optimizada - Capacidad est\u00e1ndar de 1-50 toneladas con configuraciones personalizadas disponibles.<\/p>\n<p>\u2714 Superficie adaptable: la mesa de trabajo modular admite montajes de 800 a 6000 mm de di\u00e1metro.<\/p>\n<p>\u2714 Movimiento de precisi\u00f3n: la repetibilidad de \u00b10,5 mm garantiza la precisi\u00f3n de la articulaci\u00f3n.<\/p>\n<p><img decoding=\"async\" class=\"\" src=\"https:\/\/www.weldmc.com\/wp-content\/uploads\/2025\/05\/Welding-Turntable-Technical-Advantages_1.png\" alt=\"Plataforma giratoria de soldadura Ventajas t\u00e9cnicas_1\" width=\"707\" height=\"501\" \/> <img decoding=\"async\" class=\"\" src=\"https:\/\/www.weldmc.com\/wp-content\/uploads\/2025\/05\/Welding-Turntable-Technical-Advantages_2.png\" alt=\"Plataforma giratoria de soldadura Ventajas t\u00e9cnicas_2\" width=\"708\" height=\"398\" \/><\/p>\n<p>&nbsp;<\/p>\n<p><strong><b>Implantaci\u00f3n industrial<\/b><\/strong><\/p>\n<p>La plataforma giratoria de soldadura cumple funciones cr\u00edticas en:<\/p>\n<ul>\n<li>Fabricaci\u00f3n de recipientes cil\u00edndricos a presi\u00f3n<\/li>\n<li>Fabricaci\u00f3n de componentes del sector energ\u00e9tico<\/li>\n<li>Producci\u00f3n de estructuras pesadas de acero<\/li>\n<li>Aplicaciones en la construcci\u00f3n naval<\/li>\n<\/ul>\n<p><img loading=\"lazy\" decoding=\"async\" class=\"\" src=\"https:\/\/www.weldmc.com\/wp-content\/uploads\/2025\/05\/Welding-Turntable-Technical-Advantages_3.png\" alt=\"Plataforma giratoria de soldadura Ventajas t\u00e9cnicas_3\" width=\"707\" height=\"487\" \/> <img loading=\"lazy\" decoding=\"async\" class=\"\" src=\"https:\/\/www.weldmc.com\/wp-content\/uploads\/2025\/05\/Welding-Turntable-Technical-Advantages_4.png\" alt=\"Plataforma giratoria de soldadura Ventajas t\u00e9cnicas_4\" width=\"709\" height=\"525\" \/><\/p>\n<p>Composici\u00f3n mec\u00e1nica<\/p>\n<ul>\n<li>Base de apoyo reforzada con rodamientos industriales<\/li>\n<li>Sistema de accionamiento de frecuencia variable<\/li>\n<li>Superficies de montaje intercambiables<\/li>\n<li>Opciones de caja de seguridad<\/li>\n<\/ul>\n<p><img decoding=\"async\" src=\"https:\/\/www.weldmc.com\/wp-content\/uploads\/2025\/05\/Welding-Turntable-Technical-Advantages_5.png\" alt=\"Plataforma giratoria de soldadura Ventajas t\u00e9cnicas_5\" \/> <img decoding=\"async\" src=\"https:\/\/www.weldmc.com\/wp-content\/uploads\/2025\/05\/Welding-Turntable-Technical-Advantages_6.png\" alt=\"Plataforma giratoria de soldadura Ventajas t\u00e9cnicas_6\" \/><\/p>\n<p><strong><b>Servicios de ingenier\u00eda personalizados<\/b><\/strong><\/p>\n<p>WUXI ABK proporciona:<\/p>\n<ul>\n<li>Tratamientos superficiales especializados<\/li>\n<li>Sistemas automatizados de retroalimentaci\u00f3n de posici\u00f3n<\/li>\n<li>Control de calidad integrado<\/li>\n<li>Personalizaci\u00f3n de la interfaz del operador<\/li>\n<\/ul>\n<p>&nbsp;<\/p>\n<p><img decoding=\"async\" src=\"https:\/\/www.weldmc.com\/wp-content\/uploads\/2025\/05\/Welding-Turntable-Technical-Advantages_7.png\" alt=\"Plataforma giratoria de soldadura Ventajas t\u00e9cnicas_7\" \/> <img loading=\"lazy\" decoding=\"async\" class=\"\" src=\"https:\/\/www.weldmc.com\/wp-content\/uploads\/2025\/05\/Welding-Turntable-Technical-Advantages_8.png\" alt=\"Plataforma giratoria de soldadura Ventajas t\u00e9cnicas_8\" width=\"709\" height=\"519\" \/><\/p>\n<p><strong><b>Excelencia en la fabricaci\u00f3n<\/b><\/strong><\/p>\n<p>Nuestros sistemas de rotaci\u00f3n se caracterizan por:<\/p>\n<ul>\n<li>Procesos de producci\u00f3n con certificaci\u00f3n ISO<\/li>\n<li>Pruebas de validaci\u00f3n del rendimiento<\/li>\n<li>Cobertura de servicio ampliada<\/li>\n<li>Red mundial de asistencia t\u00e9cnica<\/li>\n<\/ul>\n<table>\n<tbody>\n<tr>\n<td colspan=\"3\" width=\"599\"><strong>Modelo<\/strong><\/td>\n<td width=\"354\"><strong>HB-<\/strong><strong>3<\/strong><strong>0<\/strong><strong>0<\/strong><\/td>\n<\/tr>\n<tr>\n<td width=\"363\"><strong>Capacidad de carga<\/strong><\/td>\n<td width=\"127\">(KG)<\/td>\n<td width=\"109\"><\/td>\n<td width=\"354\">30000<\/td>\n<\/tr>\n<tr>\n<td width=\"363\"><strong>Velocidad de rotaci\u00f3n<\/strong><\/td>\n<td width=\"127\">(RPM)<\/td>\n<td width=\"109\"><\/td>\n<td width=\"354\">0.05-0.5<\/td>\n<\/tr>\n<tr>\n<td width=\"363\"><strong>Tama\u00f1o de la mesa de trabajo<\/strong><strong>\u00a0Di\u00e1metro<\/strong><\/td>\n<td width=\"127\">(MM)<\/td>\n<td width=\"109\"><\/td>\n<td width=\"354\">3000<\/td>\n<\/tr>\n<tr>\n<td width=\"363\"><strong>P<\/strong><strong>ower<\/strong><\/td>\n<td width=\"127\">(KW)<\/td>\n<td width=\"109\"><\/td>\n<td width=\"354\">4<\/td>\n<\/tr>\n<tr>\n<td width=\"363\"><strong>Fuente de alimentaci\u00f3n<\/strong><\/td>\n<td width=\"127\">(V)<\/td>\n<td width=\"109\">50Hz 3\u0278<\/td>\n<td width=\"354\">380<\/td>\n<\/tr>\n<tr>\n<td width=\"363\"><strong>Tipo regulador de velocidad<\/strong><\/td>\n<td width=\"127\"><\/td>\n<td width=\"109\"><\/td>\n<td width=\"354\">Regulaci\u00f3n continua de la velocidad de la frecuencia de CA<\/td>\n<\/tr>\n<tr>\n<td colspan=\"4\" width=\"954\">Nota: Todas las especificaciones corresponden al equipamiento est\u00e1ndar, que puede modificarse seg\u00fan las necesidades del cliente.<\/td>\n<\/tr>\n<\/tbody>\n<\/table>\n<p><iframe title=\"Reproductor de v\u00eddeo YouTube\" src=\"https:\/\/www.youtube.com\/embed\/ogA4Xe60nSw?si=kQldmzj4am4dQamH\" width=\"560\" height=\"315\" frameborder=\"0\" allowfullscreen=\"allowfullscreen\"><\/iframe><\/p>\n<p class=\"ds-markdown-paragraph\">Como fabricante l\u00edder de equipos de soldadura, WUXI ABK presenta su plataforma giratoria de soldadura de 30 toneladas, dise\u00f1ada para la rotaci\u00f3n de precisi\u00f3n de piezas de trabajo peque\u00f1as y medianas, como tuber\u00edas, bridas y componentes estructurales. Esta plataforma giratoria industrial ofrece una rotaci\u00f3n suave de 360\u00b0 con control de velocidad ajustable (1-10 RPM), garantizando una calidad constante del cord\u00f3n de soldadura y aumentando la productividad en 50% en comparaci\u00f3n con los m\u00e9todos manuales.<\/p>\n<p class=\"ds-markdown-paragraph\"><strong>Ventajas clave:<\/strong><\/p>\n<ul>\n<li>\n<p class=\"ds-markdown-paragraph\">Robusta construcci\u00f3n de acero que soporta hasta 30 toneladas<\/p>\n<\/li>\n<li>\n<p class=\"ds-markdown-paragraph\">Sistema de accionamiento directo controlado por inversor para un funcionamiento preciso<\/p>\n<\/li>\n<li>\n<p class=\"ds-markdown-paragraph\">Desplazamiento motorizado opcional para un posicionamiento flexible<\/p>\n<\/li>\n<li>\n<p class=\"ds-markdown-paragraph\">Dise\u00f1os personalizables disponibles para aplicaciones especializadas<\/p>\n<\/li>\n<\/ul>\n<p class=\"ds-markdown-paragraph\"><strong>Especificaciones t\u00e9cnicas:<\/strong><br \/>\nGarant\u00eda de calidad con certificaci\u00f3n CE e ISO<br \/>\n\u2713 Dise\u00f1o de bajo mantenimiento con un tiempo de inactividad m\u00ednimo<br \/>\n\u2713 Compatible con diversos procesos de soldadura<\/p>\n<p class=\"ds-markdown-paragraph\"><strong>Aplicaciones:<\/strong><br \/>\n- Soldadura de tuber\u00edas y bridas<br \/>\n- Fabricaci\u00f3n de recipientes a presi\u00f3n<br \/>\n- Montaje de acero estructural<br \/>\n- Producci\u00f3n de componentes de automoci\u00f3n<\/p>\n<p><img decoding=\"async\" src=\"https:\/\/www.weldmc.com\/wp-content\/uploads\/2025\/05\/Welding-Turntable-Technology-Funcation.png\" alt=\"Tecnolog\u00eda de mesa giratoria de soldadura Funcation\" \/><\/p>\n<p><strong><b>Lista de par\u00e1metros de la mesa giratoria de soldadura convencional\u00a0<\/b><\/strong><\/p>\n<p><img decoding=\"async\" src=\"https:\/\/www.weldmc.com\/wp-content\/uploads\/2025\/05\/Parameter-list-of-conventional-Welding-Turntable-.png\" alt=\"Lista de par\u00e1metros de la mesa giratoria de soldadura convencional\u00a0\" \/><\/p>\n<p class=\"ds-markdown-paragraph\">Nuestra plataforma giratoria de soldadura industrial ofrece una rotaci\u00f3n de precisi\u00f3n para aplicaciones de fabricaci\u00f3n gracias a su robusta construcci\u00f3n y sus avanzadas caracter\u00edsticas. El bastidor de acero de alta resistencia incorpora nervios de soporte reforzados con costuras soldadas de calidad militar, lo que mantiene una estabilidad excepcional durante el funcionamiento.<\/p>\n<p class=\"ds-markdown-paragraph\">Las especificaciones clave de esta plataforma giratoria de soldadura incluyen:<\/p>\n<ul>\n<li>\n<p class=\"ds-markdown-paragraph\">Rotaci\u00f3n continua de 360\u00b0 con control digital de la velocidad (0,5-15 RPM)<\/p>\n<\/li>\n<li>\n<p class=\"ds-markdown-paragraph\">Superficie de trabajo con varias ranuras en T (seis ranuras de 14 mm, fuerza de sujeci\u00f3n de 5.000 N)<\/p>\n<\/li>\n<li>\n<p class=\"ds-markdown-paragraph\">Sistema de transmisi\u00f3n por tornillo sin fin ISO Grado 5<\/p>\n<\/li>\n<li>\n<p class=\"ds-markdown-paragraph\">Placa base de acero de 200 mm de grosor con absorci\u00f3n de vibraciones<\/p>\n<\/li>\n<\/ul>\n<p class=\"ds-markdown-paragraph\">Esta plataforma giratoria de soldadura ofrece importantes ventajas:<br \/>\n\u2713 40% posicionamiento m\u00e1s r\u00e1pido de la pieza de trabajo<br \/>\n\u2713 60% reducci\u00f3n de la distorsi\u00f3n t\u00e9rmica<br \/>\n\u2713 30% mayor vida \u00fatil en comparaci\u00f3n con los modelos est\u00e1ndar.<br \/>\n\u2713 Precisi\u00f3n de giro de \u00b10,1\u00b0 para soldaduras de precisi\u00f3n<\/p>\n<p class=\"ds-markdown-paragraph\">Aspectos t\u00e9cnicos destacados de nuestra plataforma giratoria de soldadura:<br \/>\n- Capacidad de carga m\u00e1xima: 30 toneladas<br \/>\n- Precisi\u00f3n de velocidad: \u00b11%<br \/>\n- Sistema de control: Pantalla t\u00e1ctil HMI con clasificaci\u00f3n IP54<br \/>\n- Mecanismo de accionamiento: Engranaje helicoidal sin juego<\/p>\n<p class=\"ds-markdown-paragraph\">Ideal para la fabricaci\u00f3n de recipientes a presi\u00f3n, el ensamblaje de acero estructural y la soldadura de componentes pesados, esta plataforma giratoria de soldadura con certificaci\u00f3n CE e ISO est\u00e1 disponible en configuraciones est\u00e1ndar o soluciones personalizadas. Respaldada por nuestra garant\u00eda de 24 meses y nuestra red de asistencia mundial.<\/p>\n<p>1. Rodamiento giratorio<\/p>\n<p><img decoding=\"async\" src=\"https:\/\/www.weldmc.com\/wp-content\/uploads\/2025\/05\/Slewing-bearing.png\" alt=\"Rodamiento giratorio\" \/><\/p>\n<p>El rodamiento de giro es el elemento b\u00e1sico de fuerza de la m\u00e1quina, que requiere la rotaci\u00f3n relativa entre las dos partes y soporta la fuerza axial, la fuerza radial y el momento de vuelco al mismo tiempo.su funci\u00f3n b\u00e1sica es utilizar pernos para fijarlo en los soportes superior e inferior del equipo mec\u00e1nico para transmitir la fuerza y la unidad a fin de realizar la rotaci\u00f3n relativa entre las dos partes del equipo mec\u00e1nico.el soporte giratorio generalmente tiene orificios de instalaci\u00f3n, engranajes internos o externos, orificios de lubricaci\u00f3n y dispositivos de sellado. Tiene las caracter\u00edsticas de estructura compacta, peso ligero, buen acero estructural, funcionamiento suave, alta precisi\u00f3n, seguridad y fiabilidad.<br \/>\nEl rodamiento giratorio es una parte b\u00e1sica del equipo mec\u00e1nico y ampliamente utilizado en varias industrias de la econom\u00eda nacional. Es ampliamente utilizado en maquinaria de construcci\u00f3n, maquinaria portuaria, maquinaria metal\u00fargica, maquinaria minera, maquinaria de petr\u00f3leo, maquinaria qu\u00edmica, equipos m\u00e9dicos, maquinaria naval, maquinaria industrial ligera, maquinaria de protecci\u00f3n del medio ambiente, equipos de entretenimiento, equipos de maquinaria de transporte.soportes de oscilaci\u00f3n se utilizan cada vez m\u00e1s en proyectos de ahorro de energ\u00eda y protecci\u00f3n del medio ambiente, tales como turbinas de viento que requieren una variedad de kits de soporte de oscilaci\u00f3n del poste de precisi\u00f3n.<\/p>\n<ol start=\"2\">\n<li>Engranaje<\/li>\n<\/ol>\n<p><img decoding=\"async\" src=\"https:\/\/www.weldmc.com\/wp-content\/uploads\/2025\/05\/Gear_1.png\" alt=\"Engranaje_1\" \/><\/p>\n<p>El engranaje es una pieza mec\u00e1nica parecida a una rueda que transmite el par mediante el engranaje de los dientes. Mediante la transmisi\u00f3n con otras piezas mec\u00e1nicas dentadas (como otro engranaje, la cremallera Dao y el tornillo sin fin), el engranaje puede cambiar la velocidad y el par, cambiar la direcci\u00f3n del movimiento y cambiar la forma del movimiento.<\/p>\n<p><img decoding=\"async\" src=\"https:\/\/www.weldmc.com\/wp-content\/uploads\/2025\/05\/Gear_2.png\" alt=\"Engranaje_2\" \/><\/p>\n<p>3.Reductor<\/p>\n<p><img decoding=\"async\" src=\"https:\/\/www.weldmc.com\/wp-content\/uploads\/2025\/05\/Reducer.png\" alt=\"Reductor\" \/><\/p>\n<p>El reductor es un tipo de mecanismo de transmisi\u00f3n de potencia, que utiliza el convertidor de velocidad de engranaje para reducir el n\u00famero de rotaci\u00f3n del motor al n\u00famero de rotaci\u00f3n requerido y obtener una estructura con gran par.<\/p>\n<p>Funci\u00f3n del reductor:Reducir la velocidad y aumentar el par de salida al mismo tiempo. La relaci\u00f3n de salida de par se multiplica por la relaci\u00f3n de deceleraci\u00f3n de salida del motor, pero no deber\u00e1 superar el par nominal del reductor.Al mismo tiempo, la inercia del lo.ad se reduce al cuadrado de la relaci\u00f3n de deceleraci\u00f3n.<\/p>\n<p>4. Motor<\/p>\n<p><img decoding=\"async\" src=\"https:\/\/www.weldmc.com\/wp-content\/uploads\/2025\/05\/Motor_2.png\" alt=\"Motor_2\" \/> <img decoding=\"async\" src=\"https:\/\/www.weldmc.com\/wp-content\/uploads\/2025\/05\/Motor_1.png\" alt=\"Motor_1\" \/><\/p>\n<p>&nbsp;<\/p>\n<p><strong><b>Soldadura <\/b><\/strong><strong><b>Plato giratorio<\/b><\/strong><strong><b>\u00a0Pautas de mantenimiento<\/b><\/strong><\/p>\n<p><strong><b>Contenidos b\u00e1sicos de mantenimiento<\/b><\/strong><\/p>\n<p>Mantenimiento diario: limpieza de la escoria de soldadura, comprobaci\u00f3n de la lubricaci\u00f3n y seguridad el\u00e9ctrica.<\/p>\n<p>Mantenimiento peri\u00f3dico: apriete los pernos, compruebe el mecanismo de transmisi\u00f3n y compruebe la funci\u00f3n de seguridad.<\/p>\n<p>Mantenimiento en profundidad: sustituci\u00f3n anual de las piezas desgastadas, relubricaci\u00f3n y calibraci\u00f3n del sistema.<\/p>\n<p>Aviso anticipado de aver\u00eda: pare inmediatamente cuando se produzca un ruido anormal o una rotaci\u00f3n irregular.<\/p>\n<p><strong><b>Mantener el valor<\/b><\/strong><\/p>\n<ul>\n<li>Prolongar la vida \u00fatil de los equipos m\u00e1s de 30%<\/li>\n<li>Reduzca los tiempos de inactividad repentinos<\/li>\n<li>Garantizar la estabilidad de la precisi\u00f3n de la soldadura.<\/li>\n<\/ul>\n<p><strong><b>Certificaci\u00f3n de productos<\/b><\/strong><br \/>\nAd\u00e9ntrese en el futuro de la tecnolog\u00eda de soldadura con nuestras soluciones de vanguardia.<br \/>\nDesde procesos automatizados hasta controles intuitivos, nuestros productos est\u00e1n a la vanguardia de la innovaci\u00f3n y le proporcionan las herramientas que necesita para mantenerse a la cabeza en el competitivo mercado actual.<\/p>\n<p><img decoding=\"async\" src=\"https:\/\/www.weldmc.com\/wp-content\/uploads\/2025\/05\/Product-certification.png\" alt=\"Certificaci\u00f3n de productos\" \/><\/p>\n<p>Wuxi ABK Machinery Co.Ltd es un fabricante profesional de rotador de soldadura en China. Y nuestro rotador de soldadura incluye principalmente rotador de soldadura est\u00e1ndar, rotador de soldadura ajustable y rotador de soldadura especial. Tambi\u00e9n podemos ofrecer a nuestros clientes en todo el mundo muchos otros productos, incluyendo la plataforma giratoria de soldadura, m\u00e1quina de soldadura de pilotes, l\u00ednea de producci\u00f3n de torres e\u00f3licas, l\u00ednea de soldadura de vigas H, equipos de soldadura de tuber\u00edas, m\u00e1quina de corte CNC, m\u00e1quina rectificadora, m\u00e1quina perfiladora, m\u00e1quina curvadora de placas, etc. Hemos obtenido la certificaci\u00f3n ISO y CE, y tambi\u00e9n ofrecemos servicio OEM.<\/p>","protected":false},"excerpt":{"rendered":"<p>Plataforma giratoria de precisi\u00f3n para soldadura estable a 360\u00b0 de tubos, bridas y componentes estructurales. Dispone de control de velocidad continuo (1-10 RPM), construcci\u00f3n de acero resistente (capacidad de 30 toneladas) y sujeci\u00f3n de ranuras en T. Ideal para la fabricaci\u00f3n de recipientes a presi\u00f3n y acero estructural.<\/p>","protected":false},"featured_media":2051,"comment_status":"open","ping_status":"closed","template":"","meta":{"_acf_changed":false},"product_brand":[],"product_cat":[21,29,38],"product_tag":[],"class_list":{"0":"post-1000","1":"product","2":"type-product","3":"status-publish","4":"has-post-thumbnail","6":"product_cat-welding-automation","7":"product_cat-welding-positioner","8":"product_cat-welding-turntable","10":"first","11":"instock","12":"shipping-taxable","13":"product-type-simple"},"acf":[],"_links":{"self":[{"href":"https:\/\/www.weldmc.com\/es\/wp-json\/wp\/v2\/product\/1000","targetHints":{"allow":["GET"]}}],"collection":[{"href":"https:\/\/www.weldmc.com\/es\/wp-json\/wp\/v2\/product"}],"about":[{"href":"https:\/\/www.weldmc.com\/es\/wp-json\/wp\/v2\/types\/product"}],"replies":[{"embeddable":true,"href":"https:\/\/www.weldmc.com\/es\/wp-json\/wp\/v2\/comments?post=1000"}],"wp:featuredmedia":[{"embeddable":true,"href":"https:\/\/www.weldmc.com\/es\/wp-json\/wp\/v2\/media\/2051"}],"wp:attachment":[{"href":"https:\/\/www.weldmc.com\/es\/wp-json\/wp\/v2\/media?parent=1000"}],"wp:term":[{"taxonomy":"product_brand","embeddable":true,"href":"https:\/\/www.weldmc.com\/es\/wp-json\/wp\/v2\/product_brand?post=1000"},{"taxonomy":"product_cat","embeddable":true,"href":"https:\/\/www.weldmc.com\/es\/wp-json\/wp\/v2\/product_cat?post=1000"},{"taxonomy":"product_tag","embeddable":true,"href":"https:\/\/www.weldmc.com\/es\/wp-json\/wp\/v2\/product_tag?post=1000"}],"curies":[{"name":"wp","href":"https:\/\/api.w.org\/{rel}","templated":true}]}}