{"id":311,"date":"2025-05-13T15:07:12","date_gmt":"2025-05-13T07:07:12","guid":{"rendered":"http:\/\/111.170.148.214:8095\/?page_id=311"},"modified":"2025-06-23T18:01:31","modified_gmt":"2025-06-23T10:01:31","slug":"faq","status":"publish","type":"page","link":"https:\/\/www.weldmc.com\/es\/faq\/","title":{"rendered":"PREGUNTAS FRECUENTES"},"content":{"rendered":"<div data-elementor-type=\"wp-page\" data-elementor-id=\"311\" class=\"elementor elementor-311\" data-elementor-post-type=\"page\">\n\t\t\t\t<div class=\"elementor-element elementor-element-366ab53 e-flex e-con-boxed e-con e-parent\" data-id=\"366ab53\" data-element_type=\"container\">\n\t\t\t\t\t<div class=\"e-con-inner\">\n\t\t<div class=\"elementor-element elementor-element-04ac6a1 e-con-full e-flex e-con e-child\" data-id=\"04ac6a1\" data-element_type=\"container\">\n\t\t\t\t<div class=\"elementor-element elementor-element-9474eb4 elementor-widget elementor-widget-heading\" data-id=\"9474eb4\" data-element_type=\"widget\" data-widget_type=\"heading.default\">\n\t\t\t\t<div class=\"elementor-widget-container\">\n\t\t\t\t\t<h2 class=\"elementor-heading-title elementor-size-default\">PREGUNTAS FRECUENTES<\/h2>\t\t\t\t<\/div>\n\t\t\t\t<\/div>\n\t\t\t\t<\/div>\n\t\t\t\t\t<\/div>\n\t\t\t\t<\/div>\n\t\t<div class=\"elementor-element elementor-element-b7dc604 e-flex e-con-boxed e-con e-parent\" data-id=\"b7dc604\" data-element_type=\"container\">\n\t\t\t\t\t<div class=\"e-con-inner\">\n\t\t\t\t<div class=\"elementor-element elementor-element-253a0d2 elementor-grid-3 elementor-grid-tablet-2 elementor-grid-mobile-1 elementor-posts--thumbnail-top elementor-widget elementor-widget-posts\" data-id=\"253a0d2\" data-element_type=\"widget\" data-settings=\"{&quot;pagination_type&quot;:&quot;numbers&quot;,&quot;classic_columns&quot;:&quot;3&quot;,&quot;classic_columns_tablet&quot;:&quot;2&quot;,&quot;classic_columns_mobile&quot;:&quot;1&quot;,&quot;classic_row_gap&quot;:{&quot;unit&quot;:&quot;px&quot;,&quot;size&quot;:35,&quot;sizes&quot;:[]},&quot;classic_row_gap_tablet&quot;:{&quot;unit&quot;:&quot;px&quot;,&quot;size&quot;:&quot;&quot;,&quot;sizes&quot;:[]},&quot;classic_row_gap_mobile&quot;:{&quot;unit&quot;:&quot;px&quot;,&quot;size&quot;:&quot;&quot;,&quot;sizes&quot;:[]}}\" data-widget_type=\"posts.classic\">\n\t\t\t\t<div class=\"elementor-widget-container\">\n\t\t\t\t\t\t\t<div class=\"elementor-posts-container elementor-posts elementor-posts--skin-classic elementor-grid\" role=\"list\">\n\t\t\t\t<article class=\"elementor-post elementor-grid-item post-1246 post type-post status-publish format-standard hentry category-faq\" role=\"listitem\">\n\t\t\t\t<div class=\"elementor-post__text\">\n\t\t\t\t<h3 class=\"elementor-post__title\">\n\t\t\t<a href=\"https:\/\/www.weldmc.com\/es\/faq\/welding-rotator-precision-automation-for-industrial-fabrication-expert-faq-guide\/1246\/\" target=\"&quot;_blank&quot;\">\n\t\t\t\tRotador de soldadura: Automatizaci\u00f3n de precisi\u00f3n para la fabricaci\u00f3n industrial Gu\u00eda de preguntas frecuentes para expertos\t\t\t<\/a>\n\t\t<\/h3>\n\t\t\t\t<div class=\"elementor-post__meta-data\">\n\t\t\t\t\t<span class=\"elementor-post-date\">\n\t\t\t23  06,2025\t\t<\/span>\n\t\t\t\t<\/div>\n\t\t\t\t<div class=\"elementor-post__excerpt\">\n\t\t\t<p>Prestaciones t\u00e9cnicas y configuraci\u00f3n P1: \u00bfCu\u00e1l es el alcance m\u00e1ximo del bastidor de rodillos de soldadura? \u00bfSe pueden personalizar tama\u00f1os no est\u00e1ndar? R1: El modelo est\u00e1ndar<\/p>\n\t\t<\/div>\n\t\t\t\t\t<div class=\"elementor-post__read-more-wrapper\">\n\t\t\n\t\t<a class=\"elementor-post__read-more\" href=\"https:\/\/www.weldmc.com\/es\/faq\/welding-rotator-precision-automation-for-industrial-fabrication-expert-faq-guide\/1246\/\" aria-label=\"Read more about Welding Rotator: Precision Automation for Industrial Fabrication Expert FAQ Guide\" tabindex=\"-1\" target=\"_blank\">\n\t\t\tLeer M\u00e1s \"\t\t<\/a>\n\n\t\t\t\t\t<\/div>\n\t\t\t\t<\/div>\n\t\t\t\t<\/article>\n\t\t\t\t<\/div>\n\t\t\n\t\t\t\t\t\t<\/div>\n\t\t\t\t<\/div>\n\t\t\t\t\t<\/div>\n\t\t\t\t<\/div>\n\t\t\t\t<\/div>","protected":false},"excerpt":{"rendered":"<p>PREGUNTAS FRECUENTES<\/p>","protected":false},"author":1,"featured_media":0,"parent":0,"menu_order":0,"comment_status":"closed","ping_status":"closed","template":"elementor_header_footer","meta":{"_acf_changed":false,"footnotes":""},"class_list":["post-311","page","type-page","status-publish","hentry"],"blocksy_meta":[],"acf":[],"_links":{"self":[{"href":"https:\/\/www.weldmc.com\/es\/wp-json\/wp\/v2\/pages\/311","targetHints":{"allow":["GET"]}}],"collection":[{"href":"https:\/\/www.weldmc.com\/es\/wp-json\/wp\/v2\/pages"}],"about":[{"href":"https:\/\/www.weldmc.com\/es\/wp-json\/wp\/v2\/types\/page"}],"author":[{"embeddable":true,"href":"https:\/\/www.weldmc.com\/es\/wp-json\/wp\/v2\/users\/1"}],"replies":[{"embeddable":true,"href":"https:\/\/www.weldmc.com\/es\/wp-json\/wp\/v2\/comments?post=311"}],"version-history":[{"count":61,"href":"https:\/\/www.weldmc.com\/es\/wp-json\/wp\/v2\/pages\/311\/revisions"}],"predecessor-version":[{"id":1270,"href":"https:\/\/www.weldmc.com\/es\/wp-json\/wp\/v2\/pages\/311\/revisions\/1270"}],"wp:attachment":[{"href":"https:\/\/www.weldmc.com\/es\/wp-json\/wp\/v2\/media?parent=311"}],"curies":[{"name":"wp","href":"https:\/\/api.w.org\/{rel}","templated":true}]}}