{"id":998,"date":"2025-05-25T01:06:31","date_gmt":"2025-05-24T17:06:31","guid":{"rendered":"http:\/\/111.170.148.214:8095\/?post_type=product&#038;p=998"},"modified":"2025-10-14T14:58:31","modified_gmt":"2025-10-14T06:58:31","slug":"schweisdrehtischmaschine-10-tonnen","status":"publish","type":"product","link":"https:\/\/www.weldmc.com\/de\/product\/schweisdrehtischmaschine-10-tonnen\/","title":{"rendered":"Schwei\u00dfdrehtischmaschine 10 Tonnen"},"content":{"rendered":"<p><strong><b>WUXI ABK-Schwei\u00dfger\u00e4te: Pr\u00e4zisions-Rotationsl\u00f6sungen<\/b><\/strong><\/p>\n<p><img fetchpriority=\"high\" decoding=\"async\" class=\"\" src=\"https:\/\/www.weldmc.com\/wp-content\/uploads\/2025\/05\/3cc87cef83089b4640b34d1f52f77d4.jpg\" alt=\"Schwei\u00dfdrehtisch\" width=\"706\" height=\"529\" \/><\/p>\n<p class=\"ds-markdown-paragraph\">Unser\u00a0<strong>Schwei\u00dfpositionierer<\/strong>\u00a0liefert un\u00fcbertroffene Pr\u00e4zision f\u00fcr\u00a0<strong>industrielle Fertigung<\/strong>mit\u00a0<strong>programmierbare Drehung<\/strong>\u00a0(0,1-1,2 RPM), um die verschiedenen\u00a0<strong>Schwei\u00dfanwendungen<\/strong>. Entwickelt mit\u00a0<strong>lastoptimierte Konstruktionen<\/strong>unterst\u00fctzt es Standardkapazit\u00e4ten von\u00a0<strong>1 bis 50 Tonnen<\/strong>mit kundenspezifischen Konfigurationen f\u00fcr spezielle Anwendungen\u00a0<strong>Schwei\u00dfautomatisierung<\/strong>\u00a0Bed\u00fcrfnisse.<\/p>\n<p class=\"ds-markdown-paragraph\">Die\u00a0<strong>modularer Arbeitstisch<\/strong>\u00a0passt sich an Baugruppen an, die von\u00a0<strong>800 mm bis 6000 mm im Durchmesser<\/strong>, die Kompatibilit\u00e4t mit\u00a0<strong>Druckbeh\u00e4lter<\/strong>,\u00a0<strong>Stahlbaukomponenten<\/strong>und\u00a0<strong>gro\u00dfe Rohrleitungssysteme<\/strong>. Mit\u00a0<strong>\u00b10,5 mm Wiederholbarkeit<\/strong>garantiert sie pr\u00e4zise\u00a0<strong>Fugenleitsystem<\/strong>kritisch f\u00fcr\u00a0<strong>hochwertige Schwei\u00dfn\u00e4hte<\/strong>\u00a0in\u00a0<strong>Luft- und Raumfahrt<\/strong>,\u00a0<strong>Schiffbau<\/strong>und\u00a0<strong>Schwermaschinenbau<\/strong>.<\/p>\n<p><img decoding=\"async\" class=\"\" src=\"https:\/\/www.weldmc.com\/wp-content\/uploads\/2025\/05\/welding-turntabe_1.jpg\" alt=\"\" width=\"709\" height=\"531\" \/> <img decoding=\"async\" class=\"\" src=\"https:\/\/www.weldmc.com\/wp-content\/uploads\/2025\/05\/welding-turntabe_2.jpg\" alt=\"Schwei\u00dfdrehtisch_30T\" width=\"709\" height=\"399\" \/><\/p>\n<p><strong><b>Industrielle Umsetzung<\/b><\/strong><\/p>\n<p>Der Schwei\u00dfdrehtisch erf\u00fcllt wichtige Funktionen:<\/p>\n<ul>\n<li>Herstellung von zylindrischen Druckbeh\u00e4ltern<\/li>\n<li>Herstellung von Komponenten f\u00fcr den Energiesektor<\/li>\n<li>Herstellung schwerer Stahlkonstruktionen<\/li>\n<li>Anwendungen im Schiffbau<\/li>\n<\/ul>\n<p><img loading=\"lazy\" decoding=\"async\" class=\"\" src=\"https:\/\/www.weldmc.com\/wp-content\/uploads\/2025\/05\/Welding-Turntable-Technical-Advantages_3.png\" alt=\"Schwei\u00dfdrehtisch Technische Vorteile_3\" width=\"749\" height=\"516\" \/> <img decoding=\"async\" src=\"https:\/\/www.weldmc.com\/wp-content\/uploads\/2025\/05\/Welding-Turntable-Technical-Advantages_4.png\" alt=\"Schwei\u00dfdrehtisch Technische Vorteile_4\" \/><\/p>\n<p>Mechanische Zusammensetzung<\/p>\n<ul>\n<li>Verst\u00e4rkter Sockel mit Industrielagern<\/li>\n<li>Antriebssystem mit variabler Frequenz<\/li>\n<li>Auswechselbare Montagefl\u00e4chen<\/li>\n<li>Optionen f\u00fcr sicherheitsbewertete Geh\u00e4use<\/li>\n<\/ul>\n<p><img decoding=\"async\" src=\"https:\/\/www.weldmc.com\/wp-content\/uploads\/2025\/05\/Welding-Turntable-Technical-Advantages_5.png\" alt=\"Schwei\u00dfdrehtisch Technische Vorteile_5\" \/> <img decoding=\"async\" src=\"https:\/\/www.weldmc.com\/wp-content\/uploads\/2025\/05\/Welding-Turntable-Technical-Advantages_6.png\" alt=\"Schwei\u00dfdrehtisch Technische Vorteile_6\" \/><\/p>\n<p><strong><b>Kundenspezifische technische Dienstleistungen<\/b><\/strong><\/p>\n<p>WUXI ABK bietet:<\/p>\n<ul>\n<li>Spezialisierte Oberfl\u00e4chenbehandlungen<\/li>\n<li>Automatisierte Positionsr\u00fcckmeldesysteme<\/li>\n<li>Integrierte Qualit\u00e4ts\u00fcberwachung<\/li>\n<li>Anpassung der Bedieneroberfl\u00e4che<\/li>\n<\/ul>\n<p><img decoding=\"async\" src=\"https:\/\/www.weldmc.com\/wp-content\/uploads\/2025\/05\/Welding-Turntable-Technical-Advantages_7.png\" alt=\"Schwei\u00dfdrehtisch Technische Vorteile_7\" \/> <img loading=\"lazy\" decoding=\"async\" class=\"\" src=\"https:\/\/www.weldmc.com\/wp-content\/uploads\/2025\/05\/Welding-Turntable-Technical-Advantages_8.png\" alt=\"Schwei\u00dfdrehtisch Technische Vorteile_8\" width=\"706\" height=\"517\" \/><\/p>\n<p><strong><b>Exzellente Fertigung<\/b><\/strong><\/p>\n<p>Unsere Rotationssysteme zeichnen sich aus:<\/p>\n<ul>\n<li>ISO-zertifizierte Produktionsprozesse<\/li>\n<li>Tests zur Leistungsvalidierung<\/li>\n<li>Erweiterte Serviceabdeckung<\/li>\n<li>Globales Netz f\u00fcr technische Unterst\u00fctzung<\/li>\n<\/ul>\n<table>\n<tbody>\n<tr>\n<td colspan=\"3\" width=\"599\"><strong>Modell<\/strong><\/td>\n<td width=\"354\"><strong>HB-<\/strong><strong>10<\/strong><strong>0<\/strong><\/td>\n<\/tr>\n<tr>\n<td width=\"363\"><strong>Tragf\u00e4higkeit<\/strong><\/td>\n<td width=\"127\">(KG)<\/td>\n<td width=\"109\"><\/td>\n<td width=\"354\">10000<\/td>\n<\/tr>\n<tr>\n<td width=\"363\"><strong>Rotationsgeschwindigkeit<\/strong><\/td>\n<td width=\"127\">(RPM)<\/td>\n<td width=\"109\"><\/td>\n<td width=\"354\">0.05-0.5<\/td>\n<\/tr>\n<tr>\n<td width=\"363\"><strong>Gr\u00f6\u00dfe des Arbeitstisches<\/strong><strong>\u00a0Durchmesser<\/strong><\/td>\n<td width=\"127\">(MM)<\/td>\n<td width=\"109\"><\/td>\n<td width=\"354\">2000<\/td>\n<\/tr>\n<tr>\n<td width=\"363\"><strong>P<\/strong><strong>ower<\/strong><\/td>\n<td width=\"127\">(KW)<\/td>\n<td width=\"109\"><\/td>\n<td width=\"354\">2.2<\/td>\n<\/tr>\n<tr>\n<td width=\"363\"><strong>Stromversorgung<\/strong><\/td>\n<td width=\"127\">(V)<\/td>\n<td width=\"109\">50Hz 3\u0278<\/td>\n<td width=\"354\">380<\/td>\n<\/tr>\n<tr>\n<td width=\"363\"><strong>Geschwindigkeitsregulierender Typ<\/strong><\/td>\n<td width=\"127\"><\/td>\n<td width=\"109\"><\/td>\n<td width=\"354\">AC-Frequenz stufenlose Drehzahlregelung<\/td>\n<\/tr>\n<tr>\n<td colspan=\"4\" width=\"954\">Hinweis: Alle Angaben beziehen sich auf die Standardausr\u00fcstung, die je nach Kundenanforderung ge\u00e4ndert werden kann.<\/td>\n<\/tr>\n<\/tbody>\n<\/table>\n<p><iframe title=\"YouTube-Video-Player\" src=\"https:\/\/www.youtube.com\/embed\/ogA4Xe60nSw?si=kQldmzj4am4dQamH\" width=\"560\" height=\"315\" frameborder=\"0\" allowfullscreen=\"allowfullscreen\"><\/iframe><\/p>\n<p><strong><b>Beschreibung von Welding <\/b><\/strong><strong><b>Drehscheibe<\/b><\/strong><\/p>\n<p>Eine rotierende Pr\u00e4zisionsplattform zum Schwei\u00dfen kleiner bis mittelgro\u00dfer Werkst\u00fccke wie Rohre, Flansche und Metallstrukturen.<\/p>\n<p>\u2714 360\u00b0 sanfte Drehung - Schwei\u00dfen auf allen Seiten ohne Neupositionierung<\/p>\n<p>\u2714 Einstellbare Geschwindigkeit (1-10 RPM) f\u00fcr eine perfekte Nahtkonsistenz<\/p>\n<p>\u2714 Robuste Bauweise - tr\u00e4gt bis zu 500 kg bei stabilem Betrieb<\/p>\n<p>\u2714 Zeitersparnis - 50% weniger Schwei\u00dfarbeit als bei manuellen Methoden<\/p>\n<p><strong><b>Technologie Funcation<\/b><\/strong><\/p>\n<table>\n<tbody>\n<tr>\n<td>- Bew\u00e4hrtes Design<\/td>\n<td>- Zuverl\u00e4ssige Qualit\u00e4t<\/td>\n<\/tr>\n<tr>\n<td>- Renommierte Teile<\/td>\n<td>- Steuerung des Wechselrichters<\/td>\n<\/tr>\n<tr>\n<td>- Direktes Antriebssystem<\/td>\n<td>- Motorisiertes Fahren m\u00f6glich<\/td>\n<\/tr>\n<tr>\n<td>- Ma\u00dfgeschneidertes Design auf Bestellung<\/td>\n<td>- ERSTAUSR\u00dcSTER<\/td>\n<\/tr>\n<\/tbody>\n<\/table>\n<p><img decoding=\"async\" src=\"https:\/\/www.weldmc.com\/wp-content\/uploads\/2025\/05\/Welding-Turntable-Technology-Funcation.png\" alt=\"Schwei\u00dfen Drehtisch Technologie Funcation\" \/><\/p>\n<p><strong><b>Parameterliste des konventionellen Schwei\u00dfdrehtisches\u00a0<\/b><\/strong><\/p>\n<p><img decoding=\"async\" src=\"https:\/\/www.weldmc.com\/wp-content\/uploads\/2025\/05\/Parameter-list-of-conventional-Welding-Turntable-.png\" alt=\"Parameterliste des konventionellen Schwei\u00dfdrehtisches\u00a0\" \/><\/p>\n<p class=\"ds-markdown-paragraph\">Die\u00a0<strong>WUXI ABK 10-Tonnen-Schwei\u00dfdrehtisch<\/strong>\u00a0ist auf Pr\u00e4zision ausgelegt\u00a0<strong>Schwei\u00dfautomatisierung<\/strong>\u00a0in der industriellen Fertigung, mit einem\u00a0<strong>Multi-Position T-Nut Arbeitstisch<\/strong>\u00a0mit sechs hochbelastbaren 14-mm-Schlitzen (je 5000N Spannkraft) f\u00fcr eine sichere Werkst\u00fcckfixierung. Sein\u00a0<strong>verst\u00e4rkte Stahlkonstruktion<\/strong>\u00a0mit sechs hochfesten St\u00fctzrippen und milit\u00e4rtauglichen Schwei\u00dfn\u00e4hten, die gew\u00e4hrleisten\u00a0<strong>&lt;0,08mm\/m\u00b2 Verformungswiderstand<\/strong>\u00a0unter Last.<\/p>\n<p class=\"ds-markdown-paragraph\">Die\u00a0<strong>Premium-Schneckenradgetriebe<\/strong>\u00a0liefert\u00a0<strong>ISO 5-Grad-Genauigkeit<\/strong>\u00a0mit spielfreiem Betrieb, unterst\u00fctzt durch eine\u00a0<strong>10.000+ Stunden Lebensdauer<\/strong>. Die\u00a0<strong>stufenlose Drehzahlregelung<\/strong>\u00a0System (0,5-15 RPM, \u00b11% Genauigkeit) wird \u00fcber einen\u00a0<strong>intelligentes digitales Panel<\/strong>, w\u00e4hrend die\u00a0<strong>stabilisierter Schwerlastboden<\/strong>\u00a0(200mm Stahlplatte, 8-Punkt-Nivellierung) minimiert die Vibrationen (&lt;0,01mm).<\/p>\n<p class=\"ds-markdown-paragraph\"><strong>Die wichtigsten Vorteile f\u00fcr die Schwei\u00dfautomation:<\/strong><\/p>\n<ul>\n<li>\n<p class=\"ds-markdown-paragraph\"><strong>40% schneller einrichten<\/strong>\u00a0mit One-Touch-Bedienung<\/p>\n<\/li>\n<li>\n<p class=\"ds-markdown-paragraph\"><strong>60% weniger Werkst\u00fcckverformung<\/strong>\u00a0im Vergleich zu herk\u00f6mmlichen Plattenspielern<\/p>\n<\/li>\n<li>\n<p class=\"ds-markdown-paragraph\"><strong>30% verl\u00e4ngerte Lebensdauer<\/strong>\u00a0mit automatischer Schmierungswarnung<\/p>\n<\/li>\n<\/ul>\n<p class=\"ds-markdown-paragraph\"><strong>Ideal f\u00fcr:<\/strong><br \/>\n\u2714\u00a0<strong>Schwei\u00dfroboterzellen<\/strong><br \/>\n\u2714\u00a0<strong>Herstellung von Rohrflanschen<\/strong><br \/>\n\u2714\u00a0<strong>Montage von Stahlkonstruktionen<\/strong><br \/>\n\u2714\u00a0<strong>Druckbeh\u00e4lterbau<\/strong><\/p>\n<p>1. Gro\u00dfw\u00e4lzlager<\/p>\n<p><img decoding=\"async\" src=\"https:\/\/www.weldmc.com\/wp-content\/uploads\/2025\/05\/Slewing-bearing.png\" alt=\"Gro\u00dfw\u00e4lzlager\" \/><\/p>\n<p>Seine Hauptfunktion besteht darin, mit Hilfe von Schrauben an den oberen und unteren Halterungen der mechanischen Ausr\u00fcstung befestigt zu werden, um Kraft und Antrieb zu \u00fcbertragen und so die relative Drehung zwischen den beiden Teilen der mechanischen Ausr\u00fcstung zu realisieren. Es hat die Eigenschaften der kompakten Struktur, geringes Gewicht, gute Stahlkonstruktion, reibungslosen Betrieb, hohe Genauigkeit, Sicherheit und Zuverl\u00e4ssigkeit.<br \/>\nGro\u00dfw\u00e4lzlager sind ein Grundbestandteil der mechanischen Ausr\u00fcstung und werden in verschiedenen Industriezweigen der Volkswirtschaft weit verbreitet. Es ist weit verbreitet in Baumaschinen, Hafenmaschinen, metallurgische Maschinen, Bergbaumaschinen, Erd\u00f6lmaschinen, chemische Maschinen, medizinische Ger\u00e4te, Schiffsmaschinen, leichte Industriemaschinen, Umweltschutzmaschinen, Unterhaltungsger\u00e4te, Transportmaschinen Ausr\u00fcstung.Swing unterst\u00fctzt werden zunehmend in Energieeinsparung und Umweltschutz-Projekte, wie Windkraftanlagen, die eine Vielzahl von Pr\u00e4zisions-Pol Swing Support Kits erfordern.<\/p>\n<ol start=\"2\">\n<li>Getriebe<\/li>\n<\/ol>\n<p><img decoding=\"async\" src=\"https:\/\/www.weldmc.com\/wp-content\/uploads\/2025\/05\/Gear_1.png\" alt=\"Getriebe_1\" \/><\/p>\n<p>Ein Zahnrad ist ein rad\u00e4hnliches mechanisches Teil, das das Drehmoment durch den Eingriff der Z\u00e4hne \u00fcbertr\u00e4gt. Durch die \u00dcbertragung mit anderen gezahnten mechanischen Teilen (wie z. B. einem anderen Zahnrad, einer Dao-Zahnstange und einer Schnecke) kann das Zahnrad die Geschwindigkeit und das Drehmoment \u00e4ndern, die Bewegungsrichtung \u00e4ndern und die Bewegungsform \u00e4ndern.<\/p>\n<p><img decoding=\"async\" src=\"https:\/\/www.weldmc.com\/wp-content\/uploads\/2025\/05\/Gear_2.png\" alt=\"Getriebe_2\" \/><\/p>\n<p>3. die Reduktion<\/p>\n<p><img decoding=\"async\" src=\"https:\/\/www.weldmc.com\/wp-content\/uploads\/2025\/05\/Reducer-1.png\" alt=\"Reduzierst\u00fcck\" \/><\/p>\n<p>Das Untersetzungsgetriebe ist eine Art Kraft\u00fcbertragungsmechanismus, der den Drehzahlwandler des Getriebes verwendet, um die Drehzahl des Motors auf die erforderliche Drehzahl zu reduzieren und eine Struktur mit gro\u00dfem Drehmoment zu erhalten.<\/p>\n<p>Funktion des Untersetzungsgetriebes: Verringern der Geschwindigkeit und gleichzeitiges Erh\u00f6hen des Ausgangsdrehmoments. Das Ausgangsdrehmoment wird mit dem Verz\u00f6gerungsverh\u00e4ltnis des Motors multipliziert, darf jedoch das Nenndrehmoment des Untersetzungsgetriebes nicht \u00fcberschreiten.<\/p>\n<p>4. Motor<\/p>\n<p><img decoding=\"async\" src=\"https:\/\/www.weldmc.com\/wp-content\/uploads\/2025\/05\/Motor_2.png\" alt=\"Motor_2\" \/> <img decoding=\"async\" src=\"https:\/\/www.weldmc.com\/wp-content\/uploads\/2025\/05\/Motor_1.png\" alt=\"Motor_1\" \/><\/p>\n<p><strong><b>Schwei\u00dfen <\/b><\/strong><strong><b>Drehscheibe<\/b><\/strong><strong><b>\u00a0Leitlinien f\u00fcr die Instandhaltung<\/b><\/strong><\/p>\n<p><strong><b>Grundlegende Wartungsinhalte<\/b><\/strong><\/p>\n<p>T\u00e4gliche Wartung - Reinigung der Schwei\u00dfschlacke, \u00dcberpr\u00fcfung der Schmierung und der elektrischen Sicherheit.<\/p>\n<p>Regelm\u00e4\u00dfige Wartung - Schrauben nachziehen, Getriebemechanismus pr\u00fcfen und Sicherheitsfunktion testen.<\/p>\n<p>Umfassende Wartung - j\u00e4hrlicher Austausch verschlissener Teile, Nachschmierung und Systemkalibrierung<\/p>\n<p>Fehlerfr\u00fchwarnung - Sofortiges Anhalten, wenn abnormale Ger\u00e4usche\/ungleichm\u00e4\u00dfige Drehung auftreten.<\/p>\n<p><strong><b>Wert erhalten<\/b><\/strong><\/p>\n<ul>\n<li>Verl\u00e4ngern Sie die Lebensdauer von Ger\u00e4ten um mehr als 30%<\/li>\n<li>Verringerung pl\u00f6tzlicher Ausfallzeiten<\/li>\n<li>Gew\u00e4hrleisten Sie die Stabilit\u00e4t der Schwei\u00dfgenauigkeit.<\/li>\n<\/ul>\n<p><strong><b>Produktzertifizierung<\/b><\/strong><br \/>\nSteigen Sie mit unseren innovativen L\u00f6sungen in die Zukunft der Schwei\u00dftechnik ein.<br \/>\nVon automatisierten Prozessen bis hin zu intuitiven Steuerungen stehen unsere Produkte an der Spitze der Innovation und geben Ihnen die Werkzeuge an die Hand, die Sie brauchen, um auf dem heutigen wettbewerbsorientierten Markt die Nase vorn zu haben!<\/p>\n<p><img decoding=\"async\" src=\"https:\/\/www.weldmc.com\/wp-content\/uploads\/2025\/05\/Product-certification.png\" alt=\"Produktzertifizierung\" \/><\/p>\n<p>Wuxi ABK Machinery Co.Ltd ist ein professioneller Hersteller von Schwei\u00dfrotatoren in China. Und unser Schwei\u00dfrotator umfasst haupts\u00e4chlich Standard-Schwei\u00dfrotator, einstellbarer Schwei\u00dfrotator und spezieller Schwei\u00dfrotator. Wir k\u00f6nnen unseren Kunden auf der ganzen Welt auch viele andere Produkte anbieten, einschlie\u00dflich Schwei\u00dfdrehtisch, Pfahlschwei\u00dfmaschine, Windturm-Produktionslinie, H-Tr\u00e4ger-Schwei\u00dflinie, Rohrschwei\u00dfausr\u00fcstung, CNC-Schneidemaschine, Schleifmaschine, Walzprofiliermaschine, Blechbiegemaschine, etc. Wir haben die ISO- und CE-Zertifizierung erhalten und bieten auch OEM-Service an.<\/p>","protected":false},"excerpt":{"rendered":"<p><strong>WUXI ABK 10-Tonnen-Schwei\u00dfdrehtisch<\/strong>\u00a0liefert Pr\u00e4zisionsrotation mit stufenloser Geschwindigkeitsregelung von 0,5-15 U\/min. Verf\u00fcgt \u00fcber einen hochbelastbaren T-Nut-Arbeitstisch (5000N\/Nut), ein Schneckengetriebe in ISO-Qualit\u00e4t und eine vibrationsfreie Basis. Ideal f\u00fcr das Roboterschwei\u00dfen und die Fertigung von Strukturen. \u00b11% Geschwindigkeitsgenauigkeit, &lt;0,08mm\/m\u00b2 Verformung. 2 Jahre Garantie.<\/p>","protected":false},"featured_media":2056,"comment_status":"open","ping_status":"closed","template":"","meta":{"_acf_changed":false},"product_brand":[],"product_cat":[21,29,38],"product_tag":[],"class_list":{"0":"post-998","1":"product","2":"type-product","3":"status-publish","4":"has-post-thumbnail","6":"product_cat-welding-automation","7":"product_cat-welding-positioner","8":"product_cat-welding-turntable","10":"first","11":"instock","12":"shipping-taxable","13":"product-type-simple"},"acf":[],"_links":{"self":[{"href":"https:\/\/www.weldmc.com\/de\/wp-json\/wp\/v2\/product\/998","targetHints":{"allow":["GET"]}}],"collection":[{"href":"https:\/\/www.weldmc.com\/de\/wp-json\/wp\/v2\/product"}],"about":[{"href":"https:\/\/www.weldmc.com\/de\/wp-json\/wp\/v2\/types\/product"}],"replies":[{"embeddable":true,"href":"https:\/\/www.weldmc.com\/de\/wp-json\/wp\/v2\/comments?post=998"}],"wp:featuredmedia":[{"embeddable":true,"href":"https:\/\/www.weldmc.com\/de\/wp-json\/wp\/v2\/media\/2056"}],"wp:attachment":[{"href":"https:\/\/www.weldmc.com\/de\/wp-json\/wp\/v2\/media?parent=998"}],"wp:term":[{"taxonomy":"product_brand","embeddable":true,"href":"https:\/\/www.weldmc.com\/de\/wp-json\/wp\/v2\/product_brand?post=998"},{"taxonomy":"product_cat","embeddable":true,"href":"https:\/\/www.weldmc.com\/de\/wp-json\/wp\/v2\/product_cat?post=998"},{"taxonomy":"product_tag","embeddable":true,"href":"https:\/\/www.weldmc.com\/de\/wp-json\/wp\/v2\/product_tag?post=998"}],"curies":[{"name":"wp","href":"https:\/\/api.w.org\/{rel}","templated":true}]}}