{"id":995,"date":"2025-05-25T00:57:10","date_gmt":"2025-05-24T16:57:10","guid":{"rendered":"http:\/\/111.170.148.214:8095\/?post_type=product&#038;p=995"},"modified":"2025-10-14T15:00:18","modified_gmt":"2025-10-14T07:00:18","slug":"automatic-welding-turntable-300kg","status":"publish","type":"product","link":"https:\/\/www.weldmc.com\/de\/product\/automatic-welding-turntable-300kg\/","title":{"rendered":"Automatischer Schwei\u00dfdrehtisch 300kg"},"content":{"rendered":"<p><strong><b>WUXI ABK-Schwei\u00dfger\u00e4te: Pr\u00e4zisions-Rotationsl\u00f6sungen<\/b><\/strong><\/p>\n<p><img fetchpriority=\"high\" decoding=\"async\" class=\"\" src=\"https:\/\/www.weldmc.com\/wp-content\/uploads\/2025\/05\/3cc87cef83089b4640b34d1f52f77d4.jpg\" alt=\"Schwei\u00dfdrehtisch\" width=\"705\" height=\"528\" \/><\/p>\n<p><strong><b>Technische Vorteile<\/b><\/strong><\/p>\n<p>\u2714 Programmierbare Rotation - Digitale Steuerung h\u00e4lt 0,1-1,2 RPM f\u00fcr verschiedene Verbindungsanforderungen aufrecht<\/p>\n<p>\u2714 Lastoptimiert - Standardm\u00e4\u00dfig 1-50 Tonnen Kapazit\u00e4t mit kundenspezifischen Konfigurationen verf\u00fcgbar<\/p>\n<p>\u2714 Anpassungsf\u00e4hige Oberfl\u00e4che - Modularer Arbeitstisch f\u00fcr Baugruppen mit einem Durchmesser von 800-6000mm<\/p>\n<p>\u2714 Pr\u00e4zisionsbewegung - \u00b10,5 mm Wiederholgenauigkeit garantiert Gelenkgenauigkeit<\/p>\n<p><img decoding=\"async\" class=\"\" src=\"https:\/\/www.weldmc.com\/wp-content\/uploads\/2025\/05\/Welding-Turntable-Technical-Advantages_1.png\" alt=\"Schwei\u00dfdrehtisch Technische Vorteile_1\" width=\"709\" height=\"501\" \/> <img decoding=\"async\" class=\"\" src=\"https:\/\/www.weldmc.com\/wp-content\/uploads\/2025\/05\/Welding-Turntable-Technical-Advantages_2.png\" alt=\"Schweissdrehtisch Technische Vorteile_2\" width=\"706\" height=\"397\" \/><\/p>\n<p class=\"ds-markdown-paragraph\">Die\u00a0<strong>WUXI ABK 300kg welding turntable<\/strong>\u00a0delivers precision rotation for industrial fabrication, particularly in\u00a0<strong>Druckbeh\u00e4lterschwei\u00dfen<\/strong>,\u00a0<strong>Herstellung von Energieausr\u00fcstungen<\/strong>und\u00a0<strong>marine component production<\/strong>. Its heavy-duty design features a\u00a0<strong>reinforced steel base<\/strong>\u00a0with industrial-grade bearings, ensuring stability during\u00a0<strong>high-precision welding operations<\/strong>. Die\u00a0<strong>Antriebssystem mit variabler Frequenz<\/strong>\u00a0enables smooth speed adjustment from 0.1\u20135 RPM, while\u00a0<strong>interchangeable mounting surfaces<\/strong>\u00a0accommodate diverse workpiece geometries.<\/p>\n<p class=\"ds-markdown-paragraph\"><strong>Key Features Include:<\/strong><\/p>\n<ul>\n<li>\n<p class=\"ds-markdown-paragraph\"><strong>Sicherheitskapselungen<\/strong>\u00a0(IP54 optional) for hazardous environments<\/p>\n<\/li>\n<li>\n<p class=\"ds-markdown-paragraph\"><strong>Automated position feedback<\/strong>\u00a0(\u00b10.2\u00b0 accuracy) for robotic welding integration<\/p>\n<\/li>\n<li>\n<p class=\"ds-markdown-paragraph\"><strong>Custom surface treatments<\/strong>\u00a0(e.g., Teflon-coated or hardened steel platens)<\/p>\n<\/li>\n<\/ul>\n<p class=\"ds-markdown-paragraph\"><strong>Technische Daten:<\/strong><\/p>\n<ul>\n<li>\n<p class=\"ds-markdown-paragraph\"><strong>Tragf\u00e4higkeit<\/strong>: 300kg (customizable to 500kg)<\/p>\n<\/li>\n<li>\n<p class=\"ds-markdown-paragraph\"><strong>Drive System<\/strong>: Servo motor with planetary reducer<\/p>\n<\/li>\n<li>\n<p class=\"ds-markdown-paragraph\"><strong>Steuerschnittstelle<\/strong>: Siemens PLC with HMI touchscreen<\/p>\n<\/li>\n<li>\n<p class=\"ds-markdown-paragraph\"><strong>Compliance<\/strong>: CE, ISO 9001, and ASME Section VIII<\/p>\n<\/li>\n<\/ul>\n<p class=\"ds-markdown-paragraph\"><strong>Anwendungen:<\/strong><br \/>\n\u2713\u00a0<strong>Cylindrical tank girth welding<\/strong><br \/>\n\u2713\u00a0<strong>Wind tower flange fabrication<\/strong><br \/>\n\u2713\u00a0<strong>Shipbuilding component assembly<\/strong><\/p>\n<p class=\"ds-markdown-paragraph\"><strong>Warum WUXI ABK w\u00e4hlen?<\/strong><\/p>\n<ul>\n<li>\n<p class=\"ds-markdown-paragraph\"><strong>20+ Jahre<\/strong>\u00a0in\u00a0<strong>welding positioner manufacturing<\/strong><\/p>\n<\/li>\n<li>\n<p class=\"ds-markdown-paragraph\"><strong>Global support network<\/strong>\u00a0with 24\/7 technical assistance<\/p>\n<\/li>\n<li>\n<p class=\"ds-markdown-paragraph\"><strong>3 Jahre Garantie<\/strong>\u00a0on critical components<\/p>\n<\/li>\n<\/ul>\n<table>\n<tbody>\n<tr>\n<td colspan=\"3\" width=\"599\"><strong><b>Beschreibung der<\/b><\/strong><strong><b>\u00a0<\/b><\/strong><strong><b>HB-Serie<\/b><\/strong><strong><b>\u00a0<\/b><\/strong><strong><b>Schwei\u00dfen <\/b><\/strong><strong><b>Drehscheibe<\/b><\/strong><strong><b>:<\/b><\/strong><br \/>\nWUXI ABK-Schwei\u00dfger\u00e4te: Pr\u00e4zisions-Rotationsl\u00f6sungen<\/td>\n<td width=\"354\"><strong>HB-<\/strong><strong>0<\/strong><strong>3<\/strong><\/td>\n<\/tr>\n<tr>\n<td width=\"402\"><strong>Tragf\u00e4higkeit<\/strong><\/td>\n<td width=\"99\">(KG)<\/td>\n<td width=\"98\"><\/td>\n<td width=\"354\">300<\/td>\n<\/tr>\n<tr>\n<td width=\"402\"><strong>Rotationsgeschwindigkeit<\/strong><\/td>\n<td width=\"99\">(RPM)<\/td>\n<td width=\"98\"><\/td>\n<td width=\"354\">0.1-1<\/td>\n<\/tr>\n<tr>\n<td width=\"402\"><strong>Gr\u00f6\u00dfe des Arbeitstisches<\/strong><strong>\u00a0Durchmesser<\/strong><\/td>\n<td width=\"99\">(MM)<\/td>\n<td width=\"98\"><\/td>\n<td width=\"354\">600<\/td>\n<\/tr>\n<tr>\n<td width=\"402\"><strong>P<\/strong><strong>ower<\/strong><\/td>\n<td width=\"99\">(KW)<\/td>\n<td width=\"98\"><\/td>\n<td width=\"354\">0.37<\/td>\n<\/tr>\n<tr>\n<td width=\"402\"><strong>Stromversorgung<\/strong><\/td>\n<td width=\"99\">(V)<\/td>\n<td width=\"98\">50Hz 3\u0278<\/td>\n<td width=\"354\">380\u00a0\u00a0(Determined according to customer needs)<\/td>\n<\/tr>\n<tr>\n<td width=\"402\"><strong>Geschwindigkeitsregulierender Typ<\/strong><\/td>\n<td width=\"99\"><\/td>\n<td width=\"98\"><\/td>\n<td width=\"354\">AC-Frequenz stufenlose Drehzahlregelung<\/td>\n<\/tr>\n<tr>\n<td colspan=\"4\" width=\"954\">Hinweis: Alle Angaben beziehen sich auf die Standardausr\u00fcstung, die je nach Kundenanforderung ge\u00e4ndert werden kann.<\/td>\n<\/tr>\n<\/tbody>\n<\/table>\n<p><iframe title=\"YouTube-Video-Player\" src=\"https:\/\/www.youtube.com\/embed\/ogA4Xe60nSw?si=kQldmzj4am4dQamH\" width=\"560\" height=\"315\" frameborder=\"0\" allowfullscreen=\"allowfullscreen\"><\/iframe><\/p>\n<p class=\"ds-markdown-paragraph\">Die\u00a0<strong>WUXI ABK 300kg Schweissdrehtisch<\/strong>\u00a0is a precision rotating platform designed for\u00a0<strong>small to medium workpiece welding<\/strong>einschlie\u00dflich\u00a0<strong>Rohre, Flansche und Metallkonstruktionen<\/strong>. Seine\u00a0<strong>360\u00b0 stufenlose Drehung<\/strong>\u00a0enables all-around welding without repositioning, while the\u00a0<strong>adjustable speed (1-10 RPM)<\/strong>\u00a0ensures consistent seam quality. Built with a\u00a0<strong>heavy-duty steel frame<\/strong>, it supports up to\u00a0<strong>500kg<\/strong>\u00a0for stable operation, reducing\u00a0<strong>welding labor time by 50%<\/strong>\u00a0compared to manual methods.<\/p>\n<p class=\"ds-markdown-paragraph\"><strong>Hauptmerkmale:<\/strong><\/p>\n<ul>\n<li>\n<p class=\"ds-markdown-paragraph\"><strong>Multi-Position T-Slot Arbeitstisch<\/strong>: Six 14mm T-slots provide\u00a0<strong>5000N clamping force per slot<\/strong>\u00a0for secure workpiece fixation.<\/p>\n<\/li>\n<li>\n<p class=\"ds-markdown-paragraph\"><strong>Reinforced Steel Construction<\/strong>: Six high-rigidity support ribs and military-grade welding seams ensure\u00a0<strong>&lt;0,08mm\/m\u00b2 Verformungswiderstand<\/strong>.<\/p>\n<\/li>\n<li>\n<p class=\"ds-markdown-paragraph\"><strong>Precision Worm Gear Transmission<\/strong>: ISO 5-grade ground gears deliver\u00a0<strong>zero-backlash operation<\/strong>\u00a0mit einer\u00a0<strong>10.000+ Stunden Lebensdauer<\/strong>.<\/p>\n<\/li>\n<li>\n<p class=\"ds-markdown-paragraph\"><strong>Stufenlose Drehzahlregelung<\/strong>: Digital control allows\u00a0<strong>0.5-15 RPM adjustment<\/strong>\u00a0mit\u00a0<strong>\u00b11% Geschwindigkeitsgenauigkeit<\/strong>.<\/p>\n<\/li>\n<li>\n<p class=\"ds-markdown-paragraph\"><strong>Stabilisierte Schwerlast-Basis<\/strong>: A\u00a0<strong>200mm steel plate foundation<\/strong>\u00a0with an 8-point leveling system minimizes vibration (<strong>&lt;0.01mm<\/strong>).<\/p>\n<\/li>\n<\/ul>\n<p class=\"ds-markdown-paragraph\"><strong>Leistungsvorteile:<\/strong><br \/>\n\u2713\u00a0<strong>40% schneller einrichten<\/strong>\u00a0than conventional turntables<br \/>\n\u2713\u00a0<strong>60% weniger Werkst\u00fcckverformung<\/strong>\u00a0due to rigid construction<br \/>\n\u2713\u00a0<strong>30% l\u00e4ngere Lebensdauer<\/strong>\u00a0with premium components<\/p>\n<p class=\"ds-markdown-paragraph\"><strong>Anwendungen:<\/strong>\u00a0Ideal for\u00a0<strong>pipe welding, flange fabrication, and structural assembly<\/strong>\u00a0in\u00a0<strong>automotive, machinery, and construction industries<\/strong>.<\/p>\n<p class=\"ds-markdown-paragraph\"><strong>Warum WUXI ABK w\u00e4hlen?<\/strong><\/p>\n<ul>\n<li>\n<p class=\"ds-markdown-paragraph\"><strong>CE- und ISO-zertifiziert<\/strong>\u00a0f\u00fcr die Qualit\u00e4tssicherung<\/p>\n<\/li>\n<li>\n<p class=\"ds-markdown-paragraph\"><strong>Customizable designs<\/strong>\u00a0(OEM support available)<\/p>\n<\/li>\n<li>\n<p class=\"ds-markdown-paragraph\"><strong>24\/7 technical service<\/strong>\u00a0and spare parts supply<\/p>\n<\/li>\n<\/ul>\n<p class=\"ds-markdown-paragraph\">Engineered for efficiency and durability, the\u00a0<strong>WUXI ABK 300kg Schweissdrehtisch<\/strong>\u00a0steigert die Produktivit\u00e4t in\u00a0<strong>precision welding applications<\/strong>.<\/p>\n<p>1. Gro\u00dfw\u00e4lzlager<\/p>\n<p><img loading=\"lazy\" decoding=\"async\" class=\"alignnone wp-image-876\" src=\"http:\/\/111.170.148.214:8095\/wp-content\/uploads\/2025\/05\/Slewing-bearing.jpg\" alt=\"Gro\u00dfw\u00e4lzlager\" width=\"800\" height=\"746\" \/><\/p>\n<p>Seine Hauptfunktion besteht darin, mit Hilfe von Schrauben an den oberen und unteren Halterungen der mechanischen Ausr\u00fcstung befestigt zu werden, um Kraft und Antrieb zu \u00fcbertragen und so die relative Drehung zwischen den beiden Teilen der mechanischen Ausr\u00fcstung zu realisieren. Es hat die Eigenschaften der kompakten Struktur, geringes Gewicht, gute Stahlkonstruktion, reibungslosen Betrieb, hohe Genauigkeit, Sicherheit und Zuverl\u00e4ssigkeit.<br \/>\nGro\u00dfw\u00e4lzlager sind ein Grundbestandteil der mechanischen Ausr\u00fcstung und werden in verschiedenen Industriezweigen der Volkswirtschaft weit verbreitet. Es ist weit verbreitet in Baumaschinen, Hafenmaschinen, metallurgische Maschinen, Bergbaumaschinen, Erd\u00f6lmaschinen, chemische Maschinen, medizinische Ger\u00e4te, Schiffsmaschinen, leichte Industriemaschinen, Umweltschutzmaschinen, Unterhaltungsger\u00e4te, Transportmaschinen Ausr\u00fcstung.Swing unterst\u00fctzt werden zunehmend in Energieeinsparung und Umweltschutz-Projekte, wie Windkraftanlagen, die eine Vielzahl von Pr\u00e4zisions-Pol Swing Support Kits erfordern.<\/p>\n<ol start=\"2\">\n<li>Getriebe<\/li>\n<\/ol>\n<p><img loading=\"lazy\" decoding=\"async\" class=\"alignnone wp-image-854\" src=\"http:\/\/111.170.148.214:8095\/wp-content\/uploads\/2025\/05\/5-Tons-3-Axis-Positioner-Gear.jpg\" alt=\"Positioner Gear\" width=\"800\" height=\"493\" \/><\/p>\n<p>Ein Zahnrad ist ein rad\u00e4hnliches mechanisches Teil, das das Drehmoment durch den Eingriff der Z\u00e4hne \u00fcbertr\u00e4gt. Durch die \u00dcbertragung mit anderen gezahnten mechanischen Teilen (wie z. B. einem anderen Zahnrad, einer Dao-Zahnstange und einer Schnecke) kann das Zahnrad die Geschwindigkeit und das Drehmoment \u00e4ndern, die Bewegungsrichtung \u00e4ndern und die Bewegungsform \u00e4ndern.<\/p>\n<p><img loading=\"lazy\" decoding=\"async\" class=\"alignnone wp-image-878\" src=\"http:\/\/111.170.148.214:8095\/wp-content\/uploads\/2025\/05\/Gear-1.jpg\" alt=\"Getriebe-1\" width=\"800\" height=\"598\" \/><\/p>\n<p>3. die Reduktion<\/p>\n<p><img loading=\"lazy\" decoding=\"async\" class=\"alignnone wp-image-879\" src=\"http:\/\/111.170.148.214:8095\/wp-content\/uploads\/2025\/05\/Reducer.jpg\" alt=\"Reduzierst\u00fcck\" width=\"800\" height=\"529\" \/><\/p>\n<p>Das Untersetzungsgetriebe ist eine Art Kraft\u00fcbertragungsmechanismus, der den Drehzahlwandler des Getriebes verwendet, um die Drehzahl des Motors auf die erforderliche Drehzahl zu reduzieren und eine Struktur mit gro\u00dfem Drehmoment zu erhalten.<\/p>\n<p>Funktion des Untersetzungsgetriebes: Verringern der Geschwindigkeit und gleichzeitiges Erh\u00f6hen des Ausgangsdrehmoments. Das Ausgangsdrehmoment wird mit dem Verz\u00f6gerungsverh\u00e4ltnis des Motors multipliziert, darf jedoch das Nenndrehmoment des Untersetzungsgetriebes nicht \u00fcberschreiten.<\/p>\n<p>4. Motor<\/p>\n<p><img loading=\"lazy\" decoding=\"async\" class=\"alignnone wp-image-875\" src=\"http:\/\/111.170.148.214:8095\/wp-content\/uploads\/2025\/05\/Motor.jpg\" alt=\"Motor\" width=\"800\" height=\"312\" \/><\/p>\n<p><img loading=\"lazy\" decoding=\"async\" class=\"alignnone wp-image-877\" src=\"http:\/\/111.170.148.214:8095\/wp-content\/uploads\/2025\/05\/Motor-1.jpg\" alt=\"Motor-1\" width=\"800\" height=\"601\" \/><\/p>\n<p><strong><b>Schwei\u00dfen <\/b><\/strong><strong><b>Drehscheibe<\/b><\/strong><strong><b>\u00a0Leitlinien f\u00fcr die Instandhaltung<\/b><\/strong><\/p>\n<p><strong><b>Grundlegende Wartungsinhalte<\/b><\/strong><\/p>\n<p>T\u00e4gliche Wartung - Reinigung der Schwei\u00dfschlacke, \u00dcberpr\u00fcfung der Schmierung und der elektrischen Sicherheit.<\/p>\n<p>Regelm\u00e4\u00dfige Wartung - Schrauben nachziehen, Getriebemechanismus pr\u00fcfen und Sicherheitsfunktion testen.<\/p>\n<p>Umfassende Wartung - j\u00e4hrlicher Austausch verschlissener Teile, Nachschmierung und Systemkalibrierung<\/p>\n<p>Fehlerfr\u00fchwarnung - Sofortiges Anhalten, wenn abnormale Ger\u00e4usche\/ungleichm\u00e4\u00dfige Drehung auftreten.<\/p>\n<p><strong><b>Wert erhalten<\/b><\/strong><\/p>\n<ul>\n<li>Verl\u00e4ngern Sie die Lebensdauer von Ger\u00e4ten um mehr als 30%<\/li>\n<li>Verringerung pl\u00f6tzlicher Ausfallzeiten<\/li>\n<li>Gew\u00e4hrleisten Sie die Stabilit\u00e4t der Schwei\u00dfgenauigkeit.<\/li>\n<\/ul>\n<p><strong><b>Produktzertifizierung<\/b><\/strong><br \/>\nSteigen Sie mit unseren innovativen L\u00f6sungen in die Zukunft der Schwei\u00dftechnik ein.<br \/>\nVon automatisierten Prozessen bis hin zu intuitiven Steuerungen stehen unsere Produkte an der Spitze der Innovation und geben Ihnen die Werkzeuge an die Hand, die Sie brauchen, um auf dem heutigen wettbewerbsorientierten Markt die Nase vorn zu haben!<\/p>\n<p><img loading=\"lazy\" decoding=\"async\" class=\"alignnone size-full wp-image-880\" src=\"http:\/\/111.170.148.214:8095\/wp-content\/uploads\/2025\/05\/Product-certification.jpg\" alt=\"Produktzertifizierung\" width=\"832\" height=\"832\" \/><\/p>\n<p>Wuxi ABK Machinery Co.Ltd ist ein professioneller Hersteller von Schwei\u00dfrotatoren in China. Und unser Schwei\u00dfrotator umfasst haupts\u00e4chlich Standard-Schwei\u00dfrotator, einstellbarer Schwei\u00dfrotator und spezieller Schwei\u00dfrotator. Wir k\u00f6nnen unseren Kunden auf der ganzen Welt auch viele andere Produkte anbieten, einschlie\u00dflich Schwei\u00dfdrehtisch, Pfahlschwei\u00dfmaschine, Windturm-Produktionslinie, H-Tr\u00e4ger-Schwei\u00dflinie, Rohrschwei\u00dfausr\u00fcstung, CNC-Schneidemaschine, Schleifmaschine, Walzprofiliermaschine, Blechbiegemaschine, etc. Wir haben die ISO- und CE-Zertifizierung erhalten und bieten auch OEM-Service an.<\/p>","protected":false},"excerpt":{"rendered":"<p><strong>WUXI ABK 300kg Schweissdrehtisch<\/strong>\u00a0ist eine kompakte und dennoch robuste L\u00f6sung f\u00fcr Pr\u00e4zisionsschwei\u00dfaufgaben, die sich durch eine langlebige Stahlkonstruktion mit gleichm\u00e4\u00dfiger 360\u00b0-Rotation (0,5-10 U\/min) auszeichnet. Ausgestattet mit T-Nuten f\u00fcr eine sichere Klemmung und einem Pr\u00e4zisionsschneckengetriebe (ISO 5), gew\u00e4hrleistet es eine Rundlaufgenauigkeit von &lt;0,1 mm. Ideal f\u00fcr kleine bis mittelgro\u00dfe Fertigungs-, Roboterschwei\u00df- und Reparaturarbeiten. Schutzart IP54 mit 2 Jahren Garantie.<\/p>","protected":false},"featured_media":2061,"comment_status":"open","ping_status":"closed","template":"","meta":{"_acf_changed":false},"product_brand":[],"product_cat":[21,29,38],"product_tag":[],"class_list":{"0":"post-995","1":"product","2":"type-product","3":"status-publish","4":"has-post-thumbnail","6":"product_cat-welding-automation","7":"product_cat-welding-positioner","8":"product_cat-welding-turntable","10":"first","11":"instock","12":"shipping-taxable","13":"product-type-simple"},"acf":[],"_links":{"self":[{"href":"https:\/\/www.weldmc.com\/de\/wp-json\/wp\/v2\/product\/995","targetHints":{"allow":["GET"]}}],"collection":[{"href":"https:\/\/www.weldmc.com\/de\/wp-json\/wp\/v2\/product"}],"about":[{"href":"https:\/\/www.weldmc.com\/de\/wp-json\/wp\/v2\/types\/product"}],"replies":[{"embeddable":true,"href":"https:\/\/www.weldmc.com\/de\/wp-json\/wp\/v2\/comments?post=995"}],"wp:featuredmedia":[{"embeddable":true,"href":"https:\/\/www.weldmc.com\/de\/wp-json\/wp\/v2\/media\/2061"}],"wp:attachment":[{"href":"https:\/\/www.weldmc.com\/de\/wp-json\/wp\/v2\/media?parent=995"}],"wp:term":[{"taxonomy":"product_brand","embeddable":true,"href":"https:\/\/www.weldmc.com\/de\/wp-json\/wp\/v2\/product_brand?post=995"},{"taxonomy":"product_cat","embeddable":true,"href":"https:\/\/www.weldmc.com\/de\/wp-json\/wp\/v2\/product_cat?post=995"},{"taxonomy":"product_tag","embeddable":true,"href":"https:\/\/www.weldmc.com\/de\/wp-json\/wp\/v2\/product_tag?post=995"}],"curies":[{"name":"wp","href":"https:\/\/api.w.org\/{rel}","templated":true}]}}