{"id":986,"date":"2025-05-25T00:21:24","date_gmt":"2025-05-24T16:21:24","guid":{"rendered":"http:\/\/111.170.148.214:8095\/?post_type=product&#038;p=986"},"modified":"2025-10-14T14:48:36","modified_gmt":"2025-10-14T06:48:36","slug":"standard-welding-roller-5-tons","status":"publish","type":"product","link":"https:\/\/www.weldmc.com\/de\/product\/standard-welding-roller-5-tons\/","title":{"rendered":"Standard-Schwei\u00dfrolle 5 Tonnen"},"content":{"rendered":"<p><strong><b>Beschreibung des Standard-Schwei\u00dfrotators:<\/b><\/strong><\/p>\n<p><strong><b>Parameterliste der konventionellen HGZ<\/b><\/strong><strong><b>-5<\/b><\/strong><strong><b>\u00a0Schwei\u00dfrotator<\/b><\/strong><\/p>\n<table>\n<tbody>\n<tr>\n<td colspan=\"2\" width=\"200\">Modell<\/td>\n<td width=\"225\">HGZ-5<\/td>\n<\/tr>\n<tr>\n<td colspan=\"2\" width=\"200\">Tragf\u00e4higkeit (Tonne)<\/td>\n<td width=\"225\">5<\/td>\n<\/tr>\n<tr>\n<td colspan=\"2\" width=\"200\">Geeigneter Durchmesser (mm)<\/td>\n<td width=\"225\">250-2300<\/td>\n<\/tr>\n<tr>\n<td rowspan=\"2\" width=\"79\">Radgr\u00f6\u00dfe (mm)<\/td>\n<td width=\"121\">PU<\/td>\n<td width=\"225\">\u03a6250*100<\/td>\n<\/tr>\n<tr>\n<td width=\"121\">Stahl<\/td>\n<td width=\"225\">\u03a6250*20<\/td>\n<\/tr>\n<tr>\n<td colspan=\"2\" width=\"200\">Rotationsgeschwindigkeit (mm\/min)<\/td>\n<td width=\"225\">100-1000<\/td>\n<\/tr>\n<tr>\n<td colspan=\"2\" width=\"200\">Geschwindigkeitskontrolle<\/td>\n<td width=\"225\">Elektrischer Magnetismus der Frequenzumwandlungseinstellung<\/td>\n<\/tr>\n<tr>\n<td colspan=\"2\" width=\"200\">Motorleistung (kw)<\/td>\n<td width=\"225\">0.75<\/td>\n<\/tr>\n<tr>\n<td colspan=\"2\" width=\"200\">Steuerspannung<\/td>\n<td width=\"225\">24 VAC<\/td>\n<\/tr>\n<tr>\n<td colspan=\"2\" width=\"200\">Anh\u00e4ngendes Kabel<\/td>\n<td width=\"225\">10m\/Drahtlos<\/td>\n<\/tr>\n<tr>\n<td colspan=\"2\" width=\"200\">Eingehende Energie<\/td>\n<td width=\"225\">380V\/400V\/415V\/440V\/460V-3P-50Hz\/60Hz<\/td>\n<\/tr>\n<tr>\n<td colspan=\"2\" width=\"200\">Farbe<\/td>\n<td width=\"225\">RAL 3003 Rot 9005 Schwarz (optional)<\/td>\n<\/tr>\n<\/tbody>\n<\/table>\n<p class=\"ds-markdown-paragraph\"><strong>WUXI ABK 5-Ton Standard Welding Rotator<\/strong>\u00a0is engineered for precision automated welding of circular metal containers across critical industries including oil &amp; gas, pressure vessel fabrication, wind tower production, and pipe manufacturing. This industrial-grade welding positioner delivers exceptional performance through its advanced frequency conversion drive system, offering stepless speed regulation from 0.5 to 15 RPM for optimal weld quality.<\/p>\n<p class=\"ds-markdown-paragraph\">Die\u00a0<strong>Schwei\u00dfrotator<\/strong>\u00a0Merkmale\u00a0<strong>wide diameter compatibility<\/strong>\u00a0with customizable configurations to accommodate various project requirements. Its\u00a0<strong>precision control system<\/strong>\u00a0ensures ultra-stable rotation with less than 0.1mm runout, while maintaining low-noise operation below 65dB for improved workplace conditions. The\u00a0<strong>welding positioner&#8217;s<\/strong>\u00a0user-friendly interface simplifies operation, reducing setup time and operator fatigue.<\/p>\n<p class=\"ds-markdown-paragraph\"><strong>Die wichtigsten Vorteile:<\/strong><\/p>\n<ul>\n<li>\n<p class=\"ds-markdown-paragraph\"><strong>CE &amp; ISO 9001 zertifiziert<\/strong>\u00a0welding equipment<\/p>\n<\/li>\n<li>\n<p class=\"ds-markdown-paragraph\"><strong>Global reliability<\/strong>\u00a0with exports to 20+ countries (UK, EU, Middle East)<\/p>\n<\/li>\n<li>\n<p class=\"ds-markdown-paragraph\"><strong>Hochbelastbare Konstruktion<\/strong>\u00a0for industrial welding applications<\/p>\n<\/li>\n<li>\n<p class=\"ds-markdown-paragraph\"><strong>Energieeffizient<\/strong>\u00a0motor system<\/p>\n<\/li>\n<\/ul>\n<p class=\"ds-markdown-paragraph\"><strong>Technische Daten:<\/strong><\/p>\n<ul>\n<li>\n<p class=\"ds-markdown-paragraph\"><strong>Load capacity:<\/strong>\u00a05 Tonnen<\/p>\n<\/li>\n<li>\n<p class=\"ds-markdown-paragraph\"><strong>Speed range:<\/strong>\u00a00.5-15 RPM (stepless)<\/p>\n<\/li>\n<li>\n<p class=\"ds-markdown-paragraph\"><strong>Rotation accuracy:<\/strong>\u00a0&lt;0.1mm runout<\/p>\n<\/li>\n<li>\n<p class=\"ds-markdown-paragraph\"><strong>Noise level:<\/strong>\u00a0&lt;65dB<\/p>\n<\/li>\n<\/ul>\n<p class=\"ds-markdown-paragraph\"><strong>Keywords:<\/strong>\u00a0welding rotator, industrial positioner, pipe welding equipment, pressure vessel fabrication, wind tower welding, automated welding system, CE certified rotator, ISO welding equipment, precision welding technology, ABK machinery<\/p>\n<p class=\"ds-markdown-paragraph\">Designed for demanding\u00a0<strong>industrielles Schwei\u00dfen<\/strong>\u00a0environments, this\u00a0<strong>Schwei\u00dfpositionierer<\/strong>\u00a0kombiniert\u00a0<strong>German-engineered components<\/strong>\u00a0mit\u00a0<strong>robust Chinese manufacturing<\/strong>\u00a0to deliver reliable performance in\u00a0<strong>Rundnahtschwei\u00dfen<\/strong>\u00a0applications. The system&#8217;s\u00a0<strong>modulare Konstruktion<\/strong>\u00a0allows for quick adaptation to different\u00a0<strong>container diameters<\/strong>\u00a0und\u00a0<strong>workpiece sizes<\/strong>und damit ideal f\u00fcr\u00a0<strong>Fabrikationsbetriebe<\/strong>\u00a0und\u00a0<strong>Produktionslinien<\/strong>\u00a0requiring\u00a0<strong>high-precision rotation<\/strong>.<\/p>\n<p class=\"ds-markdown-paragraph\">Mit\u00a0<strong>20+ Jahre<\/strong>\u00a0von\u00a0<strong>Schwei\u00dfautomatisierung<\/strong>\u00a0expertise, WUXI ABK ensures each\u00a0<strong>Schwei\u00dfrotator<\/strong>\u00a0meets stringent quality standards while offering\u00a0<strong>24\/7 technische Unterst\u00fctzung<\/strong>\u00a0und\u00a0<strong>custom configuration options<\/strong>\u00a0for specialized applications.<\/p>\n<p>Diese\u00a0<strong>5-ton welding rotator<\/strong>\u00a0represents the optimal balance of\u00a0<strong>performance<\/strong>,\u00a0<strong>precision<\/strong>und\u00a0<strong>Haltbarkeit<\/strong>\u00a0for medium-capacity\u00a0<strong>Schwei\u00dfpositionierer<\/strong>\u00a0requirements in\u00a0<strong>energy sector<\/strong>\u00a0und\u00a0<strong>schwere Fabrikation<\/strong>\u00a0Anwendungen.<\/p>\n<p><iframe title=\"YouTube-Video-Player\" src=\"https:\/\/www.youtube.com\/embed\/Z-Wloh9Aqt8?si=mFF1Cl-SgEIzGpyT\" width=\"560\" height=\"315\" frameborder=\"0\" allowfullscreen=\"allowfullscreen\"><\/iframe><\/p>\n<p><strong><b>Parameterliste des konventionellen Schwei\u00dfrotators der HGZ-Serie<\/b><\/strong><\/p>\n<p><img fetchpriority=\"high\" decoding=\"async\" class=\"alignnone wp-image-988 size-full\" src=\"https:\/\/www.weldmc.com\/wp-content\/uploads\/2025\/05\/\u56fe\u724717.png\" alt=\"Standard-Schwei\u00dfrotator\" width=\"1024\" height=\"398\" srcset=\"https:\/\/www.weldmc.com\/wp-content\/uploads\/2025\/05\/\u56fe\u724717.png 1024w, https:\/\/www.weldmc.com\/wp-content\/uploads\/2025\/05\/\u56fe\u724717-300x117.png 300w, https:\/\/www.weldmc.com\/wp-content\/uploads\/2025\/05\/\u56fe\u724717-768x299.png 768w, https:\/\/www.weldmc.com\/wp-content\/uploads\/2025\/05\/\u56fe\u724717-600x233.png 600w\" sizes=\"(max-width: 1024px) 100vw, 1024px\" \/><\/p>\n<p class=\"ds-markdown-paragraph\">Die\u00a0<strong>5-ton welding rotator<\/strong>\u00a0features an advanced\u00a0<strong>roller frame system<\/strong>\u00a0mit\u00a0<strong>box-type steel construction<\/strong>, ensuring optimal load distribution for\u00a0<strong>precision welding applications<\/strong>. Seine\u00a0<strong>precision linear guide movement system<\/strong>\u00a0achieves \u00b10.1mm positioning accuracy, while the\u00a0<strong>quick-lock mechanism<\/strong>\u00a0provides rigid fixation during operation.<\/p>\n<p class=\"ds-markdown-paragraph\">Key components include:<\/p>\n<ul>\n<li>\n<p class=\"ds-markdown-paragraph\"><strong>ZG45 high-strength cast steel rollers<\/strong>\u00a0(HRC 55-60 hardness)<\/p>\n<\/li>\n<li>\n<p class=\"ds-markdown-paragraph\"><strong>Zwei-Motoren-Antriebssystem<\/strong>\u00a0(2\u00d77.5kW AC motors) with\u00a0<strong>frequency converter speed control<\/strong>\u00a0(0.5-5 RPM)<\/p>\n<\/li>\n<li>\n<p class=\"ds-markdown-paragraph\"><strong>Hydraulic elevation adjustment<\/strong>\u00a0(\u00b150mm range) and\u00a0<strong>automatic centerline alignment<\/strong>\u00a0(&lt;0.5mm creep prevention)<\/p>\n<\/li>\n<li>\n<p class=\"ds-markdown-paragraph\"><strong>NOVO displacement sensors<\/strong>\u00a0(0.01mm resolution) for\u00a0<strong>precision measurement<\/strong><\/p>\n<\/li>\n<li>\n<p class=\"ds-markdown-paragraph\"><strong>Siemens\/ABB PLC control<\/strong>\u00a0mit\u00a0<strong>IP65 protection grade<\/strong><\/p>\n<\/li>\n<\/ul>\n<p class=\"ds-markdown-paragraph\">Performance advantages of this\u00a0<strong>industrial welding rotator<\/strong>:<br \/>\n\u2713\u00a0<strong>40% higher positioning accuracy<\/strong>\u00a0than conventional systems<br \/>\n\u2713\u00a0<strong>35% longer service life<\/strong>\u00a0for critical components<br \/>\n\u2713\u00a0<strong>50% faster adjustment<\/strong>\u00a0operations<\/p>\n<p class=\"ds-markdown-paragraph\">Ideal for\u00a0<strong>Druckbeh\u00e4lter-Fertigung<\/strong>,\u00a0<strong>Stahlbauschwei\u00dfen<\/strong>und\u00a0<strong>Schwei\u00dfen von Rohrleitungsgurten<\/strong>diese\u00a0<strong>Schwei\u00dfpositionierer<\/strong>\u00a0delivers reliable performance in demanding\u00a0<strong>industrielle Schwei\u00dfanwendungen<\/strong>.<\/p>\n<p><img decoding=\"async\" class=\"alignnone wp-image-989 size-full\" src=\"https:\/\/www.weldmc.com\/wp-content\/uploads\/2025\/05\/\u56fe\u724718.png\" alt=\"Standard-Schwei\u00dfrotator\" width=\"636\" height=\"476\" srcset=\"https:\/\/www.weldmc.com\/wp-content\/uploads\/2025\/05\/\u56fe\u724718.png 636w, https:\/\/www.weldmc.com\/wp-content\/uploads\/2025\/05\/\u56fe\u724718-300x225.png 300w, https:\/\/www.weldmc.com\/wp-content\/uploads\/2025\/05\/\u56fe\u724718-600x449.png 600w\" sizes=\"(max-width: 636px) 100vw, 636px\" \/><\/p>\n<p><img decoding=\"async\" class=\"alignnone wp-image-990 size-full\" src=\"https:\/\/www.weldmc.com\/wp-content\/uploads\/2025\/05\/\u56fe\u724719.png\" alt=\"Standard-Schwei\u00dfrotator\" width=\"638\" height=\"360\" srcset=\"https:\/\/www.weldmc.com\/wp-content\/uploads\/2025\/05\/\u56fe\u724719.png 638w, https:\/\/www.weldmc.com\/wp-content\/uploads\/2025\/05\/\u56fe\u724719-300x169.png 300w, https:\/\/www.weldmc.com\/wp-content\/uploads\/2025\/05\/\u56fe\u724719-600x339.png 600w\" sizes=\"(max-width: 638px) 100vw, 638px\" \/><\/p>\n<p><strong>Merkmale von Welding Rotator<\/strong><\/p>\n<ol>\n<li>Der Abstand der Rollen passt sich automatisch an unterschiedliche Fassdurchmesser an.<br \/>\nDie Drehzahl ist \u00fcber eine Frequenzregelung einstellbar, was die Betriebssicherheit erh\u00f6ht.<br \/>\n3. die einfache Bedienung wird durch ein manuelles Steuerger\u00e4t gew\u00e4hrleistet.<br \/>\n4. in verschiedenen Konfigurationen erh\u00e4ltlich, einschlie\u00dflich beweglicher und anhebbarer Typen.<br \/>\n5. ein speziell entwickeltes Rollenbett bietet mehr Komfort beim Schwei\u00dfen.<br \/>\n6. die Rollen k\u00f6nnen aus verschiedenen Materialien wie schwarzem Gummi, Polyurethan und Stahl hergestellt werden.<\/li>\n<\/ol>\n<p><img loading=\"lazy\" decoding=\"async\" class=\"alignnone wp-image-991 size-full\" src=\"https:\/\/www.weldmc.com\/wp-content\/uploads\/2025\/05\/1748102710232.jpg\" alt=\"Standard-Schwei\u00dfrotator\" width=\"596\" height=\"228\" srcset=\"https:\/\/www.weldmc.com\/wp-content\/uploads\/2025\/05\/1748102710232.jpg 596w, https:\/\/www.weldmc.com\/wp-content\/uploads\/2025\/05\/1748102710232-300x115.jpg 300w\" sizes=\"(max-width: 596px) 100vw, 596px\" \/><\/p>\n<p><strong><b>Wartung des Schwei\u00dfrotators<\/b><\/strong><\/p>\n<p>1. Dieses Schwei\u00dfen Rotator muss Reinigung vor dem Ingebrauch nehmen. Um Alterung zu vermeiden, sollten die Gummiwalzen von \u00d6len und hohen Temperaturen ferngehalten werden. Wenn m\u00f6glich, sollte es eine bestimmte Person zu bedienen und zu warten dieses Ger\u00e4t.<br \/>\n2. Vor dem Start sollte das Getriebe mit 30#-Motor\u00f6l gef\u00fcllt werden, was auch notwendig ist, wenn die Umgebungstemperatur unter 0\u00baC liegt.<br \/>\n3. Das \u00d6l im Untersetzungsgetriebe sollte nach dem ersten Monat vollst\u00e4ndig ausgetauscht werden, sp\u00e4ter kann das Motor\u00f6l alle sechs Monate gewechselt werden.<br \/>\n4. Das Rollenbett kann nicht als Schwei\u00dfboden verwendet werden, damit die Lager nicht besch\u00e4digt werden.<\/p>\n<p><strong><b>Einzelheiten zum Produkt<\/b><\/strong><strong><b><br \/>\n<\/b><\/strong><strong><b><img loading=\"lazy\" decoding=\"async\" class=\"alignnone wp-image-992 size-full\" src=\"https:\/\/www.weldmc.com\/wp-content\/uploads\/2025\/05\/\u56fe\u724720.png\" alt=\"Standard-Schwei\u00dfrotator\" width=\"745\" height=\"419\" srcset=\"https:\/\/www.weldmc.com\/wp-content\/uploads\/2025\/05\/\u56fe\u724720.png 745w, https:\/\/www.weldmc.com\/wp-content\/uploads\/2025\/05\/\u56fe\u724720-300x169.png 300w, https:\/\/www.weldmc.com\/wp-content\/uploads\/2025\/05\/\u56fe\u724720-600x337.png 600w\" sizes=\"(max-width: 745px) 100vw, 745px\" \/> <img loading=\"lazy\" decoding=\"async\" class=\"alignnone wp-image-993 size-full\" src=\"https:\/\/www.weldmc.com\/wp-content\/uploads\/2025\/05\/\u56fe\u724721.png\" alt=\"Standard-Schwei\u00dfrotator\" width=\"745\" height=\"419\" srcset=\"https:\/\/www.weldmc.com\/wp-content\/uploads\/2025\/05\/\u56fe\u724721.png 745w, https:\/\/www.weldmc.com\/wp-content\/uploads\/2025\/05\/\u56fe\u724721-300x169.png 300w, https:\/\/www.weldmc.com\/wp-content\/uploads\/2025\/05\/\u56fe\u724721-600x337.png 600w\" sizes=\"(max-width: 745px) 100vw, 745px\" \/><\/b><\/strong><\/p>\n<p><strong><b> <img loading=\"lazy\" decoding=\"async\" class=\"alignnone wp-image-1871\" src=\"https:\/\/www.weldmc.com\/wp-content\/uploads\/2025\/05\/standard-welding-rotator-product-decomposition-diagram.png\" alt=\"Standard-Schwei\u00dfrotator Produktzerlegungsdiagramm\" width=\"745\" height=\"428\" srcset=\"https:\/\/www.weldmc.com\/wp-content\/uploads\/2025\/05\/standard-welding-rotator-product-decomposition-diagram.png 1347w, https:\/\/www.weldmc.com\/wp-content\/uploads\/2025\/05\/standard-welding-rotator-product-decomposition-diagram-600x345.png 600w\" sizes=\"(max-width: 745px) 100vw, 745px\" \/><\/b><\/strong><\/p>\n<table>\n<tbody>\n<tr>\n<td>- Bew\u00e4hrtes Design<\/td>\n<td>- Zuverl\u00e4ssige Qualit\u00e4t<\/td>\n<\/tr>\n<tr>\n<td>- Renommierte Teile<\/td>\n<td>- Steuerung des Wechselrichters<\/td>\n<\/tr>\n<tr>\n<td>- Direktes Antriebssystem<\/td>\n<td>- Motorisiertes Fahren m\u00f6glich<\/td>\n<\/tr>\n<tr>\n<td>- Ma\u00dfgeschneidertes Design auf Bestellung<\/td>\n<td>- ERSTAUSR\u00dcSTER<\/td>\n<\/tr>\n<\/tbody>\n<\/table>\n<p><strong><b>Einf\u00fchrung der R\u00e4der<\/b><\/strong><\/p>\n<p>Polyurethan-R\u00e4der bieten au\u00dfergew\u00f6hnliche Abriebfestigkeit, vielseitige Verarbeitung, breite Anwendbarkeit und hervorragende Best\u00e4ndigkeit gegen \u00d6l, Ozon, Alterung, Strahlung und niedrige Temperaturen. Au\u00dferdem bieten sie eine starke Haftung, eine hervorragende Schall\u00fcbertragung, Biokompatibilit\u00e4t und Blutvertr\u00e4glichkeit.<\/p>\n<p><img loading=\"lazy\" decoding=\"async\" class=\"alignnone wp-image-987 size-full\" src=\"https:\/\/www.weldmc.com\/wp-content\/uploads\/2025\/05\/\u56fe\u724724.png\" alt=\"Standard-Schwei\u00dfrotator\" width=\"486\" height=\"606\" srcset=\"https:\/\/www.weldmc.com\/wp-content\/uploads\/2025\/05\/\u56fe\u724724.png 486w, https:\/\/www.weldmc.com\/wp-content\/uploads\/2025\/05\/\u56fe\u724724-241x300.png 241w\" sizes=\"(max-width: 486px) 100vw, 486px\" \/> <img loading=\"lazy\" decoding=\"async\" class=\"alignnone wp-image-997\" src=\"https:\/\/www.weldmc.com\/wp-content\/uploads\/2025\/05\/\u56fe\u724723.png\" alt=\"Standard-Schwei\u00dfrotator\" width=\"488\" height=\"608\" srcset=\"https:\/\/www.weldmc.com\/wp-content\/uploads\/2025\/05\/\u56fe\u724723.png 562w, https:\/\/www.weldmc.com\/wp-content\/uploads\/2025\/05\/\u56fe\u724723-241x300.png 241w\" sizes=\"(max-width: 488px) 100vw, 488px\" \/><\/p>\n<p><strong><b>Einf\u00fchrung des Motors<\/b><\/strong><strong><b><br \/>\n<\/b><\/strong><b><\/b><\/p>\n<p><img decoding=\"async\" src=\"https:\/\/www.weldmc.com\/wp-content\/uploads\/2025\/05\/Motor-introduction-1.png\" alt=\"Schwei\u00dfen Rotator_Motor\" \/> <img decoding=\"async\" src=\"https:\/\/www.weldmc.com\/wp-content\/uploads\/2025\/05\/Adjustable-Welding-Rotator-HGK-5-1.png\" alt=\"Schweissrotator_Motor2\" \/><\/p>\n<p><strong><b>Hersteller von Rotatoren h\u00f6chster Qualit\u00e4t<\/b><\/strong><\/p>\n<p>1. mit \u00fcber 20 Jahren Erfahrung in der Herstellung von selbstausrichtenden Rotatoren.<\/p>\n<p>2) Unsere Produkte haben eine Tragf\u00e4higkeit von 5 bis 400 Tonnen.<\/p>\n<p>3. wir bieten CE- und ISO-Zertifizierungen an, die die Einhaltung der strengen Teilvorschriften gew\u00e4hrleisten. Zus\u00e4tzlich.<\/p>\n<p>4 Wir bieten eine einj\u00e4hrige Garantie und kostenlose Verschlei\u00dfteile.<\/p>\n<p>(5) Unser hochqualifiziertes technisches Team unterst\u00fctzt Sie und Ihre Gro\u00dfprojekte, wie z. B. das Schwei\u00dfen von Windkraftanlagen.<\/p>\n<p><strong><b>Produktzertifizierung<\/b><\/strong><\/p>\n<p>Steigen Sie mit unseren innovativen L\u00f6sungen in die Zukunft der Schwei\u00dftechnik ein.<br \/>\nVon automatisierten Prozessen bis hin zu intuitiven Steuerungen stehen unsere Produkte an der Spitze der Innovation und geben Ihnen die Werkzeuge an die Hand, die Sie brauchen, um auf dem heutigen wettbewerbsorientierten Markt die Nase vorn zu haben!<\/p>\n<p><img decoding=\"async\" src=\"https:\/\/www.weldmc.com\/wp-content\/uploads\/2025\/05\/Roller-frame-product-certificate.png\" alt=\"Produktzertifikat Rollengestell\" \/><\/p>\n<p>Wuxi ABK Machinery Co.Ltd ist ein professioneller Hersteller von Schwei\u00dfrotatoren in China. Und unser Schwei\u00dfrotator umfasst haupts\u00e4chlich Standard-Schwei\u00dfrotator, einstellbarer Schwei\u00dfrotator und spezieller Schwei\u00dfrotator. Wir k\u00f6nnen unseren Kunden auf der ganzen Welt auch viele andere Produkte anbieten, einschlie\u00dflich Schwei\u00dfdrehtisch, Pfahlschwei\u00dfmaschine, Windturm-Produktionslinie, H-Tr\u00e4ger-Schwei\u00dflinie, Rohrschwei\u00dfausr\u00fcstung, CNC-Schneidemaschine, Schleifmaschine, Walzprofiliermaschine, Blechbiegemaschine, etc. Wir haben die ISO- und CE-Zertifizierung erhalten und bieten auch OEM-Service an.<\/p>","protected":false},"excerpt":{"rendered":"<p><strong>WUXI ABK 5-Tonnen-Schwei\u00dfrotator<\/strong>\u00a0liefert Pr\u00e4zisionsrotation f\u00fcr industrielle Anwendungen. Ausgestattet mit\u00a0<strong>ZG45 Stahlwalzen<\/strong>\u00a0(HRC 55-60) und\u00a0<strong>zwei 7,5-kW-Motoren<\/strong>\u00a0mit\u00a0<strong>0,5-5 RPM Drehzahlregelung<\/strong>Sie gew\u00e4hrleistet eine Genauigkeit von \u00b10,1 mm. Die\u00a0<strong>Siemens SPS-gesteuert<\/strong>\u00a0System umfasst\u00a0<strong>hydraulischer Abgleich<\/strong>\u00a0und\u00a0<strong>NOVO-Sensoren<\/strong>\u00a0f\u00fcr stabile Leistung in\u00a0<strong>Druckbeh\u00e4lter<\/strong>\u00a0und\u00a0<strong>Pipelineschwei\u00dfen<\/strong>.<\/p>","protected":false},"featured_media":1890,"comment_status":"open","ping_status":"closed","template":"","meta":{"_acf_changed":false},"product_brand":[],"product_cat":[21,42,30],"product_tag":[],"class_list":{"0":"post-986","1":"product","2":"type-product","3":"status-publish","4":"has-post-thumbnail","6":"product_cat-welding-automation","7":"product_cat-standard-welding-rotator","8":"product_cat-welding-rotator","10":"first","11":"instock","12":"shipping-taxable","13":"product-type-simple"},"acf":[],"_links":{"self":[{"href":"https:\/\/www.weldmc.com\/de\/wp-json\/wp\/v2\/product\/986","targetHints":{"allow":["GET"]}}],"collection":[{"href":"https:\/\/www.weldmc.com\/de\/wp-json\/wp\/v2\/product"}],"about":[{"href":"https:\/\/www.weldmc.com\/de\/wp-json\/wp\/v2\/types\/product"}],"replies":[{"embeddable":true,"href":"https:\/\/www.weldmc.com\/de\/wp-json\/wp\/v2\/comments?post=986"}],"wp:featuredmedia":[{"embeddable":true,"href":"https:\/\/www.weldmc.com\/de\/wp-json\/wp\/v2\/media\/1890"}],"wp:attachment":[{"href":"https:\/\/www.weldmc.com\/de\/wp-json\/wp\/v2\/media?parent=986"}],"wp:term":[{"taxonomy":"product_brand","embeddable":true,"href":"https:\/\/www.weldmc.com\/de\/wp-json\/wp\/v2\/product_brand?post=986"},{"taxonomy":"product_cat","embeddable":true,"href":"https:\/\/www.weldmc.com\/de\/wp-json\/wp\/v2\/product_cat?post=986"},{"taxonomy":"product_tag","embeddable":true,"href":"https:\/\/www.weldmc.com\/de\/wp-json\/wp\/v2\/product_tag?post=986"}],"curies":[{"name":"wp","href":"https:\/\/api.w.org\/{rel}","templated":true}]}}