{"id":985,"date":"2025-05-25T00:53:44","date_gmt":"2025-05-24T16:53:44","guid":{"rendered":"http:\/\/111.170.148.214:8095\/?post_type=product&#038;p=985"},"modified":"2025-10-14T15:00:50","modified_gmt":"2025-10-14T07:00:50","slug":"drehbarer-schweisdrehtisch-200kg","status":"publish","type":"product","link":"https:\/\/www.weldmc.com\/de\/product\/drehbarer-schweisdrehtisch-200kg\/","title":{"rendered":"Drehbarer Schwei\u00dfdrehtisch 200kg"},"content":{"rendered":"<p><strong><b>WUXI ABK-Schwei\u00dfger\u00e4te: Pr\u00e4zisions-Rotationsl\u00f6sungen<\/b><\/strong><\/p>\n<p><img fetchpriority=\"high\" decoding=\"async\" class=\"\" src=\"https:\/\/www.weldmc.com\/wp-content\/uploads\/2025\/05\/3cc87cef83089b4640b34d1f52f77d4.jpg\" alt=\"Schwei\u00dfdrehtisch\" width=\"706\" height=\"530\" \/><\/p>\n<p><strong><b>Technische Vorteile<\/b><\/strong><\/p>\n<p>\u2714 Programmierbare Rotation - Digitale Steuerung h\u00e4lt 0,1-1,2 RPM f\u00fcr verschiedene Verbindungsanforderungen aufrecht<\/p>\n<p>\u2714 Lastoptimiert - Standardm\u00e4\u00dfig 1-50 Tonnen Kapazit\u00e4t mit kundenspezifischen Konfigurationen verf\u00fcgbar<\/p>\n<p>\u2714 Anpassungsf\u00e4hige Oberfl\u00e4che - Modularer Arbeitstisch f\u00fcr Baugruppen mit einem Durchmesser von 800-6000mm<\/p>\n<p>\u2714 Pr\u00e4zisionsbewegung - \u00b10,5 mm Wiederholgenauigkeit garantiert Gelenkgenauigkeit<\/p>\n<p><img decoding=\"async\" class=\"\" src=\"https:\/\/www.weldmc.com\/wp-content\/uploads\/2025\/05\/welding-turntabe_1.jpg\" alt=\"\" width=\"707\" height=\"530\" \/> <img decoding=\"async\" class=\"\" src=\"https:\/\/www.weldmc.com\/wp-content\/uploads\/2025\/05\/welding-turntabe_2.jpg\" alt=\"Schwei\u00dfdrehtisch_30T\" width=\"707\" height=\"398\" \/><\/p>\n<p class=\"ds-markdown-paragraph\">Die\u00a0<strong>WUXI ABK 200kg Schwei\u00dfdrehtisch<\/strong>\u00a0ist ein pr\u00e4zisionsgefertigtes\u00a0<strong>Drehbarer Schwei\u00dfpositionierer<\/strong>\u00a0konzipiert f\u00fcr\u00a0<strong>industrielle Fertigung<\/strong>\u00a0von kritischen Komponenten. Diese robuste\u00a0<strong>Schwei\u00dfautomatisierung<\/strong>\u00a0L\u00f6sung zeichnet sich aus durch\u00a0<strong>Druckbeh\u00e4lterfertigung<\/strong>,\u00a0<strong>Herstellung von Energieausr\u00fcstungen<\/strong>,\u00a0<strong>Stahlbauschwei\u00dfen<\/strong>und\u00a0<strong>Schiffbau<\/strong>\u00a0Anwendungen und bietet zuverl\u00e4ssige\u00a0<strong>Werkst\u00fcckdrehung<\/strong>\u00a0f\u00fcr gleichbleibende Schwei\u00dfqualit\u00e4t.<\/p>\n<p class=\"ds-markdown-paragraph\"><strong>Wesentliche Merkmale<\/strong><\/p>\n<ul>\n<li>\n<p class=\"ds-markdown-paragraph\"><strong>Hochbelastbare Konstruktion<\/strong>\u00a0mit industrietauglichen Lagern, die\u00a0<strong>200kg Nutzlastkapazit\u00e4t<\/strong><\/p>\n<\/li>\n<li>\n<p class=\"ds-markdown-paragraph\"><strong>Antrieb mit variabler Frequenz<\/strong>\u00a0Systemfreigabe\u00a0<strong>5-60 RPM Drehzahlregelung<\/strong>\u00a0f\u00fcr optimale Schwei\u00dfparameter<\/p>\n<\/li>\n<li>\n<p class=\"ds-markdown-paragraph\"><strong>Auswechselbare Montageplatten<\/strong>\u00a0(Standard\/Flansch) f\u00fcr flexible\u00a0<strong>Kompatibilit\u00e4t der Vorrichtungen<\/strong><\/p>\n<\/li>\n<li>\n<p class=\"ds-markdown-paragraph\"><strong>Sicherheitskapselungen<\/strong>\u00a0(IP54 optional) f\u00fcr gef\u00e4hrliche\u00a0<strong>Workshop-Umgebungen<\/strong><\/p>\n<\/li>\n<\/ul>\n<p class=\"ds-markdown-paragraph\">Unser\u00a0<strong>Schwei\u00dfdrehtische<\/strong>\u00a0einbeziehen.\u00a0<strong>Pr\u00e4zisionsdrehung<\/strong>\u00a0Technologie mit:<br \/>\n\u2713\u00a0<strong>&lt;0,1\u00b0 Positionsgenauigkeit<\/strong>\u00a0\u00fcber Servor\u00fcckmeldung<br \/>\n\u2713\u00a0<strong>Integrierte Drehmoment\u00fcberwachung<\/strong>\u00a0um \u00dcberlastung zu vermeiden<br \/>\n\u2713\u00a0<strong>Modularer Aufbau<\/strong>\u00a0unter\u00a0<strong>kundenspezifische Oberfl\u00e4chenbehandlungen<\/strong>\u00a0(z. B. Verkupferung f\u00fcr\u00a0<strong>W\u00e4rmeabfuhr<\/strong>)<\/p>\n<p class=\"ds-markdown-paragraph\"><strong>Kundenspezifische technische Optionen<\/strong><br \/>\nWUXI ABK liefert\u00a0<strong>ma\u00dfgeschneiderte Schwei\u00dfl\u00f6sungen<\/strong>\u00a0einschlie\u00dflich:<\/p>\n<ul>\n<li>\n<p class=\"ds-markdown-paragraph\"><strong>Automatisierte Positionsbestimmung<\/strong>\u00a0mit Encoderr\u00fcckf\u00fchrung<\/p>\n<\/li>\n<li>\n<p class=\"ds-markdown-paragraph\"><strong>\u00dcberwachung der Schwei\u00dfqualit\u00e4t in Echtzeit<\/strong>\u00a0Systeme<\/p>\n<\/li>\n<li>\n<p class=\"ds-markdown-paragraph\"><strong>Ergonomische HMI-Schnittstellen<\/strong>\u00a0mit Voreinstellung\u00a0<strong>Schwei\u00dfprogramme<\/strong><\/p>\n<\/li>\n<\/ul>\n<p class=\"ds-markdown-paragraph\"><strong>Fertigungsstandards<\/strong><br \/>\nAlle\u00a0<strong>Schwei\u00dfpositionierer<\/strong>\u00a0unterliegt:<br \/>\n\u25c6\u00a0<strong>ISO 9001-zertifizierte Produktion<\/strong><br \/>\n\u25c6\u00a0<strong>72-Stunden-Dauertest<\/strong><br \/>\n\u25c6\u00a0<strong>Weltweite CE\/ASME-Konformit\u00e4t<\/strong><br \/>\n\u25c6\u00a0<strong>3 Jahre Garantie f\u00fcr kritische Komponenten<\/strong><\/p>\n<table>\n<tbody>\n<tr>\n<td colspan=\"3\" width=\"599\"><strong><b>Beschreibung der<\/b><\/strong><strong><b>\u00a0<\/b><\/strong><strong><b>HB-Serie<\/b><\/strong><strong><b>\u00a0<\/b><\/strong><strong><b>Schwei\u00dfen <\/b><\/strong><strong><b>Drehscheibe<\/b><\/strong><strong><b>:<\/b><\/strong><br \/>\nWUXI ABK-Schwei\u00dfger\u00e4te: Pr\u00e4zisions-Rotationsl\u00f6sungen<\/td>\n<td width=\"354\"><strong>HB-<\/strong><strong>02<\/strong><\/td>\n<\/tr>\n<tr>\n<td width=\"402\"><strong>Tragf\u00e4higkeit<\/strong><\/td>\n<td width=\"99\">(KG)<\/td>\n<td width=\"98\"><\/td>\n<td width=\"354\">200<\/td>\n<\/tr>\n<tr>\n<td width=\"402\"><strong>Rotationsgeschwindigkeit<\/strong><\/td>\n<td width=\"99\">(RPM)<\/td>\n<td width=\"98\"><\/td>\n<td width=\"354\">0.1-1<\/td>\n<\/tr>\n<tr>\n<td width=\"402\"><strong>Gr\u00f6\u00dfe des Arbeitstisches<\/strong><strong>\u00a0Durchmesser<\/strong><\/td>\n<td width=\"99\">(MM)<\/td>\n<td width=\"98\"><\/td>\n<td width=\"354\">600<\/td>\n<\/tr>\n<tr>\n<td width=\"402\"><strong>P<\/strong><strong>ower<\/strong><\/td>\n<td width=\"99\">(KW)<\/td>\n<td width=\"98\"><\/td>\n<td width=\"354\">0.37<\/td>\n<\/tr>\n<tr>\n<td width=\"402\"><strong>Stromversorgung<\/strong><\/td>\n<td width=\"99\">(V)<\/td>\n<td width=\"98\">50Hz 3\u0278<\/td>\n<td width=\"354\">380 (je nach Kundenbedarf festgelegt)<\/td>\n<\/tr>\n<tr>\n<td width=\"402\"><strong>Geschwindigkeitsregulierender Typ<\/strong><\/td>\n<td width=\"99\"><\/td>\n<td width=\"98\"><\/td>\n<td width=\"354\">AC-Frequenz stufenlose Drehzahlregelung<\/td>\n<\/tr>\n<tr>\n<td colspan=\"4\" width=\"954\">Hinweis: Alle Angaben beziehen sich auf die Standardausr\u00fcstung, die je nach Kundenanforderung ge\u00e4ndert werden kann.<\/td>\n<\/tr>\n<\/tbody>\n<\/table>\n<p>&nbsp;<\/p>\n<p><iframe title=\"YouTube-Video-Player\" src=\"https:\/\/www.youtube.com\/embed\/ogA4Xe60nSw?si=kQldmzj4am4dQamH\" width=\"560\" height=\"315\" frameborder=\"0\" allowfullscreen=\"allowfullscreen\"><\/iframe><\/p>\n<p class=\"ds-markdown-paragraph\">Die\u00a0<strong>WUXI ABK 200kg Schwei\u00dfdrehtisch<\/strong>\u00a0ist eine\u00a0<strong>Pr\u00e4zisionsdrehscheibe<\/strong>\u00a0entwickelt f\u00fcr das effiziente Schwei\u00dfen von\u00a0<strong>kleine bis mittelgro\u00dfe Werkst\u00fccke<\/strong>einschlie\u00dflich\u00a0<strong>Rohre, Flansche und Metallkonstruktionen<\/strong>. Entwickelt f\u00fcr\u00a0<strong>industrielle Schwei\u00dfanwendungen<\/strong>diese\u00a0<strong>Schwei\u00dfpositionierer<\/strong>\u00a0liefert\u00a0<strong>360\u00b0 stufenlose Drehung<\/strong>Dadurch kann der Bediener alle Seiten schwei\u00dfen, ohne die Maschine neu positionieren zu m\u00fcssen. Mit\u00a0<strong>einstellbare Drehzahlregelung (1-10 RPM)<\/strong>gew\u00e4hrleistet sie\u00a0<strong>perfekte Nahtkonsistenz<\/strong>\u00a0f\u00fcr\u00a0<strong>hochwertige Schwei\u00dfn\u00e4hte<\/strong>\u00a0in\u00a0<strong>Fabrikationswerkst\u00e4tten<\/strong>\u00a0und\u00a0<strong>Produktionslinien<\/strong>.<\/p>\n<p class=\"ds-markdown-paragraph\"><strong>Hauptmerkmale:<\/strong><\/p>\n<ul>\n<li>\n<p class=\"ds-markdown-paragraph\"><strong>Hochbelastbare Konstruktion<\/strong>\u00a0unterst\u00fctzt bis zu\u00a0<strong>200kg (500kg optional)<\/strong>\u00a0f\u00fcr einen stabilen Betrieb<\/p>\n<\/li>\n<li>\n<p class=\"ds-markdown-paragraph\"><strong>Direktes Antriebssystem<\/strong>\u00a0mit\u00a0<strong>Wechselrichtersteuerung<\/strong>\u00a0f\u00fcr pr\u00e4zise Geschwindigkeitsregelung<\/p>\n<\/li>\n<li>\n<p class=\"ds-markdown-paragraph\"><strong>Motorisiertes Fahren als Option<\/strong>\u00a0verbessert die Mobilit\u00e4t in\u00a0<strong>Workshop-Umgebungen<\/strong><\/p>\n<\/li>\n<li>\n<p class=\"ds-markdown-paragraph\"><strong>OEM-Anpassung<\/strong>\u00a0verf\u00fcgbar f\u00fcr spezialisierte\u00a0<strong>Schwei\u00dfanwendungen<\/strong><\/p>\n<\/li>\n<\/ul>\n<p class=\"ds-markdown-paragraph\"><strong>Leistungsvorteile:<\/strong><br \/>\n\u2713\u00a0<strong>50% schnelleres Schwei\u00dfen<\/strong>\u00a0im Vergleich zu manuellen Methoden<br \/>\n\u2713\u00a0<strong>Geringere Arbeitskosten<\/strong>\u00a0mit automatischer Drehung<br \/>\n\u2713\u00a0<strong>Langlebige Komponenten<\/strong>\u00a0f\u00fcr langfristige Zuverl\u00e4ssigkeit<br \/>\n\u2713\u00a0<strong>Einfache Integration<\/strong>\u00a0mit\u00a0<strong>MIG-, TIG- und Roboterschwei\u00dfsysteme<\/strong><\/p>\n<p class=\"ds-markdown-paragraph\"><strong>Technische Daten:<\/strong><\/p>\n<ul>\n<li>\n<p class=\"ds-markdown-paragraph\"><strong>Tragf\u00e4higkeit:<\/strong>\u00a0200kg (Standard) \/ 500kg (optional)<\/p>\n<\/li>\n<li>\n<p class=\"ds-markdown-paragraph\"><strong>Rotationsgeschwindigkeit:<\/strong>\u00a01-10 RPM (stufenlose Einstellung)<\/p>\n<\/li>\n<li>\n<p class=\"ds-markdown-paragraph\"><strong>Antriebssystem:<\/strong>\u00a0Hochdrehmoment\u00a0<strong>Servomotor<\/strong><\/p>\n<\/li>\n<li>\n<p class=\"ds-markdown-paragraph\"><strong>Steuerschnittstelle:<\/strong>\u00a0Benutzerfreundlich\u00a0<strong>HMI-Panel<\/strong><\/p>\n<\/li>\n<li>\n<p class=\"ds-markdown-paragraph\"><strong>Stromversorgung:<\/strong>\u00a0220V\/380V, 50\/60Hz<\/p>\n<\/li>\n<\/ul>\n<p class=\"ds-markdown-paragraph\"><strong>Anwendungen:<\/strong><\/p>\n<ul>\n<li>\n<p class=\"ds-markdown-paragraph\"><strong>Schwei\u00dfen von Rohren<\/strong>\u00a0f\u00fcr\u00a0<strong>Sanit\u00e4r- und HLK-Systeme<\/strong><\/p>\n<\/li>\n<li>\n<p class=\"ds-markdown-paragraph\"><strong>Herstellung von Flanschen<\/strong>\u00a0in\u00a0<strong>\u00d6l- und Gasindustrie<\/strong><\/p>\n<\/li>\n<li>\n<p class=\"ds-markdown-paragraph\"><strong>Strukturelles Schwei\u00dfen<\/strong>\u00a0f\u00fcr\u00a0<strong>Metallrahmen und -baugruppen<\/strong><\/p>\n<\/li>\n<li>\n<p class=\"ds-markdown-paragraph\"><strong>Produktion von Automobil- und Maschinenteilen<\/strong><\/p>\n<\/li>\n<\/ul>\n<p class=\"ds-markdown-paragraph\"><strong>Warum WUXI ABK w\u00e4hlen?<\/strong><\/p>\n<ul>\n<li>\n<p class=\"ds-markdown-paragraph\"><strong>20+ Jahre<\/strong>\u00a0von\u00a0<strong>Herstellung von Schwei\u00dfger\u00e4ten<\/strong>\u00a0Fachwissen<\/p>\n<\/li>\n<li>\n<p class=\"ds-markdown-paragraph\"><strong>CE- und ISO-zertifiziert<\/strong>\u00a0f\u00fcr die Qualit\u00e4tssicherung<\/p>\n<\/li>\n<li>\n<p class=\"ds-markdown-paragraph\"><strong>24\/7 technische Unterst\u00fctzung<\/strong>\u00a0und\u00a0<strong>ma\u00dfgeschneiderte L\u00f6sungen<\/strong><\/p>\n<\/li>\n<\/ul>\n<p><img decoding=\"async\" src=\"https:\/\/www.weldmc.com\/wp-content\/uploads\/2025\/05\/Welding-Turntable-Technology-Funcation.png\" alt=\"Schwei\u00dfen Drehtisch Technologie Funcation\" \/><\/p>\n<p><strong><b>Parameterliste des konventionellen Schwei\u00dfdrehtisches\u00a0<\/b><\/strong><\/p>\n<p><img decoding=\"async\" src=\"https:\/\/www.weldmc.com\/wp-content\/uploads\/2025\/05\/Parameter-list-of-conventional-Welding-Turntable-.png\" alt=\"Parameterliste des konventionellen Schwei\u00dfdrehtisches\u00a0\" \/><\/p>\n<p><strong><b>Eigenschaften<\/b><\/strong><\/p>\n<p>1. <strong><b>Multi-Position T-Slot Arbeitstisch<\/b><\/strong><\/p>\n<p>6 hochbelastbare T-Nuten (14 mm Breite)<\/p>\n<p>Maximale Klemmkraft: 5000N pro Schlitz<\/p>\n<p>360\u00b0 einstellbare Positionierung<\/p>\n<p><strong><b>2. Verst\u00e4rkte Stahlkonstruktion<\/b><\/strong><\/p>\n<p>6 hochsteife St\u00fctzrippen<\/p>\n<p>Verformungswiderstand &lt;0,08mm\/m\u00b2<\/p>\n<p>Schwei\u00dfn\u00e4hte in Milit\u00e4rqualit\u00e4t<\/p>\n<p>3. <strong><b>Premium-Schneckengetriebe<\/b><\/strong><\/p>\n<p>Pr\u00e4zisionsgeschliffenes Getriebe (Genauigkeit ISO 5)<\/p>\n<p>Spielfreier Betrieb<\/p>\n<p>10.000+ Stunden Lebensdauer<\/p>\n<p>4. <strong><b>Stufenlose Drehzahlregelung<\/b><\/strong><\/p>\n<p>Digitales Bedienfeld<\/p>\n<p>0,5-15 RPM variabler Bereich<\/p>\n<p>\u00b11% Geschwindigkeitsgenauigkeit<\/p>\n<p>5. <strong><b>Intelligentes Kontrollsystem<\/b><\/strong><\/p>\n<p>One-Touch-Bedienoberfl\u00e4che<\/p>\n<p>Automatische Schmierungserinnerungen<\/p>\n<p>Schutzart IP54<\/p>\n<p>6. <strong><b>Stabilisierte Schwerlast-Basis<\/b><\/strong><\/p>\n<p>Fundament aus 200 mm dickem Stahlblech<\/p>\n<p>8-Punkt-Nivelliersystem<\/p>\n<p>Schwingungsd\u00e4mpfung &lt;0,01mm<\/p>\n<p><strong><b>Leistungsvorteile:<\/b><\/strong><\/p>\n<p>\u2713 40% schnellere R\u00fcstzeit<\/p>\n<p>\u2713 60% Reduzierung der Werkst\u00fcckverformung<\/p>\n<p>\u2713 30% l\u00e4ngere Lebensdauer der Ger\u00e4te<\/p>\n<p>1. Gro\u00dfw\u00e4lzlager<\/p>\n<p><img decoding=\"async\" src=\"https:\/\/www.weldmc.com\/wp-content\/uploads\/2025\/05\/Slewing-bearing.png\" alt=\"Gro\u00dfw\u00e4lzlager\" \/><\/p>\n<p>Seine Hauptfunktion besteht darin, mit Hilfe von Schrauben an den oberen und unteren Halterungen der mechanischen Ausr\u00fcstung befestigt zu werden, um Kraft und Antrieb zu \u00fcbertragen und so die relative Drehung zwischen den beiden Teilen der mechanischen Ausr\u00fcstung zu realisieren. Es hat die Eigenschaften der kompakten Struktur, geringes Gewicht, gute Stahlkonstruktion, reibungslosen Betrieb, hohe Genauigkeit, Sicherheit und Zuverl\u00e4ssigkeit.<br \/>\nGro\u00dfw\u00e4lzlager sind ein Grundbestandteil der mechanischen Ausr\u00fcstung und werden in verschiedenen Industriezweigen der Volkswirtschaft weit verbreitet. Es ist weit verbreitet in Baumaschinen, Hafenmaschinen, metallurgische Maschinen, Bergbaumaschinen, Erd\u00f6lmaschinen, chemische Maschinen, medizinische Ger\u00e4te, Schiffsmaschinen, leichte Industriemaschinen, Umweltschutzmaschinen, Unterhaltungsger\u00e4te, Transportmaschinen Ausr\u00fcstung.Swing unterst\u00fctzt werden zunehmend in Energieeinsparung und Umweltschutz-Projekte, wie Windkraftanlagen, die eine Vielzahl von Pr\u00e4zisions-Pol Swing Support Kits erfordern.<\/p>\n<ol start=\"2\">\n<li>Getriebe<\/li>\n<\/ol>\n<p><img decoding=\"async\" src=\"https:\/\/www.weldmc.com\/wp-content\/uploads\/2025\/05\/Gear_1.png\" alt=\"Getriebe_1\" \/><\/p>\n<p>Ein Zahnrad ist ein rad\u00e4hnliches mechanisches Teil, das das Drehmoment durch den Eingriff der Z\u00e4hne \u00fcbertr\u00e4gt. Durch die \u00dcbertragung mit anderen gezahnten mechanischen Teilen (wie z. B. einem anderen Zahnrad, einer Dao-Zahnstange und einer Schnecke) kann das Zahnrad die Geschwindigkeit und das Drehmoment \u00e4ndern, die Bewegungsrichtung \u00e4ndern und die Bewegungsform \u00e4ndern.<\/p>\n<p><img decoding=\"async\" src=\"https:\/\/www.weldmc.com\/wp-content\/uploads\/2025\/05\/Gear_2.png\" alt=\"Getriebe_2\" \/><\/p>\n<p>3. die Reduktion<\/p>\n<p><img decoding=\"async\" src=\"https:\/\/www.weldmc.com\/wp-content\/uploads\/2025\/05\/Reducer.png\" alt=\"Reduzierst\u00fcck\" \/><\/p>\n<p>Das Untersetzungsgetriebe ist eine Art Kraft\u00fcbertragungsmechanismus, der den Drehzahlwandler des Getriebes verwendet, um die Drehzahl des Motors auf die erforderliche Drehzahl zu reduzieren und eine Struktur mit gro\u00dfem Drehmoment zu erhalten.<\/p>\n<p>Funktion des Untersetzungsgetriebes: Verringern der Geschwindigkeit und gleichzeitiges Erh\u00f6hen des Ausgangsdrehmoments. Das Ausgangsdrehmoment wird mit dem Verz\u00f6gerungsverh\u00e4ltnis des Motors multipliziert, darf jedoch das Nenndrehmoment des Untersetzungsgetriebes nicht \u00fcberschreiten.<\/p>\n<p>4. Motor<\/p>\n<p><img decoding=\"async\" src=\"https:\/\/www.weldmc.com\/wp-content\/uploads\/2025\/05\/Motor_2.png\" alt=\"Motor_2\" \/> <img decoding=\"async\" src=\"https:\/\/www.weldmc.com\/wp-content\/uploads\/2025\/05\/Motor_1.png\" alt=\"Motor_1\" \/><\/p>\n<p><strong><b>Schwei\u00dfen <\/b><\/strong><strong><b>Drehscheibe<\/b><\/strong><strong><b>\u00a0Leitlinien f\u00fcr die Instandhaltung<\/b><\/strong><\/p>\n<p><strong><b>Grundlegende Wartungsinhalte<\/b><\/strong><\/p>\n<p>T\u00e4gliche Wartung - Reinigung der Schwei\u00dfschlacke, \u00dcberpr\u00fcfung der Schmierung und der elektrischen Sicherheit.<\/p>\n<p>Regelm\u00e4\u00dfige Wartung - Schrauben nachziehen, Getriebemechanismus pr\u00fcfen und Sicherheitsfunktion testen.<\/p>\n<p>Umfassende Wartung - j\u00e4hrlicher Austausch verschlissener Teile, Nachschmierung und Systemkalibrierung<\/p>\n<p>Fehlerfr\u00fchwarnung - Sofortiges Anhalten, wenn abnormale Ger\u00e4usche\/ungleichm\u00e4\u00dfige Drehung auftreten.<\/p>\n<p><strong><b>Wert erhalten<\/b><\/strong><\/p>\n<ul>\n<li>Verl\u00e4ngern Sie die Lebensdauer von Ger\u00e4ten um mehr als 30%<\/li>\n<li>Verringerung pl\u00f6tzlicher Ausfallzeiten<\/li>\n<li>Gew\u00e4hrleisten Sie die Stabilit\u00e4t der Schwei\u00dfgenauigkeit.<\/li>\n<\/ul>\n<p><strong><b>Produktzertifizierung<\/b><\/strong><br \/>\nSteigen Sie mit unseren innovativen L\u00f6sungen in die Zukunft der Schwei\u00dftechnik ein.<br \/>\nVon automatisierten Prozessen bis hin zu intuitiven Steuerungen stehen unsere Produkte an der Spitze der Innovation und geben Ihnen die Werkzeuge an die Hand, die Sie brauchen, um auf dem heutigen wettbewerbsorientierten Markt die Nase vorn zu haben!<\/p>\n<p><img decoding=\"async\" src=\"https:\/\/www.weldmc.com\/wp-content\/uploads\/2025\/05\/Product-certification.png\" alt=\"Produktzertifizierung\" \/><\/p>\n<p>Wuxi ABK Machinery Co.Ltd ist ein professioneller Hersteller von Schwei\u00dfrotatoren in China. Und unser Schwei\u00dfrotator umfasst haupts\u00e4chlich Standard-Schwei\u00dfrotator, einstellbarer Schwei\u00dfrotator und spezieller Schwei\u00dfrotator. Wir k\u00f6nnen unseren Kunden auf der ganzen Welt auch viele andere Produkte anbieten, einschlie\u00dflich Schwei\u00dfdrehtisch, Pfahlschwei\u00dfmaschine, Windturm-Produktionslinie, H-Tr\u00e4ger-Schwei\u00dflinie, Rohrschwei\u00dfausr\u00fcstung, CNC-Schneidemaschine, Schleifmaschine, Walzprofiliermaschine, Blechbiegemaschine, etc. Wir haben die ISO- und CE-Zertifizierung erhalten und bieten auch OEM-Service an.<\/p>","protected":false},"excerpt":{"rendered":"<p>Ein hochleistungsf\u00e4higes\u00a0<strong>Schwei\u00dfdrehtisch<\/strong>\u00a0konzipiert f\u00fcr 360\u00b0\u00a0<strong>Rotationsschwei\u00dfen<\/strong>\u00a0von Rohren, Flanschen und kleinen Strukturen. Merkmale\u00a0<strong>1-10 RPM einstellbare Geschwindigkeit<\/strong>,\u00a0<strong>200 kg Tragf\u00e4higkeit<\/strong>und\u00a0<strong>\u00b10,5\u00b0 Positioniergenauigkeit<\/strong>. Ideal f\u00fcr\u00a0<strong>manuelles Schwei\u00dfen<\/strong>\u00a0und\u00a0<strong>Integration von Schwei\u00dfrobotern<\/strong>.\u00a0<strong>CE\/ISO-zertifiziert<\/strong>\u00a0mit\u00a0<strong>Servomotorantrieb<\/strong>\u00a0f\u00fcr pr\u00e4zise Leistung.<\/p>","protected":false},"featured_media":2074,"comment_status":"open","ping_status":"closed","template":"","meta":{"_acf_changed":false},"product_brand":[],"product_cat":[21,29,38],"product_tag":[],"class_list":{"0":"post-985","1":"product","2":"type-product","3":"status-publish","4":"has-post-thumbnail","6":"product_cat-welding-automation","7":"product_cat-welding-positioner","8":"product_cat-welding-turntable","10":"first","11":"instock","12":"shipping-taxable","13":"product-type-simple"},"acf":[],"_links":{"self":[{"href":"https:\/\/www.weldmc.com\/de\/wp-json\/wp\/v2\/product\/985","targetHints":{"allow":["GET"]}}],"collection":[{"href":"https:\/\/www.weldmc.com\/de\/wp-json\/wp\/v2\/product"}],"about":[{"href":"https:\/\/www.weldmc.com\/de\/wp-json\/wp\/v2\/types\/product"}],"replies":[{"embeddable":true,"href":"https:\/\/www.weldmc.com\/de\/wp-json\/wp\/v2\/comments?post=985"}],"wp:featuredmedia":[{"embeddable":true,"href":"https:\/\/www.weldmc.com\/de\/wp-json\/wp\/v2\/media\/2074"}],"wp:attachment":[{"href":"https:\/\/www.weldmc.com\/de\/wp-json\/wp\/v2\/media?parent=985"}],"wp:term":[{"taxonomy":"product_brand","embeddable":true,"href":"https:\/\/www.weldmc.com\/de\/wp-json\/wp\/v2\/product_brand?post=985"},{"taxonomy":"product_cat","embeddable":true,"href":"https:\/\/www.weldmc.com\/de\/wp-json\/wp\/v2\/product_cat?post=985"},{"taxonomy":"product_tag","embeddable":true,"href":"https:\/\/www.weldmc.com\/de\/wp-json\/wp\/v2\/product_tag?post=985"}],"curies":[{"name":"wp","href":"https:\/\/api.w.org\/{rel}","templated":true}]}}