{"id":975,"date":"2025-05-24T23:54:40","date_gmt":"2025-05-24T15:54:40","guid":{"rendered":"http:\/\/111.170.148.214:8095\/?post_type=product&#038;p=975"},"modified":"2025-10-14T15:02:20","modified_gmt":"2025-10-14T07:02:20","slug":"l-type-welding-positioner-5-tons","status":"publish","type":"product","link":"https:\/\/www.weldmc.com\/de\/product\/l-type-welding-positioner-5-tons\/","title":{"rendered":"Schwei\u00dfpositionierer Typ L 5 Tonnen"},"content":{"rendered":"<h4>LHBJ-50 Welding Positioner<\/h4>\n<h4><iframe title=\"YouTube-Video-Player\" src=\"https:\/\/www.youtube.com\/embed\/Ci4QdMo5Qkg?si=2Im1-Qb7S9Z9XMFG\" width=\"560\" height=\"315\" frameborder=\"0\" allowfullscreen=\"allowfullscreen\"><\/iframe><\/h4>\n<table>\n<tbody>\n<tr>\n<td colspan=\"3\" width=\"470\"><strong>Modell<\/strong><\/td>\n<td width=\"430\"><strong>L<\/strong><strong>HBJ-<\/strong><strong>50 with lifting<\/strong><\/td>\n<\/tr>\n<tr>\n<td width=\"313\"><strong>Tragf\u00e4higkeit<\/strong><\/td>\n<td width=\"71\">(KG)<\/td>\n<td width=\"85\"><\/td>\n<td width=\"430\">5000<\/td>\n<\/tr>\n<tr>\n<td width=\"313\"><strong>Rotationsgeschwindigkeit<\/strong><\/td>\n<td width=\"71\">(RPM)<\/td>\n<td width=\"85\"><\/td>\n<td width=\"430\">0.05-0.5<\/td>\n<\/tr>\n<tr>\n<td width=\"313\"><strong>\u00a0Umsatzgeschwindigkeit<\/strong><\/td>\n<td width=\"71\">(RPM)<\/td>\n<td width=\"85\"><\/td>\n<td width=\"430\">0.2<\/td>\n<\/tr>\n<tr>\n<td width=\"313\"><strong>Umschlagswinkel<\/strong><\/td>\n<td width=\"71\">(\u00b0)<\/td>\n<td width=\"85\"><\/td>\n<td width=\"430\">0-120<\/td>\n<\/tr>\n<tr>\n<td width=\"313\"><strong>Drehung A<\/strong><strong>ngle<\/strong><\/td>\n<td width=\"71\">(\u00b0)<\/td>\n<td width=\"85\"><\/td>\n<td width=\"430\">0~360<\/td>\n<\/tr>\n<tr>\n<td width=\"313\"><strong>Gr\u00f6\u00dfe des Arbeitstisches<\/strong><strong>\u00a0Durchmesser<\/strong><\/td>\n<td width=\"71\">(MM)<\/td>\n<td width=\"85\"><\/td>\n<td width=\"430\">900<\/td>\n<\/tr>\n<tr>\n<td width=\"313\"><strong>L L\u00e4nge der St\u00fctze<\/strong><\/td>\n<td width=\"71\">(MM)<\/td>\n<td width=\"85\"><\/td>\n<td width=\"430\">1200<\/td>\n<\/tr>\n<tr>\n<td width=\"313\"><strong>Mindesth\u00f6he des Arbeitstisches<\/strong><\/td>\n<td width=\"71\">(MM)<\/td>\n<td width=\"85\"><\/td>\n<td width=\"430\">1000<\/td>\n<\/tr>\n<tr>\n<td width=\"313\"><strong>Maximale H\u00f6he des Arbeitstisches<\/strong><\/td>\n<td width=\"71\">(MM)<\/td>\n<td width=\"85\"><\/td>\n<td width=\"430\">2000<\/td>\n<\/tr>\n<tr>\n<td width=\"313\"><strong>Stromversorgung<\/strong><\/td>\n<td width=\"71\">(V)<\/td>\n<td width=\"85\">50Hz 3\u0278<\/td>\n<td width=\"430\">380 (je nach Kundenbedarf festgelegt)<\/td>\n<\/tr>\n<tr>\n<td width=\"313\"><strong>Geschwindigkeitsregulierender Typ<\/strong><\/td>\n<td width=\"71\"><\/td>\n<td width=\"85\"><\/td>\n<td width=\"430\">AC-Frequenz stufenlose Drehzahlregelung<\/td>\n<\/tr>\n<tr>\n<td colspan=\"4\" width=\"900\">Hinweis: Alle Angaben beziehen sich auf die Standardausr\u00fcstung, die je nach Kundenanforderung ge\u00e4ndert werden kann.<\/td>\n<\/tr>\n<\/tbody>\n<\/table>\n<p>1. Gro\u00dfw\u00e4lzlager<\/p>\n<p><img decoding=\"async\" src=\"https:\/\/www.weldmc.com\/wp-content\/uploads\/2025\/05\/Slewing-bearing.png\" alt=\"Gro\u00dfw\u00e4lzlager\" \/><\/p>\n<p>Das Gro\u00dfw\u00e4lzlager ist ein wichtiges lasttragendes Bauteil, das die relative Drehung zwischen Maschinenteilen erm\u00f6glicht und gleichzeitig Axial-, Radial- und Kippmomentkr\u00e4fte aufnimmt. Seine kompakte und leichte Konstruktion aus hochfestem legiertem Stahl gew\u00e4hrleistet einen reibungslosen Betrieb mit hoher Pr\u00e4zision (\u00b10,05\u00b0 Drehgenauigkeit) und langer Lebensdauer. Zu den wichtigsten Konfigurationen geh\u00f6ren Befestigungsbohrungen, optionale Innen-\/Au\u00dfenverzahnungen, Schmieranschl\u00fcsse und Dichtungssysteme f\u00fcr erh\u00f6hte Zuverl\u00e4ssigkeit. Mit einem Durchmesserbereich von 300-5000 mm und einer Tragf\u00e4higkeit von bis zu 50.000 kN wird es h\u00e4ufig in Baumaschinen, Windturbinen, Kr\u00e4nen und milit\u00e4rischer Ausr\u00fcstung eingesetzt. F\u00fcr spezielle Anwendungen sind Sonderausf\u00fchrungen erh\u00e4ltlich.<\/p>\n<ol start=\"2\">\n<li>Getriebe<\/li>\n<\/ol>\n<p>1). R\u00fcckw\u00e4rtsgang<\/p>\n<p><img decoding=\"async\" src=\"https:\/\/www.weldmc.com\/wp-content\/uploads\/2025\/05\/Reverse-gear.png\" alt=\"R\u00fcckw\u00e4rtsgang\" \/><\/p>\n<p>Im Allgemeinen betr\u00e4gt der Drehwinkel der Drehvorrichtung 0\u00b0bis 90\u00b0. Die Funktion der Verschiebung wird durch Drehen des Tisches erreicht.<\/p>\n<p>2). R\u00fcckw\u00e4rtsgang<\/p>\n<p><img fetchpriority=\"high\" decoding=\"async\" class=\"\" src=\"https:\/\/www.weldmc.com\/wp-content\/uploads\/2025\/05\/Reverse-gear_1.png\" alt=\"R\u00fcckw\u00e4rtsgang_1\" width=\"359\" height=\"269\" \/> <img decoding=\"async\" class=\"\" src=\"https:\/\/www.weldmc.com\/wp-content\/uploads\/2025\/05\/Reverse-gear_2.png\" alt=\"R\u00fcckw\u00e4rtsgang_2\" width=\"359\" height=\"269\" \/> <img decoding=\"async\" class=\"\" src=\"https:\/\/www.weldmc.com\/wp-content\/uploads\/2025\/05\/Reverse-gear_3.png\" alt=\"R\u00fcckw\u00e4rtsgang_3\" width=\"356\" height=\"268\" \/><\/p>\n<p>Zahnr\u00e4der sind verzahnte mechanische Komponenten, die durch das Ineinandergreifen mit anderen Getriebeelementen wie Zahnstangen, Schnecken oder zus\u00e4tzlichen Zahnr\u00e4dern ein Drehmoment \u00fcbertragen. Sie erm\u00f6glichen eine pr\u00e4zise Steuerung der Kraft\u00fcbertragung durch \u00c4nderung des Drehzahl-\/Drehmomentverh\u00e4ltnisses, Umlenkung von Bewegungswegen und Umwandlung von Bewegungsarten (z. B. rotierend in linear). Ihre ineinander greifende Verzahnung sorgt f\u00fcr eine zuverl\u00e4ssige Kraft\u00fcbertragung und erm\u00f6glicht gleichzeitig einen anpassbaren mechanischen Vorteil in verschiedenen industriellen Anwendungen.<\/p>\n<p>3. die Reduktion<\/p>\n<p><img decoding=\"async\" src=\"https:\/\/www.weldmc.com\/wp-content\/uploads\/2025\/05\/Reducer-1.png\" alt=\"Reduzierst\u00fcck\" \/><\/p>\n<p>Untersetzungsgetriebe sind mechanische Kraft\u00fcbertragungsvorrichtungen, die mit Hilfe von Pr\u00e4zisionsgetrieben die Eingangsdrehzahl reduzieren und gleichzeitig das Ausgangsdrehmoment proportional erh\u00f6hen, wobei das Ausgangsdrehmoment das Produkt aus Motordrehmoment und Getriebe\u00fcbersetzung ist (ohne die Nennkapazit\u00e4t des Getriebes zu \u00fcberschreiten). Diese Systeme verringern gleichzeitig das Tr\u00e4gheitsmoment der Last um das Quadrat des Untersetzungsverh\u00e4ltnisses und erm\u00f6glichen eine optimierte Leistungsumwandlung f\u00fcr verschiedene industrielle Anwendungen durch einen effizienten Getriebeeingriff.<\/p>\n<p><img decoding=\"async\" src=\"https:\/\/www.weldmc.com\/wp-content\/uploads\/2025\/05\/Motor_2.png\" alt=\"Motor_2\" \/> <img decoding=\"async\" src=\"https:\/\/www.weldmc.com\/wp-content\/uploads\/2025\/05\/Motor_1.png\" alt=\"Motor_1\" \/><\/p>\n<p class=\"ds-markdown-paragraph\">Die ordnungsgem\u00e4\u00dfe Instandhaltung unserer\u00a0<strong>L-type welding positioner<\/strong>\u00a0ensures optimal performance for\u00a0<strong>precision welding applications<\/strong>\u00a0in\u00a0<strong>Rohrfertigung<\/strong>,\u00a0<strong>Strukturschwei\u00dfen<\/strong>und\u00a0<strong>pressure vessel manufacturing<\/strong>. Die\u00a0<strong>5-ton capacity positioner<\/strong>\u00a0erfordert regelm\u00e4\u00dfige Pflege, um seine\u00a0<strong>\u00b10,5\u00b0 Rotationsgenauigkeit<\/strong>\u00a0und\u00a0<strong>robust load-bearing capability<\/strong>.<\/p>\n<p class=\"ds-markdown-paragraph\"><strong>Wartungsprotokoll<\/strong><\/p>\n<ol start=\"1\">\n<li>\n<p class=\"ds-markdown-paragraph\"><strong>T\u00e4gliche Pflege<\/strong>: Remove welding spatter, verify lubrication levels (using\u00a0<strong>Mobilith SHC 220 grease<\/strong>), and inspect electrical connections.<\/p>\n<\/li>\n<li>\n<p class=\"ds-markdown-paragraph\"><strong>Weekly Checks<\/strong>: Tighten mounting bolts (85-95 Nm torque) and test emergency stop functions.<\/p>\n<\/li>\n<li>\n<p class=\"ds-markdown-paragraph\"><strong>Annual Service<\/strong>: Replace worn\u00a0<strong>SKF bearings<\/strong>, recalibrate the\u00a0<strong>servo drive system<\/strong>, and verify\u00a0<strong>tilt mechanism alignment<\/strong>.<\/p>\n<\/li>\n<\/ol>\n<p class=\"ds-markdown-paragraph\"><strong>Operational Benefits<\/strong><\/p>\n<ul>\n<li>\n<p class=\"ds-markdown-paragraph\"><strong>30% verl\u00e4ngerte Nutzungsdauer<\/strong>\u00a0compared to standard positioners<\/p>\n<\/li>\n<li>\n<p class=\"ds-markdown-paragraph\"><strong>&lt;0.3mm weld deviation<\/strong>\u00a0throughout equipment lifespan<\/p>\n<\/li>\n<li>\n<p class=\"ds-markdown-paragraph\"><strong>IP54-rated components<\/strong>\u00a0resist industrial contaminants<\/p>\n<\/li>\n<\/ul>\n<p class=\"ds-markdown-paragraph\"><strong>Certification &amp; Innovation<\/strong><br \/>\nUnser\u00a0<strong>CE\/ISO-certified positioner<\/strong>\u00a0integrates:<br \/>\n\u2713\u00a0<strong>Permanent magnet servo motors<\/strong>\u00a0for precise\u00a0<strong>0.1-2 RPM speed control<\/strong><br \/>\n\u2713\u00a0<strong>Reinforced L-type arm<\/strong>\u00a0f\u00fcr\u00a0<strong>heavy pipe welding<\/strong>\u00a0stability<br \/>\n\u2713\u00a0<strong>PLC-ready interface<\/strong>\u00a0f\u00fcr\u00a0<strong>automated welding cell<\/strong>\u00a0Integration<\/p>\n<p><img decoding=\"async\" src=\"https:\/\/www.weldmc.com\/wp-content\/uploads\/2025\/05\/Product-certification.png\" alt=\"Produktzertifizierung\" \/><br \/>\nWuxi ABK Machinery Co.Ltd ist ein professioneller Hersteller von Schwei\u00dfrotatoren in China. Und unser Schwei\u00dfrotator umfasst haupts\u00e4chlich Standard-Schwei\u00dfrotator, einstellbarer Schwei\u00dfrotator und spezieller Schwei\u00dfrotator. Wir k\u00f6nnen unseren Kunden auf der ganzen Welt auch viele andere Produkte anbieten, einschlie\u00dflich Schwei\u00dfdrehtisch, Pfahlschwei\u00dfmaschine, Windturm-Produktionslinie, H-Tr\u00e4ger-Schwei\u00dflinie, Rohrschwei\u00dfausr\u00fcstung, CNC-Schneidemaschine, Schleifmaschine, Walzprofiliermaschine, Blechbiegemaschine, etc. Wir haben die ISO- und CE-Zertifizierung erhalten und bieten auch OEM-Service an.<\/p>","protected":false},"excerpt":{"rendered":"<p><strong>WUXI ABK 5TONS L-Typ Stellungsregler<\/strong>\u00a0bietet eine pr\u00e4zise Positionierung f\u00fcr mittelschwere Schwei\u00dfanwendungen. Mit seiner robusten Stahlkonstruktion und der kontinuierlichen 360\u00b0-Drehung (0,1-1,2 U\/min) ist dieser\u00a0<strong>Schwei\u00dfpositionierer<\/strong>\u00a0bearbeitet Werkst\u00fccke bis zu 5 Tonnen. Die\u00a0<strong>L-Bauweise<\/strong>\u00a0optimiert die Stabilit\u00e4t f\u00fcr\u00a0<strong>Baustahl<\/strong>\u00a0und\u00a0<strong>Rohrschwei\u00dfen<\/strong>, w\u00e4hrend\u00a0<strong>Servomotorsteuerung<\/strong>\u00a0gew\u00e4hrleistet eine genaue Neigung (0-135\u00b0). Enth\u00e4lt\u00a0<strong>leitf\u00e4hige Schleifringe<\/strong>\u00a0um ein Verdrehen der Kabel zu verhindern. Ideal f\u00fcr\u00a0<strong>Fabrikationsbetriebe<\/strong>\u00a0und\u00a0<strong>Druckbeh\u00e4lter<\/strong>\u00a0Produktion.<\/p>","protected":false},"featured_media":2078,"comment_status":"open","ping_status":"closed","template":"","meta":{"_acf_changed":false},"product_brand":[],"product_cat":[21,37,29],"product_tag":[],"class_list":{"0":"post-975","1":"product","2":"type-product","3":"status-publish","4":"has-post-thumbnail","6":"product_cat-welding-automation","7":"product_cat-l-type-positioner","8":"product_cat-welding-positioner","10":"first","11":"instock","12":"shipping-taxable","13":"product-type-simple"},"acf":[],"_links":{"self":[{"href":"https:\/\/www.weldmc.com\/de\/wp-json\/wp\/v2\/product\/975","targetHints":{"allow":["GET"]}}],"collection":[{"href":"https:\/\/www.weldmc.com\/de\/wp-json\/wp\/v2\/product"}],"about":[{"href":"https:\/\/www.weldmc.com\/de\/wp-json\/wp\/v2\/types\/product"}],"replies":[{"embeddable":true,"href":"https:\/\/www.weldmc.com\/de\/wp-json\/wp\/v2\/comments?post=975"}],"wp:featuredmedia":[{"embeddable":true,"href":"https:\/\/www.weldmc.com\/de\/wp-json\/wp\/v2\/media\/2078"}],"wp:attachment":[{"href":"https:\/\/www.weldmc.com\/de\/wp-json\/wp\/v2\/media?parent=975"}],"wp:term":[{"taxonomy":"product_brand","embeddable":true,"href":"https:\/\/www.weldmc.com\/de\/wp-json\/wp\/v2\/product_brand?post=975"},{"taxonomy":"product_cat","embeddable":true,"href":"https:\/\/www.weldmc.com\/de\/wp-json\/wp\/v2\/product_cat?post=975"},{"taxonomy":"product_tag","embeddable":true,"href":"https:\/\/www.weldmc.com\/de\/wp-json\/wp\/v2\/product_tag?post=975"}],"curies":[{"name":"wp","href":"https:\/\/api.w.org\/{rel}","templated":true}]}}