{"id":974,"date":"2025-05-24T23:54:15","date_gmt":"2025-05-24T15:54:15","guid":{"rendered":"http:\/\/111.170.148.214:8095\/?post_type=product&#038;p=974"},"modified":"2025-10-14T15:03:13","modified_gmt":"2025-10-14T07:03:13","slug":"l-form-positioniermaschine-3-tonnen","status":"publish","type":"product","link":"https:\/\/www.weldmc.com\/de\/product\/l-form-positioniermaschine-3-tonnen\/","title":{"rendered":"L Form Positionierer Maschine 3 TONS"},"content":{"rendered":"<h4>LHBJ-30 Schwei\u00dfpositionierer<\/h4>\n<p><iframe title=\"YouTube-Video-Player\" src=\"https:\/\/www.youtube.com\/embed\/Ci4QdMo5Qkg?si=2Im1-Qb7S9Z9XMFG\" width=\"560\" height=\"315\" frameborder=\"0\" allowfullscreen=\"allowfullscreen\"><\/iframe><\/p>\n<table>\n<tbody>\n<tr>\n<td colspan=\"3\" width=\"470\"><strong>Modell<\/strong><\/td>\n<td width=\"430\"><strong>L<\/strong><strong>HBJ-<\/strong><strong>30 mit Heben<\/strong><\/td>\n<\/tr>\n<tr>\n<td width=\"313\"><strong>Tragf\u00e4higkeit<\/strong><\/td>\n<td width=\"71\">(KG)<\/td>\n<td width=\"85\"><\/td>\n<td width=\"430\">3000<\/td>\n<\/tr>\n<tr>\n<td width=\"313\"><strong>Rotationsgeschwindigkeit<\/strong><\/td>\n<td width=\"71\">(RPM)<\/td>\n<td width=\"85\"><\/td>\n<td width=\"430\">0.05-0.5<\/td>\n<\/tr>\n<tr>\n<td width=\"313\"><strong>\u00a0Umsatzgeschwindigkeit<\/strong><\/td>\n<td width=\"71\">(RPM)<\/td>\n<td width=\"85\"><\/td>\n<td width=\"430\">0.2<\/td>\n<\/tr>\n<tr>\n<td width=\"313\"><strong>Umschlagswinkel<\/strong><\/td>\n<td width=\"71\">(\u00b0)<\/td>\n<td width=\"85\"><\/td>\n<td width=\"430\">0-120<\/td>\n<\/tr>\n<tr>\n<td width=\"313\"><strong>Drehung A<\/strong><strong>ngle<\/strong><\/td>\n<td width=\"71\">(\u00b0)<\/td>\n<td width=\"85\"><\/td>\n<td width=\"430\">0~360<\/td>\n<\/tr>\n<tr>\n<td width=\"313\"><strong>Gr\u00f6\u00dfe des Arbeitstisches<\/strong><strong>\u00a0Durchmesser<\/strong><\/td>\n<td width=\"71\">(MM)<\/td>\n<td width=\"85\"><\/td>\n<td width=\"430\">1500<\/td>\n<\/tr>\n<tr>\n<td width=\"313\"><strong>L L\u00e4nge der St\u00fctze<\/strong><\/td>\n<td width=\"71\">(MM)<\/td>\n<td width=\"85\"><\/td>\n<td width=\"430\">800<\/td>\n<\/tr>\n<tr>\n<td width=\"313\"><strong>Mindesth\u00f6he des Arbeitstisches<\/strong><\/td>\n<td width=\"71\">(MM)<\/td>\n<td width=\"85\"><\/td>\n<td width=\"430\">1000<\/td>\n<\/tr>\n<tr>\n<td width=\"313\"><strong>Maximale H\u00f6he des Arbeitstisches<\/strong><\/td>\n<td width=\"71\">(MM)<\/td>\n<td width=\"85\"><\/td>\n<td width=\"430\">2000<\/td>\n<\/tr>\n<tr>\n<td width=\"313\"><strong>Stromversorgung<\/strong><\/td>\n<td width=\"71\">(V)<\/td>\n<td width=\"85\">50Hz 3\u0278<\/td>\n<td width=\"430\">380 (je nach Kundenbedarf festgelegt)<\/td>\n<\/tr>\n<tr>\n<td width=\"313\"><strong>Geschwindigkeitsregulierender Typ<\/strong><\/td>\n<td width=\"71\"><\/td>\n<td width=\"85\"><\/td>\n<td width=\"430\">AC-Frequenz stufenlose Drehzahlregelung<\/td>\n<\/tr>\n<tr>\n<td colspan=\"4\" width=\"900\">Hinweis: Alle Angaben beziehen sich auf die Standardausr\u00fcstung, die je nach Kundenanforderung ge\u00e4ndert werden kann.<\/td>\n<\/tr>\n<\/tbody>\n<\/table>\n<p>1. Gro\u00dfw\u00e4lzlager<\/p>\n<p><img decoding=\"async\" src=\"https:\/\/www.weldmc.com\/wp-content\/uploads\/2025\/05\/Slewing-bearing.png\" alt=\"Gro\u00dfw\u00e4lzlager\" \/><\/p>\n<p>Das Gro\u00dfw\u00e4lzlager ist ein wichtiges lasttragendes Bauteil, das die relative Drehung zwischen Maschinenteilen erm\u00f6glicht und gleichzeitig Axial-, Radial- und Kippmomentkr\u00e4fte aufnimmt. Seine kompakte und leichte Konstruktion aus hochfestem legiertem Stahl gew\u00e4hrleistet einen reibungslosen Betrieb mit hoher Pr\u00e4zision (\u00b10,05\u00b0 Drehgenauigkeit) und langer Lebensdauer. Zu den wichtigsten Konfigurationen geh\u00f6ren Befestigungsbohrungen, optionale Innen-\/Au\u00dfenverzahnungen, Schmieranschl\u00fcsse und Dichtungssysteme f\u00fcr erh\u00f6hte Zuverl\u00e4ssigkeit. Mit einem Durchmesserbereich von 300-5000 mm und einer Tragf\u00e4higkeit von bis zu 50.000 kN wird es h\u00e4ufig in Baumaschinen, Windturbinen, Kr\u00e4nen und milit\u00e4rischer Ausr\u00fcstung eingesetzt. F\u00fcr spezielle Anwendungen sind Sonderausf\u00fchrungen erh\u00e4ltlich.<\/p>\n<ol start=\"2\">\n<li>Getriebe<\/li>\n<\/ol>\n<p>1). R\u00fcckw\u00e4rtsgang<\/p>\n<p><img decoding=\"async\" src=\"https:\/\/www.weldmc.com\/wp-content\/uploads\/2025\/05\/Reverse-gear.png\" alt=\"R\u00fcckw\u00e4rtsgang\" \/><\/p>\n<p>Im Allgemeinen betr\u00e4gt der Drehwinkel der Drehvorrichtung 0\u00b0bis 90\u00b0. Die Funktion der Verschiebung wird durch Drehen des Tisches erreicht.<\/p>\n<p>2). R\u00fcckw\u00e4rtsgang<\/p>\n<p><img fetchpriority=\"high\" decoding=\"async\" class=\"\" src=\"https:\/\/www.weldmc.com\/wp-content\/uploads\/2025\/05\/Reverse-gear_1.png\" alt=\"R\u00fcckw\u00e4rtsgang_1\" width=\"312\" height=\"234\" \/> <img decoding=\"async\" class=\"\" src=\"https:\/\/www.weldmc.com\/wp-content\/uploads\/2025\/05\/Reverse-gear_2.png\" alt=\"R\u00fcckw\u00e4rtsgang_2\" width=\"314\" height=\"235\" \/> <img decoding=\"async\" class=\"\" src=\"https:\/\/www.weldmc.com\/wp-content\/uploads\/2025\/05\/Reverse-gear_3.png\" alt=\"R\u00fcckw\u00e4rtsgang_3\" width=\"314\" height=\"236\" \/><\/p>\n<p>Zahnr\u00e4der sind verzahnte mechanische Komponenten, die durch das Ineinandergreifen mit anderen Getriebeelementen wie Zahnstangen, Schnecken oder zus\u00e4tzlichen Zahnr\u00e4dern ein Drehmoment \u00fcbertragen. Sie erm\u00f6glichen eine pr\u00e4zise Steuerung der Kraft\u00fcbertragung durch \u00c4nderung des Drehzahl-\/Drehmomentverh\u00e4ltnisses, Umlenkung von Bewegungswegen und Umwandlung von Bewegungsarten (z. B. rotierend in linear). Ihre ineinander greifende Verzahnung sorgt f\u00fcr eine zuverl\u00e4ssige Kraft\u00fcbertragung und erm\u00f6glicht gleichzeitig einen anpassbaren mechanischen Vorteil in verschiedenen industriellen Anwendungen.<\/p>\n<p>3. die Reduktion<\/p>\n<p><img decoding=\"async\" src=\"https:\/\/www.weldmc.com\/wp-content\/uploads\/2025\/05\/Reducer-1.png\" alt=\"Reduzierst\u00fcck\" \/><\/p>\n<p>Untersetzungsgetriebe sind mechanische Kraft\u00fcbertragungsvorrichtungen, die mit Hilfe von Pr\u00e4zisionsgetrieben die Eingangsdrehzahl reduzieren und gleichzeitig das Ausgangsdrehmoment proportional erh\u00f6hen, wobei das Ausgangsdrehmoment das Produkt aus Motordrehmoment und Getriebe\u00fcbersetzung ist (ohne die Nennkapazit\u00e4t des Getriebes zu \u00fcberschreiten). Diese Systeme verringern gleichzeitig das Tr\u00e4gheitsmoment der Last um das Quadrat des Untersetzungsverh\u00e4ltnisses und erm\u00f6glichen eine optimierte Leistungsumwandlung f\u00fcr verschiedene industrielle Anwendungen durch einen effizienten Getriebeeingriff.<\/p>\n<p><img decoding=\"async\" src=\"https:\/\/www.weldmc.com\/wp-content\/uploads\/2025\/05\/Motor_2.png\" alt=\"Motor_2\" \/> <img decoding=\"async\" src=\"https:\/\/www.weldmc.com\/wp-content\/uploads\/2025\/05\/Motor_1.png\" alt=\"Motor_1\" \/><\/p>\n<p class=\"ds-markdown-paragraph\">Unser\u00a0<strong>L-Typ Schwei\u00dfpositionierer<\/strong>\u00a0sorgt f\u00fcr langfristige Zuverl\u00e4ssigkeit durch richtige Wartung. F\u00fcr den t\u00e4glichen Betrieb, entfernen Sie\u00a0<strong>Schwei\u00dfschlacke<\/strong>\u00a0und zu \u00fcberpr\u00fcfen\u00a0<strong>Schmierstoffmengen<\/strong>\u00a0bei der Inspektion\u00a0<strong>elektrische Sicherheitskomponenten<\/strong>. Die monatlichen Verfahren umfassen:<\/p>\n<ul>\n<li>\n<p class=\"ds-markdown-paragraph\">Straffung\u00a0<strong>Stellungsregler-Befestigungsbolzen<\/strong><\/p>\n<\/li>\n<li>\n<p class=\"ds-markdown-paragraph\">Pr\u00fcfung von\u00a0<strong>\u00dcbersetzungsmechanismen<\/strong><\/p>\n<\/li>\n<li>\n<p class=\"ds-markdown-paragraph\">Pr\u00fcfung\u00a0<strong>Not-Aus-Funktionen<\/strong><\/p>\n<\/li>\n<\/ul>\n<p class=\"ds-markdown-paragraph\">J\u00e4hrliche Tiefenpflege erforderlich:<br \/>\n\u2713 Ersetzen von\u00a0<strong>verschlei\u00dfanf\u00e4llige Teile<\/strong>\u00a0im\u00a0<strong>Drehtisch<\/strong><br \/>\n\u2713 Vollst\u00e4ndig\u00a0<strong>Lagernachschmierung<\/strong><br \/>\n\u2713 Voll\u00a0<strong>System-Neukalibrierung<\/strong>\u00a0um \u00b10,5\u00b0 zu halten\u00a0<strong>Positionierungsgenauigkeit<\/strong><\/p>\n<p class=\"ds-markdown-paragraph\">Kritische operative Warnungen:<br \/>\n\u25c6 Sofortige Abschaltung bei Erkennung\u00a0<strong>abnormale Getriebeger\u00e4usche<\/strong><br \/>\n\u25c6 Professionelle Inspektion f\u00fcr\u00a0<strong>ungleichm\u00e4\u00dfige Drehung<\/strong>\u00a0Muster<\/p>\n<p class=\"ds-markdown-paragraph\">Dieses Wartungsprotokoll liefert:<\/p>\n<ul>\n<li>\n<p class=\"ds-markdown-paragraph\"><strong>30% verl\u00e4ngerte Nutzungsdauer<\/strong>\u00a0f\u00fcr\u00a0<strong>Schwei\u00dfdrehtisch<\/strong>\u00a0Komponenten<\/p>\n<\/li>\n<li>\n<p class=\"ds-markdown-paragraph\"><strong>50% Erm\u00e4\u00dfigung<\/strong>\u00a0an ungeplanter Ausfallzeit<\/p>\n<\/li>\n<li>\n<p class=\"ds-markdown-paragraph\">Einheitlich\u00a0<strong>Pr\u00e4zision der Schwei\u00dfverbindung<\/strong>\u00a0f\u00fcr\u00a0<strong>automatisiertes Schwei\u00dfen<\/strong>\u00a0Anwendungen<\/p>\n<\/li>\n<\/ul>\n<p class=\"ds-markdown-paragraph\"><strong>Zertifizierung und Technologie<\/strong><br \/>\nDie\u00a0<strong>3TONS L-Typ Stellungsregler<\/strong>\u00a0tr\u00e4gt\u00a0<strong>CE\/ISO-Zertifizierung<\/strong>\u00a0und beinhaltet:<\/p>\n<ul>\n<li>\n<p class=\"ds-markdown-paragraph\"><strong>Robuste Stahlgusskonstruktion<\/strong>\u00a0(Optionen f\u00fcr 5-400 Tonnen Kapazit\u00e4t)<\/p>\n<\/li>\n<li>\n<p class=\"ds-markdown-paragraph\"><strong>Pr\u00e4zisions-Schneckenradantrieb<\/strong>\u00a0f\u00fcr\u00a0<strong>Schwerlastpositionierung<\/strong><\/p>\n<\/li>\n<li>\n<p class=\"ds-markdown-paragraph\"><strong>PLC-integrierte Steuerungen<\/strong>\u00a0kompatibel mit\u00a0<strong>Schwei\u00dfroboterzellen<\/strong><\/p>\n<\/li>\n<\/ul>\n<p class=\"ds-markdown-paragraph\"><strong>Industrieanwendungen<\/strong>:<br \/>\n\u2714\u00a0<strong>Herstellung von Druckbeh\u00e4ltern<\/strong><br \/>\n\u2714\u00a0<strong>Schwei\u00dfen von Baustahl<\/strong><br \/>\n\u2714\u00a0<strong>Montage von Windturmkomponenten<\/strong><\/p>\n<p><img decoding=\"async\" src=\"https:\/\/www.weldmc.com\/wp-content\/uploads\/2025\/05\/Product-certification.png\" alt=\"Produktzertifizierung\" \/><br \/>\nWuxi ABK Machinery Co.Ltd ist ein professioneller Hersteller von Schwei\u00dfrotatoren in China. Und unser Schwei\u00dfrotator umfasst haupts\u00e4chlich Standard-Schwei\u00dfrotator, einstellbarer Schwei\u00dfrotator und spezieller Schwei\u00dfrotator. Wir k\u00f6nnen unseren Kunden auf der ganzen Welt auch viele andere Produkte anbieten, einschlie\u00dflich Schwei\u00dfdrehtisch, Pfahlschwei\u00dfmaschine, Windturm-Produktionslinie, H-Tr\u00e4ger-Schwei\u00dflinie, Rohrschwei\u00dfausr\u00fcstung, CNC-Schneidemaschine, Schleifmaschine, Walzprofiliermaschine, Blechbiegemaschine, etc. Wir haben die ISO- und CE-Zertifizierung erhalten und bieten auch OEM-Service an.<\/p>","protected":false},"excerpt":{"rendered":"<p><strong>WUXI ABK 3TONS L-Typ Stellungsregler<\/strong>\u00a0liefert Pr\u00e4zisionsrotation f\u00fcr Roboterschwei\u00dfen und -fertigung. Mit seinem robusten Schneckengetriebe (\u00b10,5\u00b0 Genauigkeit) und der CE-zertifizierten Konstruktion ist er ideal f\u00fcr Druckbeh\u00e4lter und Baustahl. Inklusive SPS-Steuerung, 3000-mm-Tischoptionen und wartungsfreundlichem Design.<\/p>","protected":false},"featured_media":2077,"comment_status":"open","ping_status":"closed","template":"","meta":{"_acf_changed":false},"product_brand":[],"product_cat":[21,37,29],"product_tag":[],"class_list":{"0":"post-974","1":"product","2":"type-product","3":"status-publish","4":"has-post-thumbnail","6":"product_cat-welding-automation","7":"product_cat-l-type-positioner","8":"product_cat-welding-positioner","10":"first","11":"instock","12":"shipping-taxable","13":"product-type-simple"},"acf":[],"_links":{"self":[{"href":"https:\/\/www.weldmc.com\/de\/wp-json\/wp\/v2\/product\/974","targetHints":{"allow":["GET"]}}],"collection":[{"href":"https:\/\/www.weldmc.com\/de\/wp-json\/wp\/v2\/product"}],"about":[{"href":"https:\/\/www.weldmc.com\/de\/wp-json\/wp\/v2\/types\/product"}],"replies":[{"embeddable":true,"href":"https:\/\/www.weldmc.com\/de\/wp-json\/wp\/v2\/comments?post=974"}],"wp:featuredmedia":[{"embeddable":true,"href":"https:\/\/www.weldmc.com\/de\/wp-json\/wp\/v2\/media\/2077"}],"wp:attachment":[{"href":"https:\/\/www.weldmc.com\/de\/wp-json\/wp\/v2\/media?parent=974"}],"wp:term":[{"taxonomy":"product_brand","embeddable":true,"href":"https:\/\/www.weldmc.com\/de\/wp-json\/wp\/v2\/product_brand?post=974"},{"taxonomy":"product_cat","embeddable":true,"href":"https:\/\/www.weldmc.com\/de\/wp-json\/wp\/v2\/product_cat?post=974"},{"taxonomy":"product_tag","embeddable":true,"href":"https:\/\/www.weldmc.com\/de\/wp-json\/wp\/v2\/product_tag?post=974"}],"curies":[{"name":"wp","href":"https:\/\/api.w.org\/{rel}","templated":true}]}}