{"id":972,"date":"2025-05-24T23:38:59","date_gmt":"2025-05-24T15:38:59","guid":{"rendered":"http:\/\/111.170.148.214:8095\/?post_type=product&#038;p=972"},"modified":"2025-10-14T15:04:45","modified_gmt":"2025-10-14T07:04:45","slug":"head-and-tail-stock-positioner-3-tons","status":"publish","type":"product","link":"https:\/\/www.weldmc.com\/de\/product\/head-and-tail-stock-positioner-3-tons\/","title":{"rendered":"Kopf- und Reitstockpositionierer 3 Tonnen"},"content":{"rendered":"<p>Die <strong><b>Schwei\u00dfpositionierer der Serie HBT,<\/b><\/strong>\u00a0entwickelt von <strong><b>WUXI ABK<\/b><\/strong>kombiniert fortschrittliche nationale und internationale Technologien mit praktischen Erfahrungen der Nutzer. Sein <strong><b>schlankes, kompaktes Design<\/b><\/strong>\u00a0gew\u00e4hrleistet <strong><b>hohe Pr\u00e4zision, zuverl\u00e4ssige Leistung und einfache Bedienung<\/b><\/strong>und ist damit eine bevorzugte Wahl f\u00fcr industrielle Anwendungen.<\/p>\n<p><img fetchpriority=\"high\" decoding=\"async\" class=\"\" src=\"https:\/\/www.weldmc.com\/wp-content\/uploads\/2025\/05\/Head-Tail-Positioner_1.png\" alt=\"Head Tail Positioner_1\" width=\"357\" height=\"246\" \/> <img decoding=\"async\" class=\"\" src=\"https:\/\/www.weldmc.com\/wp-content\/uploads\/2025\/05\/Head-Tail-Positioner_2.png\" alt=\"Kopf-Schwanz-Positionierer_2\" width=\"326\" height=\"245\" \/> <img decoding=\"async\" class=\"\" src=\"https:\/\/www.weldmc.com\/wp-content\/uploads\/2025\/05\/Head-Tail-Positioner_3.png\" alt=\"Kopf-Schwanz-Positionierer_3\" width=\"324\" height=\"243\" \/><\/p>\n<p><iframe title=\"YouTube-Video-Player\" src=\"https:\/\/www.youtube.com\/embed\/Zt_kWBLUVVg?si=P8jgHSRF2GINgJ5h\" width=\"560\" height=\"315\" frameborder=\"0\" allowfullscreen=\"allowfullscreen\"><\/iframe><\/p>\n<table>\n<tbody>\n<tr>\n<td colspan=\"3\" width=\"511\"><strong>Modell<\/strong><\/td>\n<td width=\"386\"><strong>HB<\/strong><strong>T<\/strong><strong>&#8211;<\/strong><strong>30<\/strong><\/td>\n<\/tr>\n<tr>\n<td width=\"326\"><strong>Tragf\u00e4higkeit<\/strong><\/td>\n<td width=\"85\">(TON)<\/td>\n<td width=\"99\"><\/td>\n<td width=\"386\">3<\/td>\n<\/tr>\n<tr>\n<td width=\"326\"><strong>Abbiegewinkel<\/strong><\/td>\n<td width=\"85\">(\u00b0)<\/td>\n<td width=\"99\"><\/td>\n<td width=\"386\">360<\/td>\n<\/tr>\n<tr>\n<td width=\"326\"><strong>T<\/strong><strong>Umdrehungsgeschwindigkeit<\/strong><\/td>\n<td width=\"85\">(RPM)<\/td>\n<td width=\"99\"><\/td>\n<td width=\"386\">0.04-0.4<\/td>\n<\/tr>\n<tr>\n<td width=\"326\"><strong>Umkehrung <\/strong><strong>\u00a0Winkel<\/strong><\/td>\n<td width=\"85\">(\u00b0)<\/td>\n<td width=\"99\"><\/td>\n<td width=\"386\">360<\/td>\n<\/tr>\n<tr>\n<td width=\"326\"><strong>Arbeitstisch <\/strong><strong>Durchmesser<\/strong><\/td>\n<td width=\"85\">(MM)<\/td>\n<td width=\"99\"><\/td>\n<td width=\"386\">1500<\/td>\n<\/tr>\n<tr>\n<td width=\"326\"><strong>\u00dcberschlag Spitzenh\u00f6he<\/strong><\/td>\n<td width=\"85\">(MM)<\/td>\n<td width=\"99\"><\/td>\n<td width=\"386\">1500<\/td>\n<\/tr>\n<tr>\n<td width=\"326\"><strong>Abstand zwischen zwei Basen<\/strong><\/td>\n<td width=\"85\">(MM)<\/td>\n<td width=\"99\"><\/td>\n<td width=\"386\">3000<\/td>\n<\/tr>\n<tr>\n<td width=\"326\"><strong>Arbeitstisch <\/strong><strong>T<\/strong><strong>Wenden\/<\/strong><strong>O<\/strong><strong>verturning<\/strong><\/td>\n<td width=\"85\"><\/td>\n<td width=\"99\"><\/td>\n<td width=\"386\">Mechanisiert<\/td>\n<\/tr>\n<tr>\n<td width=\"326\"><strong>Drehung<\/strong><strong>\u00a0Motorleistung<\/strong><\/td>\n<td width=\"85\">(KW)<\/td>\n<td width=\"99\"><\/td>\n<td width=\"386\">1.1<\/td>\n<\/tr>\n<tr>\n<td width=\"326\"><strong>umkehren<\/strong><strong>\u00a0Motorleistung<\/strong><\/td>\n<td width=\"85\">(KW)<\/td>\n<td width=\"99\"><\/td>\n<td width=\"386\">2.2<\/td>\n<\/tr>\n<tr>\n<td width=\"326\"><strong>Stromversorgung<\/strong><\/td>\n<td width=\"85\">(V)<\/td>\n<td width=\"99\">50Hz 3\u0278<\/td>\n<td width=\"386\">380 (je nach Kundenbedarf festgelegt)<\/td>\n<\/tr>\n<tr>\n<td width=\"326\"><strong>Geschwindigkeitsregulierender Typ<\/strong><\/td>\n<td width=\"85\"><\/td>\n<td width=\"99\"><\/td>\n<td width=\"386\">AC-Frequenz stufenlose Drehzahlregelung<\/td>\n<\/tr>\n<tr>\n<td colspan=\"4\" width=\"897\">Hinweis: Alle Angaben beziehen sich auf die Standardausr\u00fcstung, die je nach Kundenanforderung ge\u00e4ndert werden kann.<\/td>\n<\/tr>\n<\/tbody>\n<\/table>\n<p>1. Gro\u00dfw\u00e4lzlager<\/p>\n<p><img decoding=\"async\" src=\"https:\/\/www.weldmc.com\/wp-content\/uploads\/2025\/05\/Slewing-bearing.png\" alt=\"Gro\u00dfw\u00e4lzlager\" \/><\/p>\n<p>Das Gro\u00dfw\u00e4lzlager ist ein wichtiges lasttragendes Bauteil, das die relative Drehung zwischen Maschinenteilen erm\u00f6glicht und gleichzeitig Axial-, Radial- und Kippmomentkr\u00e4fte aufnimmt. Seine kompakte und leichte Konstruktion aus hochfestem legiertem Stahl gew\u00e4hrleistet einen reibungslosen Betrieb mit hoher Pr\u00e4zision (\u00b10,05\u00b0 Drehgenauigkeit) und langer Lebensdauer. Zu den wichtigsten Konfigurationen geh\u00f6ren Befestigungsbohrungen, optionale Innen-\/Au\u00dfenverzahnungen, Schmieranschl\u00fcsse und Dichtungssysteme f\u00fcr erh\u00f6hte Zuverl\u00e4ssigkeit. Mit einem Durchmesserbereich von 300-5000 mm und einer Tragf\u00e4higkeit von bis zu 50.000 kN wird es h\u00e4ufig in Baumaschinen, Windturbinen, Kr\u00e4nen und milit\u00e4rischer Ausr\u00fcstung eingesetzt. F\u00fcr spezielle Anwendungen sind Sonderausf\u00fchrungen erh\u00e4ltlich.<\/p>\n<ol start=\"2\">\n<li>Getriebe<\/li>\n<\/ol>\n<p>1). R\u00fcckw\u00e4rtsgang<\/p>\n<p><img loading=\"lazy\" decoding=\"async\" class=\"\" src=\"https:\/\/www.weldmc.com\/wp-content\/uploads\/2025\/05\/Reverse-gear.png\" alt=\"R\u00fcckw\u00e4rtsgang\" width=\"446\" height=\"335\" \/><\/p>\n<p>Im Allgemeinen betr\u00e4gt der Drehwinkel der Drehvorrichtung 0\u00b0bis 90\u00b0. Die Funktion der Verschiebung wird durch Drehen des Tisches erreicht.<\/p>\n<p>2). R\u00fcckw\u00e4rtsgang<\/p>\n<p><img loading=\"lazy\" decoding=\"async\" class=\"\" src=\"https:\/\/www.weldmc.com\/wp-content\/uploads\/2025\/05\/Reverse-gear_1.png\" alt=\"R\u00fcckw\u00e4rtsgang_1\" width=\"321\" height=\"241\" \/> <img loading=\"lazy\" decoding=\"async\" class=\"\" src=\"https:\/\/www.weldmc.com\/wp-content\/uploads\/2025\/05\/Reverse-gear_2.png\" alt=\"R\u00fcckw\u00e4rtsgang_2\" width=\"322\" height=\"241\" \/> <img loading=\"lazy\" decoding=\"async\" class=\"\" src=\"https:\/\/www.weldmc.com\/wp-content\/uploads\/2025\/05\/Reverse-gear_3.png\" alt=\"R\u00fcckw\u00e4rtsgang_3\" width=\"320\" height=\"240\" \/><\/p>\n<p>Zahnr\u00e4der sind verzahnte mechanische Komponenten, die durch das Ineinandergreifen mit anderen Getriebeelementen wie Zahnstangen, Schnecken oder zus\u00e4tzlichen Zahnr\u00e4dern ein Drehmoment \u00fcbertragen. Sie erm\u00f6glichen eine pr\u00e4zise Steuerung der Kraft\u00fcbertragung durch \u00c4nderung des Drehzahl-\/Drehmomentverh\u00e4ltnisses, Umlenkung von Bewegungswegen und Umwandlung von Bewegungsarten (z. B. rotierend in linear). Ihre ineinander greifende Verzahnung sorgt f\u00fcr eine zuverl\u00e4ssige Kraft\u00fcbertragung und erm\u00f6glicht gleichzeitig einen anpassbaren mechanischen Vorteil in verschiedenen industriellen Anwendungen.<\/p>\n<p>3. die Reduktion<\/p>\n<p><img decoding=\"async\" src=\"https:\/\/www.weldmc.com\/wp-content\/uploads\/2025\/05\/Reducer.png\" alt=\"Reduzierst\u00fcck\" \/><\/p>\n<p>Untersetzungsgetriebe sind mechanische Kraft\u00fcbertragungsvorrichtungen, die mit Hilfe von Pr\u00e4zisionsgetrieben die Eingangsdrehzahl reduzieren und gleichzeitig das Ausgangsdrehmoment proportional erh\u00f6hen, wobei das Ausgangsdrehmoment das Produkt aus Motordrehmoment und Getriebe\u00fcbersetzung ist (ohne die Nennkapazit\u00e4t des Getriebes zu \u00fcberschreiten). Diese Systeme verringern gleichzeitig das Tr\u00e4gheitsmoment der Last um das Quadrat des Untersetzungsverh\u00e4ltnisses und erm\u00f6glichen eine optimierte Leistungsumwandlung f\u00fcr verschiedene industrielle Anwendungen durch einen effizienten Getriebeeingriff.<\/p>\n<p><img decoding=\"async\" src=\"https:\/\/www.weldmc.com\/wp-content\/uploads\/2025\/05\/Motor_2.png\" alt=\"Motor_2\" \/> <img decoding=\"async\" src=\"https:\/\/www.weldmc.com\/wp-content\/uploads\/2025\/05\/Motor_1.png\" alt=\"Motor_1\" \/><\/p>\n<p class=\"ds-markdown-paragraph\">Unser\u00a0<strong>3-ton welding positioner<\/strong>\u00a0delivers precision performance for\u00a0<strong>rotary welding applications<\/strong>, requiring proper care to maintain optimal functionality. Daily maintenance includes\u00a0<strong>welding slag removal<\/strong>, lubrication checks, and\u00a0<strong>electrical safety inspections<\/strong>\u00a0to ensure smooth operation. Monthly procedures involve bolt tightening,\u00a0<strong>transmission mechanism evaluation<\/strong>, and safety function tests. Annual deep maintenance requires\u00a0<strong>worn parts replacement<\/strong>, complete re-lubrication, and\u00a0<strong>System-Neukalibrierung<\/strong>\u00a0to preserve \u00b10.5\u00b0 positioning accuracy.<\/p>\n<p class=\"ds-markdown-paragraph\"><strong>Critical Maintenance Benefits:<\/strong><br \/>\n\u2713\u00a0<strong>30% verl\u00e4ngert die Lebensdauer der Ger\u00e4te<\/strong>\u00a0im Vergleich zu Standardmodellen<br \/>\n\u2713\u00a0<strong>50% reduction in unplanned downtime<\/strong>\u00a0through proactive care<br \/>\n\u2713 Konsequent\u00a0<strong>Schwei\u00dfgenauigkeit<\/strong>\u00a0f\u00fcr\u00a0<strong>Rohrfertigung<\/strong>\u00a0und\u00a0<strong>Strukturschwei\u00dfen<\/strong><\/p>\n<p class=\"ds-markdown-paragraph\">Diese\u00a0<strong>CE-zertifizierter Stellungsregler<\/strong>\u00a0Merkmale:<\/p>\n<ul>\n<li>\n<p class=\"ds-markdown-paragraph\"><strong>3-ton load capacity<\/strong>\u00a0f\u00fcr\u00a0<strong>small-to-medium workpiece<\/strong>\u00a0handling<\/p>\n<\/li>\n<li>\n<p class=\"ds-markdown-paragraph\"><strong>Dual-axis control<\/strong>\u00a0for complex\u00a0<strong>welding positioning<\/strong><\/p>\n<\/li>\n<li>\n<p class=\"ds-markdown-paragraph\"><strong>IP54-rated components<\/strong>\u00a0resistant to\u00a0<strong>Schwei\u00dfspritzer<\/strong>\u00a0and dust<\/p>\n<\/li>\n<\/ul>\n<p class=\"ds-markdown-paragraph\"><strong>Warning Indicators Requiring Immediate Shutdown:<\/strong><\/p>\n<ol start=\"1\">\n<li>\n<p class=\"ds-markdown-paragraph\">Abnormal grinding\/knocking noises<\/p>\n<\/li>\n<li>\n<p class=\"ds-markdown-paragraph\">Irregular rotation patterns<\/p>\n<\/li>\n<li>\n<p class=\"ds-markdown-paragraph\"><strong>Servo motor<\/strong>\u00a0overheating<\/p>\n<\/li>\n<\/ol>\n<p class=\"ds-markdown-paragraph\">As a leader in\u00a0<strong>welding automation technology<\/strong>, WUXI ABK provides:<\/p>\n<ul>\n<li>\n<p class=\"ds-markdown-paragraph\"><strong>ASME-compliant positioner<\/strong>\u00a0designs<\/p>\n<\/li>\n<li>\n<p class=\"ds-markdown-paragraph\"><strong>Robot-ready integration<\/strong>\u00a0interfaces<\/p>\n<\/li>\n<li>\n<p class=\"ds-markdown-paragraph\"><strong>3 Jahre Garantie<\/strong>\u00a0auf\u00a0<strong>precision gearboxes<\/strong><\/p>\n<\/li>\n<\/ul>\n<p><img decoding=\"async\" src=\"https:\/\/www.weldmc.com\/wp-content\/uploads\/2025\/05\/Product-certification.png\" alt=\"Produktzertifizierung\" \/><br \/>\nWuxi ABK Machinery Co.Ltd ist ein professioneller Hersteller von Schwei\u00dfrotatoren in China. Und unser Schwei\u00dfrotator umfasst haupts\u00e4chlich Standard-Schwei\u00dfrotator, einstellbarer Schwei\u00dfrotator und spezieller Schwei\u00dfrotator. Wir k\u00f6nnen unseren Kunden auf der ganzen Welt auch viele andere Produkte anbieten, einschlie\u00dflich Schwei\u00dfdrehtisch, Pfahlschwei\u00dfmaschine, Windturm-Produktionslinie, H-Tr\u00e4ger-Schwei\u00dflinie, Rohrschwei\u00dfausr\u00fcstung, CNC-Schneidemaschine, Schleifmaschine, Walzprofiliermaschine, Blechbiegemaschine, etc. Wir haben die ISO- und CE-Zertifizierung erhalten und bieten auch OEM-Service an.<\/p>","protected":false},"excerpt":{"rendered":"<p><strong>WUXI ABK 3T Kopf- und Heckpositionierer<\/strong>\u00a0liefert Pr\u00e4zisionsrotation f\u00fcr kleine bis mittelgro\u00dfe Werkst\u00fccke. Dieser kompakte Schwei\u00dfpositionierer bietet eine Kapazit\u00e4t von 3 Tonnen mit einer kontinuierlichen 360\u00b0-Drehung (0,1-1,2 U\/min) und einer Genauigkeit von \u00b10,5\u00b0. Er ist ideal f\u00fcr das Schwei\u00dfen von Rohren und die Fertigung von Strukturen und verf\u00fcgt \u00fcber eine servogesteuerte Neigung (0-135\u00b0) und integrierte Schleifringe f\u00fcr einen verwicklungsfreien Betrieb.<\/p>","protected":false},"featured_media":2090,"comment_status":"open","ping_status":"closed","template":"","meta":{"_acf_changed":false},"product_brand":[],"product_cat":[21,36,29],"product_tag":[],"class_list":{"0":"post-972","1":"product","2":"type-product","3":"status-publish","4":"has-post-thumbnail","6":"product_cat-welding-automation","7":"product_cat-head-and-tail-positioner","8":"product_cat-welding-positioner","10":"first","11":"instock","12":"shipping-taxable","13":"product-type-simple"},"acf":[],"_links":{"self":[{"href":"https:\/\/www.weldmc.com\/de\/wp-json\/wp\/v2\/product\/972","targetHints":{"allow":["GET"]}}],"collection":[{"href":"https:\/\/www.weldmc.com\/de\/wp-json\/wp\/v2\/product"}],"about":[{"href":"https:\/\/www.weldmc.com\/de\/wp-json\/wp\/v2\/types\/product"}],"replies":[{"embeddable":true,"href":"https:\/\/www.weldmc.com\/de\/wp-json\/wp\/v2\/comments?post=972"}],"wp:featuredmedia":[{"embeddable":true,"href":"https:\/\/www.weldmc.com\/de\/wp-json\/wp\/v2\/media\/2090"}],"wp:attachment":[{"href":"https:\/\/www.weldmc.com\/de\/wp-json\/wp\/v2\/media?parent=972"}],"wp:term":[{"taxonomy":"product_brand","embeddable":true,"href":"https:\/\/www.weldmc.com\/de\/wp-json\/wp\/v2\/product_brand?post=972"},{"taxonomy":"product_cat","embeddable":true,"href":"https:\/\/www.weldmc.com\/de\/wp-json\/wp\/v2\/product_cat?post=972"},{"taxonomy":"product_tag","embeddable":true,"href":"https:\/\/www.weldmc.com\/de\/wp-json\/wp\/v2\/product_tag?post=972"}],"curies":[{"name":"wp","href":"https:\/\/api.w.org\/{rel}","templated":true}]}}