{"id":968,"date":"2025-05-24T23:32:24","date_gmt":"2025-05-24T15:32:24","guid":{"rendered":"http:\/\/111.170.148.214:8095\/?post_type=product&#038;p=968"},"modified":"2025-10-14T15:06:24","modified_gmt":"2025-10-14T07:06:24","slug":"rohr-und-kopfpositionierer-1-5-tonnen","status":"publish","type":"product","link":"https:\/\/www.weldmc.com\/de\/product\/rohr-und-kopfpositionierer-1-5-tonnen\/","title":{"rendered":"Rohr- und Kopfpositionierer 1,5 t"},"content":{"rendered":"<p>Die <strong><b>Schwei\u00dfpositionierer der Serie HBT,<\/b><\/strong>\u00a0entwickelt von <strong><b>WUXI ABK<\/b><\/strong>kombiniert fortschrittliche nationale und internationale Technologien mit praktischen Erfahrungen der Nutzer. Sein <strong><b>schlankes, kompaktes Design<\/b><\/strong>\u00a0gew\u00e4hrleistet <strong><b>hohe Pr\u00e4zision, zuverl\u00e4ssige Leistung und einfache Bedienung<\/b><\/strong>und ist damit eine bevorzugte Wahl f\u00fcr industrielle Anwendungen.<\/p>\n<p><img fetchpriority=\"high\" decoding=\"async\" class=\"\" src=\"https:\/\/www.weldmc.com\/wp-content\/uploads\/2025\/05\/Head-Tail-Positioner_1.png\" alt=\"\" width=\"364\" height=\"252\" \/> <img decoding=\"async\" class=\"\" src=\"https:\/\/www.weldmc.com\/wp-content\/uploads\/2025\/05\/Head-Tail-Positioner_2.png\" alt=\"Kopf-Schwanz-Positionierer_2\" width=\"335\" height=\"252\" \/> <img decoding=\"async\" class=\"\" src=\"https:\/\/www.weldmc.com\/wp-content\/uploads\/2025\/05\/Head-Tail-Positioner_3.png\" alt=\"Kopf-Schwanz-Positionierer_3\" width=\"336\" height=\"251\" \/><\/p>\n<p><iframe title=\"YouTube-Video-Player\" src=\"https:\/\/www.youtube.com\/embed\/Zt_kWBLUVVg?si=P8jgHSRF2GINgJ5h\" width=\"560\" height=\"315\" frameborder=\"0\" allowfullscreen=\"allowfullscreen\"><\/iframe><\/p>\n<table>\n<tbody>\n<tr>\n<td width=\"511\">Max. Belastbarkeit<\/td>\n<td width=\"386\">15000 kg<\/td>\n<\/tr>\n<tr>\n<td width=\"511\">Anheben<\/td>\n<td width=\"386\">2000 mm<\/td>\n<\/tr>\n<tr>\n<td width=\"511\">H\u00f6he der Drehachse<\/td>\n<td width=\"386\">750 -2750 mm<\/td>\n<\/tr>\n<tr>\n<td width=\"511\">Horizontaler Hub der Fixiervorrichtung<\/td>\n<td width=\"386\">400 mm<\/td>\n<\/tr>\n<tr>\n<td width=\"511\">Anhebung der Geschwindigkeit<\/td>\n<td width=\"386\">1,3 m\/min<\/td>\n<\/tr>\n<tr>\n<td width=\"511\">Rotationsgeschwindigkeit<\/td>\n<td width=\"386\">1,2 Umdrehungen pro Minute<\/td>\n<\/tr>\n<tr>\n<td width=\"511\">Rotationswinkel<\/td>\n<td width=\"386\">360\u00b0<\/td>\n<\/tr>\n<tr>\n<td width=\"511\">Schwei\u00dfpositionierer Typ<\/td>\n<td width=\"386\">Positionierer mit Hebevorrichtungen<\/td>\n<\/tr>\n<tr>\n<td width=\"511\">Bauwesen<\/td>\n<td width=\"386\">Doppelspalte<\/td>\n<\/tr>\n<tr>\n<td width=\"511\">Anheben des Antriebs<\/td>\n<td width=\"386\">Elektromechanik<\/td>\n<\/tr>\n<tr>\n<td width=\"511\">Positionierungsgenauigkeit<\/td>\n<td width=\"386\">\u00b12\u043c\u043c<\/td>\n<\/tr>\n<tr>\n<td width=\"511\">Spannung<\/td>\n<td width=\"386\">380 V<\/td>\n<\/tr>\n<tr>\n<td width=\"511\">Netzfrequenz<\/td>\n<td width=\"386\">50 Hz<\/td>\n<\/tr>\n<tr>\n<td colspan=\"2\" width=\"897\">Hinweis: Alle Angaben beziehen sich auf die Standardausr\u00fcstung, die je nach Kundenanforderung ge\u00e4ndert werden kann.<\/td>\n<\/tr>\n<\/tbody>\n<\/table>\n<p>1. Gro\u00dfw\u00e4lzlager<\/p>\n<p><img decoding=\"async\" src=\"https:\/\/www.weldmc.com\/wp-content\/uploads\/2025\/05\/Slewing-bearing.png\" alt=\"Gro\u00dfw\u00e4lzlager\" \/><\/p>\n<p>Das Gro\u00dfw\u00e4lzlager ist ein wichtiges lasttragendes Bauteil, das die relative Drehung zwischen Maschinenteilen erm\u00f6glicht und gleichzeitig Axial-, Radial- und Kippmomentkr\u00e4fte aufnimmt. Seine kompakte und leichte Konstruktion aus hochfestem legiertem Stahl gew\u00e4hrleistet einen reibungslosen Betrieb mit hoher Pr\u00e4zision (\u00b10,05\u00b0 Drehgenauigkeit) und langer Lebensdauer. Zu den wichtigsten Konfigurationen geh\u00f6ren Befestigungsbohrungen, optionale Innen-\/Au\u00dfenverzahnungen, Schmieranschl\u00fcsse und Dichtungssysteme f\u00fcr erh\u00f6hte Zuverl\u00e4ssigkeit. Mit einem Durchmesserbereich von 300-5000 mm und einer Tragf\u00e4higkeit von bis zu 50.000 kN wird es h\u00e4ufig in Baumaschinen, Windturbinen, Kr\u00e4nen und milit\u00e4rischer Ausr\u00fcstung eingesetzt. F\u00fcr spezielle Anwendungen sind Sonderausf\u00fchrungen erh\u00e4ltlich.<\/p>\n<ol start=\"2\">\n<li>Getriebe<\/li>\n<\/ol>\n<p>1). R\u00fcckw\u00e4rtsgang<\/p>\n<p><img decoding=\"async\" src=\"https:\/\/www.weldmc.com\/wp-content\/uploads\/2025\/05\/Reverse-gear.png\" alt=\"R\u00fcckw\u00e4rtsgang\" \/><\/p>\n<p>Im Allgemeinen betr\u00e4gt der Drehwinkel der Drehvorrichtung 0\u00b0bis 90\u00b0. Die Funktion der Verschiebung wird durch Drehen des Tisches erreicht.<\/p>\n<p>2). R\u00fcckw\u00e4rtsgang<\/p>\n<p><img loading=\"lazy\" decoding=\"async\" class=\"\" src=\"https:\/\/www.weldmc.com\/wp-content\/uploads\/2025\/05\/Reverse-gear_1.png\" alt=\"R\u00fcckw\u00e4rtsgang_1\" width=\"365\" height=\"274\" \/> <img loading=\"lazy\" decoding=\"async\" class=\"\" src=\"https:\/\/www.weldmc.com\/wp-content\/uploads\/2025\/05\/Reverse-gear_2.png\" alt=\"R\u00fcckw\u00e4rtsgang_2\" width=\"366\" height=\"274\" \/> <img loading=\"lazy\" decoding=\"async\" class=\"\" src=\"https:\/\/www.weldmc.com\/wp-content\/uploads\/2025\/05\/Reverse-gear_3.png\" alt=\"R\u00fcckw\u00e4rtsgang_3\" width=\"367\" height=\"275\" \/><\/p>\n<p>Zahnr\u00e4der sind verzahnte mechanische Komponenten, die durch das Ineinandergreifen mit anderen Getriebeelementen wie Zahnstangen, Schnecken oder zus\u00e4tzlichen Zahnr\u00e4dern ein Drehmoment \u00fcbertragen. Sie erm\u00f6glichen eine pr\u00e4zise Steuerung der Kraft\u00fcbertragung durch \u00c4nderung des Drehzahl-\/Drehmomentverh\u00e4ltnisses, Umlenkung von Bewegungswegen und Umwandlung von Bewegungsarten (z. B. rotierend in linear). Ihre ineinander greifende Verzahnung sorgt f\u00fcr eine zuverl\u00e4ssige Kraft\u00fcbertragung und erm\u00f6glicht gleichzeitig einen anpassbaren mechanischen Vorteil in verschiedenen industriellen Anwendungen.<\/p>\n<p>3. die Reduktion<\/p>\n<p><img decoding=\"async\" src=\"https:\/\/www.weldmc.com\/wp-content\/uploads\/2025\/05\/Reducer-1.png\" alt=\"Reduzierst\u00fcck\" \/><\/p>\n<p>Untersetzungsgetriebe sind mechanische Kraft\u00fcbertragungsvorrichtungen, die mit Hilfe von Pr\u00e4zisionsgetrieben die Eingangsdrehzahl reduzieren und gleichzeitig das Ausgangsdrehmoment proportional erh\u00f6hen, wobei das Ausgangsdrehmoment das Produkt aus Motordrehmoment und Getriebe\u00fcbersetzung ist (ohne die Nennkapazit\u00e4t des Getriebes zu \u00fcberschreiten). Diese Systeme verringern gleichzeitig das Tr\u00e4gheitsmoment der Last um das Quadrat des Untersetzungsverh\u00e4ltnisses und erm\u00f6glichen eine optimierte Leistungsumwandlung f\u00fcr verschiedene industrielle Anwendungen durch einen effizienten Getriebeeingriff.<\/p>\n<p><img decoding=\"async\" src=\"https:\/\/www.weldmc.com\/wp-content\/uploads\/2025\/05\/Motor_2.png\" alt=\"Motor_2\" \/> <img decoding=\"async\" src=\"https:\/\/www.weldmc.com\/wp-content\/uploads\/2025\/05\/Motor_1.png\" alt=\"Motor_1\" \/><\/p>\n<p class=\"ds-markdown-paragraph\"><strong>WUXI ABK 1,5-Tonnen Kopf- und Heckpositionierer Wartungsanleitung<\/strong><\/p>\n<p class=\"ds-markdown-paragraph\">Eine ordnungsgem\u00e4\u00dfe Wartung gew\u00e4hrleistet die optimale Leistung Ihres\u00a0<strong>Schwei\u00dfpositionierer<\/strong>\u00a0in\u00a0<strong>Rohrfertigung<\/strong>\u00a0und\u00a0<strong>Strukturschwei\u00dfen<\/strong>\u00a0Anwendungen. F\u00fcr den t\u00e4glichen Betrieb, entfernen Sie\u00a0<strong>Schwei\u00dfschlacke<\/strong>\u00a0und zu \u00fcberpr\u00fcfen\u00a0<strong>Schmierstoffmengen<\/strong>\u00a0bei der Inspektion\u00a0<strong>elektrische Anschl\u00fcsse<\/strong>. Die monatliche Wartung sollte Folgendes umfassen\u00a0<strong>Schraubendrehmomentkontrollen<\/strong>\u00a0(85-95Nm f\u00fcr M12-Befestigungselemente),\u00a0<strong>Getriebeinspektion<\/strong>und\u00a0<strong>Sicherheitsendschalter<\/strong>\u00a0Tests.<\/p>\n<p class=\"ds-markdown-paragraph\"><strong>Kritische Wartungsverfahren:<\/strong><\/p>\n<ul>\n<li>\n<p class=\"ds-markdown-paragraph\">J\u00e4hrlich\u00a0<strong>Lagerwechsel<\/strong>\u00a0und\u00a0<strong>System-Neukalibrierung<\/strong><\/p>\n<\/li>\n<li>\n<p class=\"ds-markdown-paragraph\"><strong>Nachf\u00fcllen von Fett<\/strong>\u00a0f\u00fcr\u00a0<strong>Schneckenradantriebe<\/strong>\u00a0(Mobilux EP 2 empfohlen)<\/p>\n<\/li>\n<li>\n<p class=\"ds-markdown-paragraph\"><strong>Geber-Kalibrierung<\/strong>\u00a0um eine Positionierungsgenauigkeit von \u00b10,5\u00b0 beizubehalten<\/p>\n<\/li>\n<\/ul>\n<p class=\"ds-markdown-paragraph\"><strong>Leistungsvorteile:<\/strong><br \/>\n\u2713\u00a0<strong>30% verl\u00e4ngerte Nutzungsdauer<\/strong>\u00a0f\u00fcr\u00a0<strong>Pr\u00e4zisionsdrehscheibe<\/strong>\u00a0Komponenten<br \/>\n\u2713\u00a0<strong>50% Erm\u00e4\u00dfigung<\/strong>\u00a0an ungeplanter Ausfallzeit<br \/>\n\u2713 Konsequent\u00a0<strong>Schwei\u00dfnahtqualit\u00e4t<\/strong>\u00a0mit &lt;0,3mm Rundlauf<\/p>\n<p class=\"ds-markdown-paragraph\"><strong>Fehlervermeidung:<\/strong><br \/>\nStellen Sie den Betrieb sofort ein, wenn Sie etwas entdecken:<br \/>\n-\u00a0<strong>Abnormes Getriebeger\u00e4usch<\/strong>\u00a0(was auf Probleme mit der Schmierung hinweist)<br \/>\n-\u00a0<strong>Ungleichm\u00e4\u00dfige Rotation<\/strong>\u00a0(suggestiv\u00a0<strong>Lagerverschlei\u00df<\/strong>\u00a0oder\u00a0<strong>Ausrichtungsfehler<\/strong>)<\/p>\n<p class=\"ds-markdown-paragraph\"><strong>Zertifizierung und Innovation:<\/strong><br \/>\nUnser\u00a0<strong>CE\/ISO-zertifizierter Stellungsregler<\/strong>\u00a0Merkmale:<\/p>\n<ul>\n<li>\n<p class=\"ds-markdown-paragraph\"><strong>Integration von automatisiertem Schwei\u00dfen<\/strong>\u00a0\u00fcber\u00a0<strong>SPS-Schnittstellen<\/strong><\/p>\n<\/li>\n<li>\n<p class=\"ds-markdown-paragraph\"><strong>Ergonomische Bedienelemente<\/strong>\u00a0f\u00fcr\u00a0<strong>Kleinserienfertigung<\/strong><\/p>\n<\/li>\n<li>\n<p class=\"ds-markdown-paragraph\"><strong>Modularer Aufbau<\/strong>\u00a0Vereinfachung\u00a0<strong>Komponentenaustausch<\/strong><\/p>\n<\/li>\n<\/ul>\n<p><img decoding=\"async\" src=\"https:\/\/www.weldmc.com\/wp-content\/uploads\/2025\/05\/Product-certification.png\" alt=\"Produktzertifizierung\" \/><br \/>\nWuxi ABK Machinery Co.Ltd ist ein professioneller Hersteller von Schwei\u00dfrotatoren in China. Und unser Schwei\u00dfrotator umfasst haupts\u00e4chlich Standard-Schwei\u00dfrotator, einstellbarer Schwei\u00dfrotator und spezieller Schwei\u00dfrotator. Wir k\u00f6nnen unseren Kunden auf der ganzen Welt auch viele andere Produkte anbieten, einschlie\u00dflich Schwei\u00dfdrehtisch, Pfahlschwei\u00dfmaschine, Windturm-Produktionslinie, H-Tr\u00e4ger-Schwei\u00dflinie, Rohrschwei\u00dfausr\u00fcstung, CNC-Schneidemaschine, Schleifmaschine, Walzprofiliermaschine, Blechbiegemaschine, etc. Wir haben die ISO- und CE-Zertifizierung erhalten und bieten auch OEM-Service an.<\/p>","protected":false},"excerpt":{"rendered":"<p><strong>WUXI ABK 1,5-Tonnen Kopf- und Heckpositionierer<\/strong>\u00a0ist eine Pr\u00e4zisionsschwei\u00dfl\u00f6sung f\u00fcr kleine bis mittelgro\u00dfe Werkst\u00fccke. Dieser kompakte und dennoch robuste Positionierer bietet eine Genauigkeit von \u00b10,5\u00b0, eine Drehzahlregelung von 0,1-2 U\/min und eine universelle Spannfuttermontage. Er ist ideal f\u00fcr das Schwei\u00dfen von Rohren und die Fertigung von Strukturen und bietet eine CE\/ISO-Zertifizierung und 18 Monate Garantie.<\/p>","protected":false},"featured_media":2095,"comment_status":"open","ping_status":"closed","template":"","meta":{"_acf_changed":false},"product_brand":[],"product_cat":[21,36,29],"product_tag":[],"class_list":{"0":"post-968","1":"product","2":"type-product","3":"status-publish","4":"has-post-thumbnail","6":"product_cat-welding-automation","7":"product_cat-head-and-tail-positioner","8":"product_cat-welding-positioner","10":"first","11":"instock","12":"shipping-taxable","13":"product-type-simple"},"acf":[],"_links":{"self":[{"href":"https:\/\/www.weldmc.com\/de\/wp-json\/wp\/v2\/product\/968","targetHints":{"allow":["GET"]}}],"collection":[{"href":"https:\/\/www.weldmc.com\/de\/wp-json\/wp\/v2\/product"}],"about":[{"href":"https:\/\/www.weldmc.com\/de\/wp-json\/wp\/v2\/types\/product"}],"replies":[{"embeddable":true,"href":"https:\/\/www.weldmc.com\/de\/wp-json\/wp\/v2\/comments?post=968"}],"wp:featuredmedia":[{"embeddable":true,"href":"https:\/\/www.weldmc.com\/de\/wp-json\/wp\/v2\/media\/2095"}],"wp:attachment":[{"href":"https:\/\/www.weldmc.com\/de\/wp-json\/wp\/v2\/media?parent=968"}],"wp:term":[{"taxonomy":"product_brand","embeddable":true,"href":"https:\/\/www.weldmc.com\/de\/wp-json\/wp\/v2\/product_brand?post=968"},{"taxonomy":"product_cat","embeddable":true,"href":"https:\/\/www.weldmc.com\/de\/wp-json\/wp\/v2\/product_cat?post=968"},{"taxonomy":"product_tag","embeddable":true,"href":"https:\/\/www.weldmc.com\/de\/wp-json\/wp\/v2\/product_tag?post=968"}],"curies":[{"name":"wp","href":"https:\/\/api.w.org\/{rel}","templated":true}]}}