{"id":966,"date":"2025-05-24T23:39:43","date_gmt":"2025-05-24T15:39:43","guid":{"rendered":"http:\/\/111.170.148.214:8095\/?post_type=product&#038;p=966"},"modified":"2025-10-14T15:28:26","modified_gmt":"2025-10-14T07:28:26","slug":"montage-einer-rotationsmaschine-60-tonnen","status":"publish","type":"product","link":"https:\/\/www.weldmc.com\/de\/product\/montage-einer-rotationsmaschine-60-tonnen\/","title":{"rendered":"Montage einer Rotationsmaschine 60 Tonnen"},"content":{"rendered":"<p><strong>60<\/strong><strong>\u00a0Tons Fit Up Rotator<\/strong><\/p>\n<p><strong>KONVENTIONELLE SCHWEISSROTATOREN<\/strong><\/p>\n<p><strong>FIT UP <\/strong><strong>Serie<\/strong><\/p>\n<p><strong>Konventionelle Rotatoren sind f\u00fcr das Schwei\u00dfen von zylindrischen Beh\u00e4ltern oder Kolonnen vorgesehen.<\/strong><\/p>\n<table>\n<tbody>\n<tr>\n<td width=\"207\">- Bew\u00e4hrtes Design<\/td>\n<td width=\"207\">- Zuverl\u00e4ssige Qualit\u00e4t<\/td>\n<\/tr>\n<tr>\n<td width=\"207\">- Renommierte Teile<\/td>\n<td width=\"207\">- Steuerung des Wechselrichters<\/td>\n<\/tr>\n<tr>\n<td width=\"207\">- Direktes Antriebssystem<\/td>\n<td width=\"207\">- Motorisiertes Fahren m\u00f6glich<\/td>\n<\/tr>\n<tr>\n<td width=\"207\">- Ma\u00dfgeschneidertes Design auf Bestellung<\/td>\n<td width=\"207\">- ERSTAUSR\u00dcSTER<\/p>\n<p>&nbsp;<\/td>\n<\/tr>\n<\/tbody>\n<\/table>\n<p><iframe title=\"YouTube-Video-Player\" src=\"https:\/\/www.youtube.com\/embed\/uFA91JZILh4?si=vY1va1zs8VVc2oq-\" width=\"560\" height=\"315\" frameborder=\"0\" allowfullscreen=\"allowfullscreen\"><\/iframe><\/p>\n<p><img fetchpriority=\"high\" decoding=\"async\" class=\"alignnone wp-image-943 size-full\" src=\"https:\/\/www.weldmc.com\/wp-content\/uploads\/2025\/05\/\u56fe\u72479.png\" alt=\"60T Fit Up Rotator\" width=\"1122\" height=\"702\" srcset=\"https:\/\/www.weldmc.com\/wp-content\/uploads\/2025\/05\/\u56fe\u72479.png 1122w, https:\/\/www.weldmc.com\/wp-content\/uploads\/2025\/05\/\u56fe\u72479-300x188.png 300w, https:\/\/www.weldmc.com\/wp-content\/uploads\/2025\/05\/\u56fe\u72479-1024x641.png 1024w, https:\/\/www.weldmc.com\/wp-content\/uploads\/2025\/05\/\u56fe\u72479-768x481.png 768w, https:\/\/www.weldmc.com\/wp-content\/uploads\/2025\/05\/\u56fe\u72479-600x375.png 600w\" sizes=\"(max-width: 1122px) 100vw, 1122px\" \/> <img decoding=\"async\" class=\"alignnone wp-image-938 size-full\" src=\"https:\/\/www.weldmc.com\/wp-content\/uploads\/2025\/05\/\u56fe\u724710.png\" alt=\"60T Fit Up Rotator\" width=\"1228\" height=\"1063\" srcset=\"https:\/\/www.weldmc.com\/wp-content\/uploads\/2025\/05\/\u56fe\u724710.png 1228w, https:\/\/www.weldmc.com\/wp-content\/uploads\/2025\/05\/\u56fe\u724710-300x260.png 300w, https:\/\/www.weldmc.com\/wp-content\/uploads\/2025\/05\/\u56fe\u724710-1024x886.png 1024w, https:\/\/www.weldmc.com\/wp-content\/uploads\/2025\/05\/\u56fe\u724710-768x665.png 768w, https:\/\/www.weldmc.com\/wp-content\/uploads\/2025\/05\/\u56fe\u724710-600x519.png 600w\" sizes=\"(max-width: 1228px) 100vw, 1228px\" \/><\/p>\n<p><strong>KONVENTIONELLE SCHWEISSROTATOREN<\/strong><\/p>\n<p><strong>FIT UP <\/strong><strong>Serie<\/strong><\/p>\n<p><strong>Konventionelle Rotatoren sind f\u00fcr das Schwei\u00dfen von zylindrischen Beh\u00e4ltern oder Kolonnen vorgesehen.<\/strong><\/p>\n<table>\n<tbody>\n<tr>\n<td width=\"207\">- Bew\u00e4hrtes Design<\/td>\n<td width=\"207\">- Zuverl\u00e4ssige Qualit\u00e4t<\/td>\n<\/tr>\n<tr>\n<td width=\"207\">- Renommierte Teile<\/td>\n<td width=\"207\">- Steuerung des Wechselrichters<\/td>\n<\/tr>\n<tr>\n<td width=\"207\">- Direktes Antriebssystem<\/td>\n<td width=\"207\">- Motorisiertes Fahren m\u00f6glich<\/td>\n<\/tr>\n<tr>\n<td width=\"207\">- Ma\u00dfgeschneidertes Design auf Bestellung<\/td>\n<td width=\"207\">- ERSTAUSR\u00dcSTER<\/p>\n<p>&nbsp;<\/td>\n<\/tr>\n<\/tbody>\n<\/table>\n<p><img decoding=\"async\" class=\"alignnone wp-image-941 size-full\" src=\"https:\/\/www.weldmc.com\/wp-content\/uploads\/2025\/05\/\u56fe\u724711.png\" alt=\"60T Fit Up Rotator\" width=\"887\" height=\"665\" srcset=\"https:\/\/www.weldmc.com\/wp-content\/uploads\/2025\/05\/\u56fe\u724711.png 887w, https:\/\/www.weldmc.com\/wp-content\/uploads\/2025\/05\/\u56fe\u724711-300x225.png 300w, https:\/\/www.weldmc.com\/wp-content\/uploads\/2025\/05\/\u56fe\u724711-768x576.png 768w, https:\/\/www.weldmc.com\/wp-content\/uploads\/2025\/05\/\u56fe\u724711-600x450.png 600w\" sizes=\"(max-width: 887px) 100vw, 887px\" \/><\/p>\n<ul>\n<li><b> <\/b><strong><b>Zusammenfassung<\/b><\/strong><\/li>\n<\/ul>\n<ol>\n<li><strong><b> Zusammensetzung der Ausr\u00fcstung<\/b><\/strong><\/li>\n<\/ol>\n<p class=\"ds-markdown-paragraph\">Die\u00a0<strong>60T Fit-Up Rotator<\/strong>\u00a0ist eine fortgeschrittene\u00a0<strong>Schwei\u00dfpositionierungssystem<\/strong>\u00a0konzipiert f\u00fcr\u00a0<strong>Druckbeh\u00e4lter-Fertigung<\/strong>,\u00a0<strong>Montage des Windturms<\/strong>und\u00a0<strong>Schwei\u00dfen von Gro\u00dfrohren<\/strong>. Diese\u00a0<strong>Industrierotator<\/strong>\u00a0kombiniert\u00a0<strong>Pr\u00e4zisionsausrichtung<\/strong>\u00a0mit\u00a0<strong>Schwerlastleistung<\/strong>mit einem\u00a0<strong>Antriebssystem mit variabler Frequenz<\/strong>\u00a0(0,1-1,2m\/min einstellbare Geschwindigkeit) und\u00a0<strong>hydraulische Hebetechnik<\/strong>\u00a0(\u00b10,5 mm Positioniergenauigkeit).<\/p>\n<p class=\"ds-markdown-paragraph\"><strong>Kernkomponenten<\/strong><\/p>\n<ul>\n<li>\n<p class=\"ds-markdown-paragraph\"><strong>Antriebsrollenrahmen<\/strong>: AC-Motor + Untersetzungsgetriebe f\u00fcr gleichm\u00e4\u00dfige Rotation<\/p>\n<\/li>\n<li>\n<p class=\"ds-markdown-paragraph\"><strong>Angetriebener Rollenrahmen<\/strong>: Sorgt f\u00fcr Stabilit\u00e4t w\u00e4hrend\u00a0<strong>Schwei\u00dfarbeiten<\/strong><\/p>\n<\/li>\n<li>\n<p class=\"ds-markdown-paragraph\"><strong>Hydraulische Baugruppe Rollenrahmen (2 S\u00e4tze)<\/strong>: Integrierte Hub- und Schienenbewegung f\u00fcr\u00a0<strong>Feinjustierung<\/strong><\/p>\n<\/li>\n<\/ul>\n<p class=\"ds-markdown-paragraph\"><strong>Arbeitsablauf<\/strong><\/p>\n<ol start=\"1\">\n<li>\n<p class=\"ds-markdown-paragraph\"><strong>Segmentierte Positionierung<\/strong>: Das erste Fass wird auf den Antriebsrahmen aufgesetzt, w\u00e4hrend das zweite Fass \u00fcber eine hydraulische Einstellung ausgerichtet wird.<\/p>\n<\/li>\n<li>\n<p class=\"ds-markdown-paragraph\"><strong>Montage &amp; Schwei\u00dfen<\/strong>: Die\u00a0<strong>Schwei\u00dfmanipulator<\/strong>\u00a0vervollst\u00e4ndigt die inneren\/\u00e4u\u00dferen N\u00e4hte nach dem Heftschwei\u00dfen.<\/p>\n<\/li>\n<li>\n<p class=\"ds-markdown-paragraph\"><strong>Kontinuierliche Expansion<\/strong>: Der Vorgang wiederholt sich, bis die\u00a0<strong>Fertigteilgef\u00e4\u00df<\/strong>\u00a0ist vollst\u00e4ndig verschwei\u00dft.<\/p>\n<\/li>\n<\/ol>\n<p class=\"ds-markdown-paragraph\"><strong>Technische H\u00f6hepunkte<\/strong><br \/>\n\u2713\u00a0<strong>60-Tonnen-Kapazit\u00e4t<\/strong>\u00a0(anpassbar f\u00fcr schwerere Lasten)<br \/>\n\u2713\u00a0<strong>1,5-6 m Durchmesser<\/strong>\u00a0f\u00fcr\u00a0<strong>zylindrische Werkst\u00fccke<\/strong><br \/>\n\u2713\u00a0<strong>\u00dcberlastungsschutz<\/strong>\u00a0und\u00a0<strong>Anti-Deflektionssystem<\/strong>\u00a0zur Sicherheit<br \/>\n\u2713\u00a0<strong>Notbremsung<\/strong>\u00a0gew\u00e4hrleistet Bedienerschutz<\/p>\n<p class=\"ds-markdown-paragraph\"><strong>Anwendungen<\/strong><\/p>\n<ul>\n<li>\n<p class=\"ds-markdown-paragraph\"><strong>Druckbeh\u00e4lterbau<\/strong><\/p>\n<\/li>\n<li>\n<p class=\"ds-markdown-paragraph\"><strong>Schwei\u00dfen von Windturmsegmenten<\/strong><\/p>\n<\/li>\n<li>\n<p class=\"ds-markdown-paragraph\"><strong>Schwei\u00dfen von Rohrleitungsgurten<\/strong><\/p>\n<\/li>\n<li>\n<p class=\"ds-markdown-paragraph\"><strong>Bau von Lagertanks<\/strong><\/p>\n<\/li>\n<\/ul>\n<p class=\"ds-markdown-paragraph\"><strong>Warum WUXI ABK w\u00e4hlen?<\/strong><\/p>\n<ul>\n<li>\n<p class=\"ds-markdown-paragraph\"><strong>20+ Jahre<\/strong>\u00a0in\u00a0<strong>Schwei\u00dfautomatisierung<\/strong><\/p>\n<\/li>\n<li>\n<p class=\"ds-markdown-paragraph\"><strong>CE\/ISO-zertifiziert<\/strong>\u00a0f\u00fcr die Qualit\u00e4tssicherung<\/p>\n<\/li>\n<li>\n<p class=\"ds-markdown-paragraph\"><strong>24\/7 technische Unterst\u00fctzung<\/strong><\/p>\n<\/li>\n<\/ul>\n<p><img loading=\"lazy\" decoding=\"async\" class=\"alignnone wp-image-936 size-full\" src=\"https:\/\/www.weldmc.com\/wp-content\/uploads\/2025\/05\/1748097561061.jpg\" alt=\"60T Fit Up Rotator\" width=\"796\" height=\"517\" srcset=\"https:\/\/www.weldmc.com\/wp-content\/uploads\/2025\/05\/1748097561061.jpg 796w, https:\/\/www.weldmc.com\/wp-content\/uploads\/2025\/05\/1748097561061-300x195.jpg 300w, https:\/\/www.weldmc.com\/wp-content\/uploads\/2025\/05\/1748097561061-768x499.jpg 768w, https:\/\/www.weldmc.com\/wp-content\/uploads\/2025\/05\/1748097561061-600x390.jpg 600w\" sizes=\"(max-width: 796px) 100vw, 796px\" \/> <img loading=\"lazy\" decoding=\"async\" class=\"alignnone wp-image-937 size-full\" src=\"https:\/\/www.weldmc.com\/wp-content\/uploads\/2025\/05\/1748097632079.jpg\" alt=\"60T Fit Up Rotator\" width=\"764\" height=\"807\" srcset=\"https:\/\/www.weldmc.com\/wp-content\/uploads\/2025\/05\/1748097632079.jpg 764w, https:\/\/www.weldmc.com\/wp-content\/uploads\/2025\/05\/1748097632079-284x300.jpg 284w, https:\/\/www.weldmc.com\/wp-content\/uploads\/2025\/05\/1748097632079-600x634.jpg 600w\" sizes=\"(max-width: 764px) 100vw, 764px\" \/><\/p>\n<p><strong><b>Einf\u00fchrung der R\u00e4der<\/b><\/strong><\/p>\n<p>Polyurethan-R\u00e4der bieten au\u00dfergew\u00f6hnliche Abriebfestigkeit, vielseitige Verarbeitung, breite Anwendbarkeit und hervorragende Best\u00e4ndigkeit gegen \u00d6l, Ozon, Alterung, Strahlung und niedrige Temperaturen. Au\u00dferdem bieten sie eine starke Haftung, eine hervorragende Schall\u00fcbertragung, Biokompatibilit\u00e4t und Blutvertr\u00e4glichkeit.<br \/>\n<b><\/b><\/p>\n<p><img loading=\"lazy\" decoding=\"async\" class=\"alignnone wp-image-940\" src=\"https:\/\/www.weldmc.com\/wp-content\/uploads\/2025\/05\/\u56fe\u724713.png\" alt=\"60T Fit Up Rotator\" width=\"253\" height=\"317\" srcset=\"https:\/\/www.weldmc.com\/wp-content\/uploads\/2025\/05\/\u56fe\u724713.png 358w, https:\/\/www.weldmc.com\/wp-content\/uploads\/2025\/05\/\u56fe\u724713-240x300.png 240w\" sizes=\"(max-width: 253px) 100vw, 253px\" \/> <img loading=\"lazy\" decoding=\"async\" class=\"alignnone wp-image-939\" src=\"https:\/\/www.weldmc.com\/wp-content\/uploads\/2025\/05\/\u56fe\u724712.png\" alt=\"60T Fit Up Rotator\" width=\"253\" height=\"317\" srcset=\"https:\/\/www.weldmc.com\/wp-content\/uploads\/2025\/05\/\u56fe\u724712.png 308w, https:\/\/www.weldmc.com\/wp-content\/uploads\/2025\/05\/\u56fe\u724712-239x300.png 239w\" sizes=\"(max-width: 253px) 100vw, 253px\" \/> <img loading=\"lazy\" decoding=\"async\" class=\"alignnone wp-image-935\" src=\"https:\/\/www.weldmc.com\/wp-content\/uploads\/2025\/05\/\u56fe\u724714-1024x576.png\" alt=\"60T Fit Up Rotator\" width=\"565\" height=\"318\" srcset=\"https:\/\/www.weldmc.com\/wp-content\/uploads\/2025\/05\/\u56fe\u724714-1024x576.png 1024w, https:\/\/www.weldmc.com\/wp-content\/uploads\/2025\/05\/\u56fe\u724714-300x169.png 300w, https:\/\/www.weldmc.com\/wp-content\/uploads\/2025\/05\/\u56fe\u724714-768x432.png 768w, https:\/\/www.weldmc.com\/wp-content\/uploads\/2025\/05\/\u56fe\u724714-1536x864.png 1536w, https:\/\/www.weldmc.com\/wp-content\/uploads\/2025\/05\/\u56fe\u724714-2048x1152.png 2048w, https:\/\/www.weldmc.com\/wp-content\/uploads\/2025\/05\/\u56fe\u724714-600x337.png 600w\" sizes=\"(max-width: 565px) 100vw, 565px\" \/><\/p>\n<p><strong><b>Einf\u00fchrung des Motors<\/b><\/strong><strong><b><br \/>\n<\/b><\/strong><strong><b> <img loading=\"lazy\" decoding=\"async\" class=\"\" src=\"https:\/\/www.weldmc.com\/wp-content\/uploads\/2025\/05\/Motor_2.png\" alt=\"Motor_2\" width=\"614\" height=\"462\" \/> <img decoding=\"async\" src=\"https:\/\/www.weldmc.com\/wp-content\/uploads\/2025\/05\/Motor_1.png\" alt=\"Motor_1\" \/><\/b><\/strong><\/p>\n<p class=\"ds-markdown-paragraph\"><strong>Produkt\u00fcbersicht<\/strong><br \/>\nDer WUXI ABK 60T Fit-Up Rotator wurde f\u00fcr die pr\u00e4zise Ausrichtung und Drehung schwerer zylindrischer Komponenten bei der Herstellung von Windkraftanlagen, Druckbeh\u00e4ltern und im Schiffbau entwickelt. Mit einer Tragf\u00e4higkeit von 60 Tonnen und einem selbstausrichtenden Rollensystem gew\u00e4hrleistet dieser industrietaugliche Rotator eine stabile Werkst\u00fcckdrehung (\u00b10,2\u00b0 Genauigkeit) f\u00fcr optimale Schwei\u00dfqualit\u00e4t.<\/p>\n<p class=\"ds-markdown-paragraph\"><strong>Wartungsprotokoll<\/strong><\/p>\n<ol start=\"1\">\n<li>\n<p class=\"ds-markdown-paragraph\"><strong>Pre-Operation<\/strong><\/p>\n<ul>\n<li>\n<p class=\"ds-markdown-paragraph\">Reinigen Sie alle Oberfl\u00e4chen des Rotors, insbesondere die Gummiwalzen (\u00f6lfrei und unter 60\u00b0C halten)<\/p>\n<\/li>\n<li>\n<p class=\"ds-markdown-paragraph\">Einsatz von zertifiziertem Personal f\u00fcr Betrieb und Wartung<\/p>\n<\/li>\n<\/ul>\n<\/li>\n<li>\n<p class=\"ds-markdown-paragraph\"><strong>Schmierung<\/strong><\/p>\n<ul>\n<li>\n<p class=\"ds-markdown-paragraph\">Drehzahlminderer f\u00fcllen mit\u00a0<strong>30# Motor\u00f6l<\/strong>\u00a0(ISO VG 150)<\/p>\n<\/li>\n<li>\n<p class=\"ds-markdown-paragraph\">Verwenden Sie\u00a0<strong>Niedertemperatur-Synthese\u00f6l<\/strong>\u00a0bei Umgebungstemperatur &lt;0\u00b0C<\/p>\n<\/li>\n<li>\n<p class=\"ds-markdown-paragraph\">Erster \u00d6lwechsel bei\u00a0<strong>30 Tage<\/strong>dann\u00a0<strong>alle 500 Betriebsstunden<\/strong><\/p>\n<\/li>\n<\/ul>\n<\/li>\n<li>\n<p class=\"ds-markdown-paragraph\"><strong>Kritische Sicherheitsvorkehrungen<\/strong><\/p>\n<ul>\n<li>\n<p class=\"ds-markdown-paragraph\">Verwenden Sie niemals das Rollenbett als Schwei\u00dfmasse - verwenden Sie separate Erdungsklammern.<\/p>\n<\/li>\n<li>\n<p class=\"ds-markdown-paragraph\">Monatliche Inspektion von\u00a0<strong>Kegelrollenlager<\/strong>\u00a0und\u00a0<strong>Getriebereduzierer<\/strong><\/p>\n<\/li>\n<\/ul>\n<\/li>\n<\/ol>\n<p class=\"ds-markdown-paragraph\"><strong>Technische Vorteile<\/strong><\/p>\n<ul>\n<li>\n<p class=\"ds-markdown-paragraph\"><strong>Selbstausrichtendes Rollensystem<\/strong>\u00a0passt sich der Exzentrizit\u00e4t von 5-80 mm des Werkst\u00fccks an<\/p>\n<\/li>\n<li>\n<p class=\"ds-markdown-paragraph\"><strong>Zweimotoriger Antrieb<\/strong>\u00a0(2\u00d75,5kW) mit 0,3-3 RPM stufenloser Steuerung<\/p>\n<\/li>\n<li>\n<p class=\"ds-markdown-paragraph\"><strong>Modularer Aufbau<\/strong>\u00a0f\u00fcr schnelle Montage\/Demontage vor Ort<\/p>\n<\/li>\n<li>\n<p class=\"ds-markdown-paragraph\"><strong>Laser-gef\u00fchrte Ausrichtung<\/strong>\u00a0(\u00b10,5mm) f\u00fcr Windturmabschnitte<\/p>\n<\/li>\n<\/ul>\n<p class=\"ds-markdown-paragraph\"><strong>Qualit\u00e4tssicherung<\/strong><br \/>\nAls ein f\u00fchrendes\u00a0<strong>Hersteller von Rotatoren<\/strong>\u00a0Mit mehr als 20 Jahren Erfahrung bietet WUXI ABK:<br \/>\n\u2713\u00a0<strong>CE\/ISO 9001 zertifiziert<\/strong>\u00a0Herstellung<br \/>\n\u2713\u00a0<strong>18-monatige Garantie<\/strong>\u00a0zu Antriebssystemen<br \/>\n\u2713\u00a0<strong>Kostenloser Ersatz<\/strong>\u00a0von Verschlei\u00dfteilen (Rollen, Zahnr\u00e4der)<br \/>\n\u2713\u00a0<strong>24\/7 technische Unterst\u00fctzung<\/strong>\u00a0f\u00fcr Windenergieprojekte<\/p>\n<p><img decoding=\"async\" src=\"https:\/\/www.weldmc.com\/wp-content\/uploads\/2025\/05\/Product-certification.png\" alt=\"Produktzertifizierung\" \/><\/p>\n<p>Wuxi ABK Machinery Co.Ltd ist ein professioneller Hersteller von Schwei\u00dfrotatoren in China. Und unser Schwei\u00dfrotator umfasst haupts\u00e4chlich Standard-Schwei\u00dfrotator, einstellbarer Schwei\u00dfrotator und spezieller Schwei\u00dfrotator. Wir k\u00f6nnen unseren Kunden auf der ganzen Welt auch viele andere Produkte anbieten, einschlie\u00dflich Schwei\u00dfdrehtisch, Pfahlschwei\u00dfmaschine, Windturm-Produktionslinie, H-Tr\u00e4ger-Schwei\u00dflinie, Rohrschwei\u00dfausr\u00fcstung, CNC-Schneidemaschine, Schleifmaschine, Walzprofiliermaschine, Blechbiegemaschine, etc. Wir haben die ISO- und CE-Zertifizierung erhalten und bieten auch OEM-Service an.<\/p>","protected":false},"excerpt":{"rendered":"<p><strong>WUXI ABK 60T Fit-Up Rotator<\/strong>\u00a0liefert Pr\u00e4zisionsausrichtung f\u00fcr Windt\u00fcrme und Druckbeh\u00e4lter. Verf\u00fcgt \u00fcber selbstausrichtende Rollen, eine Kapazit\u00e4t von 60 Tonnen und eine Geschwindigkeitsregelung von 0,3-3 U\/min. Umfasst zwei 5,5-kW-Motoren und lasergesteuerte Positionierung (\u00b10,5 mm). CE\/ISO-zertifiziert mit 18-monatiger Garantie.<\/p>","protected":false},"featured_media":973,"comment_status":"open","ping_status":"closed","template":"","meta":{"_acf_changed":false},"product_brand":[],"product_cat":[21,40,30],"product_tag":[],"class_list":{"0":"post-966","1":"product","2":"type-product","3":"status-publish","4":"has-post-thumbnail","6":"product_cat-welding-automation","7":"product_cat-fit-up-rotator","8":"product_cat-welding-rotator","10":"first","11":"instock","12":"shipping-taxable","13":"product-type-simple"},"acf":[],"_links":{"self":[{"href":"https:\/\/www.weldmc.com\/de\/wp-json\/wp\/v2\/product\/966","targetHints":{"allow":["GET"]}}],"collection":[{"href":"https:\/\/www.weldmc.com\/de\/wp-json\/wp\/v2\/product"}],"about":[{"href":"https:\/\/www.weldmc.com\/de\/wp-json\/wp\/v2\/types\/product"}],"replies":[{"embeddable":true,"href":"https:\/\/www.weldmc.com\/de\/wp-json\/wp\/v2\/comments?post=966"}],"wp:featuredmedia":[{"embeddable":true,"href":"https:\/\/www.weldmc.com\/de\/wp-json\/wp\/v2\/media\/973"}],"wp:attachment":[{"href":"https:\/\/www.weldmc.com\/de\/wp-json\/wp\/v2\/media?parent=966"}],"wp:term":[{"taxonomy":"product_brand","embeddable":true,"href":"https:\/\/www.weldmc.com\/de\/wp-json\/wp\/v2\/product_brand?post=966"},{"taxonomy":"product_cat","embeddable":true,"href":"https:\/\/www.weldmc.com\/de\/wp-json\/wp\/v2\/product_cat?post=966"},{"taxonomy":"product_tag","embeddable":true,"href":"https:\/\/www.weldmc.com\/de\/wp-json\/wp\/v2\/product_tag?post=966"}],"curies":[{"name":"wp","href":"https:\/\/api.w.org\/{rel}","templated":true}]}}