{"id":955,"date":"2025-05-24T23:23:07","date_gmt":"2025-05-24T15:23:07","guid":{"rendered":"http:\/\/111.170.148.214:8095\/?post_type=product&#038;p=955"},"modified":"2025-10-14T15:12:59","modified_gmt":"2025-10-14T07:12:59","slug":"rohrmontage-rotator-40-tonnen","status":"publish","type":"product","link":"https:\/\/www.weldmc.com\/de\/product\/rohrmontage-rotator-40-tonnen\/","title":{"rendered":"Rohrleitungsmontage Rotator 40t"},"content":{"rendered":"<p><strong>40<\/strong><strong>\u00a0Tons Fit Up Rotator<\/strong><\/p>\n<p><strong>KONVENTIONELLE SCHWEISSROTATOREN<\/strong><\/p>\n<p><strong>FIT UP <\/strong><strong>Serie<\/strong><\/p>\n<p><strong>Konventionelle Rotatoren sind f\u00fcr das Schwei\u00dfen von zylindrischen Beh\u00e4ltern oder Kolonnen vorgesehen.<\/strong><\/p>\n<p><iframe title=\"YouTube-Video-Player\" src=\"https:\/\/www.youtube.com\/embed\/uFA91JZILh4?si=A3AMb5NoizNpjRmB\" width=\"560\" height=\"315\" frameborder=\"0\" allowfullscreen=\"allowfullscreen\"><\/iframe><\/p>\n<table>\n<tbody>\n<tr>\n<td width=\"207\">- Bew\u00e4hrtes Design<\/td>\n<td width=\"207\">- Zuverl\u00e4ssige Qualit\u00e4t<\/td>\n<\/tr>\n<tr>\n<td width=\"207\">- Renommierte Teile<\/td>\n<td width=\"207\">- Steuerung des Wechselrichters<\/td>\n<\/tr>\n<tr>\n<td width=\"207\">- Direktes Antriebssystem<\/td>\n<td width=\"207\">- Motorisiertes Fahren m\u00f6glich<\/td>\n<\/tr>\n<tr>\n<td width=\"207\">- Ma\u00dfgeschneidertes Design auf Bestellung<\/td>\n<td width=\"207\">- ERSTAUSR\u00dcSTER<\/p>\n<p>&nbsp;<\/td>\n<\/tr>\n<\/tbody>\n<\/table>\n<p><img fetchpriority=\"high\" decoding=\"async\" class=\"alignnone wp-image-943 size-large\" src=\"https:\/\/www.weldmc.com\/wp-content\/uploads\/2025\/05\/\u56fe\u72479-1024x641.png\" alt=\"40T Fit Up Rotator\" width=\"1024\" height=\"641\" srcset=\"https:\/\/www.weldmc.com\/wp-content\/uploads\/2025\/05\/\u56fe\u72479-1024x641.png 1024w, https:\/\/www.weldmc.com\/wp-content\/uploads\/2025\/05\/\u56fe\u72479-300x188.png 300w, https:\/\/www.weldmc.com\/wp-content\/uploads\/2025\/05\/\u56fe\u72479-768x481.png 768w, https:\/\/www.weldmc.com\/wp-content\/uploads\/2025\/05\/\u56fe\u72479-600x375.png 600w, https:\/\/www.weldmc.com\/wp-content\/uploads\/2025\/05\/\u56fe\u72479.png 1122w\" sizes=\"(max-width: 1024px) 100vw, 1024px\" \/> <img decoding=\"async\" class=\"alignnone wp-image-938 size-full\" src=\"https:\/\/www.weldmc.com\/wp-content\/uploads\/2025\/05\/\u56fe\u724710.png\" alt=\"40T Fit Up Rotator\" width=\"1228\" height=\"1063\" srcset=\"https:\/\/www.weldmc.com\/wp-content\/uploads\/2025\/05\/\u56fe\u724710.png 1228w, https:\/\/www.weldmc.com\/wp-content\/uploads\/2025\/05\/\u56fe\u724710-300x260.png 300w, https:\/\/www.weldmc.com\/wp-content\/uploads\/2025\/05\/\u56fe\u724710-1024x886.png 1024w, https:\/\/www.weldmc.com\/wp-content\/uploads\/2025\/05\/\u56fe\u724710-768x665.png 768w, https:\/\/www.weldmc.com\/wp-content\/uploads\/2025\/05\/\u56fe\u724710-600x519.png 600w\" sizes=\"(max-width: 1228px) 100vw, 1228px\" \/><\/p>\n<p><strong>KONVENTIONELLE SCHWEISSROTATOREN<\/strong><\/p>\n<p><strong>FIT UP <\/strong><strong>Serie<\/strong><\/p>\n<p><strong>Konventionelle Rotatoren sind f\u00fcr das Schwei\u00dfen von zylindrischen Beh\u00e4ltern oder Kolonnen vorgesehen.<\/strong><\/p>\n<table>\n<tbody>\n<tr>\n<td width=\"207\">- Bew\u00e4hrtes Design<\/td>\n<td width=\"207\">- Zuverl\u00e4ssige Qualit\u00e4t<\/td>\n<\/tr>\n<tr>\n<td width=\"207\">- Renommierte Teile<\/td>\n<td width=\"207\">- Steuerung des Wechselrichters<\/td>\n<\/tr>\n<tr>\n<td width=\"207\">- Direktes Antriebssystem<\/td>\n<td width=\"207\">- Motorisiertes Fahren m\u00f6glich<\/td>\n<\/tr>\n<tr>\n<td width=\"207\">- Ma\u00dfgeschneidertes Design auf Bestellung<\/td>\n<td width=\"207\">- ERSTAUSR\u00dcSTER<\/td>\n<\/tr>\n<\/tbody>\n<\/table>\n<p><img decoding=\"async\" class=\"alignnone wp-image-941 size-full\" src=\"https:\/\/www.weldmc.com\/wp-content\/uploads\/2025\/05\/\u56fe\u724711.png\" alt=\"40T Fit Up Rotator\" width=\"887\" height=\"665\" srcset=\"https:\/\/www.weldmc.com\/wp-content\/uploads\/2025\/05\/\u56fe\u724711.png 887w, https:\/\/www.weldmc.com\/wp-content\/uploads\/2025\/05\/\u56fe\u724711-300x225.png 300w, https:\/\/www.weldmc.com\/wp-content\/uploads\/2025\/05\/\u56fe\u724711-768x576.png 768w, https:\/\/www.weldmc.com\/wp-content\/uploads\/2025\/05\/\u56fe\u724711-600x450.png 600w\" sizes=\"(max-width: 887px) 100vw, 887px\" \/><\/p>\n<ul>\n<li><b> <\/b><strong><b>Zusammenfassung<\/b><\/strong><\/li>\n<\/ul>\n<ol>\n<li><strong><b> Zusammensetzung der Ausr\u00fcstung<\/b><\/strong><\/li>\n<\/ol>\n<p class=\"ds-markdown-paragraph\"><strong>Kernkomponenten &amp; Funktionalit\u00e4t<\/strong><br \/>\nDer WUXI ABK 40-Tonnen Fit Up Rotator ist ein pr\u00e4zisionsgefertigtes System, das f\u00fcr\u00a0<strong>Herstellung von Beh\u00e4ltern mit gro\u00dfen Durchmessern<\/strong>,\u00a0<strong>Schwei\u00dfen von Rohrleitungsgurten<\/strong>und\u00a0<strong>Montage der Offshore-Struktur<\/strong>. Seine robuste Konfiguration umfasst:<\/p>\n<ul>\n<li>\n<p class=\"ds-markdown-paragraph\"><strong>Antriebsrollenrahmen<\/strong>\u00a0mit AC-Motor + Untersetzungsgetriebe und\u00a0<strong>Steuerung der Frequenzumwandlung<\/strong>\u00a0(0,1-1,2m\/min einstellbare Geschwindigkeit)<\/p>\n<\/li>\n<li>\n<p class=\"ds-markdown-paragraph\"><strong>Angetriebener Rollenrahmen<\/strong>\u00a0und\u00a0<strong>hydraulische Montagewalzen<\/strong>\u00a0(2 S\u00e4tze) mit\u00a0<strong>0,5 mm Ausrichtungsgenauigkeit<\/strong><\/p>\n<\/li>\n<li>\n<p class=\"ds-markdown-paragraph\"><strong>Integrierte hydraulische Hebevorrichtung<\/strong>\u00a0und\u00a0<strong>Spurbewegung<\/strong>\u00a0f\u00fcr nahtlose Zylinderstumpfst\u00f6\u00dfe<\/p>\n<\/li>\n<\/ul>\n<p class=\"ds-markdown-paragraph\"><strong>Workflow-Effizienz<\/strong><br \/>\nDiese\u00a0<strong>Industrierotator<\/strong>\u00a0verschlankt\u00a0<strong>Druckbeh\u00e4lterschwei\u00dfen<\/strong>\u00a0und\u00a0<strong>Windturm-Fertigung<\/strong>\u00a0durch ein dreistufiges Verfahren:<\/p>\n<ol start=\"1\">\n<li>\n<p class=\"ds-markdown-paragraph\"><strong>Segmentierte Positionierung<\/strong>: Die Zylinder auf die Antriebs-\/Antriebsrahmen setzen und durch hydraulische Verstellung ausrichten.<\/p>\n<\/li>\n<li>\n<p class=\"ds-markdown-paragraph\"><strong>Montage &amp; Schwei\u00dfen<\/strong>: Erreichen Sie\u00a0<strong>Feinjustierung<\/strong>\u00a0(\u00b10,5 mm); Innen-\/Au\u00dfenn\u00e4hte schwei\u00dfen mit\u00a0<strong>Schwei\u00dfmanipulatoren<\/strong>.<\/p>\n<\/li>\n<li>\n<p class=\"ds-markdown-paragraph\"><strong>Kontinuierliche Expansion<\/strong>: Wiederholen bis zum Abschluss\u00a0<strong>Schwei\u00dfen von Gro\u00dfbeh\u00e4ltern<\/strong>\u00a0(1,5-6 m Durchmesser).<\/p>\n<\/li>\n<\/ol>\n<p class=\"ds-markdown-paragraph\"><strong>Technische Vorteile<\/strong><\/p>\n<ul>\n<li>\n<p class=\"ds-markdown-paragraph\"><strong>50 Tonnen H\u00f6chstlast<\/strong>\u00a0(anpassbar f\u00fcr\u00a0<strong>schwere Fabrikation<\/strong>)<\/p>\n<\/li>\n<li>\n<p class=\"ds-markdown-paragraph\"><strong>Stufenlose Drehzahlregelung<\/strong>\u00a0f\u00fcr\u00a0<strong>gleichbleibende Schwei\u00dfnahtqualit\u00e4t<\/strong><\/p>\n<\/li>\n<li>\n<p class=\"ds-markdown-paragraph\"><strong>Anti-Kriechfunktion<\/strong>\u00a0und\u00a0<strong>Anti-Deflexionsmechanismen<\/strong><\/p>\n<\/li>\n<li>\n<p class=\"ds-markdown-paragraph\"><strong>Integration von automatisiertem Schwei\u00dfen<\/strong>\u00a0(kompatibel mit\u00a0<strong>Schwei\u00dfroboter-Systeme<\/strong>)<\/p>\n<\/li>\n<\/ul>\n<p class=\"ds-markdown-paragraph\"><strong>Sicherheit und Einhaltung von Vorschriften<\/strong><\/p>\n<ul>\n<li>\n<p class=\"ds-markdown-paragraph\"><strong>\u00dcberlastungsschutz<\/strong>\u00a0und\u00a0<strong>Notbremsung<\/strong><\/p>\n<\/li>\n<li>\n<p class=\"ds-markdown-paragraph\"><strong>ASME-konform<\/strong>\u00a0Schwei\u00dfverfahren<\/p>\n<\/li>\n<li>\n<p class=\"ds-markdown-paragraph\"><strong>CE\/ISO-zertifiziert<\/strong>\u00a0f\u00fcr\u00a0<strong>Arbeitsschutz<\/strong><\/p>\n<\/li>\n<\/ul>\n<p><img loading=\"lazy\" decoding=\"async\" class=\"alignnone wp-image-936 size-full\" src=\"https:\/\/www.weldmc.com\/wp-content\/uploads\/2025\/05\/1748097561061.jpg\" alt=\"40T Fit Up Rotator\" width=\"796\" height=\"517\" srcset=\"https:\/\/www.weldmc.com\/wp-content\/uploads\/2025\/05\/1748097561061.jpg 796w, https:\/\/www.weldmc.com\/wp-content\/uploads\/2025\/05\/1748097561061-300x195.jpg 300w, https:\/\/www.weldmc.com\/wp-content\/uploads\/2025\/05\/1748097561061-768x499.jpg 768w, https:\/\/www.weldmc.com\/wp-content\/uploads\/2025\/05\/1748097561061-600x390.jpg 600w\" sizes=\"(max-width: 796px) 100vw, 796px\" \/> <img loading=\"lazy\" decoding=\"async\" class=\"alignnone wp-image-937 size-full\" src=\"https:\/\/www.weldmc.com\/wp-content\/uploads\/2025\/05\/1748097632079.jpg\" alt=\"40T Fit Up Rotator\" width=\"764\" height=\"807\" srcset=\"https:\/\/www.weldmc.com\/wp-content\/uploads\/2025\/05\/1748097632079.jpg 764w, https:\/\/www.weldmc.com\/wp-content\/uploads\/2025\/05\/1748097632079-284x300.jpg 284w, https:\/\/www.weldmc.com\/wp-content\/uploads\/2025\/05\/1748097632079-600x634.jpg 600w\" sizes=\"(max-width: 764px) 100vw, 764px\" \/><\/p>\n<p><strong><b>Einf\u00fchrung der R\u00e4der<\/b><\/strong><\/p>\n<p>Polyurethan-R\u00e4der bieten au\u00dfergew\u00f6hnliche Abriebfestigkeit, vielseitige Verarbeitung, breite Anwendbarkeit und hervorragende Best\u00e4ndigkeit gegen \u00d6l, Ozon, Alterung, Strahlung und niedrige Temperaturen. Au\u00dferdem bieten sie eine starke Haftung, eine hervorragende Schall\u00fcbertragung, Biokompatibilit\u00e4t und Blutvertr\u00e4glichkeit.<b><\/b><\/p>\n<p><img loading=\"lazy\" decoding=\"async\" class=\"alignnone wp-image-940\" src=\"https:\/\/www.weldmc.com\/wp-content\/uploads\/2025\/05\/\u56fe\u724713.png\" alt=\"40T Fit Up Rotator\" width=\"244\" height=\"305\" srcset=\"https:\/\/www.weldmc.com\/wp-content\/uploads\/2025\/05\/\u56fe\u724713.png 358w, https:\/\/www.weldmc.com\/wp-content\/uploads\/2025\/05\/\u56fe\u724713-240x300.png 240w\" sizes=\"(max-width: 244px) 100vw, 244px\" \/> <img loading=\"lazy\" decoding=\"async\" class=\"alignnone wp-image-939\" src=\"https:\/\/www.weldmc.com\/wp-content\/uploads\/2025\/05\/\u56fe\u724712.png\" alt=\"40T Fit Up Rotator\" width=\"244\" height=\"306\" srcset=\"https:\/\/www.weldmc.com\/wp-content\/uploads\/2025\/05\/\u56fe\u724712.png 308w, https:\/\/www.weldmc.com\/wp-content\/uploads\/2025\/05\/\u56fe\u724712-239x300.png 239w\" sizes=\"(max-width: 244px) 100vw, 244px\" \/> <img loading=\"lazy\" decoding=\"async\" class=\"alignnone wp-image-935\" src=\"https:\/\/www.weldmc.com\/wp-content\/uploads\/2025\/05\/\u56fe\u724714.png\" alt=\"40T Fit Up Rotator\" width=\"543\" height=\"306\" srcset=\"https:\/\/www.weldmc.com\/wp-content\/uploads\/2025\/05\/\u56fe\u724714.png 2276w, https:\/\/www.weldmc.com\/wp-content\/uploads\/2025\/05\/\u56fe\u724714-300x169.png 300w, https:\/\/www.weldmc.com\/wp-content\/uploads\/2025\/05\/\u56fe\u724714-1024x576.png 1024w, https:\/\/www.weldmc.com\/wp-content\/uploads\/2025\/05\/\u56fe\u724714-768x432.png 768w, https:\/\/www.weldmc.com\/wp-content\/uploads\/2025\/05\/\u56fe\u724714-1536x864.png 1536w, https:\/\/www.weldmc.com\/wp-content\/uploads\/2025\/05\/\u56fe\u724714-2048x1152.png 2048w, https:\/\/www.weldmc.com\/wp-content\/uploads\/2025\/05\/\u56fe\u724714-600x337.png 600w\" sizes=\"(max-width: 543px) 100vw, 543px\" \/><\/p>\n<p><strong><b>Einf\u00fchrung des Motors<\/b><\/strong><strong><b><br \/>\n<\/b><\/strong><img decoding=\"async\" src=\"https:\/\/www.weldmc.com\/wp-content\/uploads\/2025\/05\/Motor_2.png\" alt=\"Motor_2\" \/> <img decoding=\"async\" src=\"https:\/\/www.weldmc.com\/wp-content\/uploads\/2025\/05\/Motor_1.png\" alt=\"Motor_1\" \/><\/p>\n<p><strong>Wartungsrichtlinien f\u00fcr Schwei\u00dfrotatoren<\/strong><\/p>\n<p>Reinigen Sie den Schwei\u00dfrotator vor dem Gebrauch. Halten Sie die Gummirollen von \u00d6len und hohen Temperaturen fern, um Alterung zu vermeiden. Es wird empfohlen, dass eine bestimmte Person das Ger\u00e4t bedient und wartet.<\/p>\n<p>Stellen Sie sicher, dass das Getriebe vor dem Start mit 30#-Motor\u00f6l gef\u00fcllt ist, insbesondere wenn die Temperatur unter 0\u00baC liegt.<\/p>\n<p>Wechseln Sie das \u00d6l im Untersetzungsgetriebe nach dem ersten Monat der Nutzung. Danach sollte das \u00d6l alle sechs Monate gewechselt werden.<\/p>\n<p>Verwenden Sie das Rollenbett nicht als Schwei\u00dfunterlage, um eine Besch\u00e4digung der Lager zu vermeiden.<\/p>\n<p><strong><b>Hersteller von Rotatoren h\u00f6chster Qualit\u00e4t<\/b><\/strong><\/p>\n<p>1. mit \u00fcber 20 Jahren Erfahrung in der Herstellung von selbstausrichtenden Rotatoren.<\/p>\n<p>2) Unsere Produkte haben eine Tragf\u00e4higkeit von 5 bis 400 Tonnen.<\/p>\n<p>3. wir bieten CE- und ISO-Zertifizierungen an, die die Einhaltung der strengen Teilvorschriften gew\u00e4hrleisten. Zus\u00e4tzlich.<\/p>\n<p>4 Wir bieten eine einj\u00e4hrige Garantie und kostenlose Verschlei\u00dfteile.<\/p>\n<p>(5) Unser hochqualifiziertes technisches Team unterst\u00fctzt Sie und Ihre Gro\u00dfprojekte, wie z. B. das Schwei\u00dfen von Windkraftanlagen.<\/p>\n<p><img decoding=\"async\" src=\"https:\/\/www.weldmc.com\/wp-content\/uploads\/2025\/05\/Product-certification.png\" alt=\"Produktzertifizierung\" \/><\/p>\n<p>Wuxi ABK Machinery Co.Ltd ist ein professioneller Hersteller von Schwei\u00dfrotatoren in China. Und unser Schwei\u00dfrotator umfasst haupts\u00e4chlich Standard-Schwei\u00dfrotator, einstellbarer Schwei\u00dfrotator und spezieller Schwei\u00dfrotator. Wir k\u00f6nnen unseren Kunden auf der ganzen Welt auch viele andere Produkte anbieten, einschlie\u00dflich Schwei\u00dfdrehtisch, Pfahlschwei\u00dfmaschine, Windturm-Produktionslinie, H-Tr\u00e4ger-Schwei\u00dflinie, Rohrschwei\u00dfausr\u00fcstung, CNC-Schneidemaschine, Schleifmaschine, Walzprofiliermaschine, Blechbiegemaschine, etc. Wir haben die ISO- und CE-Zertifizierung erhalten und bieten auch OEM-Service an.<\/p>\n<p>&nbsp;<\/p>","protected":false},"excerpt":{"rendered":"<p>Der WUXI ABK 40-Tonnen Fit Up Rotator ist ein Hochleistungs-Schwei\u00dfpositionierer, der f\u00fcr die Herstellung von Pr\u00e4zisionsbeh\u00e4ltern entwickelt wurde. Er verf\u00fcgt \u00fcber eine hydraulische Ausrichtung mit einer Genauigkeit von \u00b10,5 mm und eine stufenlose Geschwindigkeitsregelung von 0,1-1,2 m\/min. Dieses robuste System, das f\u00fcr Werkst\u00fccke mit einem Durchmesser von 1,5-6 m und einer Tragf\u00e4higkeit von 50 Tonnen ausgelegt ist, verf\u00fcgt \u00fcber Sicherheitsmechanismen und eine nahtlose Integration von Schwei\u00dfmanipulatoren zur Optimierung von Schwei\u00dfarbeiten an Druckbeh\u00e4ltern und Rohrleitungen in anspruchsvollen industriellen Umgebungen.<\/p>","protected":false},"featured_media":2123,"comment_status":"open","ping_status":"closed","template":"","meta":{"_acf_changed":false},"product_brand":[],"product_cat":[21,40,30],"product_tag":[],"class_list":{"0":"post-955","1":"product","2":"type-product","3":"status-publish","4":"has-post-thumbnail","6":"product_cat-welding-automation","7":"product_cat-fit-up-rotator","8":"product_cat-welding-rotator","10":"first","11":"instock","12":"shipping-taxable","13":"product-type-simple"},"acf":[],"_links":{"self":[{"href":"https:\/\/www.weldmc.com\/de\/wp-json\/wp\/v2\/product\/955","targetHints":{"allow":["GET"]}}],"collection":[{"href":"https:\/\/www.weldmc.com\/de\/wp-json\/wp\/v2\/product"}],"about":[{"href":"https:\/\/www.weldmc.com\/de\/wp-json\/wp\/v2\/types\/product"}],"replies":[{"embeddable":true,"href":"https:\/\/www.weldmc.com\/de\/wp-json\/wp\/v2\/comments?post=955"}],"wp:featuredmedia":[{"embeddable":true,"href":"https:\/\/www.weldmc.com\/de\/wp-json\/wp\/v2\/media\/2123"}],"wp:attachment":[{"href":"https:\/\/www.weldmc.com\/de\/wp-json\/wp\/v2\/media?parent=955"}],"wp:term":[{"taxonomy":"product_brand","embeddable":true,"href":"https:\/\/www.weldmc.com\/de\/wp-json\/wp\/v2\/product_brand?post=955"},{"taxonomy":"product_cat","embeddable":true,"href":"https:\/\/www.weldmc.com\/de\/wp-json\/wp\/v2\/product_cat?post=955"},{"taxonomy":"product_tag","embeddable":true,"href":"https:\/\/www.weldmc.com\/de\/wp-json\/wp\/v2\/product_tag?post=955"}],"curies":[{"name":"wp","href":"https:\/\/api.w.org\/{rel}","templated":true}]}}