{"id":953,"date":"2025-05-24T23:26:40","date_gmt":"2025-05-24T15:26:40","guid":{"rendered":"http:\/\/111.170.148.214:8095\/?post_type=product&#038;p=953"},"modified":"2025-10-14T15:07:27","modified_gmt":"2025-10-14T07:07:27","slug":"kopf-schwanz-positionierer-1-tonne","status":"publish","type":"product","link":"https:\/\/www.weldmc.com\/de\/product\/kopf-schwanz-positionierer-1-tonne\/","title":{"rendered":"Kopf-Heck-Positionierer 1 Tonne"},"content":{"rendered":"<p>Die <strong><b>Schwei\u00dfpositionierer der Serie HBT,<\/b><\/strong>\u00a0entwickelt von <strong><b>WUXI ABK<\/b><\/strong>kombiniert fortschrittliche nationale und internationale Technologien mit praktischen Erfahrungen der Nutzer. Sein <strong><b>schlankes, kompaktes Design<\/b><\/strong>\u00a0gew\u00e4hrleistet <strong><b>hohe Pr\u00e4zision, zuverl\u00e4ssige Leistung und einfache Bedienung<\/b><\/strong>und ist damit eine bevorzugte Wahl f\u00fcr industrielle Anwendungen.<\/p>\n<p><img fetchpriority=\"high\" decoding=\"async\" class=\"\" src=\"https:\/\/www.weldmc.com\/wp-content\/uploads\/2025\/05\/Head-Tail-Positioner_1.png\" alt=\"\" width=\"358\" height=\"247\" \/> <img decoding=\"async\" class=\"\" src=\"https:\/\/www.weldmc.com\/wp-content\/uploads\/2025\/05\/Head-Tail-Positioner_2.png\" alt=\"Kopf-Schwanz-Positionierer_2\" width=\"330\" height=\"247\" \/> <img decoding=\"async\" class=\"\" src=\"https:\/\/www.weldmc.com\/wp-content\/uploads\/2025\/05\/Head-Tail-Positioner_3.png\" alt=\"Kopf-Schwanz-Positionierer_3\" width=\"331\" height=\"248\" \/><\/p>\n<p><iframe title=\"YouTube-Video-Player\" src=\"https:\/\/www.youtube.com\/embed\/Zt_kWBLUVVg?si=P8jgHSRF2GINgJ5h\" width=\"560\" height=\"315\" frameborder=\"0\" allowfullscreen=\"allowfullscreen\"><\/iframe><\/p>\n<table>\n<tbody>\n<tr>\n<td colspan=\"3\" width=\"511\"><strong>Modell<\/strong><\/td>\n<td width=\"386\"><strong>HB<\/strong><strong>T<\/strong><strong>&#8211;<\/strong><strong>10<\/strong><\/td>\n<\/tr>\n<tr>\n<td width=\"326\"><strong>Tragf\u00e4higkeit<\/strong><\/td>\n<td width=\"85\">(TON)<\/td>\n<td width=\"99\"><\/td>\n<td width=\"386\">1<\/td>\n<\/tr>\n<tr>\n<td width=\"326\"><strong>Abbiegewinkel<\/strong><\/td>\n<td width=\"85\">(\u00b0)<\/td>\n<td width=\"99\"><\/td>\n<td width=\"386\">360<\/td>\n<\/tr>\n<tr>\n<td width=\"326\"><strong>T<\/strong><strong>Umdrehungsgeschwindigkeit<\/strong><\/td>\n<td width=\"85\">(RPM)<\/td>\n<td width=\"99\"><\/td>\n<td width=\"386\">0.04-0.4<\/td>\n<\/tr>\n<tr>\n<td width=\"326\"><strong>Umkehrung <\/strong><strong>\u00a0Winkel<\/strong><\/td>\n<td width=\"85\">(\u00b0)<\/td>\n<td width=\"99\"><\/td>\n<td width=\"386\">360<\/td>\n<\/tr>\n<tr>\n<td width=\"326\"><strong>Arbeitstisch <\/strong><strong>Durchmesser<\/strong><\/td>\n<td width=\"85\">(MM)<\/td>\n<td width=\"99\"><\/td>\n<td width=\"386\">1000<\/td>\n<\/tr>\n<tr>\n<td width=\"326\"><strong>\u00dcberschlag Spitzenh\u00f6he<\/strong><\/td>\n<td width=\"85\">(MM)<\/td>\n<td width=\"99\"><\/td>\n<td width=\"386\">1500<\/td>\n<\/tr>\n<tr>\n<td width=\"326\"><strong>Abstand zwischen zwei Basen<\/strong><\/td>\n<td width=\"85\">(MM)<\/td>\n<td width=\"99\"><\/td>\n<td width=\"386\">3000<\/td>\n<\/tr>\n<tr>\n<td width=\"326\"><strong>Arbeitstisch <\/strong><strong>T<\/strong><strong>Wenden\/<\/strong><strong>O<\/strong><strong>verturning<\/strong><\/td>\n<td width=\"85\"><\/td>\n<td width=\"99\"><\/td>\n<td width=\"386\">Mechanisiert<\/td>\n<\/tr>\n<tr>\n<td width=\"326\"><strong>Drehung<\/strong><strong>\u00a0Motorleistung<\/strong><\/td>\n<td width=\"85\">(KW)<\/td>\n<td width=\"99\"><\/td>\n<td width=\"386\">0.75<\/td>\n<\/tr>\n<tr>\n<td width=\"326\"><strong>umkehren<\/strong><strong>\u00a0Motorleistung<\/strong><\/td>\n<td width=\"85\">(KW)<\/td>\n<td width=\"99\"><\/td>\n<td width=\"386\">1.5<\/td>\n<\/tr>\n<tr>\n<td width=\"326\"><strong>Stromversorgung<\/strong><\/td>\n<td width=\"85\">(V)<\/td>\n<td width=\"99\">50Hz 3\u0278<\/td>\n<td width=\"386\">380 (je nach Kundenbedarf festgelegt)<\/td>\n<\/tr>\n<tr>\n<td width=\"326\"><strong>Geschwindigkeitsregulierender Typ<\/strong><\/td>\n<td width=\"85\"><\/td>\n<td width=\"99\"><\/td>\n<td width=\"386\">AC-Frequenz stufenlose Drehzahlregelung<\/td>\n<\/tr>\n<tr>\n<td colspan=\"4\" width=\"897\">Hinweis: Alle Angaben beziehen sich auf die Standardausr\u00fcstung, die je nach Kundenanforderung ge\u00e4ndert werden kann.<\/td>\n<\/tr>\n<\/tbody>\n<\/table>\n<p>1. Gro\u00dfw\u00e4lzlager<\/p>\n<p><img decoding=\"async\" src=\"https:\/\/www.weldmc.com\/wp-content\/uploads\/2025\/05\/Slewing-bearing.png\" alt=\"Gro\u00dfw\u00e4lzlager\" \/><\/p>\n<p>Das Gro\u00dfw\u00e4lzlager ist ein wichtiges lasttragendes Bauteil, das die relative Drehung zwischen Maschinenteilen erm\u00f6glicht und gleichzeitig Axial-, Radial- und Kippmomentkr\u00e4fte aufnimmt. Seine kompakte und leichte Konstruktion aus hochfestem legiertem Stahl gew\u00e4hrleistet einen reibungslosen Betrieb mit hoher Pr\u00e4zision (\u00b10,05\u00b0 Drehgenauigkeit) und langer Lebensdauer. Zu den wichtigsten Konfigurationen geh\u00f6ren Befestigungsbohrungen, optionale Innen-\/Au\u00dfenverzahnungen, Schmieranschl\u00fcsse und Dichtungssysteme f\u00fcr erh\u00f6hte Zuverl\u00e4ssigkeit. Mit einem Durchmesserbereich von 300-5000 mm und einer Tragf\u00e4higkeit von bis zu 50.000 kN wird es h\u00e4ufig in Baumaschinen, Windturbinen, Kr\u00e4nen und milit\u00e4rischer Ausr\u00fcstung eingesetzt. F\u00fcr spezielle Anwendungen sind Sonderausf\u00fchrungen erh\u00e4ltlich.<\/p>\n<ol start=\"2\">\n<li>Getriebe<\/li>\n<\/ol>\n<p>1). R\u00fcckw\u00e4rtsgang<\/p>\n<p><img decoding=\"async\" src=\"https:\/\/www.weldmc.com\/wp-content\/uploads\/2025\/05\/Reverse-gear.png\" alt=\"R\u00fcckw\u00e4rtsgang\" \/><\/p>\n<p>Im Allgemeinen betr\u00e4gt der Drehwinkel der Drehvorrichtung 0\u00b0bis 90\u00b0. Die Funktion der Verschiebung wird durch Drehen des Tisches erreicht.<\/p>\n<p>2). R\u00fcckw\u00e4rtsgang<\/p>\n<p><img loading=\"lazy\" decoding=\"async\" class=\"\" src=\"https:\/\/www.weldmc.com\/wp-content\/uploads\/2025\/05\/Reverse-gear_1.png\" alt=\"R\u00fcckw\u00e4rtsgang_1\" width=\"345\" height=\"260\" \/> <img loading=\"lazy\" decoding=\"async\" class=\"\" src=\"https:\/\/www.weldmc.com\/wp-content\/uploads\/2025\/05\/Reverse-gear_2.png\" alt=\"R\u00fcckw\u00e4rtsgang_2\" width=\"346\" height=\"259\" \/> <img loading=\"lazy\" decoding=\"async\" class=\"\" src=\"https:\/\/www.weldmc.com\/wp-content\/uploads\/2025\/05\/Reverse-gear_3.png\" alt=\"R\u00fcckw\u00e4rtsgang_3\" width=\"344\" height=\"257\" \/><\/p>\n<p>Zahnr\u00e4der sind verzahnte mechanische Komponenten, die durch das Ineinandergreifen mit anderen Getriebeelementen wie Zahnstangen, Schnecken oder zus\u00e4tzlichen Zahnr\u00e4dern ein Drehmoment \u00fcbertragen. Sie erm\u00f6glichen eine pr\u00e4zise Steuerung der Kraft\u00fcbertragung durch \u00c4nderung des Drehzahl-\/Drehmomentverh\u00e4ltnisses, Umlenkung von Bewegungswegen und Umwandlung von Bewegungsarten (z. B. rotierend in linear). Ihre ineinander greifende Verzahnung sorgt f\u00fcr eine zuverl\u00e4ssige Kraft\u00fcbertragung und erm\u00f6glicht gleichzeitig einen anpassbaren mechanischen Vorteil in verschiedenen industriellen Anwendungen.<\/p>\n<p>3. die Reduktion<\/p>\n<p><img decoding=\"async\" src=\"https:\/\/www.weldmc.com\/wp-content\/uploads\/2025\/05\/Reducer.png\" alt=\"Reduzierst\u00fcck\" \/><\/p>\n<p>Untersetzungsgetriebe sind mechanische Kraft\u00fcbertragungsvorrichtungen, die mit Hilfe von Pr\u00e4zisionsgetrieben die Eingangsdrehzahl reduzieren und gleichzeitig das Ausgangsdrehmoment proportional erh\u00f6hen, wobei das Ausgangsdrehmoment das Produkt aus Motordrehmoment und Getriebe\u00fcbersetzung ist (ohne die Nennkapazit\u00e4t des Getriebes zu \u00fcberschreiten). Diese Systeme verringern gleichzeitig das Tr\u00e4gheitsmoment der Last um das Quadrat des Untersetzungsverh\u00e4ltnisses und erm\u00f6glichen eine optimierte Leistungsumwandlung f\u00fcr verschiedene industrielle Anwendungen durch einen effizienten Getriebeeingriff.<\/p>\n<p><img decoding=\"async\" src=\"https:\/\/www.weldmc.com\/wp-content\/uploads\/2025\/05\/Motor_2.png\" alt=\"Motor_2\" \/> <img decoding=\"async\" src=\"https:\/\/www.weldmc.com\/wp-content\/uploads\/2025\/05\/Motor_1.png\" alt=\"Motor_1\" \/><\/p>\n<p class=\"ds-markdown-paragraph\">Eine ordnungsgem\u00e4\u00dfe Wartung gew\u00e4hrleistet die optimale Leistung Ihres\u00a0<strong>Schwei\u00dfpositionierer<\/strong>\u00a0in\u00a0<strong>Pr\u00e4zisionsfertigung<\/strong>\u00a0Anwendungen. Die t\u00e4gliche Pflege umfasst das Entfernen\u00a0<strong>Schwei\u00dfschlacke<\/strong>\u00a0Einlagen und \u00dcberpr\u00fcfung\u00a0<strong>Schmierstoffmengen<\/strong>\u00a0bei der Inspektion\u00a0<strong>elektrische Anschl\u00fcsse<\/strong>\u00a0f\u00fcr die Sicherheit. Zu den monatlichen Verfahren geh\u00f6rt die \u00dcberpr\u00fcfung des Drehmoments\u00a0<strong>Befestigungsbolzen<\/strong>, die Untersuchung der\u00a0<strong>Schneckenradgetriebe<\/strong>und Pr\u00fcfung\u00a0<strong>Not-Aus-Funktionen<\/strong>.<\/p>\n<p class=\"ds-markdown-paragraph\">F\u00fcr langfristige Zuverl\u00e4ssigkeit:<\/p>\n<ul>\n<li>\n<p class=\"ds-markdown-paragraph\">J\u00e4hrlich ersetzen\u00a0<strong>Verschlei\u00dfkomponenten<\/strong>\u00a0wie Kohleb\u00fcrsten und Lager<\/p>\n<\/li>\n<li>\n<p class=\"ds-markdown-paragraph\">wieder auff\u00fcllen.\u00a0<strong>Hochtemperaturfett<\/strong>\u00a0in allen Getrieben<\/p>\n<\/li>\n<li>\n<p class=\"ds-markdown-paragraph\">Rekalibrieren Sie die\u00a0<strong>Drehachsen-Positionierungssystem<\/strong><\/p>\n<\/li>\n<\/ul>\n<p class=\"ds-markdown-paragraph\">Kritische operative Warnungen:<br \/>\n\u2713 Sofortige Abschaltung erforderlich bei\u00a0<strong>abnormale Vibrationen<\/strong>\u00a0oder\u00a0<strong>unregelm\u00e4\u00dfige Drehung<\/strong><br \/>\n\u2713 Monitor\u00a0<strong>Servomotor-Temperaturen<\/strong>\u00a0im Dauerbetrieb<\/p>\n<p class=\"ds-markdown-paragraph\">Dieses Wartungsprotokoll liefert:<br \/>\n-\u00a0<strong>30% verl\u00e4ngert die Lebensdauer der Ger\u00e4te<\/strong>\u00a0f\u00fcr Ihre\u00a0<strong>Schwei\u00dfdrehtisch<\/strong><br \/>\n-\u00a0<strong>90% Reduzierung der ungeplanten Ausfallzeiten<\/strong><br \/>\n- Konsequent\u00a0<strong>\u00b10,5\u00b0 Rotationsgenauigkeit<\/strong>\u00a0f\u00fcr\u00a0<strong>automatisiertes Schwei\u00dfen<\/strong>\u00a0Prozesse<\/p>\n<p class=\"ds-markdown-paragraph\"><strong>Zertifizierte Leistung<\/strong><br \/>\nUnser\u00a0<strong>CE\/ISO-zertifizierte Stellungsregler<\/strong>\u00a0Funktion:<\/p>\n<ul>\n<li>\n<p class=\"ds-markdown-paragraph\"><strong>Pr\u00e4zisionsgeschliffene Zahnr\u00e4der<\/strong>\u00a0f\u00fcr eine reibungslose Indizierung<\/p>\n<\/li>\n<li>\n<p class=\"ds-markdown-paragraph\"><strong>IP54 gesch\u00fctzte Steuerungssysteme<\/strong><\/p>\n<\/li>\n<li>\n<p class=\"ds-markdown-paragraph\"><strong>500-1000 kg Tragf\u00e4higkeit<\/strong>\u00a0Konfigurationen<\/p>\n<\/li>\n<\/ul>\n<p><img decoding=\"async\" src=\"https:\/\/www.weldmc.com\/wp-content\/uploads\/2025\/05\/Product-certification.png\" alt=\"Produktzertifizierung\" \/><br \/>\nWuxi ABK Machinery Co.Ltd ist ein professioneller Hersteller von Schwei\u00dfrotatoren in China. Und unser Schwei\u00dfrotator umfasst haupts\u00e4chlich Standard-Schwei\u00dfrotator, einstellbarer Schwei\u00dfrotator und spezieller Schwei\u00dfrotator. Wir k\u00f6nnen unseren Kunden auf der ganzen Welt auch viele andere Produkte anbieten, einschlie\u00dflich Schwei\u00dfdrehtisch, Pfahlschwei\u00dfmaschine, Windturm-Produktionslinie, H-Tr\u00e4ger-Schwei\u00dflinie, Rohrschwei\u00dfausr\u00fcstung, CNC-Schneidemaschine, Schleifmaschine, Walzprofiliermaschine, Blechbiegemaschine, etc. Wir haben die ISO- und CE-Zertifizierung erhalten und bieten auch OEM-Service an.<\/p>","protected":false},"excerpt":{"rendered":"<p><strong>WUXI ABK 1-Tonnen Kopf- und Heckpositionierer<\/strong>\u00a0bietet Pr\u00e4zisionsrotation f\u00fcr kleine bis mittelgro\u00dfe Werkst\u00fccke. Mit einer Genauigkeit von \u00b10,5\u00b0, einem robusten Schneckengetriebe und einer kontinuierlichen Drehung von 360\u00b0 ist er ideal f\u00fcr Roboterschwei\u00dfen und -fertigung. CE\/ISO-zertifiziert mit Optionen f\u00fcr 500-1000 kg Tragf\u00e4higkeit.<\/p>","protected":false},"featured_media":2100,"comment_status":"open","ping_status":"closed","template":"","meta":{"_acf_changed":false},"product_brand":[],"product_cat":[21,36,29],"product_tag":[],"class_list":{"0":"post-953","1":"product","2":"type-product","3":"status-publish","4":"has-post-thumbnail","6":"product_cat-welding-automation","7":"product_cat-head-and-tail-positioner","8":"product_cat-welding-positioner","10":"first","11":"instock","12":"shipping-taxable","13":"product-type-simple"},"acf":[],"_links":{"self":[{"href":"https:\/\/www.weldmc.com\/de\/wp-json\/wp\/v2\/product\/953","targetHints":{"allow":["GET"]}}],"collection":[{"href":"https:\/\/www.weldmc.com\/de\/wp-json\/wp\/v2\/product"}],"about":[{"href":"https:\/\/www.weldmc.com\/de\/wp-json\/wp\/v2\/types\/product"}],"replies":[{"embeddable":true,"href":"https:\/\/www.weldmc.com\/de\/wp-json\/wp\/v2\/comments?post=953"}],"wp:featuredmedia":[{"embeddable":true,"href":"https:\/\/www.weldmc.com\/de\/wp-json\/wp\/v2\/media\/2100"}],"wp:attachment":[{"href":"https:\/\/www.weldmc.com\/de\/wp-json\/wp\/v2\/media?parent=953"}],"wp:term":[{"taxonomy":"product_brand","embeddable":true,"href":"https:\/\/www.weldmc.com\/de\/wp-json\/wp\/v2\/product_brand?post=953"},{"taxonomy":"product_cat","embeddable":true,"href":"https:\/\/www.weldmc.com\/de\/wp-json\/wp\/v2\/product_cat?post=953"},{"taxonomy":"product_tag","embeddable":true,"href":"https:\/\/www.weldmc.com\/de\/wp-json\/wp\/v2\/product_tag?post=953"}],"curies":[{"name":"wp","href":"https:\/\/api.w.org\/{rel}","templated":true}]}}