{"id":951,"date":"2025-05-24T23:01:14","date_gmt":"2025-05-24T15:01:14","guid":{"rendered":"http:\/\/111.170.148.214:8095\/?post_type=product&#038;p=951"},"modified":"2025-10-14T15:25:03","modified_gmt":"2025-10-14T07:25:03","slug":"stationarer-schweispositionierer-tisch-3-tonnen","status":"publish","type":"product","link":"https:\/\/www.weldmc.com\/de\/product\/stationarer-schweispositionierer-tisch-3-tonnen\/","title":{"rendered":"Station\u00e4rer Schwei\u00dfpositionierertisch 3 Tonnen"},"content":{"rendered":"<h4>3 Tonnen Positionierer mit fester H\u00f6he<\/h4>\n<table>\n<tbody>\n<tr>\n<td colspan=\"2\" width=\"470\"><strong>Modell<\/strong><\/td>\n<td width=\"430\">HBJ-30<\/td>\n<\/tr>\n<tr>\n<td width=\"356\"><strong>Tragf\u00e4higkeit<\/strong><\/td>\n<td width=\"114\">(KG)<\/td>\n<td width=\"430\">3000<\/td>\n<\/tr>\n<tr>\n<td width=\"356\"><strong>Rotationsgeschwindigkeit<\/strong><\/td>\n<td width=\"114\">(RPM)<\/td>\n<td width=\"430\">0.05-0.5<\/td>\n<\/tr>\n<tr>\n<td width=\"356\"><strong>\u00a0Umsatzgeschwindigkeit<\/strong><\/td>\n<td width=\"114\">(RPM)<\/td>\n<td width=\"430\">0.23<\/td>\n<\/tr>\n<tr>\n<td width=\"356\"><strong>Umschlagswinkel<\/strong><\/td>\n<td width=\"114\">(\u00b0)<\/td>\n<td width=\"430\">0-90<\/td>\n<\/tr>\n<tr>\n<td width=\"356\"><strong>Gr\u00f6\u00dfe des Arbeitstisches<\/strong><\/td>\n<td width=\"114\">(MM)<\/td>\n<td width=\"430\">1400<\/td>\n<\/tr>\n<tr>\n<td width=\"356\"><strong>Strom abschalten<\/strong><\/td>\n<td width=\"114\">(KW)<\/td>\n<td width=\"430\">1.5<\/td>\n<\/tr>\n<tr>\n<td width=\"356\"><strong>Umst\u00fclpende Kraft<\/strong><\/td>\n<td width=\"114\">(KW)<\/td>\n<td width=\"430\">2.2<\/td>\n<\/tr>\n<tr>\n<td width=\"356\"><strong>Maximaler exzentrischer Abstand<\/strong><\/td>\n<td width=\"114\">(MM)<\/td>\n<td width=\"430\">200<\/td>\n<\/tr>\n<tr>\n<td width=\"356\"><strong>Maximaler Schwerpunktsabstand<\/strong><\/td>\n<td width=\"114\">(MM)<\/td>\n<td width=\"430\">400<\/td>\n<\/tr>\n<tr>\n<td width=\"356\"><strong>Stromversorgung<\/strong><\/td>\n<td width=\"114\">50Hz 3\u0278 (V)<\/td>\n<td width=\"430\">380 (je nach Kundenbedarf festgelegt)<\/td>\n<\/tr>\n<tr>\n<td width=\"356\"><strong>Geschwindigkeitsregulierender Typ<\/strong><\/td>\n<td width=\"114\"><\/td>\n<td width=\"430\">AC-Frequenz stufenlose Drehzahlregelung<\/td>\n<\/tr>\n<tr>\n<td colspan=\"3\" width=\"900\">Hinweis: Alle Angaben beziehen sich auf die Standardausr\u00fcstung, die je nach Kundenanforderung ge\u00e4ndert werden kann.<\/td>\n<\/tr>\n<\/tbody>\n<\/table>\n<p><iframe title=\"YouTube-Video-Player\" src=\"https:\/\/www.youtube.com\/embed\/Lkl5G_zJaJ4?si=jYyX9xFyY7boI0nZ\" width=\"560\" height=\"315\" frameborder=\"0\" allowfullscreen=\"allowfullscreen\"><\/iframe><\/p>\n<p><img decoding=\"async\" src=\"https:\/\/www.weldmc.com\/wp-content\/uploads\/2025\/05\/fixed-height-positioner_1.png\" alt=\"Feste H\u00f6he Positioner_1\" \/> <img decoding=\"async\" src=\"https:\/\/www.weldmc.com\/wp-content\/uploads\/2025\/05\/fixed-height-positioner_2.png\" alt=\"Feste H\u00f6he Positionierer_2\" \/><\/p>\n<p>&nbsp;<\/p>\n<p class=\"ds-markdown-paragraph\"><strong>Feinmechanik f\u00fcr industrielle Anwendungen<\/strong><br \/>\nDas WUXI ABK 3-Tonnen-Schwei\u00dfpositionierger\u00e4t mit fester H\u00f6he bietet au\u00dfergew\u00f6hnliche Leistung im Schwermaschinenbau, im Energiesektor und in der Transportindustrie. Dieses f\u00fcr anspruchsvolle Produktionsumgebungen konzipierte Schwei\u00dfpositionierger\u00e4t verf\u00fcgt \u00fcber einen hochbelastbaren Arbeitstisch mit 6 T-Nuten-Spannsystem, das eine stabile Fixierung von Werkst\u00fccken bis zu 2.000 kg erm\u00f6glicht. Die kontinuierliche 360\u00b0-Rotation, angetrieben durch einen Pr\u00e4zisions-Servoantrieb mit einstellbarer Geschwindigkeit von 0,1 bis 1,2 U\/min, gew\u00e4hrleistet eine optimale Positionierung f\u00fcr komplexe Schwei\u00dfn\u00e4hte. Integrierte leitende Schleifringe verhindern ein Verdrehen der Kabel w\u00e4hrend des Betriebs, sorgen f\u00fcr saubere Arbeitsbereiche und reduzieren die Ausfallzeiten bei der Wartung.<\/p>\n<p class=\"ds-markdown-paragraph\"><strong>Fortschrittliche Antriebssystemtechnologie<\/strong><br \/>\nDas Herzst\u00fcck dieses industriellen Schwei\u00dfpositionierers ist unser fortschrittliches Antriebssystem:<\/p>\n<ul>\n<li>\n<p class=\"ds-markdown-paragraph\"><strong>Mechanismus zum Drehen<\/strong>: AC-Motor gekoppelt mit Planetengetriebe liefert \u00b10,5\u00b0 Positioniergenauigkeit<\/p>\n<\/li>\n<li>\n<p class=\"ds-markdown-paragraph\"><strong>Kippbares System<\/strong>: Zweistufiges Zykloiden-Schnecken-Getriebe f\u00fcr einen gleichm\u00e4\u00dfigen Neigungsbereich von 0-135\u00b0<\/p>\n<\/li>\n<li>\n<p class=\"ds-markdown-paragraph\"><strong>Steuerschnittstelle<\/strong>: Siemens PLC mit HMI-Touchscreen bietet \u00fcber 100 voreingestellte Schwei\u00dfprogramme<\/p>\n<\/li>\n<\/ul>\n<p class=\"ds-markdown-paragraph\"><strong>Anpassbare L\u00f6sungen f\u00fcr spezielle Bed\u00fcrfnisse<\/strong><br \/>\nWUXI ABK bietet umfangreiche Anpassungsm\u00f6glichkeiten an die spezifischen Anforderungen von Schwei\u00dfpositionierern:<\/p>\n<ul>\n<li>\n<p class=\"ds-markdown-paragraph\">Tragf\u00e4higkeiten von 500kg bis 5.000kg<\/p>\n<\/li>\n<li>\n<p class=\"ds-markdown-paragraph\">Arbeitstisch-Durchmesser von 800mm-3.000mm<\/p>\n<\/li>\n<li>\n<p class=\"ds-markdown-paragraph\">Spezielle Konfigurationen einschlie\u00dflich:<br \/>\n\u2713 ATEX Zone 1 Explosionsschutz-Zertifizierung<br \/>\n\u2713 CNC-Synchronisation f\u00fcr Roboter-Schwei\u00dfzellen<br \/>\n\u2713 Wassergek\u00fchlte Tische f\u00fcr Hochtemperaturanwendungen<\/p>\n<\/li>\n<\/ul>\n<p class=\"ds-markdown-paragraph\"><strong>Branchenerprobte Leistung<\/strong><br \/>\nDieser Schwei\u00dfpositionierer mit fester H\u00f6he eignet sich hervorragend f\u00fcr kritische Anwendungen:<\/p>\n<ul>\n<li>\n<p class=\"ds-markdown-paragraph\"><strong>Schwere Ausr\u00fcstung<\/strong>: Pr\u00e4zise Positionierung von Baggerauslegern und Kransegmenten<\/p>\n<\/li>\n<li>\n<p class=\"ds-markdown-paragraph\"><strong>Energiesektor<\/strong>: Einwandfreies Schwei\u00dfen von Flanschen und Druckbeh\u00e4ltern f\u00fcr Windkraftanlagen<\/p>\n<\/li>\n<li>\n<p class=\"ds-markdown-paragraph\"><strong>Transport<\/strong>: Pr\u00e4zise Fertigung von Eisenbahndrehgestellen und Schiffskomponenten<\/p>\n<\/li>\n<\/ul>\n<p class=\"ds-markdown-paragraph\"><strong>Technologische Schl\u00fcsselmerkmale<\/strong><br \/>\nDer Stellungsregler enth\u00e4lt mehrere Innovationen:<\/p>\n<ul>\n<li>\n<p class=\"ds-markdown-paragraph\"><strong>Variable Drehzahlregelung<\/strong>: Der Frequenzumrichter erm\u00f6glicht eine stufenlose Einstellung von 0,1-2 RPM<\/p>\n<\/li>\n<li>\n<p class=\"ds-markdown-paragraph\"><strong>Stufenlose Regulierung<\/strong>: Keine Schaltvorg\u00e4nge mehr f\u00fcr unterbrechungsfreien Betrieb<\/p>\n<\/li>\n<li>\n<p class=\"ds-markdown-paragraph\"><strong>Pr\u00e4zise Neigung<\/strong>: Zwei halbkreisf\u00f6rmige Zahnr\u00e4der mit Schneckenuntersetzung sorgen f\u00fcr eine stabile Bewegung<\/p>\n<\/li>\n<li>\n<p class=\"ds-markdown-paragraph\"><strong>Stromleitung<\/strong>: Drehbare Schnittstelle verhindert Kabelgewirr<\/p>\n<\/li>\n<li>\n<p class=\"ds-markdown-paragraph\"><strong>Robuste Konstruktion<\/strong>: Basis aus spannungsarmem Q235-A-Stahl mit Pr\u00e4zisionsbearbeitung<\/p>\n<\/li>\n<\/ul>\n<p class=\"ds-markdown-paragraph\"><strong>Technische Daten<\/strong><\/p>\n<ul>\n<li style=\"list-style-type: none;\">\n<ul>\n<li>\n<p class=\"ds-markdown-paragraph\"><strong>Maximale Tragf\u00e4higkeit<\/strong>: 3.000kg (Standard), aufr\u00fcstbar auf 5.000kg<\/p>\n<\/li>\n<li>\n<p class=\"ds-markdown-paragraph\"><strong>Rotationsgeschwindigkeit<\/strong>: 0,1-2 RPM stufenlos einstellbar<\/p>\n<\/li>\n<li>\n<p class=\"ds-markdown-paragraph\"><strong>Neigungsbereich<\/strong>: 0-135\u00b0 mit \u00b10,5\u00b0 Wiederholbarkeit<\/p>\n<\/li>\n<li>\n<p class=\"ds-markdown-paragraph\"><strong>Kontrollsystem<\/strong>: Siemens S7-1200 PLC mit 10\u2033 HMI<\/p>\n<\/li>\n<li>\n<p class=\"ds-markdown-paragraph\"><strong>Leistungsanforderungen<\/strong>: 380V\/50Hz (andere Spannungen verf\u00fcgbar)<\/p>\n<\/li>\n<\/ul>\n<\/li>\n<\/ul>\n<p><strong><b>Technische Parameter des Schwei\u00dfpositionierers der Serie HBJ:<\/b><\/strong><\/p>\n<table>\n<tbody>\n<tr>\n<td colspan=\"2\" width=\"229\">Modell<\/td>\n<td width=\"63\">HBJ-01<\/td>\n<td width=\"64\">HBJ-03<\/td>\n<td width=\"68\">HBJ-06<\/td>\n<td width=\"68\">HJB-12<\/td>\n<td width=\"68\">HBJ-30<\/td>\n<td width=\"68\">HBJ-50<\/td>\n<td width=\"72\">HBJ-100<\/td>\n<\/tr>\n<tr>\n<td colspan=\"2\" width=\"229\">Nenntragf\u00e4higkeit (kg)<\/td>\n<td width=\"63\">100<\/td>\n<td width=\"64\">300<\/td>\n<td width=\"68\">600<\/td>\n<td width=\"68\">1200<\/td>\n<td width=\"68\">3000<\/td>\n<td width=\"68\">5000<\/td>\n<td width=\"72\">10000<\/td>\n<\/tr>\n<tr>\n<td colspan=\"2\" width=\"229\">Drehgeschwindigkeit (U\/min)<\/td>\n<td width=\"63\">0.4-4<\/td>\n<td width=\"64\">0.1-1<\/td>\n<td width=\"68\">0.09-0.9<\/td>\n<td width=\"68\">0.05-0.5<\/td>\n<td width=\"68\">0.05-0.5<\/td>\n<td width=\"68\">0.05-0.5<\/td>\n<td width=\"72\">0.05-0.2<\/td>\n<\/tr>\n<tr>\n<td colspan=\"2\" width=\"229\">\u00dcberdrehzahl (U\/min)<\/td>\n<td colspan=\"2\" width=\"128\">Griff<\/td>\n<td width=\"68\">1.1<\/td>\n<td width=\"68\">0.67<\/td>\n<td width=\"68\">0.23<\/td>\n<td width=\"68\">0.14<\/td>\n<td width=\"72\">0.14<\/td>\n<\/tr>\n<tr>\n<td colspan=\"2\" width=\"229\">Durchmesser des Arbeitstisches (mm)<\/td>\n<td width=\"63\">\uffe0400<\/td>\n<td width=\"64\">\uffe0600<\/td>\n<td width=\"68\">\uffe01000<\/td>\n<td width=\"68\">\uffe01200<\/td>\n<td width=\"68\">\uffe01400<\/td>\n<td width=\"68\">\uffe01500<\/td>\n<td width=\"72\">\uffe02000<\/td>\n<\/tr>\n<tr>\n<td colspan=\"2\" width=\"229\">Wendewinkel (\u00b0)<\/td>\n<td width=\"63\">0-120<\/td>\n<td width=\"64\">0-90<\/td>\n<td width=\"68\">0-90<\/td>\n<td width=\"68\">0-120<\/td>\n<td colspan=\"3\" width=\"210\"><\/td>\n<\/tr>\n<tr>\n<td rowspan=\"2\" width=\"136\">Motorleistung (KW)<\/td>\n<td width=\"93\">Wenden<\/td>\n<td width=\"63\">0.06<\/td>\n<td width=\"64\">0.37<\/td>\n<td width=\"68\">0.75<\/td>\n<td width=\"68\">1.1<\/td>\n<td width=\"68\">1.5<\/td>\n<td width=\"68\">3<\/td>\n<td width=\"72\">5.5<\/td>\n<\/tr>\n<tr>\n<td width=\"93\">Umkehrung<\/td>\n<td width=\"63\"><\/td>\n<td width=\"64\"><\/td>\n<td width=\"68\">0.75<\/td>\n<td width=\"68\">2.2<\/td>\n<td width=\"68\">1.5<\/td>\n<td width=\"68\">3<\/td>\n<td width=\"72\">5.5<\/td>\n<\/tr>\n<tr>\n<td colspan=\"2\" width=\"229\">Drehzahlregelung Typ<\/td>\n<td colspan=\"7\" width=\"477\">Stufenlose Frequenzumwandlung<\/td>\n<\/tr>\n<tr>\n<td colspan=\"2\" width=\"229\">Max. Schwerkraftabstand (mm)<\/td>\n<td width=\"63\">100<\/td>\n<td width=\"64\">100<\/td>\n<td width=\"68\">100<\/td>\n<td width=\"68\">150<\/td>\n<td width=\"68\">200<\/td>\n<td width=\"68\">300<\/td>\n<td width=\"72\">400<\/td>\n<\/tr>\n<tr>\n<td colspan=\"2\" width=\"229\">Max. Exzentrizit\u00e4t (mm)<\/td>\n<td width=\"63\">150<\/td>\n<td width=\"64\">150<\/td>\n<td width=\"68\">150<\/td>\n<td width=\"68\">200<\/td>\n<td width=\"68\">200<\/td>\n<td width=\"68\">300<\/td>\n<td width=\"72\">400<\/td>\n<\/tr>\n<tr>\n<td colspan=\"2\" width=\"229\">Max. Drehdurchmesser bei 90\u00b0 \u00dcberschlag (mm)<\/td>\n<td width=\"63\">\uffe0600<\/td>\n<td width=\"64\">\uffe0800<\/td>\n<td width=\"68\">\uffe01500<\/td>\n<td width=\"68\">\uffe02050<\/td>\n<td width=\"68\">\uffe02100<\/td>\n<td width=\"68\">\uffe02500<\/td>\n<td width=\"72\">\uffe03240<\/td>\n<\/tr>\n<\/tbody>\n<\/table>\n<p>1. Gro\u00dfw\u00e4lzlager<\/p>\n<p><img decoding=\"async\" src=\"https:\/\/www.weldmc.com\/wp-content\/uploads\/2025\/05\/Slewing-bearing.png\" alt=\"Gro\u00dfw\u00e4lzlager\" \/><\/p>\n<p>Das Gro\u00dfw\u00e4lzlager ist ein wichtiges lasttragendes Bauteil, das die relative Drehung zwischen Maschinenteilen erm\u00f6glicht und gleichzeitig Axial-, Radial- und Kippmomentkr\u00e4fte aufnimmt. Seine kompakte und leichte Konstruktion aus hochfestem legiertem Stahl gew\u00e4hrleistet einen reibungslosen Betrieb mit hoher Pr\u00e4zision (\u00b10,05\u00b0 Drehgenauigkeit) und langer Lebensdauer. Zu den wichtigsten Konfigurationen geh\u00f6ren Befestigungsbohrungen, optionale Innen-\/Au\u00dfenverzahnungen, Schmieranschl\u00fcsse und Dichtungssysteme f\u00fcr erh\u00f6hte Zuverl\u00e4ssigkeit. Mit einem Durchmesserbereich von 300-5000 mm und einer Tragf\u00e4higkeit von bis zu 50.000 kN wird es h\u00e4ufig in Baumaschinen, Windturbinen, Kr\u00e4nen und milit\u00e4rischer Ausr\u00fcstung eingesetzt. F\u00fcr spezielle Anwendungen sind Sonderausf\u00fchrungen erh\u00e4ltlich.<\/p>\n<ol start=\"2\">\n<li>Getriebe<\/li>\n<\/ol>\n<p>1). R\u00fcckw\u00e4rtsgang<\/p>\n<p><img decoding=\"async\" src=\"https:\/\/www.weldmc.com\/wp-content\/uploads\/2025\/05\/Reverse-gear.png\" alt=\"R\u00fcckw\u00e4rtsgang\" \/><\/p>\n<p>Im Allgemeinen betr\u00e4gt der Drehwinkel der Drehvorrichtung 0\u00b0bis 90\u00b0. Die Funktion der Verschiebung wird durch Drehen des Tisches erreicht.<\/p>\n<p>2). R\u00fcckw\u00e4rtsgang<\/p>\n<p><img fetchpriority=\"high\" decoding=\"async\" class=\"\" src=\"https:\/\/www.weldmc.com\/wp-content\/uploads\/2025\/05\/Reverse-gear_1.png\" alt=\"R\u00fcckw\u00e4rtsgang_1\" width=\"342\" height=\"256\" \/> <img decoding=\"async\" class=\"\" src=\"https:\/\/www.weldmc.com\/wp-content\/uploads\/2025\/05\/Reverse-gear_2.png\" alt=\"R\u00fcckw\u00e4rtsgang_2\" width=\"342\" height=\"256\" \/> <img decoding=\"async\" class=\"\" src=\"https:\/\/www.weldmc.com\/wp-content\/uploads\/2025\/05\/Reverse-gear_3.png\" alt=\"R\u00fcckw\u00e4rtsgang_3\" width=\"341\" height=\"256\" \/><\/p>\n<p>Zahnr\u00e4der sind verzahnte mechanische Komponenten, die durch das Ineinandergreifen mit anderen Getriebeelementen wie Zahnstangen, Schnecken oder zus\u00e4tzlichen Zahnr\u00e4dern ein Drehmoment \u00fcbertragen. Sie erm\u00f6glichen eine pr\u00e4zise Steuerung der Kraft\u00fcbertragung durch \u00c4nderung des Drehzahl-\/Drehmomentverh\u00e4ltnisses, Umlenkung von Bewegungswegen und Umwandlung von Bewegungsarten (z. B. rotierend in linear). Ihre ineinander greifende Verzahnung sorgt f\u00fcr eine zuverl\u00e4ssige Kraft\u00fcbertragung und erm\u00f6glicht gleichzeitig einen anpassbaren mechanischen Vorteil in verschiedenen industriellen Anwendungen.<\/p>\n<p>3. die Reduktion<\/p>\n<p><img decoding=\"async\" src=\"https:\/\/www.weldmc.com\/wp-content\/uploads\/2025\/05\/Reducer.png\" alt=\"Reduzierst\u00fcck\" \/><\/p>\n<p>Untersetzungsgetriebe sind mechanische Kraft\u00fcbertragungsvorrichtungen, die mit Hilfe von Pr\u00e4zisionsgetrieben die Eingangsdrehzahl reduzieren und gleichzeitig das Ausgangsdrehmoment proportional erh\u00f6hen, wobei das Ausgangsdrehmoment das Produkt aus Motordrehmoment und Getriebe\u00fcbersetzung ist (ohne die Nennkapazit\u00e4t des Getriebes zu \u00fcberschreiten). Diese Systeme verringern gleichzeitig das Tr\u00e4gheitsmoment der Last um das Quadrat des Untersetzungsverh\u00e4ltnisses und erm\u00f6glichen eine optimierte Leistungsumwandlung f\u00fcr verschiedene industrielle Anwendungen durch einen effizienten Getriebeeingriff.<\/p>\n<p><img decoding=\"async\" src=\"https:\/\/www.weldmc.com\/wp-content\/uploads\/2025\/05\/Motor_2.png\" alt=\"Motor_2\" \/> <img decoding=\"async\" src=\"https:\/\/www.weldmc.com\/wp-content\/uploads\/2025\/05\/Motor_1.png\" alt=\"Motor_1\" \/><\/p>\n<p><strong><b>Schwei\u00dfen <\/b><\/strong><strong><b>Drehscheibe<\/b><\/strong><strong><b>\u00a0Leitlinien f\u00fcr die Instandhaltung<\/b><\/strong><\/p>\n<p><strong><b>Grundlegende Wartungsinhalte<\/b><\/strong><\/p>\n<p>T\u00e4gliche Wartung - Reinigung der Schwei\u00dfschlacke, \u00dcberpr\u00fcfung der Schmierung und der elektrischen Sicherheit.<\/p>\n<p>Regelm\u00e4\u00dfige Wartung - Schrauben nachziehen, Getriebemechanismus pr\u00fcfen und Sicherheitsfunktion testen.<\/p>\n<p>Umfassende Wartung - j\u00e4hrlicher Austausch verschlissener Teile, Nachschmierung und Systemkalibrierung<\/p>\n<p>Fehlerfr\u00fchwarnung - Sofortiges Anhalten, wenn abnormale Ger\u00e4usche\/ungleichm\u00e4\u00dfige Drehung auftreten.<\/p>\n<p><strong><b>Wert erhalten<\/b><\/strong><\/p>\n<ul>\n<li>Verl\u00e4ngern Sie die Lebensdauer von Ger\u00e4ten um mehr als 30%<\/li>\n<li>Verringerung pl\u00f6tzlicher Ausfallzeiten<\/li>\n<li>Gew\u00e4hrleisten Sie die Stabilit\u00e4t der Schwei\u00dfgenauigkeit.<\/li>\n<\/ul>\n<p><strong><b>Produktzertifizierung<\/b><\/strong><br \/>\nSteigen Sie mit unseren innovativen L\u00f6sungen in die Zukunft der Schwei\u00dftechnik ein.<br \/>\nVon automatisierten Prozessen bis hin zu intuitiven Steuerungen stehen unsere Produkte an der Spitze der Innovation und geben Ihnen die Werkzeuge an die Hand, die Sie brauchen, um auf dem heutigen wettbewerbsorientierten Markt die Nase vorn zu haben!<br \/>\n<img decoding=\"async\" src=\"https:\/\/www.weldmc.com\/wp-content\/uploads\/2025\/05\/Product-certification.png\" alt=\"Produktzertifizierung\" \/><br \/>\nWuxi ABK Machinery Co.Ltd ist ein professioneller Hersteller von Schwei\u00dfrotatoren in China. Und unser Schwei\u00dfrotator umfasst haupts\u00e4chlich Standard-Schwei\u00dfrotator, einstellbarer Schwei\u00dfrotator und spezieller Schwei\u00dfrotator. Wir k\u00f6nnen unseren Kunden auf der ganzen Welt auch viele andere Produkte anbieten, einschlie\u00dflich Schwei\u00dfdrehtisch, Pfahlschwei\u00dfmaschine, Windturm-Produktionslinie, H-Tr\u00e4ger-Schwei\u00dflinie, Rohrschwei\u00dfausr\u00fcstung, CNC-Schneidemaschine, Schleifmaschine, Walzprofiliermaschine, Blechbiegemaschine, etc. Wir haben die ISO- und CE-Zertifizierung erhalten und bieten auch OEM-Service an.<\/p>","protected":false},"excerpt":{"rendered":"<p>Der WUXI ABK 3-Tonnen-Positionierer mit fester H\u00f6he bietet eine zuverl\u00e4ssige Werkst\u00fcckrotation f\u00fcr Schwei\u00dfanwendungen und verf\u00fcgt \u00fcber eine Tragf\u00e4higkeit von 3.000 kg und einen Neigungsbereich von 0-135\u00b0. Der Antrieb mit variabler Geschwindigkeit (0,1-2 U\/min) gew\u00e4hrleistet eine pr\u00e4zise Steuerung, w\u00e4hrend die robuste Stahlkonstruktion eine lange Lebensdauer in industriellen Umgebungen bietet. Das integrierte Leitungssystem verhindert das Verdrehen von Kabeln und ist somit ideal f\u00fcr die Fertigung mittelgro\u00dfer Komponenten in der Produktion und in Reparaturbetrieben. CE\/ISO-zertifiziert.<\/p>","protected":false},"featured_media":2157,"comment_status":"open","ping_status":"closed","template":"","meta":{"_acf_changed":false},"product_brand":[],"product_cat":[21,35,29],"product_tag":[],"class_list":{"0":"post-951","1":"product","2":"type-product","3":"status-publish","4":"has-post-thumbnail","6":"product_cat-welding-automation","7":"product_cat-fixed-height-positioner","8":"product_cat-welding-positioner","10":"first","11":"instock","12":"shipping-taxable","13":"product-type-simple"},"acf":[],"_links":{"self":[{"href":"https:\/\/www.weldmc.com\/de\/wp-json\/wp\/v2\/product\/951","targetHints":{"allow":["GET"]}}],"collection":[{"href":"https:\/\/www.weldmc.com\/de\/wp-json\/wp\/v2\/product"}],"about":[{"href":"https:\/\/www.weldmc.com\/de\/wp-json\/wp\/v2\/types\/product"}],"replies":[{"embeddable":true,"href":"https:\/\/www.weldmc.com\/de\/wp-json\/wp\/v2\/comments?post=951"}],"wp:featuredmedia":[{"embeddable":true,"href":"https:\/\/www.weldmc.com\/de\/wp-json\/wp\/v2\/media\/2157"}],"wp:attachment":[{"href":"https:\/\/www.weldmc.com\/de\/wp-json\/wp\/v2\/media?parent=951"}],"wp:term":[{"taxonomy":"product_brand","embeddable":true,"href":"https:\/\/www.weldmc.com\/de\/wp-json\/wp\/v2\/product_brand?post=951"},{"taxonomy":"product_cat","embeddable":true,"href":"https:\/\/www.weldmc.com\/de\/wp-json\/wp\/v2\/product_cat?post=951"},{"taxonomy":"product_tag","embeddable":true,"href":"https:\/\/www.weldmc.com\/de\/wp-json\/wp\/v2\/product_tag?post=951"}],"curies":[{"name":"wp","href":"https:\/\/api.w.org\/{rel}","templated":true}]}}