{"id":950,"date":"2025-05-24T23:08:14","date_gmt":"2025-05-24T15:08:14","guid":{"rendered":"http:\/\/111.170.148.214:8095\/?post_type=product&#038;p=950"},"modified":"2025-10-14T15:14:45","modified_gmt":"2025-10-14T07:14:45","slug":"automatic-fit-up-rotator-20tons","status":"publish","type":"product","link":"https:\/\/www.weldmc.com\/de\/product\/automatic-fit-up-rotator-20tons\/","title":{"rendered":"Automatisch einrichtender Rotator 20Tonnen"},"content":{"rendered":"<p><strong>20 Tons Fit Up Rotator<\/strong><\/p>\n<p><strong>KONVENTIONELLE SCHWEISSROTATOREN<\/strong><\/p>\n<p><strong>FIT UP <\/strong><strong>Serie<\/strong><\/p>\n<p><strong>Konventionelle Rotatoren sind f\u00fcr das Schwei\u00dfen von zylindrischen Beh\u00e4ltern oder Kolonnen vorgesehen.<\/strong><\/p>\n<table>\n<tbody>\n<tr>\n<td width=\"207\">- Bew\u00e4hrtes Design<\/td>\n<td width=\"207\">- Zuverl\u00e4ssige Qualit\u00e4t<\/td>\n<\/tr>\n<tr>\n<td width=\"207\">- Renommierte Teile<\/td>\n<td width=\"207\">- Steuerung des Wechselrichters<\/td>\n<\/tr>\n<tr>\n<td width=\"207\">- Direktes Antriebssystem<\/td>\n<td width=\"207\">- Motorisiertes Fahren m\u00f6glich<\/td>\n<\/tr>\n<tr>\n<td width=\"207\">- Ma\u00dfgeschneidertes Design auf Bestellung<\/td>\n<td width=\"207\">- ERSTAUSR\u00dcSTER<\/p>\n<p>&nbsp;<\/td>\n<\/tr>\n<\/tbody>\n<\/table>\n<p><iframe title=\"YouTube-Video-Player\" src=\"https:\/\/www.youtube.com\/embed\/uFA91JZILh4?si=A3AMb5NoizNpjRmB\" width=\"560\" height=\"315\" frameborder=\"0\" allowfullscreen=\"allowfullscreen\"><\/iframe><\/p>\n<p><img fetchpriority=\"high\" decoding=\"async\" class=\"alignnone wp-image-943 size-full\" src=\"https:\/\/www.weldmc.com\/wp-content\/uploads\/2025\/05\/\u56fe\u72479.png\" alt=\"20T Fit Up Rotator\" width=\"1122\" height=\"702\" srcset=\"https:\/\/www.weldmc.com\/wp-content\/uploads\/2025\/05\/\u56fe\u72479.png 1122w, https:\/\/www.weldmc.com\/wp-content\/uploads\/2025\/05\/\u56fe\u72479-300x188.png 300w, https:\/\/www.weldmc.com\/wp-content\/uploads\/2025\/05\/\u56fe\u72479-1024x641.png 1024w, https:\/\/www.weldmc.com\/wp-content\/uploads\/2025\/05\/\u56fe\u72479-768x481.png 768w, https:\/\/www.weldmc.com\/wp-content\/uploads\/2025\/05\/\u56fe\u72479-600x375.png 600w\" sizes=\"(max-width: 1122px) 100vw, 1122px\" \/><img decoding=\"async\" class=\"alignnone wp-image-938 size-full\" src=\"https:\/\/www.weldmc.com\/wp-content\/uploads\/2025\/05\/\u56fe\u724710.png\" alt=\"20T Fit Up Rotator\" width=\"1228\" height=\"1063\" srcset=\"https:\/\/www.weldmc.com\/wp-content\/uploads\/2025\/05\/\u56fe\u724710.png 1228w, https:\/\/www.weldmc.com\/wp-content\/uploads\/2025\/05\/\u56fe\u724710-300x260.png 300w, https:\/\/www.weldmc.com\/wp-content\/uploads\/2025\/05\/\u56fe\u724710-1024x886.png 1024w, https:\/\/www.weldmc.com\/wp-content\/uploads\/2025\/05\/\u56fe\u724710-768x665.png 768w, https:\/\/www.weldmc.com\/wp-content\/uploads\/2025\/05\/\u56fe\u724710-600x519.png 600w\" sizes=\"(max-width: 1228px) 100vw, 1228px\" \/><\/p>\n<p><strong><br \/>\nKONVENTIONELLE SCHWEISSROTATOREN<\/strong><\/p>\n<p><strong>FIT UP <\/strong><strong>Serie<\/strong><\/p>\n<p><strong>Konventionelle Rotatoren sind f\u00fcr das Schwei\u00dfen von zylindrischen Beh\u00e4ltern oder Kolonnen vorgesehen.<\/strong><\/p>\n<table>\n<tbody>\n<tr>\n<td width=\"207\">- Bew\u00e4hrtes Design<\/td>\n<td width=\"207\">- Zuverl\u00e4ssige Qualit\u00e4t<\/td>\n<\/tr>\n<tr>\n<td width=\"207\">- Renommierte Teile<\/td>\n<td width=\"207\">- Steuerung des Wechselrichters<\/td>\n<\/tr>\n<tr>\n<td width=\"207\">- Direktes Antriebssystem<\/td>\n<td width=\"207\">- Motorisiertes Fahren m\u00f6glich<\/td>\n<\/tr>\n<tr>\n<td width=\"207\">- Ma\u00dfgeschneidertes Design auf Bestellung<\/td>\n<td width=\"207\">- ERSTAUSR\u00dcSTER<\/td>\n<\/tr>\n<\/tbody>\n<\/table>\n<p><img decoding=\"async\" class=\"alignnone wp-image-941 size-full\" src=\"https:\/\/www.weldmc.com\/wp-content\/uploads\/2025\/05\/\u56fe\u724711.png\" alt=\"20T Fit Up Rotator\" width=\"887\" height=\"665\" srcset=\"https:\/\/www.weldmc.com\/wp-content\/uploads\/2025\/05\/\u56fe\u724711.png 887w, https:\/\/www.weldmc.com\/wp-content\/uploads\/2025\/05\/\u56fe\u724711-300x225.png 300w, https:\/\/www.weldmc.com\/wp-content\/uploads\/2025\/05\/\u56fe\u724711-768x576.png 768w, https:\/\/www.weldmc.com\/wp-content\/uploads\/2025\/05\/\u56fe\u724711-600x450.png 600w\" sizes=\"(max-width: 887px) 100vw, 887px\" \/><\/p>\n<ul>\n<li><b> <\/b><strong><b>Zusammenfassung<\/b><\/strong><\/li>\n<\/ul>\n<ol>\n<li><strong><b> Zusammensetzung der Ausr\u00fcstung<\/b><\/strong><\/li>\n<\/ol>\n<p class=\"ds-markdown-paragraph\"><strong>WUXI ABK 20-Ton Fit Up Rotator Product Introduction<\/strong><\/p>\n<p class=\"ds-markdown-paragraph\">Die\u00a0<strong>WUXI ABK 20-Ton Fit Up Rotator<\/strong>\u00a0ist ein pr\u00e4zisionsgefertigtes\u00a0<strong>Schwei\u00dfpositionierungssystem<\/strong>\u00a0konzipiert f\u00fcr\u00a0<strong>cylindrical vessel fabrication<\/strong>,\u00a0<strong>tank segment assembly<\/strong>und\u00a0<strong>Schwei\u00dfen von Gro\u00dfrohren<\/strong>. Diese\u00a0<strong>industrial rotator system<\/strong>\u00a0kombiniert\u00a0<strong>variable frequency speed control<\/strong>,\u00a0<strong>hydraulic lifting adjustment<\/strong>und\u00a0<strong>track-guided movement<\/strong>\u00a0to streamline\u00a0<strong>fit-up welding processes<\/strong>\u00a0in\u00a0<strong>pressure vessel manufacturing<\/strong>\u00a0und\u00a0<strong>Stahlbau<\/strong>.<\/p>\n<h3><strong>Core Components &amp; Workflow<\/strong><\/h3>\n<p class=\"ds-markdown-paragraph\">The system comprises:<\/p>\n<ul>\n<li>\n<p class=\"ds-markdown-paragraph\"><strong>Antriebsrollenrahmen<\/strong>\u00a0mit\u00a0<strong>AC motor + reducer<\/strong>\u00a0(0.1\u20131.2 m\/min stepless speed regulation)<\/p>\n<\/li>\n<li>\n<p class=\"ds-markdown-paragraph\"><strong>Angetriebener Rollenrahmen<\/strong>\u00a0for stable rotation<\/p>\n<\/li>\n<li>\n<p class=\"ds-markdown-paragraph\"><strong>Hydraulische Baugruppe Rollenrahmen (2 S\u00e4tze)<\/strong>\u00a0mit\u00a0<strong>0.5mm precision alignment<\/strong>\u00a0und\u00a0<strong>track mobility<\/strong><\/p>\n<\/li>\n<\/ul>\n<p class=\"ds-markdown-paragraph\"><strong>Operational Process<\/strong>:<\/p>\n<ol start=\"1\">\n<li>\n<p class=\"ds-markdown-paragraph\"><strong>Segmentierte Positionierung<\/strong>: Place the first barrel on the\u00a0<strong>driving\/driven roller frames<\/strong>, and the second on\u00a0<strong>hydraulic roller frames<\/strong>.<\/p>\n<\/li>\n<li>\n<p class=\"ds-markdown-paragraph\"><strong>Montage &amp; Schwei\u00dfen<\/strong>: The frames move along tracks for\u00a0<strong>butt joint alignment<\/strong>; the\u00a0<strong>hydraulic lifter<\/strong>\u00a0fine-tunes position before\u00a0<strong>tack welding<\/strong>. A\u00a0<strong>Schwei\u00dfmanipulator<\/strong>\u00a0completes\u00a0<strong>inner\/outer seam welding<\/strong>.<\/p>\n<\/li>\n<li>\n<p class=\"ds-markdown-paragraph\"><strong>Kontinuierliche Expansion<\/strong>: Repeat to assemble\u00a0<strong>large-diameter vessels<\/strong>\u00a0(1.5\u20136m) segment by segment.<\/p>\n<\/li>\n<\/ol>\n<h3><strong>Technische Vorteile<\/strong><\/h3>\n<ul>\n<li>\n<p class=\"ds-markdown-paragraph\"><strong>50 Tonnen H\u00f6chstlast<\/strong>\u00a0(anpassbar f\u00fcr\u00a0<strong>schwere Fabrikation<\/strong>)<\/p>\n<\/li>\n<li>\n<p class=\"ds-markdown-paragraph\"><strong>Hydraulic precision<\/strong>: \u00b10.5mm fit-up accuracy<\/p>\n<\/li>\n<li>\n<p class=\"ds-markdown-paragraph\"><strong>Automation-ready<\/strong>: Compatible with\u00a0<strong>welding robots<\/strong>\u00a0und\u00a0<strong>manipulators<\/strong><\/p>\n<\/li>\n<li>\n<p class=\"ds-markdown-paragraph\"><strong>Safety systems<\/strong>: Overload protection,\u00a0<strong>Notbremsung<\/strong>und\u00a0<strong>anti-skid limits<\/strong><\/p>\n<\/li>\n<\/ul>\n<h3><strong>Anwendungen<\/strong><\/h3>\n<p class=\"ds-markdown-paragraph\">Ideal f\u00fcr:<\/p>\n<ul>\n<li>\n<p class=\"ds-markdown-paragraph\"><strong>Pressure vessel<\/strong>\u00a0und\u00a0<strong>storage tank construction<\/strong><\/p>\n<\/li>\n<li>\n<p class=\"ds-markdown-paragraph\"><strong>Wind tower<\/strong>\u00a0und\u00a0<strong>offshore platform fabrication<\/strong><\/p>\n<\/li>\n<li>\n<p class=\"ds-markdown-paragraph\"><strong>Schwei\u00dfen von Rohrleitungsgurten<\/strong><\/p>\n<\/li>\n<\/ul>\n<p><img loading=\"lazy\" decoding=\"async\" class=\"alignnone wp-image-936 size-full\" src=\"https:\/\/www.weldmc.com\/wp-content\/uploads\/2025\/05\/1748097561061.jpg\" alt=\"20T Fit Up Rotator\" width=\"796\" height=\"517\" srcset=\"https:\/\/www.weldmc.com\/wp-content\/uploads\/2025\/05\/1748097561061.jpg 796w, https:\/\/www.weldmc.com\/wp-content\/uploads\/2025\/05\/1748097561061-300x195.jpg 300w, https:\/\/www.weldmc.com\/wp-content\/uploads\/2025\/05\/1748097561061-768x499.jpg 768w, https:\/\/www.weldmc.com\/wp-content\/uploads\/2025\/05\/1748097561061-600x390.jpg 600w\" sizes=\"(max-width: 796px) 100vw, 796px\" \/><\/p>\n<p><img loading=\"lazy\" decoding=\"async\" class=\"alignnone wp-image-937 size-full\" src=\"https:\/\/www.weldmc.com\/wp-content\/uploads\/2025\/05\/1748097632079.jpg\" alt=\"20T Fit Up Rotator\" width=\"764\" height=\"807\" srcset=\"https:\/\/www.weldmc.com\/wp-content\/uploads\/2025\/05\/1748097632079.jpg 764w, https:\/\/www.weldmc.com\/wp-content\/uploads\/2025\/05\/1748097632079-284x300.jpg 284w, https:\/\/www.weldmc.com\/wp-content\/uploads\/2025\/05\/1748097632079-600x634.jpg 600w\" sizes=\"(max-width: 764px) 100vw, 764px\" \/><\/p>\n<p><strong><b>Einf\u00fchrung der R\u00e4der<\/b><\/strong><\/p>\n<p>Polyurethan-R\u00e4der bieten au\u00dfergew\u00f6hnliche Abriebfestigkeit, vielseitige Verarbeitung, breite Anwendbarkeit und hervorragende Best\u00e4ndigkeit gegen \u00d6l, Ozon, Alterung, Strahlung und niedrige Temperaturen. Au\u00dferdem bieten sie eine starke Haftung, eine hervorragende Schall\u00fcbertragung, Biokompatibilit\u00e4t und Blutvertr\u00e4glichkeit.<\/p>\n<p><img loading=\"lazy\" decoding=\"async\" class=\"alignnone wp-image-940\" src=\"https:\/\/www.weldmc.com\/wp-content\/uploads\/2025\/05\/\u56fe\u724713.png\" alt=\"20T Fit Up Rotator\" width=\"231\" height=\"289\" srcset=\"https:\/\/www.weldmc.com\/wp-content\/uploads\/2025\/05\/\u56fe\u724713.png 358w, https:\/\/www.weldmc.com\/wp-content\/uploads\/2025\/05\/\u56fe\u724713-240x300.png 240w\" sizes=\"(max-width: 231px) 100vw, 231px\" \/> <img loading=\"lazy\" decoding=\"async\" class=\"alignnone wp-image-939\" src=\"https:\/\/www.weldmc.com\/wp-content\/uploads\/2025\/05\/\u56fe\u724712.png\" alt=\"20T Fit Up Rotator\" width=\"230\" height=\"288\" srcset=\"https:\/\/www.weldmc.com\/wp-content\/uploads\/2025\/05\/\u56fe\u724712.png 308w, https:\/\/www.weldmc.com\/wp-content\/uploads\/2025\/05\/\u56fe\u724712-239x300.png 239w\" sizes=\"(max-width: 230px) 100vw, 230px\" \/> <img loading=\"lazy\" decoding=\"async\" class=\"alignnone wp-image-935\" src=\"https:\/\/www.weldmc.com\/wp-content\/uploads\/2025\/05\/\u56fe\u724714.png\" alt=\"20T Fit Up Rotator\" width=\"511\" height=\"288\" srcset=\"https:\/\/www.weldmc.com\/wp-content\/uploads\/2025\/05\/\u56fe\u724714.png 2276w, https:\/\/www.weldmc.com\/wp-content\/uploads\/2025\/05\/\u56fe\u724714-300x169.png 300w, https:\/\/www.weldmc.com\/wp-content\/uploads\/2025\/05\/\u56fe\u724714-1024x576.png 1024w, https:\/\/www.weldmc.com\/wp-content\/uploads\/2025\/05\/\u56fe\u724714-768x432.png 768w, https:\/\/www.weldmc.com\/wp-content\/uploads\/2025\/05\/\u56fe\u724714-1536x864.png 1536w, https:\/\/www.weldmc.com\/wp-content\/uploads\/2025\/05\/\u56fe\u724714-2048x1152.png 2048w, https:\/\/www.weldmc.com\/wp-content\/uploads\/2025\/05\/\u56fe\u724714-600x337.png 600w\" sizes=\"(max-width: 511px) 100vw, 511px\" \/><\/p>\n<p><strong><b>Einf\u00fchrung des Motors<\/b><\/strong><\/p>\n<p><strong><b> <img decoding=\"async\" src=\"https:\/\/www.weldmc.com\/wp-content\/uploads\/2025\/05\/Motor_2.png\" alt=\"Motor_2\" \/> <img decoding=\"async\" src=\"https:\/\/www.weldmc.com\/wp-content\/uploads\/2025\/05\/Motor_1.png\" alt=\"Motor_1\" \/><\/b><\/strong><\/p>\n<p><strong>Wartungsrichtlinien f\u00fcr Schwei\u00dfrotatoren<\/strong><\/p>\n<p>Reinigen Sie den Schwei\u00dfrotator vor dem Gebrauch. Halten Sie die Gummirollen von \u00d6len und hohen Temperaturen fern, um Alterung zu vermeiden. Es wird empfohlen, dass eine bestimmte Person das Ger\u00e4t bedient und wartet.<\/p>\n<p>Stellen Sie sicher, dass das Getriebe vor dem Start mit 30#-Motor\u00f6l gef\u00fcllt ist, insbesondere wenn die Temperatur unter 0\u00baC liegt.<\/p>\n<p>Wechseln Sie das \u00d6l im Untersetzungsgetriebe nach dem ersten Monat der Nutzung. Danach sollte das \u00d6l alle sechs Monate gewechselt werden.<\/p>\n<p>Verwenden Sie das Rollenbett nicht als Schwei\u00dfunterlage, um eine Besch\u00e4digung der Lager zu vermeiden.<\/p>\n<p><strong><b>Hersteller von Rotatoren h\u00f6chster Qualit\u00e4t<\/b><\/strong><\/p>\n<p>1. mit \u00fcber 20 Jahren Erfahrung in der Herstellung von selbstausrichtenden Rotatoren.<\/p>\n<p>2) Unsere Produkte haben eine Tragf\u00e4higkeit von 5 bis 400 Tonnen.<\/p>\n<p>3. wir bieten CE- und ISO-Zertifizierungen an, die die Einhaltung der strengen Teilvorschriften gew\u00e4hrleisten. Zus\u00e4tzlich.<\/p>\n<p>4 Wir bieten eine einj\u00e4hrige Garantie und kostenlose Verschlei\u00dfteile.<\/p>\n<p>(5) Unser hochqualifiziertes technisches Team unterst\u00fctzt Sie und Ihre Gro\u00dfprojekte, wie z. B. das Schwei\u00dfen von Windkraftanlagen.<\/p>\n<p><img decoding=\"async\" src=\"https:\/\/www.weldmc.com\/wp-content\/uploads\/2025\/05\/Product-certification.png\" alt=\"Produktzertifizierung\" \/><\/p>\n<p>Wuxi ABK Machinery Co.Ltd ist ein professioneller Hersteller von Schwei\u00dfrotatoren in China. Und unser Schwei\u00dfrotator umfasst haupts\u00e4chlich Standard-Schwei\u00dfrotator, einstellbarer Schwei\u00dfrotator und spezieller Schwei\u00dfrotator. Wir k\u00f6nnen unseren Kunden auf der ganzen Welt auch viele andere Produkte anbieten, einschlie\u00dflich Schwei\u00dfdrehtisch, Pfahlschwei\u00dfmaschine, Windturm-Produktionslinie, H-Tr\u00e4ger-Schwei\u00dflinie, Rohrschwei\u00dfausr\u00fcstung, CNC-Schneidemaschine, Schleifmaschine, Walzprofiliermaschine, Blechbiegemaschine, etc. Wir haben die ISO- und CE-Zertifizierung erhalten und bieten auch OEM-Service an.<\/p>","protected":false},"excerpt":{"rendered":"<p>Der WUXI ABK 20-Tonnen Fit Up Rotator bietet eine pr\u00e4zise Ausrichtung f\u00fcr die Fertigung mittelgro\u00dfer Beh\u00e4lter mit einer Positioniergenauigkeit von \u00b10,8 mm und einer einstellbaren Rotation von 0,2-1,5 m\/min. Dieses robuste Schwei\u00dfpositionierger\u00e4t kann Werkst\u00fccke mit einem Durchmesser von 1-4 m und einer Tragkraft von 20 Tonnen bearbeiten. Es verf\u00fcgt \u00fcber integrierte Durchbiegungsschutzmechanismen und ist mit automatisierten Schwei\u00dfsystemen f\u00fcr die effiziente Fertigung von Druckbeh\u00e4ltern und Baustahl kompatibel.<\/p>","protected":false},"featured_media":2111,"comment_status":"open","ping_status":"closed","template":"","meta":{"_acf_changed":false},"product_brand":[],"product_cat":[21,40,30],"product_tag":[],"class_list":{"0":"post-950","1":"product","2":"type-product","3":"status-publish","4":"has-post-thumbnail","6":"product_cat-welding-automation","7":"product_cat-fit-up-rotator","8":"product_cat-welding-rotator","10":"first","11":"instock","12":"shipping-taxable","13":"product-type-simple"},"acf":[],"_links":{"self":[{"href":"https:\/\/www.weldmc.com\/de\/wp-json\/wp\/v2\/product\/950","targetHints":{"allow":["GET"]}}],"collection":[{"href":"https:\/\/www.weldmc.com\/de\/wp-json\/wp\/v2\/product"}],"about":[{"href":"https:\/\/www.weldmc.com\/de\/wp-json\/wp\/v2\/types\/product"}],"replies":[{"embeddable":true,"href":"https:\/\/www.weldmc.com\/de\/wp-json\/wp\/v2\/comments?post=950"}],"wp:featuredmedia":[{"embeddable":true,"href":"https:\/\/www.weldmc.com\/de\/wp-json\/wp\/v2\/media\/2111"}],"wp:attachment":[{"href":"https:\/\/www.weldmc.com\/de\/wp-json\/wp\/v2\/media?parent=950"}],"wp:term":[{"taxonomy":"product_brand","embeddable":true,"href":"https:\/\/www.weldmc.com\/de\/wp-json\/wp\/v2\/product_brand?post=950"},{"taxonomy":"product_cat","embeddable":true,"href":"https:\/\/www.weldmc.com\/de\/wp-json\/wp\/v2\/product_cat?post=950"},{"taxonomy":"product_tag","embeddable":true,"href":"https:\/\/www.weldmc.com\/de\/wp-json\/wp\/v2\/product_tag?post=950"}],"curies":[{"name":"wp","href":"https:\/\/api.w.org\/{rel}","templated":true}]}}