{"id":946,"date":"2025-05-24T22:56:18","date_gmt":"2025-05-24T14:56:18","guid":{"rendered":"http:\/\/111.170.148.214:8095\/?post_type=product&#038;p=946"},"modified":"2025-10-14T15:22:14","modified_gmt":"2025-10-14T07:22:14","slug":"feststehender-schweistisch-2-tonnen","status":"publish","type":"product","link":"https:\/\/www.weldmc.com\/de\/product\/feststehender-schweistisch-2-tonnen\/","title":{"rendered":"Feststehender Schwei\u00dftisch 2 Tonnen"},"content":{"rendered":"<h4>2 Tonnen Positionierer mit fester H\u00f6he<\/h4>\n<table>\n<tbody>\n<tr>\n<td colspan=\"2\" width=\"474\"><strong>Modell<\/strong><\/td>\n<td width=\"485\">HBJ-20<\/td>\n<\/tr>\n<tr>\n<td width=\"359\"><strong>Tragf\u00e4higkeit<\/strong><\/td>\n<td width=\"115\">(KG)<\/td>\n<td width=\"485\">2000<\/td>\n<\/tr>\n<tr>\n<td width=\"359\"><strong>Rotationsgeschwindigkeit<\/strong><\/td>\n<td width=\"115\">(RPM)<\/td>\n<td width=\"485\">0.05-0.5<\/td>\n<\/tr>\n<tr>\n<td width=\"359\"><strong>\u00a0Umsatzgeschwindigkeit<\/strong><\/td>\n<td width=\"115\">(RPM)<\/td>\n<td width=\"485\">0.67<\/td>\n<\/tr>\n<tr>\n<td width=\"359\"><strong>Umschlagswinkel<\/strong><\/td>\n<td width=\"115\">(\u00b0)<\/td>\n<td width=\"485\">0-120<\/td>\n<\/tr>\n<tr>\n<td width=\"359\"><strong>Gr\u00f6\u00dfe des Arbeitstisches<\/strong><\/td>\n<td width=\"115\">(MM)<\/td>\n<td width=\"485\">1200<\/td>\n<\/tr>\n<tr>\n<td width=\"359\"><strong>Strom abschalten<\/strong><\/td>\n<td width=\"115\">(KW)<\/td>\n<td width=\"485\">1.1<\/td>\n<\/tr>\n<tr>\n<td width=\"359\"><strong>Umst\u00fclpende Kraft<\/strong><\/td>\n<td width=\"115\">(KW)<\/td>\n<td width=\"485\">1.5<\/td>\n<\/tr>\n<tr>\n<td width=\"359\"><strong>Maximaler exzentrischer Abstand<\/strong><\/td>\n<td width=\"115\">(MM)<\/td>\n<td width=\"485\">200<\/td>\n<\/tr>\n<tr>\n<td width=\"359\"><strong>Maximaler Schwerpunktsabstand<\/strong><\/td>\n<td width=\"115\">(MM)<\/td>\n<td width=\"485\">300<\/td>\n<\/tr>\n<tr>\n<td width=\"359\"><strong>Stromversorgung<\/strong><\/td>\n<td width=\"115\">50Hz 3\u0278 (V)<\/td>\n<td width=\"485\">200-600 (wird je nach Kundenbedarf festgelegt)<\/td>\n<\/tr>\n<tr>\n<td width=\"359\"><strong>Geschwindigkeitsregulierender Typ<\/strong><\/td>\n<td width=\"115\"><\/td>\n<td width=\"485\">AC-Frequenz stufenlose Drehzahlregelung<\/td>\n<\/tr>\n<tr>\n<td colspan=\"3\" width=\"960\">Hinweis: Alle Angaben beziehen sich auf die Standardausr\u00fcstung, die je nach Kundenanforderung ge\u00e4ndert werden kann.<\/td>\n<\/tr>\n<\/tbody>\n<\/table>\n<p>&nbsp;<\/p>\n<p><iframe title=\"YouTube-Video-Player\" src=\"https:\/\/www.youtube.com\/embed\/Lkl5G_zJaJ4?si=jYyX9xFyY7boI0nZ\" width=\"560\" height=\"315\" frameborder=\"0\" allowfullscreen=\"allowfullscreen\"><\/iframe><\/p>\n<p><img decoding=\"async\" src=\"https:\/\/www.weldmc.com\/wp-content\/uploads\/2025\/05\/fixed-height-positioner_1.png\" alt=\"Feste H\u00f6he Positioner_1\" \/> <img decoding=\"async\" src=\"https:\/\/www.weldmc.com\/wp-content\/uploads\/2025\/05\/fixed-height-positioner_2.png\" alt=\"Feste H\u00f6he Positionierer_2\" \/><\/p>\n<ol>\n<li>Heavy-Duty Arbeitstisch<\/li>\n<\/ol>\n<ul>\n<li>6 T-Nut Konstruktion: Sichert Werkst\u00fccke durch starres Spannen (max. Belastung: 2.000kg)<\/li>\n<li>Kontinuierliche 360\u00b0-Drehung: Angetrieben durch einen Servoantrieb (0,1-1,2 RPM einstellbar)<\/li>\n<li>Leitende Schleifringe: Verhindert das Verdrehen des Kabels w\u00e4hrend der Drehung<\/li>\n<\/ul>\n<ol start=\"2\">\n<li><strong><b>Pr\u00e4zisionsantriebssystem<\/b><\/strong><\/li>\n<\/ol>\n<p><strong><b>Komponente<\/b><\/strong> \u00a0\u00a0\u00a0\u00a0<strong><b>Technische Spezifikation<\/b><\/strong><\/p>\n<p><strong><b>Dreheinrichtung<\/b><\/strong> AC-Motor + Planetengetriebe (\u00b10,5\u00b0 Genauigkeit)<\/p>\n<p><strong><b>Kippvorrichtung<\/b><\/strong> Zweistufiges Zykloiden-Schnecken-Getriebe (0-135\u00b0 Neigung)<\/p>\n<p><strong><b>Kontrollsystem<\/b><\/strong> Siemens PLC + HMI Touchscreen (100+ voreingestellte Programme)<\/p>\n<ol start=\"3\">\n<li>Anpassungsoptionen<\/li>\n<\/ol>\n<ul>\n<li><b><\/b><strong><b>Tragf\u00e4higkeit: 500kg-5.000kg<\/b><\/strong><\/li>\n<li><b><\/b><strong><b>Tisch-Durchmesser: 800mm-3.000mm<\/b><\/strong><\/li>\n<li><b><\/b><strong><b>Besondere Konfigurationen:<\/b><\/strong><\/li>\n<li>Explosionsgesch\u00fctzt (ATEX Zone 1)<\/li>\n<li>CNC-Synchronisation f\u00fcr Roboterschwei\u00dfen<\/li>\n<li>Wassergek\u00fchlte Tische f\u00fcr Hochtemperaturanwendungen<\/li>\n<\/ul>\n<p><img decoding=\"async\" src=\"https:\/\/www.weldmc.com\/wp-content\/uploads\/2025\/05\/Fixed-Height-Positioner_1.jpg\" alt=\"Feste H\u00f6he Positionierer_1\" \/><\/p>\n<p class=\"ds-markdown-paragraph\"><strong>Industrieanwendungen<\/strong><br \/>\nDas 2-Tonnen-Schwei\u00dfpositionierger\u00e4t ABK von WUXI mit fester H\u00f6he wurde f\u00fcr die Pr\u00e4zisionsfertigung in verschiedenen Industriezweigen entwickelt. Im Schwermaschinenbau zeichnet sich dieses Schwei\u00dfpositionierger\u00e4t durch seine au\u00dfergew\u00f6hnliche Stabilit\u00e4t bei der Handhabung von Baggerauslegern und Kransegmenten aus. Im Energiesektor wird dieses Schwei\u00dfger\u00e4t f\u00fcr die Montage von Windturbinenflanschen und die Herstellung von Druckbeh\u00e4ltern eingesetzt, w\u00e4hrend es im Transportwesen zum Schwei\u00dfen von Schienenfahrwerken und zur Positionierung von Schiffskomponenten verwendet wird.<\/p>\n<p class=\"ds-markdown-paragraph\"><strong>Erweiterte Bewegungssteuerung<\/strong><br \/>\nUnser Schwei\u00dfpositionierer verf\u00fcgt \u00fcber ein leistungsstarkes Frequenzumwandlungs-Antriebssystem, das eine stufenlose Geschwindigkeitseinstellung von 0,1 bis 2 U\/min erm\u00f6glicht. Diese innovative Technologie zur Geschwindigkeitsregelung macht Getriebeschaltungen \u00fcberfl\u00fcssig und sorgt gleichzeitig f\u00fcr eine pr\u00e4zise Rotation und eine gleichbleibende Schwei\u00dfqualit\u00e4t. Das wartungsarme Design des Systems reduziert die Betriebskosten im Vergleich zu herk\u00f6mmlichen Schwei\u00dfpositionierern erheblich.<\/p>\n<p class=\"ds-markdown-paragraph\"><strong>Pr\u00e4ziser Kippmechanismus<\/strong><\/p>\n<ul>\n<li>\n<p class=\"ds-markdown-paragraph\">Das doppelte Halbkreisgetriebe gew\u00e4hrleistet eine pr\u00e4zise Kraft\u00fcbertragung<\/p>\n<\/li>\n<li>\n<p class=\"ds-markdown-paragraph\">Das Schneckengetriebe sorgt f\u00fcr eine stabile Neigung im Bereich von 0-135\u00b0.<\/p>\n<\/li>\n<li>\n<p class=\"ds-markdown-paragraph\">&lt;0,5\u00b0 Neigungspositioniergenauigkeit f\u00fcr komplexe Schwei\u00dfwinkel<\/p>\n<\/li>\n<\/ul>\n<p class=\"ds-markdown-paragraph\"><strong>Integriertes elektrisches System<\/strong><br \/>\nDie Schwei\u00dfausr\u00fcstung verf\u00fcgt \u00fcber eine elektrische Drehschnittstelle, die den Schwingsatz direkt mit dem Arbeitstisch verbindet. Dieses Stromleitungssystem \u00fcbertr\u00e4gt den Strom \u00fcber eine leitende Welle, wodurch ein Verdrehen des Kabels w\u00e4hrend der Drehung vollst\u00e4ndig vermieden wird - ein entscheidendes Merkmal f\u00fcr automatisierte Schwei\u00dfanwendungen.<\/p>\n<p class=\"ds-markdown-paragraph\"><strong>Robuste Konstruktion<\/strong><br \/>\nDer Stellungsregler ist auf Langlebigkeit ausgelegt und verf\u00fcgt \u00fcber folgende Merkmale:<br \/>\n\u2713 Kastenf\u00f6rmiger Sockel aus spannungsarmem Stahl Q235-A<br \/>\n\u2713 Pr\u00e4zise bearbeitete Oberfl\u00e4chen zur Erhaltung der Ma\u00dfhaltigkeit<br \/>\n\u2713 2-Tonnen-Tragf\u00e4higkeit mit 50% Sicherheitsabstand<br \/>\n\u2713 Komponenten mit Schutzart IP54 f\u00fcr raue Umgebungen<\/p>\n<p class=\"ds-markdown-paragraph\"><strong>Technische Daten<\/strong><\/p>\n<ul>\n<li>\n<p class=\"ds-markdown-paragraph\"><strong>Tragf\u00e4higkeit<\/strong>: 2000kg<\/p>\n<\/li>\n<li>\n<p class=\"ds-markdown-paragraph\"><strong>Neigungsbereich<\/strong>: 0-135\u00b0<\/p>\n<\/li>\n<li>\n<p class=\"ds-markdown-paragraph\"><strong>Rotationsgeschwindigkeit<\/strong>: 0,1-2 RPM (stufenlos)<\/p>\n<\/li>\n<li>\n<p class=\"ds-markdown-paragraph\"><strong>Positionierungsgenauigkeit<\/strong>: \u00b10.5\u00b0<\/p>\n<\/li>\n<li>\n<p class=\"ds-markdown-paragraph\"><strong>Stromversorgung<\/strong>: 380V\/50Hz<\/p>\n<\/li>\n<li>\n<p class=\"ds-markdown-paragraph\"><strong>Schutzklasse<\/strong>: IP54<\/p>\n<\/li>\n<\/ul>\n<p><strong><b>Technische Parameter des Schwei\u00dfpositionierers der Serie HBJ:<\/b><\/strong><\/p>\n<table>\n<tbody>\n<tr>\n<td colspan=\"2\" width=\"229\">Modell<\/td>\n<td width=\"63\">HBJ-01<\/td>\n<td width=\"64\">HBJ-03<\/td>\n<td width=\"68\">HBJ-06<\/td>\n<td width=\"68\">HJB-12<\/td>\n<td width=\"68\">HBJ-30<\/td>\n<td width=\"68\">HBJ-50<\/td>\n<td width=\"72\">HBJ-100<\/td>\n<\/tr>\n<tr>\n<td colspan=\"2\" width=\"229\">Nenntragf\u00e4higkeit (kg)<\/td>\n<td width=\"63\">100<\/td>\n<td width=\"64\">300<\/td>\n<td width=\"68\">600<\/td>\n<td width=\"68\">1200<\/td>\n<td width=\"68\">3000<\/td>\n<td width=\"68\">5000<\/td>\n<td width=\"72\">10000<\/td>\n<\/tr>\n<tr>\n<td colspan=\"2\" width=\"229\">Drehgeschwindigkeit (U\/min)<\/td>\n<td width=\"63\">0.4-4<\/td>\n<td width=\"64\">0.1-1<\/td>\n<td width=\"68\">0.09-0.9<\/td>\n<td width=\"68\">0.05-0.5<\/td>\n<td width=\"68\">0.05-0.5<\/td>\n<td width=\"68\">0.05-0.5<\/td>\n<td width=\"72\">0.05-0.2<\/td>\n<\/tr>\n<tr>\n<td colspan=\"2\" width=\"229\">\u00dcberdrehzahl (U\/min)<\/td>\n<td colspan=\"2\" width=\"128\">Griff<\/td>\n<td width=\"68\">1.1<\/td>\n<td width=\"68\">0.67<\/td>\n<td width=\"68\">0.23<\/td>\n<td width=\"68\">0.14<\/td>\n<td width=\"72\">0.14<\/td>\n<\/tr>\n<tr>\n<td colspan=\"2\" width=\"229\">Durchmesser des Arbeitstisches (mm)<\/td>\n<td width=\"63\">\uffe0400<\/td>\n<td width=\"64\">\uffe0600<\/td>\n<td width=\"68\">\uffe01000<\/td>\n<td width=\"68\">\uffe01200<\/td>\n<td width=\"68\">\uffe01400<\/td>\n<td width=\"68\">\uffe01500<\/td>\n<td width=\"72\">\uffe02000<\/td>\n<\/tr>\n<tr>\n<td colspan=\"2\" width=\"229\">Wendewinkel (\u00b0)<\/td>\n<td width=\"63\">0-120<\/td>\n<td width=\"64\">0-90<\/td>\n<td width=\"68\">0-90<\/td>\n<td width=\"68\">0-120<\/td>\n<td colspan=\"3\" width=\"210\"><\/td>\n<\/tr>\n<tr>\n<td rowspan=\"2\" width=\"136\">Motorleistung (KW)<\/td>\n<td width=\"93\">Wenden<\/td>\n<td width=\"63\">0.06<\/td>\n<td width=\"64\">0.37<\/td>\n<td width=\"68\">0.75<\/td>\n<td width=\"68\">1.1<\/td>\n<td width=\"68\">1.5<\/td>\n<td width=\"68\">3<\/td>\n<td width=\"72\">5.5<\/td>\n<\/tr>\n<tr>\n<td width=\"93\">Umkehrung<\/td>\n<td width=\"63\"><\/td>\n<td width=\"64\"><\/td>\n<td width=\"68\">0.75<\/td>\n<td width=\"68\">2.2<\/td>\n<td width=\"68\">1.5<\/td>\n<td width=\"68\">3<\/td>\n<td width=\"72\">5.5<\/td>\n<\/tr>\n<tr>\n<td colspan=\"2\" width=\"229\">Drehzahlregelung Typ<\/td>\n<td colspan=\"7\" width=\"477\">Stufenlose Frequenzumwandlung<\/td>\n<\/tr>\n<tr>\n<td colspan=\"2\" width=\"229\">Max. Schwerkraftabstand (mm)<\/td>\n<td width=\"63\">100<\/td>\n<td width=\"64\">100<\/td>\n<td width=\"68\">100<\/td>\n<td width=\"68\">150<\/td>\n<td width=\"68\">200<\/td>\n<td width=\"68\">300<\/td>\n<td width=\"72\">400<\/td>\n<\/tr>\n<tr>\n<td colspan=\"2\" width=\"229\">Max. Exzentrizit\u00e4t (mm)<\/td>\n<td width=\"63\">150<\/td>\n<td width=\"64\">150<\/td>\n<td width=\"68\">150<\/td>\n<td width=\"68\">200<\/td>\n<td width=\"68\">200<\/td>\n<td width=\"68\">300<\/td>\n<td width=\"72\">400<\/td>\n<\/tr>\n<tr>\n<td colspan=\"2\" width=\"229\">Max. Drehdurchmesser bei 90\u00b0 \u00dcberschlag (mm)<\/td>\n<td width=\"63\">\uffe0600<\/td>\n<td width=\"64\">\uffe0800<\/td>\n<td width=\"68\">\uffe01500<\/td>\n<td width=\"68\">\uffe02050<\/td>\n<td width=\"68\">\uffe02100<\/td>\n<td width=\"68\">\uffe02500<\/td>\n<td width=\"72\">\uffe03240<\/td>\n<\/tr>\n<\/tbody>\n<\/table>\n<p>1. Gro\u00dfw\u00e4lzlager<\/p>\n<p><img decoding=\"async\" src=\"https:\/\/www.weldmc.com\/wp-content\/uploads\/2025\/05\/Slewing-bearing.png\" alt=\"Gro\u00dfw\u00e4lzlager\" \/><\/p>\n<p>Das Gro\u00dfw\u00e4lzlager ist ein wichtiges lasttragendes Bauteil, das die relative Drehung zwischen Maschinenteilen erm\u00f6glicht und gleichzeitig Axial-, Radial- und Kippmomentkr\u00e4fte aufnimmt. Seine kompakte und leichte Konstruktion aus hochfestem legiertem Stahl gew\u00e4hrleistet einen reibungslosen Betrieb mit hoher Pr\u00e4zision (\u00b10,05\u00b0 Drehgenauigkeit) und langer Lebensdauer. Zu den wichtigsten Konfigurationen geh\u00f6ren Befestigungsbohrungen, optionale Innen-\/Au\u00dfenverzahnungen, Schmieranschl\u00fcsse und Dichtungssysteme f\u00fcr erh\u00f6hte Zuverl\u00e4ssigkeit. Mit einem Durchmesserbereich von 300-5000 mm und einer Tragf\u00e4higkeit von bis zu 50.000 kN wird es h\u00e4ufig in Baumaschinen, Windturbinen, Kr\u00e4nen und milit\u00e4rischer Ausr\u00fcstung eingesetzt. F\u00fcr spezielle Anwendungen sind Sonderausf\u00fchrungen erh\u00e4ltlich.<\/p>\n<ol start=\"2\">\n<li>Getriebe<\/li>\n<\/ol>\n<p>1). R\u00fcckw\u00e4rtsgang<\/p>\n<p><img decoding=\"async\" src=\"https:\/\/www.weldmc.com\/wp-content\/uploads\/2025\/05\/Reverse-gear.png\" alt=\"R\u00fcckw\u00e4rtsgang\" \/><\/p>\n<p>Im Allgemeinen betr\u00e4gt der Drehwinkel der Drehvorrichtung 0\u00b0bis 90\u00b0. Die Funktion der Verschiebung wird durch Drehen des Tisches erreicht.<\/p>\n<p>2). R\u00fcckw\u00e4rtsgang<\/p>\n<p><img fetchpriority=\"high\" decoding=\"async\" class=\"\" src=\"https:\/\/www.weldmc.com\/wp-content\/uploads\/2025\/05\/Reverse-gear_1.png\" alt=\"R\u00fcckw\u00e4rtsgang_1\" width=\"351\" height=\"263\" \/> <img decoding=\"async\" class=\"\" src=\"https:\/\/www.weldmc.com\/wp-content\/uploads\/2025\/05\/Reverse-gear_2.png\" alt=\"R\u00fcckw\u00e4rtsgang_2\" width=\"349\" height=\"261\" \/> <img decoding=\"async\" class=\"\" src=\"https:\/\/www.weldmc.com\/wp-content\/uploads\/2025\/05\/Reverse-gear_3.png\" alt=\"R\u00fcckw\u00e4rtsgang_3\" width=\"348\" height=\"261\" \/><\/p>\n<p>Zahnr\u00e4der sind verzahnte mechanische Komponenten, die durch das Ineinandergreifen mit anderen Getriebeelementen wie Zahnstangen, Schnecken oder zus\u00e4tzlichen Zahnr\u00e4dern ein Drehmoment \u00fcbertragen. Sie erm\u00f6glichen eine pr\u00e4zise Steuerung der Kraft\u00fcbertragung durch \u00c4nderung des Drehzahl-\/Drehmomentverh\u00e4ltnisses, Umlenkung von Bewegungswegen und Umwandlung von Bewegungsarten (z. B. rotierend in linear). Ihre ineinander greifende Verzahnung sorgt f\u00fcr eine zuverl\u00e4ssige Kraft\u00fcbertragung und erm\u00f6glicht gleichzeitig einen anpassbaren mechanischen Vorteil in verschiedenen industriellen Anwendungen.<\/p>\n<p>3. die Reduktion<\/p>\n<p><img decoding=\"async\" src=\"https:\/\/www.weldmc.com\/wp-content\/uploads\/2025\/05\/Reducer-1.png\" alt=\"Reduzierst\u00fcck\" \/><\/p>\n<p>Untersetzungsgetriebe sind mechanische Kraft\u00fcbertragungsvorrichtungen, die mit Hilfe von Pr\u00e4zisionsgetrieben die Eingangsdrehzahl reduzieren und gleichzeitig das Ausgangsdrehmoment proportional erh\u00f6hen, wobei das Ausgangsdrehmoment das Produkt aus Motordrehmoment und Getriebe\u00fcbersetzung ist (ohne die Nennkapazit\u00e4t des Getriebes zu \u00fcberschreiten). Diese Systeme verringern gleichzeitig das Tr\u00e4gheitsmoment der Last um das Quadrat des Untersetzungsverh\u00e4ltnisses und erm\u00f6glichen eine optimierte Leistungsumwandlung f\u00fcr verschiedene industrielle Anwendungen durch einen effizienten Getriebeeingriff.<\/p>\n<p><img decoding=\"async\" src=\"https:\/\/www.weldmc.com\/wp-content\/uploads\/2025\/05\/Motor_2.png\" alt=\"Motor_2\" \/> <img decoding=\"async\" src=\"https:\/\/www.weldmc.com\/wp-content\/uploads\/2025\/05\/Motor_1.png\" alt=\"Motor_1\" \/><\/p>\n<p class=\"ds-markdown-paragraph\"><strong>Umfassendes Wartungsprotokoll<\/strong><br \/>\nUm eine optimale Leistung Ihres\u00a0<strong>Schwei\u00dfpositionierer mit fester H\u00f6he<\/strong>empfehlen wir einen dreistufigen Wartungsansatz:<\/p>\n<ol start=\"1\">\n<li>\n<p class=\"ds-markdown-paragraph\"><strong>T\u00e4gliche Pflege<\/strong><\/p>\n<ul>\n<li>\n<p class=\"ds-markdown-paragraph\">Entfernen Sie Schwei\u00dfspritzer mit unserem\u00a0<strong>ABK-Werkzeuge zur Schlackenentfernung<\/strong><\/p>\n<\/li>\n<li>\n<p class=\"ds-markdown-paragraph\">\u00dcberpr\u00fcfen Sie den Schmiermittelstand im\u00a0<strong>Drehtisch-Getriebe<\/strong><\/p>\n<\/li>\n<li>\n<p class=\"ds-markdown-paragraph\">Durchf\u00fchrung einer Sichtpr\u00fcfung von\u00a0<strong>elektrische Komponenten des Stellungsreglers<\/strong><\/p>\n<\/li>\n<\/ul>\n<\/li>\n<li>\n<p class=\"ds-markdown-paragraph\"><strong>Planm\u00e4\u00dfige Instandhaltung<\/strong><\/p>\n<ul>\n<li>\n<p class=\"ds-markdown-paragraph\">Monatliche Drehmomentpr\u00fcfungen an\u00a0<strong>Sockelmontagebolzen<\/strong>\u00a0(85-95 Nm)<\/p>\n<\/li>\n<li>\n<p class=\"ds-markdown-paragraph\">Viertelj\u00e4hrliche Bewertung der\u00a0<strong>Schneckenradgetriebe<\/strong>\u00a0Verschlei\u00dfmuster<\/p>\n<\/li>\n<li>\n<p class=\"ds-markdown-paragraph\">Halbj\u00e4hrliche Pr\u00fcfung von\u00a0<strong>Not-Aus-Funktionen<\/strong>\u00a0und Sicherheitsverriegelungen<\/p>\n<\/li>\n<\/ul>\n<\/li>\n<li>\n<p class=\"ds-markdown-paragraph\"><strong>J\u00e4hrliche \u00dcberholung<\/strong><\/p>\n<ul>\n<li>\n<p class=\"ds-markdown-paragraph\">Ersetzen Sie\u00a0<strong>verschlei\u00dffeste Gleitschuhe<\/strong>\u00a0und\u00a0<strong>Drehlager<\/strong><\/p>\n<\/li>\n<li>\n<p class=\"ds-markdown-paragraph\">Vollst\u00e4ndig\u00a0<strong>Positionierungskalibrierung<\/strong>\u00a0Verwendung von Laserausrichtungsger\u00e4ten<\/p>\n<\/li>\n<li>\n<p class=\"ds-markdown-paragraph\"><strong>Austausch von Schmierfett<\/strong>\u00a0f\u00fcr alle beweglichen Komponenten<\/p>\n<\/li>\n<\/ul>\n<\/li>\n<\/ol>\n<p class=\"ds-markdown-paragraph\"><strong>Leistungsvorteile<\/strong><br \/>\nDie ordnungsgem\u00e4\u00dfe Wartung dieser\u00a0<strong>2-Tonnen-Schwei\u00dfdrehtisch<\/strong>\u00a0liefert:<br \/>\n\u2713\u00a0<strong>30% verl\u00e4ngerte Nutzungsdauer<\/strong>\u00a0im Vergleich zu Standardmodellen<br \/>\n\u2713\u00a0<strong>&lt;0,1 mm beibehaltene Positioniergenauigkeit<\/strong>\u00a0f\u00fcr Pr\u00e4zisionsschwei\u00dfen<br \/>\n\u2713\u00a0<strong>90% Reduzierung der ungeplanten Ausfallzeiten<\/strong>\u00a0durch pr\u00e4ventive Pflege<\/p>\n<p class=\"ds-markdown-paragraph\"><strong>Technische Zertifizierung und Innovation<\/strong><br \/>\nUnser\u00a0<strong>Positionierer mit fester H\u00f6he<\/strong>\u00a0treffen:<\/p>\n<ul>\n<li>\n<p class=\"ds-markdown-paragraph\">CE-Maschinenrichtlinie 2006\/42\/EG<\/p>\n<\/li>\n<li>\n<p class=\"ds-markdown-paragraph\">ISO 9001:2015 Qualit\u00e4tsstandards<\/p>\n<\/li>\n<li>\n<p class=\"ds-markdown-paragraph\">Schutzart IP54 f\u00fcr industrielle Umgebungen<\/p>\n<\/li>\n<\/ul>\n<p class=\"ds-markdown-paragraph\">Mit\u00a0<strong>automatisierte Schwei\u00dfpositionierertechnik<\/strong>umfasst dieses System:<br \/>\n-\u00a0<strong>Vorgeschliffene Zahnrads\u00e4tze<\/strong>\u00a0f\u00fcr vibrationsfreies Drehen<br \/>\n-\u00a0<strong>Integrierte Schleifringe<\/strong>\u00a0f\u00fcr kontinuierliche Leistungs-\/Signal\u00fcbertragung<br \/>\n-\u00a0<strong>Vorgespannte Schr\u00e4gkugellager<\/strong>\u00a0Unterst\u00fctzung von mehr als 20.000 Betriebszyklen<\/p>\n<p><img decoding=\"async\" src=\"https:\/\/www.weldmc.com\/wp-content\/uploads\/2025\/05\/Product-certification.png\" alt=\"Produktzertifizierung\" \/><br \/>\nWuxi ABK Machinery Co.Ltd ist ein professioneller Hersteller von Schwei\u00dfrotatoren in China. Und unser Schwei\u00dfrotator umfasst haupts\u00e4chlich Standard-Schwei\u00dfrotator, einstellbarer Schwei\u00dfrotator und spezieller Schwei\u00dfrotator. Wir k\u00f6nnen unseren Kunden auf der ganzen Welt auch viele andere Produkte anbieten, einschlie\u00dflich Schwei\u00dfdrehtisch, Pfahlschwei\u00dfmaschine, Windturm-Produktionslinie, H-Tr\u00e4ger-Schwei\u00dflinie, Rohrschwei\u00dfausr\u00fcstung, CNC-Schneidemaschine, Schleifmaschine, Walzprofiliermaschine, Blechbiegemaschine, etc. Wir haben die ISO- und CE-Zertifizierung erhalten und bieten auch OEM-Service an.<\/p>","protected":false},"excerpt":{"rendered":"<p>WUXI ABK pr\u00e4sentiert sein professionelles 2-Tonnen-Schwei\u00dfpositionierger\u00e4t mit fester H\u00f6he, das f\u00fcr die Pr\u00e4zisionsfertigung kleiner bis mittlerer Teile entwickelt wurde. Mit seiner robusten Konstruktion und der reibungslosen Rotation bietet dieses Positionierger\u00e4t zuverl\u00e4ssige Leistung f\u00fcr Anwendungen in Werkst\u00e4tten und Produktionslinien. Unser Positionierer entspricht den bekannten Qualit\u00e4tsstandards von WUXI ABK mit langlebigen Komponenten und CE-Zertifizierung.<\/p>","protected":false},"featured_media":2162,"comment_status":"open","ping_status":"closed","template":"","meta":{"_acf_changed":false},"product_brand":[],"product_cat":[21,35,29],"product_tag":[],"class_list":{"0":"post-946","1":"product","2":"type-product","3":"status-publish","4":"has-post-thumbnail","6":"product_cat-welding-automation","7":"product_cat-fixed-height-positioner","8":"product_cat-welding-positioner","10":"first","11":"instock","12":"shipping-taxable","13":"product-type-simple"},"acf":[],"_links":{"self":[{"href":"https:\/\/www.weldmc.com\/de\/wp-json\/wp\/v2\/product\/946","targetHints":{"allow":["GET"]}}],"collection":[{"href":"https:\/\/www.weldmc.com\/de\/wp-json\/wp\/v2\/product"}],"about":[{"href":"https:\/\/www.weldmc.com\/de\/wp-json\/wp\/v2\/types\/product"}],"replies":[{"embeddable":true,"href":"https:\/\/www.weldmc.com\/de\/wp-json\/wp\/v2\/comments?post=946"}],"wp:featuredmedia":[{"embeddable":true,"href":"https:\/\/www.weldmc.com\/de\/wp-json\/wp\/v2\/media\/2162"}],"wp:attachment":[{"href":"https:\/\/www.weldmc.com\/de\/wp-json\/wp\/v2\/media?parent=946"}],"wp:term":[{"taxonomy":"product_brand","embeddable":true,"href":"https:\/\/www.weldmc.com\/de\/wp-json\/wp\/v2\/product_brand?post=946"},{"taxonomy":"product_cat","embeddable":true,"href":"https:\/\/www.weldmc.com\/de\/wp-json\/wp\/v2\/product_cat?post=946"},{"taxonomy":"product_tag","embeddable":true,"href":"https:\/\/www.weldmc.com\/de\/wp-json\/wp\/v2\/product_tag?post=946"}],"curies":[{"name":"wp","href":"https:\/\/api.w.org\/{rel}","templated":true}]}}