{"id":926,"date":"2025-05-24T21:39:32","date_gmt":"2025-05-24T13:39:32","guid":{"rendered":"http:\/\/111.170.148.214:8095\/?post_type=product&#038;p=926"},"modified":"2025-09-12T13:57:20","modified_gmt":"2025-09-12T05:57:20","slug":"wpt-serie-selbstzentrierendes-schweisfutter","status":"publish","type":"product","link":"https:\/\/www.weldmc.com\/de\/product\/wpt-serie-selbstzentrierendes-schweisfutter\/","title":{"rendered":"Selbstzentrierendes Schwei\u00dffutter der Serie WPT"},"content":{"rendered":"<h4>Selbstzentrierendes Schwei\u00dffutter der Serie WPT<\/h4>\n<p><img decoding=\"async\" src=\"https:\/\/www.weldmc.com\/wp-content\/uploads\/2025\/05\/WPT-series_1.png\" alt=\"WPT Reihe_1\" \/><\/p>\n<p class=\"ds-markdown-paragraph\"><strong>Produkt-Einf\u00fchrung: Selbstzentrierendes Schwei\u00dffutter der Serie WPT von WUXI ABK<\/strong><\/p>\n<p class=\"ds-markdown-paragraph\">Die\u00a0<strong>Selbstzentrierendes Schwei\u00dffutter der Serie WPT<\/strong>\u00a0ist eine Hochleistungs-Spannl\u00f6sung, die f\u00fcr Pr\u00e4zisionsschwei\u00df- und Schneidanwendungen entwickelt wurde. Hergestellt von\u00a0<strong>WUXI ABK<\/strong>Ein bew\u00e4hrter Name im Bereich der Industrieausr\u00fcstung. Diese Spannfutter-Serie gew\u00e4hrleistet au\u00dfergew\u00f6hnliche Stabilit\u00e4t, Genauigkeit und Haltbarkeit in anspruchsvollen Produktionsumgebungen.<\/p>\n<h3><strong>Hauptmerkmale des selbstzentrierenden Schwei\u00dffutters der Serie WPT<\/strong><\/h3>\n<ol start=\"1\">\n<li>\n<p class=\"ds-markdown-paragraph\"><strong>Hohe Tragf\u00e4higkeit<\/strong>\u00a0- Die\u00a0<strong>WPT-Schwei\u00dffutter<\/strong>\u00a0wurde entwickelt, um schwere Werkst\u00fccke mit Leichtigkeit zu handhaben und bietet eine robuste Spannkraft ohne Verformung.<\/p>\n<\/li>\n<li>\n<p class=\"ds-markdown-paragraph\"><strong>Pr\u00e4zise Selbstzentrierung<\/strong>\u00a0- Gew\u00e4hrleistet die automatische Ausrichtung von Werkst\u00fccken, reduziert die R\u00fcstzeit und verbessert die Schwei\u00df- und Schneidgenauigkeit.<\/p>\n<\/li>\n<li>\n<p class=\"ds-markdown-paragraph\"><strong>Reibungsloser Betrieb<\/strong>\u00a0- Entwickelt f\u00fcr nahtloses Klemmen und L\u00f6sen, um ein Verklemmen selbst bei Anwendungen mit hoher Taktzahl zu verhindern.<\/p>\n<\/li>\n<li>\n<p class=\"ds-markdown-paragraph\"><strong>Robuste und langlebige Konstruktion<\/strong>\u00a0- Hergestellt aus hochwertigen Materialien, die intensiver Schwei\u00dfhitze und mechanischer Belastung standhalten.<\/p>\n<\/li>\n<li>\n<p class=\"ds-markdown-paragraph\"><strong>Vielseitige Kompatibilit\u00e4t<\/strong>\u00a0- Anpassungsf\u00e4hig an verschiedene\u00a0<strong>Schwei\u00dfpositionierer, Drehtische und automatische Schneidsysteme<\/strong>.<\/p>\n<\/li>\n<\/ol>\n<h3><strong>Branchen\u00fcbergreifende Anwendungen<\/strong><\/h3>\n<p class=\"ds-markdown-paragraph\">Die\u00a0<strong>Futter der Serie WPT<\/strong>\u00a0wird in vielen Branchen eingesetzt, in denen eine pr\u00e4zise Werkst\u00fcckfixierung erforderlich ist, z. B:<\/p>\n<ul>\n<li>\n<p class=\"ds-markdown-paragraph\"><strong>Automobilherstellung<\/strong>\u00a0- Zum Schwei\u00dfen von Fahrwerkskomponenten und Auspuffanlagen.<\/p>\n<\/li>\n<li>\n<p class=\"ds-markdown-paragraph\"><strong>Schwermaschinenbau<\/strong>\u00a0- Spannen von gro\u00dfen Bauteilen w\u00e4hrend der Fertigung.<\/p>\n<\/li>\n<li>\n<p class=\"ds-markdown-paragraph\"><strong>Luft- und Raumfahrt &amp; Schiffbau<\/strong>\u00a0- Gew\u00e4hrleistung einer hochpr\u00e4zisen Ausrichtung bei kritischen Schwei\u00dfvorg\u00e4ngen.<\/p>\n<\/li>\n<li>\n<p class=\"ds-markdown-paragraph\"><strong>Allgemeine Metallverarbeitung<\/strong>\u00a0- Ideal f\u00fcr Roboterschwei\u00dfzellen und CNC-Schneidanlagen.<\/p>\n<\/li>\n<\/ul>\n<h3><strong>Warum sollten Sie sich f\u00fcr die WPT-Serie von WUXI ABK entscheiden?<\/strong><\/h3>\n<p class=\"ds-markdown-paragraph\">Durch die Integration der\u00a0<strong>Selbstzentrierendes Schwei\u00dffutter WPT<\/strong>\u00a0in Ihre Produktionslinie integrieren, profitieren Sie davon:<\/p>\n<ul>\n<li>\n<p class=\"ds-markdown-paragraph\"><strong>Gesteigerte Effizienz<\/strong>\u00a0- Schnelleres Spannen reduziert die Stillstandszeiten und erh\u00f6ht den Durchsatz.<\/p>\n<\/li>\n<li>\n<p class=\"ds-markdown-paragraph\"><strong>Hervorragende Schwei\u00dfnahtqualit\u00e4t<\/strong>\u00a0- Minimiert Ausrichtungsfehler und gew\u00e4hrleistet gleichm\u00e4\u00dfige Schwei\u00dfn\u00e4hte.<\/p>\n<\/li>\n<li>\n<p class=\"ds-markdown-paragraph\"><strong>Lange Lebensdauer<\/strong>\u00a0- Die robuste Konstruktion reduziert Verschlei\u00df und Wartungskosten.<\/p>\n<\/li>\n<\/ul>\n<p class=\"ds-markdown-paragraph\">F\u00fcr Branchen, die ein zuverl\u00e4ssiges, leistungsstarkes\u00a0<strong>Schwei\u00dffuttersystem<\/strong>die\u00a0<strong>WPT-Serie von WUXI ABK<\/strong>\u00a0bietet un\u00fcbertroffene Pr\u00e4zision und Produktivit\u00e4t. Ob verwendet in\u00a0<strong>automatisierte Schwei\u00dfsysteme oder Handarbeitspl\u00e4tze<\/strong>Mit diesem Futter werden sowohl die Leistung als auch die Effizienz des Arbeitsablaufs verbessert.<\/p>\n<table>\n<tbody>\n<tr>\n<td colspan=\"12\" width=\"860\">Parameter der Anschlussgr\u00f6\u00dfe (Auswahlreferenz, die tats\u00e4chliche Gr\u00f6\u00dfe h\u00e4ngt von der Bestellzeichnung ab)<\/td>\n<\/tr>\n<tr>\n<td width=\"120\">Spezifikationen<\/td>\n<td width=\"110\">D1(H7)<\/td>\n<td colspan=\"2\" width=\"101\">D2<\/td>\n<td width=\"65\">H1<\/td>\n<td width=\"62\">H<\/td>\n<td colspan=\"2\" width=\"62\">L2<\/td>\n<td width=\"64\">L1<\/td>\n<td colspan=\"2\" width=\"139\">Z-d1<\/td>\n<td width=\"135\">Z-d<\/td>\n<\/tr>\n<tr>\n<td width=\"120\">WPT600<\/td>\n<td width=\"110\">\u0424205*10<\/td>\n<td colspan=\"2\" width=\"101\">\u0424275<\/td>\n<td width=\"65\">175<\/td>\n<td width=\"62\">260<\/td>\n<td colspan=\"2\" width=\"62\">345<\/td>\n<td width=\"64\">60<\/td>\n<td colspan=\"2\" width=\"139\">6-M12\u00d7150<\/td>\n<td width=\"135\"><\/td>\n<\/tr>\n<tr>\n<td width=\"120\">WPT1000<\/td>\n<td width=\"110\">\u0424254*10<\/td>\n<td colspan=\"2\" width=\"101\">\u0424350<\/td>\n<td width=\"65\">175<\/td>\n<td width=\"62\">260<\/td>\n<td colspan=\"2\" width=\"62\">558<\/td>\n<td width=\"64\">80<\/td>\n<td colspan=\"2\" width=\"139\">6-M16\u00d7150<\/td>\n<td width=\"135\">6-M16\u00d750<\/td>\n<\/tr>\n<tr>\n<td width=\"120\">WPT1200<\/td>\n<td width=\"110\">\u0424254*10<\/td>\n<td colspan=\"2\" width=\"101\">\u0424350<\/td>\n<td width=\"65\">175<\/td>\n<td width=\"62\">260<\/td>\n<td colspan=\"2\" width=\"62\">658<\/td>\n<td width=\"64\">80<\/td>\n<td colspan=\"2\" width=\"139\">6-M16\u00d7150<\/td>\n<td width=\"135\">6-M16\u00d750<\/td>\n<\/tr>\n<tr>\n<td width=\"120\">WPT1500<\/td>\n<td width=\"110\">\u0424405*10<\/td>\n<td colspan=\"2\" width=\"101\">\u0424515<\/td>\n<td width=\"65\">230<\/td>\n<td width=\"62\">350<\/td>\n<td colspan=\"2\" width=\"62\">800<\/td>\n<td width=\"64\">120<\/td>\n<td colspan=\"2\" width=\"139\">6-M20\u00d7200<\/td>\n<td width=\"135\">6-M20\u00d760<\/td>\n<\/tr>\n<tr>\n<td width=\"120\">WPT1600<\/td>\n<td width=\"110\">\u0424405*10<\/td>\n<td colspan=\"2\" width=\"101\">\u0424515<\/td>\n<td width=\"65\">230<\/td>\n<td width=\"62\">350<\/td>\n<td colspan=\"2\" width=\"62\">850<\/td>\n<td width=\"64\">120<\/td>\n<td colspan=\"2\" width=\"139\">6-M20\u00d7200<\/td>\n<td width=\"135\">6-M20\u00d760<\/td>\n<\/tr>\n<tr>\n<td width=\"120\">WPT1800<\/td>\n<td width=\"110\">\u0424405*10<\/td>\n<td colspan=\"2\" width=\"101\">\u0424515<\/td>\n<td width=\"65\">230<\/td>\n<td width=\"62\">350<\/td>\n<td colspan=\"2\" width=\"62\">900<\/td>\n<td width=\"64\">120<\/td>\n<td colspan=\"2\" width=\"139\">6-M20\u00d7200<\/td>\n<td width=\"135\">6-M20\u00d760<\/td>\n<\/tr>\n<tr>\n<td width=\"120\">WPT2000<\/td>\n<td width=\"110\">\u0424505*10<\/td>\n<td colspan=\"2\" width=\"101\">\u0424625<\/td>\n<td width=\"65\">230<\/td>\n<td width=\"62\">350<\/td>\n<td colspan=\"2\" width=\"62\">900<\/td>\n<td width=\"64\">120<\/td>\n<td colspan=\"2\" width=\"139\">6-M20\u00d7200<\/td>\n<td width=\"135\">6-M20\u00d760<\/td>\n<\/tr>\n<tr>\n<td colspan=\"12\" width=\"860\">Leistungsparameter<\/td>\n<\/tr>\n<tr>\n<td width=\"120\">Spezifikationen<\/td>\n<td colspan=\"2\" width=\"129\">Maximales Eingangsdrehmoment<\/td>\n<td colspan=\"2\" width=\"147\">Maximale Spannkraft<\/td>\n<td colspan=\"2\" width=\"109\">Tragf\u00e4higkeit<\/td>\n<td colspan=\"3\" width=\"141\">Spannbereich<\/td>\n<td colspan=\"2\" width=\"212\">Bemerkung<\/td>\n<\/tr>\n<tr>\n<td width=\"120\">WPT600<\/td>\n<td colspan=\"2\" width=\"129\">250Nm<\/td>\n<td colspan=\"2\" width=\"147\">35KN<\/td>\n<td colspan=\"2\" width=\"109\">1000kg<\/td>\n<td colspan=\"3\" width=\"141\">\u0424100-600<\/td>\n<td colspan=\"2\" rowspan=\"7\" width=\"212\">Der Sicherheitsfaktor des Spannfutters f\u00fcr das Werkst\u00fcckgewicht und die Spannkraft betr\u00e4gt 0,1-0,2 und wird verwendet.<\/p>\n<p>Der Sicherheitsfaktor sollte vollst\u00e4ndig ber\u00fccksichtigt werden, um Gefahren zu vermeiden. Bei der Verwendung im Falle eines Umkippens wird die Klemmtragf\u00e4higkeit durch die Ver\u00e4nderung des Schwerpunktsabstands geschw\u00e4cht.<\/td>\n<\/tr>\n<tr>\n<td width=\"120\">WPT1000<\/td>\n<td colspan=\"2\" width=\"129\">300Nm<\/td>\n<td colspan=\"2\" width=\"147\">45KN<\/td>\n<td colspan=\"2\" width=\"109\">1500kg<\/td>\n<td colspan=\"3\" width=\"141\">\u0424200-600<\/td>\n<\/tr>\n<tr>\n<td width=\"120\">WPT1200<\/td>\n<td colspan=\"2\" width=\"129\">300Nm<\/td>\n<td colspan=\"2\" width=\"147\">45KN<\/td>\n<td colspan=\"2\" width=\"109\">1500kg<\/td>\n<td colspan=\"3\" width=\"141\">\u0424200-1200<\/td>\n<\/tr>\n<tr>\n<td width=\"120\">WPT1500<\/td>\n<td colspan=\"2\" width=\"129\">400Nm<\/td>\n<td colspan=\"2\" width=\"147\">65KN<\/td>\n<td colspan=\"2\" width=\"109\">2000kg<\/td>\n<td colspan=\"3\" width=\"141\">\u0424300-1500<\/td>\n<\/tr>\n<tr>\n<td width=\"120\">WPT1600<\/td>\n<td colspan=\"2\" width=\"129\">500Nm<\/td>\n<td colspan=\"2\" width=\"147\">65KN<\/td>\n<td colspan=\"2\" width=\"109\">2000kg<\/td>\n<td colspan=\"3\" width=\"141\">\u0424300-1600<\/td>\n<\/tr>\n<tr>\n<td width=\"120\">WPT1800<\/td>\n<td colspan=\"2\" width=\"129\">500Nm<\/td>\n<td colspan=\"2\" width=\"147\">65KN<\/td>\n<td colspan=\"2\" width=\"109\">2000kg<\/td>\n<td colspan=\"3\" width=\"141\">\u0424300-1800<\/td>\n<\/tr>\n<tr>\n<td width=\"120\">WPT2000<\/td>\n<td colspan=\"2\" width=\"129\">600Nm<\/td>\n<td colspan=\"2\" width=\"147\">70KN<\/td>\n<td colspan=\"2\" width=\"109\">2000kg<\/td>\n<td colspan=\"3\" width=\"141\">\u0424300-2000<\/td>\n<\/tr>\n<\/tbody>\n<\/table>\n<p>&nbsp;<\/p>\n<p><strong>WPT-Serie Futter mit Positionierer Anwendungsfall Bild<\/strong><\/p>\n<p>&nbsp;<\/p>\n<p><img decoding=\"async\" src=\"https:\/\/www.weldmc.com\/wp-content\/uploads\/2025\/05\/WPT-series_2.png\" alt=\"WPT Reihe_2\" \/> <img decoding=\"async\" src=\"https:\/\/www.weldmc.com\/wp-content\/uploads\/2025\/05\/WPT-series_3.png\" alt=\"WPT-Reihe_3\" \/> <img decoding=\"async\" src=\"https:\/\/www.weldmc.com\/wp-content\/uploads\/2025\/05\/WPT-series_4.png\" alt=\"WPT Reihe_4\" \/><\/p>","protected":false},"excerpt":{"rendered":"<p><strong>WUXI ABK WPT Serie Selbstzentrierendes Schwei\u00dffutter<\/strong>\u00a0bietet Pr\u00e4zisionsspannung f\u00fcr zylindrische Werkst\u00fccke bei automatisierten Schwei\u00dfanwendungen. Dieses hochbelastbare Spannfutter ist mit einer Schnellzentrierungstechnologie (\u00b10,05 mm Genauigkeit) ausgestattet und eignet sich f\u00fcr Durchmesser von 50 bis 800 mm und Lasten bis zu 5 Tonnen. Die Konstruktion aus geh\u00e4rtetem Stahl gew\u00e4hrleistet eine lange Lebensdauer f\u00fcr die Herstellung von Druckbeh\u00e4ltern und Rohrleitungen. CE-zertifiziert mit 24-monatiger Garantie.<\/p>","protected":false},"featured_media":1896,"comment_status":"open","ping_status":"closed","template":"","meta":{"_acf_changed":false},"product_brand":[],"product_cat":[21,34,29],"product_tag":[],"class_list":{"0":"post-926","1":"product","2":"type-product","3":"status-publish","4":"has-post-thumbnail","6":"product_cat-welding-automation","7":"product_cat-chuck","8":"product_cat-welding-positioner","10":"first","11":"instock","12":"shipping-taxable","13":"product-type-simple"},"acf":[],"_links":{"self":[{"href":"https:\/\/www.weldmc.com\/de\/wp-json\/wp\/v2\/product\/926","targetHints":{"allow":["GET"]}}],"collection":[{"href":"https:\/\/www.weldmc.com\/de\/wp-json\/wp\/v2\/product"}],"about":[{"href":"https:\/\/www.weldmc.com\/de\/wp-json\/wp\/v2\/types\/product"}],"replies":[{"embeddable":true,"href":"https:\/\/www.weldmc.com\/de\/wp-json\/wp\/v2\/comments?post=926"}],"wp:featuredmedia":[{"embeddable":true,"href":"https:\/\/www.weldmc.com\/de\/wp-json\/wp\/v2\/media\/1896"}],"wp:attachment":[{"href":"https:\/\/www.weldmc.com\/de\/wp-json\/wp\/v2\/media?parent=926"}],"wp:term":[{"taxonomy":"product_brand","embeddable":true,"href":"https:\/\/www.weldmc.com\/de\/wp-json\/wp\/v2\/product_brand?post=926"},{"taxonomy":"product_cat","embeddable":true,"href":"https:\/\/www.weldmc.com\/de\/wp-json\/wp\/v2\/product_cat?post=926"},{"taxonomy":"product_tag","embeddable":true,"href":"https:\/\/www.weldmc.com\/de\/wp-json\/wp\/v2\/product_tag?post=926"}],"curies":[{"name":"wp","href":"https:\/\/api.w.org\/{rel}","templated":true}]}}